{"id":19047,"date":"2025-06-26T14:31:52","date_gmt":"2025-06-26T11:31:52","guid":{"rendered":"https:\/\/skaitytaknyga.lt\/?post_type=product&#038;p=19047"},"modified":"2025-07-07T09:26:21","modified_gmt":"2025-07-07T06:26:21","slug":"apartamentai-405","status":"publish","type":"product","link":"https:\/\/skaitytaknyga.lt\/en\/produktas\/apartamentai-405\/","title":{"rendered":"Apartamentai 405"},"content":{"rendered":"<p>Milanas \u2013 prabangus, spindintis senas miestas, kuriame tamsios paslaptys gerai saugomos. \u010cia \u012fsik\u016br\u0119s Lambertas \u2013 kilmingas ir s\u0117kmingas verslininkas, link\u0119s \u012f kitus \u017ei\u016br\u0117ti i\u0161 auk\u0161to ir primesti savo taisykles. Jis gedi \u017emonos, kol vien\u0105 dien\u0105 \u012f jo gyvenim\u0105 \u012f\u017eengia Kjara&#8230;<\/p>\n<p>D\u017eovanis ir Bruna gyvena darbinink\u0173 rajone, daugiabu\u010diame su bendrais balkonais, \u010dia nuo kaimyn\u0173 nenusl\u0117psi nieko. J\u0173 pasaulyje sudurti gal\u0105 su galu yra kasdienis u\u017edavinys, o per didel\u0117s svajon\u0117s gali kainuoti viso gyvenimo santaupas.<\/p>\n<p>Lemtingi susitikimai apver\u010dia \u0161i\u0173 \u017emoni\u0173 likimus auk\u0161tyn kojomis. J\u0173 istorijos \u012fk\u016bnija \u0161iuolaikin\u0117s visuomen\u0117s prie\u0161taras ir bendra\u017emogi\u0161k\u0105 teisyb\u0117s bei meil\u0117s tro\u0161kim\u0105.<\/p>\n<p>Bestseleri\u0173 autor\u0117, pasira\u0161anti Svevos Casati Modignani slapyvard\u017eiu, yra viena m\u0117gstamiausi\u0173 \u0161iuolaikini\u0173 ital\u0173 ra\u0161ytoj\u0173. Vis\u0105 gyvenim\u0105 praleido Milane, mieste, kur\u012f be galo myli ir kuris tapo veiksmo vieta daugeliui jos roman\u0173. \u201eApartamentai 405\u201c \u2013 trisde\u0161imt tre\u010dia Svevos knyga.<\/p>\n","protected":false},"excerpt":{"rendered":"<p>Milanas \u2013 prabangus, spindintis senas miestas, kuriame tamsios paslaptys gerai saugomos. \u010cia \u012fsik\u016br\u0119s Lambertas \u2013 kilmingas ir s\u0117kmingas verslininkas, link\u0119s \u012f kitus \u017ei\u016br\u0117ti i\u0161 auk\u0161to ir primesti savo taisykles. Jis gedi \u017emonos, kol vien\u0105 dien\u0105 \u012f jo gyvenim\u0105 \u012f\u017eengia Kjara&#8230; D\u017eovanis ir Bruna gyvena darbinink\u0173 rajone, daugiabu\u010diame su bendrais balkonais, \u010dia nuo kaimyn\u0173 nenusl\u0117psi nieko. J\u0173 pasaulyje sudurti gal\u0105 su galu yra kasdienis u\u017edavinys, o per didel\u0117s svajon\u0117s gali kainuoti viso gyvenimo santaupas. Lemtingi susitikimai apver\u010dia \u0161i\u0173 \u017emoni\u0173 likimus auk\u0161tyn kojomis. J\u0173 istorijos \u012fk\u016bnija \u0161iuolaikin\u0117s visuomen\u0117s prie\u0161taras ir bendra\u017emogi\u0161k\u0105 teisyb\u0117s bei meil\u0117s tro\u0161kim\u0105. Bestseleri\u0173 autor\u0117, pasira\u0161anti Svevos Casati Modignani slapyvard\u017eiu, yra viena m\u0117gstamiausi\u0173 \u0161iuolaikini\u0173 ital\u0173 ra\u0161ytoj\u0173. Vis\u0105 gyvenim\u0105 praleido Milane, mieste, kur\u012f be galo myli ir kuris tapo veiksmo vieta daugeliui jos roman\u0173. \u201eApartamentai 405\u201c \u2013 trisde\u0161imt tre\u010dia Svevos knyga.<\/p>\n","protected":false},"featured_media":19052,"comment_status":"open","ping_status":"closed","template":"","meta":{"_acf_changed":false,"site-sidebar-layout":"default","site-content-layout":"","ast-site-content-layout":"default","site-content-style":"default","site-sidebar-style":"default","ast-global-header-display":"","ast-banner-title-visibility":"","ast-main-header-display":"","ast-hfb-above-header-display":"","ast-hfb-below-header-display":"","ast-hfb-mobile-header-display":"","site-post-title":"","ast-breadcrumbs-content":"","ast-featured-img":"","footer-sml-layout":"","ast-disable-related-posts":"","theme-transparent-header-meta":"","adv-header-id-meta":"","stick-header-meta":"","header-above-stick-meta":"","header-main-stick-meta":"","header-below-stick-meta":"","astra-migrate-meta-layouts":"default","ast-page-background-enabled":"default","ast-page-background-meta":{"desktop":{"background-color":"","background-image":"","background-repeat":"repeat","background-position":"center center","background-size":"auto","background-attachment":"scroll","background-type":"","background-media":"","overlay-type":"","overlay-color":"","overlay-opacity":"","overlay-gradient":""},"tablet":{"background-color":"","background-image":"","background-repeat":"repeat","background-position":"center center","background-size":"auto","background-attachment":"scroll","background-type":"","background-media":"","overlay-type":"","overlay-color":"","overlay-opacity":"","overlay-gradient":""},"mobile":{"background-color":"","background-image":"","background-repeat":"repeat","background-position":"center center","background-size":"auto","background-attachment":"scroll","background-type":"","background-media":"","overlay-type":"","overlay-color":"","overlay-opacity":"","overlay-gradient":""}},"ast-content-background-meta":{"desktop":{"background-color":"var(--ast-global-color-4)","background-image":"","background-repeat":"repeat","background-position":"center center","background-size":"auto","background-attachment":"scroll","background-type":"","background-media":"","overlay-type":"","overlay-color":"","overlay-opacity":"","overlay-gradient":""},"tablet":{"background-color":"var(--ast-global-color-4)","background-image":"","background-repeat":"repeat","background-position":"center center","background-size":"auto","background-attachment":"scroll","background-type":"","background-media":"","overlay-type":"","overlay-color":"","overlay-opacity":"","overlay-gradient":""},"mobile":{"background-color":"var(--ast-global-color-4)","background-image":"","background-repeat":"repeat","background-position":"center center","background-size":"auto","background-attachment":"scroll","background-type":"","background-media":"","overlay-type":"","overlay-color":"","overlay-opacity":"","overlay-gradient":""}}},"product_brand":[],"product_cat":[31],"product_tag":[5592,3218,1796,5591,5593,1478,2735,5594,2356],"class_list":{"0":"post-19047","1":"product","2":"type-product","3":"status-publish","4":"has-post-thumbnail","6":"product_cat-grozine-literatura","7":"product_tag-italu-rasytoja","8":"product_tag-likimai","9":"product_tag-meile","10":"product_tag-milanas","11":"product_tag-moderni-visuomene","12":"product_tag-paslaptys","13":"product_tag-prabanga","14":"product_tag-socialines-priestaros","15":"product_tag-verslas","16":"desktop-align-left","17":"tablet-align-left","18":"mobile-align-left","20":"first","21":"instock","22":"shipping-taxable","23":"purchasable","24":"product-type-simple"},"acf":[],"yoast_head":"<!-- This site is optimized with the Yoast SEO plugin v27.0 - https:\/\/yoast.com\/product\/yoast-seo-wordpress\/ -->\n<title>Apartamentai 405<\/title>\n<meta name=\"description\" content=\"Milanas \u2013 prabangus, spindintis senas miestas, kuriame tamsios paslaptys gerai saugomos. \u010cia \u012fsik\u016br\u0119s Lambertas \u2013 kilmingas ir s\u0117kmingas verslininkas,\" \/>\n<meta name=\"robots\" content=\"index, follow, max-snippet:-1, max-image-preview:large, max-video-preview:-1\" \/>\n<link rel=\"canonical\" href=\"https:\/\/skaitytaknyga.lt\/en\/produktas\/apartamentai-405\/\" \/>\n<meta property=\"og:locale\" content=\"en_GB\" \/>\n<meta property=\"og:locale:alternate\" content=\"lt_LT\" \/>\n<meta property=\"og:type\" content=\"article\" \/>\n<meta property=\"og:title\" content=\"Apartamentai 405\" \/>\n<meta property=\"og:description\" content=\"Milanas \u2013 prabangus, spindintis senas miestas, kuriame tamsios paslaptys gerai saugomos. \u010cia \u012fsik\u016br\u0119s Lambertas \u2013 kilmingas ir s\u0117kmingas verslininkas,\" \/>\n<meta property=\"og:url\" content=\"https:\/\/skaitytaknyga.lt\/en\/produktas\/apartamentai-405\/\" \/>\n<meta property=\"og:site_name\" content=\"Skaitytaknyga\" \/>\n<meta property=\"article:publisher\" content=\"https:\/\/www.facebook.com\/skaitytaknyga\/\" \/>\n<meta property=\"article:modified_time\" content=\"2025-07-07T06:26:21+00:00\" \/>\n<meta property=\"og:image\" content=\"https:\/\/skaitytaknyga.lt\/wp-content\/uploads\/2025\/06\/Apartamentai-405.webp\" \/>\n\t<meta property=\"og:image:width\" content=\"526\" \/>\n\t<meta property=\"og:image:height\" content=\"801\" \/>\n\t<meta property=\"og:image:type\" content=\"image\/webp\" \/>\n<meta name=\"twitter:card\" content=\"summary_large_image\" \/>\n<meta name=\"twitter:label1\" content=\"Estimated reading time\" \/>\n\t<meta name=\"twitter:data1\" content=\"1 minute\" \/>\n<script type=\"application\/ld+json\" class=\"yoast-schema-graph\">{\"@context\":\"https:\/\/schema.org\",\"@graph\":[{\"@type\":\"WebPage\",\"@id\":\"https:\/\/skaitytaknyga.lt\/produktas\/apartamentai-405\/\",\"url\":\"https:\/\/skaitytaknyga.lt\/produktas\/apartamentai-405\/\",\"name\":\"Apartamentai 405\",\"isPartOf\":{\"@id\":\"https:\/\/skaitytaknyga.lt\/#website\"},\"primaryImageOfPage\":{\"@id\":\"https:\/\/skaitytaknyga.lt\/produktas\/apartamentai-405\/#primaryimage\"},\"image\":{\"@id\":\"https:\/\/skaitytaknyga.lt\/produktas\/apartamentai-405\/#primaryimage\"},\"thumbnailUrl\":\"https:\/\/skaitytaknyga.lt\/wp-content\/uploads\/2025\/06\/Apartamentai-405.webp\",\"datePublished\":\"2025-06-26T11:31:52+00:00\",\"dateModified\":\"2025-07-07T06:26:21+00:00\",\"description\":\"Milanas \u2013 prabangus, spindintis senas miestas, kuriame tamsios paslaptys gerai saugomos. \u010cia \u012fsik\u016br\u0119s Lambertas \u2013 kilmingas ir s\u0117kmingas verslininkas,\",\"breadcrumb\":{\"@id\":\"https:\/\/skaitytaknyga.lt\/produktas\/apartamentai-405\/#breadcrumb\"},\"inLanguage\":\"en-GB\",\"potentialAction\":[{\"@type\":\"ReadAction\",\"target\":[\"https:\/\/skaitytaknyga.lt\/produktas\/apartamentai-405\/\"]}]},{\"@type\":\"ImageObject\",\"inLanguage\":\"en-GB\",\"@id\":\"https:\/\/skaitytaknyga.lt\/produktas\/apartamentai-405\/#primaryimage\",\"url\":\"https:\/\/skaitytaknyga.lt\/wp-content\/uploads\/2025\/06\/Apartamentai-405.webp\",\"contentUrl\":\"https:\/\/skaitytaknyga.lt\/wp-content\/uploads\/2025\/06\/Apartamentai-405.webp\",\"width\":526,\"height\":801,\"caption\":\"Apartamentai 405\"},{\"@type\":\"BreadcrumbList\",\"@id\":\"https:\/\/skaitytaknyga.lt\/produktas\/apartamentai-405\/#breadcrumb\",\"itemListElement\":[{\"@type\":\"ListItem\",\"position\":1,\"name\":\"Home\",\"item\":\"https:\/\/skaitytaknyga.lt\/\"},{\"@type\":\"ListItem\",\"position\":2,\"name\":\"Parduotuv\u0117\",\"item\":\"https:\/\/skaitytaknyga.lt\/knygu-parduotuve\/\"},{\"@type\":\"ListItem\",\"position\":3,\"name\":\"Apartamentai 405\"}]},{\"@type\":\"WebSite\",\"@id\":\"https:\/\/skaitytaknyga.lt\/#website\",\"url\":\"https:\/\/skaitytaknyga.lt\/\",\"name\":\"skaitytaknyga.lt\",\"description\":\"Skaitytaknyga.lt \u2013 tai ma\u017eas \u0161eimos verslas, kuris prasid\u0117jo nuo meil\u0117s knygoms ir siekio i\u0161gelb\u0117ti knygas nuo likimo prie konteinerio. Kas vienam nereikalingas daiktas \u2013 kitam lobis, o mes esame tarpininkai, kurie padeda abiems tapti laimingesniems ???? \u017dinome kaip nelengva i\u0161gyventi ma\u017eiems verslams, tad nuo \u0161iol, \u010dia rasite ir kit\u0173, ma\u017e\u0173 \u0161eim\u0173 versl\u0173, rank\u0173 darbo, dovan\u0173 sau ir artimiesiems.\",\"publisher\":{\"@id\":\"https:\/\/skaitytaknyga.lt\/#organization\"},\"potentialAction\":[{\"@type\":\"SearchAction\",\"target\":{\"@type\":\"EntryPoint\",\"urlTemplate\":\"https:\/\/skaitytaknyga.lt\/?s={search_term_string}\"},\"query-input\":{\"@type\":\"PropertyValueSpecification\",\"valueRequired\":true,\"valueName\":\"search_term_string\"}}],\"inLanguage\":\"en-GB\"},{\"@type\":\"Organization\",\"@id\":\"https:\/\/skaitytaknyga.lt\/#organization\",\"name\":\"skaitytaknyga.lt\",\"url\":\"https:\/\/skaitytaknyga.lt\/\",\"logo\":{\"@type\":\"ImageObject\",\"inLanguage\":\"en-GB\",\"@id\":\"https:\/\/skaitytaknyga.lt\/#\/schema\/logo\/image\/\",\"url\":\"https:\/\/skaitytaknyga.lt\/wp-content\/uploads\/2024\/05\/cropped-cropped-cropped-02_00843_jt3bggkj1j3HLc7SyY6rEUpg.jpeg\",\"contentUrl\":\"https:\/\/skaitytaknyga.lt\/wp-content\/uploads\/2024\/05\/cropped-cropped-cropped-02_00843_jt3bggkj1j3HLc7SyY6rEUpg.jpeg\",\"width\":1600,\"height\":1600,\"caption\":\"skaitytaknyga.lt\"},\"image\":{\"@id\":\"https:\/\/skaitytaknyga.lt\/#\/schema\/logo\/image\/\"},\"sameAs\":[\"https:\/\/www.facebook.com\/skaitytaknyga\/\"]}]}<\/script>\n<!-- \/ Yoast SEO plugin. -->","yoast_head_json":{"title":"Apartamentai 405","description":"Milanas \u2013 prabangus, spindintis senas miestas, kuriame tamsios paslaptys gerai saugomos. \u010cia \u012fsik\u016br\u0119s Lambertas \u2013 kilmingas ir s\u0117kmingas verslininkas,","robots":{"index":"index","follow":"follow","max-snippet":"max-snippet:-1","max-image-preview":"max-image-preview:large","max-video-preview":"max-video-preview:-1"},"canonical":"https:\/\/skaitytaknyga.lt\/en\/produktas\/apartamentai-405\/","og_locale":"en_GB","og_type":"article","og_title":"[:lt]Apartamentai 405[:] - Skaitytaknyga","og_description":"Milanas \u2013 prabangus, spindintis senas miestas, kuriame tamsios paslaptys gerai saugomos. \u010cia \u012fsik\u016br\u0119s Lambertas \u2013 kilmingas ir s\u0117kmingas verslininkas,","og_url":"https:\/\/skaitytaknyga.lt\/en\/produktas\/apartamentai-405\/","og_site_name":"Skaitytaknyga","article_publisher":"https:\/\/www.facebook.com\/skaitytaknyga\/","article_modified_time":"2025-07-07T06:26:21+00:00","og_image":[{"width":526,"height":801,"url":"https:\/\/skaitytaknyga.lt\/wp-content\/uploads\/2025\/06\/Apartamentai-405.webp","type":"image\/webp"}],"twitter_card":"summary_large_image","twitter_misc":{"Estimated reading time":"1 minute"},"schema":{"@context":"https:\/\/schema.org","@graph":[{"@type":"WebPage","@id":"https:\/\/skaitytaknyga.lt\/produktas\/apartamentai-405\/","url":"https:\/\/skaitytaknyga.lt\/produktas\/apartamentai-405\/","name":"Apartamentai 405","isPartOf":{"@id":"https:\/\/skaitytaknyga.lt\/#website"},"primaryImageOfPage":{"@id":"https:\/\/skaitytaknyga.lt\/produktas\/apartamentai-405\/#primaryimage"},"image":{"@id":"https:\/\/skaitytaknyga.lt\/produktas\/apartamentai-405\/#primaryimage"},"thumbnailUrl":"https:\/\/skaitytaknyga.lt\/wp-content\/uploads\/2025\/06\/Apartamentai-405.webp","datePublished":"2025-06-26T11:31:52+00:00","dateModified":"2025-07-07T06:26:21+00:00","description":"Milanas \u2013 prabangus, spindintis senas miestas, kuriame tamsios paslaptys gerai saugomos. \u010cia \u012fsik\u016br\u0119s Lambertas \u2013 kilmingas ir s\u0117kmingas verslininkas,","breadcrumb":{"@id":"https:\/\/skaitytaknyga.lt\/produktas\/apartamentai-405\/#breadcrumb"},"inLanguage":"en-GB","potentialAction":[{"@type":"ReadAction","target":["https:\/\/skaitytaknyga.lt\/produktas\/apartamentai-405\/"]}]},{"@type":"ImageObject","inLanguage":"en-GB","@id":"https:\/\/skaitytaknyga.lt\/produktas\/apartamentai-405\/#primaryimage","url":"https:\/\/skaitytaknyga.lt\/wp-content\/uploads\/2025\/06\/Apartamentai-405.webp","contentUrl":"https:\/\/skaitytaknyga.lt\/wp-content\/uploads\/2025\/06\/Apartamentai-405.webp","width":526,"height":801,"caption":"Apartamentai 405"},{"@type":"BreadcrumbList","@id":"https:\/\/skaitytaknyga.lt\/produktas\/apartamentai-405\/#breadcrumb","itemListElement":[{"@type":"ListItem","position":1,"name":"Home","item":"https:\/\/skaitytaknyga.lt\/"},{"@type":"ListItem","position":2,"name":"Parduotuv\u0117","item":"https:\/\/skaitytaknyga.lt\/knygu-parduotuve\/"},{"@type":"ListItem","position":3,"name":"Apartamentai 405"}]},{"@type":"WebSite","@id":"https:\/\/skaitytaknyga.lt\/#website","url":"https:\/\/skaitytaknyga.lt\/","name":"skaitytaknyga.lt","description":"Skaitytaknyga.lt \u2013 tai ma\u017eas \u0161eimos verslas, kuris prasid\u0117jo nuo meil\u0117s knygoms ir siekio i\u0161gelb\u0117ti knygas nuo likimo prie konteinerio. Kas vienam nereikalingas daiktas \u2013 kitam lobis, o mes esame tarpininkai, kurie padeda abiems tapti laimingesniems ???? \u017dinome kaip nelengva i\u0161gyventi ma\u017eiems verslams, tad nuo \u0161iol, \u010dia rasite ir kit\u0173, ma\u017e\u0173 \u0161eim\u0173 versl\u0173, rank\u0173 darbo, dovan\u0173 sau ir artimiesiems.","publisher":{"@id":"https:\/\/skaitytaknyga.lt\/#organization"},"potentialAction":[{"@type":"SearchAction","target":{"@type":"EntryPoint","urlTemplate":"https:\/\/skaitytaknyga.lt\/?s={search_term_string}"},"query-input":{"@type":"PropertyValueSpecification","valueRequired":true,"valueName":"search_term_string"}}],"inLanguage":"en-GB"},{"@type":"Organization","@id":"https:\/\/skaitytaknyga.lt\/#organization","name":"skaitytaknyga.lt","url":"https:\/\/skaitytaknyga.lt\/","logo":{"@type":"ImageObject","inLanguage":"en-GB","@id":"https:\/\/skaitytaknyga.lt\/#\/schema\/logo\/image\/","url":"https:\/\/skaitytaknyga.lt\/wp-content\/uploads\/2024\/05\/cropped-cropped-cropped-02_00843_jt3bggkj1j3HLc7SyY6rEUpg.jpeg","contentUrl":"https:\/\/skaitytaknyga.lt\/wp-content\/uploads\/2024\/05\/cropped-cropped-cropped-02_00843_jt3bggkj1j3HLc7SyY6rEUpg.jpeg","width":1600,"height":1600,"caption":"skaitytaknyga.lt"},"image":{"@id":"https:\/\/skaitytaknyga.lt\/#\/schema\/logo\/image\/"},"sameAs":["https:\/\/www.facebook.com\/skaitytaknyga\/"]}]}},"_links":{"self":[{"href":"https:\/\/skaitytaknyga.lt\/en\/wp-json\/wp\/v2\/product\/19047","targetHints":{"allow":["GET"]}}],"collection":[{"href":"https:\/\/skaitytaknyga.lt\/en\/wp-json\/wp\/v2\/product"}],"about":[{"href":"https:\/\/skaitytaknyga.lt\/en\/wp-json\/wp\/v2\/types\/product"}],"replies":[{"embeddable":true,"href":"https:\/\/skaitytaknyga.lt\/en\/wp-json\/wp\/v2\/comments?post=19047"}],"wp:featuredmedia":[{"embeddable":true,"href":"https:\/\/skaitytaknyga.lt\/en\/wp-json\/wp\/v2\/media\/19052"}],"wp:attachment":[{"href":"https:\/\/skaitytaknyga.lt\/en\/wp-json\/wp\/v2\/media?parent=19047"}],"wp:term":[{"taxonomy":"product_brand","embeddable":true,"href":"https:\/\/skaitytaknyga.lt\/en\/wp-json\/wp\/v2\/product_brand?post=19047"},{"taxonomy":"product_cat","embeddable":true,"href":"https:\/\/skaitytaknyga.lt\/en\/wp-json\/wp\/v2\/product_cat?post=19047"},{"taxonomy":"product_tag","embeddable":true,"href":"https:\/\/skaitytaknyga.lt\/en\/wp-json\/wp\/v2\/product_tag?post=19047"}],"curies":[{"name":"wp","href":"https:\/\/api.w.org\/{rel}","templated":true}]}}