{"id":19046,"date":"2025-06-26T14:31:52","date_gmt":"2025-06-26T11:31:52","guid":{"rendered":"https:\/\/skaitytaknyga.lt\/?post_type=product&#038;p=19046"},"modified":"2025-06-26T15:06:29","modified_gmt":"2025-06-26T12:06:29","slug":"maro-diena","status":"publish","type":"product","link":"https:\/\/skaitytaknyga.lt\/en\/produktas\/maro-diena\/","title":{"rendered":"Maro diena"},"content":{"rendered":"<p>Pa\u0161\u0117l\u0119 nuotykiai kitokioje Lietuvoje ir u\u017e jos rib\u0173 t\u0119siasi antrajame Andriaus Tapino Akmens ir Garo Miest\u0173 ciklo romane \u201eMaro diena\u201c.<\/p>\n<p>Laisvojo Vilniaus legatui Antanui Sidabrui nerim\u0105 kelia kraup\u0173 krovin\u012f atve\u017e\u0119s traukinys, kuriame nebuvo ma\u0161inisto, Londono policija tiria genialaus chemiko mirties aplinkybes, \u012f Konstantinopol\u012f skuba ypating\u0105 u\u017eduot\u012f turintis geriausias Europoje samdomas \u017eudikas, o paslaptinga ugniaplauk\u0117 moteris vien \u017evilgsniu pavergia vyr\u0173 \u0161irdis.<\/p>\n<p>Visi keliai susikirs pasmerktame mieste. Mieste, kur\u012f gali i\u0161gelb\u0117ti tik BonosSforcos armija.<\/p>\n<p>Paslaptys bus atskleistos, m\u012fslingi kodai i\u0161\u0161ifruoti, bet i\u0161au\u0161 Maro diena \u2013 ir ko\u0161marai taps realybe, o akmenines pasmerkto miesto gatves u\u017epl\u016bs Maro Vienuoliai.<\/p>\n<p>Soboro dur\u0173 angoje, galva kone remdamasi \u012f stakt\u0105, stov\u0117jo fig\u016bra, trimis galvomis auk\u0161tesn\u0117 u\u017e auk\u0161\u010diausi\u0105 \u017emog\u0173. Jos k\u016bn\u0105 sl\u0117p\u0117 ilgas juodas r\u016bbas su pla\u010diu gobtuvu, i\u0161 po jo \u017ealia liepsna \u017eyb\u010diojo akys. Rankose fig\u016bra laik\u0117 pla\u010dius kirvius. \u201eNe, \u2013 staiga suvok\u0117 Sidabras, \u2013 tai kirviais baigiasi jos rankos!\u201c<\/p>\n","protected":false},"excerpt":{"rendered":"<p>Pa\u0161\u0117l\u0119 nuotykiai kitokioje Lietuvoje ir u\u017e jos rib\u0173 t\u0119siasi antrajame Andriaus Tapino Akmens ir Garo Miest\u0173 ciklo romane \u201eMaro diena\u201c. Laisvojo Vilniaus legatui Antanui Sidabrui nerim\u0105 kelia kraup\u0173 krovin\u012f atve\u017e\u0119s traukinys, kuriame nebuvo ma\u0161inisto, Londono policija tiria genialaus chemiko mirties aplinkybes, \u012f Konstantinopol\u012f skuba ypating\u0105 u\u017eduot\u012f turintis geriausias Europoje samdomas \u017eudikas, o paslaptinga ugniaplauk\u0117 moteris vien \u017evilgsniu pavergia vyr\u0173 \u0161irdis. Visi keliai susikirs pasmerktame mieste. Mieste, kur\u012f gali i\u0161gelb\u0117ti tik BonosSforcos armija. Paslaptys bus atskleistos, m\u012fslingi kodai i\u0161\u0161ifruoti, bet i\u0161au\u0161 Maro diena \u2013 ir ko\u0161marai taps realybe, o akmenines pasmerkto miesto gatves u\u017epl\u016bs Maro Vienuoliai. Soboro dur\u0173 angoje, galva kone remdamasi \u012f stakt\u0105, stov\u0117jo fig\u016bra, trimis galvomis auk\u0161tesn\u0117 u\u017e auk\u0161\u010diausi\u0105 \u017emog\u0173. Jos k\u016bn\u0105 sl\u0117p\u0117 ilgas juodas r\u016bbas su pla\u010diu gobtuvu, i\u0161 po jo \u017ealia liepsna \u017eyb\u010diojo akys. Rankose fig\u016bra laik\u0117 pla\u010dius kirvius. \u201eNe, \u2013 staiga suvok\u0117 Sidabras, \u2013 tai kirviais baigiasi jos rankos!\u201c<\/p>\n","protected":false},"featured_media":19051,"comment_status":"open","ping_status":"closed","template":"","meta":{"_acf_changed":false,"site-sidebar-layout":"default","site-content-layout":"","ast-site-content-layout":"default","site-content-style":"default","site-sidebar-style":"default","ast-global-header-display":"","ast-banner-title-visibility":"","ast-main-header-display":"","ast-hfb-above-header-display":"","ast-hfb-below-header-display":"","ast-hfb-mobile-header-display":"","site-post-title":"","ast-breadcrumbs-content":"","ast-featured-img":"","footer-sml-layout":"","ast-disable-related-posts":"","theme-transparent-header-meta":"","adv-header-id-meta":"","stick-header-meta":"","header-above-stick-meta":"","header-main-stick-meta":"","header-below-stick-meta":"","astra-migrate-meta-layouts":"default","ast-page-background-enabled":"default","ast-page-background-meta":{"desktop":{"background-color":"","background-image":"","background-repeat":"repeat","background-position":"center center","background-size":"auto","background-attachment":"scroll","background-type":"","background-media":"","overlay-type":"","overlay-color":"","overlay-opacity":"","overlay-gradient":""},"tablet":{"background-color":"","background-image":"","background-repeat":"repeat","background-position":"center center","background-size":"auto","background-attachment":"scroll","background-type":"","background-media":"","overlay-type":"","overlay-color":"","overlay-opacity":"","overlay-gradient":""},"mobile":{"background-color":"","background-image":"","background-repeat":"repeat","background-position":"center center","background-size":"auto","background-attachment":"scroll","background-type":"","background-media":"","overlay-type":"","overlay-color":"","overlay-opacity":"","overlay-gradient":""}},"ast-content-background-meta":{"desktop":{"background-color":"var(--ast-global-color-4)","background-image":"","background-repeat":"repeat","background-position":"center center","background-size":"auto","background-attachment":"scroll","background-type":"","background-media":"","overlay-type":"","overlay-color":"","overlay-opacity":"","overlay-gradient":""},"tablet":{"background-color":"var(--ast-global-color-4)","background-image":"","background-repeat":"repeat","background-position":"center center","background-size":"auto","background-attachment":"scroll","background-type":"","background-media":"","overlay-type":"","overlay-color":"","overlay-opacity":"","overlay-gradient":""},"mobile":{"background-color":"var(--ast-global-color-4)","background-image":"","background-repeat":"repeat","background-position":"center center","background-size":"auto","background-attachment":"scroll","background-type":"","background-media":"","overlay-type":"","overlay-color":"","overlay-opacity":"","overlay-gradient":""}}},"product_brand":[],"product_cat":[15],"product_tag":[5461,4597,1459,2625,5589,2944,1451,1478,5590,5588],"class_list":{"0":"post-19046","1":"product","2":"type-product","3":"status-publish","4":"has-post-thumbnail","6":"product_cat-uncategorized","7":"product_tag-armija","8":"product_tag-chemija","9":"product_tag-karas","10":"product_tag-lietuva","11":"product_tag-misles","12":"product_tag-mistika","13":"product_tag-nuotykiai","14":"product_tag-paslaptys","15":"product_tag-pasmerkimas","16":"product_tag-samdomas-zudikas","17":"desktop-align-left","18":"tablet-align-left","19":"mobile-align-left","21":"first","22":"instock","23":"shipping-taxable","24":"purchasable","25":"product-type-simple"},"acf":[],"yoast_head":"<!-- This site is optimized with the Yoast SEO plugin v27.0 - https:\/\/yoast.com\/product\/yoast-seo-wordpress\/ -->\n<title>Maro diena<\/title>\n<meta name=\"description\" content=\"Pa\u0161\u0117l\u0119 nuotykiai kitokioje Lietuvoje ir u\u017e jos rib\u0173 t\u0119siasi antrajame Andriaus Tapino Akmens ir Garo Miest\u0173 ciklo romane \u201eMaro diena\u201c. Laisvojo Vilniaus\" \/>\n<meta name=\"robots\" content=\"index, follow, max-snippet:-1, max-image-preview:large, max-video-preview:-1\" \/>\n<link rel=\"canonical\" href=\"https:\/\/skaitytaknyga.lt\/en\/produktas\/maro-diena\/\" \/>\n<meta property=\"og:locale\" content=\"en_GB\" \/>\n<meta property=\"og:locale:alternate\" content=\"lt_LT\" \/>\n<meta property=\"og:type\" content=\"article\" \/>\n<meta property=\"og:title\" content=\"Maro diena\" \/>\n<meta property=\"og:description\" content=\"Pa\u0161\u0117l\u0119 nuotykiai kitokioje Lietuvoje ir u\u017e jos rib\u0173 t\u0119siasi antrajame Andriaus Tapino Akmens ir Garo Miest\u0173 ciklo romane \u201eMaro diena\u201c. Laisvojo Vilniaus\" \/>\n<meta property=\"og:url\" content=\"https:\/\/skaitytaknyga.lt\/en\/produktas\/maro-diena\/\" \/>\n<meta property=\"og:site_name\" content=\"Skaitytaknyga\" \/>\n<meta property=\"article:publisher\" content=\"https:\/\/www.facebook.com\/skaitytaknyga\/\" \/>\n<meta property=\"article:modified_time\" content=\"2025-06-26T12:06:29+00:00\" \/>\n<meta property=\"og:image\" content=\"https:\/\/skaitytaknyga.lt\/wp-content\/uploads\/2025\/06\/Maro-diena.webp\" \/>\n\t<meta property=\"og:image:width\" content=\"451\" \/>\n\t<meta property=\"og:image:height\" content=\"750\" \/>\n\t<meta property=\"og:image:type\" content=\"image\/webp\" \/>\n<meta name=\"twitter:card\" content=\"summary_large_image\" \/>\n<meta name=\"twitter:label1\" content=\"Estimated reading time\" \/>\n\t<meta name=\"twitter:data1\" content=\"1 minute\" \/>\n<script type=\"application\/ld+json\" class=\"yoast-schema-graph\">{\"@context\":\"https:\/\/schema.org\",\"@graph\":[{\"@type\":\"WebPage\",\"@id\":\"https:\/\/skaitytaknyga.lt\/produktas\/maro-diena\/\",\"url\":\"https:\/\/skaitytaknyga.lt\/produktas\/maro-diena\/\",\"name\":\"Maro diena\",\"isPartOf\":{\"@id\":\"https:\/\/skaitytaknyga.lt\/#website\"},\"primaryImageOfPage\":{\"@id\":\"https:\/\/skaitytaknyga.lt\/produktas\/maro-diena\/#primaryimage\"},\"image\":{\"@id\":\"https:\/\/skaitytaknyga.lt\/produktas\/maro-diena\/#primaryimage\"},\"thumbnailUrl\":\"https:\/\/skaitytaknyga.lt\/wp-content\/uploads\/2025\/06\/Maro-diena.webp\",\"datePublished\":\"2025-06-26T11:31:52+00:00\",\"dateModified\":\"2025-06-26T12:06:29+00:00\",\"description\":\"Pa\u0161\u0117l\u0119 nuotykiai kitokioje Lietuvoje ir u\u017e jos rib\u0173 t\u0119siasi antrajame Andriaus Tapino Akmens ir Garo Miest\u0173 ciklo romane \u201eMaro diena\u201c. Laisvojo Vilniaus\",\"breadcrumb\":{\"@id\":\"https:\/\/skaitytaknyga.lt\/produktas\/maro-diena\/#breadcrumb\"},\"inLanguage\":\"en-GB\",\"potentialAction\":[{\"@type\":\"ReadAction\",\"target\":[\"https:\/\/skaitytaknyga.lt\/produktas\/maro-diena\/\"]}]},{\"@type\":\"ImageObject\",\"inLanguage\":\"en-GB\",\"@id\":\"https:\/\/skaitytaknyga.lt\/produktas\/maro-diena\/#primaryimage\",\"url\":\"https:\/\/skaitytaknyga.lt\/wp-content\/uploads\/2025\/06\/Maro-diena.webp\",\"contentUrl\":\"https:\/\/skaitytaknyga.lt\/wp-content\/uploads\/2025\/06\/Maro-diena.webp\",\"width\":451,\"height\":750,\"caption\":\"Maro diena\"},{\"@type\":\"BreadcrumbList\",\"@id\":\"https:\/\/skaitytaknyga.lt\/produktas\/maro-diena\/#breadcrumb\",\"itemListElement\":[{\"@type\":\"ListItem\",\"position\":1,\"name\":\"Home\",\"item\":\"https:\/\/skaitytaknyga.lt\/\"},{\"@type\":\"ListItem\",\"position\":2,\"name\":\"Parduotuv\u0117\",\"item\":\"https:\/\/skaitytaknyga.lt\/knygu-parduotuve\/\"},{\"@type\":\"ListItem\",\"position\":3,\"name\":\"Maro diena\"}]},{\"@type\":\"WebSite\",\"@id\":\"https:\/\/skaitytaknyga.lt\/#website\",\"url\":\"https:\/\/skaitytaknyga.lt\/\",\"name\":\"skaitytaknyga.lt\",\"description\":\"Skaitytaknyga.lt \u2013 tai ma\u017eas \u0161eimos verslas, kuris prasid\u0117jo nuo meil\u0117s knygoms ir siekio i\u0161gelb\u0117ti knygas nuo likimo prie konteinerio. Kas vienam nereikalingas daiktas \u2013 kitam lobis, o mes esame tarpininkai, kurie padeda abiems tapti laimingesniems ???? \u017dinome kaip nelengva i\u0161gyventi ma\u017eiems verslams, tad nuo \u0161iol, \u010dia rasite ir kit\u0173, ma\u017e\u0173 \u0161eim\u0173 versl\u0173, rank\u0173 darbo, dovan\u0173 sau ir artimiesiems.\",\"publisher\":{\"@id\":\"https:\/\/skaitytaknyga.lt\/#organization\"},\"potentialAction\":[{\"@type\":\"SearchAction\",\"target\":{\"@type\":\"EntryPoint\",\"urlTemplate\":\"https:\/\/skaitytaknyga.lt\/?s={search_term_string}\"},\"query-input\":{\"@type\":\"PropertyValueSpecification\",\"valueRequired\":true,\"valueName\":\"search_term_string\"}}],\"inLanguage\":\"en-GB\"},{\"@type\":\"Organization\",\"@id\":\"https:\/\/skaitytaknyga.lt\/#organization\",\"name\":\"skaitytaknyga.lt\",\"url\":\"https:\/\/skaitytaknyga.lt\/\",\"logo\":{\"@type\":\"ImageObject\",\"inLanguage\":\"en-GB\",\"@id\":\"https:\/\/skaitytaknyga.lt\/#\/schema\/logo\/image\/\",\"url\":\"https:\/\/skaitytaknyga.lt\/wp-content\/uploads\/2024\/05\/cropped-cropped-cropped-02_00843_jt3bggkj1j3HLc7SyY6rEUpg.jpeg\",\"contentUrl\":\"https:\/\/skaitytaknyga.lt\/wp-content\/uploads\/2024\/05\/cropped-cropped-cropped-02_00843_jt3bggkj1j3HLc7SyY6rEUpg.jpeg\",\"width\":1600,\"height\":1600,\"caption\":\"skaitytaknyga.lt\"},\"image\":{\"@id\":\"https:\/\/skaitytaknyga.lt\/#\/schema\/logo\/image\/\"},\"sameAs\":[\"https:\/\/www.facebook.com\/skaitytaknyga\/\"]}]}<\/script>\n<!-- \/ Yoast SEO plugin. -->","yoast_head_json":{"title":"Maro diena","description":"Pa\u0161\u0117l\u0119 nuotykiai kitokioje Lietuvoje ir u\u017e jos rib\u0173 t\u0119siasi antrajame Andriaus Tapino Akmens ir Garo Miest\u0173 ciklo romane \u201eMaro diena\u201c. Laisvojo Vilniaus","robots":{"index":"index","follow":"follow","max-snippet":"max-snippet:-1","max-image-preview":"max-image-preview:large","max-video-preview":"max-video-preview:-1"},"canonical":"https:\/\/skaitytaknyga.lt\/en\/produktas\/maro-diena\/","og_locale":"en_GB","og_type":"article","og_title":"[:lt]Maro diena[:] - Skaitytaknyga","og_description":"Pa\u0161\u0117l\u0119 nuotykiai kitokioje Lietuvoje ir u\u017e jos rib\u0173 t\u0119siasi antrajame Andriaus Tapino Akmens ir Garo Miest\u0173 ciklo romane \u201eMaro diena\u201c. Laisvojo Vilniaus","og_url":"https:\/\/skaitytaknyga.lt\/en\/produktas\/maro-diena\/","og_site_name":"Skaitytaknyga","article_publisher":"https:\/\/www.facebook.com\/skaitytaknyga\/","article_modified_time":"2025-06-26T12:06:29+00:00","og_image":[{"width":451,"height":750,"url":"https:\/\/skaitytaknyga.lt\/wp-content\/uploads\/2025\/06\/Maro-diena.webp","type":"image\/webp"}],"twitter_card":"summary_large_image","twitter_misc":{"Estimated reading time":"1 minute"},"schema":{"@context":"https:\/\/schema.org","@graph":[{"@type":"WebPage","@id":"https:\/\/skaitytaknyga.lt\/produktas\/maro-diena\/","url":"https:\/\/skaitytaknyga.lt\/produktas\/maro-diena\/","name":"Maro diena","isPartOf":{"@id":"https:\/\/skaitytaknyga.lt\/#website"},"primaryImageOfPage":{"@id":"https:\/\/skaitytaknyga.lt\/produktas\/maro-diena\/#primaryimage"},"image":{"@id":"https:\/\/skaitytaknyga.lt\/produktas\/maro-diena\/#primaryimage"},"thumbnailUrl":"https:\/\/skaitytaknyga.lt\/wp-content\/uploads\/2025\/06\/Maro-diena.webp","datePublished":"2025-06-26T11:31:52+00:00","dateModified":"2025-06-26T12:06:29+00:00","description":"Pa\u0161\u0117l\u0119 nuotykiai kitokioje Lietuvoje ir u\u017e jos rib\u0173 t\u0119siasi antrajame Andriaus Tapino Akmens ir Garo Miest\u0173 ciklo romane \u201eMaro diena\u201c. Laisvojo Vilniaus","breadcrumb":{"@id":"https:\/\/skaitytaknyga.lt\/produktas\/maro-diena\/#breadcrumb"},"inLanguage":"en-GB","potentialAction":[{"@type":"ReadAction","target":["https:\/\/skaitytaknyga.lt\/produktas\/maro-diena\/"]}]},{"@type":"ImageObject","inLanguage":"en-GB","@id":"https:\/\/skaitytaknyga.lt\/produktas\/maro-diena\/#primaryimage","url":"https:\/\/skaitytaknyga.lt\/wp-content\/uploads\/2025\/06\/Maro-diena.webp","contentUrl":"https:\/\/skaitytaknyga.lt\/wp-content\/uploads\/2025\/06\/Maro-diena.webp","width":451,"height":750,"caption":"Maro diena"},{"@type":"BreadcrumbList","@id":"https:\/\/skaitytaknyga.lt\/produktas\/maro-diena\/#breadcrumb","itemListElement":[{"@type":"ListItem","position":1,"name":"Home","item":"https:\/\/skaitytaknyga.lt\/"},{"@type":"ListItem","position":2,"name":"Parduotuv\u0117","item":"https:\/\/skaitytaknyga.lt\/knygu-parduotuve\/"},{"@type":"ListItem","position":3,"name":"Maro diena"}]},{"@type":"WebSite","@id":"https:\/\/skaitytaknyga.lt\/#website","url":"https:\/\/skaitytaknyga.lt\/","name":"skaitytaknyga.lt","description":"Skaitytaknyga.lt \u2013 tai ma\u017eas \u0161eimos verslas, kuris prasid\u0117jo nuo meil\u0117s knygoms ir siekio i\u0161gelb\u0117ti knygas nuo likimo prie konteinerio. Kas vienam nereikalingas daiktas \u2013 kitam lobis, o mes esame tarpininkai, kurie padeda abiems tapti laimingesniems ???? \u017dinome kaip nelengva i\u0161gyventi ma\u017eiems verslams, tad nuo \u0161iol, \u010dia rasite ir kit\u0173, ma\u017e\u0173 \u0161eim\u0173 versl\u0173, rank\u0173 darbo, dovan\u0173 sau ir artimiesiems.","publisher":{"@id":"https:\/\/skaitytaknyga.lt\/#organization"},"potentialAction":[{"@type":"SearchAction","target":{"@type":"EntryPoint","urlTemplate":"https:\/\/skaitytaknyga.lt\/?s={search_term_string}"},"query-input":{"@type":"PropertyValueSpecification","valueRequired":true,"valueName":"search_term_string"}}],"inLanguage":"en-GB"},{"@type":"Organization","@id":"https:\/\/skaitytaknyga.lt\/#organization","name":"skaitytaknyga.lt","url":"https:\/\/skaitytaknyga.lt\/","logo":{"@type":"ImageObject","inLanguage":"en-GB","@id":"https:\/\/skaitytaknyga.lt\/#\/schema\/logo\/image\/","url":"https:\/\/skaitytaknyga.lt\/wp-content\/uploads\/2024\/05\/cropped-cropped-cropped-02_00843_jt3bggkj1j3HLc7SyY6rEUpg.jpeg","contentUrl":"https:\/\/skaitytaknyga.lt\/wp-content\/uploads\/2024\/05\/cropped-cropped-cropped-02_00843_jt3bggkj1j3HLc7SyY6rEUpg.jpeg","width":1600,"height":1600,"caption":"skaitytaknyga.lt"},"image":{"@id":"https:\/\/skaitytaknyga.lt\/#\/schema\/logo\/image\/"},"sameAs":["https:\/\/www.facebook.com\/skaitytaknyga\/"]}]}},"_links":{"self":[{"href":"https:\/\/skaitytaknyga.lt\/en\/wp-json\/wp\/v2\/product\/19046","targetHints":{"allow":["GET"]}}],"collection":[{"href":"https:\/\/skaitytaknyga.lt\/en\/wp-json\/wp\/v2\/product"}],"about":[{"href":"https:\/\/skaitytaknyga.lt\/en\/wp-json\/wp\/v2\/types\/product"}],"replies":[{"embeddable":true,"href":"https:\/\/skaitytaknyga.lt\/en\/wp-json\/wp\/v2\/comments?post=19046"}],"wp:featuredmedia":[{"embeddable":true,"href":"https:\/\/skaitytaknyga.lt\/en\/wp-json\/wp\/v2\/media\/19051"}],"wp:attachment":[{"href":"https:\/\/skaitytaknyga.lt\/en\/wp-json\/wp\/v2\/media?parent=19046"}],"wp:term":[{"taxonomy":"product_brand","embeddable":true,"href":"https:\/\/skaitytaknyga.lt\/en\/wp-json\/wp\/v2\/product_brand?post=19046"},{"taxonomy":"product_cat","embeddable":true,"href":"https:\/\/skaitytaknyga.lt\/en\/wp-json\/wp\/v2\/product_cat?post=19046"},{"taxonomy":"product_tag","embeddable":true,"href":"https:\/\/skaitytaknyga.lt\/en\/wp-json\/wp\/v2\/product_tag?post=19046"}],"curies":[{"name":"wp","href":"https:\/\/api.w.org\/{rel}","templated":true}]}}