{"id":19045,"date":"2025-06-26T14:31:52","date_gmt":"2025-06-26T11:31:52","guid":{"rendered":"https:\/\/skaitytaknyga.lt\/?post_type=product&#038;p=19045"},"modified":"2025-06-26T15:06:29","modified_gmt":"2025-06-26T12:06:29","slug":"itakos-galia-kaip-pasiekti-savo-tikslus","status":"publish","type":"product","link":"https:\/\/skaitytaknyga.lt\/en\/produktas\/itakos-galia-kaip-pasiekti-savo-tikslus\/","title":{"rendered":"\u012etakos galia: kaip pasiekti savo tikslus"},"content":{"rendered":"<p>\u201eR. B. Cialdinis patobulino tai, kas jau yra klasika. \u0160is atnaujintas \u201e\u012etakos galios&#8221; leidimas patvirtina, jog knyga per pastaruosius penkiasde\u0161imt met\u0173 yra vienas svarbiausi\u0173 leidini\u0173 apie verslo ir elgsenos mokslus. Naujai papildyta ji yra nuostabi.&#8221; DANIEL H. PINK, BESTSELERI\u0172<\/p>\n<p>Dr. Robertas B. Cialdinis atnaujintame \u201e\u012etakos galios&#8221; leidime dalijasi naujausi\u0173 mokslini\u0173 tyrim\u0173 rezultatais, savo \u012f\u017evalgomis, paai\u0161kinimais ir patirtimi, kaip eti\u0161kai tai pritaikyti kasdieniame gyvenime, internetin\u0117je prekyboje, versle.<\/p>\n<p>\u012eTAKOS PRINCIPAI:<\/p>\n<p>Gr\u012f\u017etamumas<br \/>\n\u012esipareigojimas ir nuoseklumas<br \/>\nSocialinis \u012frodymas<br \/>\nM\u0117gstamumas<br \/>\nAutoritetas<br \/>\nStoka<br \/>\nVieningumas (dar vienas principas, apra\u0161ytas tik \u0161iame atnaujintame leidime)<br \/>\nSUSIPA\u017dINKITE SU UNIVERSALIAIS \u012eTAKOS PRINCIPAIS, SU\u017dINOKITE, KAIP JUOS TAIKANT PASKATINTI \u017dMONES VEIKTI TAIP, KAIP J\u016aS NORITE, IR KARTU I\u0160MOKTI ATSISPIRTI NEETI\u0160KIEMS M\u0116GINIMAMS DARYTI \u012eTAK\u0104 JUMS.<\/p>\n","protected":false},"excerpt":{"rendered":"<p>\u201eR. B. Cialdinis patobulino tai, kas jau yra klasika. \u0160is atnaujintas \u201e\u012etakos galios&#8221; leidimas patvirtina, jog knyga per pastaruosius penkiasde\u0161imt met\u0173 yra vienas svarbiausi\u0173 leidini\u0173 apie verslo ir elgsenos mokslus. Naujai papildyta ji yra nuostabi.&#8221; DANIEL H. PINK, BESTSELERI\u0172 Dr. Robertas B. Cialdinis atnaujintame \u201e\u012etakos galios&#8221; leidime dalijasi naujausi\u0173 mokslini\u0173 tyrim\u0173 rezultatais, savo \u012f\u017evalgomis, paai\u0161kinimais ir patirtimi, kaip eti\u0161kai tai pritaikyti kasdieniame gyvenime, internetin\u0117je prekyboje, versle. \u012eTAKOS PRINCIPAI: Gr\u012f\u017etamumas \u012esipareigojimas ir nuoseklumas Socialinis \u012frodymas M\u0117gstamumas Autoritetas Stoka Vieningumas (dar vienas principas, apra\u0161ytas tik \u0161iame atnaujintame leidime) SUSIPA\u017dINKITE SU UNIVERSALIAIS \u012eTAKOS PRINCIPAIS, SU\u017dINOKITE, KAIP JUOS TAIKANT PASKATINTI \u017dMONES VEIKTI TAIP, KAIP J\u016aS NORITE, IR KARTU I\u0160MOKTI ATSISPIRTI NEETI\u0160KIEMS M\u0116GINIMAMS DARYTI \u012eTAK\u0104 JUMS.<\/p>\n","protected":false},"featured_media":19050,"comment_status":"open","ping_status":"closed","template":"","meta":{"_acf_changed":false,"site-sidebar-layout":"default","site-content-layout":"","ast-site-content-layout":"default","site-content-style":"default","site-sidebar-style":"default","ast-global-header-display":"","ast-banner-title-visibility":"","ast-main-header-display":"","ast-hfb-above-header-display":"","ast-hfb-below-header-display":"","ast-hfb-mobile-header-display":"","site-post-title":"","ast-breadcrumbs-content":"","ast-featured-img":"","footer-sml-layout":"","ast-disable-related-posts":"","theme-transparent-header-meta":"","adv-header-id-meta":"","stick-header-meta":"","header-above-stick-meta":"","header-main-stick-meta":"","header-below-stick-meta":"","astra-migrate-meta-layouts":"default","ast-page-background-enabled":"default","ast-page-background-meta":{"desktop":{"background-color":"","background-image":"","background-repeat":"repeat","background-position":"center center","background-size":"auto","background-attachment":"scroll","background-type":"","background-media":"","overlay-type":"","overlay-color":"","overlay-opacity":"","overlay-gradient":""},"tablet":{"background-color":"","background-image":"","background-repeat":"repeat","background-position":"center center","background-size":"auto","background-attachment":"scroll","background-type":"","background-media":"","overlay-type":"","overlay-color":"","overlay-opacity":"","overlay-gradient":""},"mobile":{"background-color":"","background-image":"","background-repeat":"repeat","background-position":"center center","background-size":"auto","background-attachment":"scroll","background-type":"","background-media":"","overlay-type":"","overlay-color":"","overlay-opacity":"","overlay-gradient":""}},"ast-content-background-meta":{"desktop":{"background-color":"var(--ast-global-color-4)","background-image":"","background-repeat":"repeat","background-position":"center center","background-size":"auto","background-attachment":"scroll","background-type":"","background-media":"","overlay-type":"","overlay-color":"","overlay-opacity":"","overlay-gradient":""},"tablet":{"background-color":"var(--ast-global-color-4)","background-image":"","background-repeat":"repeat","background-position":"center center","background-size":"auto","background-attachment":"scroll","background-type":"","background-media":"","overlay-type":"","overlay-color":"","overlay-opacity":"","overlay-gradient":""},"mobile":{"background-color":"var(--ast-global-color-4)","background-image":"","background-repeat":"repeat","background-position":"center center","background-size":"auto","background-attachment":"scroll","background-type":"","background-media":"","overlay-type":"","overlay-color":"","overlay-opacity":"","overlay-gradient":""}}},"product_brand":[],"product_cat":[15],"product_tag":[5584,5585,5582,5587,1562,1409,5586,1392,5583,2356],"class_list":{"0":"post-19045","1":"product","2":"type-product","3":"status-publish","4":"has-post-thumbnail","6":"product_cat-uncategorized","7":"product_tag-autoritetas","8":"product_tag-elgesio-mokslai","9":"product_tag-elgsena","10":"product_tag-etiketas","11":"product_tag-itaka","12":"product_tag-motyvacija","13":"product_tag-principai","14":"product_tag-psichologija","15":"product_tag-socialinis-irodymas","16":"product_tag-verslas","17":"desktop-align-left","18":"tablet-align-left","19":"mobile-align-left","21":"first","22":"instock","23":"shipping-taxable","24":"purchasable","25":"product-type-simple"},"acf":[],"yoast_head":"<!-- This site is optimized with the Yoast SEO plugin v27.0 - https:\/\/yoast.com\/product\/yoast-seo-wordpress\/ -->\n<title>\u012etakos galia: kaip pasiekti savo tikslus<\/title>\n<meta name=\"description\" content=\"\u201eR. B. Cialdinis patobulino tai, kas jau yra klasika. \u0160is atnaujintas \u201e\u012etakos galios&quot; leidimas patvirtina, jog knyga per pastaruosius penkiasde\u0161imt met\u0173\" \/>\n<meta name=\"robots\" content=\"index, follow, max-snippet:-1, max-image-preview:large, max-video-preview:-1\" \/>\n<link rel=\"canonical\" href=\"https:\/\/skaitytaknyga.lt\/en\/produktas\/itakos-galia-kaip-pasiekti-savo-tikslus\/\" \/>\n<meta property=\"og:locale\" content=\"en_GB\" \/>\n<meta property=\"og:locale:alternate\" content=\"lt_LT\" \/>\n<meta property=\"og:type\" content=\"article\" \/>\n<meta property=\"og:title\" content=\"\u012etakos galia: kaip pasiekti savo tikslus\" \/>\n<meta property=\"og:description\" content=\"\u201eR. B. Cialdinis patobulino tai, kas jau yra klasika. \u0160is atnaujintas \u201e\u012etakos galios&quot; leidimas patvirtina, jog knyga per pastaruosius penkiasde\u0161imt met\u0173\" \/>\n<meta property=\"og:url\" content=\"https:\/\/skaitytaknyga.lt\/en\/produktas\/itakos-galia-kaip-pasiekti-savo-tikslus\/\" \/>\n<meta property=\"og:site_name\" content=\"Skaitytaknyga\" \/>\n<meta property=\"article:publisher\" content=\"https:\/\/www.facebook.com\/skaitytaknyga\/\" \/>\n<meta property=\"article:modified_time\" content=\"2025-06-26T12:06:29+00:00\" \/>\n<meta property=\"og:image\" content=\"https:\/\/skaitytaknyga.lt\/wp-content\/uploads\/2025\/06\/Itakos-galia-kaip-pasiekti-savo-tikslus-1.webp\" \/>\n\t<meta property=\"og:image:width\" content=\"403\" \/>\n\t<meta property=\"og:image:height\" content=\"600\" \/>\n\t<meta property=\"og:image:type\" content=\"image\/webp\" \/>\n<meta name=\"twitter:card\" content=\"summary_large_image\" \/>\n<meta name=\"twitter:label1\" content=\"Estimated reading time\" \/>\n\t<meta name=\"twitter:data1\" content=\"1 minute\" \/>\n<script type=\"application\/ld+json\" class=\"yoast-schema-graph\">{\"@context\":\"https:\/\/schema.org\",\"@graph\":[{\"@type\":\"WebPage\",\"@id\":\"https:\/\/skaitytaknyga.lt\/produktas\/itakos-galia-kaip-pasiekti-savo-tikslus\/\",\"url\":\"https:\/\/skaitytaknyga.lt\/produktas\/itakos-galia-kaip-pasiekti-savo-tikslus\/\",\"name\":\"\u012etakos galia: kaip pasiekti savo tikslus\",\"isPartOf\":{\"@id\":\"https:\/\/skaitytaknyga.lt\/#website\"},\"primaryImageOfPage\":{\"@id\":\"https:\/\/skaitytaknyga.lt\/produktas\/itakos-galia-kaip-pasiekti-savo-tikslus\/#primaryimage\"},\"image\":{\"@id\":\"https:\/\/skaitytaknyga.lt\/produktas\/itakos-galia-kaip-pasiekti-savo-tikslus\/#primaryimage\"},\"thumbnailUrl\":\"https:\/\/skaitytaknyga.lt\/wp-content\/uploads\/2025\/06\/Itakos-galia-kaip-pasiekti-savo-tikslus-1.webp\",\"datePublished\":\"2025-06-26T11:31:52+00:00\",\"dateModified\":\"2025-06-26T12:06:29+00:00\",\"description\":\"\u201eR. B. Cialdinis patobulino tai, kas jau yra klasika. \u0160is atnaujintas \u201e\u012etakos galios\\\" leidimas patvirtina, jog knyga per pastaruosius penkiasde\u0161imt met\u0173\",\"breadcrumb\":{\"@id\":\"https:\/\/skaitytaknyga.lt\/produktas\/itakos-galia-kaip-pasiekti-savo-tikslus\/#breadcrumb\"},\"inLanguage\":\"en-GB\",\"potentialAction\":[{\"@type\":\"ReadAction\",\"target\":[\"https:\/\/skaitytaknyga.lt\/produktas\/itakos-galia-kaip-pasiekti-savo-tikslus\/\"]}]},{\"@type\":\"ImageObject\",\"inLanguage\":\"en-GB\",\"@id\":\"https:\/\/skaitytaknyga.lt\/produktas\/itakos-galia-kaip-pasiekti-savo-tikslus\/#primaryimage\",\"url\":\"https:\/\/skaitytaknyga.lt\/wp-content\/uploads\/2025\/06\/Itakos-galia-kaip-pasiekti-savo-tikslus-1.webp\",\"contentUrl\":\"https:\/\/skaitytaknyga.lt\/wp-content\/uploads\/2025\/06\/Itakos-galia-kaip-pasiekti-savo-tikslus-1.webp\",\"width\":403,\"height\":600,\"caption\":\"https:\/\/skaitytaknyga.lt\/wp-content\/uploads\/2025\/06\/Itakos-galia-kaip-pasiekti-savo-tikslus-1.webp\"},{\"@type\":\"BreadcrumbList\",\"@id\":\"https:\/\/skaitytaknyga.lt\/produktas\/itakos-galia-kaip-pasiekti-savo-tikslus\/#breadcrumb\",\"itemListElement\":[{\"@type\":\"ListItem\",\"position\":1,\"name\":\"Home\",\"item\":\"https:\/\/skaitytaknyga.lt\/\"},{\"@type\":\"ListItem\",\"position\":2,\"name\":\"Parduotuv\u0117\",\"item\":\"https:\/\/skaitytaknyga.lt\/knygu-parduotuve\/\"},{\"@type\":\"ListItem\",\"position\":3,\"name\":\"\u012etakos galia: kaip pasiekti savo tikslus\"}]},{\"@type\":\"WebSite\",\"@id\":\"https:\/\/skaitytaknyga.lt\/#website\",\"url\":\"https:\/\/skaitytaknyga.lt\/\",\"name\":\"skaitytaknyga.lt\",\"description\":\"Skaitytaknyga.lt \u2013 tai ma\u017eas \u0161eimos verslas, kuris prasid\u0117jo nuo meil\u0117s knygoms ir siekio i\u0161gelb\u0117ti knygas nuo likimo prie konteinerio. Kas vienam nereikalingas daiktas \u2013 kitam lobis, o mes esame tarpininkai, kurie padeda abiems tapti laimingesniems ???? \u017dinome kaip nelengva i\u0161gyventi ma\u017eiems verslams, tad nuo \u0161iol, \u010dia rasite ir kit\u0173, ma\u017e\u0173 \u0161eim\u0173 versl\u0173, rank\u0173 darbo, dovan\u0173 sau ir artimiesiems.\",\"publisher\":{\"@id\":\"https:\/\/skaitytaknyga.lt\/#organization\"},\"potentialAction\":[{\"@type\":\"SearchAction\",\"target\":{\"@type\":\"EntryPoint\",\"urlTemplate\":\"https:\/\/skaitytaknyga.lt\/?s={search_term_string}\"},\"query-input\":{\"@type\":\"PropertyValueSpecification\",\"valueRequired\":true,\"valueName\":\"search_term_string\"}}],\"inLanguage\":\"en-GB\"},{\"@type\":\"Organization\",\"@id\":\"https:\/\/skaitytaknyga.lt\/#organization\",\"name\":\"skaitytaknyga.lt\",\"url\":\"https:\/\/skaitytaknyga.lt\/\",\"logo\":{\"@type\":\"ImageObject\",\"inLanguage\":\"en-GB\",\"@id\":\"https:\/\/skaitytaknyga.lt\/#\/schema\/logo\/image\/\",\"url\":\"https:\/\/skaitytaknyga.lt\/wp-content\/uploads\/2024\/05\/cropped-cropped-cropped-02_00843_jt3bggkj1j3HLc7SyY6rEUpg.jpeg\",\"contentUrl\":\"https:\/\/skaitytaknyga.lt\/wp-content\/uploads\/2024\/05\/cropped-cropped-cropped-02_00843_jt3bggkj1j3HLc7SyY6rEUpg.jpeg\",\"width\":1600,\"height\":1600,\"caption\":\"skaitytaknyga.lt\"},\"image\":{\"@id\":\"https:\/\/skaitytaknyga.lt\/#\/schema\/logo\/image\/\"},\"sameAs\":[\"https:\/\/www.facebook.com\/skaitytaknyga\/\"]}]}<\/script>\n<!-- \/ Yoast SEO plugin. -->","yoast_head_json":{"title":"\u012etakos galia: kaip pasiekti savo tikslus","description":"\u201eR. B. Cialdinis patobulino tai, kas jau yra klasika. \u0160is atnaujintas \u201e\u012etakos galios\" leidimas patvirtina, jog knyga per pastaruosius penkiasde\u0161imt met\u0173","robots":{"index":"index","follow":"follow","max-snippet":"max-snippet:-1","max-image-preview":"max-image-preview:large","max-video-preview":"max-video-preview:-1"},"canonical":"https:\/\/skaitytaknyga.lt\/en\/produktas\/itakos-galia-kaip-pasiekti-savo-tikslus\/","og_locale":"en_GB","og_type":"article","og_title":"[:lt]\u012etakos galia: kaip pasiekti savo tikslus[:] - Skaitytaknyga","og_description":"\u201eR. B. Cialdinis patobulino tai, kas jau yra klasika. \u0160is atnaujintas \u201e\u012etakos galios\" leidimas patvirtina, jog knyga per pastaruosius penkiasde\u0161imt met\u0173","og_url":"https:\/\/skaitytaknyga.lt\/en\/produktas\/itakos-galia-kaip-pasiekti-savo-tikslus\/","og_site_name":"Skaitytaknyga","article_publisher":"https:\/\/www.facebook.com\/skaitytaknyga\/","article_modified_time":"2025-06-26T12:06:29+00:00","og_image":[{"width":403,"height":600,"url":"https:\/\/skaitytaknyga.lt\/wp-content\/uploads\/2025\/06\/Itakos-galia-kaip-pasiekti-savo-tikslus-1.webp","type":"image\/webp"}],"twitter_card":"summary_large_image","twitter_misc":{"Estimated reading time":"1 minute"},"schema":{"@context":"https:\/\/schema.org","@graph":[{"@type":"WebPage","@id":"https:\/\/skaitytaknyga.lt\/produktas\/itakos-galia-kaip-pasiekti-savo-tikslus\/","url":"https:\/\/skaitytaknyga.lt\/produktas\/itakos-galia-kaip-pasiekti-savo-tikslus\/","name":"\u012etakos galia: kaip pasiekti savo tikslus","isPartOf":{"@id":"https:\/\/skaitytaknyga.lt\/#website"},"primaryImageOfPage":{"@id":"https:\/\/skaitytaknyga.lt\/produktas\/itakos-galia-kaip-pasiekti-savo-tikslus\/#primaryimage"},"image":{"@id":"https:\/\/skaitytaknyga.lt\/produktas\/itakos-galia-kaip-pasiekti-savo-tikslus\/#primaryimage"},"thumbnailUrl":"https:\/\/skaitytaknyga.lt\/wp-content\/uploads\/2025\/06\/Itakos-galia-kaip-pasiekti-savo-tikslus-1.webp","datePublished":"2025-06-26T11:31:52+00:00","dateModified":"2025-06-26T12:06:29+00:00","description":"\u201eR. B. Cialdinis patobulino tai, kas jau yra klasika. \u0160is atnaujintas \u201e\u012etakos galios\" leidimas patvirtina, jog knyga per pastaruosius penkiasde\u0161imt met\u0173","breadcrumb":{"@id":"https:\/\/skaitytaknyga.lt\/produktas\/itakos-galia-kaip-pasiekti-savo-tikslus\/#breadcrumb"},"inLanguage":"en-GB","potentialAction":[{"@type":"ReadAction","target":["https:\/\/skaitytaknyga.lt\/produktas\/itakos-galia-kaip-pasiekti-savo-tikslus\/"]}]},{"@type":"ImageObject","inLanguage":"en-GB","@id":"https:\/\/skaitytaknyga.lt\/produktas\/itakos-galia-kaip-pasiekti-savo-tikslus\/#primaryimage","url":"https:\/\/skaitytaknyga.lt\/wp-content\/uploads\/2025\/06\/Itakos-galia-kaip-pasiekti-savo-tikslus-1.webp","contentUrl":"https:\/\/skaitytaknyga.lt\/wp-content\/uploads\/2025\/06\/Itakos-galia-kaip-pasiekti-savo-tikslus-1.webp","width":403,"height":600,"caption":"https:\/\/skaitytaknyga.lt\/wp-content\/uploads\/2025\/06\/Itakos-galia-kaip-pasiekti-savo-tikslus-1.webp"},{"@type":"BreadcrumbList","@id":"https:\/\/skaitytaknyga.lt\/produktas\/itakos-galia-kaip-pasiekti-savo-tikslus\/#breadcrumb","itemListElement":[{"@type":"ListItem","position":1,"name":"Home","item":"https:\/\/skaitytaknyga.lt\/"},{"@type":"ListItem","position":2,"name":"Parduotuv\u0117","item":"https:\/\/skaitytaknyga.lt\/knygu-parduotuve\/"},{"@type":"ListItem","position":3,"name":"\u012etakos galia: kaip pasiekti savo tikslus"}]},{"@type":"WebSite","@id":"https:\/\/skaitytaknyga.lt\/#website","url":"https:\/\/skaitytaknyga.lt\/","name":"skaitytaknyga.lt","description":"Skaitytaknyga.lt \u2013 tai ma\u017eas \u0161eimos verslas, kuris prasid\u0117jo nuo meil\u0117s knygoms ir siekio i\u0161gelb\u0117ti knygas nuo likimo prie konteinerio. Kas vienam nereikalingas daiktas \u2013 kitam lobis, o mes esame tarpininkai, kurie padeda abiems tapti laimingesniems ???? \u017dinome kaip nelengva i\u0161gyventi ma\u017eiems verslams, tad nuo \u0161iol, \u010dia rasite ir kit\u0173, ma\u017e\u0173 \u0161eim\u0173 versl\u0173, rank\u0173 darbo, dovan\u0173 sau ir artimiesiems.","publisher":{"@id":"https:\/\/skaitytaknyga.lt\/#organization"},"potentialAction":[{"@type":"SearchAction","target":{"@type":"EntryPoint","urlTemplate":"https:\/\/skaitytaknyga.lt\/?s={search_term_string}"},"query-input":{"@type":"PropertyValueSpecification","valueRequired":true,"valueName":"search_term_string"}}],"inLanguage":"en-GB"},{"@type":"Organization","@id":"https:\/\/skaitytaknyga.lt\/#organization","name":"skaitytaknyga.lt","url":"https:\/\/skaitytaknyga.lt\/","logo":{"@type":"ImageObject","inLanguage":"en-GB","@id":"https:\/\/skaitytaknyga.lt\/#\/schema\/logo\/image\/","url":"https:\/\/skaitytaknyga.lt\/wp-content\/uploads\/2024\/05\/cropped-cropped-cropped-02_00843_jt3bggkj1j3HLc7SyY6rEUpg.jpeg","contentUrl":"https:\/\/skaitytaknyga.lt\/wp-content\/uploads\/2024\/05\/cropped-cropped-cropped-02_00843_jt3bggkj1j3HLc7SyY6rEUpg.jpeg","width":1600,"height":1600,"caption":"skaitytaknyga.lt"},"image":{"@id":"https:\/\/skaitytaknyga.lt\/#\/schema\/logo\/image\/"},"sameAs":["https:\/\/www.facebook.com\/skaitytaknyga\/"]}]}},"_links":{"self":[{"href":"https:\/\/skaitytaknyga.lt\/en\/wp-json\/wp\/v2\/product\/19045","targetHints":{"allow":["GET"]}}],"collection":[{"href":"https:\/\/skaitytaknyga.lt\/en\/wp-json\/wp\/v2\/product"}],"about":[{"href":"https:\/\/skaitytaknyga.lt\/en\/wp-json\/wp\/v2\/types\/product"}],"replies":[{"embeddable":true,"href":"https:\/\/skaitytaknyga.lt\/en\/wp-json\/wp\/v2\/comments?post=19045"}],"wp:featuredmedia":[{"embeddable":true,"href":"https:\/\/skaitytaknyga.lt\/en\/wp-json\/wp\/v2\/media\/19050"}],"wp:attachment":[{"href":"https:\/\/skaitytaknyga.lt\/en\/wp-json\/wp\/v2\/media?parent=19045"}],"wp:term":[{"taxonomy":"product_brand","embeddable":true,"href":"https:\/\/skaitytaknyga.lt\/en\/wp-json\/wp\/v2\/product_brand?post=19045"},{"taxonomy":"product_cat","embeddable":true,"href":"https:\/\/skaitytaknyga.lt\/en\/wp-json\/wp\/v2\/product_cat?post=19045"},{"taxonomy":"product_tag","embeddable":true,"href":"https:\/\/skaitytaknyga.lt\/en\/wp-json\/wp\/v2\/product_tag?post=19045"}],"curies":[{"name":"wp","href":"https:\/\/api.w.org\/{rel}","templated":true}]}}