{"id":19042,"date":"2025-06-26T14:24:48","date_gmt":"2025-06-26T11:24:48","guid":{"rendered":"https:\/\/skaitytaknyga.lt\/?post_type=product&#038;p=19042"},"modified":"2026-03-05T11:04:37","modified_gmt":"2026-03-05T09:04:37","slug":"stasys-saltoka-vieneri-metai","status":"publish","type":"product","link":"https:\/\/skaitytaknyga.lt\/en\/produktas\/stasys-saltoka-vieneri-metai\/","title":{"rendered":"Stasys \u0160altoka. Vieneri metai"},"content":{"rendered":"<p>Stasys \u0160altoka 29-ojo gimtadienio ryt\u0105 pabunda savo lovoje Niujorke su nepa\u017e\u012fstama moterimi ir supranta, kad jo dienos gerai atrodo tik per Instagram filtrus. Po fotogeni\u0161kais kasdienyb\u0117s pavir\u0161iais t\u016bno nerimas ir \u012f nugar\u0105 stuksena klausimas KOD\u0116L \u2013 k\u0105 the fuck daryt su savo gyvenimu? Stasys nusprend\u017eia keisti krypt\u012f ir i\u0161vyksta \u012f Pietry\u010di\u0173 Azij\u0105, \u010dia susiranda draug\u0173, kartu daro filmus apie tai, kaip mato tre\u010di\u0105j\u012f pasaul\u012f, kartais suvalgo wan tan mee, phad thai ar bulvi\u0173 ko\u0161yt\u0117s, viskas sk\u0119sta viskio ir sarkazmo up\u0117se, o viduje \u2013 tyla.<\/p>\n<p>Gabijos Gru\u0161ait\u0117s antrasis romanas \u201eStasys \u0160altoka: vieneri metai\u201c \u2013 \u0161iandienos istorija apie vidin\u0119 trisde\u0161imtme\u0303\u010dio transformacij\u0105, gilumines laim\u0117s ir prasm\u0117s paie\u0161kas gyvenimo pavir\u0161iuose ir \u017emogi\u0161k\u0105j\u012f santyk\u012f.<\/p>\n<p>Apdovanojimai ir nominacijos:<\/p>\n<p>Jurgos Ivanauskait\u0117s premija, 2018.<br \/>\nPenang Monthly Literary Prize, 2019.<br \/>\nMet\u0173 knygos rinkimai, 2019.<\/p>\n","protected":false},"excerpt":{"rendered":"<p>Stasys \u0160altoka 29-ojo gimtadienio ryt\u0105 pabunda savo lovoje Niujorke su nepa\u017e\u012fstama moterimi ir supranta, kad jo dienos gerai atrodo tik per Instagram filtrus. Po fotogeni\u0161kais kasdienyb\u0117s pavir\u0161iais t\u016bno nerimas ir \u012f nugar\u0105 stuksena klausimas KOD\u0116L \u2013 k\u0105 the fuck daryt su savo gyvenimu? Stasys nusprend\u017eia keisti krypt\u012f ir i\u0161vyksta \u012f Pietry\u010di\u0173 Azij\u0105, \u010dia susiranda draug\u0173, kartu daro filmus apie tai, kaip mato tre\u010di\u0105j\u012f pasaul\u012f, kartais suvalgo wan tan mee, phad thai ar bulvi\u0173 ko\u0161yt\u0117s, viskas sk\u0119sta viskio ir sarkazmo up\u0117se, o viduje \u2013 tyla. Gabijos Gru\u0161ait\u0117s antrasis romanas \u201eStasys \u0160altoka: vieneri metai\u201c \u2013 \u0161iandienos istorija apie vidin\u0119 trisde\u0161imtme\u0303\u010dio transformacij\u0105, gilumines laim\u0117s ir prasm\u0117s paie\u0161kas gyvenimo pavir\u0161iuose ir \u017emogi\u0161k\u0105j\u012f santyk\u012f. Apdovanojimai ir nominacijos: Jurgos Ivanauskait\u0117s premija, 2018. Penang Monthly Literary Prize, 2019. Met\u0173 knygos rinkimai, 2019.<\/p>\n","protected":false},"featured_media":19043,"comment_status":"open","ping_status":"closed","template":"","meta":{"_acf_changed":false,"site-sidebar-layout":"default","site-content-layout":"","ast-site-content-layout":"default","site-content-style":"default","site-sidebar-style":"default","ast-global-header-display":"","ast-banner-title-visibility":"","ast-main-header-display":"","ast-hfb-above-header-display":"","ast-hfb-below-header-display":"","ast-hfb-mobile-header-display":"","site-post-title":"","ast-breadcrumbs-content":"","ast-featured-img":"","footer-sml-layout":"","ast-disable-related-posts":"","theme-transparent-header-meta":"","adv-header-id-meta":"","stick-header-meta":"","header-above-stick-meta":"","header-main-stick-meta":"","header-below-stick-meta":"","astra-migrate-meta-layouts":"default","ast-page-background-enabled":"default","ast-page-background-meta":{"desktop":{"background-color":"","background-image":"","background-repeat":"repeat","background-position":"center center","background-size":"auto","background-attachment":"scroll","background-type":"","background-media":"","overlay-type":"","overlay-color":"","overlay-opacity":"","overlay-gradient":""},"tablet":{"background-color":"","background-image":"","background-repeat":"repeat","background-position":"center center","background-size":"auto","background-attachment":"scroll","background-type":"","background-media":"","overlay-type":"","overlay-color":"","overlay-opacity":"","overlay-gradient":""},"mobile":{"background-color":"","background-image":"","background-repeat":"repeat","background-position":"center center","background-size":"auto","background-attachment":"scroll","background-type":"","background-media":"","overlay-type":"","overlay-color":"","overlay-opacity":"","overlay-gradient":""}},"ast-content-background-meta":{"desktop":{"background-color":"var(--ast-global-color-4)","background-image":"","background-repeat":"repeat","background-position":"center center","background-size":"auto","background-attachment":"scroll","background-type":"","background-media":"","overlay-type":"","overlay-color":"","overlay-opacity":"","overlay-gradient":""},"tablet":{"background-color":"var(--ast-global-color-4)","background-image":"","background-repeat":"repeat","background-position":"center center","background-size":"auto","background-attachment":"scroll","background-type":"","background-media":"","overlay-type":"","overlay-color":"","overlay-opacity":"","overlay-gradient":""},"mobile":{"background-color":"var(--ast-global-color-4)","background-image":"","background-repeat":"repeat","background-position":"center center","background-size":"auto","background-attachment":"scroll","background-type":"","background-media":"","overlay-type":"","overlay-color":"","overlay-opacity":"","overlay-gradient":""}}},"product_brand":[],"product_cat":[9590],"product_tag":[],"class_list":{"0":"post-19042","1":"product","2":"type-product","3":"status-publish","4":"has-post-thumbnail","6":"product_cat-lietuviu-literatura","7":"desktop-align-left","8":"tablet-align-left","9":"mobile-align-left","11":"first","12":"instock","13":"shipping-taxable","14":"purchasable","15":"product-type-simple"},"acf":[],"yoast_head":"<!-- This site is optimized with the Yoast SEO plugin v27.0 - https:\/\/yoast.com\/product\/yoast-seo-wordpress\/ -->\n<title>Stasys \u0160altoka. Vieneri metai<\/title>\n<meta name=\"description\" content=\"Stasys \u0160altoka 29-ojo gimtadienio ryt\u0105 pabunda savo lovoje Niujorke su nepa\u017e\u012fstama moterimi ir supranta, kad jo dienos gerai atrodo tik per Instagram\" \/>\n<meta name=\"robots\" content=\"index, follow, max-snippet:-1, max-image-preview:large, max-video-preview:-1\" \/>\n<link rel=\"canonical\" href=\"https:\/\/skaitytaknyga.lt\/en\/produktas\/stasys-saltoka-vieneri-metai\/\" \/>\n<meta property=\"og:locale\" content=\"en_GB\" \/>\n<meta property=\"og:locale:alternate\" content=\"lt_LT\" \/>\n<meta property=\"og:type\" content=\"article\" \/>\n<meta property=\"og:title\" content=\"Stasys \u0160altoka. Vieneri metai\" \/>\n<meta property=\"og:description\" content=\"Stasys \u0160altoka 29-ojo gimtadienio ryt\u0105 pabunda savo lovoje Niujorke su nepa\u017e\u012fstama moterimi ir supranta, kad jo dienos gerai atrodo tik per Instagram\" \/>\n<meta property=\"og:url\" content=\"https:\/\/skaitytaknyga.lt\/en\/produktas\/stasys-saltoka-vieneri-metai\/\" \/>\n<meta property=\"og:site_name\" content=\"Skaitytaknyga\" \/>\n<meta property=\"article:publisher\" content=\"https:\/\/www.facebook.com\/skaitytaknyga\/\" \/>\n<meta property=\"article:modified_time\" content=\"2026-03-05T09:04:37+00:00\" \/>\n<meta property=\"og:image\" content=\"https:\/\/skaitytaknyga.lt\/wp-content\/uploads\/2025\/06\/Stasys-Saltoka.-Vieneri-metai.webp\" \/>\n\t<meta property=\"og:image:width\" content=\"514\" \/>\n\t<meta property=\"og:image:height\" content=\"801\" \/>\n\t<meta property=\"og:image:type\" content=\"image\/webp\" \/>\n<meta name=\"twitter:card\" content=\"summary_large_image\" \/>\n<meta name=\"twitter:label1\" content=\"Estimated reading time\" \/>\n\t<meta name=\"twitter:data1\" content=\"1 minute\" \/>\n<script type=\"application\/ld+json\" class=\"yoast-schema-graph\">{\"@context\":\"https:\/\/schema.org\",\"@graph\":[{\"@type\":\"WebPage\",\"@id\":\"https:\/\/skaitytaknyga.lt\/produktas\/stasys-saltoka-vieneri-metai\/\",\"url\":\"https:\/\/skaitytaknyga.lt\/produktas\/stasys-saltoka-vieneri-metai\/\",\"name\":\"Stasys \u0160altoka. Vieneri metai\",\"isPartOf\":{\"@id\":\"https:\/\/skaitytaknyga.lt\/#website\"},\"primaryImageOfPage\":{\"@id\":\"https:\/\/skaitytaknyga.lt\/produktas\/stasys-saltoka-vieneri-metai\/#primaryimage\"},\"image\":{\"@id\":\"https:\/\/skaitytaknyga.lt\/produktas\/stasys-saltoka-vieneri-metai\/#primaryimage\"},\"thumbnailUrl\":\"https:\/\/skaitytaknyga.lt\/wp-content\/uploads\/2025\/06\/Stasys-Saltoka.-Vieneri-metai.webp\",\"datePublished\":\"2025-06-26T11:24:48+00:00\",\"dateModified\":\"2026-03-05T09:04:37+00:00\",\"description\":\"Stasys \u0160altoka 29-ojo gimtadienio ryt\u0105 pabunda savo lovoje Niujorke su nepa\u017e\u012fstama moterimi ir supranta, kad jo dienos gerai atrodo tik per Instagram\",\"breadcrumb\":{\"@id\":\"https:\/\/skaitytaknyga.lt\/produktas\/stasys-saltoka-vieneri-metai\/#breadcrumb\"},\"inLanguage\":\"en-GB\",\"potentialAction\":[{\"@type\":\"ReadAction\",\"target\":[\"https:\/\/skaitytaknyga.lt\/produktas\/stasys-saltoka-vieneri-metai\/\"]}]},{\"@type\":\"ImageObject\",\"inLanguage\":\"en-GB\",\"@id\":\"https:\/\/skaitytaknyga.lt\/produktas\/stasys-saltoka-vieneri-metai\/#primaryimage\",\"url\":\"https:\/\/skaitytaknyga.lt\/wp-content\/uploads\/2025\/06\/Stasys-Saltoka.-Vieneri-metai.webp\",\"contentUrl\":\"https:\/\/skaitytaknyga.lt\/wp-content\/uploads\/2025\/06\/Stasys-Saltoka.-Vieneri-metai.webp\",\"width\":514,\"height\":801,\"caption\":\"Stasys \u0160altoka. Vieneri metai\"},{\"@type\":\"BreadcrumbList\",\"@id\":\"https:\/\/skaitytaknyga.lt\/produktas\/stasys-saltoka-vieneri-metai\/#breadcrumb\",\"itemListElement\":[{\"@type\":\"ListItem\",\"position\":1,\"name\":\"Home\",\"item\":\"https:\/\/skaitytaknyga.lt\/\"},{\"@type\":\"ListItem\",\"position\":2,\"name\":\"Parduotuv\u0117\",\"item\":\"https:\/\/skaitytaknyga.lt\/knygu-parduotuve\/\"},{\"@type\":\"ListItem\",\"position\":3,\"name\":\"Stasys \u0160altoka. Vieneri metai\"}]},{\"@type\":\"WebSite\",\"@id\":\"https:\/\/skaitytaknyga.lt\/#website\",\"url\":\"https:\/\/skaitytaknyga.lt\/\",\"name\":\"skaitytaknyga.lt\",\"description\":\"Skaitytaknyga.lt \u2013 tai ma\u017eas \u0161eimos verslas, kuris prasid\u0117jo nuo meil\u0117s knygoms ir siekio i\u0161gelb\u0117ti knygas nuo likimo prie konteinerio. Kas vienam nereikalingas daiktas \u2013 kitam lobis, o mes esame tarpininkai, kurie padeda abiems tapti laimingesniems ???? \u017dinome kaip nelengva i\u0161gyventi ma\u017eiems verslams, tad nuo \u0161iol, \u010dia rasite ir kit\u0173, ma\u017e\u0173 \u0161eim\u0173 versl\u0173, rank\u0173 darbo, dovan\u0173 sau ir artimiesiems.\",\"publisher\":{\"@id\":\"https:\/\/skaitytaknyga.lt\/#organization\"},\"potentialAction\":[{\"@type\":\"SearchAction\",\"target\":{\"@type\":\"EntryPoint\",\"urlTemplate\":\"https:\/\/skaitytaknyga.lt\/?s={search_term_string}\"},\"query-input\":{\"@type\":\"PropertyValueSpecification\",\"valueRequired\":true,\"valueName\":\"search_term_string\"}}],\"inLanguage\":\"en-GB\"},{\"@type\":\"Organization\",\"@id\":\"https:\/\/skaitytaknyga.lt\/#organization\",\"name\":\"skaitytaknyga.lt\",\"url\":\"https:\/\/skaitytaknyga.lt\/\",\"logo\":{\"@type\":\"ImageObject\",\"inLanguage\":\"en-GB\",\"@id\":\"https:\/\/skaitytaknyga.lt\/#\/schema\/logo\/image\/\",\"url\":\"https:\/\/skaitytaknyga.lt\/wp-content\/uploads\/2024\/05\/cropped-cropped-cropped-02_00843_jt3bggkj1j3HLc7SyY6rEUpg.jpeg\",\"contentUrl\":\"https:\/\/skaitytaknyga.lt\/wp-content\/uploads\/2024\/05\/cropped-cropped-cropped-02_00843_jt3bggkj1j3HLc7SyY6rEUpg.jpeg\",\"width\":1600,\"height\":1600,\"caption\":\"skaitytaknyga.lt\"},\"image\":{\"@id\":\"https:\/\/skaitytaknyga.lt\/#\/schema\/logo\/image\/\"},\"sameAs\":[\"https:\/\/www.facebook.com\/skaitytaknyga\/\"]}]}<\/script>\n<!-- \/ Yoast SEO plugin. -->","yoast_head_json":{"title":"Stasys \u0160altoka. Vieneri metai","description":"Stasys \u0160altoka 29-ojo gimtadienio ryt\u0105 pabunda savo lovoje Niujorke su nepa\u017e\u012fstama moterimi ir supranta, kad jo dienos gerai atrodo tik per Instagram","robots":{"index":"index","follow":"follow","max-snippet":"max-snippet:-1","max-image-preview":"max-image-preview:large","max-video-preview":"max-video-preview:-1"},"canonical":"https:\/\/skaitytaknyga.lt\/en\/produktas\/stasys-saltoka-vieneri-metai\/","og_locale":"en_GB","og_type":"article","og_title":"[:lt]Stasys \u0160altoka. Vieneri metai[:] - Skaitytaknyga","og_description":"Stasys \u0160altoka 29-ojo gimtadienio ryt\u0105 pabunda savo lovoje Niujorke su nepa\u017e\u012fstama moterimi ir supranta, kad jo dienos gerai atrodo tik per Instagram","og_url":"https:\/\/skaitytaknyga.lt\/en\/produktas\/stasys-saltoka-vieneri-metai\/","og_site_name":"Skaitytaknyga","article_publisher":"https:\/\/www.facebook.com\/skaitytaknyga\/","article_modified_time":"2026-03-05T09:04:37+00:00","og_image":[{"width":514,"height":801,"url":"https:\/\/skaitytaknyga.lt\/wp-content\/uploads\/2025\/06\/Stasys-Saltoka.-Vieneri-metai.webp","type":"image\/webp"}],"twitter_card":"summary_large_image","twitter_misc":{"Estimated reading time":"1 minute"},"schema":{"@context":"https:\/\/schema.org","@graph":[{"@type":"WebPage","@id":"https:\/\/skaitytaknyga.lt\/produktas\/stasys-saltoka-vieneri-metai\/","url":"https:\/\/skaitytaknyga.lt\/produktas\/stasys-saltoka-vieneri-metai\/","name":"Stasys \u0160altoka. Vieneri metai","isPartOf":{"@id":"https:\/\/skaitytaknyga.lt\/#website"},"primaryImageOfPage":{"@id":"https:\/\/skaitytaknyga.lt\/produktas\/stasys-saltoka-vieneri-metai\/#primaryimage"},"image":{"@id":"https:\/\/skaitytaknyga.lt\/produktas\/stasys-saltoka-vieneri-metai\/#primaryimage"},"thumbnailUrl":"https:\/\/skaitytaknyga.lt\/wp-content\/uploads\/2025\/06\/Stasys-Saltoka.-Vieneri-metai.webp","datePublished":"2025-06-26T11:24:48+00:00","dateModified":"2026-03-05T09:04:37+00:00","description":"Stasys \u0160altoka 29-ojo gimtadienio ryt\u0105 pabunda savo lovoje Niujorke su nepa\u017e\u012fstama moterimi ir supranta, kad jo dienos gerai atrodo tik per Instagram","breadcrumb":{"@id":"https:\/\/skaitytaknyga.lt\/produktas\/stasys-saltoka-vieneri-metai\/#breadcrumb"},"inLanguage":"en-GB","potentialAction":[{"@type":"ReadAction","target":["https:\/\/skaitytaknyga.lt\/produktas\/stasys-saltoka-vieneri-metai\/"]}]},{"@type":"ImageObject","inLanguage":"en-GB","@id":"https:\/\/skaitytaknyga.lt\/produktas\/stasys-saltoka-vieneri-metai\/#primaryimage","url":"https:\/\/skaitytaknyga.lt\/wp-content\/uploads\/2025\/06\/Stasys-Saltoka.-Vieneri-metai.webp","contentUrl":"https:\/\/skaitytaknyga.lt\/wp-content\/uploads\/2025\/06\/Stasys-Saltoka.-Vieneri-metai.webp","width":514,"height":801,"caption":"Stasys \u0160altoka. Vieneri metai"},{"@type":"BreadcrumbList","@id":"https:\/\/skaitytaknyga.lt\/produktas\/stasys-saltoka-vieneri-metai\/#breadcrumb","itemListElement":[{"@type":"ListItem","position":1,"name":"Home","item":"https:\/\/skaitytaknyga.lt\/"},{"@type":"ListItem","position":2,"name":"Parduotuv\u0117","item":"https:\/\/skaitytaknyga.lt\/knygu-parduotuve\/"},{"@type":"ListItem","position":3,"name":"Stasys \u0160altoka. Vieneri metai"}]},{"@type":"WebSite","@id":"https:\/\/skaitytaknyga.lt\/#website","url":"https:\/\/skaitytaknyga.lt\/","name":"skaitytaknyga.lt","description":"Skaitytaknyga.lt \u2013 tai ma\u017eas \u0161eimos verslas, kuris prasid\u0117jo nuo meil\u0117s knygoms ir siekio i\u0161gelb\u0117ti knygas nuo likimo prie konteinerio. Kas vienam nereikalingas daiktas \u2013 kitam lobis, o mes esame tarpininkai, kurie padeda abiems tapti laimingesniems ???? \u017dinome kaip nelengva i\u0161gyventi ma\u017eiems verslams, tad nuo \u0161iol, \u010dia rasite ir kit\u0173, ma\u017e\u0173 \u0161eim\u0173 versl\u0173, rank\u0173 darbo, dovan\u0173 sau ir artimiesiems.","publisher":{"@id":"https:\/\/skaitytaknyga.lt\/#organization"},"potentialAction":[{"@type":"SearchAction","target":{"@type":"EntryPoint","urlTemplate":"https:\/\/skaitytaknyga.lt\/?s={search_term_string}"},"query-input":{"@type":"PropertyValueSpecification","valueRequired":true,"valueName":"search_term_string"}}],"inLanguage":"en-GB"},{"@type":"Organization","@id":"https:\/\/skaitytaknyga.lt\/#organization","name":"skaitytaknyga.lt","url":"https:\/\/skaitytaknyga.lt\/","logo":{"@type":"ImageObject","inLanguage":"en-GB","@id":"https:\/\/skaitytaknyga.lt\/#\/schema\/logo\/image\/","url":"https:\/\/skaitytaknyga.lt\/wp-content\/uploads\/2024\/05\/cropped-cropped-cropped-02_00843_jt3bggkj1j3HLc7SyY6rEUpg.jpeg","contentUrl":"https:\/\/skaitytaknyga.lt\/wp-content\/uploads\/2024\/05\/cropped-cropped-cropped-02_00843_jt3bggkj1j3HLc7SyY6rEUpg.jpeg","width":1600,"height":1600,"caption":"skaitytaknyga.lt"},"image":{"@id":"https:\/\/skaitytaknyga.lt\/#\/schema\/logo\/image\/"},"sameAs":["https:\/\/www.facebook.com\/skaitytaknyga\/"]}]}},"_links":{"self":[{"href":"https:\/\/skaitytaknyga.lt\/en\/wp-json\/wp\/v2\/product\/19042","targetHints":{"allow":["GET"]}}],"collection":[{"href":"https:\/\/skaitytaknyga.lt\/en\/wp-json\/wp\/v2\/product"}],"about":[{"href":"https:\/\/skaitytaknyga.lt\/en\/wp-json\/wp\/v2\/types\/product"}],"replies":[{"embeddable":true,"href":"https:\/\/skaitytaknyga.lt\/en\/wp-json\/wp\/v2\/comments?post=19042"}],"wp:featuredmedia":[{"embeddable":true,"href":"https:\/\/skaitytaknyga.lt\/en\/wp-json\/wp\/v2\/media\/19043"}],"wp:attachment":[{"href":"https:\/\/skaitytaknyga.lt\/en\/wp-json\/wp\/v2\/media?parent=19042"}],"wp:term":[{"taxonomy":"product_brand","embeddable":true,"href":"https:\/\/skaitytaknyga.lt\/en\/wp-json\/wp\/v2\/product_brand?post=19042"},{"taxonomy":"product_cat","embeddable":true,"href":"https:\/\/skaitytaknyga.lt\/en\/wp-json\/wp\/v2\/product_cat?post=19042"},{"taxonomy":"product_tag","embeddable":true,"href":"https:\/\/skaitytaknyga.lt\/en\/wp-json\/wp\/v2\/product_tag?post=19042"}],"curies":[{"name":"wp","href":"https:\/\/api.w.org\/{rel}","templated":true}]}}