{"id":19036,"date":"2025-06-26T14:12:06","date_gmt":"2025-06-26T11:12:06","guid":{"rendered":"https:\/\/skaitytaknyga.lt\/?post_type=product&#038;p=19036"},"modified":"2025-07-07T09:26:22","modified_gmt":"2025-07-07T06:26:22","slug":"as-tu-atostogos","status":"publish","type":"product","link":"https:\/\/skaitytaknyga.lt\/en\/produktas\/as-tu-atostogos\/","title":{"rendered":"A\u0161, tu, atostogos"},"content":{"rendered":"<p>\u201eD\u017eiaugsmo pli\u016bpsnis, jausmas, kad tokia ir yra gyvenimo prasm\u0117 \u2013 b\u016bti gra\u017eioj vietoj su mylimu \u017emogum&#8230;&#8221;<\/p>\n<p>Pop\u0117 ir Aleksas. Aleksas ir Pop\u0117. Ji \u2013 vietoje nenustygstanti, spontani\u0161ka svajotoja, jis \u2013 ramus, s\u0117sli\u0105 rutin\u0105 vertinantis knyg\u0173 grau\u017eikas. Bet nuo koled\u017eo laik\u0173 jiedu \u2013 geriausi draugai. Nors Pop\u0119 ir Aleks\u0105 skiria \u0161imtai kilometr\u0173, net de\u0161imt met\u0173 jie kas vasar\u0105 kartu i\u0161vyksta savait\u0119 tobulai paatostogauti, vis artimiau pa\u017eindami pasaul\u012f ir vienas kit\u0105. Ta\u010diau po vienos tokios kelion\u0117s draugai nustoja kalb\u0117tis&#8230;<\/p>\n<p>Dabar Pop\u0117 turi visk\u0105, apie k\u0105 svajojo. Tiesa, paklausta, kada jaut\u0117si nuo\u0161ird\u017eiai laiminga, ji supranta \u2013 tik prie\u0161 dvejus metus, paskutin\u012f kart\u0105 atostogaudama su Aleksu. Pop\u0117 nusprend\u017eia \u012ftikinti buvus\u012f artimiausi\u0105 draug\u0105 dar syk\u012f kartu pakeliauti. Keista \u2013 Aleksas sutinka.<\/p>\n<p>Du geriausi draugai. Viena kelion\u0117. Paskutinis \u0161ansas meilei.<\/p>\n<p>Emily Henry (Emili Henri) \u2013 amerikiet\u0117, \u201eNew York Times\u201c bestselerio \u201eVasaros romanas\u201c (\u201eBaltos lankos\u201c, 2022) autor\u0117. \u201eA\u0161, tu, atostogos\u201c 2021-aisiais tapo \u201eGoodreads Choice Awards\u201c nugal\u0117toja meil\u0117s roman\u0173 kategorijoje ir pateko \u012f \u201eA Tonight Show Starring Jimmy Fallon\u201c geriausi\u0173 vasaros knyg\u0173 s\u0105ra\u0161\u0105. Autor\u0119 galite sekti platformoje \u201eInstagram\u201c \u2013 @emilyhenrywrites.<\/p>\n<p>\u201eEmily Henry talentas geriausiai atsiskleid\u017eia kibirk\u0161\u010di\u0173 ir gera\u0161irdi\u0161k\u0173 juokeli\u0173 kupinuose Pop\u0117s ir Alekso pokalbiuose. Tai istorija, atiduodanti duokl\u0119 klasikin\u0117ms romantin\u0117ms komedijoms, bet kartu i\u0161laikanti savit\u0105 po\u017ei\u016br\u012f.&#8221; \u2013 Kirkus Reviews<\/p>\n<p>\u201eE. Henry \u2013 tikra \u017evaig\u017ed\u0117! Itin jausminga ir \u0161maik\u0161ti&#8230; Pop\u0117 ir Aleksas atrodo tokie tikri, juos lengva pamilti b\u016btent d\u0117l \u017emogi\u0161k\u0173 tr\u016bkum\u0173. O j\u0173 vasaros kelion\u0117s ypa\u010d patiks i\u0161siilgusiems atostog\u0173. Tobula knyga vasarai!&#8221; \u2013 Alexis Daria<\/p>\n","protected":false},"excerpt":{"rendered":"<p>\u201eD\u017eiaugsmo pli\u016bpsnis, jausmas, kad tokia ir yra gyvenimo prasm\u0117 \u2013 b\u016bti gra\u017eioj vietoj su mylimu \u017emogum&#8230;&#8221; Pop\u0117 ir Aleksas. Aleksas ir Pop\u0117. Ji \u2013 vietoje nenustygstanti, spontani\u0161ka svajotoja, jis \u2013 ramus, s\u0117sli\u0105 rutin\u0105 vertinantis knyg\u0173 grau\u017eikas. Bet nuo koled\u017eo laik\u0173 jiedu \u2013 geriausi draugai. Nors Pop\u0119 ir Aleks\u0105 skiria \u0161imtai kilometr\u0173, net de\u0161imt met\u0173 jie kas vasar\u0105 kartu i\u0161vyksta savait\u0119 tobulai paatostogauti, vis artimiau pa\u017eindami pasaul\u012f ir vienas kit\u0105. Ta\u010diau po vienos tokios kelion\u0117s draugai nustoja kalb\u0117tis&#8230; Dabar Pop\u0117 turi visk\u0105, apie k\u0105 svajojo. Tiesa, paklausta, kada jaut\u0117si nuo\u0161ird\u017eiai laiminga, ji supranta \u2013 tik prie\u0161 dvejus metus, paskutin\u012f kart\u0105 atostogaudama su Aleksu. Pop\u0117 nusprend\u017eia \u012ftikinti buvus\u012f artimiausi\u0105 draug\u0105 dar syk\u012f kartu pakeliauti. Keista \u2013 Aleksas sutinka. Du geriausi draugai. Viena kelion\u0117. Paskutinis \u0161ansas meilei. Emily Henry (Emili Henri) \u2013 amerikiet\u0117, \u201eNew York Times\u201c bestselerio \u201eVasaros romanas\u201c (\u201eBaltos lankos\u201c, 2022) autor\u0117. \u201eA\u0161, tu, atostogos\u201c 2021-aisiais tapo \u201eGoodreads Choice Awards\u201c nugal\u0117toja meil\u0117s roman\u0173 kategorijoje ir pateko \u012f \u201eA Tonight Show Starring Jimmy Fallon\u201c geriausi\u0173 vasaros knyg\u0173 s\u0105ra\u0161\u0105. Autor\u0119 galite sekti platformoje \u201eInstagram\u201c \u2013 @emilyhenrywrites. \u201eEmily Henry talentas geriausiai atsiskleid\u017eia kibirk\u0161\u010di\u0173 ir gera\u0161irdi\u0161k\u0173 juokeli\u0173 kupinuose Pop\u0117s ir Alekso pokalbiuose. Tai istorija, atiduodanti duokl\u0119 klasikin\u0117ms romantin\u0117ms komedijoms, bet kartu i\u0161laikanti savit\u0105 po\u017ei\u016br\u012f.&#8221; \u2013 Kirkus Reviews \u201eE. Henry \u2013 tikra \u017evaig\u017ed\u0117! Itin jausminga ir \u0161maik\u0161ti&#8230; Pop\u0117 ir Aleksas atrodo tokie tikri, juos lengva pamilti b\u016btent d\u0117l \u017emogi\u0161k\u0173 tr\u016bkum\u0173. O j\u0173 vasaros kelion\u0117s ypa\u010d patiks i\u0161siilgusiems atostog\u0173. Tobula knyga vasarai!&#8221; \u2013 Alexis Daria<\/p>\n","protected":false},"featured_media":19041,"comment_status":"open","ping_status":"closed","template":"","meta":{"_acf_changed":false,"site-sidebar-layout":"default","site-content-layout":"","ast-site-content-layout":"default","site-content-style":"default","site-sidebar-style":"default","ast-global-header-display":"","ast-banner-title-visibility":"","ast-main-header-display":"","ast-hfb-above-header-display":"","ast-hfb-below-header-display":"","ast-hfb-mobile-header-display":"","site-post-title":"","ast-breadcrumbs-content":"","ast-featured-img":"","footer-sml-layout":"","ast-disable-related-posts":"","theme-transparent-header-meta":"","adv-header-id-meta":"","stick-header-meta":"","header-above-stick-meta":"","header-main-stick-meta":"","header-below-stick-meta":"","astra-migrate-meta-layouts":"default","ast-page-background-enabled":"default","ast-page-background-meta":{"desktop":{"background-color":"","background-image":"","background-repeat":"repeat","background-position":"center center","background-size":"auto","background-attachment":"scroll","background-type":"","background-media":"","overlay-type":"","overlay-color":"","overlay-opacity":"","overlay-gradient":""},"tablet":{"background-color":"","background-image":"","background-repeat":"repeat","background-position":"center center","background-size":"auto","background-attachment":"scroll","background-type":"","background-media":"","overlay-type":"","overlay-color":"","overlay-opacity":"","overlay-gradient":""},"mobile":{"background-color":"","background-image":"","background-repeat":"repeat","background-position":"center center","background-size":"auto","background-attachment":"scroll","background-type":"","background-media":"","overlay-type":"","overlay-color":"","overlay-opacity":"","overlay-gradient":""}},"ast-content-background-meta":{"desktop":{"background-color":"var(--ast-global-color-4)","background-image":"","background-repeat":"repeat","background-position":"center center","background-size":"auto","background-attachment":"scroll","background-type":"","background-media":"","overlay-type":"","overlay-color":"","overlay-opacity":"","overlay-gradient":""},"tablet":{"background-color":"var(--ast-global-color-4)","background-image":"","background-repeat":"repeat","background-position":"center center","background-size":"auto","background-attachment":"scroll","background-type":"","background-media":"","overlay-type":"","overlay-color":"","overlay-opacity":"","overlay-gradient":""},"mobile":{"background-color":"var(--ast-global-color-4)","background-image":"","background-repeat":"repeat","background-position":"center center","background-size":"auto","background-attachment":"scroll","background-type":"","background-media":"","overlay-type":"","overlay-color":"","overlay-opacity":"","overlay-gradient":""}}},"product_brand":[],"product_cat":[31],"product_tag":[5549,4803,1647,5576,5580,5578,1445,1796,5579,2705,5577],"class_list":{"0":"post-19036","1":"product","2":"type-product","3":"status-publish","4":"has-post-thumbnail","6":"product_cat-grozine-literatura","7":"product_tag-as","8":"product_tag-atostogos","9":"product_tag-draugyste","10":"product_tag-emily-henry","11":"product_tag-goodreads","12":"product_tag-instagram","13":"product_tag-keliones","14":"product_tag-meile","15":"product_tag-new-york-times","16":"product_tag-romantinis-romanas","17":"product_tag-tu","18":"desktop-align-left","19":"tablet-align-left","20":"mobile-align-left","22":"first","23":"instock","24":"shipping-taxable","25":"purchasable","26":"product-type-simple"},"acf":[],"yoast_head":"<!-- This site is optimized with the Yoast SEO plugin v27.0 - https:\/\/yoast.com\/product\/yoast-seo-wordpress\/ -->\n<title>A\u0161, tu, atostogos<\/title>\n<meta name=\"description\" content=\"\u201eD\u017eiaugsmo pli\u016bpsnis, jausmas, kad tokia ir yra gyvenimo prasm\u0117 \u2013 b\u016bti gra\u017eioj vietoj su mylimu \u017emogum...&quot; Pop\u0117 ir Aleksas. Aleksas ir Pop\u0117. Ji \u2013 vietoje\" \/>\n<meta name=\"robots\" content=\"index, follow, max-snippet:-1, max-image-preview:large, max-video-preview:-1\" \/>\n<link rel=\"canonical\" href=\"https:\/\/skaitytaknyga.lt\/en\/produktas\/as-tu-atostogos\/\" \/>\n<meta property=\"og:locale\" content=\"en_GB\" \/>\n<meta property=\"og:locale:alternate\" content=\"lt_LT\" \/>\n<meta property=\"og:type\" content=\"article\" \/>\n<meta property=\"og:title\" content=\"A\u0161, tu, atostogos\" \/>\n<meta property=\"og:description\" content=\"\u201eD\u017eiaugsmo pli\u016bpsnis, jausmas, kad tokia ir yra gyvenimo prasm\u0117 \u2013 b\u016bti gra\u017eioj vietoj su mylimu \u017emogum...&quot; Pop\u0117 ir Aleksas. Aleksas ir Pop\u0117. Ji \u2013 vietoje\" \/>\n<meta property=\"og:url\" content=\"https:\/\/skaitytaknyga.lt\/en\/produktas\/as-tu-atostogos\/\" \/>\n<meta property=\"og:site_name\" content=\"Skaitytaknyga\" \/>\n<meta property=\"article:publisher\" content=\"https:\/\/www.facebook.com\/skaitytaknyga\/\" \/>\n<meta property=\"article:modified_time\" content=\"2025-07-07T06:26:22+00:00\" \/>\n<meta property=\"og:image\" content=\"https:\/\/skaitytaknyga.lt\/wp-content\/uploads\/2025\/06\/As-tu-atostogos.webp\" \/>\n\t<meta property=\"og:image:width\" content=\"544\" \/>\n\t<meta property=\"og:image:height\" content=\"786\" \/>\n\t<meta property=\"og:image:type\" content=\"image\/webp\" \/>\n<meta name=\"twitter:card\" content=\"summary_large_image\" \/>\n<meta name=\"twitter:label1\" content=\"Estimated reading time\" \/>\n\t<meta name=\"twitter:data1\" content=\"1 minute\" \/>\n<script type=\"application\/ld+json\" class=\"yoast-schema-graph\">{\"@context\":\"https:\/\/schema.org\",\"@graph\":[{\"@type\":\"WebPage\",\"@id\":\"https:\/\/skaitytaknyga.lt\/produktas\/as-tu-atostogos\/\",\"url\":\"https:\/\/skaitytaknyga.lt\/produktas\/as-tu-atostogos\/\",\"name\":\"A\u0161, tu, atostogos\",\"isPartOf\":{\"@id\":\"https:\/\/skaitytaknyga.lt\/#website\"},\"primaryImageOfPage\":{\"@id\":\"https:\/\/skaitytaknyga.lt\/produktas\/as-tu-atostogos\/#primaryimage\"},\"image\":{\"@id\":\"https:\/\/skaitytaknyga.lt\/produktas\/as-tu-atostogos\/#primaryimage\"},\"thumbnailUrl\":\"https:\/\/skaitytaknyga.lt\/wp-content\/uploads\/2025\/06\/As-tu-atostogos.webp\",\"datePublished\":\"2025-06-26T11:12:06+00:00\",\"dateModified\":\"2025-07-07T06:26:22+00:00\",\"description\":\"\u201eD\u017eiaugsmo pli\u016bpsnis, jausmas, kad tokia ir yra gyvenimo prasm\u0117 \u2013 b\u016bti gra\u017eioj vietoj su mylimu \u017emogum...\\\" Pop\u0117 ir Aleksas. Aleksas ir Pop\u0117. Ji \u2013 vietoje\",\"breadcrumb\":{\"@id\":\"https:\/\/skaitytaknyga.lt\/produktas\/as-tu-atostogos\/#breadcrumb\"},\"inLanguage\":\"en-GB\",\"potentialAction\":[{\"@type\":\"ReadAction\",\"target\":[\"https:\/\/skaitytaknyga.lt\/produktas\/as-tu-atostogos\/\"]}]},{\"@type\":\"ImageObject\",\"inLanguage\":\"en-GB\",\"@id\":\"https:\/\/skaitytaknyga.lt\/produktas\/as-tu-atostogos\/#primaryimage\",\"url\":\"https:\/\/skaitytaknyga.lt\/wp-content\/uploads\/2025\/06\/As-tu-atostogos.webp\",\"contentUrl\":\"https:\/\/skaitytaknyga.lt\/wp-content\/uploads\/2025\/06\/As-tu-atostogos.webp\",\"width\":544,\"height\":786,\"caption\":\"A\u0161, tu, atostogos\"},{\"@type\":\"BreadcrumbList\",\"@id\":\"https:\/\/skaitytaknyga.lt\/produktas\/as-tu-atostogos\/#breadcrumb\",\"itemListElement\":[{\"@type\":\"ListItem\",\"position\":1,\"name\":\"Home\",\"item\":\"https:\/\/skaitytaknyga.lt\/\"},{\"@type\":\"ListItem\",\"position\":2,\"name\":\"Parduotuv\u0117\",\"item\":\"https:\/\/skaitytaknyga.lt\/knygu-parduotuve\/\"},{\"@type\":\"ListItem\",\"position\":3,\"name\":\"A\u0161, tu, atostogos\"}]},{\"@type\":\"WebSite\",\"@id\":\"https:\/\/skaitytaknyga.lt\/#website\",\"url\":\"https:\/\/skaitytaknyga.lt\/\",\"name\":\"skaitytaknyga.lt\",\"description\":\"Skaitytaknyga.lt \u2013 tai ma\u017eas \u0161eimos verslas, kuris prasid\u0117jo nuo meil\u0117s knygoms ir siekio i\u0161gelb\u0117ti knygas nuo likimo prie konteinerio. Kas vienam nereikalingas daiktas \u2013 kitam lobis, o mes esame tarpininkai, kurie padeda abiems tapti laimingesniems ???? \u017dinome kaip nelengva i\u0161gyventi ma\u017eiems verslams, tad nuo \u0161iol, \u010dia rasite ir kit\u0173, ma\u017e\u0173 \u0161eim\u0173 versl\u0173, rank\u0173 darbo, dovan\u0173 sau ir artimiesiems.\",\"publisher\":{\"@id\":\"https:\/\/skaitytaknyga.lt\/#organization\"},\"potentialAction\":[{\"@type\":\"SearchAction\",\"target\":{\"@type\":\"EntryPoint\",\"urlTemplate\":\"https:\/\/skaitytaknyga.lt\/?s={search_term_string}\"},\"query-input\":{\"@type\":\"PropertyValueSpecification\",\"valueRequired\":true,\"valueName\":\"search_term_string\"}}],\"inLanguage\":\"en-GB\"},{\"@type\":\"Organization\",\"@id\":\"https:\/\/skaitytaknyga.lt\/#organization\",\"name\":\"skaitytaknyga.lt\",\"url\":\"https:\/\/skaitytaknyga.lt\/\",\"logo\":{\"@type\":\"ImageObject\",\"inLanguage\":\"en-GB\",\"@id\":\"https:\/\/skaitytaknyga.lt\/#\/schema\/logo\/image\/\",\"url\":\"https:\/\/skaitytaknyga.lt\/wp-content\/uploads\/2024\/05\/cropped-cropped-cropped-02_00843_jt3bggkj1j3HLc7SyY6rEUpg.jpeg\",\"contentUrl\":\"https:\/\/skaitytaknyga.lt\/wp-content\/uploads\/2024\/05\/cropped-cropped-cropped-02_00843_jt3bggkj1j3HLc7SyY6rEUpg.jpeg\",\"width\":1600,\"height\":1600,\"caption\":\"skaitytaknyga.lt\"},\"image\":{\"@id\":\"https:\/\/skaitytaknyga.lt\/#\/schema\/logo\/image\/\"},\"sameAs\":[\"https:\/\/www.facebook.com\/skaitytaknyga\/\"]}]}<\/script>\n<!-- \/ Yoast SEO plugin. -->","yoast_head_json":{"title":"A\u0161, tu, atostogos","description":"\u201eD\u017eiaugsmo pli\u016bpsnis, jausmas, kad tokia ir yra gyvenimo prasm\u0117 \u2013 b\u016bti gra\u017eioj vietoj su mylimu \u017emogum...\" Pop\u0117 ir Aleksas. Aleksas ir Pop\u0117. Ji \u2013 vietoje","robots":{"index":"index","follow":"follow","max-snippet":"max-snippet:-1","max-image-preview":"max-image-preview:large","max-video-preview":"max-video-preview:-1"},"canonical":"https:\/\/skaitytaknyga.lt\/en\/produktas\/as-tu-atostogos\/","og_locale":"en_GB","og_type":"article","og_title":"[:lt]A\u0161, tu, atostogos[:] - Skaitytaknyga","og_description":"\u201eD\u017eiaugsmo pli\u016bpsnis, jausmas, kad tokia ir yra gyvenimo prasm\u0117 \u2013 b\u016bti gra\u017eioj vietoj su mylimu \u017emogum...\" Pop\u0117 ir Aleksas. Aleksas ir Pop\u0117. Ji \u2013 vietoje","og_url":"https:\/\/skaitytaknyga.lt\/en\/produktas\/as-tu-atostogos\/","og_site_name":"Skaitytaknyga","article_publisher":"https:\/\/www.facebook.com\/skaitytaknyga\/","article_modified_time":"2025-07-07T06:26:22+00:00","og_image":[{"width":544,"height":786,"url":"https:\/\/skaitytaknyga.lt\/wp-content\/uploads\/2025\/06\/As-tu-atostogos.webp","type":"image\/webp"}],"twitter_card":"summary_large_image","twitter_misc":{"Estimated reading time":"1 minute"},"schema":{"@context":"https:\/\/schema.org","@graph":[{"@type":"WebPage","@id":"https:\/\/skaitytaknyga.lt\/produktas\/as-tu-atostogos\/","url":"https:\/\/skaitytaknyga.lt\/produktas\/as-tu-atostogos\/","name":"A\u0161, tu, atostogos","isPartOf":{"@id":"https:\/\/skaitytaknyga.lt\/#website"},"primaryImageOfPage":{"@id":"https:\/\/skaitytaknyga.lt\/produktas\/as-tu-atostogos\/#primaryimage"},"image":{"@id":"https:\/\/skaitytaknyga.lt\/produktas\/as-tu-atostogos\/#primaryimage"},"thumbnailUrl":"https:\/\/skaitytaknyga.lt\/wp-content\/uploads\/2025\/06\/As-tu-atostogos.webp","datePublished":"2025-06-26T11:12:06+00:00","dateModified":"2025-07-07T06:26:22+00:00","description":"\u201eD\u017eiaugsmo pli\u016bpsnis, jausmas, kad tokia ir yra gyvenimo prasm\u0117 \u2013 b\u016bti gra\u017eioj vietoj su mylimu \u017emogum...\" Pop\u0117 ir Aleksas. Aleksas ir Pop\u0117. Ji \u2013 vietoje","breadcrumb":{"@id":"https:\/\/skaitytaknyga.lt\/produktas\/as-tu-atostogos\/#breadcrumb"},"inLanguage":"en-GB","potentialAction":[{"@type":"ReadAction","target":["https:\/\/skaitytaknyga.lt\/produktas\/as-tu-atostogos\/"]}]},{"@type":"ImageObject","inLanguage":"en-GB","@id":"https:\/\/skaitytaknyga.lt\/produktas\/as-tu-atostogos\/#primaryimage","url":"https:\/\/skaitytaknyga.lt\/wp-content\/uploads\/2025\/06\/As-tu-atostogos.webp","contentUrl":"https:\/\/skaitytaknyga.lt\/wp-content\/uploads\/2025\/06\/As-tu-atostogos.webp","width":544,"height":786,"caption":"A\u0161, tu, atostogos"},{"@type":"BreadcrumbList","@id":"https:\/\/skaitytaknyga.lt\/produktas\/as-tu-atostogos\/#breadcrumb","itemListElement":[{"@type":"ListItem","position":1,"name":"Home","item":"https:\/\/skaitytaknyga.lt\/"},{"@type":"ListItem","position":2,"name":"Parduotuv\u0117","item":"https:\/\/skaitytaknyga.lt\/knygu-parduotuve\/"},{"@type":"ListItem","position":3,"name":"A\u0161, tu, atostogos"}]},{"@type":"WebSite","@id":"https:\/\/skaitytaknyga.lt\/#website","url":"https:\/\/skaitytaknyga.lt\/","name":"skaitytaknyga.lt","description":"Skaitytaknyga.lt \u2013 tai ma\u017eas \u0161eimos verslas, kuris prasid\u0117jo nuo meil\u0117s knygoms ir siekio i\u0161gelb\u0117ti knygas nuo likimo prie konteinerio. Kas vienam nereikalingas daiktas \u2013 kitam lobis, o mes esame tarpininkai, kurie padeda abiems tapti laimingesniems ???? \u017dinome kaip nelengva i\u0161gyventi ma\u017eiems verslams, tad nuo \u0161iol, \u010dia rasite ir kit\u0173, ma\u017e\u0173 \u0161eim\u0173 versl\u0173, rank\u0173 darbo, dovan\u0173 sau ir artimiesiems.","publisher":{"@id":"https:\/\/skaitytaknyga.lt\/#organization"},"potentialAction":[{"@type":"SearchAction","target":{"@type":"EntryPoint","urlTemplate":"https:\/\/skaitytaknyga.lt\/?s={search_term_string}"},"query-input":{"@type":"PropertyValueSpecification","valueRequired":true,"valueName":"search_term_string"}}],"inLanguage":"en-GB"},{"@type":"Organization","@id":"https:\/\/skaitytaknyga.lt\/#organization","name":"skaitytaknyga.lt","url":"https:\/\/skaitytaknyga.lt\/","logo":{"@type":"ImageObject","inLanguage":"en-GB","@id":"https:\/\/skaitytaknyga.lt\/#\/schema\/logo\/image\/","url":"https:\/\/skaitytaknyga.lt\/wp-content\/uploads\/2024\/05\/cropped-cropped-cropped-02_00843_jt3bggkj1j3HLc7SyY6rEUpg.jpeg","contentUrl":"https:\/\/skaitytaknyga.lt\/wp-content\/uploads\/2024\/05\/cropped-cropped-cropped-02_00843_jt3bggkj1j3HLc7SyY6rEUpg.jpeg","width":1600,"height":1600,"caption":"skaitytaknyga.lt"},"image":{"@id":"https:\/\/skaitytaknyga.lt\/#\/schema\/logo\/image\/"},"sameAs":["https:\/\/www.facebook.com\/skaitytaknyga\/"]}]}},"_links":{"self":[{"href":"https:\/\/skaitytaknyga.lt\/en\/wp-json\/wp\/v2\/product\/19036","targetHints":{"allow":["GET"]}}],"collection":[{"href":"https:\/\/skaitytaknyga.lt\/en\/wp-json\/wp\/v2\/product"}],"about":[{"href":"https:\/\/skaitytaknyga.lt\/en\/wp-json\/wp\/v2\/types\/product"}],"replies":[{"embeddable":true,"href":"https:\/\/skaitytaknyga.lt\/en\/wp-json\/wp\/v2\/comments?post=19036"}],"wp:featuredmedia":[{"embeddable":true,"href":"https:\/\/skaitytaknyga.lt\/en\/wp-json\/wp\/v2\/media\/19041"}],"wp:attachment":[{"href":"https:\/\/skaitytaknyga.lt\/en\/wp-json\/wp\/v2\/media?parent=19036"}],"wp:term":[{"taxonomy":"product_brand","embeddable":true,"href":"https:\/\/skaitytaknyga.lt\/en\/wp-json\/wp\/v2\/product_brand?post=19036"},{"taxonomy":"product_cat","embeddable":true,"href":"https:\/\/skaitytaknyga.lt\/en\/wp-json\/wp\/v2\/product_cat?post=19036"},{"taxonomy":"product_tag","embeddable":true,"href":"https:\/\/skaitytaknyga.lt\/en\/wp-json\/wp\/v2\/product_tag?post=19036"}],"curies":[{"name":"wp","href":"https:\/\/api.w.org\/{rel}","templated":true}]}}