{"id":19035,"date":"2025-06-26T14:12:06","date_gmt":"2025-06-26T11:12:06","guid":{"rendered":"https:\/\/skaitytaknyga.lt\/?post_type=product&#038;p=19035"},"modified":"2025-07-07T09:26:22","modified_gmt":"2025-07-07T06:26:22","slug":"dvasiu-namai","status":"publish","type":"product","link":"https:\/\/skaitytaknyga.lt\/en\/produktas\/dvasiu-namai\/","title":{"rendered":"Dvasi\u0173 namai"},"content":{"rendered":"<p>\u201eMano senel\u0117 penkiasde\u0161imt met\u0173 apra\u0161in\u0117jo s\u0105siuviniuose savo gyvenim\u0105. Nugvelbti ka\u017ekoki\u0173 draugi\u0161k\u0173 dvasi\u0173, \u0161ie u\u017era\u0161ai stebuklingai i\u0161veng\u0117 g\u0117dingojo lau\u017eo, kuriame sudeg\u0117 galyb\u0117 kit\u0173 \u0161eimos popieri\u0173. Guli jie \u010dia, prie mano koj\u0173, suri\u0161ti spalvotais kaspin\u0117liais, suskirstyti pagal \u012fvykius, o ne chronologine tvarka, kaip ji juos ir paliko prie\u0161 i\u0161keliaudama. Klara juos ra\u0161\u0117 tam, kad dabar gal\u0117\u010diau prikelti praeit\u012f ir \u012fveikti savo pa\u010dios siaub\u0105. Vir\u0161uje guli mokyklinis dvide\u0161imties puslapi\u0173 s\u0105siuvinis, prira\u0161ytas vaiki\u0161ka ra\u0161ysena. Jis prasideda taip: \u201eBarabas pas mus atplauk\u0117 j\u016bra&#8230;\u201c<\/p>\n<p>\u201eDvasi\u0173 namai&#8221; (1982) \u2013 pirmoji \u017eymios \u010cil\u0117s ra\u0161ytojos knyga, i\u0161leista did\u017eiuliais tira\u017eais JAV ir Europoje ir i\u0161kart pelniusi autorei pasaulin\u0119 \u0161lov\u0119 ir pripa\u017einim\u0105. Tai jaudinanti ir sykiu nuostabiai s\u0105mojinga Trueb\u0173 \u0161eimos saga, u\u017eburiantis pasakojimas apie meil\u0119 ir neapykant\u0105, tragedijas ir komedijas, dramati\u0161kai susipynusius aistring\u0173, i\u0161did\u017ei\u0173 \u017emoni\u0173 likimus. Ir apie nepaprastas tos \u0161eimos moteris: gra\u017euol\u0119 Ros\u0105, ai\u0161kiareg\u0119 Klar\u0105, jos vaikait\u0119 Alb\u0105, kurios gyvena neramiais laikais neramioje \u0161alyje ir gelbsti vyr\u0173 valdom\u0105 pasaul\u012f. \u0160ioje istorijoje viskas realu, viskas magi\u0161ka ir, kaip ir gyvenime, vienas per kit\u0105 mainosi juokas ir a\u0161aros.<\/p>\n<p>Pagal \u0161\u012f roman\u0105 buvo sukurtas ir kino filmas, jame pagrindin\u012f vaidmen\u012f atliko garsioji Meril Streep.<\/p>\n","protected":false},"excerpt":{"rendered":"<p>\u201eMano senel\u0117 penkiasde\u0161imt met\u0173 apra\u0161in\u0117jo s\u0105siuviniuose savo gyvenim\u0105. Nugvelbti ka\u017ekoki\u0173 draugi\u0161k\u0173 dvasi\u0173, \u0161ie u\u017era\u0161ai stebuklingai i\u0161veng\u0117 g\u0117dingojo lau\u017eo, kuriame sudeg\u0117 galyb\u0117 kit\u0173 \u0161eimos popieri\u0173. Guli jie \u010dia, prie mano koj\u0173, suri\u0161ti spalvotais kaspin\u0117liais, suskirstyti pagal \u012fvykius, o ne chronologine tvarka, kaip ji juos ir paliko prie\u0161 i\u0161keliaudama. Klara juos ra\u0161\u0117 tam, kad dabar gal\u0117\u010diau prikelti praeit\u012f ir \u012fveikti savo pa\u010dios siaub\u0105. Vir\u0161uje guli mokyklinis dvide\u0161imties puslapi\u0173 s\u0105siuvinis, prira\u0161ytas vaiki\u0161ka ra\u0161ysena. Jis prasideda taip: \u201eBarabas pas mus atplauk\u0117 j\u016bra&#8230;\u201c \u201eDvasi\u0173 namai&#8221; (1982) \u2013 pirmoji \u017eymios \u010cil\u0117s ra\u0161ytojos knyga, i\u0161leista did\u017eiuliais tira\u017eais JAV ir Europoje ir i\u0161kart pelniusi autorei pasaulin\u0119 \u0161lov\u0119 ir pripa\u017einim\u0105. Tai jaudinanti ir sykiu nuostabiai s\u0105mojinga Trueb\u0173 \u0161eimos saga, u\u017eburiantis pasakojimas apie meil\u0119 ir neapykant\u0105, tragedijas ir komedijas, dramati\u0161kai susipynusius aistring\u0173, i\u0161did\u017ei\u0173 \u017emoni\u0173 likimus. Ir apie nepaprastas tos \u0161eimos moteris: gra\u017euol\u0119 Ros\u0105, ai\u0161kiareg\u0119 Klar\u0105, jos vaikait\u0119 Alb\u0105, kurios gyvena neramiais laikais neramioje \u0161alyje ir gelbsti vyr\u0173 valdom\u0105 pasaul\u012f. \u0160ioje istorijoje viskas realu, viskas magi\u0161ka ir, kaip ir gyvenime, vienas per kit\u0105 mainosi juokas ir a\u0161aros. Pagal \u0161\u012f roman\u0105 buvo sukurtas ir kino filmas, jame pagrindin\u012f vaidmen\u012f atliko garsioji Meril Streep.<\/p>\n","protected":false},"featured_media":19040,"comment_status":"open","ping_status":"closed","template":"","meta":{"_acf_changed":false,"site-sidebar-layout":"default","site-content-layout":"","ast-site-content-layout":"default","site-content-style":"default","site-sidebar-style":"default","ast-global-header-display":"","ast-banner-title-visibility":"","ast-main-header-display":"","ast-hfb-above-header-display":"","ast-hfb-below-header-display":"","ast-hfb-mobile-header-display":"","site-post-title":"","ast-breadcrumbs-content":"","ast-featured-img":"","footer-sml-layout":"","ast-disable-related-posts":"","theme-transparent-header-meta":"","adv-header-id-meta":"","stick-header-meta":"","header-above-stick-meta":"","header-main-stick-meta":"","header-below-stick-meta":"","astra-migrate-meta-layouts":"default","ast-page-background-enabled":"default","ast-page-background-meta":{"desktop":{"background-color":"","background-image":"","background-repeat":"repeat","background-position":"center center","background-size":"auto","background-attachment":"scroll","background-type":"","background-media":"","overlay-type":"","overlay-color":"","overlay-opacity":"","overlay-gradient":""},"tablet":{"background-color":"","background-image":"","background-repeat":"repeat","background-position":"center center","background-size":"auto","background-attachment":"scroll","background-type":"","background-media":"","overlay-type":"","overlay-color":"","overlay-opacity":"","overlay-gradient":""},"mobile":{"background-color":"","background-image":"","background-repeat":"repeat","background-position":"center center","background-size":"auto","background-attachment":"scroll","background-type":"","background-media":"","overlay-type":"","overlay-color":"","overlay-opacity":"","overlay-gradient":""}},"ast-content-background-meta":{"desktop":{"background-color":"var(--ast-global-color-4)","background-image":"","background-repeat":"repeat","background-position":"center center","background-size":"auto","background-attachment":"scroll","background-type":"","background-media":"","overlay-type":"","overlay-color":"","overlay-opacity":"","overlay-gradient":""},"tablet":{"background-color":"var(--ast-global-color-4)","background-image":"","background-repeat":"repeat","background-position":"center center","background-size":"auto","background-attachment":"scroll","background-type":"","background-media":"","overlay-type":"","overlay-color":"","overlay-opacity":"","overlay-gradient":""},"mobile":{"background-color":"var(--ast-global-color-4)","background-image":"","background-repeat":"repeat","background-position":"center center","background-size":"auto","background-attachment":"scroll","background-type":"","background-media":"","overlay-type":"","overlay-color":"","overlay-opacity":"","overlay-gradient":""}}},"product_brand":[],"product_cat":[31],"product_tag":[5573,5572,3619,2568,1796,5575,2390,3202,5574],"class_list":{"0":"post-19035","1":"product","2":"type-product","3":"status-publish","4":"has-post-thumbnail","6":"product_cat-grozine-literatura","7":"product_tag-cile","8":"product_tag-dvasiu-namai","9":"product_tag-komedija","10":"product_tag-maginis-realizmas","11":"product_tag-meile","12":"product_tag-meryl-streep","13":"product_tag-seimos-saga","14":"product_tag-tragedija","15":"product_tag-truebu-seima","16":"desktop-align-left","17":"tablet-align-left","18":"mobile-align-left","20":"first","21":"instock","22":"shipping-taxable","23":"purchasable","24":"product-type-simple"},"acf":[],"yoast_head":"<!-- This site is optimized with the Yoast SEO plugin v27.4 - https:\/\/yoast.com\/product\/yoast-seo-wordpress\/ -->\n<title>Dvasi\u0173 namai<\/title>\n<meta name=\"description\" content=\"\u201eMano senel\u0117 penkiasde\u0161imt met\u0173 apra\u0161in\u0117jo s\u0105siuviniuose savo gyvenim\u0105. Nugvelbti ka\u017ekoki\u0173 draugi\u0161k\u0173 dvasi\u0173, \u0161ie u\u017era\u0161ai stebuklingai i\u0161veng\u0117 g\u0117dingojo\" \/>\n<meta name=\"robots\" content=\"index, follow, max-snippet:-1, max-image-preview:large, max-video-preview:-1\" \/>\n<link rel=\"canonical\" href=\"https:\/\/skaitytaknyga.lt\/en\/produktas\/dvasiu-namai\/\" \/>\n<meta property=\"og:locale\" content=\"en_GB\" \/>\n<meta property=\"og:locale:alternate\" content=\"lt_LT\" \/>\n<meta property=\"og:type\" content=\"article\" \/>\n<meta property=\"og:title\" content=\"Dvasi\u0173 namai\" \/>\n<meta property=\"og:description\" content=\"\u201eMano senel\u0117 penkiasde\u0161imt met\u0173 apra\u0161in\u0117jo s\u0105siuviniuose savo gyvenim\u0105. Nugvelbti ka\u017ekoki\u0173 draugi\u0161k\u0173 dvasi\u0173, \u0161ie u\u017era\u0161ai stebuklingai i\u0161veng\u0117 g\u0117dingojo\" \/>\n<meta property=\"og:url\" content=\"https:\/\/skaitytaknyga.lt\/en\/produktas\/dvasiu-namai\/\" \/>\n<meta property=\"og:site_name\" content=\"Skaitytaknyga\" \/>\n<meta property=\"article:publisher\" content=\"https:\/\/www.facebook.com\/skaitytaknyga\/\" \/>\n<meta property=\"article:modified_time\" content=\"2025-07-07T06:26:22+00:00\" \/>\n<meta property=\"og:image\" content=\"https:\/\/skaitytaknyga.lt\/wp-content\/uploads\/2025\/06\/Dvasiu-namai.png\" \/>\n\t<meta property=\"og:image:width\" content=\"409\" \/>\n\t<meta property=\"og:image:height\" content=\"600\" \/>\n\t<meta property=\"og:image:type\" content=\"image\/png\" \/>\n<meta name=\"twitter:card\" content=\"summary_large_image\" \/>\n<meta name=\"twitter:label1\" content=\"Estimated reading time\" \/>\n\t<meta name=\"twitter:data1\" content=\"1 minute\" \/>\n<script type=\"application\/ld+json\" class=\"yoast-schema-graph\">{\"@context\":\"https:\\\/\\\/schema.org\",\"@graph\":[{\"@type\":\"WebPage\",\"@id\":\"https:\\\/\\\/skaitytaknyga.lt\\\/produktas\\\/dvasiu-namai\\\/\",\"url\":\"https:\\\/\\\/skaitytaknyga.lt\\\/produktas\\\/dvasiu-namai\\\/\",\"name\":\"Dvasi\u0173 namai\",\"isPartOf\":{\"@id\":\"https:\\\/\\\/skaitytaknyga.lt\\\/#website\"},\"primaryImageOfPage\":{\"@id\":\"https:\\\/\\\/skaitytaknyga.lt\\\/produktas\\\/dvasiu-namai\\\/#primaryimage\"},\"image\":{\"@id\":\"https:\\\/\\\/skaitytaknyga.lt\\\/produktas\\\/dvasiu-namai\\\/#primaryimage\"},\"thumbnailUrl\":\"https:\\\/\\\/skaitytaknyga.lt\\\/wp-content\\\/uploads\\\/2025\\\/06\\\/Dvasiu-namai.png\",\"datePublished\":\"2025-06-26T11:12:06+00:00\",\"dateModified\":\"2025-07-07T06:26:22+00:00\",\"description\":\"\u201eMano senel\u0117 penkiasde\u0161imt met\u0173 apra\u0161in\u0117jo s\u0105siuviniuose savo gyvenim\u0105. Nugvelbti ka\u017ekoki\u0173 draugi\u0161k\u0173 dvasi\u0173, \u0161ie u\u017era\u0161ai stebuklingai i\u0161veng\u0117 g\u0117dingojo\",\"breadcrumb\":{\"@id\":\"https:\\\/\\\/skaitytaknyga.lt\\\/produktas\\\/dvasiu-namai\\\/#breadcrumb\"},\"inLanguage\":\"en-GB\",\"potentialAction\":[{\"@type\":\"ReadAction\",\"target\":[\"https:\\\/\\\/skaitytaknyga.lt\\\/produktas\\\/dvasiu-namai\\\/\"]}]},{\"@type\":\"ImageObject\",\"inLanguage\":\"en-GB\",\"@id\":\"https:\\\/\\\/skaitytaknyga.lt\\\/produktas\\\/dvasiu-namai\\\/#primaryimage\",\"url\":\"https:\\\/\\\/skaitytaknyga.lt\\\/wp-content\\\/uploads\\\/2025\\\/06\\\/Dvasiu-namai.png\",\"contentUrl\":\"https:\\\/\\\/skaitytaknyga.lt\\\/wp-content\\\/uploads\\\/2025\\\/06\\\/Dvasiu-namai.png\",\"width\":409,\"height\":600},{\"@type\":\"BreadcrumbList\",\"@id\":\"https:\\\/\\\/skaitytaknyga.lt\\\/produktas\\\/dvasiu-namai\\\/#breadcrumb\",\"itemListElement\":[{\"@type\":\"ListItem\",\"position\":1,\"name\":\"Home\",\"item\":\"https:\\\/\\\/skaitytaknyga.lt\\\/\"},{\"@type\":\"ListItem\",\"position\":2,\"name\":\"Parduotuv\u0117\",\"item\":\"https:\\\/\\\/skaitytaknyga.lt\\\/knygu-parduotuve\\\/\"},{\"@type\":\"ListItem\",\"position\":3,\"name\":\"Dvasi\u0173 namai\"}]},{\"@type\":\"WebSite\",\"@id\":\"https:\\\/\\\/skaitytaknyga.lt\\\/#website\",\"url\":\"https:\\\/\\\/skaitytaknyga.lt\\\/\",\"name\":\"skaitytaknyga.lt\",\"description\":\"Skaitytaknyga.lt \u2013 tai ma\u017eas \u0161eimos verslas, kuris prasid\u0117jo nuo meil\u0117s knygoms ir siekio i\u0161gelb\u0117ti knygas nuo likimo prie konteinerio. Kas vienam nereikalingas daiktas \u2013 kitam lobis, o mes esame tarpininkai, kurie padeda abiems tapti laimingesniems ???? \u017dinome kaip nelengva i\u0161gyventi ma\u017eiems verslams, tad nuo \u0161iol, \u010dia rasite ir kit\u0173, ma\u017e\u0173 \u0161eim\u0173 versl\u0173, rank\u0173 darbo, dovan\u0173 sau ir artimiesiems.\",\"publisher\":{\"@id\":\"https:\\\/\\\/skaitytaknyga.lt\\\/#organization\"},\"potentialAction\":[{\"@type\":\"SearchAction\",\"target\":{\"@type\":\"EntryPoint\",\"urlTemplate\":\"https:\\\/\\\/skaitytaknyga.lt\\\/?s={search_term_string}\"},\"query-input\":{\"@type\":\"PropertyValueSpecification\",\"valueRequired\":true,\"valueName\":\"search_term_string\"}}],\"inLanguage\":\"en-GB\"},{\"@type\":\"Organization\",\"@id\":\"https:\\\/\\\/skaitytaknyga.lt\\\/#organization\",\"name\":\"skaitytaknyga.lt\",\"url\":\"https:\\\/\\\/skaitytaknyga.lt\\\/\",\"logo\":{\"@type\":\"ImageObject\",\"inLanguage\":\"en-GB\",\"@id\":\"https:\\\/\\\/skaitytaknyga.lt\\\/#\\\/schema\\\/logo\\\/image\\\/\",\"url\":\"https:\\\/\\\/skaitytaknyga.lt\\\/wp-content\\\/uploads\\\/2024\\\/05\\\/cropped-cropped-cropped-02_00843_jt3bggkj1j3HLc7SyY6rEUpg.jpeg\",\"contentUrl\":\"https:\\\/\\\/skaitytaknyga.lt\\\/wp-content\\\/uploads\\\/2024\\\/05\\\/cropped-cropped-cropped-02_00843_jt3bggkj1j3HLc7SyY6rEUpg.jpeg\",\"width\":1600,\"height\":1600,\"caption\":\"skaitytaknyga.lt\"},\"image\":{\"@id\":\"https:\\\/\\\/skaitytaknyga.lt\\\/#\\\/schema\\\/logo\\\/image\\\/\"},\"sameAs\":[\"https:\\\/\\\/www.facebook.com\\\/skaitytaknyga\\\/\"]}]}<\/script>\n<!-- \/ Yoast SEO plugin. -->","yoast_head_json":{"title":"Dvasi\u0173 namai","description":"\u201eMano senel\u0117 penkiasde\u0161imt met\u0173 apra\u0161in\u0117jo s\u0105siuviniuose savo gyvenim\u0105. Nugvelbti ka\u017ekoki\u0173 draugi\u0161k\u0173 dvasi\u0173, \u0161ie u\u017era\u0161ai stebuklingai i\u0161veng\u0117 g\u0117dingojo","robots":{"index":"index","follow":"follow","max-snippet":"max-snippet:-1","max-image-preview":"max-image-preview:large","max-video-preview":"max-video-preview:-1"},"canonical":"https:\/\/skaitytaknyga.lt\/en\/produktas\/dvasiu-namai\/","og_locale":"en_GB","og_type":"article","og_title":"[:lt]Dvasi\u0173 namai[:] - Skaitytaknyga","og_description":"\u201eMano senel\u0117 penkiasde\u0161imt met\u0173 apra\u0161in\u0117jo s\u0105siuviniuose savo gyvenim\u0105. Nugvelbti ka\u017ekoki\u0173 draugi\u0161k\u0173 dvasi\u0173, \u0161ie u\u017era\u0161ai stebuklingai i\u0161veng\u0117 g\u0117dingojo","og_url":"https:\/\/skaitytaknyga.lt\/en\/produktas\/dvasiu-namai\/","og_site_name":"Skaitytaknyga","article_publisher":"https:\/\/www.facebook.com\/skaitytaknyga\/","article_modified_time":"2025-07-07T06:26:22+00:00","og_image":[{"width":409,"height":600,"url":"https:\/\/skaitytaknyga.lt\/wp-content\/uploads\/2025\/06\/Dvasiu-namai.png","type":"image\/png"}],"twitter_card":"summary_large_image","twitter_misc":{"Estimated reading time":"1 minute"},"schema":{"@context":"https:\/\/schema.org","@graph":[{"@type":"WebPage","@id":"https:\/\/skaitytaknyga.lt\/produktas\/dvasiu-namai\/","url":"https:\/\/skaitytaknyga.lt\/produktas\/dvasiu-namai\/","name":"Dvasi\u0173 namai","isPartOf":{"@id":"https:\/\/skaitytaknyga.lt\/#website"},"primaryImageOfPage":{"@id":"https:\/\/skaitytaknyga.lt\/produktas\/dvasiu-namai\/#primaryimage"},"image":{"@id":"https:\/\/skaitytaknyga.lt\/produktas\/dvasiu-namai\/#primaryimage"},"thumbnailUrl":"https:\/\/skaitytaknyga.lt\/wp-content\/uploads\/2025\/06\/Dvasiu-namai.png","datePublished":"2025-06-26T11:12:06+00:00","dateModified":"2025-07-07T06:26:22+00:00","description":"\u201eMano senel\u0117 penkiasde\u0161imt met\u0173 apra\u0161in\u0117jo s\u0105siuviniuose savo gyvenim\u0105. Nugvelbti ka\u017ekoki\u0173 draugi\u0161k\u0173 dvasi\u0173, \u0161ie u\u017era\u0161ai stebuklingai i\u0161veng\u0117 g\u0117dingojo","breadcrumb":{"@id":"https:\/\/skaitytaknyga.lt\/produktas\/dvasiu-namai\/#breadcrumb"},"inLanguage":"en-GB","potentialAction":[{"@type":"ReadAction","target":["https:\/\/skaitytaknyga.lt\/produktas\/dvasiu-namai\/"]}]},{"@type":"ImageObject","inLanguage":"en-GB","@id":"https:\/\/skaitytaknyga.lt\/produktas\/dvasiu-namai\/#primaryimage","url":"https:\/\/skaitytaknyga.lt\/wp-content\/uploads\/2025\/06\/Dvasiu-namai.png","contentUrl":"https:\/\/skaitytaknyga.lt\/wp-content\/uploads\/2025\/06\/Dvasiu-namai.png","width":409,"height":600},{"@type":"BreadcrumbList","@id":"https:\/\/skaitytaknyga.lt\/produktas\/dvasiu-namai\/#breadcrumb","itemListElement":[{"@type":"ListItem","position":1,"name":"Home","item":"https:\/\/skaitytaknyga.lt\/"},{"@type":"ListItem","position":2,"name":"Parduotuv\u0117","item":"https:\/\/skaitytaknyga.lt\/knygu-parduotuve\/"},{"@type":"ListItem","position":3,"name":"Dvasi\u0173 namai"}]},{"@type":"WebSite","@id":"https:\/\/skaitytaknyga.lt\/#website","url":"https:\/\/skaitytaknyga.lt\/","name":"skaitytaknyga.lt","description":"Skaitytaknyga.lt \u2013 tai ma\u017eas \u0161eimos verslas, kuris prasid\u0117jo nuo meil\u0117s knygoms ir siekio i\u0161gelb\u0117ti knygas nuo likimo prie konteinerio. Kas vienam nereikalingas daiktas \u2013 kitam lobis, o mes esame tarpininkai, kurie padeda abiems tapti laimingesniems ???? \u017dinome kaip nelengva i\u0161gyventi ma\u017eiems verslams, tad nuo \u0161iol, \u010dia rasite ir kit\u0173, ma\u017e\u0173 \u0161eim\u0173 versl\u0173, rank\u0173 darbo, dovan\u0173 sau ir artimiesiems.","publisher":{"@id":"https:\/\/skaitytaknyga.lt\/#organization"},"potentialAction":[{"@type":"SearchAction","target":{"@type":"EntryPoint","urlTemplate":"https:\/\/skaitytaknyga.lt\/?s={search_term_string}"},"query-input":{"@type":"PropertyValueSpecification","valueRequired":true,"valueName":"search_term_string"}}],"inLanguage":"en-GB"},{"@type":"Organization","@id":"https:\/\/skaitytaknyga.lt\/#organization","name":"skaitytaknyga.lt","url":"https:\/\/skaitytaknyga.lt\/","logo":{"@type":"ImageObject","inLanguage":"en-GB","@id":"https:\/\/skaitytaknyga.lt\/#\/schema\/logo\/image\/","url":"https:\/\/skaitytaknyga.lt\/wp-content\/uploads\/2024\/05\/cropped-cropped-cropped-02_00843_jt3bggkj1j3HLc7SyY6rEUpg.jpeg","contentUrl":"https:\/\/skaitytaknyga.lt\/wp-content\/uploads\/2024\/05\/cropped-cropped-cropped-02_00843_jt3bggkj1j3HLc7SyY6rEUpg.jpeg","width":1600,"height":1600,"caption":"skaitytaknyga.lt"},"image":{"@id":"https:\/\/skaitytaknyga.lt\/#\/schema\/logo\/image\/"},"sameAs":["https:\/\/www.facebook.com\/skaitytaknyga\/"]}]}},"_links":{"self":[{"href":"https:\/\/skaitytaknyga.lt\/en\/wp-json\/wp\/v2\/product\/19035","targetHints":{"allow":["GET"]}}],"collection":[{"href":"https:\/\/skaitytaknyga.lt\/en\/wp-json\/wp\/v2\/product"}],"about":[{"href":"https:\/\/skaitytaknyga.lt\/en\/wp-json\/wp\/v2\/types\/product"}],"replies":[{"embeddable":true,"href":"https:\/\/skaitytaknyga.lt\/en\/wp-json\/wp\/v2\/comments?post=19035"}],"wp:featuredmedia":[{"embeddable":true,"href":"https:\/\/skaitytaknyga.lt\/en\/wp-json\/wp\/v2\/media\/19040"}],"wp:attachment":[{"href":"https:\/\/skaitytaknyga.lt\/en\/wp-json\/wp\/v2\/media?parent=19035"}],"wp:term":[{"taxonomy":"product_brand","embeddable":true,"href":"https:\/\/skaitytaknyga.lt\/en\/wp-json\/wp\/v2\/product_brand?post=19035"},{"taxonomy":"product_cat","embeddable":true,"href":"https:\/\/skaitytaknyga.lt\/en\/wp-json\/wp\/v2\/product_cat?post=19035"},{"taxonomy":"product_tag","embeddable":true,"href":"https:\/\/skaitytaknyga.lt\/en\/wp-json\/wp\/v2\/product_tag?post=19035"}],"curies":[{"name":"wp","href":"https:\/\/api.w.org\/{rel}","templated":true}]}}