{"id":19034,"date":"2025-06-26T14:12:06","date_gmt":"2025-06-26T11:12:06","guid":{"rendered":"https:\/\/skaitytaknyga.lt\/?post_type=product&#038;p=19034"},"modified":"2025-07-07T09:26:21","modified_gmt":"2025-07-07T06:26:21","slug":"miestelio-romansas","status":"publish","type":"product","link":"https:\/\/skaitytaknyga.lt\/en\/produktas\/miestelio-romansas\/","title":{"rendered":"Miestelio romansas"},"content":{"rendered":"<p>Grigorijus Kanovi\u010dius \u2013 vienas \u012f\u017eymiausi\u0173 ir produktyviausi\u0173 \u0161iuolaikini\u0173 \u017eyd\u0173 ra\u0161ytoj\u0173 \u2013 Lietuvos nacionalin\u0117s ir Izraelio ra\u0161ytoj\u0173 s\u0105jungos premij\u0173 laureatas, Rusijos Bukerio premijos nominantas, jo k\u016bryba i\u0161versta \u012f 13 pasaulio kalb\u0173, bendras jo knyg\u0173 tira\u017eas vir\u0161ija milijon\u0105 egzempliori\u0173 \u2013 prozininkas, poetas, dramaturgas, vert\u0117jas, kino scenarij\u0173 autorius. Ra\u0161o rusi\u0161kai ir lietuvi\u0161kai. Nuo 1993 m. gyvena Izraelyje.<\/p>\n<p>Tarptautin\u012f pripa\u017einim\u0105 ra\u0161ytojui peln\u0117 trilogija \u201e\u017dvak\u0117s v\u0117jyje\u201c, kurioje vaizduojamas Lietuvos \u017eyd\u0173 likimas prie\u0161kariu ir per Antr\u0105j\u012f pasaulin\u012f kar\u0105. I\u0161 viso Grigorijus Kanovi\u010dius para\u0161\u0117 11 roman\u0173, kurie sudaro savoti\u0161k\u0105 Lietuvos \u017eyd\u0173 gyvenimo sag\u0105, apiman\u010di\u0105 laikotarp\u012f nuo XVIII am\u017eiaus iki m\u016bs\u0173 dien\u0173.<\/p>\n<p>\u201eMiestelio romansas\u201c \u2013 autenti\u0161k\u0173 prisiminim\u0173 romanas, kuriame pasakojama, kaip 1920\u20131941 met\u0173 istoriniai \u012fvykiai keit\u0117 Lietuvos miesteli\u0173 gyventoj\u0173 \u2013 \u017eyd\u0173, lietuvi\u0173, lenk\u0173 ir rus\u0173 \u2013 likimus.<\/p>\n","protected":false},"excerpt":{"rendered":"<p>Grigorijus Kanovi\u010dius \u2013 vienas \u012f\u017eymiausi\u0173 ir produktyviausi\u0173 \u0161iuolaikini\u0173 \u017eyd\u0173 ra\u0161ytoj\u0173 \u2013 Lietuvos nacionalin\u0117s ir Izraelio ra\u0161ytoj\u0173 s\u0105jungos premij\u0173 laureatas, Rusijos Bukerio premijos nominantas, jo k\u016bryba i\u0161versta \u012f 13 pasaulio kalb\u0173, bendras jo knyg\u0173 tira\u017eas vir\u0161ija milijon\u0105 egzempliori\u0173 \u2013 prozininkas, poetas, dramaturgas, vert\u0117jas, kino scenarij\u0173 autorius. Ra\u0161o rusi\u0161kai ir lietuvi\u0161kai. Nuo 1993 m. gyvena Izraelyje. Tarptautin\u012f pripa\u017einim\u0105 ra\u0161ytojui peln\u0117 trilogija \u201e\u017dvak\u0117s v\u0117jyje\u201c, kurioje vaizduojamas Lietuvos \u017eyd\u0173 likimas prie\u0161kariu ir per Antr\u0105j\u012f pasaulin\u012f kar\u0105. I\u0161 viso Grigorijus Kanovi\u010dius para\u0161\u0117 11 roman\u0173, kurie sudaro savoti\u0161k\u0105 Lietuvos \u017eyd\u0173 gyvenimo sag\u0105, apiman\u010di\u0105 laikotarp\u012f nuo XVIII am\u017eiaus iki m\u016bs\u0173 dien\u0173. \u201eMiestelio romansas\u201c \u2013 autenti\u0161k\u0173 prisiminim\u0173 romanas, kuriame pasakojama, kaip 1920\u20131941 met\u0173 istoriniai \u012fvykiai keit\u0117 Lietuvos miesteli\u0173 gyventoj\u0173 \u2013 \u017eyd\u0173, lietuvi\u0173, lenk\u0173 ir rus\u0173 \u2013 likimus.<\/p>\n","protected":false},"featured_media":19039,"comment_status":"open","ping_status":"closed","template":"","meta":{"_acf_changed":false,"site-sidebar-layout":"default","site-content-layout":"","ast-site-content-layout":"default","site-content-style":"default","site-sidebar-style":"default","ast-global-header-display":"","ast-banner-title-visibility":"","ast-main-header-display":"","ast-hfb-above-header-display":"","ast-hfb-below-header-display":"","ast-hfb-mobile-header-display":"","site-post-title":"","ast-breadcrumbs-content":"","ast-featured-img":"","footer-sml-layout":"","ast-disable-related-posts":"","theme-transparent-header-meta":"","adv-header-id-meta":"","stick-header-meta":"","header-above-stick-meta":"","header-main-stick-meta":"","header-below-stick-meta":"","astra-migrate-meta-layouts":"default","ast-page-background-enabled":"default","ast-page-background-meta":{"desktop":{"background-color":"","background-image":"","background-repeat":"repeat","background-position":"center center","background-size":"auto","background-attachment":"scroll","background-type":"","background-media":"","overlay-type":"","overlay-color":"","overlay-opacity":"","overlay-gradient":""},"tablet":{"background-color":"","background-image":"","background-repeat":"repeat","background-position":"center center","background-size":"auto","background-attachment":"scroll","background-type":"","background-media":"","overlay-type":"","overlay-color":"","overlay-opacity":"","overlay-gradient":""},"mobile":{"background-color":"","background-image":"","background-repeat":"repeat","background-position":"center center","background-size":"auto","background-attachment":"scroll","background-type":"","background-media":"","overlay-type":"","overlay-color":"","overlay-opacity":"","overlay-gradient":""}},"ast-content-background-meta":{"desktop":{"background-color":"var(--ast-global-color-4)","background-image":"","background-repeat":"repeat","background-position":"center center","background-size":"auto","background-attachment":"scroll","background-type":"","background-media":"","overlay-type":"","overlay-color":"","overlay-opacity":"","overlay-gradient":""},"tablet":{"background-color":"var(--ast-global-color-4)","background-image":"","background-repeat":"repeat","background-position":"center center","background-size":"auto","background-attachment":"scroll","background-type":"","background-media":"","overlay-type":"","overlay-color":"","overlay-opacity":"","overlay-gradient":""},"mobile":{"background-color":"var(--ast-global-color-4)","background-image":"","background-repeat":"repeat","background-position":"center center","background-size":"auto","background-attachment":"scroll","background-type":"","background-media":"","overlay-type":"","overlay-color":"","overlay-opacity":"","overlay-gradient":""}}},"product_brand":[],"product_cat":[31],"product_tag":[1095,5569,2224,1278,5571,1492,5570,1745],"class_list":{"0":"post-19034","1":"product","2":"type-product","3":"status-publish","4":"has-post-thumbnail","6":"product_cat-grozine-literatura","7":"product_tag-antrasis-pasaulinis-karas","8":"product_tag-grigorijus-kanovicius","9":"product_tag-istorija","10":"product_tag-izraelis","11":"product_tag-lietuvos-zydai","12":"product_tag-literatura","13":"product_tag-miestelio-romansas","14":"product_tag-romanas","15":"desktop-align-left","16":"tablet-align-left","17":"mobile-align-left","19":"first","20":"instock","21":"shipping-taxable","22":"purchasable","23":"product-type-simple"},"acf":[],"yoast_head":"<!-- This site is optimized with the Yoast SEO plugin v27.0 - https:\/\/yoast.com\/product\/yoast-seo-wordpress\/ -->\n<title>Miestelio romansas<\/title>\n<meta name=\"description\" content=\"Grigorijus Kanovi\u010dius \u2013 vienas \u012f\u017eymiausi\u0173 ir produktyviausi\u0173 \u0161iuolaikini\u0173 \u017eyd\u0173 ra\u0161ytoj\u0173 \u2013 Lietuvos nacionalin\u0117s ir Izraelio ra\u0161ytoj\u0173 s\u0105jungos premij\u0173\" \/>\n<meta name=\"robots\" content=\"index, follow, max-snippet:-1, max-image-preview:large, max-video-preview:-1\" \/>\n<link rel=\"canonical\" href=\"https:\/\/skaitytaknyga.lt\/en\/produktas\/miestelio-romansas\/\" \/>\n<meta property=\"og:locale\" content=\"en_GB\" \/>\n<meta property=\"og:locale:alternate\" content=\"lt_LT\" \/>\n<meta property=\"og:type\" content=\"article\" \/>\n<meta property=\"og:title\" content=\"Miestelio romansas\" \/>\n<meta property=\"og:description\" content=\"Grigorijus Kanovi\u010dius \u2013 vienas \u012f\u017eymiausi\u0173 ir produktyviausi\u0173 \u0161iuolaikini\u0173 \u017eyd\u0173 ra\u0161ytoj\u0173 \u2013 Lietuvos nacionalin\u0117s ir Izraelio ra\u0161ytoj\u0173 s\u0105jungos premij\u0173\" \/>\n<meta property=\"og:url\" content=\"https:\/\/skaitytaknyga.lt\/en\/produktas\/miestelio-romansas\/\" \/>\n<meta property=\"og:site_name\" content=\"Skaitytaknyga\" \/>\n<meta property=\"article:publisher\" content=\"https:\/\/www.facebook.com\/skaitytaknyga\/\" \/>\n<meta property=\"article:modified_time\" content=\"2025-07-07T06:26:21+00:00\" \/>\n<meta property=\"og:image\" content=\"https:\/\/skaitytaknyga.lt\/wp-content\/uploads\/2025\/06\/Miestelio-romansas.webp\" \/>\n\t<meta property=\"og:image:width\" content=\"534\" \/>\n\t<meta property=\"og:image:height\" content=\"801\" \/>\n\t<meta property=\"og:image:type\" content=\"image\/webp\" \/>\n<meta name=\"twitter:card\" content=\"summary_large_image\" \/>\n<meta name=\"twitter:label1\" content=\"Estimated reading time\" \/>\n\t<meta name=\"twitter:data1\" content=\"1 minute\" \/>\n<script type=\"application\/ld+json\" class=\"yoast-schema-graph\">{\"@context\":\"https:\/\/schema.org\",\"@graph\":[{\"@type\":\"WebPage\",\"@id\":\"https:\/\/skaitytaknyga.lt\/produktas\/miestelio-romansas\/\",\"url\":\"https:\/\/skaitytaknyga.lt\/produktas\/miestelio-romansas\/\",\"name\":\"Miestelio romansas\",\"isPartOf\":{\"@id\":\"https:\/\/skaitytaknyga.lt\/#website\"},\"primaryImageOfPage\":{\"@id\":\"https:\/\/skaitytaknyga.lt\/produktas\/miestelio-romansas\/#primaryimage\"},\"image\":{\"@id\":\"https:\/\/skaitytaknyga.lt\/produktas\/miestelio-romansas\/#primaryimage\"},\"thumbnailUrl\":\"https:\/\/skaitytaknyga.lt\/wp-content\/uploads\/2025\/06\/Miestelio-romansas.webp\",\"datePublished\":\"2025-06-26T11:12:06+00:00\",\"dateModified\":\"2025-07-07T06:26:21+00:00\",\"description\":\"Grigorijus Kanovi\u010dius \u2013 vienas \u012f\u017eymiausi\u0173 ir produktyviausi\u0173 \u0161iuolaikini\u0173 \u017eyd\u0173 ra\u0161ytoj\u0173 \u2013 Lietuvos nacionalin\u0117s ir Izraelio ra\u0161ytoj\u0173 s\u0105jungos premij\u0173\",\"breadcrumb\":{\"@id\":\"https:\/\/skaitytaknyga.lt\/produktas\/miestelio-romansas\/#breadcrumb\"},\"inLanguage\":\"en-GB\",\"potentialAction\":[{\"@type\":\"ReadAction\",\"target\":[\"https:\/\/skaitytaknyga.lt\/produktas\/miestelio-romansas\/\"]}]},{\"@type\":\"ImageObject\",\"inLanguage\":\"en-GB\",\"@id\":\"https:\/\/skaitytaknyga.lt\/produktas\/miestelio-romansas\/#primaryimage\",\"url\":\"https:\/\/skaitytaknyga.lt\/wp-content\/uploads\/2025\/06\/Miestelio-romansas.webp\",\"contentUrl\":\"https:\/\/skaitytaknyga.lt\/wp-content\/uploads\/2025\/06\/Miestelio-romansas.webp\",\"width\":534,\"height\":801,\"caption\":\"Miestelio romansas\"},{\"@type\":\"BreadcrumbList\",\"@id\":\"https:\/\/skaitytaknyga.lt\/produktas\/miestelio-romansas\/#breadcrumb\",\"itemListElement\":[{\"@type\":\"ListItem\",\"position\":1,\"name\":\"Home\",\"item\":\"https:\/\/skaitytaknyga.lt\/\"},{\"@type\":\"ListItem\",\"position\":2,\"name\":\"Parduotuv\u0117\",\"item\":\"https:\/\/skaitytaknyga.lt\/knygu-parduotuve\/\"},{\"@type\":\"ListItem\",\"position\":3,\"name\":\"Miestelio romansas\"}]},{\"@type\":\"WebSite\",\"@id\":\"https:\/\/skaitytaknyga.lt\/#website\",\"url\":\"https:\/\/skaitytaknyga.lt\/\",\"name\":\"skaitytaknyga.lt\",\"description\":\"Skaitytaknyga.lt \u2013 tai ma\u017eas \u0161eimos verslas, kuris prasid\u0117jo nuo meil\u0117s knygoms ir siekio i\u0161gelb\u0117ti knygas nuo likimo prie konteinerio. Kas vienam nereikalingas daiktas \u2013 kitam lobis, o mes esame tarpininkai, kurie padeda abiems tapti laimingesniems ???? \u017dinome kaip nelengva i\u0161gyventi ma\u017eiems verslams, tad nuo \u0161iol, \u010dia rasite ir kit\u0173, ma\u017e\u0173 \u0161eim\u0173 versl\u0173, rank\u0173 darbo, dovan\u0173 sau ir artimiesiems.\",\"publisher\":{\"@id\":\"https:\/\/skaitytaknyga.lt\/#organization\"},\"potentialAction\":[{\"@type\":\"SearchAction\",\"target\":{\"@type\":\"EntryPoint\",\"urlTemplate\":\"https:\/\/skaitytaknyga.lt\/?s={search_term_string}\"},\"query-input\":{\"@type\":\"PropertyValueSpecification\",\"valueRequired\":true,\"valueName\":\"search_term_string\"}}],\"inLanguage\":\"en-GB\"},{\"@type\":\"Organization\",\"@id\":\"https:\/\/skaitytaknyga.lt\/#organization\",\"name\":\"skaitytaknyga.lt\",\"url\":\"https:\/\/skaitytaknyga.lt\/\",\"logo\":{\"@type\":\"ImageObject\",\"inLanguage\":\"en-GB\",\"@id\":\"https:\/\/skaitytaknyga.lt\/#\/schema\/logo\/image\/\",\"url\":\"https:\/\/skaitytaknyga.lt\/wp-content\/uploads\/2024\/05\/cropped-cropped-cropped-02_00843_jt3bggkj1j3HLc7SyY6rEUpg.jpeg\",\"contentUrl\":\"https:\/\/skaitytaknyga.lt\/wp-content\/uploads\/2024\/05\/cropped-cropped-cropped-02_00843_jt3bggkj1j3HLc7SyY6rEUpg.jpeg\",\"width\":1600,\"height\":1600,\"caption\":\"skaitytaknyga.lt\"},\"image\":{\"@id\":\"https:\/\/skaitytaknyga.lt\/#\/schema\/logo\/image\/\"},\"sameAs\":[\"https:\/\/www.facebook.com\/skaitytaknyga\/\"]}]}<\/script>\n<!-- \/ Yoast SEO plugin. -->","yoast_head_json":{"title":"Miestelio romansas","description":"Grigorijus Kanovi\u010dius \u2013 vienas \u012f\u017eymiausi\u0173 ir produktyviausi\u0173 \u0161iuolaikini\u0173 \u017eyd\u0173 ra\u0161ytoj\u0173 \u2013 Lietuvos nacionalin\u0117s ir Izraelio ra\u0161ytoj\u0173 s\u0105jungos premij\u0173","robots":{"index":"index","follow":"follow","max-snippet":"max-snippet:-1","max-image-preview":"max-image-preview:large","max-video-preview":"max-video-preview:-1"},"canonical":"https:\/\/skaitytaknyga.lt\/en\/produktas\/miestelio-romansas\/","og_locale":"en_GB","og_type":"article","og_title":"[:lt]Miestelio romansas[:] - Skaitytaknyga","og_description":"Grigorijus Kanovi\u010dius \u2013 vienas \u012f\u017eymiausi\u0173 ir produktyviausi\u0173 \u0161iuolaikini\u0173 \u017eyd\u0173 ra\u0161ytoj\u0173 \u2013 Lietuvos nacionalin\u0117s ir Izraelio ra\u0161ytoj\u0173 s\u0105jungos premij\u0173","og_url":"https:\/\/skaitytaknyga.lt\/en\/produktas\/miestelio-romansas\/","og_site_name":"Skaitytaknyga","article_publisher":"https:\/\/www.facebook.com\/skaitytaknyga\/","article_modified_time":"2025-07-07T06:26:21+00:00","og_image":[{"width":534,"height":801,"url":"https:\/\/skaitytaknyga.lt\/wp-content\/uploads\/2025\/06\/Miestelio-romansas.webp","type":"image\/webp"}],"twitter_card":"summary_large_image","twitter_misc":{"Estimated reading time":"1 minute"},"schema":{"@context":"https:\/\/schema.org","@graph":[{"@type":"WebPage","@id":"https:\/\/skaitytaknyga.lt\/produktas\/miestelio-romansas\/","url":"https:\/\/skaitytaknyga.lt\/produktas\/miestelio-romansas\/","name":"Miestelio romansas","isPartOf":{"@id":"https:\/\/skaitytaknyga.lt\/#website"},"primaryImageOfPage":{"@id":"https:\/\/skaitytaknyga.lt\/produktas\/miestelio-romansas\/#primaryimage"},"image":{"@id":"https:\/\/skaitytaknyga.lt\/produktas\/miestelio-romansas\/#primaryimage"},"thumbnailUrl":"https:\/\/skaitytaknyga.lt\/wp-content\/uploads\/2025\/06\/Miestelio-romansas.webp","datePublished":"2025-06-26T11:12:06+00:00","dateModified":"2025-07-07T06:26:21+00:00","description":"Grigorijus Kanovi\u010dius \u2013 vienas \u012f\u017eymiausi\u0173 ir produktyviausi\u0173 \u0161iuolaikini\u0173 \u017eyd\u0173 ra\u0161ytoj\u0173 \u2013 Lietuvos nacionalin\u0117s ir Izraelio ra\u0161ytoj\u0173 s\u0105jungos premij\u0173","breadcrumb":{"@id":"https:\/\/skaitytaknyga.lt\/produktas\/miestelio-romansas\/#breadcrumb"},"inLanguage":"en-GB","potentialAction":[{"@type":"ReadAction","target":["https:\/\/skaitytaknyga.lt\/produktas\/miestelio-romansas\/"]}]},{"@type":"ImageObject","inLanguage":"en-GB","@id":"https:\/\/skaitytaknyga.lt\/produktas\/miestelio-romansas\/#primaryimage","url":"https:\/\/skaitytaknyga.lt\/wp-content\/uploads\/2025\/06\/Miestelio-romansas.webp","contentUrl":"https:\/\/skaitytaknyga.lt\/wp-content\/uploads\/2025\/06\/Miestelio-romansas.webp","width":534,"height":801,"caption":"Miestelio romansas"},{"@type":"BreadcrumbList","@id":"https:\/\/skaitytaknyga.lt\/produktas\/miestelio-romansas\/#breadcrumb","itemListElement":[{"@type":"ListItem","position":1,"name":"Home","item":"https:\/\/skaitytaknyga.lt\/"},{"@type":"ListItem","position":2,"name":"Parduotuv\u0117","item":"https:\/\/skaitytaknyga.lt\/knygu-parduotuve\/"},{"@type":"ListItem","position":3,"name":"Miestelio romansas"}]},{"@type":"WebSite","@id":"https:\/\/skaitytaknyga.lt\/#website","url":"https:\/\/skaitytaknyga.lt\/","name":"skaitytaknyga.lt","description":"Skaitytaknyga.lt \u2013 tai ma\u017eas \u0161eimos verslas, kuris prasid\u0117jo nuo meil\u0117s knygoms ir siekio i\u0161gelb\u0117ti knygas nuo likimo prie konteinerio. Kas vienam nereikalingas daiktas \u2013 kitam lobis, o mes esame tarpininkai, kurie padeda abiems tapti laimingesniems ???? \u017dinome kaip nelengva i\u0161gyventi ma\u017eiems verslams, tad nuo \u0161iol, \u010dia rasite ir kit\u0173, ma\u017e\u0173 \u0161eim\u0173 versl\u0173, rank\u0173 darbo, dovan\u0173 sau ir artimiesiems.","publisher":{"@id":"https:\/\/skaitytaknyga.lt\/#organization"},"potentialAction":[{"@type":"SearchAction","target":{"@type":"EntryPoint","urlTemplate":"https:\/\/skaitytaknyga.lt\/?s={search_term_string}"},"query-input":{"@type":"PropertyValueSpecification","valueRequired":true,"valueName":"search_term_string"}}],"inLanguage":"en-GB"},{"@type":"Organization","@id":"https:\/\/skaitytaknyga.lt\/#organization","name":"skaitytaknyga.lt","url":"https:\/\/skaitytaknyga.lt\/","logo":{"@type":"ImageObject","inLanguage":"en-GB","@id":"https:\/\/skaitytaknyga.lt\/#\/schema\/logo\/image\/","url":"https:\/\/skaitytaknyga.lt\/wp-content\/uploads\/2024\/05\/cropped-cropped-cropped-02_00843_jt3bggkj1j3HLc7SyY6rEUpg.jpeg","contentUrl":"https:\/\/skaitytaknyga.lt\/wp-content\/uploads\/2024\/05\/cropped-cropped-cropped-02_00843_jt3bggkj1j3HLc7SyY6rEUpg.jpeg","width":1600,"height":1600,"caption":"skaitytaknyga.lt"},"image":{"@id":"https:\/\/skaitytaknyga.lt\/#\/schema\/logo\/image\/"},"sameAs":["https:\/\/www.facebook.com\/skaitytaknyga\/"]}]}},"_links":{"self":[{"href":"https:\/\/skaitytaknyga.lt\/en\/wp-json\/wp\/v2\/product\/19034","targetHints":{"allow":["GET"]}}],"collection":[{"href":"https:\/\/skaitytaknyga.lt\/en\/wp-json\/wp\/v2\/product"}],"about":[{"href":"https:\/\/skaitytaknyga.lt\/en\/wp-json\/wp\/v2\/types\/product"}],"replies":[{"embeddable":true,"href":"https:\/\/skaitytaknyga.lt\/en\/wp-json\/wp\/v2\/comments?post=19034"}],"wp:featuredmedia":[{"embeddable":true,"href":"https:\/\/skaitytaknyga.lt\/en\/wp-json\/wp\/v2\/media\/19039"}],"wp:attachment":[{"href":"https:\/\/skaitytaknyga.lt\/en\/wp-json\/wp\/v2\/media?parent=19034"}],"wp:term":[{"taxonomy":"product_brand","embeddable":true,"href":"https:\/\/skaitytaknyga.lt\/en\/wp-json\/wp\/v2\/product_brand?post=19034"},{"taxonomy":"product_cat","embeddable":true,"href":"https:\/\/skaitytaknyga.lt\/en\/wp-json\/wp\/v2\/product_cat?post=19034"},{"taxonomy":"product_tag","embeddable":true,"href":"https:\/\/skaitytaknyga.lt\/en\/wp-json\/wp\/v2\/product_tag?post=19034"}],"curies":[{"name":"wp","href":"https:\/\/api.w.org\/{rel}","templated":true}]}}