{"id":19033,"date":"2025-06-26T14:12:06","date_gmt":"2025-06-26T11:12:06","guid":{"rendered":"https:\/\/skaitytaknyga.lt\/?post_type=product&#038;p=19033"},"modified":"2025-06-26T15:06:20","modified_gmt":"2025-06-26T12:06:20","slug":"apie-afrikos-zmones-ir-zveri","status":"publish","type":"product","link":"https:\/\/skaitytaknyga.lt\/en\/produktas\/apie-afrikos-zmones-ir-zveri\/","title":{"rendered":"Apie Afrikos \u017emones ir \u017ev\u0117ri"},"content":{"rendered":"<p>Gabriel\u0117 \u0160tarait\u0117 \u2013 egzotini\u0173 kelioni\u0173 organizatoriaus \u201eTravel Planet&#8221; bendraturt\u0117 ir vadov\u0117, knygos \u201e\u012e Azij\u0105 su meile&#8221; autor\u0117 \u2013 kvie\u010dia \u012f pa\u017eintin\u0119 kelion\u0119 po lietuvi\u0173 pama\u017eu atrandam\u0105 Afrik\u0105.<\/p>\n<p>\u201e\u012e Afrik\u0105 \u2013 t\u0105, kuri yra u\u017e Sacharos ir kuri\u0105 taip pat dar galima vadinti juod\u0105ja Afrika, \u2013 pirm\u0105 kart\u0105 nuvykau kone atsitiktinai \u2013 ne d\u0117l to, kad b\u016b\u010diau labai nor\u0117jusi. Va\u017eiavau be dideli\u0173 l\u016bkes\u010di\u0173 ir nesitik\u0117jau, kad kelion\u0117 labai skirsis nuo kelioni\u0173 po Azij\u0105 ar Lotyn\u0173 Amerik\u0105. Bet skyr\u0117si. Nors mano pirmoji pamatyta \u0161alis \u2013 Etiopija \u2013 yra daugiausia kult\u016brin\u0117 ir istorin\u0117 kryptis, ta\u010diau jau pirmosios kad ir negausiai sutiktos antilop\u0117s, taip pat zebrai, krokodilai ir be\u017ed\u017eion\u0117s pa\u017eadino didel\u012f nor\u0105 pamatyti kuo daugiau laukini\u0173 gyv\u016bn\u0173. Tada jau viena Afrikos \u0161alis keit\u0117 kit\u0105: Botsvana ir Namibija, Madagaskaras ir Uganda, Svazilandas (Esvatinis) ir Piet\u0173 Afrikos Respublika, Tanzanija ir Kenija \u2013 visos jos gali pasirodyti pana\u0161ios, nes kas gi gali skirtis safariuose ar prava\u017eiuojam\u0173 kaim\u0173 l\u016b\u0161nel\u0117se? Bet skiriasi. Afrikoje kasdien junti nuotykio skon\u012f: vis nauji susitikimai ir dar nematyti gyv\u016bnai. Skiriasi net br\u016bzgynai ir \u017eem\u0117s spalva. Skiriasi nam\u0173 formos ir gen\u010di\u0173 charakteriai. Tik \u0161ypsenos tokios pana\u0161ios. Ir pana\u0161us d\u017eiaugsmas pa\u017e\u012fstant skirting\u0105 Afrik\u0105.<\/p>\n<p>\u0160i\u0105 knyg\u0105 ra\u0161iau tod\u0117l, kad man nepatinka, kaip Afrikos \u017eemynas yra nuvertinamas. Kad nura\u0161omas ten net neapsilankius, nepasidom\u0117jus. Tad skaitykite ir va\u017eiuokite. Pa\u017einkite ir tik tada pasakykite, k\u0105 galvojate&#8221;.<\/p>\n","protected":false},"excerpt":{"rendered":"<p>Gabriel\u0117 \u0160tarait\u0117 \u2013 egzotini\u0173 kelioni\u0173 organizatoriaus \u201eTravel Planet&#8221; bendraturt\u0117 ir vadov\u0117, knygos \u201e\u012e Azij\u0105 su meile&#8221; autor\u0117 \u2013 kvie\u010dia \u012f pa\u017eintin\u0119 kelion\u0119 po lietuvi\u0173 pama\u017eu atrandam\u0105 Afrik\u0105. \u201e\u012e Afrik\u0105 \u2013 t\u0105, kuri yra u\u017e Sacharos ir kuri\u0105 taip pat dar galima vadinti juod\u0105ja Afrika, \u2013 pirm\u0105 kart\u0105 nuvykau kone atsitiktinai \u2013 ne d\u0117l to, kad b\u016b\u010diau labai nor\u0117jusi. Va\u017eiavau be dideli\u0173 l\u016bkes\u010di\u0173 ir nesitik\u0117jau, kad kelion\u0117 labai skirsis nuo kelioni\u0173 po Azij\u0105 ar Lotyn\u0173 Amerik\u0105. Bet skyr\u0117si. Nors mano pirmoji pamatyta \u0161alis \u2013 Etiopija \u2013 yra daugiausia kult\u016brin\u0117 ir istorin\u0117 kryptis, ta\u010diau jau pirmosios kad ir negausiai sutiktos antilop\u0117s, taip pat zebrai, krokodilai ir be\u017ed\u017eion\u0117s pa\u017eadino didel\u012f nor\u0105 pamatyti kuo daugiau laukini\u0173 gyv\u016bn\u0173. Tada jau viena Afrikos \u0161alis keit\u0117 kit\u0105: Botsvana ir Namibija, Madagaskaras ir Uganda, Svazilandas (Esvatinis) ir Piet\u0173 Afrikos Respublika, Tanzanija ir Kenija \u2013 visos jos gali pasirodyti pana\u0161ios, nes kas gi gali skirtis safariuose ar prava\u017eiuojam\u0173 kaim\u0173 l\u016b\u0161nel\u0117se? Bet skiriasi. Afrikoje kasdien junti nuotykio skon\u012f: vis nauji susitikimai ir dar nematyti gyv\u016bnai. Skiriasi net br\u016bzgynai ir \u017eem\u0117s spalva. Skiriasi nam\u0173 formos ir gen\u010di\u0173 charakteriai. Tik \u0161ypsenos tokios pana\u0161ios. Ir pana\u0161us d\u017eiaugsmas pa\u017e\u012fstant skirting\u0105 Afrik\u0105. \u0160i\u0105 knyg\u0105 ra\u0161iau tod\u0117l, kad man nepatinka, kaip Afrikos \u017eemynas yra nuvertinamas. Kad nura\u0161omas ten net neapsilankius, nepasidom\u0117jus. Tad skaitykite ir va\u017eiuokite. Pa\u017einkite ir tik tada pasakykite, k\u0105 galvojate&#8221;.<\/p>\n","protected":false},"featured_media":19038,"comment_status":"open","ping_status":"closed","template":"","meta":{"_acf_changed":false,"site-sidebar-layout":"default","site-content-layout":"","ast-site-content-layout":"default","site-content-style":"default","site-sidebar-style":"default","ast-global-header-display":"","ast-banner-title-visibility":"","ast-main-header-display":"","ast-hfb-above-header-display":"","ast-hfb-below-header-display":"","ast-hfb-mobile-header-display":"","site-post-title":"","ast-breadcrumbs-content":"","ast-featured-img":"","footer-sml-layout":"","ast-disable-related-posts":"","theme-transparent-header-meta":"","adv-header-id-meta":"","stick-header-meta":"","header-above-stick-meta":"","header-main-stick-meta":"","header-below-stick-meta":"","astra-migrate-meta-layouts":"default","ast-page-background-enabled":"default","ast-page-background-meta":{"desktop":{"background-color":"","background-image":"","background-repeat":"repeat","background-position":"center center","background-size":"auto","background-attachment":"scroll","background-type":"","background-media":"","overlay-type":"","overlay-color":"","overlay-opacity":"","overlay-gradient":""},"tablet":{"background-color":"","background-image":"","background-repeat":"repeat","background-position":"center center","background-size":"auto","background-attachment":"scroll","background-type":"","background-media":"","overlay-type":"","overlay-color":"","overlay-opacity":"","overlay-gradient":""},"mobile":{"background-color":"","background-image":"","background-repeat":"repeat","background-position":"center center","background-size":"auto","background-attachment":"scroll","background-type":"","background-media":"","overlay-type":"","overlay-color":"","overlay-opacity":"","overlay-gradient":""}},"ast-content-background-meta":{"desktop":{"background-color":"var(--ast-global-color-4)","background-image":"","background-repeat":"repeat","background-position":"center center","background-size":"auto","background-attachment":"scroll","background-type":"","background-media":"","overlay-type":"","overlay-color":"","overlay-opacity":"","overlay-gradient":""},"tablet":{"background-color":"var(--ast-global-color-4)","background-image":"","background-repeat":"repeat","background-position":"center center","background-size":"auto","background-attachment":"scroll","background-type":"","background-media":"","overlay-type":"","overlay-color":"","overlay-opacity":"","overlay-gradient":""},"mobile":{"background-color":"var(--ast-global-color-4)","background-image":"","background-repeat":"repeat","background-position":"center center","background-size":"auto","background-attachment":"scroll","background-type":"","background-media":"","overlay-type":"","overlay-color":"","overlay-opacity":"","overlay-gradient":""}}},"product_brand":[],"product_cat":[15],"product_tag":[5568,5559,5558,5561,5560,5557,5567,5563,5562,5565,5566,5564],"class_list":{"0":"post-19033","1":"product","2":"type-product","3":"status-publish","4":"has-post-thumbnail","6":"product_cat-uncategorized","7":"product_tag-afrika","8":"product_tag-afrikos-keliones","9":"product_tag-apie-afrikos-zmones-ir-zveri","10":"product_tag-botsvana","11":"product_tag-etiopija","12":"product_tag-gabriele-staraite","13":"product_tag-kenija","14":"product_tag-madagaskaras","15":"product_tag-namibija","16":"product_tag-svazilandas","17":"product_tag-tanzanija","18":"product_tag-uganda","19":"desktop-align-left","20":"tablet-align-left","21":"mobile-align-left","23":"first","24":"instock","25":"shipping-taxable","26":"purchasable","27":"product-type-simple"},"acf":[],"yoast_head":"<!-- This site is optimized with the Yoast SEO plugin v27.0 - https:\/\/yoast.com\/product\/yoast-seo-wordpress\/ -->\n<title>Apie Afrikos \u017emones ir \u017ev\u0117ri<\/title>\n<meta name=\"description\" content=\"Gabriel\u0117 \u0160tarait\u0117 \u2013 egzotini\u0173 kelioni\u0173 organizatoriaus \u201eTravel Planet&quot; bendraturt\u0117 ir vadov\u0117, knygos \u201e\u012e Azij\u0105 su meile&quot; autor\u0117 \u2013 kvie\u010dia \u012f pa\u017eintin\u0119\" \/>\n<meta name=\"robots\" content=\"index, follow, max-snippet:-1, max-image-preview:large, max-video-preview:-1\" \/>\n<link rel=\"canonical\" href=\"https:\/\/skaitytaknyga.lt\/en\/produktas\/apie-afrikos-zmones-ir-zveri\/\" \/>\n<meta property=\"og:locale\" content=\"en_GB\" \/>\n<meta property=\"og:locale:alternate\" content=\"lt_LT\" \/>\n<meta property=\"og:type\" content=\"article\" \/>\n<meta property=\"og:title\" content=\"Apie Afrikos \u017emones ir \u017ev\u0117ri\" \/>\n<meta property=\"og:description\" content=\"Gabriel\u0117 \u0160tarait\u0117 \u2013 egzotini\u0173 kelioni\u0173 organizatoriaus \u201eTravel Planet&quot; bendraturt\u0117 ir vadov\u0117, knygos \u201e\u012e Azij\u0105 su meile&quot; autor\u0117 \u2013 kvie\u010dia \u012f pa\u017eintin\u0119\" \/>\n<meta property=\"og:url\" content=\"https:\/\/skaitytaknyga.lt\/en\/produktas\/apie-afrikos-zmones-ir-zveri\/\" \/>\n<meta property=\"og:site_name\" content=\"Skaitytaknyga\" \/>\n<meta property=\"article:publisher\" content=\"https:\/\/www.facebook.com\/skaitytaknyga\/\" \/>\n<meta property=\"article:modified_time\" content=\"2025-06-26T12:06:20+00:00\" \/>\n<meta property=\"og:image\" content=\"https:\/\/skaitytaknyga.lt\/wp-content\/uploads\/2025\/06\/Apie-Afrikos-zmones-ir-zveri.webp\" \/>\n\t<meta property=\"og:image:width\" content=\"537\" \/>\n\t<meta property=\"og:image:height\" content=\"801\" \/>\n\t<meta property=\"og:image:type\" content=\"image\/webp\" \/>\n<meta name=\"twitter:card\" content=\"summary_large_image\" \/>\n<meta name=\"twitter:label1\" content=\"Estimated reading time\" \/>\n\t<meta name=\"twitter:data1\" content=\"1 minute\" \/>\n<script type=\"application\/ld+json\" class=\"yoast-schema-graph\">{\"@context\":\"https:\/\/schema.org\",\"@graph\":[{\"@type\":\"WebPage\",\"@id\":\"https:\/\/skaitytaknyga.lt\/produktas\/apie-afrikos-zmones-ir-zveri\/\",\"url\":\"https:\/\/skaitytaknyga.lt\/produktas\/apie-afrikos-zmones-ir-zveri\/\",\"name\":\"Apie Afrikos \u017emones ir \u017ev\u0117ri\",\"isPartOf\":{\"@id\":\"https:\/\/skaitytaknyga.lt\/#website\"},\"primaryImageOfPage\":{\"@id\":\"https:\/\/skaitytaknyga.lt\/produktas\/apie-afrikos-zmones-ir-zveri\/#primaryimage\"},\"image\":{\"@id\":\"https:\/\/skaitytaknyga.lt\/produktas\/apie-afrikos-zmones-ir-zveri\/#primaryimage\"},\"thumbnailUrl\":\"https:\/\/skaitytaknyga.lt\/wp-content\/uploads\/2025\/06\/Apie-Afrikos-zmones-ir-zveri.webp\",\"datePublished\":\"2025-06-26T11:12:06+00:00\",\"dateModified\":\"2025-06-26T12:06:20+00:00\",\"description\":\"Gabriel\u0117 \u0160tarait\u0117 \u2013 egzotini\u0173 kelioni\u0173 organizatoriaus \u201eTravel Planet\\\" bendraturt\u0117 ir vadov\u0117, knygos \u201e\u012e Azij\u0105 su meile\\\" autor\u0117 \u2013 kvie\u010dia \u012f pa\u017eintin\u0119\",\"breadcrumb\":{\"@id\":\"https:\/\/skaitytaknyga.lt\/produktas\/apie-afrikos-zmones-ir-zveri\/#breadcrumb\"},\"inLanguage\":\"en-GB\",\"potentialAction\":[{\"@type\":\"ReadAction\",\"target\":[\"https:\/\/skaitytaknyga.lt\/produktas\/apie-afrikos-zmones-ir-zveri\/\"]}]},{\"@type\":\"ImageObject\",\"inLanguage\":\"en-GB\",\"@id\":\"https:\/\/skaitytaknyga.lt\/produktas\/apie-afrikos-zmones-ir-zveri\/#primaryimage\",\"url\":\"https:\/\/skaitytaknyga.lt\/wp-content\/uploads\/2025\/06\/Apie-Afrikos-zmones-ir-zveri.webp\",\"contentUrl\":\"https:\/\/skaitytaknyga.lt\/wp-content\/uploads\/2025\/06\/Apie-Afrikos-zmones-ir-zveri.webp\",\"width\":537,\"height\":801,\"caption\":\"Apie Afrikos \u017emones ir \u017ev\u0117ris\"},{\"@type\":\"BreadcrumbList\",\"@id\":\"https:\/\/skaitytaknyga.lt\/produktas\/apie-afrikos-zmones-ir-zveri\/#breadcrumb\",\"itemListElement\":[{\"@type\":\"ListItem\",\"position\":1,\"name\":\"Home\",\"item\":\"https:\/\/skaitytaknyga.lt\/\"},{\"@type\":\"ListItem\",\"position\":2,\"name\":\"Parduotuv\u0117\",\"item\":\"https:\/\/skaitytaknyga.lt\/knygu-parduotuve\/\"},{\"@type\":\"ListItem\",\"position\":3,\"name\":\"Apie Afrikos \u017emones ir \u017ev\u0117ri\"}]},{\"@type\":\"WebSite\",\"@id\":\"https:\/\/skaitytaknyga.lt\/#website\",\"url\":\"https:\/\/skaitytaknyga.lt\/\",\"name\":\"skaitytaknyga.lt\",\"description\":\"Skaitytaknyga.lt \u2013 tai ma\u017eas \u0161eimos verslas, kuris prasid\u0117jo nuo meil\u0117s knygoms ir siekio i\u0161gelb\u0117ti knygas nuo likimo prie konteinerio. Kas vienam nereikalingas daiktas \u2013 kitam lobis, o mes esame tarpininkai, kurie padeda abiems tapti laimingesniems ???? \u017dinome kaip nelengva i\u0161gyventi ma\u017eiems verslams, tad nuo \u0161iol, \u010dia rasite ir kit\u0173, ma\u017e\u0173 \u0161eim\u0173 versl\u0173, rank\u0173 darbo, dovan\u0173 sau ir artimiesiems.\",\"publisher\":{\"@id\":\"https:\/\/skaitytaknyga.lt\/#organization\"},\"potentialAction\":[{\"@type\":\"SearchAction\",\"target\":{\"@type\":\"EntryPoint\",\"urlTemplate\":\"https:\/\/skaitytaknyga.lt\/?s={search_term_string}\"},\"query-input\":{\"@type\":\"PropertyValueSpecification\",\"valueRequired\":true,\"valueName\":\"search_term_string\"}}],\"inLanguage\":\"en-GB\"},{\"@type\":\"Organization\",\"@id\":\"https:\/\/skaitytaknyga.lt\/#organization\",\"name\":\"skaitytaknyga.lt\",\"url\":\"https:\/\/skaitytaknyga.lt\/\",\"logo\":{\"@type\":\"ImageObject\",\"inLanguage\":\"en-GB\",\"@id\":\"https:\/\/skaitytaknyga.lt\/#\/schema\/logo\/image\/\",\"url\":\"https:\/\/skaitytaknyga.lt\/wp-content\/uploads\/2024\/05\/cropped-cropped-cropped-02_00843_jt3bggkj1j3HLc7SyY6rEUpg.jpeg\",\"contentUrl\":\"https:\/\/skaitytaknyga.lt\/wp-content\/uploads\/2024\/05\/cropped-cropped-cropped-02_00843_jt3bggkj1j3HLc7SyY6rEUpg.jpeg\",\"width\":1600,\"height\":1600,\"caption\":\"skaitytaknyga.lt\"},\"image\":{\"@id\":\"https:\/\/skaitytaknyga.lt\/#\/schema\/logo\/image\/\"},\"sameAs\":[\"https:\/\/www.facebook.com\/skaitytaknyga\/\"]}]}<\/script>\n<!-- \/ Yoast SEO plugin. -->","yoast_head_json":{"title":"Apie Afrikos \u017emones ir \u017ev\u0117ri","description":"Gabriel\u0117 \u0160tarait\u0117 \u2013 egzotini\u0173 kelioni\u0173 organizatoriaus \u201eTravel Planet\" bendraturt\u0117 ir vadov\u0117, knygos \u201e\u012e Azij\u0105 su meile\" autor\u0117 \u2013 kvie\u010dia \u012f pa\u017eintin\u0119","robots":{"index":"index","follow":"follow","max-snippet":"max-snippet:-1","max-image-preview":"max-image-preview:large","max-video-preview":"max-video-preview:-1"},"canonical":"https:\/\/skaitytaknyga.lt\/en\/produktas\/apie-afrikos-zmones-ir-zveri\/","og_locale":"en_GB","og_type":"article","og_title":"[:lt]Apie Afrikos \u017emones ir \u017ev\u0117ri[:] - Skaitytaknyga","og_description":"Gabriel\u0117 \u0160tarait\u0117 \u2013 egzotini\u0173 kelioni\u0173 organizatoriaus \u201eTravel Planet\" bendraturt\u0117 ir vadov\u0117, knygos \u201e\u012e Azij\u0105 su meile\" autor\u0117 \u2013 kvie\u010dia \u012f pa\u017eintin\u0119","og_url":"https:\/\/skaitytaknyga.lt\/en\/produktas\/apie-afrikos-zmones-ir-zveri\/","og_site_name":"Skaitytaknyga","article_publisher":"https:\/\/www.facebook.com\/skaitytaknyga\/","article_modified_time":"2025-06-26T12:06:20+00:00","og_image":[{"width":537,"height":801,"url":"https:\/\/skaitytaknyga.lt\/wp-content\/uploads\/2025\/06\/Apie-Afrikos-zmones-ir-zveri.webp","type":"image\/webp"}],"twitter_card":"summary_large_image","twitter_misc":{"Estimated reading time":"1 minute"},"schema":{"@context":"https:\/\/schema.org","@graph":[{"@type":"WebPage","@id":"https:\/\/skaitytaknyga.lt\/produktas\/apie-afrikos-zmones-ir-zveri\/","url":"https:\/\/skaitytaknyga.lt\/produktas\/apie-afrikos-zmones-ir-zveri\/","name":"Apie Afrikos \u017emones ir \u017ev\u0117ri","isPartOf":{"@id":"https:\/\/skaitytaknyga.lt\/#website"},"primaryImageOfPage":{"@id":"https:\/\/skaitytaknyga.lt\/produktas\/apie-afrikos-zmones-ir-zveri\/#primaryimage"},"image":{"@id":"https:\/\/skaitytaknyga.lt\/produktas\/apie-afrikos-zmones-ir-zveri\/#primaryimage"},"thumbnailUrl":"https:\/\/skaitytaknyga.lt\/wp-content\/uploads\/2025\/06\/Apie-Afrikos-zmones-ir-zveri.webp","datePublished":"2025-06-26T11:12:06+00:00","dateModified":"2025-06-26T12:06:20+00:00","description":"Gabriel\u0117 \u0160tarait\u0117 \u2013 egzotini\u0173 kelioni\u0173 organizatoriaus \u201eTravel Planet\" bendraturt\u0117 ir vadov\u0117, knygos \u201e\u012e Azij\u0105 su meile\" autor\u0117 \u2013 kvie\u010dia \u012f pa\u017eintin\u0119","breadcrumb":{"@id":"https:\/\/skaitytaknyga.lt\/produktas\/apie-afrikos-zmones-ir-zveri\/#breadcrumb"},"inLanguage":"en-GB","potentialAction":[{"@type":"ReadAction","target":["https:\/\/skaitytaknyga.lt\/produktas\/apie-afrikos-zmones-ir-zveri\/"]}]},{"@type":"ImageObject","inLanguage":"en-GB","@id":"https:\/\/skaitytaknyga.lt\/produktas\/apie-afrikos-zmones-ir-zveri\/#primaryimage","url":"https:\/\/skaitytaknyga.lt\/wp-content\/uploads\/2025\/06\/Apie-Afrikos-zmones-ir-zveri.webp","contentUrl":"https:\/\/skaitytaknyga.lt\/wp-content\/uploads\/2025\/06\/Apie-Afrikos-zmones-ir-zveri.webp","width":537,"height":801,"caption":"Apie Afrikos \u017emones ir \u017ev\u0117ris"},{"@type":"BreadcrumbList","@id":"https:\/\/skaitytaknyga.lt\/produktas\/apie-afrikos-zmones-ir-zveri\/#breadcrumb","itemListElement":[{"@type":"ListItem","position":1,"name":"Home","item":"https:\/\/skaitytaknyga.lt\/"},{"@type":"ListItem","position":2,"name":"Parduotuv\u0117","item":"https:\/\/skaitytaknyga.lt\/knygu-parduotuve\/"},{"@type":"ListItem","position":3,"name":"Apie Afrikos \u017emones ir \u017ev\u0117ri"}]},{"@type":"WebSite","@id":"https:\/\/skaitytaknyga.lt\/#website","url":"https:\/\/skaitytaknyga.lt\/","name":"skaitytaknyga.lt","description":"Skaitytaknyga.lt \u2013 tai ma\u017eas \u0161eimos verslas, kuris prasid\u0117jo nuo meil\u0117s knygoms ir siekio i\u0161gelb\u0117ti knygas nuo likimo prie konteinerio. Kas vienam nereikalingas daiktas \u2013 kitam lobis, o mes esame tarpininkai, kurie padeda abiems tapti laimingesniems ???? \u017dinome kaip nelengva i\u0161gyventi ma\u017eiems verslams, tad nuo \u0161iol, \u010dia rasite ir kit\u0173, ma\u017e\u0173 \u0161eim\u0173 versl\u0173, rank\u0173 darbo, dovan\u0173 sau ir artimiesiems.","publisher":{"@id":"https:\/\/skaitytaknyga.lt\/#organization"},"potentialAction":[{"@type":"SearchAction","target":{"@type":"EntryPoint","urlTemplate":"https:\/\/skaitytaknyga.lt\/?s={search_term_string}"},"query-input":{"@type":"PropertyValueSpecification","valueRequired":true,"valueName":"search_term_string"}}],"inLanguage":"en-GB"},{"@type":"Organization","@id":"https:\/\/skaitytaknyga.lt\/#organization","name":"skaitytaknyga.lt","url":"https:\/\/skaitytaknyga.lt\/","logo":{"@type":"ImageObject","inLanguage":"en-GB","@id":"https:\/\/skaitytaknyga.lt\/#\/schema\/logo\/image\/","url":"https:\/\/skaitytaknyga.lt\/wp-content\/uploads\/2024\/05\/cropped-cropped-cropped-02_00843_jt3bggkj1j3HLc7SyY6rEUpg.jpeg","contentUrl":"https:\/\/skaitytaknyga.lt\/wp-content\/uploads\/2024\/05\/cropped-cropped-cropped-02_00843_jt3bggkj1j3HLc7SyY6rEUpg.jpeg","width":1600,"height":1600,"caption":"skaitytaknyga.lt"},"image":{"@id":"https:\/\/skaitytaknyga.lt\/#\/schema\/logo\/image\/"},"sameAs":["https:\/\/www.facebook.com\/skaitytaknyga\/"]}]}},"_links":{"self":[{"href":"https:\/\/skaitytaknyga.lt\/en\/wp-json\/wp\/v2\/product\/19033","targetHints":{"allow":["GET"]}}],"collection":[{"href":"https:\/\/skaitytaknyga.lt\/en\/wp-json\/wp\/v2\/product"}],"about":[{"href":"https:\/\/skaitytaknyga.lt\/en\/wp-json\/wp\/v2\/types\/product"}],"replies":[{"embeddable":true,"href":"https:\/\/skaitytaknyga.lt\/en\/wp-json\/wp\/v2\/comments?post=19033"}],"wp:featuredmedia":[{"embeddable":true,"href":"https:\/\/skaitytaknyga.lt\/en\/wp-json\/wp\/v2\/media\/19038"}],"wp:attachment":[{"href":"https:\/\/skaitytaknyga.lt\/en\/wp-json\/wp\/v2\/media?parent=19033"}],"wp:term":[{"taxonomy":"product_brand","embeddable":true,"href":"https:\/\/skaitytaknyga.lt\/en\/wp-json\/wp\/v2\/product_brand?post=19033"},{"taxonomy":"product_cat","embeddable":true,"href":"https:\/\/skaitytaknyga.lt\/en\/wp-json\/wp\/v2\/product_cat?post=19033"},{"taxonomy":"product_tag","embeddable":true,"href":"https:\/\/skaitytaknyga.lt\/en\/wp-json\/wp\/v2\/product_tag?post=19033"}],"curies":[{"name":"wp","href":"https:\/\/api.w.org\/{rel}","templated":true}]}}