{"id":19032,"date":"2025-06-26T14:12:05","date_gmt":"2025-06-26T11:12:05","guid":{"rendered":"https:\/\/skaitytaknyga.lt\/?post_type=product&#038;p=19032"},"modified":"2025-06-26T15:06:20","modified_gmt":"2025-06-26T12:06:20","slug":"mazi-grazus-skanus","status":"publish","type":"product","link":"https:\/\/skaitytaknyga.lt\/en\/produktas\/mazi-grazus-skanus\/","title":{"rendered":"Ma\u017ei. Gra\u017e\u016bs. Skan\u016bs"},"content":{"rendered":"<p>Knyga \u201eMa\u017ei. Gra\u017e\u016bs. Skan\u016bs. Desertai j\u016bs\u0173 temin\u0117ms \u0161vent\u0117ms&#8221; skirta saldumyn\u0173 m\u0117g\u0117jams, kuriems svarbu ne tik skonis, bet ir pateikimas. \u0160iandien \u0161ven\u010di\u0173 \u0161eiminink\u0117s daug d\u0117mesio skiria bendrai vakar\u0117lio stilistikai: derina ne tik skonius, bet ir patiekal\u0173 bei ind\u0173 spalvas, stalo dekoracijas, g\u0117les. Tod\u0117l ma\u017e\u0173 gard\u0117si\u0173 receptai suskirstyti \u012f 9 teminius skyrius.<\/p>\n<p>Kiekviename j\u0173 rasite skaniausi\u0173 ir labiausiai viliojan\u010di\u0173 skanumyn\u0173 bei pasisemsite \u012fkv\u0117pimo organizuodami did\u017ei\u0105sias savo \u0161eimos \u0161ventes.<\/p>\n","protected":false},"excerpt":{"rendered":"<p>Knyga \u201eMa\u017ei. Gra\u017e\u016bs. Skan\u016bs. Desertai j\u016bs\u0173 temin\u0117ms \u0161vent\u0117ms&#8221; skirta saldumyn\u0173 m\u0117g\u0117jams, kuriems svarbu ne tik skonis, bet ir pateikimas. \u0160iandien \u0161ven\u010di\u0173 \u0161eiminink\u0117s daug d\u0117mesio skiria bendrai vakar\u0117lio stilistikai: derina ne tik skonius, bet ir patiekal\u0173 bei ind\u0173 spalvas, stalo dekoracijas, g\u0117les. Tod\u0117l ma\u017e\u0173 gard\u0117si\u0173 receptai suskirstyti \u012f 9 teminius skyrius. Kiekviename j\u0173 rasite skaniausi\u0173 ir labiausiai viliojan\u010di\u0173 skanumyn\u0173 bei pasisemsite \u012fkv\u0117pimo organizuodami did\u017ei\u0105sias savo \u0161eimos \u0161ventes.<\/p>\n","protected":false},"featured_media":19037,"comment_status":"open","ping_status":"closed","template":"","meta":{"_acf_changed":false,"site-sidebar-layout":"default","site-content-layout":"","ast-site-content-layout":"default","site-content-style":"default","site-sidebar-style":"default","ast-global-header-display":"","ast-banner-title-visibility":"","ast-main-header-display":"","ast-hfb-above-header-display":"","ast-hfb-below-header-display":"","ast-hfb-mobile-header-display":"","site-post-title":"","ast-breadcrumbs-content":"","ast-featured-img":"","footer-sml-layout":"","ast-disable-related-posts":"","theme-transparent-header-meta":"","adv-header-id-meta":"","stick-header-meta":"","header-above-stick-meta":"","header-main-stick-meta":"","header-below-stick-meta":"","astra-migrate-meta-layouts":"default","ast-page-background-enabled":"default","ast-page-background-meta":{"desktop":{"background-color":"","background-image":"","background-repeat":"repeat","background-position":"center center","background-size":"auto","background-attachment":"scroll","background-type":"","background-media":"","overlay-type":"","overlay-color":"","overlay-opacity":"","overlay-gradient":""},"tablet":{"background-color":"","background-image":"","background-repeat":"repeat","background-position":"center center","background-size":"auto","background-attachment":"scroll","background-type":"","background-media":"","overlay-type":"","overlay-color":"","overlay-opacity":"","overlay-gradient":""},"mobile":{"background-color":"","background-image":"","background-repeat":"repeat","background-position":"center center","background-size":"auto","background-attachment":"scroll","background-type":"","background-media":"","overlay-type":"","overlay-color":"","overlay-opacity":"","overlay-gradient":""}},"ast-content-background-meta":{"desktop":{"background-color":"var(--ast-global-color-4)","background-image":"","background-repeat":"repeat","background-position":"center center","background-size":"auto","background-attachment":"scroll","background-type":"","background-media":"","overlay-type":"","overlay-color":"","overlay-opacity":"","overlay-gradient":""},"tablet":{"background-color":"var(--ast-global-color-4)","background-image":"","background-repeat":"repeat","background-position":"center center","background-size":"auto","background-attachment":"scroll","background-type":"","background-media":"","overlay-type":"","overlay-color":"","overlay-opacity":"","overlay-gradient":""},"mobile":{"background-color":"var(--ast-global-color-4)","background-image":"","background-repeat":"repeat","background-position":"center center","background-size":"auto","background-attachment":"scroll","background-type":"","background-media":"","overlay-type":"","overlay-color":"","overlay-opacity":"","overlay-gradient":""}}},"product_brand":[],"product_cat":[15],"product_tag":[5554,5552,5553,1883,4992,5556,2941,5555],"class_list":{"0":"post-19032","1":"product","2":"type-product","3":"status-publish","4":"has-post-thumbnail","6":"product_cat-uncategorized","7":"product_tag-desertai","8":"product_tag-egle-petroniene","9":"product_tag-mazi-grazus-skanus","10":"product_tag-receptai","11":"product_tag-saldumynai","12":"product_tag-seimos-sventes","13":"product_tag-sventes","14":"product_tag-vakarelio-stilistika","15":"desktop-align-left","16":"tablet-align-left","17":"mobile-align-left","19":"first","20":"instock","21":"shipping-taxable","22":"purchasable","23":"product-type-simple"},"acf":[],"yoast_head":"<!-- This site is optimized with the Yoast SEO plugin v27.0 - https:\/\/yoast.com\/product\/yoast-seo-wordpress\/ -->\n<title>Ma\u017ei. Gra\u017e\u016bs. Skan\u016bs<\/title>\n<meta name=\"description\" content=\"Knyga \u201eMa\u017ei. Gra\u017e\u016bs. Skan\u016bs. Desertai j\u016bs\u0173 temin\u0117ms \u0161vent\u0117ms&quot; skirta saldumyn\u0173 m\u0117g\u0117jams, kuriems svarbu ne tik skonis, bet ir pateikimas. \u0160iandien \u0161ven\u010di\u0173\" \/>\n<meta name=\"robots\" content=\"index, follow, max-snippet:-1, max-image-preview:large, max-video-preview:-1\" \/>\n<link rel=\"canonical\" href=\"https:\/\/skaitytaknyga.lt\/en\/produktas\/mazi-grazus-skanus\/\" \/>\n<meta property=\"og:locale\" content=\"en_GB\" \/>\n<meta property=\"og:locale:alternate\" content=\"lt_LT\" \/>\n<meta property=\"og:type\" content=\"article\" \/>\n<meta property=\"og:title\" content=\"Ma\u017ei. Gra\u017e\u016bs. Skan\u016bs\" \/>\n<meta property=\"og:description\" content=\"Knyga \u201eMa\u017ei. Gra\u017e\u016bs. Skan\u016bs. Desertai j\u016bs\u0173 temin\u0117ms \u0161vent\u0117ms&quot; skirta saldumyn\u0173 m\u0117g\u0117jams, kuriems svarbu ne tik skonis, bet ir pateikimas. \u0160iandien \u0161ven\u010di\u0173\" \/>\n<meta property=\"og:url\" content=\"https:\/\/skaitytaknyga.lt\/en\/produktas\/mazi-grazus-skanus\/\" \/>\n<meta property=\"og:site_name\" content=\"Skaitytaknyga\" \/>\n<meta property=\"article:publisher\" content=\"https:\/\/www.facebook.com\/skaitytaknyga\/\" \/>\n<meta property=\"article:modified_time\" content=\"2025-06-26T12:06:20+00:00\" \/>\n<meta property=\"og:image\" content=\"https:\/\/skaitytaknyga.lt\/wp-content\/uploads\/2025\/06\/Mazi.-Grazus.-Skanus.webp\" \/>\n\t<meta property=\"og:image:width\" content=\"347\" \/>\n\t<meta property=\"og:image:height\" content=\"500\" \/>\n\t<meta property=\"og:image:type\" content=\"image\/webp\" \/>\n<meta name=\"twitter:card\" content=\"summary_large_image\" \/>\n<script type=\"application\/ld+json\" class=\"yoast-schema-graph\">{\"@context\":\"https:\/\/schema.org\",\"@graph\":[{\"@type\":\"WebPage\",\"@id\":\"https:\/\/skaitytaknyga.lt\/produktas\/mazi-grazus-skanus\/\",\"url\":\"https:\/\/skaitytaknyga.lt\/produktas\/mazi-grazus-skanus\/\",\"name\":\"Ma\u017ei. Gra\u017e\u016bs. Skan\u016bs\",\"isPartOf\":{\"@id\":\"https:\/\/skaitytaknyga.lt\/#website\"},\"primaryImageOfPage\":{\"@id\":\"https:\/\/skaitytaknyga.lt\/produktas\/mazi-grazus-skanus\/#primaryimage\"},\"image\":{\"@id\":\"https:\/\/skaitytaknyga.lt\/produktas\/mazi-grazus-skanus\/#primaryimage\"},\"thumbnailUrl\":\"https:\/\/skaitytaknyga.lt\/wp-content\/uploads\/2025\/06\/Mazi.-Grazus.-Skanus.webp\",\"datePublished\":\"2025-06-26T11:12:05+00:00\",\"dateModified\":\"2025-06-26T12:06:20+00:00\",\"description\":\"Knyga \u201eMa\u017ei. Gra\u017e\u016bs. Skan\u016bs. Desertai j\u016bs\u0173 temin\u0117ms \u0161vent\u0117ms\\\" skirta saldumyn\u0173 m\u0117g\u0117jams, kuriems svarbu ne tik skonis, bet ir pateikimas. \u0160iandien \u0161ven\u010di\u0173\",\"breadcrumb\":{\"@id\":\"https:\/\/skaitytaknyga.lt\/produktas\/mazi-grazus-skanus\/#breadcrumb\"},\"inLanguage\":\"en-GB\",\"potentialAction\":[{\"@type\":\"ReadAction\",\"target\":[\"https:\/\/skaitytaknyga.lt\/produktas\/mazi-grazus-skanus\/\"]}]},{\"@type\":\"ImageObject\",\"inLanguage\":\"en-GB\",\"@id\":\"https:\/\/skaitytaknyga.lt\/produktas\/mazi-grazus-skanus\/#primaryimage\",\"url\":\"https:\/\/skaitytaknyga.lt\/wp-content\/uploads\/2025\/06\/Mazi.-Grazus.-Skanus.webp\",\"contentUrl\":\"https:\/\/skaitytaknyga.lt\/wp-content\/uploads\/2025\/06\/Mazi.-Grazus.-Skanus.webp\",\"width\":347,\"height\":500,\"caption\":\"Ma\u017ei. Gra\u017e\u016bs. Skan\u016bs\"},{\"@type\":\"BreadcrumbList\",\"@id\":\"https:\/\/skaitytaknyga.lt\/produktas\/mazi-grazus-skanus\/#breadcrumb\",\"itemListElement\":[{\"@type\":\"ListItem\",\"position\":1,\"name\":\"Home\",\"item\":\"https:\/\/skaitytaknyga.lt\/\"},{\"@type\":\"ListItem\",\"position\":2,\"name\":\"Parduotuv\u0117\",\"item\":\"https:\/\/skaitytaknyga.lt\/knygu-parduotuve\/\"},{\"@type\":\"ListItem\",\"position\":3,\"name\":\"Ma\u017ei. Gra\u017e\u016bs. Skan\u016bs\"}]},{\"@type\":\"WebSite\",\"@id\":\"https:\/\/skaitytaknyga.lt\/#website\",\"url\":\"https:\/\/skaitytaknyga.lt\/\",\"name\":\"skaitytaknyga.lt\",\"description\":\"Skaitytaknyga.lt \u2013 tai ma\u017eas \u0161eimos verslas, kuris prasid\u0117jo nuo meil\u0117s knygoms ir siekio i\u0161gelb\u0117ti knygas nuo likimo prie konteinerio. Kas vienam nereikalingas daiktas \u2013 kitam lobis, o mes esame tarpininkai, kurie padeda abiems tapti laimingesniems ???? \u017dinome kaip nelengva i\u0161gyventi ma\u017eiems verslams, tad nuo \u0161iol, \u010dia rasite ir kit\u0173, ma\u017e\u0173 \u0161eim\u0173 versl\u0173, rank\u0173 darbo, dovan\u0173 sau ir artimiesiems.\",\"publisher\":{\"@id\":\"https:\/\/skaitytaknyga.lt\/#organization\"},\"potentialAction\":[{\"@type\":\"SearchAction\",\"target\":{\"@type\":\"EntryPoint\",\"urlTemplate\":\"https:\/\/skaitytaknyga.lt\/?s={search_term_string}\"},\"query-input\":{\"@type\":\"PropertyValueSpecification\",\"valueRequired\":true,\"valueName\":\"search_term_string\"}}],\"inLanguage\":\"en-GB\"},{\"@type\":\"Organization\",\"@id\":\"https:\/\/skaitytaknyga.lt\/#organization\",\"name\":\"skaitytaknyga.lt\",\"url\":\"https:\/\/skaitytaknyga.lt\/\",\"logo\":{\"@type\":\"ImageObject\",\"inLanguage\":\"en-GB\",\"@id\":\"https:\/\/skaitytaknyga.lt\/#\/schema\/logo\/image\/\",\"url\":\"https:\/\/skaitytaknyga.lt\/wp-content\/uploads\/2024\/05\/cropped-cropped-cropped-02_00843_jt3bggkj1j3HLc7SyY6rEUpg.jpeg\",\"contentUrl\":\"https:\/\/skaitytaknyga.lt\/wp-content\/uploads\/2024\/05\/cropped-cropped-cropped-02_00843_jt3bggkj1j3HLc7SyY6rEUpg.jpeg\",\"width\":1600,\"height\":1600,\"caption\":\"skaitytaknyga.lt\"},\"image\":{\"@id\":\"https:\/\/skaitytaknyga.lt\/#\/schema\/logo\/image\/\"},\"sameAs\":[\"https:\/\/www.facebook.com\/skaitytaknyga\/\"]}]}<\/script>\n<!-- \/ Yoast SEO plugin. -->","yoast_head_json":{"title":"Ma\u017ei. Gra\u017e\u016bs. Skan\u016bs","description":"Knyga \u201eMa\u017ei. Gra\u017e\u016bs. Skan\u016bs. Desertai j\u016bs\u0173 temin\u0117ms \u0161vent\u0117ms\" skirta saldumyn\u0173 m\u0117g\u0117jams, kuriems svarbu ne tik skonis, bet ir pateikimas. \u0160iandien \u0161ven\u010di\u0173","robots":{"index":"index","follow":"follow","max-snippet":"max-snippet:-1","max-image-preview":"max-image-preview:large","max-video-preview":"max-video-preview:-1"},"canonical":"https:\/\/skaitytaknyga.lt\/en\/produktas\/mazi-grazus-skanus\/","og_locale":"en_GB","og_type":"article","og_title":"[:lt]Ma\u017ei. Gra\u017e\u016bs. Skan\u016bs[:] - Skaitytaknyga","og_description":"Knyga \u201eMa\u017ei. Gra\u017e\u016bs. Skan\u016bs. Desertai j\u016bs\u0173 temin\u0117ms \u0161vent\u0117ms\" skirta saldumyn\u0173 m\u0117g\u0117jams, kuriems svarbu ne tik skonis, bet ir pateikimas. \u0160iandien \u0161ven\u010di\u0173","og_url":"https:\/\/skaitytaknyga.lt\/en\/produktas\/mazi-grazus-skanus\/","og_site_name":"Skaitytaknyga","article_publisher":"https:\/\/www.facebook.com\/skaitytaknyga\/","article_modified_time":"2025-06-26T12:06:20+00:00","og_image":[{"width":347,"height":500,"url":"https:\/\/skaitytaknyga.lt\/wp-content\/uploads\/2025\/06\/Mazi.-Grazus.-Skanus.webp","type":"image\/webp"}],"twitter_card":"summary_large_image","schema":{"@context":"https:\/\/schema.org","@graph":[{"@type":"WebPage","@id":"https:\/\/skaitytaknyga.lt\/produktas\/mazi-grazus-skanus\/","url":"https:\/\/skaitytaknyga.lt\/produktas\/mazi-grazus-skanus\/","name":"Ma\u017ei. Gra\u017e\u016bs. Skan\u016bs","isPartOf":{"@id":"https:\/\/skaitytaknyga.lt\/#website"},"primaryImageOfPage":{"@id":"https:\/\/skaitytaknyga.lt\/produktas\/mazi-grazus-skanus\/#primaryimage"},"image":{"@id":"https:\/\/skaitytaknyga.lt\/produktas\/mazi-grazus-skanus\/#primaryimage"},"thumbnailUrl":"https:\/\/skaitytaknyga.lt\/wp-content\/uploads\/2025\/06\/Mazi.-Grazus.-Skanus.webp","datePublished":"2025-06-26T11:12:05+00:00","dateModified":"2025-06-26T12:06:20+00:00","description":"Knyga \u201eMa\u017ei. Gra\u017e\u016bs. Skan\u016bs. Desertai j\u016bs\u0173 temin\u0117ms \u0161vent\u0117ms\" skirta saldumyn\u0173 m\u0117g\u0117jams, kuriems svarbu ne tik skonis, bet ir pateikimas. \u0160iandien \u0161ven\u010di\u0173","breadcrumb":{"@id":"https:\/\/skaitytaknyga.lt\/produktas\/mazi-grazus-skanus\/#breadcrumb"},"inLanguage":"en-GB","potentialAction":[{"@type":"ReadAction","target":["https:\/\/skaitytaknyga.lt\/produktas\/mazi-grazus-skanus\/"]}]},{"@type":"ImageObject","inLanguage":"en-GB","@id":"https:\/\/skaitytaknyga.lt\/produktas\/mazi-grazus-skanus\/#primaryimage","url":"https:\/\/skaitytaknyga.lt\/wp-content\/uploads\/2025\/06\/Mazi.-Grazus.-Skanus.webp","contentUrl":"https:\/\/skaitytaknyga.lt\/wp-content\/uploads\/2025\/06\/Mazi.-Grazus.-Skanus.webp","width":347,"height":500,"caption":"Ma\u017ei. Gra\u017e\u016bs. Skan\u016bs"},{"@type":"BreadcrumbList","@id":"https:\/\/skaitytaknyga.lt\/produktas\/mazi-grazus-skanus\/#breadcrumb","itemListElement":[{"@type":"ListItem","position":1,"name":"Home","item":"https:\/\/skaitytaknyga.lt\/"},{"@type":"ListItem","position":2,"name":"Parduotuv\u0117","item":"https:\/\/skaitytaknyga.lt\/knygu-parduotuve\/"},{"@type":"ListItem","position":3,"name":"Ma\u017ei. Gra\u017e\u016bs. Skan\u016bs"}]},{"@type":"WebSite","@id":"https:\/\/skaitytaknyga.lt\/#website","url":"https:\/\/skaitytaknyga.lt\/","name":"skaitytaknyga.lt","description":"Skaitytaknyga.lt \u2013 tai ma\u017eas \u0161eimos verslas, kuris prasid\u0117jo nuo meil\u0117s knygoms ir siekio i\u0161gelb\u0117ti knygas nuo likimo prie konteinerio. Kas vienam nereikalingas daiktas \u2013 kitam lobis, o mes esame tarpininkai, kurie padeda abiems tapti laimingesniems ???? \u017dinome kaip nelengva i\u0161gyventi ma\u017eiems verslams, tad nuo \u0161iol, \u010dia rasite ir kit\u0173, ma\u017e\u0173 \u0161eim\u0173 versl\u0173, rank\u0173 darbo, dovan\u0173 sau ir artimiesiems.","publisher":{"@id":"https:\/\/skaitytaknyga.lt\/#organization"},"potentialAction":[{"@type":"SearchAction","target":{"@type":"EntryPoint","urlTemplate":"https:\/\/skaitytaknyga.lt\/?s={search_term_string}"},"query-input":{"@type":"PropertyValueSpecification","valueRequired":true,"valueName":"search_term_string"}}],"inLanguage":"en-GB"},{"@type":"Organization","@id":"https:\/\/skaitytaknyga.lt\/#organization","name":"skaitytaknyga.lt","url":"https:\/\/skaitytaknyga.lt\/","logo":{"@type":"ImageObject","inLanguage":"en-GB","@id":"https:\/\/skaitytaknyga.lt\/#\/schema\/logo\/image\/","url":"https:\/\/skaitytaknyga.lt\/wp-content\/uploads\/2024\/05\/cropped-cropped-cropped-02_00843_jt3bggkj1j3HLc7SyY6rEUpg.jpeg","contentUrl":"https:\/\/skaitytaknyga.lt\/wp-content\/uploads\/2024\/05\/cropped-cropped-cropped-02_00843_jt3bggkj1j3HLc7SyY6rEUpg.jpeg","width":1600,"height":1600,"caption":"skaitytaknyga.lt"},"image":{"@id":"https:\/\/skaitytaknyga.lt\/#\/schema\/logo\/image\/"},"sameAs":["https:\/\/www.facebook.com\/skaitytaknyga\/"]}]}},"_links":{"self":[{"href":"https:\/\/skaitytaknyga.lt\/en\/wp-json\/wp\/v2\/product\/19032","targetHints":{"allow":["GET"]}}],"collection":[{"href":"https:\/\/skaitytaknyga.lt\/en\/wp-json\/wp\/v2\/product"}],"about":[{"href":"https:\/\/skaitytaknyga.lt\/en\/wp-json\/wp\/v2\/types\/product"}],"replies":[{"embeddable":true,"href":"https:\/\/skaitytaknyga.lt\/en\/wp-json\/wp\/v2\/comments?post=19032"}],"wp:featuredmedia":[{"embeddable":true,"href":"https:\/\/skaitytaknyga.lt\/en\/wp-json\/wp\/v2\/media\/19037"}],"wp:attachment":[{"href":"https:\/\/skaitytaknyga.lt\/en\/wp-json\/wp\/v2\/media?parent=19032"}],"wp:term":[{"taxonomy":"product_brand","embeddable":true,"href":"https:\/\/skaitytaknyga.lt\/en\/wp-json\/wp\/v2\/product_brand?post=19032"},{"taxonomy":"product_cat","embeddable":true,"href":"https:\/\/skaitytaknyga.lt\/en\/wp-json\/wp\/v2\/product_cat?post=19032"},{"taxonomy":"product_tag","embeddable":true,"href":"https:\/\/skaitytaknyga.lt\/en\/wp-json\/wp\/v2\/product_tag?post=19032"}],"curies":[{"name":"wp","href":"https:\/\/api.w.org\/{rel}","templated":true}]}}