{"id":19027,"date":"2025-06-23T11:40:35","date_gmt":"2025-06-23T08:40:35","guid":{"rendered":"https:\/\/skaitytaknyga.lt\/?post_type=product&#038;p=19027"},"modified":"2025-06-26T15:06:20","modified_gmt":"2025-06-26T12:06:20","slug":"laiziako-koeficientas-25-su-puse-tolesnes-istabios-dzordzijos-nikolson-ispazintys","status":"publish","type":"product","link":"https:\/\/skaitytaknyga.lt\/en\/produktas\/laiziako-koeficientas-25-su-puse-tolesnes-istabios-dzordzijos-nikolson-ispazintys\/","title":{"rendered":"Lai\u017eiako koeficientas 25 su puse. Tolesn\u0117s \u012fstabios D\u017eord\u017eijos Nikolson i\u0161pa\u017eintys."},"content":{"rendered":"<p>Penktoji pasaulin\u0119 \u0161lov\u0119 pelniusios ra\u0161ytojos, nepakartojam\u0173 bestseleri\u0173 ,,Meilutis, stringai ir lai\u017eiakas\u201c, ,,Neisterikuok, mano kelnait\u0117s pla\u010diausios visatoje!\u201c, ,,Nokautuoti mano torped\u0173\u201c, ,,D\u017eiungli\u0173 kar\u0161tlig\u0117s \u0161okis\u201c autor\u0117s, knyga.<\/p>\n<p>Nerimastingosios D\u017eord\u017eijos gyvenime pasirodo Masimas \u2013 princas ant sidabrinio motorolerio. Ar jis pakeis netik\u0117tai \u012f Kivi\u0173 \u017eem\u0119 (Nauj\u0105j\u0105 Zelandij\u0105) i\u0161vykus\u012f SD?<\/p>\n","protected":false},"excerpt":{"rendered":"<p>Penktoji pasaulin\u0119 \u0161lov\u0119 pelniusios ra\u0161ytojos, nepakartojam\u0173 bestseleri\u0173 ,,Meilutis, stringai ir lai\u017eiakas\u201c, ,,Neisterikuok, mano kelnait\u0117s pla\u010diausios visatoje!\u201c, ,,Nokautuoti mano torped\u0173\u201c, ,,D\u017eiungli\u0173 kar\u0161tlig\u0117s \u0161okis\u201c autor\u0117s, knyga. Nerimastingosios D\u017eord\u017eijos gyvenime pasirodo Masimas \u2013 princas ant sidabrinio motorolerio. Ar jis pakeis netik\u0117tai \u012f Kivi\u0173 \u017eem\u0119 (Nauj\u0105j\u0105 Zelandij\u0105) i\u0161vykus\u012f SD?<\/p>\n","protected":false},"featured_media":19028,"comment_status":"open","ping_status":"closed","template":"","meta":{"_acf_changed":false,"site-sidebar-layout":"default","site-content-layout":"","ast-site-content-layout":"default","site-content-style":"default","site-sidebar-style":"default","ast-global-header-display":"","ast-banner-title-visibility":"","ast-main-header-display":"","ast-hfb-above-header-display":"","ast-hfb-below-header-display":"","ast-hfb-mobile-header-display":"","site-post-title":"","ast-breadcrumbs-content":"","ast-featured-img":"","footer-sml-layout":"","ast-disable-related-posts":"","theme-transparent-header-meta":"","adv-header-id-meta":"","stick-header-meta":"","header-above-stick-meta":"","header-main-stick-meta":"","header-below-stick-meta":"","astra-migrate-meta-layouts":"default","ast-page-background-enabled":"default","ast-page-background-meta":{"desktop":{"background-color":"","background-image":"","background-repeat":"repeat","background-position":"center center","background-size":"auto","background-attachment":"scroll","background-type":"","background-media":"","overlay-type":"","overlay-color":"","overlay-opacity":"","overlay-gradient":""},"tablet":{"background-color":"","background-image":"","background-repeat":"repeat","background-position":"center center","background-size":"auto","background-attachment":"scroll","background-type":"","background-media":"","overlay-type":"","overlay-color":"","overlay-opacity":"","overlay-gradient":""},"mobile":{"background-color":"","background-image":"","background-repeat":"repeat","background-position":"center center","background-size":"auto","background-attachment":"scroll","background-type":"","background-media":"","overlay-type":"","overlay-color":"","overlay-opacity":"","overlay-gradient":""}},"ast-content-background-meta":{"desktop":{"background-color":"var(--ast-global-color-4)","background-image":"","background-repeat":"repeat","background-position":"center center","background-size":"auto","background-attachment":"scroll","background-type":"","background-media":"","overlay-type":"","overlay-color":"","overlay-opacity":"","overlay-gradient":""},"tablet":{"background-color":"var(--ast-global-color-4)","background-image":"","background-repeat":"repeat","background-position":"center center","background-size":"auto","background-attachment":"scroll","background-type":"","background-media":"","overlay-type":"","overlay-color":"","overlay-opacity":"","overlay-gradient":""},"mobile":{"background-color":"var(--ast-global-color-4)","background-image":"","background-repeat":"repeat","background-position":"center center","background-size":"auto","background-attachment":"scroll","background-type":"","background-media":"","overlay-type":"","overlay-color":"","overlay-opacity":"","overlay-gradient":""}}},"product_brand":[],"product_cat":[15],"product_tag":[5546,5547,5540,5544,5541,5543,5545,5542],"class_list":{"0":"post-19027","1":"product","2":"type-product","3":"status-publish","4":"has-post-thumbnail","6":"product_cat-uncategorized","7":"product_tag-dziungliu-karstliges-sokis","8":"product_tag-dzordzija-nikolson","9":"product_tag-louise-rennison","10":"product_tag-mano-kelnaites-placiausios-visatoje","11":"product_tag-meilutis","12":"product_tag-neisterikuok","13":"product_tag-nokautuoti-mano-torpedu","14":"product_tag-stringai-ir-laiziakas","15":"desktop-align-left","16":"tablet-align-left","17":"mobile-align-left","19":"first","20":"instock","21":"shipping-taxable","22":"purchasable","23":"product-type-simple"},"acf":[],"yoast_head":"<!-- This site is optimized with the Yoast SEO plugin v27.4 - https:\/\/yoast.com\/product\/yoast-seo-wordpress\/ -->\n<title>Lai\u017eiako koeficientas 25 su puse. Tolesn\u0117s \u012fstabios D\u017eord\u017eijos Nikolson i\u0161pa\u017eintys.<\/title>\n<meta name=\"description\" content=\"Penktoji pasaulin\u0119 \u0161lov\u0119 pelniusios ra\u0161ytojos, nepakartojam\u0173 bestseleri\u0173 ,,Meilutis, stringai ir lai\u017eiakas\u201c, ,,Neisterikuok, mano kelnait\u0117s pla\u010diausios\" \/>\n<meta name=\"robots\" content=\"index, follow, max-snippet:-1, max-image-preview:large, max-video-preview:-1\" \/>\n<link rel=\"canonical\" href=\"https:\/\/skaitytaknyga.lt\/en\/produktas\/laiziako-koeficientas-25-su-puse-tolesnes-istabios-dzordzijos-nikolson-ispazintys\/\" \/>\n<meta property=\"og:locale\" content=\"en_GB\" \/>\n<meta property=\"og:locale:alternate\" content=\"lt_LT\" \/>\n<meta property=\"og:type\" content=\"article\" \/>\n<meta property=\"og:title\" content=\"Lai\u017eiako koeficientas 25 su puse. Tolesn\u0117s \u012fstabios D\u017eord\u017eijos Nikolson i\u0161pa\u017eintys.\" \/>\n<meta property=\"og:description\" content=\"Penktoji pasaulin\u0119 \u0161lov\u0119 pelniusios ra\u0161ytojos, nepakartojam\u0173 bestseleri\u0173 ,,Meilutis, stringai ir lai\u017eiakas\u201c, ,,Neisterikuok, mano kelnait\u0117s pla\u010diausios\" \/>\n<meta property=\"og:url\" content=\"https:\/\/skaitytaknyga.lt\/en\/produktas\/laiziako-koeficientas-25-su-puse-tolesnes-istabios-dzordzijos-nikolson-ispazintys\/\" \/>\n<meta property=\"og:site_name\" content=\"Skaitytaknyga\" \/>\n<meta property=\"article:publisher\" content=\"https:\/\/www.facebook.com\/skaitytaknyga\/\" \/>\n<meta property=\"article:modified_time\" content=\"2025-06-26T12:06:20+00:00\" \/>\n<meta property=\"og:image\" content=\"https:\/\/skaitytaknyga.lt\/wp-content\/uploads\/2025\/06\/Laiziako-koeficientas-25-su-puse.-Tolesnes-istabios-Dzordzijos-Nikolson-ispazintys.webp\" \/>\n\t<meta property=\"og:image:width\" content=\"510\" \/>\n\t<meta property=\"og:image:height\" content=\"800\" \/>\n\t<meta property=\"og:image:type\" content=\"image\/webp\" \/>\n<meta name=\"twitter:card\" content=\"summary_large_image\" \/>\n<script type=\"application\/ld+json\" class=\"yoast-schema-graph\">{\"@context\":\"https:\\\/\\\/schema.org\",\"@graph\":[{\"@type\":\"WebPage\",\"@id\":\"https:\\\/\\\/skaitytaknyga.lt\\\/produktas\\\/laiziako-koeficientas-25-su-puse-tolesnes-istabios-dzordzijos-nikolson-ispazintys\\\/\",\"url\":\"https:\\\/\\\/skaitytaknyga.lt\\\/produktas\\\/laiziako-koeficientas-25-su-puse-tolesnes-istabios-dzordzijos-nikolson-ispazintys\\\/\",\"name\":\"Lai\u017eiako koeficientas 25 su puse. Tolesn\u0117s \u012fstabios D\u017eord\u017eijos Nikolson i\u0161pa\u017eintys.\",\"isPartOf\":{\"@id\":\"https:\\\/\\\/skaitytaknyga.lt\\\/#website\"},\"primaryImageOfPage\":{\"@id\":\"https:\\\/\\\/skaitytaknyga.lt\\\/produktas\\\/laiziako-koeficientas-25-su-puse-tolesnes-istabios-dzordzijos-nikolson-ispazintys\\\/#primaryimage\"},\"image\":{\"@id\":\"https:\\\/\\\/skaitytaknyga.lt\\\/produktas\\\/laiziako-koeficientas-25-su-puse-tolesnes-istabios-dzordzijos-nikolson-ispazintys\\\/#primaryimage\"},\"thumbnailUrl\":\"https:\\\/\\\/skaitytaknyga.lt\\\/wp-content\\\/uploads\\\/2025\\\/06\\\/Laiziako-koeficientas-25-su-puse.-Tolesnes-istabios-Dzordzijos-Nikolson-ispazintys.webp\",\"datePublished\":\"2025-06-23T08:40:35+00:00\",\"dateModified\":\"2025-06-26T12:06:20+00:00\",\"description\":\"Penktoji pasaulin\u0119 \u0161lov\u0119 pelniusios ra\u0161ytojos, nepakartojam\u0173 bestseleri\u0173 ,,Meilutis, stringai ir lai\u017eiakas\u201c, ,,Neisterikuok, mano kelnait\u0117s pla\u010diausios\",\"breadcrumb\":{\"@id\":\"https:\\\/\\\/skaitytaknyga.lt\\\/produktas\\\/laiziako-koeficientas-25-su-puse-tolesnes-istabios-dzordzijos-nikolson-ispazintys\\\/#breadcrumb\"},\"inLanguage\":\"en-GB\",\"potentialAction\":[{\"@type\":\"ReadAction\",\"target\":[\"https:\\\/\\\/skaitytaknyga.lt\\\/produktas\\\/laiziako-koeficientas-25-su-puse-tolesnes-istabios-dzordzijos-nikolson-ispazintys\\\/\"]}]},{\"@type\":\"ImageObject\",\"inLanguage\":\"en-GB\",\"@id\":\"https:\\\/\\\/skaitytaknyga.lt\\\/produktas\\\/laiziako-koeficientas-25-su-puse-tolesnes-istabios-dzordzijos-nikolson-ispazintys\\\/#primaryimage\",\"url\":\"https:\\\/\\\/skaitytaknyga.lt\\\/wp-content\\\/uploads\\\/2025\\\/06\\\/Laiziako-koeficientas-25-su-puse.-Tolesnes-istabios-Dzordzijos-Nikolson-ispazintys.webp\",\"contentUrl\":\"https:\\\/\\\/skaitytaknyga.lt\\\/wp-content\\\/uploads\\\/2025\\\/06\\\/Laiziako-koeficientas-25-su-puse.-Tolesnes-istabios-Dzordzijos-Nikolson-ispazintys.webp\",\"width\":510,\"height\":800,\"caption\":\"Lai\u017eiako koeficientas 25 su puse. Tolesn\u0117s \u012fstabios D\u017eord\u017eijos Nikolson i\u0161pa\u017eintys.\"},{\"@type\":\"BreadcrumbList\",\"@id\":\"https:\\\/\\\/skaitytaknyga.lt\\\/produktas\\\/laiziako-koeficientas-25-su-puse-tolesnes-istabios-dzordzijos-nikolson-ispazintys\\\/#breadcrumb\",\"itemListElement\":[{\"@type\":\"ListItem\",\"position\":1,\"name\":\"Home\",\"item\":\"https:\\\/\\\/skaitytaknyga.lt\\\/\"},{\"@type\":\"ListItem\",\"position\":2,\"name\":\"Parduotuv\u0117\",\"item\":\"https:\\\/\\\/skaitytaknyga.lt\\\/knygu-parduotuve\\\/\"},{\"@type\":\"ListItem\",\"position\":3,\"name\":\"Lai\u017eiako koeficientas 25 su puse. Tolesn\u0117s \u012fstabios D\u017eord\u017eijos Nikolson i\u0161pa\u017eintys.\"}]},{\"@type\":\"WebSite\",\"@id\":\"https:\\\/\\\/skaitytaknyga.lt\\\/#website\",\"url\":\"https:\\\/\\\/skaitytaknyga.lt\\\/\",\"name\":\"skaitytaknyga.lt\",\"description\":\"Skaitytaknyga.lt \u2013 tai ma\u017eas \u0161eimos verslas, kuris prasid\u0117jo nuo meil\u0117s knygoms ir siekio i\u0161gelb\u0117ti knygas nuo likimo prie konteinerio. Kas vienam nereikalingas daiktas \u2013 kitam lobis, o mes esame tarpininkai, kurie padeda abiems tapti laimingesniems ???? \u017dinome kaip nelengva i\u0161gyventi ma\u017eiems verslams, tad nuo \u0161iol, \u010dia rasite ir kit\u0173, ma\u017e\u0173 \u0161eim\u0173 versl\u0173, rank\u0173 darbo, dovan\u0173 sau ir artimiesiems.\",\"publisher\":{\"@id\":\"https:\\\/\\\/skaitytaknyga.lt\\\/#organization\"},\"potentialAction\":[{\"@type\":\"SearchAction\",\"target\":{\"@type\":\"EntryPoint\",\"urlTemplate\":\"https:\\\/\\\/skaitytaknyga.lt\\\/?s={search_term_string}\"},\"query-input\":{\"@type\":\"PropertyValueSpecification\",\"valueRequired\":true,\"valueName\":\"search_term_string\"}}],\"inLanguage\":\"en-GB\"},{\"@type\":\"Organization\",\"@id\":\"https:\\\/\\\/skaitytaknyga.lt\\\/#organization\",\"name\":\"skaitytaknyga.lt\",\"url\":\"https:\\\/\\\/skaitytaknyga.lt\\\/\",\"logo\":{\"@type\":\"ImageObject\",\"inLanguage\":\"en-GB\",\"@id\":\"https:\\\/\\\/skaitytaknyga.lt\\\/#\\\/schema\\\/logo\\\/image\\\/\",\"url\":\"https:\\\/\\\/skaitytaknyga.lt\\\/wp-content\\\/uploads\\\/2024\\\/05\\\/cropped-cropped-cropped-02_00843_jt3bggkj1j3HLc7SyY6rEUpg.jpeg\",\"contentUrl\":\"https:\\\/\\\/skaitytaknyga.lt\\\/wp-content\\\/uploads\\\/2024\\\/05\\\/cropped-cropped-cropped-02_00843_jt3bggkj1j3HLc7SyY6rEUpg.jpeg\",\"width\":1600,\"height\":1600,\"caption\":\"skaitytaknyga.lt\"},\"image\":{\"@id\":\"https:\\\/\\\/skaitytaknyga.lt\\\/#\\\/schema\\\/logo\\\/image\\\/\"},\"sameAs\":[\"https:\\\/\\\/www.facebook.com\\\/skaitytaknyga\\\/\"]}]}<\/script>\n<!-- \/ Yoast SEO plugin. -->","yoast_head_json":{"title":"Lai\u017eiako koeficientas 25 su puse. Tolesn\u0117s \u012fstabios D\u017eord\u017eijos Nikolson i\u0161pa\u017eintys.","description":"Penktoji pasaulin\u0119 \u0161lov\u0119 pelniusios ra\u0161ytojos, nepakartojam\u0173 bestseleri\u0173 ,,Meilutis, stringai ir lai\u017eiakas\u201c, ,,Neisterikuok, mano kelnait\u0117s pla\u010diausios","robots":{"index":"index","follow":"follow","max-snippet":"max-snippet:-1","max-image-preview":"max-image-preview:large","max-video-preview":"max-video-preview:-1"},"canonical":"https:\/\/skaitytaknyga.lt\/en\/produktas\/laiziako-koeficientas-25-su-puse-tolesnes-istabios-dzordzijos-nikolson-ispazintys\/","og_locale":"en_GB","og_type":"article","og_title":"[:lt]Lai\u017eiako koeficientas 25 su puse. Tolesn\u0117s \u012fstabios D\u017eord\u017eijos Nikolson i\u0161pa\u017eintys.[:] - Skaitytaknyga","og_description":"Penktoji pasaulin\u0119 \u0161lov\u0119 pelniusios ra\u0161ytojos, nepakartojam\u0173 bestseleri\u0173 ,,Meilutis, stringai ir lai\u017eiakas\u201c, ,,Neisterikuok, mano kelnait\u0117s pla\u010diausios","og_url":"https:\/\/skaitytaknyga.lt\/en\/produktas\/laiziako-koeficientas-25-su-puse-tolesnes-istabios-dzordzijos-nikolson-ispazintys\/","og_site_name":"Skaitytaknyga","article_publisher":"https:\/\/www.facebook.com\/skaitytaknyga\/","article_modified_time":"2025-06-26T12:06:20+00:00","og_image":[{"width":510,"height":800,"url":"https:\/\/skaitytaknyga.lt\/wp-content\/uploads\/2025\/06\/Laiziako-koeficientas-25-su-puse.-Tolesnes-istabios-Dzordzijos-Nikolson-ispazintys.webp","type":"image\/webp"}],"twitter_card":"summary_large_image","schema":{"@context":"https:\/\/schema.org","@graph":[{"@type":"WebPage","@id":"https:\/\/skaitytaknyga.lt\/produktas\/laiziako-koeficientas-25-su-puse-tolesnes-istabios-dzordzijos-nikolson-ispazintys\/","url":"https:\/\/skaitytaknyga.lt\/produktas\/laiziako-koeficientas-25-su-puse-tolesnes-istabios-dzordzijos-nikolson-ispazintys\/","name":"Lai\u017eiako koeficientas 25 su puse. Tolesn\u0117s \u012fstabios D\u017eord\u017eijos Nikolson i\u0161pa\u017eintys.","isPartOf":{"@id":"https:\/\/skaitytaknyga.lt\/#website"},"primaryImageOfPage":{"@id":"https:\/\/skaitytaknyga.lt\/produktas\/laiziako-koeficientas-25-su-puse-tolesnes-istabios-dzordzijos-nikolson-ispazintys\/#primaryimage"},"image":{"@id":"https:\/\/skaitytaknyga.lt\/produktas\/laiziako-koeficientas-25-su-puse-tolesnes-istabios-dzordzijos-nikolson-ispazintys\/#primaryimage"},"thumbnailUrl":"https:\/\/skaitytaknyga.lt\/wp-content\/uploads\/2025\/06\/Laiziako-koeficientas-25-su-puse.-Tolesnes-istabios-Dzordzijos-Nikolson-ispazintys.webp","datePublished":"2025-06-23T08:40:35+00:00","dateModified":"2025-06-26T12:06:20+00:00","description":"Penktoji pasaulin\u0119 \u0161lov\u0119 pelniusios ra\u0161ytojos, nepakartojam\u0173 bestseleri\u0173 ,,Meilutis, stringai ir lai\u017eiakas\u201c, ,,Neisterikuok, mano kelnait\u0117s pla\u010diausios","breadcrumb":{"@id":"https:\/\/skaitytaknyga.lt\/produktas\/laiziako-koeficientas-25-su-puse-tolesnes-istabios-dzordzijos-nikolson-ispazintys\/#breadcrumb"},"inLanguage":"en-GB","potentialAction":[{"@type":"ReadAction","target":["https:\/\/skaitytaknyga.lt\/produktas\/laiziako-koeficientas-25-su-puse-tolesnes-istabios-dzordzijos-nikolson-ispazintys\/"]}]},{"@type":"ImageObject","inLanguage":"en-GB","@id":"https:\/\/skaitytaknyga.lt\/produktas\/laiziako-koeficientas-25-su-puse-tolesnes-istabios-dzordzijos-nikolson-ispazintys\/#primaryimage","url":"https:\/\/skaitytaknyga.lt\/wp-content\/uploads\/2025\/06\/Laiziako-koeficientas-25-su-puse.-Tolesnes-istabios-Dzordzijos-Nikolson-ispazintys.webp","contentUrl":"https:\/\/skaitytaknyga.lt\/wp-content\/uploads\/2025\/06\/Laiziako-koeficientas-25-su-puse.-Tolesnes-istabios-Dzordzijos-Nikolson-ispazintys.webp","width":510,"height":800,"caption":"Lai\u017eiako koeficientas 25 su puse. Tolesn\u0117s \u012fstabios D\u017eord\u017eijos Nikolson i\u0161pa\u017eintys."},{"@type":"BreadcrumbList","@id":"https:\/\/skaitytaknyga.lt\/produktas\/laiziako-koeficientas-25-su-puse-tolesnes-istabios-dzordzijos-nikolson-ispazintys\/#breadcrumb","itemListElement":[{"@type":"ListItem","position":1,"name":"Home","item":"https:\/\/skaitytaknyga.lt\/"},{"@type":"ListItem","position":2,"name":"Parduotuv\u0117","item":"https:\/\/skaitytaknyga.lt\/knygu-parduotuve\/"},{"@type":"ListItem","position":3,"name":"Lai\u017eiako koeficientas 25 su puse. Tolesn\u0117s \u012fstabios D\u017eord\u017eijos Nikolson i\u0161pa\u017eintys."}]},{"@type":"WebSite","@id":"https:\/\/skaitytaknyga.lt\/#website","url":"https:\/\/skaitytaknyga.lt\/","name":"skaitytaknyga.lt","description":"Skaitytaknyga.lt \u2013 tai ma\u017eas \u0161eimos verslas, kuris prasid\u0117jo nuo meil\u0117s knygoms ir siekio i\u0161gelb\u0117ti knygas nuo likimo prie konteinerio. Kas vienam nereikalingas daiktas \u2013 kitam lobis, o mes esame tarpininkai, kurie padeda abiems tapti laimingesniems ???? \u017dinome kaip nelengva i\u0161gyventi ma\u017eiems verslams, tad nuo \u0161iol, \u010dia rasite ir kit\u0173, ma\u017e\u0173 \u0161eim\u0173 versl\u0173, rank\u0173 darbo, dovan\u0173 sau ir artimiesiems.","publisher":{"@id":"https:\/\/skaitytaknyga.lt\/#organization"},"potentialAction":[{"@type":"SearchAction","target":{"@type":"EntryPoint","urlTemplate":"https:\/\/skaitytaknyga.lt\/?s={search_term_string}"},"query-input":{"@type":"PropertyValueSpecification","valueRequired":true,"valueName":"search_term_string"}}],"inLanguage":"en-GB"},{"@type":"Organization","@id":"https:\/\/skaitytaknyga.lt\/#organization","name":"skaitytaknyga.lt","url":"https:\/\/skaitytaknyga.lt\/","logo":{"@type":"ImageObject","inLanguage":"en-GB","@id":"https:\/\/skaitytaknyga.lt\/#\/schema\/logo\/image\/","url":"https:\/\/skaitytaknyga.lt\/wp-content\/uploads\/2024\/05\/cropped-cropped-cropped-02_00843_jt3bggkj1j3HLc7SyY6rEUpg.jpeg","contentUrl":"https:\/\/skaitytaknyga.lt\/wp-content\/uploads\/2024\/05\/cropped-cropped-cropped-02_00843_jt3bggkj1j3HLc7SyY6rEUpg.jpeg","width":1600,"height":1600,"caption":"skaitytaknyga.lt"},"image":{"@id":"https:\/\/skaitytaknyga.lt\/#\/schema\/logo\/image\/"},"sameAs":["https:\/\/www.facebook.com\/skaitytaknyga\/"]}]}},"_links":{"self":[{"href":"https:\/\/skaitytaknyga.lt\/en\/wp-json\/wp\/v2\/product\/19027","targetHints":{"allow":["GET"]}}],"collection":[{"href":"https:\/\/skaitytaknyga.lt\/en\/wp-json\/wp\/v2\/product"}],"about":[{"href":"https:\/\/skaitytaknyga.lt\/en\/wp-json\/wp\/v2\/types\/product"}],"replies":[{"embeddable":true,"href":"https:\/\/skaitytaknyga.lt\/en\/wp-json\/wp\/v2\/comments?post=19027"}],"wp:featuredmedia":[{"embeddable":true,"href":"https:\/\/skaitytaknyga.lt\/en\/wp-json\/wp\/v2\/media\/19028"}],"wp:attachment":[{"href":"https:\/\/skaitytaknyga.lt\/en\/wp-json\/wp\/v2\/media?parent=19027"}],"wp:term":[{"taxonomy":"product_brand","embeddable":true,"href":"https:\/\/skaitytaknyga.lt\/en\/wp-json\/wp\/v2\/product_brand?post=19027"},{"taxonomy":"product_cat","embeddable":true,"href":"https:\/\/skaitytaknyga.lt\/en\/wp-json\/wp\/v2\/product_cat?post=19027"},{"taxonomy":"product_tag","embeddable":true,"href":"https:\/\/skaitytaknyga.lt\/en\/wp-json\/wp\/v2\/product_tag?post=19027"}],"curies":[{"name":"wp","href":"https:\/\/api.w.org\/{rel}","templated":true}]}}