{"id":19017,"date":"2025-06-22T18:40:29","date_gmt":"2025-06-22T15:40:29","guid":{"rendered":"https:\/\/skaitytaknyga.lt\/?post_type=product&#038;p=19017"},"modified":"2025-07-07T09:26:23","modified_gmt":"2025-07-07T06:26:23","slug":"laisku-knyga","status":"publish","type":"product","link":"https:\/\/skaitytaknyga.lt\/en\/produktas\/laisku-knyga\/","title":{"rendered":"Lai\u0161k\u0173 knyga"},"content":{"rendered":"<p>Romano \u201eLai\u0161k\u0173 knyga\u201c preliudija \u2013 sald\u016bs pirmosios meil\u0117s atsiminim\u0173 trupiniai: vasarnamio lub\u0173 baltuma, juodos iev\u0173 uogos, \u017eiogai, kimbantys prie suknel\u0117s, saul\u0117s paplot\u0117liai ant grind\u0173&#8230; Bet tai tik prad\u017ei\u0173 prad\u017eia.<\/p>\n<p>Mylim\u0173j\u0173 lai\u0161kuose sprogsta pasauliai, lai\u0161kais jie m\u0117gina i\u0161pl\u0117\u0161ti prarast\u0105 j\u0173dviej\u0173 laik\u0105&#8230; Praeitis tampa dabartimi: poliarinio lak\u016bno nuotykiai, kelias \u012f Pekin\u0105 ir bokseri\u0173 sukilimo Kinijoje mal\u0161inimas, \u017eod\u017eiai, senstantys kartu su \u012f pasaul\u012f ateinan\u010diais naujagimiais&#8230; Lai\u0161kai keliauja i\u0161ardytais b\u0117giais, sudegintais tiltais, paskandintais laivais, pa\u0161autais arkliais, kritusiais l\u0117ktuvais&#8230;<\/p>\n<p>Kaip kadais Eloyzos ir Abeliaro lai\u0161kai, prasilenkiantys Simone de Beauvoir ir J.- L. Bosto lai\u0161kai, i\u0161bluk\u0119 M. K. \u010ciurlionio ir Sofijos lai\u0161kai, taip dabar Sa\u0161enkos ir Volodenkos lai\u0161kai \u2013 apie paslapt\u012f, apie tai, kad mirtis \u2013 tokia pat dovana kaip ir meil\u0117.<\/p>\n<p>Michailas \u0160i\u0161kinas (\u041c\u0438\u0445\u0430\u0438\u043b \u0428\u0438\u0448\u043a\u0438\u043d. g. 1961) \u2013 vienas \u017eymiausi\u0173 \u0161iandienos rus\u0173 romanist\u0173. Jo prozos \u017eodingumas, muzikalumas ir plastika, tir\u0161tas psichologizmas lyginami su Ivano Bunino, Vladimiro Nabokovo stiliumi. Greta naujojo Viktoro Pelevino romano, \u201eLai\u0161k\u0173 knyga\u201c nominuota Rusijos nacionalinei literat\u016bros premijai \u201eDid\u017eioji knyga&#8221; ir antram pagal svarb\u0105 literat\u016bros apdovanojimui \u201eNaujoji rus\u0173 literat\u016bra&#8221;.<\/p>\n<p>Atsimeni, niekaip negal\u0117jau tav\u0119s \u012ftikinti, kad bet kuri knyga \u2013 melas, ir vien jau tod\u0117l, kad joje yra prad\u017eia ir pabaiga. Nes\u0105\u017eininga pad\u0117ti paskutin\u012f ta\u0161k\u0105, para\u0161yti \u017eod\u012f \u201epabaiga&#8221; \u2013 ir nenumirti. Man atrod\u0117, kad \u017eod\u017eiai \u2013 tai auk\u0161\u010diausioji tiesa. O pasirod\u0117 \u2013 ka\u017ekoks pok\u0161tas, apgavyst\u0117, nieko rimta ir garbinga. Pasi\u017ead\u0117jau sau niekada nebera\u0161yti. Man atrod\u0117, kad tai garbinga.<\/p>\n","protected":false},"excerpt":{"rendered":"<p>Romano \u201eLai\u0161k\u0173 knyga\u201c preliudija \u2013 sald\u016bs pirmosios meil\u0117s atsiminim\u0173 trupiniai: vasarnamio lub\u0173 baltuma, juodos iev\u0173 uogos, \u017eiogai, kimbantys prie suknel\u0117s, saul\u0117s paplot\u0117liai ant grind\u0173&#8230; Bet tai tik prad\u017ei\u0173 prad\u017eia. Mylim\u0173j\u0173 lai\u0161kuose sprogsta pasauliai, lai\u0161kais jie m\u0117gina i\u0161pl\u0117\u0161ti prarast\u0105 j\u0173dviej\u0173 laik\u0105&#8230; Praeitis tampa dabartimi: poliarinio lak\u016bno nuotykiai, kelias \u012f Pekin\u0105 ir bokseri\u0173 sukilimo Kinijoje mal\u0161inimas, \u017eod\u017eiai, senstantys kartu su \u012f pasaul\u012f ateinan\u010diais naujagimiais&#8230; Lai\u0161kai keliauja i\u0161ardytais b\u0117giais, sudegintais tiltais, paskandintais laivais, pa\u0161autais arkliais, kritusiais l\u0117ktuvais&#8230; Kaip kadais Eloyzos ir Abeliaro lai\u0161kai, prasilenkiantys Simone de Beauvoir ir J.- L. Bosto lai\u0161kai, i\u0161bluk\u0119 M. K. \u010ciurlionio ir Sofijos lai\u0161kai, taip dabar Sa\u0161enkos ir Volodenkos lai\u0161kai \u2013 apie paslapt\u012f, apie tai, kad mirtis \u2013 tokia pat dovana kaip ir meil\u0117. Michailas \u0160i\u0161kinas (\u041c\u0438\u0445\u0430\u0438\u043b \u0428\u0438\u0448\u043a\u0438\u043d. g. 1961) \u2013 vienas \u017eymiausi\u0173 \u0161iandienos rus\u0173 romanist\u0173. Jo prozos \u017eodingumas, muzikalumas ir plastika, tir\u0161tas psichologizmas lyginami su Ivano Bunino, Vladimiro Nabokovo stiliumi. Greta naujojo Viktoro Pelevino romano, \u201eLai\u0161k\u0173 knyga\u201c nominuota Rusijos nacionalinei literat\u016bros premijai \u201eDid\u017eioji knyga&#8221; ir antram pagal svarb\u0105 literat\u016bros apdovanojimui \u201eNaujoji rus\u0173 literat\u016bra&#8221;. Atsimeni, niekaip negal\u0117jau tav\u0119s \u012ftikinti, kad bet kuri knyga \u2013 melas, ir vien jau tod\u0117l, kad joje yra prad\u017eia ir pabaiga. Nes\u0105\u017eininga pad\u0117ti paskutin\u012f ta\u0161k\u0105, para\u0161yti \u017eod\u012f \u201epabaiga&#8221; \u2013 ir nenumirti. Man atrod\u0117, kad \u017eod\u017eiai \u2013 tai auk\u0161\u010diausioji tiesa. O pasirod\u0117 \u2013 ka\u017ekoks pok\u0161tas, apgavyst\u0117, nieko rimta ir garbinga. Pasi\u017ead\u0117jau sau niekada nebera\u0161yti. Man atrod\u0117, kad tai garbinga.<\/p>\n","protected":false},"featured_media":19022,"comment_status":"open","ping_status":"closed","template":"","meta":{"_acf_changed":false,"site-sidebar-layout":"default","site-content-layout":"","ast-site-content-layout":"default","site-content-style":"default","site-sidebar-style":"default","ast-global-header-display":"","ast-banner-title-visibility":"","ast-main-header-display":"","ast-hfb-above-header-display":"","ast-hfb-below-header-display":"","ast-hfb-mobile-header-display":"","site-post-title":"","ast-breadcrumbs-content":"","ast-featured-img":"","footer-sml-layout":"","ast-disable-related-posts":"","theme-transparent-header-meta":"","adv-header-id-meta":"","stick-header-meta":"","header-above-stick-meta":"","header-main-stick-meta":"","header-below-stick-meta":"","astra-migrate-meta-layouts":"default","ast-page-background-enabled":"default","ast-page-background-meta":{"desktop":{"background-color":"","background-image":"","background-repeat":"repeat","background-position":"center center","background-size":"auto","background-attachment":"scroll","background-type":"","background-media":"","overlay-type":"","overlay-color":"","overlay-opacity":"","overlay-gradient":""},"tablet":{"background-color":"","background-image":"","background-repeat":"repeat","background-position":"center center","background-size":"auto","background-attachment":"scroll","background-type":"","background-media":"","overlay-type":"","overlay-color":"","overlay-opacity":"","overlay-gradient":""},"mobile":{"background-color":"","background-image":"","background-repeat":"repeat","background-position":"center center","background-size":"auto","background-attachment":"scroll","background-type":"","background-media":"","overlay-type":"","overlay-color":"","overlay-opacity":"","overlay-gradient":""}},"ast-content-background-meta":{"desktop":{"background-color":"var(--ast-global-color-4)","background-image":"","background-repeat":"repeat","background-position":"center center","background-size":"auto","background-attachment":"scroll","background-type":"","background-media":"","overlay-type":"","overlay-color":"","overlay-opacity":"","overlay-gradient":""},"tablet":{"background-color":"var(--ast-global-color-4)","background-image":"","background-repeat":"repeat","background-position":"center center","background-size":"auto","background-attachment":"scroll","background-type":"","background-media":"","overlay-type":"","overlay-color":"","overlay-opacity":"","overlay-gradient":""},"mobile":{"background-color":"var(--ast-global-color-4)","background-image":"","background-repeat":"repeat","background-position":"center center","background-size":"auto","background-attachment":"scroll","background-type":"","background-media":"","overlay-type":"","overlay-color":"","overlay-opacity":"","overlay-gradient":""}}},"product_brand":[],"product_cat":[31],"product_tag":[2672,1796,5532,5533,1842],"class_list":{"0":"post-19017","1":"product","2":"type-product","3":"status-publish","4":"has-post-thumbnail","6":"product_cat-grozine-literatura","7":"product_tag-laiskai","8":"product_tag-meile","9":"product_tag-michail-siskin","10":"product_tag-psichologizmas","11":"product_tag-rusu-literatura","12":"desktop-align-left","13":"tablet-align-left","14":"mobile-align-left","16":"first","17":"instock","18":"shipping-taxable","19":"purchasable","20":"product-type-simple"},"acf":[],"yoast_head":"<!-- This site is optimized with the Yoast SEO plugin v27.0 - https:\/\/yoast.com\/product\/yoast-seo-wordpress\/ -->\n<title>Lai\u0161k\u0173 knyga<\/title>\n<meta name=\"description\" content=\"Romano \u201eLai\u0161k\u0173 knyga\u201c preliudija \u2013 sald\u016bs pirmosios meil\u0117s atsiminim\u0173 trupiniai: vasarnamio lub\u0173 baltuma, juodos iev\u0173 uogos, \u017eiogai, kimbantys prie\" \/>\n<meta name=\"robots\" content=\"index, follow, max-snippet:-1, max-image-preview:large, max-video-preview:-1\" \/>\n<link rel=\"canonical\" href=\"https:\/\/skaitytaknyga.lt\/en\/produktas\/laisku-knyga\/\" \/>\n<meta property=\"og:locale\" content=\"en_GB\" \/>\n<meta property=\"og:locale:alternate\" content=\"lt_LT\" \/>\n<meta property=\"og:type\" content=\"article\" \/>\n<meta property=\"og:title\" content=\"Lai\u0161k\u0173 knyga\" \/>\n<meta property=\"og:description\" content=\"Romano \u201eLai\u0161k\u0173 knyga\u201c preliudija \u2013 sald\u016bs pirmosios meil\u0117s atsiminim\u0173 trupiniai: vasarnamio lub\u0173 baltuma, juodos iev\u0173 uogos, \u017eiogai, kimbantys prie\" \/>\n<meta property=\"og:url\" content=\"https:\/\/skaitytaknyga.lt\/en\/produktas\/laisku-knyga\/\" \/>\n<meta property=\"og:site_name\" content=\"Skaitytaknyga\" \/>\n<meta property=\"article:publisher\" content=\"https:\/\/www.facebook.com\/skaitytaknyga\/\" \/>\n<meta property=\"article:modified_time\" content=\"2025-07-07T06:26:23+00:00\" \/>\n<meta property=\"og:image\" content=\"https:\/\/skaitytaknyga.lt\/wp-content\/uploads\/2025\/06\/Laisku-knyga.webp\" \/>\n\t<meta property=\"og:image:width\" content=\"540\" \/>\n\t<meta property=\"og:image:height\" content=\"801\" \/>\n\t<meta property=\"og:image:type\" content=\"image\/webp\" \/>\n<meta name=\"twitter:card\" content=\"summary_large_image\" \/>\n<meta name=\"twitter:label1\" content=\"Estimated reading time\" \/>\n\t<meta name=\"twitter:data1\" content=\"1 minute\" \/>\n<script type=\"application\/ld+json\" class=\"yoast-schema-graph\">{\"@context\":\"https:\/\/schema.org\",\"@graph\":[{\"@type\":\"WebPage\",\"@id\":\"https:\/\/skaitytaknyga.lt\/produktas\/laisku-knyga\/\",\"url\":\"https:\/\/skaitytaknyga.lt\/produktas\/laisku-knyga\/\",\"name\":\"Lai\u0161k\u0173 knyga\",\"isPartOf\":{\"@id\":\"https:\/\/skaitytaknyga.lt\/#website\"},\"primaryImageOfPage\":{\"@id\":\"https:\/\/skaitytaknyga.lt\/produktas\/laisku-knyga\/#primaryimage\"},\"image\":{\"@id\":\"https:\/\/skaitytaknyga.lt\/produktas\/laisku-knyga\/#primaryimage\"},\"thumbnailUrl\":\"https:\/\/skaitytaknyga.lt\/wp-content\/uploads\/2025\/06\/Laisku-knyga.webp\",\"datePublished\":\"2025-06-22T15:40:29+00:00\",\"dateModified\":\"2025-07-07T06:26:23+00:00\",\"description\":\"Romano \u201eLai\u0161k\u0173 knyga\u201c preliudija \u2013 sald\u016bs pirmosios meil\u0117s atsiminim\u0173 trupiniai: vasarnamio lub\u0173 baltuma, juodos iev\u0173 uogos, \u017eiogai, kimbantys prie\",\"breadcrumb\":{\"@id\":\"https:\/\/skaitytaknyga.lt\/produktas\/laisku-knyga\/#breadcrumb\"},\"inLanguage\":\"en-GB\",\"potentialAction\":[{\"@type\":\"ReadAction\",\"target\":[\"https:\/\/skaitytaknyga.lt\/produktas\/laisku-knyga\/\"]}]},{\"@type\":\"ImageObject\",\"inLanguage\":\"en-GB\",\"@id\":\"https:\/\/skaitytaknyga.lt\/produktas\/laisku-knyga\/#primaryimage\",\"url\":\"https:\/\/skaitytaknyga.lt\/wp-content\/uploads\/2025\/06\/Laisku-knyga.webp\",\"contentUrl\":\"https:\/\/skaitytaknyga.lt\/wp-content\/uploads\/2025\/06\/Laisku-knyga.webp\",\"width\":540,\"height\":801},{\"@type\":\"BreadcrumbList\",\"@id\":\"https:\/\/skaitytaknyga.lt\/produktas\/laisku-knyga\/#breadcrumb\",\"itemListElement\":[{\"@type\":\"ListItem\",\"position\":1,\"name\":\"Home\",\"item\":\"https:\/\/skaitytaknyga.lt\/\"},{\"@type\":\"ListItem\",\"position\":2,\"name\":\"Parduotuv\u0117\",\"item\":\"https:\/\/skaitytaknyga.lt\/knygu-parduotuve\/\"},{\"@type\":\"ListItem\",\"position\":3,\"name\":\"Lai\u0161k\u0173 knyga\"}]},{\"@type\":\"WebSite\",\"@id\":\"https:\/\/skaitytaknyga.lt\/#website\",\"url\":\"https:\/\/skaitytaknyga.lt\/\",\"name\":\"skaitytaknyga.lt\",\"description\":\"Skaitytaknyga.lt \u2013 tai ma\u017eas \u0161eimos verslas, kuris prasid\u0117jo nuo meil\u0117s knygoms ir siekio i\u0161gelb\u0117ti knygas nuo likimo prie konteinerio. Kas vienam nereikalingas daiktas \u2013 kitam lobis, o mes esame tarpininkai, kurie padeda abiems tapti laimingesniems ???? \u017dinome kaip nelengva i\u0161gyventi ma\u017eiems verslams, tad nuo \u0161iol, \u010dia rasite ir kit\u0173, ma\u017e\u0173 \u0161eim\u0173 versl\u0173, rank\u0173 darbo, dovan\u0173 sau ir artimiesiems.\",\"publisher\":{\"@id\":\"https:\/\/skaitytaknyga.lt\/#organization\"},\"potentialAction\":[{\"@type\":\"SearchAction\",\"target\":{\"@type\":\"EntryPoint\",\"urlTemplate\":\"https:\/\/skaitytaknyga.lt\/?s={search_term_string}\"},\"query-input\":{\"@type\":\"PropertyValueSpecification\",\"valueRequired\":true,\"valueName\":\"search_term_string\"}}],\"inLanguage\":\"en-GB\"},{\"@type\":\"Organization\",\"@id\":\"https:\/\/skaitytaknyga.lt\/#organization\",\"name\":\"skaitytaknyga.lt\",\"url\":\"https:\/\/skaitytaknyga.lt\/\",\"logo\":{\"@type\":\"ImageObject\",\"inLanguage\":\"en-GB\",\"@id\":\"https:\/\/skaitytaknyga.lt\/#\/schema\/logo\/image\/\",\"url\":\"https:\/\/skaitytaknyga.lt\/wp-content\/uploads\/2024\/05\/cropped-cropped-cropped-02_00843_jt3bggkj1j3HLc7SyY6rEUpg.jpeg\",\"contentUrl\":\"https:\/\/skaitytaknyga.lt\/wp-content\/uploads\/2024\/05\/cropped-cropped-cropped-02_00843_jt3bggkj1j3HLc7SyY6rEUpg.jpeg\",\"width\":1600,\"height\":1600,\"caption\":\"skaitytaknyga.lt\"},\"image\":{\"@id\":\"https:\/\/skaitytaknyga.lt\/#\/schema\/logo\/image\/\"},\"sameAs\":[\"https:\/\/www.facebook.com\/skaitytaknyga\/\"]}]}<\/script>\n<!-- \/ Yoast SEO plugin. -->","yoast_head_json":{"title":"Lai\u0161k\u0173 knyga","description":"Romano \u201eLai\u0161k\u0173 knyga\u201c preliudija \u2013 sald\u016bs pirmosios meil\u0117s atsiminim\u0173 trupiniai: vasarnamio lub\u0173 baltuma, juodos iev\u0173 uogos, \u017eiogai, kimbantys prie","robots":{"index":"index","follow":"follow","max-snippet":"max-snippet:-1","max-image-preview":"max-image-preview:large","max-video-preview":"max-video-preview:-1"},"canonical":"https:\/\/skaitytaknyga.lt\/en\/produktas\/laisku-knyga\/","og_locale":"en_GB","og_type":"article","og_title":"[:lt]Lai\u0161k\u0173 knyga[:] - Skaitytaknyga","og_description":"Romano \u201eLai\u0161k\u0173 knyga\u201c preliudija \u2013 sald\u016bs pirmosios meil\u0117s atsiminim\u0173 trupiniai: vasarnamio lub\u0173 baltuma, juodos iev\u0173 uogos, \u017eiogai, kimbantys prie","og_url":"https:\/\/skaitytaknyga.lt\/en\/produktas\/laisku-knyga\/","og_site_name":"Skaitytaknyga","article_publisher":"https:\/\/www.facebook.com\/skaitytaknyga\/","article_modified_time":"2025-07-07T06:26:23+00:00","og_image":[{"width":540,"height":801,"url":"https:\/\/skaitytaknyga.lt\/wp-content\/uploads\/2025\/06\/Laisku-knyga.webp","type":"image\/webp"}],"twitter_card":"summary_large_image","twitter_misc":{"Estimated reading time":"1 minute"},"schema":{"@context":"https:\/\/schema.org","@graph":[{"@type":"WebPage","@id":"https:\/\/skaitytaknyga.lt\/produktas\/laisku-knyga\/","url":"https:\/\/skaitytaknyga.lt\/produktas\/laisku-knyga\/","name":"Lai\u0161k\u0173 knyga","isPartOf":{"@id":"https:\/\/skaitytaknyga.lt\/#website"},"primaryImageOfPage":{"@id":"https:\/\/skaitytaknyga.lt\/produktas\/laisku-knyga\/#primaryimage"},"image":{"@id":"https:\/\/skaitytaknyga.lt\/produktas\/laisku-knyga\/#primaryimage"},"thumbnailUrl":"https:\/\/skaitytaknyga.lt\/wp-content\/uploads\/2025\/06\/Laisku-knyga.webp","datePublished":"2025-06-22T15:40:29+00:00","dateModified":"2025-07-07T06:26:23+00:00","description":"Romano \u201eLai\u0161k\u0173 knyga\u201c preliudija \u2013 sald\u016bs pirmosios meil\u0117s atsiminim\u0173 trupiniai: vasarnamio lub\u0173 baltuma, juodos iev\u0173 uogos, \u017eiogai, kimbantys prie","breadcrumb":{"@id":"https:\/\/skaitytaknyga.lt\/produktas\/laisku-knyga\/#breadcrumb"},"inLanguage":"en-GB","potentialAction":[{"@type":"ReadAction","target":["https:\/\/skaitytaknyga.lt\/produktas\/laisku-knyga\/"]}]},{"@type":"ImageObject","inLanguage":"en-GB","@id":"https:\/\/skaitytaknyga.lt\/produktas\/laisku-knyga\/#primaryimage","url":"https:\/\/skaitytaknyga.lt\/wp-content\/uploads\/2025\/06\/Laisku-knyga.webp","contentUrl":"https:\/\/skaitytaknyga.lt\/wp-content\/uploads\/2025\/06\/Laisku-knyga.webp","width":540,"height":801},{"@type":"BreadcrumbList","@id":"https:\/\/skaitytaknyga.lt\/produktas\/laisku-knyga\/#breadcrumb","itemListElement":[{"@type":"ListItem","position":1,"name":"Home","item":"https:\/\/skaitytaknyga.lt\/"},{"@type":"ListItem","position":2,"name":"Parduotuv\u0117","item":"https:\/\/skaitytaknyga.lt\/knygu-parduotuve\/"},{"@type":"ListItem","position":3,"name":"Lai\u0161k\u0173 knyga"}]},{"@type":"WebSite","@id":"https:\/\/skaitytaknyga.lt\/#website","url":"https:\/\/skaitytaknyga.lt\/","name":"skaitytaknyga.lt","description":"Skaitytaknyga.lt \u2013 tai ma\u017eas \u0161eimos verslas, kuris prasid\u0117jo nuo meil\u0117s knygoms ir siekio i\u0161gelb\u0117ti knygas nuo likimo prie konteinerio. Kas vienam nereikalingas daiktas \u2013 kitam lobis, o mes esame tarpininkai, kurie padeda abiems tapti laimingesniems ???? \u017dinome kaip nelengva i\u0161gyventi ma\u017eiems verslams, tad nuo \u0161iol, \u010dia rasite ir kit\u0173, ma\u017e\u0173 \u0161eim\u0173 versl\u0173, rank\u0173 darbo, dovan\u0173 sau ir artimiesiems.","publisher":{"@id":"https:\/\/skaitytaknyga.lt\/#organization"},"potentialAction":[{"@type":"SearchAction","target":{"@type":"EntryPoint","urlTemplate":"https:\/\/skaitytaknyga.lt\/?s={search_term_string}"},"query-input":{"@type":"PropertyValueSpecification","valueRequired":true,"valueName":"search_term_string"}}],"inLanguage":"en-GB"},{"@type":"Organization","@id":"https:\/\/skaitytaknyga.lt\/#organization","name":"skaitytaknyga.lt","url":"https:\/\/skaitytaknyga.lt\/","logo":{"@type":"ImageObject","inLanguage":"en-GB","@id":"https:\/\/skaitytaknyga.lt\/#\/schema\/logo\/image\/","url":"https:\/\/skaitytaknyga.lt\/wp-content\/uploads\/2024\/05\/cropped-cropped-cropped-02_00843_jt3bggkj1j3HLc7SyY6rEUpg.jpeg","contentUrl":"https:\/\/skaitytaknyga.lt\/wp-content\/uploads\/2024\/05\/cropped-cropped-cropped-02_00843_jt3bggkj1j3HLc7SyY6rEUpg.jpeg","width":1600,"height":1600,"caption":"skaitytaknyga.lt"},"image":{"@id":"https:\/\/skaitytaknyga.lt\/#\/schema\/logo\/image\/"},"sameAs":["https:\/\/www.facebook.com\/skaitytaknyga\/"]}]}},"_links":{"self":[{"href":"https:\/\/skaitytaknyga.lt\/en\/wp-json\/wp\/v2\/product\/19017","targetHints":{"allow":["GET"]}}],"collection":[{"href":"https:\/\/skaitytaknyga.lt\/en\/wp-json\/wp\/v2\/product"}],"about":[{"href":"https:\/\/skaitytaknyga.lt\/en\/wp-json\/wp\/v2\/types\/product"}],"replies":[{"embeddable":true,"href":"https:\/\/skaitytaknyga.lt\/en\/wp-json\/wp\/v2\/comments?post=19017"}],"wp:featuredmedia":[{"embeddable":true,"href":"https:\/\/skaitytaknyga.lt\/en\/wp-json\/wp\/v2\/media\/19022"}],"wp:attachment":[{"href":"https:\/\/skaitytaknyga.lt\/en\/wp-json\/wp\/v2\/media?parent=19017"}],"wp:term":[{"taxonomy":"product_brand","embeddable":true,"href":"https:\/\/skaitytaknyga.lt\/en\/wp-json\/wp\/v2\/product_brand?post=19017"},{"taxonomy":"product_cat","embeddable":true,"href":"https:\/\/skaitytaknyga.lt\/en\/wp-json\/wp\/v2\/product_cat?post=19017"},{"taxonomy":"product_tag","embeddable":true,"href":"https:\/\/skaitytaknyga.lt\/en\/wp-json\/wp\/v2\/product_tag?post=19017"}],"curies":[{"name":"wp","href":"https:\/\/api.w.org\/{rel}","templated":true}]}}