{"id":19016,"date":"2025-06-22T18:40:28","date_gmt":"2025-06-22T15:40:28","guid":{"rendered":"https:\/\/skaitytaknyga.lt\/?post_type=product&#038;p=19016"},"modified":"2025-06-26T15:06:11","modified_gmt":"2025-06-26T12:06:11","slug":"raganiuke-gudziojoje-girioje","status":"publish","type":"product","link":"https:\/\/skaitytaknyga.lt\/en\/produktas\/raganiuke-gudziojoje-girioje\/","title":{"rendered":"Raganiuk\u0117 G\u016bd\u017eiojoje girioje"},"content":{"rendered":"<p>T\u0105 \u0161e\u0161tadien\u012f link G\u016bd\u017eiosios girios atskriejo ka\u017ekas keisto&#8230;<\/p>\n<p>Ma\u017eas, lopiniuotas balionas su arbatinuku vietoj krep\u0161io. \u012esipainiojo \u012f gervuogi\u0173 kr\u016bmus ir \u012fstrig\u0119s sustojo. Arbatinuko dangtelis su trenksmu atsidar\u0117. Laukan i\u0161sirop\u0161t\u0117 ma\u017ea, susiv\u0117lusi b\u016btyb\u0117. Siaubingai \u012fsiutusi. Apsitaisiusi vasari\u0161kai ir su kepuraite, i\u0161 kurios stirksojo \u017ealiuojantys dvi\u0161akiai ragiukai. Kas tai?.. Po \u0161imts kankor\u0117\u017ei\u0173!<\/p>\n<p>Tai juk raganiuk\u0117! G\u016bd\u017eiosios girios gyventojai n\u0117 ne\u012ftaria, kas j\u0173 laukia..<\/p>\n","protected":false},"excerpt":{"rendered":"<p>T\u0105 \u0161e\u0161tadien\u012f link G\u016bd\u017eiosios girios atskriejo ka\u017ekas keisto&#8230; Ma\u017eas, lopiniuotas balionas su arbatinuku vietoj krep\u0161io. \u012esipainiojo \u012f gervuogi\u0173 kr\u016bmus ir \u012fstrig\u0119s sustojo. Arbatinuko dangtelis su trenksmu atsidar\u0117. Laukan i\u0161sirop\u0161t\u0117 ma\u017ea, susiv\u0117lusi b\u016btyb\u0117. Siaubingai \u012fsiutusi. Apsitaisiusi vasari\u0161kai ir su kepuraite, i\u0161 kurios stirksojo \u017ealiuojantys dvi\u0161akiai ragiukai. Kas tai?.. Po \u0161imts kankor\u0117\u017ei\u0173! Tai juk raganiuk\u0117! G\u016bd\u017eiosios girios gyventojai n\u0117 ne\u012ftaria, kas j\u0173 laukia..<\/p>\n","protected":false},"featured_media":19021,"comment_status":"open","ping_status":"closed","template":"","meta":{"_acf_changed":false,"site-sidebar-layout":"default","site-content-layout":"","ast-site-content-layout":"default","site-content-style":"default","site-sidebar-style":"default","ast-global-header-display":"","ast-banner-title-visibility":"","ast-main-header-display":"","ast-hfb-above-header-display":"","ast-hfb-below-header-display":"","ast-hfb-mobile-header-display":"","site-post-title":"","ast-breadcrumbs-content":"","ast-featured-img":"","footer-sml-layout":"","ast-disable-related-posts":"","theme-transparent-header-meta":"","adv-header-id-meta":"","stick-header-meta":"","header-above-stick-meta":"","header-main-stick-meta":"","header-below-stick-meta":"","astra-migrate-meta-layouts":"default","ast-page-background-enabled":"default","ast-page-background-meta":{"desktop":{"background-color":"","background-image":"","background-repeat":"repeat","background-position":"center center","background-size":"auto","background-attachment":"scroll","background-type":"","background-media":"","overlay-type":"","overlay-color":"","overlay-opacity":"","overlay-gradient":""},"tablet":{"background-color":"","background-image":"","background-repeat":"repeat","background-position":"center center","background-size":"auto","background-attachment":"scroll","background-type":"","background-media":"","overlay-type":"","overlay-color":"","overlay-opacity":"","overlay-gradient":""},"mobile":{"background-color":"","background-image":"","background-repeat":"repeat","background-position":"center center","background-size":"auto","background-attachment":"scroll","background-type":"","background-media":"","overlay-type":"","overlay-color":"","overlay-opacity":"","overlay-gradient":""}},"ast-content-background-meta":{"desktop":{"background-color":"var(--ast-global-color-4)","background-image":"","background-repeat":"repeat","background-position":"center center","background-size":"auto","background-attachment":"scroll","background-type":"","background-media":"","overlay-type":"","overlay-color":"","overlay-opacity":"","overlay-gradient":""},"tablet":{"background-color":"var(--ast-global-color-4)","background-image":"","background-repeat":"repeat","background-position":"center center","background-size":"auto","background-attachment":"scroll","background-type":"","background-media":"","overlay-type":"","overlay-color":"","overlay-opacity":"","overlay-gradient":""},"mobile":{"background-color":"var(--ast-global-color-4)","background-image":"","background-repeat":"repeat","background-position":"center center","background-size":"auto","background-attachment":"scroll","background-type":"","background-media":"","overlay-type":"","overlay-color":"","overlay-opacity":"","overlay-gradient":""}}},"product_brand":[],"product_cat":[15],"product_tag":[1504,5531,5529,5530],"class_list":{"0":"post-19016","1":"product","2":"type-product","3":"status-publish","4":"has-post-thumbnail","6":"product_cat-uncategorized","7":"product_tag-fantastika","8":"product_tag-gudzioji-giria","9":"product_tag-jana-bauer","10":"product_tag-raganiuke","11":"desktop-align-left","12":"tablet-align-left","13":"mobile-align-left","15":"first","16":"instock","17":"shipping-taxable","18":"purchasable","19":"product-type-simple"},"acf":[],"yoast_head":"<!-- This site is optimized with the Yoast SEO plugin v27.0 - https:\/\/yoast.com\/product\/yoast-seo-wordpress\/ -->\n<title>Raganiuk\u0117 G\u016bd\u017eiojoje girioje<\/title>\n<meta name=\"description\" content=\"T\u0105 \u0161e\u0161tadien\u012f link G\u016bd\u017eiosios girios atskriejo ka\u017ekas keisto... Ma\u017eas, lopiniuotas balionas su arbatinuku vietoj krep\u0161io. \u012esipainiojo \u012f gervuogi\u0173 kr\u016bmus\" \/>\n<meta name=\"robots\" content=\"index, follow, max-snippet:-1, max-image-preview:large, max-video-preview:-1\" \/>\n<link rel=\"canonical\" href=\"https:\/\/skaitytaknyga.lt\/en\/produktas\/raganiuke-gudziojoje-girioje\/\" \/>\n<meta property=\"og:locale\" content=\"en_GB\" \/>\n<meta property=\"og:locale:alternate\" content=\"lt_LT\" \/>\n<meta property=\"og:type\" content=\"article\" \/>\n<meta property=\"og:title\" content=\"Raganiuk\u0117 G\u016bd\u017eiojoje girioje\" \/>\n<meta property=\"og:description\" content=\"T\u0105 \u0161e\u0161tadien\u012f link G\u016bd\u017eiosios girios atskriejo ka\u017ekas keisto... Ma\u017eas, lopiniuotas balionas su arbatinuku vietoj krep\u0161io. \u012esipainiojo \u012f gervuogi\u0173 kr\u016bmus\" \/>\n<meta property=\"og:url\" content=\"https:\/\/skaitytaknyga.lt\/en\/produktas\/raganiuke-gudziojoje-girioje\/\" \/>\n<meta property=\"og:site_name\" content=\"Skaitytaknyga\" \/>\n<meta property=\"article:publisher\" content=\"https:\/\/www.facebook.com\/skaitytaknyga\/\" \/>\n<meta property=\"article:modified_time\" content=\"2025-06-26T12:06:11+00:00\" \/>\n<meta property=\"og:image\" content=\"https:\/\/skaitytaknyga.lt\/wp-content\/uploads\/2025\/06\/Raganiuke-Gudziojoje-girioje.webp\" \/>\n\t<meta property=\"og:image:width\" content=\"279\" \/>\n\t<meta property=\"og:image:height\" content=\"400\" \/>\n\t<meta property=\"og:image:type\" content=\"image\/webp\" \/>\n<meta name=\"twitter:card\" content=\"summary_large_image\" \/>\n<script type=\"application\/ld+json\" class=\"yoast-schema-graph\">{\"@context\":\"https:\/\/schema.org\",\"@graph\":[{\"@type\":\"WebPage\",\"@id\":\"https:\/\/skaitytaknyga.lt\/produktas\/raganiuke-gudziojoje-girioje\/\",\"url\":\"https:\/\/skaitytaknyga.lt\/produktas\/raganiuke-gudziojoje-girioje\/\",\"name\":\"Raganiuk\u0117 G\u016bd\u017eiojoje girioje\",\"isPartOf\":{\"@id\":\"https:\/\/skaitytaknyga.lt\/#website\"},\"primaryImageOfPage\":{\"@id\":\"https:\/\/skaitytaknyga.lt\/produktas\/raganiuke-gudziojoje-girioje\/#primaryimage\"},\"image\":{\"@id\":\"https:\/\/skaitytaknyga.lt\/produktas\/raganiuke-gudziojoje-girioje\/#primaryimage\"},\"thumbnailUrl\":\"https:\/\/skaitytaknyga.lt\/wp-content\/uploads\/2025\/06\/Raganiuke-Gudziojoje-girioje.webp\",\"datePublished\":\"2025-06-22T15:40:28+00:00\",\"dateModified\":\"2025-06-26T12:06:11+00:00\",\"description\":\"T\u0105 \u0161e\u0161tadien\u012f link G\u016bd\u017eiosios girios atskriejo ka\u017ekas keisto... Ma\u017eas, lopiniuotas balionas su arbatinuku vietoj krep\u0161io. \u012esipainiojo \u012f gervuogi\u0173 kr\u016bmus\",\"breadcrumb\":{\"@id\":\"https:\/\/skaitytaknyga.lt\/produktas\/raganiuke-gudziojoje-girioje\/#breadcrumb\"},\"inLanguage\":\"en-GB\",\"potentialAction\":[{\"@type\":\"ReadAction\",\"target\":[\"https:\/\/skaitytaknyga.lt\/produktas\/raganiuke-gudziojoje-girioje\/\"]}]},{\"@type\":\"ImageObject\",\"inLanguage\":\"en-GB\",\"@id\":\"https:\/\/skaitytaknyga.lt\/produktas\/raganiuke-gudziojoje-girioje\/#primaryimage\",\"url\":\"https:\/\/skaitytaknyga.lt\/wp-content\/uploads\/2025\/06\/Raganiuke-Gudziojoje-girioje.webp\",\"contentUrl\":\"https:\/\/skaitytaknyga.lt\/wp-content\/uploads\/2025\/06\/Raganiuke-Gudziojoje-girioje.webp\",\"width\":279,\"height\":400,\"caption\":\"Raganiuk\u0117 G\u016bd\u017eiojoje girioje\"},{\"@type\":\"BreadcrumbList\",\"@id\":\"https:\/\/skaitytaknyga.lt\/produktas\/raganiuke-gudziojoje-girioje\/#breadcrumb\",\"itemListElement\":[{\"@type\":\"ListItem\",\"position\":1,\"name\":\"Home\",\"item\":\"https:\/\/skaitytaknyga.lt\/\"},{\"@type\":\"ListItem\",\"position\":2,\"name\":\"Parduotuv\u0117\",\"item\":\"https:\/\/skaitytaknyga.lt\/knygu-parduotuve\/\"},{\"@type\":\"ListItem\",\"position\":3,\"name\":\"Raganiuk\u0117 G\u016bd\u017eiojoje girioje\"}]},{\"@type\":\"WebSite\",\"@id\":\"https:\/\/skaitytaknyga.lt\/#website\",\"url\":\"https:\/\/skaitytaknyga.lt\/\",\"name\":\"skaitytaknyga.lt\",\"description\":\"Skaitytaknyga.lt \u2013 tai ma\u017eas \u0161eimos verslas, kuris prasid\u0117jo nuo meil\u0117s knygoms ir siekio i\u0161gelb\u0117ti knygas nuo likimo prie konteinerio. Kas vienam nereikalingas daiktas \u2013 kitam lobis, o mes esame tarpininkai, kurie padeda abiems tapti laimingesniems ???? \u017dinome kaip nelengva i\u0161gyventi ma\u017eiems verslams, tad nuo \u0161iol, \u010dia rasite ir kit\u0173, ma\u017e\u0173 \u0161eim\u0173 versl\u0173, rank\u0173 darbo, dovan\u0173 sau ir artimiesiems.\",\"publisher\":{\"@id\":\"https:\/\/skaitytaknyga.lt\/#organization\"},\"potentialAction\":[{\"@type\":\"SearchAction\",\"target\":{\"@type\":\"EntryPoint\",\"urlTemplate\":\"https:\/\/skaitytaknyga.lt\/?s={search_term_string}\"},\"query-input\":{\"@type\":\"PropertyValueSpecification\",\"valueRequired\":true,\"valueName\":\"search_term_string\"}}],\"inLanguage\":\"en-GB\"},{\"@type\":\"Organization\",\"@id\":\"https:\/\/skaitytaknyga.lt\/#organization\",\"name\":\"skaitytaknyga.lt\",\"url\":\"https:\/\/skaitytaknyga.lt\/\",\"logo\":{\"@type\":\"ImageObject\",\"inLanguage\":\"en-GB\",\"@id\":\"https:\/\/skaitytaknyga.lt\/#\/schema\/logo\/image\/\",\"url\":\"https:\/\/skaitytaknyga.lt\/wp-content\/uploads\/2024\/05\/cropped-cropped-cropped-02_00843_jt3bggkj1j3HLc7SyY6rEUpg.jpeg\",\"contentUrl\":\"https:\/\/skaitytaknyga.lt\/wp-content\/uploads\/2024\/05\/cropped-cropped-cropped-02_00843_jt3bggkj1j3HLc7SyY6rEUpg.jpeg\",\"width\":1600,\"height\":1600,\"caption\":\"skaitytaknyga.lt\"},\"image\":{\"@id\":\"https:\/\/skaitytaknyga.lt\/#\/schema\/logo\/image\/\"},\"sameAs\":[\"https:\/\/www.facebook.com\/skaitytaknyga\/\"]}]}<\/script>\n<!-- \/ Yoast SEO plugin. -->","yoast_head_json":{"title":"Raganiuk\u0117 G\u016bd\u017eiojoje girioje","description":"T\u0105 \u0161e\u0161tadien\u012f link G\u016bd\u017eiosios girios atskriejo ka\u017ekas keisto... Ma\u017eas, lopiniuotas balionas su arbatinuku vietoj krep\u0161io. \u012esipainiojo \u012f gervuogi\u0173 kr\u016bmus","robots":{"index":"index","follow":"follow","max-snippet":"max-snippet:-1","max-image-preview":"max-image-preview:large","max-video-preview":"max-video-preview:-1"},"canonical":"https:\/\/skaitytaknyga.lt\/en\/produktas\/raganiuke-gudziojoje-girioje\/","og_locale":"en_GB","og_type":"article","og_title":"[:lt]Raganiuk\u0117 G\u016bd\u017eiojoje girioje[:] - Skaitytaknyga","og_description":"T\u0105 \u0161e\u0161tadien\u012f link G\u016bd\u017eiosios girios atskriejo ka\u017ekas keisto... Ma\u017eas, lopiniuotas balionas su arbatinuku vietoj krep\u0161io. \u012esipainiojo \u012f gervuogi\u0173 kr\u016bmus","og_url":"https:\/\/skaitytaknyga.lt\/en\/produktas\/raganiuke-gudziojoje-girioje\/","og_site_name":"Skaitytaknyga","article_publisher":"https:\/\/www.facebook.com\/skaitytaknyga\/","article_modified_time":"2025-06-26T12:06:11+00:00","og_image":[{"width":279,"height":400,"url":"https:\/\/skaitytaknyga.lt\/wp-content\/uploads\/2025\/06\/Raganiuke-Gudziojoje-girioje.webp","type":"image\/webp"}],"twitter_card":"summary_large_image","schema":{"@context":"https:\/\/schema.org","@graph":[{"@type":"WebPage","@id":"https:\/\/skaitytaknyga.lt\/produktas\/raganiuke-gudziojoje-girioje\/","url":"https:\/\/skaitytaknyga.lt\/produktas\/raganiuke-gudziojoje-girioje\/","name":"Raganiuk\u0117 G\u016bd\u017eiojoje girioje","isPartOf":{"@id":"https:\/\/skaitytaknyga.lt\/#website"},"primaryImageOfPage":{"@id":"https:\/\/skaitytaknyga.lt\/produktas\/raganiuke-gudziojoje-girioje\/#primaryimage"},"image":{"@id":"https:\/\/skaitytaknyga.lt\/produktas\/raganiuke-gudziojoje-girioje\/#primaryimage"},"thumbnailUrl":"https:\/\/skaitytaknyga.lt\/wp-content\/uploads\/2025\/06\/Raganiuke-Gudziojoje-girioje.webp","datePublished":"2025-06-22T15:40:28+00:00","dateModified":"2025-06-26T12:06:11+00:00","description":"T\u0105 \u0161e\u0161tadien\u012f link G\u016bd\u017eiosios girios atskriejo ka\u017ekas keisto... Ma\u017eas, lopiniuotas balionas su arbatinuku vietoj krep\u0161io. \u012esipainiojo \u012f gervuogi\u0173 kr\u016bmus","breadcrumb":{"@id":"https:\/\/skaitytaknyga.lt\/produktas\/raganiuke-gudziojoje-girioje\/#breadcrumb"},"inLanguage":"en-GB","potentialAction":[{"@type":"ReadAction","target":["https:\/\/skaitytaknyga.lt\/produktas\/raganiuke-gudziojoje-girioje\/"]}]},{"@type":"ImageObject","inLanguage":"en-GB","@id":"https:\/\/skaitytaknyga.lt\/produktas\/raganiuke-gudziojoje-girioje\/#primaryimage","url":"https:\/\/skaitytaknyga.lt\/wp-content\/uploads\/2025\/06\/Raganiuke-Gudziojoje-girioje.webp","contentUrl":"https:\/\/skaitytaknyga.lt\/wp-content\/uploads\/2025\/06\/Raganiuke-Gudziojoje-girioje.webp","width":279,"height":400,"caption":"Raganiuk\u0117 G\u016bd\u017eiojoje girioje"},{"@type":"BreadcrumbList","@id":"https:\/\/skaitytaknyga.lt\/produktas\/raganiuke-gudziojoje-girioje\/#breadcrumb","itemListElement":[{"@type":"ListItem","position":1,"name":"Home","item":"https:\/\/skaitytaknyga.lt\/"},{"@type":"ListItem","position":2,"name":"Parduotuv\u0117","item":"https:\/\/skaitytaknyga.lt\/knygu-parduotuve\/"},{"@type":"ListItem","position":3,"name":"Raganiuk\u0117 G\u016bd\u017eiojoje girioje"}]},{"@type":"WebSite","@id":"https:\/\/skaitytaknyga.lt\/#website","url":"https:\/\/skaitytaknyga.lt\/","name":"skaitytaknyga.lt","description":"Skaitytaknyga.lt \u2013 tai ma\u017eas \u0161eimos verslas, kuris prasid\u0117jo nuo meil\u0117s knygoms ir siekio i\u0161gelb\u0117ti knygas nuo likimo prie konteinerio. Kas vienam nereikalingas daiktas \u2013 kitam lobis, o mes esame tarpininkai, kurie padeda abiems tapti laimingesniems ???? \u017dinome kaip nelengva i\u0161gyventi ma\u017eiems verslams, tad nuo \u0161iol, \u010dia rasite ir kit\u0173, ma\u017e\u0173 \u0161eim\u0173 versl\u0173, rank\u0173 darbo, dovan\u0173 sau ir artimiesiems.","publisher":{"@id":"https:\/\/skaitytaknyga.lt\/#organization"},"potentialAction":[{"@type":"SearchAction","target":{"@type":"EntryPoint","urlTemplate":"https:\/\/skaitytaknyga.lt\/?s={search_term_string}"},"query-input":{"@type":"PropertyValueSpecification","valueRequired":true,"valueName":"search_term_string"}}],"inLanguage":"en-GB"},{"@type":"Organization","@id":"https:\/\/skaitytaknyga.lt\/#organization","name":"skaitytaknyga.lt","url":"https:\/\/skaitytaknyga.lt\/","logo":{"@type":"ImageObject","inLanguage":"en-GB","@id":"https:\/\/skaitytaknyga.lt\/#\/schema\/logo\/image\/","url":"https:\/\/skaitytaknyga.lt\/wp-content\/uploads\/2024\/05\/cropped-cropped-cropped-02_00843_jt3bggkj1j3HLc7SyY6rEUpg.jpeg","contentUrl":"https:\/\/skaitytaknyga.lt\/wp-content\/uploads\/2024\/05\/cropped-cropped-cropped-02_00843_jt3bggkj1j3HLc7SyY6rEUpg.jpeg","width":1600,"height":1600,"caption":"skaitytaknyga.lt"},"image":{"@id":"https:\/\/skaitytaknyga.lt\/#\/schema\/logo\/image\/"},"sameAs":["https:\/\/www.facebook.com\/skaitytaknyga\/"]}]}},"_links":{"self":[{"href":"https:\/\/skaitytaknyga.lt\/en\/wp-json\/wp\/v2\/product\/19016","targetHints":{"allow":["GET"]}}],"collection":[{"href":"https:\/\/skaitytaknyga.lt\/en\/wp-json\/wp\/v2\/product"}],"about":[{"href":"https:\/\/skaitytaknyga.lt\/en\/wp-json\/wp\/v2\/types\/product"}],"replies":[{"embeddable":true,"href":"https:\/\/skaitytaknyga.lt\/en\/wp-json\/wp\/v2\/comments?post=19016"}],"wp:featuredmedia":[{"embeddable":true,"href":"https:\/\/skaitytaknyga.lt\/en\/wp-json\/wp\/v2\/media\/19021"}],"wp:attachment":[{"href":"https:\/\/skaitytaknyga.lt\/en\/wp-json\/wp\/v2\/media?parent=19016"}],"wp:term":[{"taxonomy":"product_brand","embeddable":true,"href":"https:\/\/skaitytaknyga.lt\/en\/wp-json\/wp\/v2\/product_brand?post=19016"},{"taxonomy":"product_cat","embeddable":true,"href":"https:\/\/skaitytaknyga.lt\/en\/wp-json\/wp\/v2\/product_cat?post=19016"},{"taxonomy":"product_tag","embeddable":true,"href":"https:\/\/skaitytaknyga.lt\/en\/wp-json\/wp\/v2\/product_tag?post=19016"}],"curies":[{"name":"wp","href":"https:\/\/api.w.org\/{rel}","templated":true}]}}