{"id":19015,"date":"2025-06-22T18:40:28","date_gmt":"2025-06-22T15:40:28","guid":{"rendered":"https:\/\/skaitytaknyga.lt\/?post_type=product&#038;p=19015"},"modified":"2025-06-26T15:06:11","modified_gmt":"2025-06-26T12:06:11","slug":"nuostabusis-menulio-zemelapis","status":"publish","type":"product","link":"https:\/\/skaitytaknyga.lt\/en\/produktas\/nuostabusis-menulio-zemelapis\/","title":{"rendered":"Nuostabusis m\u0117nulio \u017eem\u0117lapis"},"content":{"rendered":"<p>\u201eNuostabusis m\u0117nulio \u017eem\u0117lapis\u201c \u2013 nuostabi pasaka apie tikr\u0105 draugyst\u0119.<\/p>\n<p>Peliukas i\u0161keliauja ie\u0161koti nuotyki\u0173 \u2013 jo nuostabusis M\u0117nulio \u017eem\u0117lapis pad\u0117s jam rasti M\u0117nul\u012f! Sunerim\u0119s peliuko bi\u010diulis Me\u0161kiukas lieka namie. O kai giria sutemsta ir pakyla v\u0117jas, Peliukas supranta, kad \u0161iame kelyje vien \u017eem\u0117lapio jam neu\u017eteks&#8230;<\/p>\n<p>Knygel\u0117je yra instrukcija, kaip pa\u010diam pasidaryti i\u0161 popieriaus laivel\u012f!<\/p>\n","protected":false},"excerpt":{"rendered":"<p>\u201eNuostabusis m\u0117nulio \u017eem\u0117lapis\u201c \u2013 nuostabi pasaka apie tikr\u0105 draugyst\u0119. Peliukas i\u0161keliauja ie\u0161koti nuotyki\u0173 \u2013 jo nuostabusis M\u0117nulio \u017eem\u0117lapis pad\u0117s jam rasti M\u0117nul\u012f! Sunerim\u0119s peliuko bi\u010diulis Me\u0161kiukas lieka namie. O kai giria sutemsta ir pakyla v\u0117jas, Peliukas supranta, kad \u0161iame kelyje vien \u017eem\u0117lapio jam neu\u017eteks&#8230; Knygel\u0117je yra instrukcija, kaip pa\u010diam pasidaryti i\u0161 popieriaus laivel\u012f!<\/p>\n","protected":false},"featured_media":19020,"comment_status":"open","ping_status":"closed","template":"","meta":{"_acf_changed":false,"site-sidebar-layout":"default","site-content-layout":"","ast-site-content-layout":"default","site-content-style":"default","site-sidebar-style":"default","ast-global-header-display":"","ast-banner-title-visibility":"","ast-main-header-display":"","ast-hfb-above-header-display":"","ast-hfb-below-header-display":"","ast-hfb-mobile-header-display":"","site-post-title":"","ast-breadcrumbs-content":"","ast-featured-img":"","footer-sml-layout":"","ast-disable-related-posts":"","theme-transparent-header-meta":"","adv-header-id-meta":"","stick-header-meta":"","header-above-stick-meta":"","header-main-stick-meta":"","header-below-stick-meta":"","astra-migrate-meta-layouts":"default","ast-page-background-enabled":"default","ast-page-background-meta":{"desktop":{"background-color":"","background-image":"","background-repeat":"repeat","background-position":"center center","background-size":"auto","background-attachment":"scroll","background-type":"","background-media":"","overlay-type":"","overlay-color":"","overlay-opacity":"","overlay-gradient":""},"tablet":{"background-color":"","background-image":"","background-repeat":"repeat","background-position":"center center","background-size":"auto","background-attachment":"scroll","background-type":"","background-media":"","overlay-type":"","overlay-color":"","overlay-opacity":"","overlay-gradient":""},"mobile":{"background-color":"","background-image":"","background-repeat":"repeat","background-position":"center center","background-size":"auto","background-attachment":"scroll","background-type":"","background-media":"","overlay-type":"","overlay-color":"","overlay-opacity":"","overlay-gradient":""}},"ast-content-background-meta":{"desktop":{"background-color":"var(--ast-global-color-4)","background-image":"","background-repeat":"repeat","background-position":"center center","background-size":"auto","background-attachment":"scroll","background-type":"","background-media":"","overlay-type":"","overlay-color":"","overlay-opacity":"","overlay-gradient":""},"tablet":{"background-color":"var(--ast-global-color-4)","background-image":"","background-repeat":"repeat","background-position":"center center","background-size":"auto","background-attachment":"scroll","background-type":"","background-media":"","overlay-type":"","overlay-color":"","overlay-opacity":"","overlay-gradient":""},"mobile":{"background-color":"var(--ast-global-color-4)","background-image":"","background-repeat":"repeat","background-position":"center center","background-size":"auto","background-attachment":"scroll","background-type":"","background-media":"","overlay-type":"","overlay-color":"","overlay-opacity":"","overlay-gradient":""}}},"product_brand":[],"product_cat":[15],"product_tag":[5527,1647,4559,4816,5528,1785],"class_list":{"0":"post-19015","1":"product","2":"type-product","3":"status-publish","4":"has-post-thumbnail","6":"product_cat-uncategorized","7":"product_tag-david-litchfield","8":"product_tag-draugyste","9":"product_tag-menulis","10":"product_tag-pasaka","11":"product_tag-teresa-heapy","12":"product_tag-vaikams","13":"desktop-align-left","14":"tablet-align-left","15":"mobile-align-left","17":"first","18":"outofstock","19":"shipping-taxable","20":"purchasable","21":"product-type-simple"},"acf":[],"yoast_head":"<!-- This site is optimized with the Yoast SEO plugin v27.0 - https:\/\/yoast.com\/product\/yoast-seo-wordpress\/ -->\n<title>Nuostabusis m\u0117nulio \u017eem\u0117lapis<\/title>\n<meta name=\"description\" content=\"\u201eNuostabusis m\u0117nulio \u017eem\u0117lapis\u201c \u2013 nuostabi pasaka apie tikr\u0105 draugyst\u0119. Peliukas i\u0161keliauja ie\u0161koti nuotyki\u0173 \u2013 jo nuostabusis M\u0117nulio \u017eem\u0117lapis pad\u0117s jam\" \/>\n<meta name=\"robots\" content=\"index, follow, max-snippet:-1, max-image-preview:large, max-video-preview:-1\" \/>\n<link rel=\"canonical\" href=\"https:\/\/skaitytaknyga.lt\/en\/produktas\/nuostabusis-menulio-zemelapis\/\" \/>\n<meta property=\"og:locale\" content=\"en_GB\" \/>\n<meta property=\"og:locale:alternate\" content=\"lt_LT\" \/>\n<meta property=\"og:type\" content=\"article\" \/>\n<meta property=\"og:title\" content=\"Nuostabusis m\u0117nulio \u017eem\u0117lapis\" \/>\n<meta property=\"og:description\" content=\"\u201eNuostabusis m\u0117nulio \u017eem\u0117lapis\u201c \u2013 nuostabi pasaka apie tikr\u0105 draugyst\u0119. Peliukas i\u0161keliauja ie\u0161koti nuotyki\u0173 \u2013 jo nuostabusis M\u0117nulio \u017eem\u0117lapis pad\u0117s jam\" \/>\n<meta property=\"og:url\" content=\"https:\/\/skaitytaknyga.lt\/en\/produktas\/nuostabusis-menulio-zemelapis\/\" \/>\n<meta property=\"og:site_name\" content=\"Skaitytaknyga\" \/>\n<meta property=\"article:publisher\" content=\"https:\/\/www.facebook.com\/skaitytaknyga\/\" \/>\n<meta property=\"article:modified_time\" content=\"2025-06-26T12:06:11+00:00\" \/>\n<meta property=\"og:image\" content=\"https:\/\/skaitytaknyga.lt\/wp-content\/uploads\/2025\/06\/Nuostabusis-menulio-zemelapis.webp\" \/>\n\t<meta property=\"og:image:width\" content=\"713\" \/>\n\t<meta property=\"og:image:height\" content=\"801\" \/>\n\t<meta property=\"og:image:type\" content=\"image\/webp\" \/>\n<meta name=\"twitter:card\" content=\"summary_large_image\" \/>\n<script type=\"application\/ld+json\" class=\"yoast-schema-graph\">{\"@context\":\"https:\/\/schema.org\",\"@graph\":[{\"@type\":\"WebPage\",\"@id\":\"https:\/\/skaitytaknyga.lt\/produktas\/nuostabusis-menulio-zemelapis\/\",\"url\":\"https:\/\/skaitytaknyga.lt\/produktas\/nuostabusis-menulio-zemelapis\/\",\"name\":\"Nuostabusis m\u0117nulio \u017eem\u0117lapis\",\"isPartOf\":{\"@id\":\"https:\/\/skaitytaknyga.lt\/#website\"},\"primaryImageOfPage\":{\"@id\":\"https:\/\/skaitytaknyga.lt\/produktas\/nuostabusis-menulio-zemelapis\/#primaryimage\"},\"image\":{\"@id\":\"https:\/\/skaitytaknyga.lt\/produktas\/nuostabusis-menulio-zemelapis\/#primaryimage\"},\"thumbnailUrl\":\"https:\/\/skaitytaknyga.lt\/wp-content\/uploads\/2025\/06\/Nuostabusis-menulio-zemelapis.webp\",\"datePublished\":\"2025-06-22T15:40:28+00:00\",\"dateModified\":\"2025-06-26T12:06:11+00:00\",\"description\":\"\u201eNuostabusis m\u0117nulio \u017eem\u0117lapis\u201c \u2013 nuostabi pasaka apie tikr\u0105 draugyst\u0119. Peliukas i\u0161keliauja ie\u0161koti nuotyki\u0173 \u2013 jo nuostabusis M\u0117nulio \u017eem\u0117lapis pad\u0117s jam\",\"breadcrumb\":{\"@id\":\"https:\/\/skaitytaknyga.lt\/produktas\/nuostabusis-menulio-zemelapis\/#breadcrumb\"},\"inLanguage\":\"en-GB\",\"potentialAction\":[{\"@type\":\"ReadAction\",\"target\":[\"https:\/\/skaitytaknyga.lt\/produktas\/nuostabusis-menulio-zemelapis\/\"]}]},{\"@type\":\"ImageObject\",\"inLanguage\":\"en-GB\",\"@id\":\"https:\/\/skaitytaknyga.lt\/produktas\/nuostabusis-menulio-zemelapis\/#primaryimage\",\"url\":\"https:\/\/skaitytaknyga.lt\/wp-content\/uploads\/2025\/06\/Nuostabusis-menulio-zemelapis.webp\",\"contentUrl\":\"https:\/\/skaitytaknyga.lt\/wp-content\/uploads\/2025\/06\/Nuostabusis-menulio-zemelapis.webp\",\"width\":713,\"height\":801},{\"@type\":\"BreadcrumbList\",\"@id\":\"https:\/\/skaitytaknyga.lt\/produktas\/nuostabusis-menulio-zemelapis\/#breadcrumb\",\"itemListElement\":[{\"@type\":\"ListItem\",\"position\":1,\"name\":\"Home\",\"item\":\"https:\/\/skaitytaknyga.lt\/\"},{\"@type\":\"ListItem\",\"position\":2,\"name\":\"Parduotuv\u0117\",\"item\":\"https:\/\/skaitytaknyga.lt\/knygu-parduotuve\/\"},{\"@type\":\"ListItem\",\"position\":3,\"name\":\"Nuostabusis m\u0117nulio \u017eem\u0117lapis\"}]},{\"@type\":\"WebSite\",\"@id\":\"https:\/\/skaitytaknyga.lt\/#website\",\"url\":\"https:\/\/skaitytaknyga.lt\/\",\"name\":\"skaitytaknyga.lt\",\"description\":\"Skaitytaknyga.lt \u2013 tai ma\u017eas \u0161eimos verslas, kuris prasid\u0117jo nuo meil\u0117s knygoms ir siekio i\u0161gelb\u0117ti knygas nuo likimo prie konteinerio. Kas vienam nereikalingas daiktas \u2013 kitam lobis, o mes esame tarpininkai, kurie padeda abiems tapti laimingesniems ???? \u017dinome kaip nelengva i\u0161gyventi ma\u017eiems verslams, tad nuo \u0161iol, \u010dia rasite ir kit\u0173, ma\u017e\u0173 \u0161eim\u0173 versl\u0173, rank\u0173 darbo, dovan\u0173 sau ir artimiesiems.\",\"publisher\":{\"@id\":\"https:\/\/skaitytaknyga.lt\/#organization\"},\"potentialAction\":[{\"@type\":\"SearchAction\",\"target\":{\"@type\":\"EntryPoint\",\"urlTemplate\":\"https:\/\/skaitytaknyga.lt\/?s={search_term_string}\"},\"query-input\":{\"@type\":\"PropertyValueSpecification\",\"valueRequired\":true,\"valueName\":\"search_term_string\"}}],\"inLanguage\":\"en-GB\"},{\"@type\":\"Organization\",\"@id\":\"https:\/\/skaitytaknyga.lt\/#organization\",\"name\":\"skaitytaknyga.lt\",\"url\":\"https:\/\/skaitytaknyga.lt\/\",\"logo\":{\"@type\":\"ImageObject\",\"inLanguage\":\"en-GB\",\"@id\":\"https:\/\/skaitytaknyga.lt\/#\/schema\/logo\/image\/\",\"url\":\"https:\/\/skaitytaknyga.lt\/wp-content\/uploads\/2024\/05\/cropped-cropped-cropped-02_00843_jt3bggkj1j3HLc7SyY6rEUpg.jpeg\",\"contentUrl\":\"https:\/\/skaitytaknyga.lt\/wp-content\/uploads\/2024\/05\/cropped-cropped-cropped-02_00843_jt3bggkj1j3HLc7SyY6rEUpg.jpeg\",\"width\":1600,\"height\":1600,\"caption\":\"skaitytaknyga.lt\"},\"image\":{\"@id\":\"https:\/\/skaitytaknyga.lt\/#\/schema\/logo\/image\/\"},\"sameAs\":[\"https:\/\/www.facebook.com\/skaitytaknyga\/\"]}]}<\/script>\n<!-- \/ Yoast SEO plugin. -->","yoast_head_json":{"title":"Nuostabusis m\u0117nulio \u017eem\u0117lapis","description":"\u201eNuostabusis m\u0117nulio \u017eem\u0117lapis\u201c \u2013 nuostabi pasaka apie tikr\u0105 draugyst\u0119. Peliukas i\u0161keliauja ie\u0161koti nuotyki\u0173 \u2013 jo nuostabusis M\u0117nulio \u017eem\u0117lapis pad\u0117s jam","robots":{"index":"index","follow":"follow","max-snippet":"max-snippet:-1","max-image-preview":"max-image-preview:large","max-video-preview":"max-video-preview:-1"},"canonical":"https:\/\/skaitytaknyga.lt\/en\/produktas\/nuostabusis-menulio-zemelapis\/","og_locale":"en_GB","og_type":"article","og_title":"[:lt]Nuostabusis m\u0117nulio \u017eem\u0117lapis[:] - Skaitytaknyga","og_description":"\u201eNuostabusis m\u0117nulio \u017eem\u0117lapis\u201c \u2013 nuostabi pasaka apie tikr\u0105 draugyst\u0119. Peliukas i\u0161keliauja ie\u0161koti nuotyki\u0173 \u2013 jo nuostabusis M\u0117nulio \u017eem\u0117lapis pad\u0117s jam","og_url":"https:\/\/skaitytaknyga.lt\/en\/produktas\/nuostabusis-menulio-zemelapis\/","og_site_name":"Skaitytaknyga","article_publisher":"https:\/\/www.facebook.com\/skaitytaknyga\/","article_modified_time":"2025-06-26T12:06:11+00:00","og_image":[{"width":713,"height":801,"url":"https:\/\/skaitytaknyga.lt\/wp-content\/uploads\/2025\/06\/Nuostabusis-menulio-zemelapis.webp","type":"image\/webp"}],"twitter_card":"summary_large_image","schema":{"@context":"https:\/\/schema.org","@graph":[{"@type":"WebPage","@id":"https:\/\/skaitytaknyga.lt\/produktas\/nuostabusis-menulio-zemelapis\/","url":"https:\/\/skaitytaknyga.lt\/produktas\/nuostabusis-menulio-zemelapis\/","name":"Nuostabusis m\u0117nulio \u017eem\u0117lapis","isPartOf":{"@id":"https:\/\/skaitytaknyga.lt\/#website"},"primaryImageOfPage":{"@id":"https:\/\/skaitytaknyga.lt\/produktas\/nuostabusis-menulio-zemelapis\/#primaryimage"},"image":{"@id":"https:\/\/skaitytaknyga.lt\/produktas\/nuostabusis-menulio-zemelapis\/#primaryimage"},"thumbnailUrl":"https:\/\/skaitytaknyga.lt\/wp-content\/uploads\/2025\/06\/Nuostabusis-menulio-zemelapis.webp","datePublished":"2025-06-22T15:40:28+00:00","dateModified":"2025-06-26T12:06:11+00:00","description":"\u201eNuostabusis m\u0117nulio \u017eem\u0117lapis\u201c \u2013 nuostabi pasaka apie tikr\u0105 draugyst\u0119. Peliukas i\u0161keliauja ie\u0161koti nuotyki\u0173 \u2013 jo nuostabusis M\u0117nulio \u017eem\u0117lapis pad\u0117s jam","breadcrumb":{"@id":"https:\/\/skaitytaknyga.lt\/produktas\/nuostabusis-menulio-zemelapis\/#breadcrumb"},"inLanguage":"en-GB","potentialAction":[{"@type":"ReadAction","target":["https:\/\/skaitytaknyga.lt\/produktas\/nuostabusis-menulio-zemelapis\/"]}]},{"@type":"ImageObject","inLanguage":"en-GB","@id":"https:\/\/skaitytaknyga.lt\/produktas\/nuostabusis-menulio-zemelapis\/#primaryimage","url":"https:\/\/skaitytaknyga.lt\/wp-content\/uploads\/2025\/06\/Nuostabusis-menulio-zemelapis.webp","contentUrl":"https:\/\/skaitytaknyga.lt\/wp-content\/uploads\/2025\/06\/Nuostabusis-menulio-zemelapis.webp","width":713,"height":801},{"@type":"BreadcrumbList","@id":"https:\/\/skaitytaknyga.lt\/produktas\/nuostabusis-menulio-zemelapis\/#breadcrumb","itemListElement":[{"@type":"ListItem","position":1,"name":"Home","item":"https:\/\/skaitytaknyga.lt\/"},{"@type":"ListItem","position":2,"name":"Parduotuv\u0117","item":"https:\/\/skaitytaknyga.lt\/knygu-parduotuve\/"},{"@type":"ListItem","position":3,"name":"Nuostabusis m\u0117nulio \u017eem\u0117lapis"}]},{"@type":"WebSite","@id":"https:\/\/skaitytaknyga.lt\/#website","url":"https:\/\/skaitytaknyga.lt\/","name":"skaitytaknyga.lt","description":"Skaitytaknyga.lt \u2013 tai ma\u017eas \u0161eimos verslas, kuris prasid\u0117jo nuo meil\u0117s knygoms ir siekio i\u0161gelb\u0117ti knygas nuo likimo prie konteinerio. Kas vienam nereikalingas daiktas \u2013 kitam lobis, o mes esame tarpininkai, kurie padeda abiems tapti laimingesniems ???? \u017dinome kaip nelengva i\u0161gyventi ma\u017eiems verslams, tad nuo \u0161iol, \u010dia rasite ir kit\u0173, ma\u017e\u0173 \u0161eim\u0173 versl\u0173, rank\u0173 darbo, dovan\u0173 sau ir artimiesiems.","publisher":{"@id":"https:\/\/skaitytaknyga.lt\/#organization"},"potentialAction":[{"@type":"SearchAction","target":{"@type":"EntryPoint","urlTemplate":"https:\/\/skaitytaknyga.lt\/?s={search_term_string}"},"query-input":{"@type":"PropertyValueSpecification","valueRequired":true,"valueName":"search_term_string"}}],"inLanguage":"en-GB"},{"@type":"Organization","@id":"https:\/\/skaitytaknyga.lt\/#organization","name":"skaitytaknyga.lt","url":"https:\/\/skaitytaknyga.lt\/","logo":{"@type":"ImageObject","inLanguage":"en-GB","@id":"https:\/\/skaitytaknyga.lt\/#\/schema\/logo\/image\/","url":"https:\/\/skaitytaknyga.lt\/wp-content\/uploads\/2024\/05\/cropped-cropped-cropped-02_00843_jt3bggkj1j3HLc7SyY6rEUpg.jpeg","contentUrl":"https:\/\/skaitytaknyga.lt\/wp-content\/uploads\/2024\/05\/cropped-cropped-cropped-02_00843_jt3bggkj1j3HLc7SyY6rEUpg.jpeg","width":1600,"height":1600,"caption":"skaitytaknyga.lt"},"image":{"@id":"https:\/\/skaitytaknyga.lt\/#\/schema\/logo\/image\/"},"sameAs":["https:\/\/www.facebook.com\/skaitytaknyga\/"]}]}},"_links":{"self":[{"href":"https:\/\/skaitytaknyga.lt\/en\/wp-json\/wp\/v2\/product\/19015","targetHints":{"allow":["GET"]}}],"collection":[{"href":"https:\/\/skaitytaknyga.lt\/en\/wp-json\/wp\/v2\/product"}],"about":[{"href":"https:\/\/skaitytaknyga.lt\/en\/wp-json\/wp\/v2\/types\/product"}],"replies":[{"embeddable":true,"href":"https:\/\/skaitytaknyga.lt\/en\/wp-json\/wp\/v2\/comments?post=19015"}],"wp:featuredmedia":[{"embeddable":true,"href":"https:\/\/skaitytaknyga.lt\/en\/wp-json\/wp\/v2\/media\/19020"}],"wp:attachment":[{"href":"https:\/\/skaitytaknyga.lt\/en\/wp-json\/wp\/v2\/media?parent=19015"}],"wp:term":[{"taxonomy":"product_brand","embeddable":true,"href":"https:\/\/skaitytaknyga.lt\/en\/wp-json\/wp\/v2\/product_brand?post=19015"},{"taxonomy":"product_cat","embeddable":true,"href":"https:\/\/skaitytaknyga.lt\/en\/wp-json\/wp\/v2\/product_cat?post=19015"},{"taxonomy":"product_tag","embeddable":true,"href":"https:\/\/skaitytaknyga.lt\/en\/wp-json\/wp\/v2\/product_tag?post=19015"}],"curies":[{"name":"wp","href":"https:\/\/api.w.org\/{rel}","templated":true}]}}