{"id":19014,"date":"2025-06-22T18:40:28","date_gmt":"2025-06-22T15:40:28","guid":{"rendered":"https:\/\/skaitytaknyga.lt\/?post_type=product&#038;p=19014"},"modified":"2025-06-26T15:06:11","modified_gmt":"2025-06-26T12:06:11","slug":"mitai-ir-stereotipai-apie-gyvunus","status":"publish","type":"product","link":"https:\/\/skaitytaknyga.lt\/en\/produktas\/mitai-ir-stereotipai-apie-gyvunus\/","title":{"rendered":"Mitai ir stereotipai apie gyv\u016bnus"},"content":{"rendered":"<p>Lap\u0117 \u2013 gudri vagil\u0117. Me\u0161ka \u2013 mi\u0161kuose t\u016bnanti gr\u0117sm\u0117. Strutis \u2013 galv\u0105 sm\u0117lyje slepiantis bailys. Neabejojame, kad \u017einai ir daugiau pana\u0161i\u0173 sugretinim\u0173. O mes norime parodyti, kad ne visada jie tiesa&#8230;<\/p>\n<p>\u0160is mielas \u0161ik\u0161nosparnis n\u0117 neketina \u010diulpti \u017emogaus kraujo. Keli\u0105 perb\u0117gusi juoda kat\u0117 neatne\u0161 jokios nes\u0117km\u0117s. Ir kas u\u017edraus \u201epurvinai&#8221; \u017eiurkei b\u016bti geriausia tavo drauge?<\/p>\n<p>Leiskis \u012f kelion\u0119 po gamtos pasaul\u012f ir su\u017einok, kad ne viskas yra juoda ar balta, kaip atrodo i\u0161 prad\u017ei\u0173! Kartu paneigsime daugyb\u0119 \u012fsigal\u0117jusi\u0173 klaiding\u0173 \u012fsitikinim\u0173.<\/p>\n","protected":false},"excerpt":{"rendered":"<p>Lap\u0117 \u2013 gudri vagil\u0117. Me\u0161ka \u2013 mi\u0161kuose t\u016bnanti gr\u0117sm\u0117. Strutis \u2013 galv\u0105 sm\u0117lyje slepiantis bailys. Neabejojame, kad \u017einai ir daugiau pana\u0161i\u0173 sugretinim\u0173. O mes norime parodyti, kad ne visada jie tiesa&#8230; \u0160is mielas \u0161ik\u0161nosparnis n\u0117 neketina \u010diulpti \u017emogaus kraujo. Keli\u0105 perb\u0117gusi juoda kat\u0117 neatne\u0161 jokios nes\u0117km\u0117s. Ir kas u\u017edraus \u201epurvinai&#8221; \u017eiurkei b\u016bti geriausia tavo drauge? Leiskis \u012f kelion\u0119 po gamtos pasaul\u012f ir su\u017einok, kad ne viskas yra juoda ar balta, kaip atrodo i\u0161 prad\u017ei\u0173! Kartu paneigsime daugyb\u0119 \u012fsigal\u0117jusi\u0173 klaiding\u0173 \u012fsitikinim\u0173.<\/p>\n","protected":false},"featured_media":19019,"comment_status":"open","ping_status":"closed","template":"","meta":{"_acf_changed":false,"site-sidebar-layout":"default","site-content-layout":"","ast-site-content-layout":"default","site-content-style":"default","site-sidebar-style":"default","ast-global-header-display":"","ast-banner-title-visibility":"","ast-main-header-display":"","ast-hfb-above-header-display":"","ast-hfb-below-header-display":"","ast-hfb-mobile-header-display":"","site-post-title":"","ast-breadcrumbs-content":"","ast-featured-img":"","footer-sml-layout":"","ast-disable-related-posts":"","theme-transparent-header-meta":"","adv-header-id-meta":"","stick-header-meta":"","header-above-stick-meta":"","header-main-stick-meta":"","header-below-stick-meta":"","astra-migrate-meta-layouts":"default","ast-page-background-enabled":"default","ast-page-background-meta":{"desktop":{"background-color":"","background-image":"","background-repeat":"repeat","background-position":"center center","background-size":"auto","background-attachment":"scroll","background-type":"","background-media":"","overlay-type":"","overlay-color":"","overlay-opacity":"","overlay-gradient":""},"tablet":{"background-color":"","background-image":"","background-repeat":"repeat","background-position":"center center","background-size":"auto","background-attachment":"scroll","background-type":"","background-media":"","overlay-type":"","overlay-color":"","overlay-opacity":"","overlay-gradient":""},"mobile":{"background-color":"","background-image":"","background-repeat":"repeat","background-position":"center center","background-size":"auto","background-attachment":"scroll","background-type":"","background-media":"","overlay-type":"","overlay-color":"","overlay-opacity":"","overlay-gradient":""}},"ast-content-background-meta":{"desktop":{"background-color":"var(--ast-global-color-4)","background-image":"","background-repeat":"repeat","background-position":"center center","background-size":"auto","background-attachment":"scroll","background-type":"","background-media":"","overlay-type":"","overlay-color":"","overlay-opacity":"","overlay-gradient":""},"tablet":{"background-color":"var(--ast-global-color-4)","background-image":"","background-repeat":"repeat","background-position":"center center","background-size":"auto","background-attachment":"scroll","background-type":"","background-media":"","overlay-type":"","overlay-color":"","overlay-opacity":"","overlay-gradient":""},"mobile":{"background-color":"var(--ast-global-color-4)","background-image":"","background-repeat":"repeat","background-position":"center center","background-size":"auto","background-attachment":"scroll","background-type":"","background-media":"","overlay-type":"","overlay-color":"","overlay-opacity":"","overlay-gradient":""}}},"product_brand":[],"product_cat":[15],"product_tag":[5525,2054,5526,5523,5524],"class_list":{"0":"post-19014","1":"product","2":"type-product","3":"status-publish","4":"has-post-thumbnail","6":"product_cat-uncategorized","7":"product_tag-gamtos-pasaulis","8":"product_tag-gyvunai","9":"product_tag-mokslo-populiarinimas","10":"product_tag-pavla-hanackova","11":"product_tag-stereotipai","12":"desktop-align-left","13":"tablet-align-left","14":"mobile-align-left","16":"first","17":"instock","18":"shipping-taxable","19":"purchasable","20":"product-type-simple"},"acf":[],"yoast_head":"<!-- This site is optimized with the Yoast SEO plugin v27.4 - https:\/\/yoast.com\/product\/yoast-seo-wordpress\/ -->\n<title>Mitai ir stereotipai apie gyv\u016bnus<\/title>\n<meta name=\"description\" content=\"Lap\u0117 \u2013 gudri vagil\u0117. Me\u0161ka \u2013 mi\u0161kuose t\u016bnanti gr\u0117sm\u0117. Strutis \u2013 galv\u0105 sm\u0117lyje slepiantis bailys. Neabejojame, kad \u017einai ir daugiau pana\u0161i\u0173 sugretinim\u0173. O\" \/>\n<meta name=\"robots\" content=\"index, follow, max-snippet:-1, max-image-preview:large, max-video-preview:-1\" \/>\n<link rel=\"canonical\" href=\"https:\/\/skaitytaknyga.lt\/en\/produktas\/mitai-ir-stereotipai-apie-gyvunus\/\" \/>\n<meta property=\"og:locale\" content=\"en_GB\" \/>\n<meta property=\"og:locale:alternate\" content=\"lt_LT\" \/>\n<meta property=\"og:type\" content=\"article\" \/>\n<meta property=\"og:title\" content=\"Mitai ir stereotipai apie gyv\u016bnus\" \/>\n<meta property=\"og:description\" content=\"Lap\u0117 \u2013 gudri vagil\u0117. Me\u0161ka \u2013 mi\u0161kuose t\u016bnanti gr\u0117sm\u0117. Strutis \u2013 galv\u0105 sm\u0117lyje slepiantis bailys. Neabejojame, kad \u017einai ir daugiau pana\u0161i\u0173 sugretinim\u0173. O\" \/>\n<meta property=\"og:url\" content=\"https:\/\/skaitytaknyga.lt\/en\/produktas\/mitai-ir-stereotipai-apie-gyvunus\/\" \/>\n<meta property=\"og:site_name\" content=\"Skaitytaknyga\" \/>\n<meta property=\"article:publisher\" content=\"https:\/\/www.facebook.com\/skaitytaknyga\/\" \/>\n<meta property=\"article:modified_time\" content=\"2025-06-26T12:06:11+00:00\" \/>\n<meta property=\"og:image\" content=\"https:\/\/skaitytaknyga.lt\/wp-content\/uploads\/2025\/06\/Mitai-ir-stereotipai-apie-gyvunus.webp\" \/>\n\t<meta property=\"og:image:width\" content=\"606\" \/>\n\t<meta property=\"og:image:height\" content=\"801\" \/>\n\t<meta property=\"og:image:type\" content=\"image\/webp\" \/>\n<meta name=\"twitter:card\" content=\"summary_large_image\" \/>\n<script type=\"application\/ld+json\" class=\"yoast-schema-graph\">{\"@context\":\"https:\\\/\\\/schema.org\",\"@graph\":[{\"@type\":\"WebPage\",\"@id\":\"https:\\\/\\\/skaitytaknyga.lt\\\/produktas\\\/mitai-ir-stereotipai-apie-gyvunus\\\/\",\"url\":\"https:\\\/\\\/skaitytaknyga.lt\\\/produktas\\\/mitai-ir-stereotipai-apie-gyvunus\\\/\",\"name\":\"Mitai ir stereotipai apie gyv\u016bnus\",\"isPartOf\":{\"@id\":\"https:\\\/\\\/skaitytaknyga.lt\\\/#website\"},\"primaryImageOfPage\":{\"@id\":\"https:\\\/\\\/skaitytaknyga.lt\\\/produktas\\\/mitai-ir-stereotipai-apie-gyvunus\\\/#primaryimage\"},\"image\":{\"@id\":\"https:\\\/\\\/skaitytaknyga.lt\\\/produktas\\\/mitai-ir-stereotipai-apie-gyvunus\\\/#primaryimage\"},\"thumbnailUrl\":\"https:\\\/\\\/skaitytaknyga.lt\\\/wp-content\\\/uploads\\\/2025\\\/06\\\/Mitai-ir-stereotipai-apie-gyvunus.webp\",\"datePublished\":\"2025-06-22T15:40:28+00:00\",\"dateModified\":\"2025-06-26T12:06:11+00:00\",\"description\":\"Lap\u0117 \u2013 gudri vagil\u0117. Me\u0161ka \u2013 mi\u0161kuose t\u016bnanti gr\u0117sm\u0117. Strutis \u2013 galv\u0105 sm\u0117lyje slepiantis bailys. Neabejojame, kad \u017einai ir daugiau pana\u0161i\u0173 sugretinim\u0173. O\",\"breadcrumb\":{\"@id\":\"https:\\\/\\\/skaitytaknyga.lt\\\/produktas\\\/mitai-ir-stereotipai-apie-gyvunus\\\/#breadcrumb\"},\"inLanguage\":\"en-GB\",\"potentialAction\":[{\"@type\":\"ReadAction\",\"target\":[\"https:\\\/\\\/skaitytaknyga.lt\\\/produktas\\\/mitai-ir-stereotipai-apie-gyvunus\\\/\"]}]},{\"@type\":\"ImageObject\",\"inLanguage\":\"en-GB\",\"@id\":\"https:\\\/\\\/skaitytaknyga.lt\\\/produktas\\\/mitai-ir-stereotipai-apie-gyvunus\\\/#primaryimage\",\"url\":\"https:\\\/\\\/skaitytaknyga.lt\\\/wp-content\\\/uploads\\\/2025\\\/06\\\/Mitai-ir-stereotipai-apie-gyvunus.webp\",\"contentUrl\":\"https:\\\/\\\/skaitytaknyga.lt\\\/wp-content\\\/uploads\\\/2025\\\/06\\\/Mitai-ir-stereotipai-apie-gyvunus.webp\",\"width\":606,\"height\":801,\"caption\":\"Mitai ir stereotipai apie gyv\u016bnus\"},{\"@type\":\"BreadcrumbList\",\"@id\":\"https:\\\/\\\/skaitytaknyga.lt\\\/produktas\\\/mitai-ir-stereotipai-apie-gyvunus\\\/#breadcrumb\",\"itemListElement\":[{\"@type\":\"ListItem\",\"position\":1,\"name\":\"Home\",\"item\":\"https:\\\/\\\/skaitytaknyga.lt\\\/\"},{\"@type\":\"ListItem\",\"position\":2,\"name\":\"Parduotuv\u0117\",\"item\":\"https:\\\/\\\/skaitytaknyga.lt\\\/knygu-parduotuve\\\/\"},{\"@type\":\"ListItem\",\"position\":3,\"name\":\"Mitai ir stereotipai apie gyv\u016bnus\"}]},{\"@type\":\"WebSite\",\"@id\":\"https:\\\/\\\/skaitytaknyga.lt\\\/#website\",\"url\":\"https:\\\/\\\/skaitytaknyga.lt\\\/\",\"name\":\"skaitytaknyga.lt\",\"description\":\"Skaitytaknyga.lt \u2013 tai ma\u017eas \u0161eimos verslas, kuris prasid\u0117jo nuo meil\u0117s knygoms ir siekio i\u0161gelb\u0117ti knygas nuo likimo prie konteinerio. Kas vienam nereikalingas daiktas \u2013 kitam lobis, o mes esame tarpininkai, kurie padeda abiems tapti laimingesniems ???? \u017dinome kaip nelengva i\u0161gyventi ma\u017eiems verslams, tad nuo \u0161iol, \u010dia rasite ir kit\u0173, ma\u017e\u0173 \u0161eim\u0173 versl\u0173, rank\u0173 darbo, dovan\u0173 sau ir artimiesiems.\",\"publisher\":{\"@id\":\"https:\\\/\\\/skaitytaknyga.lt\\\/#organization\"},\"potentialAction\":[{\"@type\":\"SearchAction\",\"target\":{\"@type\":\"EntryPoint\",\"urlTemplate\":\"https:\\\/\\\/skaitytaknyga.lt\\\/?s={search_term_string}\"},\"query-input\":{\"@type\":\"PropertyValueSpecification\",\"valueRequired\":true,\"valueName\":\"search_term_string\"}}],\"inLanguage\":\"en-GB\"},{\"@type\":\"Organization\",\"@id\":\"https:\\\/\\\/skaitytaknyga.lt\\\/#organization\",\"name\":\"skaitytaknyga.lt\",\"url\":\"https:\\\/\\\/skaitytaknyga.lt\\\/\",\"logo\":{\"@type\":\"ImageObject\",\"inLanguage\":\"en-GB\",\"@id\":\"https:\\\/\\\/skaitytaknyga.lt\\\/#\\\/schema\\\/logo\\\/image\\\/\",\"url\":\"https:\\\/\\\/skaitytaknyga.lt\\\/wp-content\\\/uploads\\\/2024\\\/05\\\/cropped-cropped-cropped-02_00843_jt3bggkj1j3HLc7SyY6rEUpg.jpeg\",\"contentUrl\":\"https:\\\/\\\/skaitytaknyga.lt\\\/wp-content\\\/uploads\\\/2024\\\/05\\\/cropped-cropped-cropped-02_00843_jt3bggkj1j3HLc7SyY6rEUpg.jpeg\",\"width\":1600,\"height\":1600,\"caption\":\"skaitytaknyga.lt\"},\"image\":{\"@id\":\"https:\\\/\\\/skaitytaknyga.lt\\\/#\\\/schema\\\/logo\\\/image\\\/\"},\"sameAs\":[\"https:\\\/\\\/www.facebook.com\\\/skaitytaknyga\\\/\"]}]}<\/script>\n<!-- \/ Yoast SEO plugin. -->","yoast_head_json":{"title":"Mitai ir stereotipai apie gyv\u016bnus","description":"Lap\u0117 \u2013 gudri vagil\u0117. Me\u0161ka \u2013 mi\u0161kuose t\u016bnanti gr\u0117sm\u0117. Strutis \u2013 galv\u0105 sm\u0117lyje slepiantis bailys. Neabejojame, kad \u017einai ir daugiau pana\u0161i\u0173 sugretinim\u0173. O","robots":{"index":"index","follow":"follow","max-snippet":"max-snippet:-1","max-image-preview":"max-image-preview:large","max-video-preview":"max-video-preview:-1"},"canonical":"https:\/\/skaitytaknyga.lt\/en\/produktas\/mitai-ir-stereotipai-apie-gyvunus\/","og_locale":"en_GB","og_type":"article","og_title":"[:lt]Mitai ir stereotipai apie gyv\u016bnus[:] - Skaitytaknyga","og_description":"Lap\u0117 \u2013 gudri vagil\u0117. Me\u0161ka \u2013 mi\u0161kuose t\u016bnanti gr\u0117sm\u0117. Strutis \u2013 galv\u0105 sm\u0117lyje slepiantis bailys. Neabejojame, kad \u017einai ir daugiau pana\u0161i\u0173 sugretinim\u0173. O","og_url":"https:\/\/skaitytaknyga.lt\/en\/produktas\/mitai-ir-stereotipai-apie-gyvunus\/","og_site_name":"Skaitytaknyga","article_publisher":"https:\/\/www.facebook.com\/skaitytaknyga\/","article_modified_time":"2025-06-26T12:06:11+00:00","og_image":[{"width":606,"height":801,"url":"https:\/\/skaitytaknyga.lt\/wp-content\/uploads\/2025\/06\/Mitai-ir-stereotipai-apie-gyvunus.webp","type":"image\/webp"}],"twitter_card":"summary_large_image","schema":{"@context":"https:\/\/schema.org","@graph":[{"@type":"WebPage","@id":"https:\/\/skaitytaknyga.lt\/produktas\/mitai-ir-stereotipai-apie-gyvunus\/","url":"https:\/\/skaitytaknyga.lt\/produktas\/mitai-ir-stereotipai-apie-gyvunus\/","name":"Mitai ir stereotipai apie gyv\u016bnus","isPartOf":{"@id":"https:\/\/skaitytaknyga.lt\/#website"},"primaryImageOfPage":{"@id":"https:\/\/skaitytaknyga.lt\/produktas\/mitai-ir-stereotipai-apie-gyvunus\/#primaryimage"},"image":{"@id":"https:\/\/skaitytaknyga.lt\/produktas\/mitai-ir-stereotipai-apie-gyvunus\/#primaryimage"},"thumbnailUrl":"https:\/\/skaitytaknyga.lt\/wp-content\/uploads\/2025\/06\/Mitai-ir-stereotipai-apie-gyvunus.webp","datePublished":"2025-06-22T15:40:28+00:00","dateModified":"2025-06-26T12:06:11+00:00","description":"Lap\u0117 \u2013 gudri vagil\u0117. Me\u0161ka \u2013 mi\u0161kuose t\u016bnanti gr\u0117sm\u0117. Strutis \u2013 galv\u0105 sm\u0117lyje slepiantis bailys. Neabejojame, kad \u017einai ir daugiau pana\u0161i\u0173 sugretinim\u0173. O","breadcrumb":{"@id":"https:\/\/skaitytaknyga.lt\/produktas\/mitai-ir-stereotipai-apie-gyvunus\/#breadcrumb"},"inLanguage":"en-GB","potentialAction":[{"@type":"ReadAction","target":["https:\/\/skaitytaknyga.lt\/produktas\/mitai-ir-stereotipai-apie-gyvunus\/"]}]},{"@type":"ImageObject","inLanguage":"en-GB","@id":"https:\/\/skaitytaknyga.lt\/produktas\/mitai-ir-stereotipai-apie-gyvunus\/#primaryimage","url":"https:\/\/skaitytaknyga.lt\/wp-content\/uploads\/2025\/06\/Mitai-ir-stereotipai-apie-gyvunus.webp","contentUrl":"https:\/\/skaitytaknyga.lt\/wp-content\/uploads\/2025\/06\/Mitai-ir-stereotipai-apie-gyvunus.webp","width":606,"height":801,"caption":"Mitai ir stereotipai apie gyv\u016bnus"},{"@type":"BreadcrumbList","@id":"https:\/\/skaitytaknyga.lt\/produktas\/mitai-ir-stereotipai-apie-gyvunus\/#breadcrumb","itemListElement":[{"@type":"ListItem","position":1,"name":"Home","item":"https:\/\/skaitytaknyga.lt\/"},{"@type":"ListItem","position":2,"name":"Parduotuv\u0117","item":"https:\/\/skaitytaknyga.lt\/knygu-parduotuve\/"},{"@type":"ListItem","position":3,"name":"Mitai ir stereotipai apie gyv\u016bnus"}]},{"@type":"WebSite","@id":"https:\/\/skaitytaknyga.lt\/#website","url":"https:\/\/skaitytaknyga.lt\/","name":"skaitytaknyga.lt","description":"Skaitytaknyga.lt \u2013 tai ma\u017eas \u0161eimos verslas, kuris prasid\u0117jo nuo meil\u0117s knygoms ir siekio i\u0161gelb\u0117ti knygas nuo likimo prie konteinerio. Kas vienam nereikalingas daiktas \u2013 kitam lobis, o mes esame tarpininkai, kurie padeda abiems tapti laimingesniems ???? \u017dinome kaip nelengva i\u0161gyventi ma\u017eiems verslams, tad nuo \u0161iol, \u010dia rasite ir kit\u0173, ma\u017e\u0173 \u0161eim\u0173 versl\u0173, rank\u0173 darbo, dovan\u0173 sau ir artimiesiems.","publisher":{"@id":"https:\/\/skaitytaknyga.lt\/#organization"},"potentialAction":[{"@type":"SearchAction","target":{"@type":"EntryPoint","urlTemplate":"https:\/\/skaitytaknyga.lt\/?s={search_term_string}"},"query-input":{"@type":"PropertyValueSpecification","valueRequired":true,"valueName":"search_term_string"}}],"inLanguage":"en-GB"},{"@type":"Organization","@id":"https:\/\/skaitytaknyga.lt\/#organization","name":"skaitytaknyga.lt","url":"https:\/\/skaitytaknyga.lt\/","logo":{"@type":"ImageObject","inLanguage":"en-GB","@id":"https:\/\/skaitytaknyga.lt\/#\/schema\/logo\/image\/","url":"https:\/\/skaitytaknyga.lt\/wp-content\/uploads\/2024\/05\/cropped-cropped-cropped-02_00843_jt3bggkj1j3HLc7SyY6rEUpg.jpeg","contentUrl":"https:\/\/skaitytaknyga.lt\/wp-content\/uploads\/2024\/05\/cropped-cropped-cropped-02_00843_jt3bggkj1j3HLc7SyY6rEUpg.jpeg","width":1600,"height":1600,"caption":"skaitytaknyga.lt"},"image":{"@id":"https:\/\/skaitytaknyga.lt\/#\/schema\/logo\/image\/"},"sameAs":["https:\/\/www.facebook.com\/skaitytaknyga\/"]}]}},"_links":{"self":[{"href":"https:\/\/skaitytaknyga.lt\/en\/wp-json\/wp\/v2\/product\/19014","targetHints":{"allow":["GET"]}}],"collection":[{"href":"https:\/\/skaitytaknyga.lt\/en\/wp-json\/wp\/v2\/product"}],"about":[{"href":"https:\/\/skaitytaknyga.lt\/en\/wp-json\/wp\/v2\/types\/product"}],"replies":[{"embeddable":true,"href":"https:\/\/skaitytaknyga.lt\/en\/wp-json\/wp\/v2\/comments?post=19014"}],"wp:featuredmedia":[{"embeddable":true,"href":"https:\/\/skaitytaknyga.lt\/en\/wp-json\/wp\/v2\/media\/19019"}],"wp:attachment":[{"href":"https:\/\/skaitytaknyga.lt\/en\/wp-json\/wp\/v2\/media?parent=19014"}],"wp:term":[{"taxonomy":"product_brand","embeddable":true,"href":"https:\/\/skaitytaknyga.lt\/en\/wp-json\/wp\/v2\/product_brand?post=19014"},{"taxonomy":"product_cat","embeddable":true,"href":"https:\/\/skaitytaknyga.lt\/en\/wp-json\/wp\/v2\/product_cat?post=19014"},{"taxonomy":"product_tag","embeddable":true,"href":"https:\/\/skaitytaknyga.lt\/en\/wp-json\/wp\/v2\/product_tag?post=19014"}],"curies":[{"name":"wp","href":"https:\/\/api.w.org\/{rel}","templated":true}]}}