{"id":19012,"date":"2025-06-22T18:38:13","date_gmt":"2025-06-22T15:38:13","guid":{"rendered":"https:\/\/skaitytaknyga.lt\/?post_type=product&#038;p=19012"},"modified":"2026-03-05T12:47:05","modified_gmt":"2026-03-05T10:47:05","slug":"kardu-audra-ledo-ir-ugnies-giesme-siek-tiek-istepta","status":"publish","type":"product","link":"https:\/\/skaitytaknyga.lt\/en\/produktas\/kardu-audra-ledo-ir-ugnies-giesme-siek-tiek-istepta\/","title":{"rendered":"Kard\u0173 audra. Ledo ir ugnies giesm\u0117"},"content":{"rendered":"<p>Tre\u010diojoje \u201eLedo ir ugnies giesm\u0117s\u201c knygoje George\u2019as R. R. Martinas nesiliauja skaitytojus stebin\u0119s savo sukurt\u0173 persona\u017e\u0173 nuotykiais ir likimais. Ir toliau meistri\u0161kai pinama intriga, i\u0161ai\u0161k\u0117ja daugyb\u0117 paslap\u010di\u0173, bet dar daugiau j\u0173 atsiranda.<\/p>\n<p>D\u0117l Gele\u017einio sosto ir vald\u017eios prasideda pra\u017e\u016btingas Penki\u0173 Karali\u0173 karas, ir tik Stanis Barateonas susivokia, kad Vesteros\u0105 pirma reikia apginti nuo baisios gr\u0117sm\u0117s i\u0161 \u0160iaur\u0117s, \u2013 nes i\u0161 ten jau slenka Tamsa ir \u0160altis, kra\u0161tui ir \u017emon\u0117ms ne\u0161dami pra\u017e\u016bt\u012f, \u2013 tik tada r\u016bpintis sostu ir vald\u017eia. Jis vienintelis atsiliepia \u012f Nakties sargybos broli\u0173 pagalbos \u0161auksm\u0105, nes jie vieni nebepaj\u0117gia grumtis su visos \u0160iaur\u0117s magi\u0161komis galiomis ir tyr\u017emoni\u0173 gentimis, kurios gelb\u0117damosi ver\u017eiasi \u0161ion pus\u0117n Sienos.<\/p>\n<p>Vesterosas nusiaubtas tarpusavio kar\u0173, suniokotas ir i\u0161griautas Vinterfelas, upi\u0173 kra\u0161tuose siau\u010dia badas ir pl\u0117\u0161ikai, o did\u017ei\u016bnai be perstojo kariauja vieni su kitais, sudaromos netvarios i\u0161daviki\u0161kos s\u0105jungos, kiekvienas ie\u0161ko naudos sau. Atrodo, jog doram \u017emogui Septyniose Karalyst\u0117se neliko vietos.<\/p>\n<p>Ar k\u0105 bepakeis ir gr\u012f\u017eusi Daneiris su savo drakonais? O ir \u0161ie u\u017eaugs dar negreit. Tuo tarpu \u012f sost\u0105 pasodinamas ma\u017eylis Tomenas, o u\u017e j\u012f valdo Taivinas Lanisteris, gr\u0117smingoji karaliaus ranka. Tik ar ilgam?<\/p>\n<p>\u201eAmerikieti\u0161kuoju Tolkienu\u201c pramintas George\u2019as R. R. Martinas suk\u016br\u0117 diding\u0105 sakm\u0119 apie garb\u0119, meil\u0119, ker\u0161t\u0105 ir kov\u0105. Jaudinanti, tikrovi\u0161ka ir kartu pranokstanti vaizduot\u0119 epop\u0117ja d\u017eiugina milijonus fantasy \u017eanro gerb\u0117j\u0173, o i\u0161tikimiausi jos skaitytojai nekantriai laukia tolesni\u0173 kelioni\u0173 po magi\u0161k\u0105 fantastin\u012f pasaul\u012f.<\/p>\n<p>Pagal \u0161i\u0105 ir ankstesnes \u201eLedo ir ugnies giesm\u0117s\u201c knygas sukurtas ne ma\u017eiau populiarus pasaulyje serialas.<\/p>\n","protected":false},"excerpt":{"rendered":"<p>Tre\u010diojoje \u201eLedo ir ugnies giesm\u0117s\u201c knygoje George\u2019as R. R. Martinas nesiliauja skaitytojus stebin\u0119s savo sukurt\u0173 persona\u017e\u0173 nuotykiais ir likimais. Ir toliau meistri\u0161kai pinama intriga, i\u0161ai\u0161k\u0117ja daugyb\u0117 paslap\u010di\u0173, bet dar daugiau j\u0173 atsiranda. D\u0117l Gele\u017einio sosto ir vald\u017eios prasideda pra\u017e\u016btingas Penki\u0173 Karali\u0173 karas, ir tik Stanis Barateonas susivokia, kad Vesteros\u0105 pirma reikia apginti nuo baisios gr\u0117sm\u0117s i\u0161 \u0160iaur\u0117s, \u2013 nes i\u0161 ten jau slenka Tamsa ir \u0160altis, kra\u0161tui ir \u017emon\u0117ms ne\u0161dami pra\u017e\u016bt\u012f, \u2013 tik tada r\u016bpintis sostu ir vald\u017eia. Jis vienintelis atsiliepia \u012f Nakties sargybos broli\u0173 pagalbos \u0161auksm\u0105, nes jie vieni nebepaj\u0117gia grumtis su visos \u0160iaur\u0117s magi\u0161komis galiomis ir tyr\u017emoni\u0173 gentimis, kurios gelb\u0117damosi ver\u017eiasi \u0161ion pus\u0117n Sienos. Vesterosas nusiaubtas tarpusavio kar\u0173, suniokotas ir i\u0161griautas Vinterfelas, upi\u0173 kra\u0161tuose siau\u010dia badas ir pl\u0117\u0161ikai, o did\u017ei\u016bnai be perstojo kariauja vieni su kitais, sudaromos netvarios i\u0161daviki\u0161kos s\u0105jungos, kiekvienas ie\u0161ko naudos sau. Atrodo, jog doram \u017emogui Septyniose Karalyst\u0117se neliko vietos. Ar k\u0105 bepakeis ir gr\u012f\u017eusi Daneiris su savo drakonais? O ir \u0161ie u\u017eaugs dar negreit. Tuo tarpu \u012f sost\u0105 pasodinamas ma\u017eylis Tomenas, o u\u017e j\u012f valdo Taivinas Lanisteris, gr\u0117smingoji karaliaus ranka. Tik ar ilgam? \u201eAmerikieti\u0161kuoju Tolkienu\u201c pramintas George\u2019as R. R. Martinas suk\u016br\u0117 diding\u0105 sakm\u0119 apie garb\u0119, meil\u0119, ker\u0161t\u0105 ir kov\u0105. Jaudinanti, tikrovi\u0161ka ir kartu pranokstanti vaizduot\u0119 epop\u0117ja d\u017eiugina milijonus fantasy \u017eanro gerb\u0117j\u0173, o i\u0161tikimiausi jos skaitytojai nekantriai laukia tolesni\u0173 kelioni\u0173 po magi\u0161k\u0105 fantastin\u012f pasaul\u012f. Pagal \u0161i\u0105 ir ankstesnes \u201eLedo ir ugnies giesm\u0117s\u201c knygas sukurtas ne ma\u017eiau populiarus pasaulyje serialas.<\/p>\n","protected":false},"featured_media":19013,"comment_status":"open","ping_status":"closed","template":"","meta":{"_acf_changed":false,"site-sidebar-layout":"default","site-content-layout":"","ast-site-content-layout":"default","site-content-style":"default","site-sidebar-style":"default","ast-global-header-display":"","ast-banner-title-visibility":"","ast-main-header-display":"","ast-hfb-above-header-display":"","ast-hfb-below-header-display":"","ast-hfb-mobile-header-display":"","site-post-title":"","ast-breadcrumbs-content":"","ast-featured-img":"","footer-sml-layout":"","ast-disable-related-posts":"","theme-transparent-header-meta":"","adv-header-id-meta":"","stick-header-meta":"","header-above-stick-meta":"","header-main-stick-meta":"","header-below-stick-meta":"","astra-migrate-meta-layouts":"default","ast-page-background-enabled":"default","ast-page-background-meta":{"desktop":{"background-color":"","background-image":"","background-repeat":"repeat","background-position":"center center","background-size":"auto","background-attachment":"scroll","background-type":"","background-media":"","overlay-type":"","overlay-color":"","overlay-opacity":"","overlay-gradient":""},"tablet":{"background-color":"","background-image":"","background-repeat":"repeat","background-position":"center center","background-size":"auto","background-attachment":"scroll","background-type":"","background-media":"","overlay-type":"","overlay-color":"","overlay-opacity":"","overlay-gradient":""},"mobile":{"background-color":"","background-image":"","background-repeat":"repeat","background-position":"center center","background-size":"auto","background-attachment":"scroll","background-type":"","background-media":"","overlay-type":"","overlay-color":"","overlay-opacity":"","overlay-gradient":""}},"ast-content-background-meta":{"desktop":{"background-color":"var(--ast-global-color-4)","background-image":"","background-repeat":"repeat","background-position":"center center","background-size":"auto","background-attachment":"scroll","background-type":"","background-media":"","overlay-type":"","overlay-color":"","overlay-opacity":"","overlay-gradient":""},"tablet":{"background-color":"var(--ast-global-color-4)","background-image":"","background-repeat":"repeat","background-position":"center center","background-size":"auto","background-attachment":"scroll","background-type":"","background-media":"","overlay-type":"","overlay-color":"","overlay-opacity":"","overlay-gradient":""},"mobile":{"background-color":"var(--ast-global-color-4)","background-image":"","background-repeat":"repeat","background-position":"center center","background-size":"auto","background-attachment":"scroll","background-type":"","background-media":"","overlay-type":"","overlay-color":"","overlay-opacity":"","overlay-gradient":""}}},"product_brand":[],"product_cat":[9621],"product_tag":[1504,5520,3217,5521,1755,5522],"class_list":{"0":"post-19012","1":"product","2":"type-product","3":"status-publish","4":"has-post-thumbnail","6":"product_cat-fantastika-fantastika","7":"product_tag-fantastika","8":"product_tag-george-r-r-martin","9":"product_tag-intriga","10":"product_tag-karai","11":"product_tag-magija","12":"product_tag-serialas","13":"desktop-align-left","14":"tablet-align-left","15":"mobile-align-left","17":"first","18":"outofstock","19":"shipping-taxable","20":"purchasable","21":"product-type-simple"},"acf":[],"yoast_head":"<!-- This site is optimized with the Yoast SEO plugin v27.0 - https:\/\/yoast.com\/product\/yoast-seo-wordpress\/ -->\n<title>Kard\u0173 audra. Ledo ir ugnies giesm\u0117<\/title>\n<meta name=\"description\" content=\"Tre\u010diojoje \u201eLedo ir ugnies giesm\u0117s\u201c knygoje George\u2019as R. R. Martinas nesiliauja skaitytojus stebin\u0119s savo sukurt\u0173 persona\u017e\u0173 nuotykiais ir likimais. Ir\" \/>\n<meta name=\"robots\" content=\"index, follow, max-snippet:-1, max-image-preview:large, max-video-preview:-1\" \/>\n<link rel=\"canonical\" href=\"https:\/\/skaitytaknyga.lt\/en\/produktas\/kardu-audra-ledo-ir-ugnies-giesme-siek-tiek-istepta\/\" \/>\n<meta property=\"og:locale\" content=\"en_GB\" \/>\n<meta property=\"og:locale:alternate\" content=\"lt_LT\" \/>\n<meta property=\"og:type\" content=\"article\" \/>\n<meta property=\"og:title\" content=\"Kard\u0173 audra. Ledo ir ugnies giesm\u0117\" \/>\n<meta property=\"og:description\" content=\"Tre\u010diojoje \u201eLedo ir ugnies giesm\u0117s\u201c knygoje George\u2019as R. R. Martinas nesiliauja skaitytojus stebin\u0119s savo sukurt\u0173 persona\u017e\u0173 nuotykiais ir likimais. Ir\" \/>\n<meta property=\"og:url\" content=\"https:\/\/skaitytaknyga.lt\/en\/produktas\/kardu-audra-ledo-ir-ugnies-giesme-siek-tiek-istepta\/\" \/>\n<meta property=\"og:site_name\" content=\"Skaitytaknyga\" \/>\n<meta property=\"article:publisher\" content=\"https:\/\/www.facebook.com\/skaitytaknyga\/\" \/>\n<meta property=\"article:modified_time\" content=\"2026-03-05T10:47:05+00:00\" \/>\n<meta property=\"og:image\" content=\"https:\/\/skaitytaknyga.lt\/wp-content\/uploads\/2025\/06\/Kardu-audra.-Ledo-ir-ugnies-giesme.webp\" \/>\n\t<meta property=\"og:image:width\" content=\"458\" \/>\n\t<meta property=\"og:image:height\" content=\"750\" \/>\n\t<meta property=\"og:image:type\" content=\"image\/webp\" \/>\n<meta name=\"twitter:card\" content=\"summary_large_image\" \/>\n<meta name=\"twitter:label1\" content=\"Estimated reading time\" \/>\n\t<meta name=\"twitter:data1\" content=\"1 minute\" \/>\n<script type=\"application\/ld+json\" class=\"yoast-schema-graph\">{\"@context\":\"https:\/\/schema.org\",\"@graph\":[{\"@type\":\"WebPage\",\"@id\":\"https:\/\/skaitytaknyga.lt\/produktas\/kardu-audra-ledo-ir-ugnies-giesme-siek-tiek-istepta\/\",\"url\":\"https:\/\/skaitytaknyga.lt\/produktas\/kardu-audra-ledo-ir-ugnies-giesme-siek-tiek-istepta\/\",\"name\":\"Kard\u0173 audra. Ledo ir ugnies giesm\u0117\",\"isPartOf\":{\"@id\":\"https:\/\/skaitytaknyga.lt\/#website\"},\"primaryImageOfPage\":{\"@id\":\"https:\/\/skaitytaknyga.lt\/produktas\/kardu-audra-ledo-ir-ugnies-giesme-siek-tiek-istepta\/#primaryimage\"},\"image\":{\"@id\":\"https:\/\/skaitytaknyga.lt\/produktas\/kardu-audra-ledo-ir-ugnies-giesme-siek-tiek-istepta\/#primaryimage\"},\"thumbnailUrl\":\"https:\/\/skaitytaknyga.lt\/wp-content\/uploads\/2025\/06\/Kardu-audra.-Ledo-ir-ugnies-giesme.webp\",\"datePublished\":\"2025-06-22T15:38:13+00:00\",\"dateModified\":\"2026-03-05T10:47:05+00:00\",\"description\":\"Tre\u010diojoje \u201eLedo ir ugnies giesm\u0117s\u201c knygoje George\u2019as R. R. Martinas nesiliauja skaitytojus stebin\u0119s savo sukurt\u0173 persona\u017e\u0173 nuotykiais ir likimais. Ir\",\"breadcrumb\":{\"@id\":\"https:\/\/skaitytaknyga.lt\/produktas\/kardu-audra-ledo-ir-ugnies-giesme-siek-tiek-istepta\/#breadcrumb\"},\"inLanguage\":\"en-GB\",\"potentialAction\":[{\"@type\":\"ReadAction\",\"target\":[\"https:\/\/skaitytaknyga.lt\/produktas\/kardu-audra-ledo-ir-ugnies-giesme-siek-tiek-istepta\/\"]}]},{\"@type\":\"ImageObject\",\"inLanguage\":\"en-GB\",\"@id\":\"https:\/\/skaitytaknyga.lt\/produktas\/kardu-audra-ledo-ir-ugnies-giesme-siek-tiek-istepta\/#primaryimage\",\"url\":\"https:\/\/skaitytaknyga.lt\/wp-content\/uploads\/2025\/06\/Kardu-audra.-Ledo-ir-ugnies-giesme.webp\",\"contentUrl\":\"https:\/\/skaitytaknyga.lt\/wp-content\/uploads\/2025\/06\/Kardu-audra.-Ledo-ir-ugnies-giesme.webp\",\"width\":458,\"height\":750,\"caption\":\"Kard\u0173 audra. Ledo ir ugnies giesm\u0117\"},{\"@type\":\"BreadcrumbList\",\"@id\":\"https:\/\/skaitytaknyga.lt\/produktas\/kardu-audra-ledo-ir-ugnies-giesme-siek-tiek-istepta\/#breadcrumb\",\"itemListElement\":[{\"@type\":\"ListItem\",\"position\":1,\"name\":\"Home\",\"item\":\"https:\/\/skaitytaknyga.lt\/\"},{\"@type\":\"ListItem\",\"position\":2,\"name\":\"Parduotuv\u0117\",\"item\":\"https:\/\/skaitytaknyga.lt\/knygu-parduotuve\/\"},{\"@type\":\"ListItem\",\"position\":3,\"name\":\"Kard\u0173 audra. Ledo ir ugnies giesm\u0117\"}]},{\"@type\":\"WebSite\",\"@id\":\"https:\/\/skaitytaknyga.lt\/#website\",\"url\":\"https:\/\/skaitytaknyga.lt\/\",\"name\":\"skaitytaknyga.lt\",\"description\":\"Skaitytaknyga.lt \u2013 tai ma\u017eas \u0161eimos verslas, kuris prasid\u0117jo nuo meil\u0117s knygoms ir siekio i\u0161gelb\u0117ti knygas nuo likimo prie konteinerio. Kas vienam nereikalingas daiktas \u2013 kitam lobis, o mes esame tarpininkai, kurie padeda abiems tapti laimingesniems ???? \u017dinome kaip nelengva i\u0161gyventi ma\u017eiems verslams, tad nuo \u0161iol, \u010dia rasite ir kit\u0173, ma\u017e\u0173 \u0161eim\u0173 versl\u0173, rank\u0173 darbo, dovan\u0173 sau ir artimiesiems.\",\"publisher\":{\"@id\":\"https:\/\/skaitytaknyga.lt\/#organization\"},\"potentialAction\":[{\"@type\":\"SearchAction\",\"target\":{\"@type\":\"EntryPoint\",\"urlTemplate\":\"https:\/\/skaitytaknyga.lt\/?s={search_term_string}\"},\"query-input\":{\"@type\":\"PropertyValueSpecification\",\"valueRequired\":true,\"valueName\":\"search_term_string\"}}],\"inLanguage\":\"en-GB\"},{\"@type\":\"Organization\",\"@id\":\"https:\/\/skaitytaknyga.lt\/#organization\",\"name\":\"skaitytaknyga.lt\",\"url\":\"https:\/\/skaitytaknyga.lt\/\",\"logo\":{\"@type\":\"ImageObject\",\"inLanguage\":\"en-GB\",\"@id\":\"https:\/\/skaitytaknyga.lt\/#\/schema\/logo\/image\/\",\"url\":\"https:\/\/skaitytaknyga.lt\/wp-content\/uploads\/2024\/05\/cropped-cropped-cropped-02_00843_jt3bggkj1j3HLc7SyY6rEUpg.jpeg\",\"contentUrl\":\"https:\/\/skaitytaknyga.lt\/wp-content\/uploads\/2024\/05\/cropped-cropped-cropped-02_00843_jt3bggkj1j3HLc7SyY6rEUpg.jpeg\",\"width\":1600,\"height\":1600,\"caption\":\"skaitytaknyga.lt\"},\"image\":{\"@id\":\"https:\/\/skaitytaknyga.lt\/#\/schema\/logo\/image\/\"},\"sameAs\":[\"https:\/\/www.facebook.com\/skaitytaknyga\/\"]}]}<\/script>\n<!-- \/ Yoast SEO plugin. -->","yoast_head_json":{"title":"Kard\u0173 audra. Ledo ir ugnies giesm\u0117","description":"Tre\u010diojoje \u201eLedo ir ugnies giesm\u0117s\u201c knygoje George\u2019as R. R. Martinas nesiliauja skaitytojus stebin\u0119s savo sukurt\u0173 persona\u017e\u0173 nuotykiais ir likimais. Ir","robots":{"index":"index","follow":"follow","max-snippet":"max-snippet:-1","max-image-preview":"max-image-preview:large","max-video-preview":"max-video-preview:-1"},"canonical":"https:\/\/skaitytaknyga.lt\/en\/produktas\/kardu-audra-ledo-ir-ugnies-giesme-siek-tiek-istepta\/","og_locale":"en_GB","og_type":"article","og_title":"[:lt]Kard\u0173 audra. Ledo ir ugnies giesm\u0117[:] - Skaitytaknyga","og_description":"Tre\u010diojoje \u201eLedo ir ugnies giesm\u0117s\u201c knygoje George\u2019as R. R. Martinas nesiliauja skaitytojus stebin\u0119s savo sukurt\u0173 persona\u017e\u0173 nuotykiais ir likimais. Ir","og_url":"https:\/\/skaitytaknyga.lt\/en\/produktas\/kardu-audra-ledo-ir-ugnies-giesme-siek-tiek-istepta\/","og_site_name":"Skaitytaknyga","article_publisher":"https:\/\/www.facebook.com\/skaitytaknyga\/","article_modified_time":"2026-03-05T10:47:05+00:00","og_image":[{"width":458,"height":750,"url":"https:\/\/skaitytaknyga.lt\/wp-content\/uploads\/2025\/06\/Kardu-audra.-Ledo-ir-ugnies-giesme.webp","type":"image\/webp"}],"twitter_card":"summary_large_image","twitter_misc":{"Estimated reading time":"1 minute"},"schema":{"@context":"https:\/\/schema.org","@graph":[{"@type":"WebPage","@id":"https:\/\/skaitytaknyga.lt\/produktas\/kardu-audra-ledo-ir-ugnies-giesme-siek-tiek-istepta\/","url":"https:\/\/skaitytaknyga.lt\/produktas\/kardu-audra-ledo-ir-ugnies-giesme-siek-tiek-istepta\/","name":"Kard\u0173 audra. Ledo ir ugnies giesm\u0117","isPartOf":{"@id":"https:\/\/skaitytaknyga.lt\/#website"},"primaryImageOfPage":{"@id":"https:\/\/skaitytaknyga.lt\/produktas\/kardu-audra-ledo-ir-ugnies-giesme-siek-tiek-istepta\/#primaryimage"},"image":{"@id":"https:\/\/skaitytaknyga.lt\/produktas\/kardu-audra-ledo-ir-ugnies-giesme-siek-tiek-istepta\/#primaryimage"},"thumbnailUrl":"https:\/\/skaitytaknyga.lt\/wp-content\/uploads\/2025\/06\/Kardu-audra.-Ledo-ir-ugnies-giesme.webp","datePublished":"2025-06-22T15:38:13+00:00","dateModified":"2026-03-05T10:47:05+00:00","description":"Tre\u010diojoje \u201eLedo ir ugnies giesm\u0117s\u201c knygoje George\u2019as R. R. Martinas nesiliauja skaitytojus stebin\u0119s savo sukurt\u0173 persona\u017e\u0173 nuotykiais ir likimais. Ir","breadcrumb":{"@id":"https:\/\/skaitytaknyga.lt\/produktas\/kardu-audra-ledo-ir-ugnies-giesme-siek-tiek-istepta\/#breadcrumb"},"inLanguage":"en-GB","potentialAction":[{"@type":"ReadAction","target":["https:\/\/skaitytaknyga.lt\/produktas\/kardu-audra-ledo-ir-ugnies-giesme-siek-tiek-istepta\/"]}]},{"@type":"ImageObject","inLanguage":"en-GB","@id":"https:\/\/skaitytaknyga.lt\/produktas\/kardu-audra-ledo-ir-ugnies-giesme-siek-tiek-istepta\/#primaryimage","url":"https:\/\/skaitytaknyga.lt\/wp-content\/uploads\/2025\/06\/Kardu-audra.-Ledo-ir-ugnies-giesme.webp","contentUrl":"https:\/\/skaitytaknyga.lt\/wp-content\/uploads\/2025\/06\/Kardu-audra.-Ledo-ir-ugnies-giesme.webp","width":458,"height":750,"caption":"Kard\u0173 audra. Ledo ir ugnies giesm\u0117"},{"@type":"BreadcrumbList","@id":"https:\/\/skaitytaknyga.lt\/produktas\/kardu-audra-ledo-ir-ugnies-giesme-siek-tiek-istepta\/#breadcrumb","itemListElement":[{"@type":"ListItem","position":1,"name":"Home","item":"https:\/\/skaitytaknyga.lt\/"},{"@type":"ListItem","position":2,"name":"Parduotuv\u0117","item":"https:\/\/skaitytaknyga.lt\/knygu-parduotuve\/"},{"@type":"ListItem","position":3,"name":"Kard\u0173 audra. Ledo ir ugnies giesm\u0117"}]},{"@type":"WebSite","@id":"https:\/\/skaitytaknyga.lt\/#website","url":"https:\/\/skaitytaknyga.lt\/","name":"skaitytaknyga.lt","description":"Skaitytaknyga.lt \u2013 tai ma\u017eas \u0161eimos verslas, kuris prasid\u0117jo nuo meil\u0117s knygoms ir siekio i\u0161gelb\u0117ti knygas nuo likimo prie konteinerio. Kas vienam nereikalingas daiktas \u2013 kitam lobis, o mes esame tarpininkai, kurie padeda abiems tapti laimingesniems ???? \u017dinome kaip nelengva i\u0161gyventi ma\u017eiems verslams, tad nuo \u0161iol, \u010dia rasite ir kit\u0173, ma\u017e\u0173 \u0161eim\u0173 versl\u0173, rank\u0173 darbo, dovan\u0173 sau ir artimiesiems.","publisher":{"@id":"https:\/\/skaitytaknyga.lt\/#organization"},"potentialAction":[{"@type":"SearchAction","target":{"@type":"EntryPoint","urlTemplate":"https:\/\/skaitytaknyga.lt\/?s={search_term_string}"},"query-input":{"@type":"PropertyValueSpecification","valueRequired":true,"valueName":"search_term_string"}}],"inLanguage":"en-GB"},{"@type":"Organization","@id":"https:\/\/skaitytaknyga.lt\/#organization","name":"skaitytaknyga.lt","url":"https:\/\/skaitytaknyga.lt\/","logo":{"@type":"ImageObject","inLanguage":"en-GB","@id":"https:\/\/skaitytaknyga.lt\/#\/schema\/logo\/image\/","url":"https:\/\/skaitytaknyga.lt\/wp-content\/uploads\/2024\/05\/cropped-cropped-cropped-02_00843_jt3bggkj1j3HLc7SyY6rEUpg.jpeg","contentUrl":"https:\/\/skaitytaknyga.lt\/wp-content\/uploads\/2024\/05\/cropped-cropped-cropped-02_00843_jt3bggkj1j3HLc7SyY6rEUpg.jpeg","width":1600,"height":1600,"caption":"skaitytaknyga.lt"},"image":{"@id":"https:\/\/skaitytaknyga.lt\/#\/schema\/logo\/image\/"},"sameAs":["https:\/\/www.facebook.com\/skaitytaknyga\/"]}]}},"_links":{"self":[{"href":"https:\/\/skaitytaknyga.lt\/en\/wp-json\/wp\/v2\/product\/19012","targetHints":{"allow":["GET"]}}],"collection":[{"href":"https:\/\/skaitytaknyga.lt\/en\/wp-json\/wp\/v2\/product"}],"about":[{"href":"https:\/\/skaitytaknyga.lt\/en\/wp-json\/wp\/v2\/types\/product"}],"replies":[{"embeddable":true,"href":"https:\/\/skaitytaknyga.lt\/en\/wp-json\/wp\/v2\/comments?post=19012"}],"wp:featuredmedia":[{"embeddable":true,"href":"https:\/\/skaitytaknyga.lt\/en\/wp-json\/wp\/v2\/media\/19013"}],"wp:attachment":[{"href":"https:\/\/skaitytaknyga.lt\/en\/wp-json\/wp\/v2\/media?parent=19012"}],"wp:term":[{"taxonomy":"product_brand","embeddable":true,"href":"https:\/\/skaitytaknyga.lt\/en\/wp-json\/wp\/v2\/product_brand?post=19012"},{"taxonomy":"product_cat","embeddable":true,"href":"https:\/\/skaitytaknyga.lt\/en\/wp-json\/wp\/v2\/product_cat?post=19012"},{"taxonomy":"product_tag","embeddable":true,"href":"https:\/\/skaitytaknyga.lt\/en\/wp-json\/wp\/v2\/product_tag?post=19012"}],"curies":[{"name":"wp","href":"https:\/\/api.w.org\/{rel}","templated":true}]}}