{"id":18996,"date":"2025-06-15T20:52:06","date_gmt":"2025-06-15T17:52:06","guid":{"rendered":"https:\/\/skaitytaknyga.lt\/?post_type=product&#038;p=18996"},"modified":"2025-06-26T15:06:11","modified_gmt":"2025-06-26T12:06:11","slug":"vaiku-kambarys","status":"publish","type":"product","link":"https:\/\/skaitytaknyga.lt\/en\/produktas\/vaiku-kambarys\/","title":{"rendered":"Vaik\u0173 kambarys"},"content":{"rendered":"<p>Saulel\u0117 leid\u017eias.<br \/>\nTakelis \u017evilga.<br \/>\nNamai namu\u010diai<br \/>\nNors ir po smilga.<\/p>\n<p>\u0160i knyga \u2013 tai nedidukai pasakos namai, pro kuri\u0173 spalvot\u0105 langel\u012f gali steb\u0117ti, kaip met\u0173 laikai veja vienas kit\u0105 ir prie\u0161 akis pama\u017eu mainosi stebuklingi paveikslai&#8230; Pavasar\u012f galveles nedr\u0105siai kelia \u017eibut\u0117s, o vasar\u0105 l\u0117l\u0117s parke lai\u017eo ledus. Atv\u0117sus rudens teta \u012fsupa miest\u0105 p\u016bkine skara, o \u0160altis ima ir smulkiais sidabriniais dygsniukais i\u0161siuvin\u0117ja visas Vilniaus senamies\u010dio kerteles&#8230; Tad u\u017esukite visi norintys pasisve\u010diuoti \u2013 pasakos nam\u0173 durys pla\u010diai atvertos.<\/p>\n<p>\u010cia j\u016bs\u0173 laukia gra\u017eiausi Violetos Pal\u010dinskait\u0117s eil\u0117ra\u0161\u010diai ir jaukios dailinink\u0117s Sigut\u0117s Ach iliustracijos.<\/p>\n","protected":false},"excerpt":{"rendered":"<p>Saulel\u0117 leid\u017eias. Takelis \u017evilga. Namai namu\u010diai Nors ir po smilga. \u0160i knyga \u2013 tai nedidukai pasakos namai, pro kuri\u0173 spalvot\u0105 langel\u012f gali steb\u0117ti, kaip met\u0173 laikai veja vienas kit\u0105 ir prie\u0161 akis pama\u017eu mainosi stebuklingi paveikslai&#8230; Pavasar\u012f galveles nedr\u0105siai kelia \u017eibut\u0117s, o vasar\u0105 l\u0117l\u0117s parke lai\u017eo ledus. Atv\u0117sus rudens teta \u012fsupa miest\u0105 p\u016bkine skara, o \u0160altis ima ir smulkiais sidabriniais dygsniukais i\u0161siuvin\u0117ja visas Vilniaus senamies\u010dio kerteles&#8230; Tad u\u017esukite visi norintys pasisve\u010diuoti \u2013 pasakos nam\u0173 durys pla\u010diai atvertos. \u010cia j\u016bs\u0173 laukia gra\u017eiausi Violetos Pal\u010dinskait\u0117s eil\u0117ra\u0161\u010diai ir jaukios dailinink\u0117s Sigut\u0117s Ach iliustracijos.<\/p>\n","protected":false},"featured_media":19011,"comment_status":"open","ping_status":"closed","template":"","meta":{"_acf_changed":false,"site-sidebar-layout":"default","site-content-layout":"","ast-site-content-layout":"default","site-content-style":"default","site-sidebar-style":"default","ast-global-header-display":"","ast-banner-title-visibility":"","ast-main-header-display":"","ast-hfb-above-header-display":"","ast-hfb-below-header-display":"","ast-hfb-mobile-header-display":"","site-post-title":"","ast-breadcrumbs-content":"","ast-featured-img":"","footer-sml-layout":"","ast-disable-related-posts":"","theme-transparent-header-meta":"","adv-header-id-meta":"","stick-header-meta":"","header-above-stick-meta":"","header-main-stick-meta":"","header-below-stick-meta":"","astra-migrate-meta-layouts":"default","ast-page-background-enabled":"default","ast-page-background-meta":{"desktop":{"background-color":"","background-image":"","background-repeat":"repeat","background-position":"center center","background-size":"auto","background-attachment":"scroll","background-type":"","background-media":"","overlay-type":"","overlay-color":"","overlay-opacity":"","overlay-gradient":""},"tablet":{"background-color":"","background-image":"","background-repeat":"repeat","background-position":"center center","background-size":"auto","background-attachment":"scroll","background-type":"","background-media":"","overlay-type":"","overlay-color":"","overlay-opacity":"","overlay-gradient":""},"mobile":{"background-color":"","background-image":"","background-repeat":"repeat","background-position":"center center","background-size":"auto","background-attachment":"scroll","background-type":"","background-media":"","overlay-type":"","overlay-color":"","overlay-opacity":"","overlay-gradient":""}},"ast-content-background-meta":{"desktop":{"background-color":"var(--ast-global-color-4)","background-image":"","background-repeat":"repeat","background-position":"center center","background-size":"auto","background-attachment":"scroll","background-type":"","background-media":"","overlay-type":"","overlay-color":"","overlay-opacity":"","overlay-gradient":""},"tablet":{"background-color":"var(--ast-global-color-4)","background-image":"","background-repeat":"repeat","background-position":"center center","background-size":"auto","background-attachment":"scroll","background-type":"","background-media":"","overlay-type":"","overlay-color":"","overlay-opacity":"","overlay-gradient":""},"mobile":{"background-color":"var(--ast-global-color-4)","background-image":"","background-repeat":"repeat","background-position":"center center","background-size":"auto","background-attachment":"scroll","background-type":"","background-media":"","overlay-type":"","overlay-color":"","overlay-opacity":"","overlay-gradient":""}}},"product_brand":[],"product_cat":[15],"product_tag":[4371,1982,5519,1785,4867],"class_list":{"0":"post-18996","1":"product","2":"type-product","3":"status-publish","4":"has-post-thumbnail","6":"product_cat-uncategorized","7":"product_tag-eilerasciai","8":"product_tag-iliustracijos","9":"product_tag-metu-laikai","10":"product_tag-vaikams","11":"product_tag-violeta-palcinskaite","12":"desktop-align-left","13":"tablet-align-left","14":"mobile-align-left","16":"first","17":"instock","18":"shipping-taxable","19":"purchasable","20":"product-type-simple"},"acf":[],"yoast_head":"<!-- This site is optimized with the Yoast SEO plugin v27.0 - https:\/\/yoast.com\/product\/yoast-seo-wordpress\/ -->\n<title>Vaik\u0173 kambarys<\/title>\n<meta name=\"description\" content=\"Saulel\u0117 leid\u017eias. Takelis \u017evilga. Namai namu\u010diai Nors ir po smilga. \u0160i knyga \u2013 tai nedidukai pasakos namai, pro kuri\u0173 spalvot\u0105 langel\u012f gali steb\u0117ti, kaip\" \/>\n<meta name=\"robots\" content=\"index, follow, max-snippet:-1, max-image-preview:large, max-video-preview:-1\" \/>\n<link rel=\"canonical\" href=\"https:\/\/skaitytaknyga.lt\/en\/produktas\/vaiku-kambarys\/\" \/>\n<meta property=\"og:locale\" content=\"en_GB\" \/>\n<meta property=\"og:locale:alternate\" content=\"lt_LT\" \/>\n<meta property=\"og:type\" content=\"article\" \/>\n<meta property=\"og:title\" content=\"Vaik\u0173 kambarys\" \/>\n<meta property=\"og:description\" content=\"Saulel\u0117 leid\u017eias. Takelis \u017evilga. Namai namu\u010diai Nors ir po smilga. \u0160i knyga \u2013 tai nedidukai pasakos namai, pro kuri\u0173 spalvot\u0105 langel\u012f gali steb\u0117ti, kaip\" \/>\n<meta property=\"og:url\" content=\"https:\/\/skaitytaknyga.lt\/en\/produktas\/vaiku-kambarys\/\" \/>\n<meta property=\"og:site_name\" content=\"Skaitytaknyga\" \/>\n<meta property=\"article:publisher\" content=\"https:\/\/www.facebook.com\/skaitytaknyga\/\" \/>\n<meta property=\"article:modified_time\" content=\"2025-06-26T12:06:11+00:00\" \/>\n<meta property=\"og:image\" content=\"https:\/\/skaitytaknyga.lt\/wp-content\/uploads\/2025\/06\/Vaiku-kambarys.webp\" \/>\n\t<meta property=\"og:image:width\" content=\"363\" \/>\n\t<meta property=\"og:image:height\" content=\"406\" \/>\n\t<meta property=\"og:image:type\" content=\"image\/webp\" \/>\n<meta name=\"twitter:card\" content=\"summary_large_image\" \/>\n<meta name=\"twitter:label1\" content=\"Estimated reading time\" \/>\n\t<meta name=\"twitter:data1\" content=\"1 minute\" \/>\n<script type=\"application\/ld+json\" class=\"yoast-schema-graph\">{\"@context\":\"https:\/\/schema.org\",\"@graph\":[{\"@type\":\"WebPage\",\"@id\":\"https:\/\/skaitytaknyga.lt\/produktas\/vaiku-kambarys\/\",\"url\":\"https:\/\/skaitytaknyga.lt\/produktas\/vaiku-kambarys\/\",\"name\":\"Vaik\u0173 kambarys\",\"isPartOf\":{\"@id\":\"https:\/\/skaitytaknyga.lt\/#website\"},\"primaryImageOfPage\":{\"@id\":\"https:\/\/skaitytaknyga.lt\/produktas\/vaiku-kambarys\/#primaryimage\"},\"image\":{\"@id\":\"https:\/\/skaitytaknyga.lt\/produktas\/vaiku-kambarys\/#primaryimage\"},\"thumbnailUrl\":\"https:\/\/skaitytaknyga.lt\/wp-content\/uploads\/2025\/06\/Vaiku-kambarys.webp\",\"datePublished\":\"2025-06-15T17:52:06+00:00\",\"dateModified\":\"2025-06-26T12:06:11+00:00\",\"description\":\"Saulel\u0117 leid\u017eias. Takelis \u017evilga. Namai namu\u010diai Nors ir po smilga. \u0160i knyga \u2013 tai nedidukai pasakos namai, pro kuri\u0173 spalvot\u0105 langel\u012f gali steb\u0117ti, kaip\",\"breadcrumb\":{\"@id\":\"https:\/\/skaitytaknyga.lt\/produktas\/vaiku-kambarys\/#breadcrumb\"},\"inLanguage\":\"en-GB\",\"potentialAction\":[{\"@type\":\"ReadAction\",\"target\":[\"https:\/\/skaitytaknyga.lt\/produktas\/vaiku-kambarys\/\"]}]},{\"@type\":\"ImageObject\",\"inLanguage\":\"en-GB\",\"@id\":\"https:\/\/skaitytaknyga.lt\/produktas\/vaiku-kambarys\/#primaryimage\",\"url\":\"https:\/\/skaitytaknyga.lt\/wp-content\/uploads\/2025\/06\/Vaiku-kambarys.webp\",\"contentUrl\":\"https:\/\/skaitytaknyga.lt\/wp-content\/uploads\/2025\/06\/Vaiku-kambarys.webp\",\"width\":363,\"height\":406,\"caption\":\"Vaik\u0173 kambarys\"},{\"@type\":\"BreadcrumbList\",\"@id\":\"https:\/\/skaitytaknyga.lt\/produktas\/vaiku-kambarys\/#breadcrumb\",\"itemListElement\":[{\"@type\":\"ListItem\",\"position\":1,\"name\":\"Home\",\"item\":\"https:\/\/skaitytaknyga.lt\/\"},{\"@type\":\"ListItem\",\"position\":2,\"name\":\"Parduotuv\u0117\",\"item\":\"https:\/\/skaitytaknyga.lt\/knygu-parduotuve\/\"},{\"@type\":\"ListItem\",\"position\":3,\"name\":\"Vaik\u0173 kambarys\"}]},{\"@type\":\"WebSite\",\"@id\":\"https:\/\/skaitytaknyga.lt\/#website\",\"url\":\"https:\/\/skaitytaknyga.lt\/\",\"name\":\"skaitytaknyga.lt\",\"description\":\"Skaitytaknyga.lt \u2013 tai ma\u017eas \u0161eimos verslas, kuris prasid\u0117jo nuo meil\u0117s knygoms ir siekio i\u0161gelb\u0117ti knygas nuo likimo prie konteinerio. Kas vienam nereikalingas daiktas \u2013 kitam lobis, o mes esame tarpininkai, kurie padeda abiems tapti laimingesniems ???? \u017dinome kaip nelengva i\u0161gyventi ma\u017eiems verslams, tad nuo \u0161iol, \u010dia rasite ir kit\u0173, ma\u017e\u0173 \u0161eim\u0173 versl\u0173, rank\u0173 darbo, dovan\u0173 sau ir artimiesiems.\",\"publisher\":{\"@id\":\"https:\/\/skaitytaknyga.lt\/#organization\"},\"potentialAction\":[{\"@type\":\"SearchAction\",\"target\":{\"@type\":\"EntryPoint\",\"urlTemplate\":\"https:\/\/skaitytaknyga.lt\/?s={search_term_string}\"},\"query-input\":{\"@type\":\"PropertyValueSpecification\",\"valueRequired\":true,\"valueName\":\"search_term_string\"}}],\"inLanguage\":\"en-GB\"},{\"@type\":\"Organization\",\"@id\":\"https:\/\/skaitytaknyga.lt\/#organization\",\"name\":\"skaitytaknyga.lt\",\"url\":\"https:\/\/skaitytaknyga.lt\/\",\"logo\":{\"@type\":\"ImageObject\",\"inLanguage\":\"en-GB\",\"@id\":\"https:\/\/skaitytaknyga.lt\/#\/schema\/logo\/image\/\",\"url\":\"https:\/\/skaitytaknyga.lt\/wp-content\/uploads\/2024\/05\/cropped-cropped-cropped-02_00843_jt3bggkj1j3HLc7SyY6rEUpg.jpeg\",\"contentUrl\":\"https:\/\/skaitytaknyga.lt\/wp-content\/uploads\/2024\/05\/cropped-cropped-cropped-02_00843_jt3bggkj1j3HLc7SyY6rEUpg.jpeg\",\"width\":1600,\"height\":1600,\"caption\":\"skaitytaknyga.lt\"},\"image\":{\"@id\":\"https:\/\/skaitytaknyga.lt\/#\/schema\/logo\/image\/\"},\"sameAs\":[\"https:\/\/www.facebook.com\/skaitytaknyga\/\"]}]}<\/script>\n<!-- \/ Yoast SEO plugin. -->","yoast_head_json":{"title":"Vaik\u0173 kambarys","description":"Saulel\u0117 leid\u017eias. Takelis \u017evilga. Namai namu\u010diai Nors ir po smilga. \u0160i knyga \u2013 tai nedidukai pasakos namai, pro kuri\u0173 spalvot\u0105 langel\u012f gali steb\u0117ti, kaip","robots":{"index":"index","follow":"follow","max-snippet":"max-snippet:-1","max-image-preview":"max-image-preview:large","max-video-preview":"max-video-preview:-1"},"canonical":"https:\/\/skaitytaknyga.lt\/en\/produktas\/vaiku-kambarys\/","og_locale":"en_GB","og_type":"article","og_title":"[:lt]Vaik\u0173 kambarys[:] - Skaitytaknyga","og_description":"Saulel\u0117 leid\u017eias. Takelis \u017evilga. Namai namu\u010diai Nors ir po smilga. \u0160i knyga \u2013 tai nedidukai pasakos namai, pro kuri\u0173 spalvot\u0105 langel\u012f gali steb\u0117ti, kaip","og_url":"https:\/\/skaitytaknyga.lt\/en\/produktas\/vaiku-kambarys\/","og_site_name":"Skaitytaknyga","article_publisher":"https:\/\/www.facebook.com\/skaitytaknyga\/","article_modified_time":"2025-06-26T12:06:11+00:00","og_image":[{"width":363,"height":406,"url":"https:\/\/skaitytaknyga.lt\/wp-content\/uploads\/2025\/06\/Vaiku-kambarys.webp","type":"image\/webp"}],"twitter_card":"summary_large_image","twitter_misc":{"Estimated reading time":"1 minute"},"schema":{"@context":"https:\/\/schema.org","@graph":[{"@type":"WebPage","@id":"https:\/\/skaitytaknyga.lt\/produktas\/vaiku-kambarys\/","url":"https:\/\/skaitytaknyga.lt\/produktas\/vaiku-kambarys\/","name":"Vaik\u0173 kambarys","isPartOf":{"@id":"https:\/\/skaitytaknyga.lt\/#website"},"primaryImageOfPage":{"@id":"https:\/\/skaitytaknyga.lt\/produktas\/vaiku-kambarys\/#primaryimage"},"image":{"@id":"https:\/\/skaitytaknyga.lt\/produktas\/vaiku-kambarys\/#primaryimage"},"thumbnailUrl":"https:\/\/skaitytaknyga.lt\/wp-content\/uploads\/2025\/06\/Vaiku-kambarys.webp","datePublished":"2025-06-15T17:52:06+00:00","dateModified":"2025-06-26T12:06:11+00:00","description":"Saulel\u0117 leid\u017eias. Takelis \u017evilga. Namai namu\u010diai Nors ir po smilga. \u0160i knyga \u2013 tai nedidukai pasakos namai, pro kuri\u0173 spalvot\u0105 langel\u012f gali steb\u0117ti, kaip","breadcrumb":{"@id":"https:\/\/skaitytaknyga.lt\/produktas\/vaiku-kambarys\/#breadcrumb"},"inLanguage":"en-GB","potentialAction":[{"@type":"ReadAction","target":["https:\/\/skaitytaknyga.lt\/produktas\/vaiku-kambarys\/"]}]},{"@type":"ImageObject","inLanguage":"en-GB","@id":"https:\/\/skaitytaknyga.lt\/produktas\/vaiku-kambarys\/#primaryimage","url":"https:\/\/skaitytaknyga.lt\/wp-content\/uploads\/2025\/06\/Vaiku-kambarys.webp","contentUrl":"https:\/\/skaitytaknyga.lt\/wp-content\/uploads\/2025\/06\/Vaiku-kambarys.webp","width":363,"height":406,"caption":"Vaik\u0173 kambarys"},{"@type":"BreadcrumbList","@id":"https:\/\/skaitytaknyga.lt\/produktas\/vaiku-kambarys\/#breadcrumb","itemListElement":[{"@type":"ListItem","position":1,"name":"Home","item":"https:\/\/skaitytaknyga.lt\/"},{"@type":"ListItem","position":2,"name":"Parduotuv\u0117","item":"https:\/\/skaitytaknyga.lt\/knygu-parduotuve\/"},{"@type":"ListItem","position":3,"name":"Vaik\u0173 kambarys"}]},{"@type":"WebSite","@id":"https:\/\/skaitytaknyga.lt\/#website","url":"https:\/\/skaitytaknyga.lt\/","name":"skaitytaknyga.lt","description":"Skaitytaknyga.lt \u2013 tai ma\u017eas \u0161eimos verslas, kuris prasid\u0117jo nuo meil\u0117s knygoms ir siekio i\u0161gelb\u0117ti knygas nuo likimo prie konteinerio. Kas vienam nereikalingas daiktas \u2013 kitam lobis, o mes esame tarpininkai, kurie padeda abiems tapti laimingesniems ???? \u017dinome kaip nelengva i\u0161gyventi ma\u017eiems verslams, tad nuo \u0161iol, \u010dia rasite ir kit\u0173, ma\u017e\u0173 \u0161eim\u0173 versl\u0173, rank\u0173 darbo, dovan\u0173 sau ir artimiesiems.","publisher":{"@id":"https:\/\/skaitytaknyga.lt\/#organization"},"potentialAction":[{"@type":"SearchAction","target":{"@type":"EntryPoint","urlTemplate":"https:\/\/skaitytaknyga.lt\/?s={search_term_string}"},"query-input":{"@type":"PropertyValueSpecification","valueRequired":true,"valueName":"search_term_string"}}],"inLanguage":"en-GB"},{"@type":"Organization","@id":"https:\/\/skaitytaknyga.lt\/#organization","name":"skaitytaknyga.lt","url":"https:\/\/skaitytaknyga.lt\/","logo":{"@type":"ImageObject","inLanguage":"en-GB","@id":"https:\/\/skaitytaknyga.lt\/#\/schema\/logo\/image\/","url":"https:\/\/skaitytaknyga.lt\/wp-content\/uploads\/2024\/05\/cropped-cropped-cropped-02_00843_jt3bggkj1j3HLc7SyY6rEUpg.jpeg","contentUrl":"https:\/\/skaitytaknyga.lt\/wp-content\/uploads\/2024\/05\/cropped-cropped-cropped-02_00843_jt3bggkj1j3HLc7SyY6rEUpg.jpeg","width":1600,"height":1600,"caption":"skaitytaknyga.lt"},"image":{"@id":"https:\/\/skaitytaknyga.lt\/#\/schema\/logo\/image\/"},"sameAs":["https:\/\/www.facebook.com\/skaitytaknyga\/"]}]}},"_links":{"self":[{"href":"https:\/\/skaitytaknyga.lt\/en\/wp-json\/wp\/v2\/product\/18996","targetHints":{"allow":["GET"]}}],"collection":[{"href":"https:\/\/skaitytaknyga.lt\/en\/wp-json\/wp\/v2\/product"}],"about":[{"href":"https:\/\/skaitytaknyga.lt\/en\/wp-json\/wp\/v2\/types\/product"}],"replies":[{"embeddable":true,"href":"https:\/\/skaitytaknyga.lt\/en\/wp-json\/wp\/v2\/comments?post=18996"}],"wp:featuredmedia":[{"embeddable":true,"href":"https:\/\/skaitytaknyga.lt\/en\/wp-json\/wp\/v2\/media\/19011"}],"wp:attachment":[{"href":"https:\/\/skaitytaknyga.lt\/en\/wp-json\/wp\/v2\/media?parent=18996"}],"wp:term":[{"taxonomy":"product_brand","embeddable":true,"href":"https:\/\/skaitytaknyga.lt\/en\/wp-json\/wp\/v2\/product_brand?post=18996"},{"taxonomy":"product_cat","embeddable":true,"href":"https:\/\/skaitytaknyga.lt\/en\/wp-json\/wp\/v2\/product_cat?post=18996"},{"taxonomy":"product_tag","embeddable":true,"href":"https:\/\/skaitytaknyga.lt\/en\/wp-json\/wp\/v2\/product_tag?post=18996"}],"curies":[{"name":"wp","href":"https:\/\/api.w.org\/{rel}","templated":true}]}}