{"id":18995,"date":"2025-06-15T20:52:05","date_gmt":"2025-06-15T17:52:05","guid":{"rendered":"https:\/\/skaitytaknyga.lt\/?post_type=product&#038;p=18995"},"modified":"2025-07-03T13:13:52","modified_gmt":"2025-07-03T10:13:52","slug":"as-nenoriu-buti-princese","status":"publish","type":"product","link":"https:\/\/skaitytaknyga.lt\/en\/produktas\/as-nenoriu-buti-princese\/","title":{"rendered":"A\u0161 nenoriu b\u016bti princes\u0117"},"content":{"rendered":"<p>\u0160maik\u0161tus ir pamokantis pasakojimas apie tai, kad i\u0161mintis svarbesn\u0117 u\u017e gro\u017e\u012f ir visada verta b\u016bti savimi!<\/p>\n<p>Ir kas pamanyt\u0173, kad tokia miela mergait\u0117 gali b\u016bti \u0161itoks gr\u0117smingas slibinas! To nesitik\u0117jo nei jos mama, nei t\u0117tis, nei senel\u0117, nors senelis visad tur\u0117jo \u0161ioki\u0173 toki\u0173 \u012ftarim\u0173. Ry\u017etingoji Marija gimtuosiuose namuose sukels nema\u017e\u0105 sumai\u0161t\u012f.<\/p>\n<p>Grzegorz Kasdepke \u2013 vienas skaitomiausi\u0173 \u0161i\u0173 dien\u0173 lenk\u0173 ra\u0161ytoj\u0173. Jis yra para\u0161\u0119s daugiau nei 40 knyg\u0173, i\u0161 kuri\u0173 beveik visos tapo bestseleriais. Autorius teigiamai vertinamas ne tik skaitytoj\u0173, bet ir literat\u016bros kritik\u0173, yra peln\u0119s ne vien\u0105 presti\u017ein\u012f apdovanojim\u0105, o kai kurie jo darbai Lenkijoje \u012ftraukti \u012f rekomenduojamos literat\u016bros s\u0105ra\u0161\u0105.<\/p>\n","protected":false},"excerpt":{"rendered":"<p>\u0160maik\u0161tus ir pamokantis pasakojimas apie tai, kad i\u0161mintis svarbesn\u0117 u\u017e gro\u017e\u012f ir visada verta b\u016bti savimi! Ir kas pamanyt\u0173, kad tokia miela mergait\u0117 gali b\u016bti \u0161itoks gr\u0117smingas slibinas! To nesitik\u0117jo nei jos mama, nei t\u0117tis, nei senel\u0117, nors senelis visad tur\u0117jo \u0161ioki\u0173 toki\u0173 \u012ftarim\u0173. Ry\u017etingoji Marija gimtuosiuose namuose sukels nema\u017e\u0105 sumai\u0161t\u012f. Grzegorz Kasdepke \u2013 vienas skaitomiausi\u0173 \u0161i\u0173 dien\u0173 lenk\u0173 ra\u0161ytoj\u0173. Jis yra para\u0161\u0119s daugiau nei 40 knyg\u0173, i\u0161 kuri\u0173 beveik visos tapo bestseleriais. Autorius teigiamai vertinamas ne tik skaitytoj\u0173, bet ir literat\u016bros kritik\u0173, yra peln\u0119s ne vien\u0105 presti\u017ein\u012f apdovanojim\u0105, o kai kurie jo darbai Lenkijoje \u012ftraukti \u012f rekomenduojamos literat\u016bros s\u0105ra\u0161\u0105.<\/p>\n","protected":false},"featured_media":19009,"comment_status":"open","ping_status":"closed","template":"","meta":{"_acf_changed":false,"site-sidebar-layout":"default","site-content-layout":"","ast-site-content-layout":"default","site-content-style":"default","site-sidebar-style":"default","ast-global-header-display":"","ast-banner-title-visibility":"","ast-main-header-display":"","ast-hfb-above-header-display":"","ast-hfb-below-header-display":"","ast-hfb-mobile-header-display":"","site-post-title":"","ast-breadcrumbs-content":"","ast-featured-img":"","footer-sml-layout":"","ast-disable-related-posts":"","theme-transparent-header-meta":"","adv-header-id-meta":"","stick-header-meta":"","header-above-stick-meta":"","header-main-stick-meta":"","header-below-stick-meta":"","astra-migrate-meta-layouts":"default","ast-page-background-enabled":"default","ast-page-background-meta":{"desktop":{"background-color":"","background-image":"","background-repeat":"repeat","background-position":"center center","background-size":"auto","background-attachment":"scroll","background-type":"","background-media":"","overlay-type":"","overlay-color":"","overlay-opacity":"","overlay-gradient":""},"tablet":{"background-color":"","background-image":"","background-repeat":"repeat","background-position":"center center","background-size":"auto","background-attachment":"scroll","background-type":"","background-media":"","overlay-type":"","overlay-color":"","overlay-opacity":"","overlay-gradient":""},"mobile":{"background-color":"","background-image":"","background-repeat":"repeat","background-position":"center center","background-size":"auto","background-attachment":"scroll","background-type":"","background-media":"","overlay-type":"","overlay-color":"","overlay-opacity":"","overlay-gradient":""}},"ast-content-background-meta":{"desktop":{"background-color":"var(--ast-global-color-4)","background-image":"","background-repeat":"repeat","background-position":"center center","background-size":"auto","background-attachment":"scroll","background-type":"","background-media":"","overlay-type":"","overlay-color":"","overlay-opacity":"","overlay-gradient":""},"tablet":{"background-color":"var(--ast-global-color-4)","background-image":"","background-repeat":"repeat","background-position":"center center","background-size":"auto","background-attachment":"scroll","background-type":"","background-media":"","overlay-type":"","overlay-color":"","overlay-opacity":"","overlay-gradient":""},"mobile":{"background-color":"var(--ast-global-color-4)","background-image":"","background-repeat":"repeat","background-position":"center center","background-size":"auto","background-attachment":"scroll","background-type":"","background-media":"","overlay-type":"","overlay-color":"","overlay-opacity":"","overlay-gradient":""}}},"product_brand":[],"product_cat":[15],"product_tag":[5516,2826,2902,5518,5517],"class_list":{"0":"post-18995","1":"product","2":"type-product","3":"status-publish","4":"has-post-thumbnail","6":"product_cat-uncategorized","7":"product_tag-grzegorz-kasdepke","8":"product_tag-ismintis","9":"product_tag-lenku-literatura","10":"product_tag-mergaite","11":"product_tag-pasakojimas","12":"desktop-align-left","13":"tablet-align-left","14":"mobile-align-left","16":"first","17":"outofstock","18":"shipping-taxable","19":"purchasable","20":"product-type-simple"},"acf":[],"yoast_head":"<!-- This site is optimized with the Yoast SEO plugin v27.0 - https:\/\/yoast.com\/product\/yoast-seo-wordpress\/ -->\n<title>A\u0161 nenoriu b\u016bti princes\u0117<\/title>\n<meta name=\"description\" content=\"\u0160maik\u0161tus ir pamokantis pasakojimas apie tai, kad i\u0161mintis svarbesn\u0117 u\u017e gro\u017e\u012f ir visada verta b\u016bti savimi! Ir kas pamanyt\u0173, kad tokia miela mergait\u0117 gali\" \/>\n<meta name=\"robots\" content=\"index, follow, max-snippet:-1, max-image-preview:large, max-video-preview:-1\" \/>\n<link rel=\"canonical\" href=\"https:\/\/skaitytaknyga.lt\/en\/produktas\/as-nenoriu-buti-princese\/\" \/>\n<meta property=\"og:locale\" content=\"en_GB\" \/>\n<meta property=\"og:locale:alternate\" content=\"lt_LT\" \/>\n<meta property=\"og:type\" content=\"article\" \/>\n<meta property=\"og:title\" content=\"A\u0161 nenoriu b\u016bti princes\u0117\" \/>\n<meta property=\"og:description\" content=\"\u0160maik\u0161tus ir pamokantis pasakojimas apie tai, kad i\u0161mintis svarbesn\u0117 u\u017e gro\u017e\u012f ir visada verta b\u016bti savimi! Ir kas pamanyt\u0173, kad tokia miela mergait\u0117 gali\" \/>\n<meta property=\"og:url\" content=\"https:\/\/skaitytaknyga.lt\/en\/produktas\/as-nenoriu-buti-princese\/\" \/>\n<meta property=\"og:site_name\" content=\"Skaitytaknyga\" \/>\n<meta property=\"article:publisher\" content=\"https:\/\/www.facebook.com\/skaitytaknyga\/\" \/>\n<meta property=\"article:modified_time\" content=\"2025-07-03T10:13:52+00:00\" \/>\n<meta property=\"og:image\" content=\"https:\/\/skaitytaknyga.lt\/wp-content\/uploads\/2025\/06\/As-nenoriu-buti-princese.webp\" \/>\n\t<meta property=\"og:image:width\" content=\"285\" \/>\n\t<meta property=\"og:image:height\" content=\"381\" \/>\n\t<meta property=\"og:image:type\" content=\"image\/webp\" \/>\n<meta name=\"twitter:card\" content=\"summary_large_image\" \/>\n<meta name=\"twitter:label1\" content=\"Estimated reading time\" \/>\n\t<meta name=\"twitter:data1\" content=\"1 minute\" \/>\n<script type=\"application\/ld+json\" class=\"yoast-schema-graph\">{\"@context\":\"https:\/\/schema.org\",\"@graph\":[{\"@type\":\"WebPage\",\"@id\":\"https:\/\/skaitytaknyga.lt\/produktas\/as-nenoriu-buti-princese\/\",\"url\":\"https:\/\/skaitytaknyga.lt\/produktas\/as-nenoriu-buti-princese\/\",\"name\":\"A\u0161 nenoriu b\u016bti princes\u0117\",\"isPartOf\":{\"@id\":\"https:\/\/skaitytaknyga.lt\/#website\"},\"primaryImageOfPage\":{\"@id\":\"https:\/\/skaitytaknyga.lt\/produktas\/as-nenoriu-buti-princese\/#primaryimage\"},\"image\":{\"@id\":\"https:\/\/skaitytaknyga.lt\/produktas\/as-nenoriu-buti-princese\/#primaryimage\"},\"thumbnailUrl\":\"https:\/\/skaitytaknyga.lt\/wp-content\/uploads\/2025\/06\/As-nenoriu-buti-princese.webp\",\"datePublished\":\"2025-06-15T17:52:05+00:00\",\"dateModified\":\"2025-07-03T10:13:52+00:00\",\"description\":\"\u0160maik\u0161tus ir pamokantis pasakojimas apie tai, kad i\u0161mintis svarbesn\u0117 u\u017e gro\u017e\u012f ir visada verta b\u016bti savimi! Ir kas pamanyt\u0173, kad tokia miela mergait\u0117 gali\",\"breadcrumb\":{\"@id\":\"https:\/\/skaitytaknyga.lt\/produktas\/as-nenoriu-buti-princese\/#breadcrumb\"},\"inLanguage\":\"en-GB\",\"potentialAction\":[{\"@type\":\"ReadAction\",\"target\":[\"https:\/\/skaitytaknyga.lt\/produktas\/as-nenoriu-buti-princese\/\"]}]},{\"@type\":\"ImageObject\",\"inLanguage\":\"en-GB\",\"@id\":\"https:\/\/skaitytaknyga.lt\/produktas\/as-nenoriu-buti-princese\/#primaryimage\",\"url\":\"https:\/\/skaitytaknyga.lt\/wp-content\/uploads\/2025\/06\/As-nenoriu-buti-princese.webp\",\"contentUrl\":\"https:\/\/skaitytaknyga.lt\/wp-content\/uploads\/2025\/06\/As-nenoriu-buti-princese.webp\",\"width\":285,\"height\":381,\"caption\":\"A\u0161 nenoriu b\u016bti princes\u0117\"},{\"@type\":\"BreadcrumbList\",\"@id\":\"https:\/\/skaitytaknyga.lt\/produktas\/as-nenoriu-buti-princese\/#breadcrumb\",\"itemListElement\":[{\"@type\":\"ListItem\",\"position\":1,\"name\":\"Home\",\"item\":\"https:\/\/skaitytaknyga.lt\/\"},{\"@type\":\"ListItem\",\"position\":2,\"name\":\"Parduotuv\u0117\",\"item\":\"https:\/\/skaitytaknyga.lt\/knygu-parduotuve\/\"},{\"@type\":\"ListItem\",\"position\":3,\"name\":\"A\u0161 nenoriu b\u016bti princes\u0117\"}]},{\"@type\":\"WebSite\",\"@id\":\"https:\/\/skaitytaknyga.lt\/#website\",\"url\":\"https:\/\/skaitytaknyga.lt\/\",\"name\":\"skaitytaknyga.lt\",\"description\":\"Skaitytaknyga.lt \u2013 tai ma\u017eas \u0161eimos verslas, kuris prasid\u0117jo nuo meil\u0117s knygoms ir siekio i\u0161gelb\u0117ti knygas nuo likimo prie konteinerio. Kas vienam nereikalingas daiktas \u2013 kitam lobis, o mes esame tarpininkai, kurie padeda abiems tapti laimingesniems ???? \u017dinome kaip nelengva i\u0161gyventi ma\u017eiems verslams, tad nuo \u0161iol, \u010dia rasite ir kit\u0173, ma\u017e\u0173 \u0161eim\u0173 versl\u0173, rank\u0173 darbo, dovan\u0173 sau ir artimiesiems.\",\"publisher\":{\"@id\":\"https:\/\/skaitytaknyga.lt\/#organization\"},\"potentialAction\":[{\"@type\":\"SearchAction\",\"target\":{\"@type\":\"EntryPoint\",\"urlTemplate\":\"https:\/\/skaitytaknyga.lt\/?s={search_term_string}\"},\"query-input\":{\"@type\":\"PropertyValueSpecification\",\"valueRequired\":true,\"valueName\":\"search_term_string\"}}],\"inLanguage\":\"en-GB\"},{\"@type\":\"Organization\",\"@id\":\"https:\/\/skaitytaknyga.lt\/#organization\",\"name\":\"skaitytaknyga.lt\",\"url\":\"https:\/\/skaitytaknyga.lt\/\",\"logo\":{\"@type\":\"ImageObject\",\"inLanguage\":\"en-GB\",\"@id\":\"https:\/\/skaitytaknyga.lt\/#\/schema\/logo\/image\/\",\"url\":\"https:\/\/skaitytaknyga.lt\/wp-content\/uploads\/2024\/05\/cropped-cropped-cropped-02_00843_jt3bggkj1j3HLc7SyY6rEUpg.jpeg\",\"contentUrl\":\"https:\/\/skaitytaknyga.lt\/wp-content\/uploads\/2024\/05\/cropped-cropped-cropped-02_00843_jt3bggkj1j3HLc7SyY6rEUpg.jpeg\",\"width\":1600,\"height\":1600,\"caption\":\"skaitytaknyga.lt\"},\"image\":{\"@id\":\"https:\/\/skaitytaknyga.lt\/#\/schema\/logo\/image\/\"},\"sameAs\":[\"https:\/\/www.facebook.com\/skaitytaknyga\/\"]}]}<\/script>\n<!-- \/ Yoast SEO plugin. -->","yoast_head_json":{"title":"A\u0161 nenoriu b\u016bti princes\u0117","description":"\u0160maik\u0161tus ir pamokantis pasakojimas apie tai, kad i\u0161mintis svarbesn\u0117 u\u017e gro\u017e\u012f ir visada verta b\u016bti savimi! Ir kas pamanyt\u0173, kad tokia miela mergait\u0117 gali","robots":{"index":"index","follow":"follow","max-snippet":"max-snippet:-1","max-image-preview":"max-image-preview:large","max-video-preview":"max-video-preview:-1"},"canonical":"https:\/\/skaitytaknyga.lt\/en\/produktas\/as-nenoriu-buti-princese\/","og_locale":"en_GB","og_type":"article","og_title":"[:lt]A\u0161 nenoriu b\u016bti princes\u0117[:] - Skaitytaknyga","og_description":"\u0160maik\u0161tus ir pamokantis pasakojimas apie tai, kad i\u0161mintis svarbesn\u0117 u\u017e gro\u017e\u012f ir visada verta b\u016bti savimi! Ir kas pamanyt\u0173, kad tokia miela mergait\u0117 gali","og_url":"https:\/\/skaitytaknyga.lt\/en\/produktas\/as-nenoriu-buti-princese\/","og_site_name":"Skaitytaknyga","article_publisher":"https:\/\/www.facebook.com\/skaitytaknyga\/","article_modified_time":"2025-07-03T10:13:52+00:00","og_image":[{"width":285,"height":381,"url":"https:\/\/skaitytaknyga.lt\/wp-content\/uploads\/2025\/06\/As-nenoriu-buti-princese.webp","type":"image\/webp"}],"twitter_card":"summary_large_image","twitter_misc":{"Estimated reading time":"1 minute"},"schema":{"@context":"https:\/\/schema.org","@graph":[{"@type":"WebPage","@id":"https:\/\/skaitytaknyga.lt\/produktas\/as-nenoriu-buti-princese\/","url":"https:\/\/skaitytaknyga.lt\/produktas\/as-nenoriu-buti-princese\/","name":"A\u0161 nenoriu b\u016bti princes\u0117","isPartOf":{"@id":"https:\/\/skaitytaknyga.lt\/#website"},"primaryImageOfPage":{"@id":"https:\/\/skaitytaknyga.lt\/produktas\/as-nenoriu-buti-princese\/#primaryimage"},"image":{"@id":"https:\/\/skaitytaknyga.lt\/produktas\/as-nenoriu-buti-princese\/#primaryimage"},"thumbnailUrl":"https:\/\/skaitytaknyga.lt\/wp-content\/uploads\/2025\/06\/As-nenoriu-buti-princese.webp","datePublished":"2025-06-15T17:52:05+00:00","dateModified":"2025-07-03T10:13:52+00:00","description":"\u0160maik\u0161tus ir pamokantis pasakojimas apie tai, kad i\u0161mintis svarbesn\u0117 u\u017e gro\u017e\u012f ir visada verta b\u016bti savimi! Ir kas pamanyt\u0173, kad tokia miela mergait\u0117 gali","breadcrumb":{"@id":"https:\/\/skaitytaknyga.lt\/produktas\/as-nenoriu-buti-princese\/#breadcrumb"},"inLanguage":"en-GB","potentialAction":[{"@type":"ReadAction","target":["https:\/\/skaitytaknyga.lt\/produktas\/as-nenoriu-buti-princese\/"]}]},{"@type":"ImageObject","inLanguage":"en-GB","@id":"https:\/\/skaitytaknyga.lt\/produktas\/as-nenoriu-buti-princese\/#primaryimage","url":"https:\/\/skaitytaknyga.lt\/wp-content\/uploads\/2025\/06\/As-nenoriu-buti-princese.webp","contentUrl":"https:\/\/skaitytaknyga.lt\/wp-content\/uploads\/2025\/06\/As-nenoriu-buti-princese.webp","width":285,"height":381,"caption":"A\u0161 nenoriu b\u016bti princes\u0117"},{"@type":"BreadcrumbList","@id":"https:\/\/skaitytaknyga.lt\/produktas\/as-nenoriu-buti-princese\/#breadcrumb","itemListElement":[{"@type":"ListItem","position":1,"name":"Home","item":"https:\/\/skaitytaknyga.lt\/"},{"@type":"ListItem","position":2,"name":"Parduotuv\u0117","item":"https:\/\/skaitytaknyga.lt\/knygu-parduotuve\/"},{"@type":"ListItem","position":3,"name":"A\u0161 nenoriu b\u016bti princes\u0117"}]},{"@type":"WebSite","@id":"https:\/\/skaitytaknyga.lt\/#website","url":"https:\/\/skaitytaknyga.lt\/","name":"skaitytaknyga.lt","description":"Skaitytaknyga.lt \u2013 tai ma\u017eas \u0161eimos verslas, kuris prasid\u0117jo nuo meil\u0117s knygoms ir siekio i\u0161gelb\u0117ti knygas nuo likimo prie konteinerio. Kas vienam nereikalingas daiktas \u2013 kitam lobis, o mes esame tarpininkai, kurie padeda abiems tapti laimingesniems ???? \u017dinome kaip nelengva i\u0161gyventi ma\u017eiems verslams, tad nuo \u0161iol, \u010dia rasite ir kit\u0173, ma\u017e\u0173 \u0161eim\u0173 versl\u0173, rank\u0173 darbo, dovan\u0173 sau ir artimiesiems.","publisher":{"@id":"https:\/\/skaitytaknyga.lt\/#organization"},"potentialAction":[{"@type":"SearchAction","target":{"@type":"EntryPoint","urlTemplate":"https:\/\/skaitytaknyga.lt\/?s={search_term_string}"},"query-input":{"@type":"PropertyValueSpecification","valueRequired":true,"valueName":"search_term_string"}}],"inLanguage":"en-GB"},{"@type":"Organization","@id":"https:\/\/skaitytaknyga.lt\/#organization","name":"skaitytaknyga.lt","url":"https:\/\/skaitytaknyga.lt\/","logo":{"@type":"ImageObject","inLanguage":"en-GB","@id":"https:\/\/skaitytaknyga.lt\/#\/schema\/logo\/image\/","url":"https:\/\/skaitytaknyga.lt\/wp-content\/uploads\/2024\/05\/cropped-cropped-cropped-02_00843_jt3bggkj1j3HLc7SyY6rEUpg.jpeg","contentUrl":"https:\/\/skaitytaknyga.lt\/wp-content\/uploads\/2024\/05\/cropped-cropped-cropped-02_00843_jt3bggkj1j3HLc7SyY6rEUpg.jpeg","width":1600,"height":1600,"caption":"skaitytaknyga.lt"},"image":{"@id":"https:\/\/skaitytaknyga.lt\/#\/schema\/logo\/image\/"},"sameAs":["https:\/\/www.facebook.com\/skaitytaknyga\/"]}]}},"_links":{"self":[{"href":"https:\/\/skaitytaknyga.lt\/en\/wp-json\/wp\/v2\/product\/18995","targetHints":{"allow":["GET"]}}],"collection":[{"href":"https:\/\/skaitytaknyga.lt\/en\/wp-json\/wp\/v2\/product"}],"about":[{"href":"https:\/\/skaitytaknyga.lt\/en\/wp-json\/wp\/v2\/types\/product"}],"replies":[{"embeddable":true,"href":"https:\/\/skaitytaknyga.lt\/en\/wp-json\/wp\/v2\/comments?post=18995"}],"wp:featuredmedia":[{"embeddable":true,"href":"https:\/\/skaitytaknyga.lt\/en\/wp-json\/wp\/v2\/media\/19009"}],"wp:attachment":[{"href":"https:\/\/skaitytaknyga.lt\/en\/wp-json\/wp\/v2\/media?parent=18995"}],"wp:term":[{"taxonomy":"product_brand","embeddable":true,"href":"https:\/\/skaitytaknyga.lt\/en\/wp-json\/wp\/v2\/product_brand?post=18995"},{"taxonomy":"product_cat","embeddable":true,"href":"https:\/\/skaitytaknyga.lt\/en\/wp-json\/wp\/v2\/product_cat?post=18995"},{"taxonomy":"product_tag","embeddable":true,"href":"https:\/\/skaitytaknyga.lt\/en\/wp-json\/wp\/v2\/product_tag?post=18995"}],"curies":[{"name":"wp","href":"https:\/\/api.w.org\/{rel}","templated":true}]}}