{"id":18994,"date":"2025-06-15T20:52:05","date_gmt":"2025-06-15T17:52:05","guid":{"rendered":"https:\/\/skaitytaknyga.lt\/?post_type=product&#038;p=18994"},"modified":"2025-06-26T15:06:11","modified_gmt":"2025-06-26T12:06:11","slug":"melagiu-pilis","status":"publish","type":"product","link":"https:\/\/skaitytaknyga.lt\/en\/produktas\/melagiu-pilis\/","title":{"rendered":"Melagi\u0173 pilis"},"content":{"rendered":"<p>Tai istorija apie ma\u017e\u0105 berniuk\u0105 Din\u0105, kuris nuolatos visiems meluodavo. Vien\u0105 dien\u0105 per tuos melus Dinas pakli\u016bva \u012f didel\u0119 b\u0117d\u0105 \u2013 keistuolio ve\u017e\u0117jo \u012ftikintas s\u0117da \u012f jo kariet\u0105 ir nuva\u017eiuoja<\/p>\n<p>tiesiai&#8230; \u012f Melagi\u0173 pil\u012f. Ten Dinas patiria, kaip nesaldu pa\u010diam b\u016bti apgaudin\u0117jamam ir kaip sunku i\u0161tr\u016bkti i\u0161 melo pinkli\u0173.<\/p>\n<p>\u0160ioje spalvingoje knygel\u0117je ma\u017eieji skaitytojai ne tik patirs daugyb\u0119 nuostabi\u0173 nuotyki\u0173, bet ir i\u0161moks svarbi\u0105 pamok\u0105 \u2013 jei meluosi, tik \u012f b\u0117d\u0105 pakli\u016bsi!<\/p>\n","protected":false},"excerpt":{"rendered":"<p>Tai istorija apie ma\u017e\u0105 berniuk\u0105 Din\u0105, kuris nuolatos visiems meluodavo. Vien\u0105 dien\u0105 per tuos melus Dinas pakli\u016bva \u012f didel\u0119 b\u0117d\u0105 \u2013 keistuolio ve\u017e\u0117jo \u012ftikintas s\u0117da \u012f jo kariet\u0105 ir nuva\u017eiuoja tiesiai&#8230; \u012f Melagi\u0173 pil\u012f. Ten Dinas patiria, kaip nesaldu pa\u010diam b\u016bti apgaudin\u0117jamam ir kaip sunku i\u0161tr\u016bkti i\u0161 melo pinkli\u0173. \u0160ioje spalvingoje knygel\u0117je ma\u017eieji skaitytojai ne tik patirs daugyb\u0119 nuostabi\u0173 nuotyki\u0173, bet ir i\u0161moks svarbi\u0105 pamok\u0105 \u2013 jei meluosi, tik \u012f b\u0117d\u0105 pakli\u016bsi!<\/p>\n","protected":false},"featured_media":19010,"comment_status":"open","ping_status":"closed","template":"","meta":{"_acf_changed":false,"site-sidebar-layout":"default","site-content-layout":"","ast-site-content-layout":"default","site-content-style":"default","site-sidebar-style":"default","ast-global-header-display":"","ast-banner-title-visibility":"","ast-main-header-display":"","ast-hfb-above-header-display":"","ast-hfb-below-header-display":"","ast-hfb-mobile-header-display":"","site-post-title":"","ast-breadcrumbs-content":"","ast-featured-img":"","footer-sml-layout":"","ast-disable-related-posts":"","theme-transparent-header-meta":"","adv-header-id-meta":"","stick-header-meta":"","header-above-stick-meta":"","header-main-stick-meta":"","header-below-stick-meta":"","astra-migrate-meta-layouts":"default","ast-page-background-enabled":"default","ast-page-background-meta":{"desktop":{"background-color":"","background-image":"","background-repeat":"repeat","background-position":"center center","background-size":"auto","background-attachment":"scroll","background-type":"","background-media":"","overlay-type":"","overlay-color":"","overlay-opacity":"","overlay-gradient":""},"tablet":{"background-color":"","background-image":"","background-repeat":"repeat","background-position":"center center","background-size":"auto","background-attachment":"scroll","background-type":"","background-media":"","overlay-type":"","overlay-color":"","overlay-opacity":"","overlay-gradient":""},"mobile":{"background-color":"","background-image":"","background-repeat":"repeat","background-position":"center center","background-size":"auto","background-attachment":"scroll","background-type":"","background-media":"","overlay-type":"","overlay-color":"","overlay-opacity":"","overlay-gradient":""}},"ast-content-background-meta":{"desktop":{"background-color":"var(--ast-global-color-4)","background-image":"","background-repeat":"repeat","background-position":"center center","background-size":"auto","background-attachment":"scroll","background-type":"","background-media":"","overlay-type":"","overlay-color":"","overlay-opacity":"","overlay-gradient":""},"tablet":{"background-color":"var(--ast-global-color-4)","background-image":"","background-repeat":"repeat","background-position":"center center","background-size":"auto","background-attachment":"scroll","background-type":"","background-media":"","overlay-type":"","overlay-color":"","overlay-opacity":"","overlay-gradient":""},"mobile":{"background-color":"var(--ast-global-color-4)","background-image":"","background-repeat":"repeat","background-position":"center center","background-size":"auto","background-attachment":"scroll","background-type":"","background-media":"","overlay-type":"","overlay-color":"","overlay-opacity":"","overlay-gradient":""}}},"product_brand":[],"product_cat":[15],"product_tag":[5514,1451,5515,1785,5513],"class_list":{"0":"post-18994","1":"product","2":"type-product","3":"status-publish","4":"has-post-thumbnail","6":"product_cat-uncategorized","7":"product_tag-melas","8":"product_tag-nuotykiai","9":"product_tag-pamoka","10":"product_tag-vaikams","11":"product_tag-vytaute-zilinskaite","12":"desktop-align-left","13":"tablet-align-left","14":"mobile-align-left","16":"first","17":"instock","18":"shipping-taxable","19":"purchasable","20":"product-type-simple"},"acf":[],"yoast_head":"<!-- This site is optimized with the Yoast SEO plugin v27.0 - https:\/\/yoast.com\/product\/yoast-seo-wordpress\/ -->\n<title>Melagi\u0173 pilis<\/title>\n<meta name=\"description\" content=\"Tai istorija apie ma\u017e\u0105 berniuk\u0105 Din\u0105, kuris nuolatos visiems meluodavo. Vien\u0105 dien\u0105 per tuos melus Dinas pakli\u016bva \u012f didel\u0119 b\u0117d\u0105 \u2013 keistuolio ve\u017e\u0117jo\" \/>\n<meta name=\"robots\" content=\"index, follow, max-snippet:-1, max-image-preview:large, max-video-preview:-1\" \/>\n<link rel=\"canonical\" href=\"https:\/\/skaitytaknyga.lt\/en\/produktas\/melagiu-pilis\/\" \/>\n<meta property=\"og:locale\" content=\"en_GB\" \/>\n<meta property=\"og:locale:alternate\" content=\"lt_LT\" \/>\n<meta property=\"og:type\" content=\"article\" \/>\n<meta property=\"og:title\" content=\"Melagi\u0173 pilis\" \/>\n<meta property=\"og:description\" content=\"Tai istorija apie ma\u017e\u0105 berniuk\u0105 Din\u0105, kuris nuolatos visiems meluodavo. Vien\u0105 dien\u0105 per tuos melus Dinas pakli\u016bva \u012f didel\u0119 b\u0117d\u0105 \u2013 keistuolio ve\u017e\u0117jo\" \/>\n<meta property=\"og:url\" content=\"https:\/\/skaitytaknyga.lt\/en\/produktas\/melagiu-pilis\/\" \/>\n<meta property=\"og:site_name\" content=\"Skaitytaknyga\" \/>\n<meta property=\"article:publisher\" content=\"https:\/\/www.facebook.com\/skaitytaknyga\/\" \/>\n<meta property=\"article:modified_time\" content=\"2025-06-26T12:06:11+00:00\" \/>\n<meta property=\"og:image\" content=\"https:\/\/skaitytaknyga.lt\/wp-content\/uploads\/2025\/06\/Melagiu-pilis.webp\" \/>\n\t<meta property=\"og:image:width\" content=\"437\" \/>\n\t<meta property=\"og:image:height\" content=\"600\" \/>\n\t<meta property=\"og:image:type\" content=\"image\/webp\" \/>\n<meta name=\"twitter:card\" content=\"summary_large_image\" \/>\n<script type=\"application\/ld+json\" class=\"yoast-schema-graph\">{\"@context\":\"https:\/\/schema.org\",\"@graph\":[{\"@type\":\"WebPage\",\"@id\":\"https:\/\/skaitytaknyga.lt\/produktas\/melagiu-pilis\/\",\"url\":\"https:\/\/skaitytaknyga.lt\/produktas\/melagiu-pilis\/\",\"name\":\"Melagi\u0173 pilis\",\"isPartOf\":{\"@id\":\"https:\/\/skaitytaknyga.lt\/#website\"},\"primaryImageOfPage\":{\"@id\":\"https:\/\/skaitytaknyga.lt\/produktas\/melagiu-pilis\/#primaryimage\"},\"image\":{\"@id\":\"https:\/\/skaitytaknyga.lt\/produktas\/melagiu-pilis\/#primaryimage\"},\"thumbnailUrl\":\"https:\/\/skaitytaknyga.lt\/wp-content\/uploads\/2025\/06\/Melagiu-pilis.webp\",\"datePublished\":\"2025-06-15T17:52:05+00:00\",\"dateModified\":\"2025-06-26T12:06:11+00:00\",\"description\":\"Tai istorija apie ma\u017e\u0105 berniuk\u0105 Din\u0105, kuris nuolatos visiems meluodavo. Vien\u0105 dien\u0105 per tuos melus Dinas pakli\u016bva \u012f didel\u0119 b\u0117d\u0105 \u2013 keistuolio ve\u017e\u0117jo\",\"breadcrumb\":{\"@id\":\"https:\/\/skaitytaknyga.lt\/produktas\/melagiu-pilis\/#breadcrumb\"},\"inLanguage\":\"en-GB\",\"potentialAction\":[{\"@type\":\"ReadAction\",\"target\":[\"https:\/\/skaitytaknyga.lt\/produktas\/melagiu-pilis\/\"]}]},{\"@type\":\"ImageObject\",\"inLanguage\":\"en-GB\",\"@id\":\"https:\/\/skaitytaknyga.lt\/produktas\/melagiu-pilis\/#primaryimage\",\"url\":\"https:\/\/skaitytaknyga.lt\/wp-content\/uploads\/2025\/06\/Melagiu-pilis.webp\",\"contentUrl\":\"https:\/\/skaitytaknyga.lt\/wp-content\/uploads\/2025\/06\/Melagiu-pilis.webp\",\"width\":437,\"height\":600,\"caption\":\"Melagi\u0173 pilis\"},{\"@type\":\"BreadcrumbList\",\"@id\":\"https:\/\/skaitytaknyga.lt\/produktas\/melagiu-pilis\/#breadcrumb\",\"itemListElement\":[{\"@type\":\"ListItem\",\"position\":1,\"name\":\"Home\",\"item\":\"https:\/\/skaitytaknyga.lt\/\"},{\"@type\":\"ListItem\",\"position\":2,\"name\":\"Parduotuv\u0117\",\"item\":\"https:\/\/skaitytaknyga.lt\/knygu-parduotuve\/\"},{\"@type\":\"ListItem\",\"position\":3,\"name\":\"Melagi\u0173 pilis\"}]},{\"@type\":\"WebSite\",\"@id\":\"https:\/\/skaitytaknyga.lt\/#website\",\"url\":\"https:\/\/skaitytaknyga.lt\/\",\"name\":\"skaitytaknyga.lt\",\"description\":\"Skaitytaknyga.lt \u2013 tai ma\u017eas \u0161eimos verslas, kuris prasid\u0117jo nuo meil\u0117s knygoms ir siekio i\u0161gelb\u0117ti knygas nuo likimo prie konteinerio. Kas vienam nereikalingas daiktas \u2013 kitam lobis, o mes esame tarpininkai, kurie padeda abiems tapti laimingesniems ???? \u017dinome kaip nelengva i\u0161gyventi ma\u017eiems verslams, tad nuo \u0161iol, \u010dia rasite ir kit\u0173, ma\u017e\u0173 \u0161eim\u0173 versl\u0173, rank\u0173 darbo, dovan\u0173 sau ir artimiesiems.\",\"publisher\":{\"@id\":\"https:\/\/skaitytaknyga.lt\/#organization\"},\"potentialAction\":[{\"@type\":\"SearchAction\",\"target\":{\"@type\":\"EntryPoint\",\"urlTemplate\":\"https:\/\/skaitytaknyga.lt\/?s={search_term_string}\"},\"query-input\":{\"@type\":\"PropertyValueSpecification\",\"valueRequired\":true,\"valueName\":\"search_term_string\"}}],\"inLanguage\":\"en-GB\"},{\"@type\":\"Organization\",\"@id\":\"https:\/\/skaitytaknyga.lt\/#organization\",\"name\":\"skaitytaknyga.lt\",\"url\":\"https:\/\/skaitytaknyga.lt\/\",\"logo\":{\"@type\":\"ImageObject\",\"inLanguage\":\"en-GB\",\"@id\":\"https:\/\/skaitytaknyga.lt\/#\/schema\/logo\/image\/\",\"url\":\"https:\/\/skaitytaknyga.lt\/wp-content\/uploads\/2024\/05\/cropped-cropped-cropped-02_00843_jt3bggkj1j3HLc7SyY6rEUpg.jpeg\",\"contentUrl\":\"https:\/\/skaitytaknyga.lt\/wp-content\/uploads\/2024\/05\/cropped-cropped-cropped-02_00843_jt3bggkj1j3HLc7SyY6rEUpg.jpeg\",\"width\":1600,\"height\":1600,\"caption\":\"skaitytaknyga.lt\"},\"image\":{\"@id\":\"https:\/\/skaitytaknyga.lt\/#\/schema\/logo\/image\/\"},\"sameAs\":[\"https:\/\/www.facebook.com\/skaitytaknyga\/\"]}]}<\/script>\n<!-- \/ Yoast SEO plugin. -->","yoast_head_json":{"title":"Melagi\u0173 pilis","description":"Tai istorija apie ma\u017e\u0105 berniuk\u0105 Din\u0105, kuris nuolatos visiems meluodavo. Vien\u0105 dien\u0105 per tuos melus Dinas pakli\u016bva \u012f didel\u0119 b\u0117d\u0105 \u2013 keistuolio ve\u017e\u0117jo","robots":{"index":"index","follow":"follow","max-snippet":"max-snippet:-1","max-image-preview":"max-image-preview:large","max-video-preview":"max-video-preview:-1"},"canonical":"https:\/\/skaitytaknyga.lt\/en\/produktas\/melagiu-pilis\/","og_locale":"en_GB","og_type":"article","og_title":"[:lt]Melagi\u0173 pilis[:] - Skaitytaknyga","og_description":"Tai istorija apie ma\u017e\u0105 berniuk\u0105 Din\u0105, kuris nuolatos visiems meluodavo. Vien\u0105 dien\u0105 per tuos melus Dinas pakli\u016bva \u012f didel\u0119 b\u0117d\u0105 \u2013 keistuolio ve\u017e\u0117jo","og_url":"https:\/\/skaitytaknyga.lt\/en\/produktas\/melagiu-pilis\/","og_site_name":"Skaitytaknyga","article_publisher":"https:\/\/www.facebook.com\/skaitytaknyga\/","article_modified_time":"2025-06-26T12:06:11+00:00","og_image":[{"width":437,"height":600,"url":"https:\/\/skaitytaknyga.lt\/wp-content\/uploads\/2025\/06\/Melagiu-pilis.webp","type":"image\/webp"}],"twitter_card":"summary_large_image","schema":{"@context":"https:\/\/schema.org","@graph":[{"@type":"WebPage","@id":"https:\/\/skaitytaknyga.lt\/produktas\/melagiu-pilis\/","url":"https:\/\/skaitytaknyga.lt\/produktas\/melagiu-pilis\/","name":"Melagi\u0173 pilis","isPartOf":{"@id":"https:\/\/skaitytaknyga.lt\/#website"},"primaryImageOfPage":{"@id":"https:\/\/skaitytaknyga.lt\/produktas\/melagiu-pilis\/#primaryimage"},"image":{"@id":"https:\/\/skaitytaknyga.lt\/produktas\/melagiu-pilis\/#primaryimage"},"thumbnailUrl":"https:\/\/skaitytaknyga.lt\/wp-content\/uploads\/2025\/06\/Melagiu-pilis.webp","datePublished":"2025-06-15T17:52:05+00:00","dateModified":"2025-06-26T12:06:11+00:00","description":"Tai istorija apie ma\u017e\u0105 berniuk\u0105 Din\u0105, kuris nuolatos visiems meluodavo. Vien\u0105 dien\u0105 per tuos melus Dinas pakli\u016bva \u012f didel\u0119 b\u0117d\u0105 \u2013 keistuolio ve\u017e\u0117jo","breadcrumb":{"@id":"https:\/\/skaitytaknyga.lt\/produktas\/melagiu-pilis\/#breadcrumb"},"inLanguage":"en-GB","potentialAction":[{"@type":"ReadAction","target":["https:\/\/skaitytaknyga.lt\/produktas\/melagiu-pilis\/"]}]},{"@type":"ImageObject","inLanguage":"en-GB","@id":"https:\/\/skaitytaknyga.lt\/produktas\/melagiu-pilis\/#primaryimage","url":"https:\/\/skaitytaknyga.lt\/wp-content\/uploads\/2025\/06\/Melagiu-pilis.webp","contentUrl":"https:\/\/skaitytaknyga.lt\/wp-content\/uploads\/2025\/06\/Melagiu-pilis.webp","width":437,"height":600,"caption":"Melagi\u0173 pilis"},{"@type":"BreadcrumbList","@id":"https:\/\/skaitytaknyga.lt\/produktas\/melagiu-pilis\/#breadcrumb","itemListElement":[{"@type":"ListItem","position":1,"name":"Home","item":"https:\/\/skaitytaknyga.lt\/"},{"@type":"ListItem","position":2,"name":"Parduotuv\u0117","item":"https:\/\/skaitytaknyga.lt\/knygu-parduotuve\/"},{"@type":"ListItem","position":3,"name":"Melagi\u0173 pilis"}]},{"@type":"WebSite","@id":"https:\/\/skaitytaknyga.lt\/#website","url":"https:\/\/skaitytaknyga.lt\/","name":"skaitytaknyga.lt","description":"Skaitytaknyga.lt \u2013 tai ma\u017eas \u0161eimos verslas, kuris prasid\u0117jo nuo meil\u0117s knygoms ir siekio i\u0161gelb\u0117ti knygas nuo likimo prie konteinerio. Kas vienam nereikalingas daiktas \u2013 kitam lobis, o mes esame tarpininkai, kurie padeda abiems tapti laimingesniems ???? \u017dinome kaip nelengva i\u0161gyventi ma\u017eiems verslams, tad nuo \u0161iol, \u010dia rasite ir kit\u0173, ma\u017e\u0173 \u0161eim\u0173 versl\u0173, rank\u0173 darbo, dovan\u0173 sau ir artimiesiems.","publisher":{"@id":"https:\/\/skaitytaknyga.lt\/#organization"},"potentialAction":[{"@type":"SearchAction","target":{"@type":"EntryPoint","urlTemplate":"https:\/\/skaitytaknyga.lt\/?s={search_term_string}"},"query-input":{"@type":"PropertyValueSpecification","valueRequired":true,"valueName":"search_term_string"}}],"inLanguage":"en-GB"},{"@type":"Organization","@id":"https:\/\/skaitytaknyga.lt\/#organization","name":"skaitytaknyga.lt","url":"https:\/\/skaitytaknyga.lt\/","logo":{"@type":"ImageObject","inLanguage":"en-GB","@id":"https:\/\/skaitytaknyga.lt\/#\/schema\/logo\/image\/","url":"https:\/\/skaitytaknyga.lt\/wp-content\/uploads\/2024\/05\/cropped-cropped-cropped-02_00843_jt3bggkj1j3HLc7SyY6rEUpg.jpeg","contentUrl":"https:\/\/skaitytaknyga.lt\/wp-content\/uploads\/2024\/05\/cropped-cropped-cropped-02_00843_jt3bggkj1j3HLc7SyY6rEUpg.jpeg","width":1600,"height":1600,"caption":"skaitytaknyga.lt"},"image":{"@id":"https:\/\/skaitytaknyga.lt\/#\/schema\/logo\/image\/"},"sameAs":["https:\/\/www.facebook.com\/skaitytaknyga\/"]}]}},"_links":{"self":[{"href":"https:\/\/skaitytaknyga.lt\/en\/wp-json\/wp\/v2\/product\/18994","targetHints":{"allow":["GET"]}}],"collection":[{"href":"https:\/\/skaitytaknyga.lt\/en\/wp-json\/wp\/v2\/product"}],"about":[{"href":"https:\/\/skaitytaknyga.lt\/en\/wp-json\/wp\/v2\/types\/product"}],"replies":[{"embeddable":true,"href":"https:\/\/skaitytaknyga.lt\/en\/wp-json\/wp\/v2\/comments?post=18994"}],"wp:featuredmedia":[{"embeddable":true,"href":"https:\/\/skaitytaknyga.lt\/en\/wp-json\/wp\/v2\/media\/19010"}],"wp:attachment":[{"href":"https:\/\/skaitytaknyga.lt\/en\/wp-json\/wp\/v2\/media?parent=18994"}],"wp:term":[{"taxonomy":"product_brand","embeddable":true,"href":"https:\/\/skaitytaknyga.lt\/en\/wp-json\/wp\/v2\/product_brand?post=18994"},{"taxonomy":"product_cat","embeddable":true,"href":"https:\/\/skaitytaknyga.lt\/en\/wp-json\/wp\/v2\/product_cat?post=18994"},{"taxonomy":"product_tag","embeddable":true,"href":"https:\/\/skaitytaknyga.lt\/en\/wp-json\/wp\/v2\/product_tag?post=18994"}],"curies":[{"name":"wp","href":"https:\/\/api.w.org\/{rel}","templated":true}]}}