{"id":18993,"date":"2025-06-15T20:52:05","date_gmt":"2025-06-15T17:52:05","guid":{"rendered":"https:\/\/skaitytaknyga.lt\/?post_type=product&#038;p=18993"},"modified":"2025-09-28T12:33:30","modified_gmt":"2025-09-28T09:33:30","slug":"nerealios-atostogos","status":"publish","type":"product","link":"https:\/\/skaitytaknyga.lt\/en\/produktas\/nerealios-atostogos\/","title":{"rendered":"Nerealios atostogos"},"content":{"rendered":"<p>Aist\u0117s Ptakausk\u0117s romanas \u201eNerealios atostogos\u201c, para\u0161ytas vaizdinga ir tikrovi\u0161ka jaunimo kalba, skirtas vidutinio ir vyresniojo am\u017eiaus paaugliams.<\/p>\n<p>Keturios merginos savaitgal\u012f i\u0161vyksta \u012f paj\u016br\u012f. Kiekviename kilometre jaun\u0173j\u0173 avanti\u016bris\u010di\u0173 tyko ne\u012ftik\u0117tini netik\u0117tumai \u2013 pusiau apleisti prekybos centrai, pusiau pami\u0161usios tetos, pusiau su\u017ev\u0117r\u0117j\u0119 \u201egatviniai\u201c, pusiau su\u017emog\u0117j\u0119 \u017eal\u010diai ir visi\u0161kai su\u012f\u017e\u016bl\u0117j\u0119 vaikinai. Bet juk gyvenime, kaip ir gerame romane, n\u0117ra nieko atsitiktinio. Kiekvienas nuotykis merginoms atveria k\u0105 nors naujo apie jas pa\u010dias, ir pa\u0161\u0117lusi kelion\u0117 prie j\u016bros neju\u010dia tampa keliu \u012f tikr\u0105 draugyst\u0119!<\/p>\n","protected":false},"excerpt":{"rendered":"<p>Aist\u0117s Ptakausk\u0117s romanas \u201eNerealios atostogos\u201c, para\u0161ytas vaizdinga ir tikrovi\u0161ka jaunimo kalba, skirtas vidutinio ir vyresniojo am\u017eiaus paaugliams. Keturios merginos savaitgal\u012f i\u0161vyksta \u012f paj\u016br\u012f. Kiekviename kilometre jaun\u0173j\u0173 avanti\u016bris\u010di\u0173 tyko ne\u012ftik\u0117tini netik\u0117tumai \u2013 pusiau apleisti prekybos centrai, pusiau pami\u0161usios tetos, pusiau su\u017ev\u0117r\u0117j\u0119 \u201egatviniai\u201c, pusiau su\u017emog\u0117j\u0119 \u017eal\u010diai ir visi\u0161kai su\u012f\u017e\u016bl\u0117j\u0119 vaikinai. Bet juk gyvenime, kaip ir gerame romane, n\u0117ra nieko atsitiktinio. Kiekvienas nuotykis merginoms atveria k\u0105 nors naujo apie jas pa\u010dias, ir pa\u0161\u0117lusi kelion\u0117 prie j\u016bros neju\u010dia tampa keliu \u012f tikr\u0105 draugyst\u0119!<\/p>\n","protected":false},"featured_media":18998,"comment_status":"open","ping_status":"closed","template":"","meta":{"_acf_changed":false,"site-sidebar-layout":"default","site-content-layout":"","ast-site-content-layout":"default","site-content-style":"default","site-sidebar-style":"default","ast-global-header-display":"","ast-banner-title-visibility":"","ast-main-header-display":"","ast-hfb-above-header-display":"","ast-hfb-below-header-display":"","ast-hfb-mobile-header-display":"","site-post-title":"","ast-breadcrumbs-content":"","ast-featured-img":"","footer-sml-layout":"","ast-disable-related-posts":"","theme-transparent-header-meta":"","adv-header-id-meta":"","stick-header-meta":"","header-above-stick-meta":"","header-main-stick-meta":"","header-below-stick-meta":"","astra-migrate-meta-layouts":"default","ast-page-background-enabled":"default","ast-page-background-meta":{"desktop":{"background-color":"","background-image":"","background-repeat":"repeat","background-position":"center center","background-size":"auto","background-attachment":"scroll","background-type":"","background-media":"","overlay-type":"","overlay-color":"","overlay-opacity":"","overlay-gradient":""},"tablet":{"background-color":"","background-image":"","background-repeat":"repeat","background-position":"center center","background-size":"auto","background-attachment":"scroll","background-type":"","background-media":"","overlay-type":"","overlay-color":"","overlay-opacity":"","overlay-gradient":""},"mobile":{"background-color":"","background-image":"","background-repeat":"repeat","background-position":"center center","background-size":"auto","background-attachment":"scroll","background-type":"","background-media":"","overlay-type":"","overlay-color":"","overlay-opacity":"","overlay-gradient":""}},"ast-content-background-meta":{"desktop":{"background-color":"var(--ast-global-color-4)","background-image":"","background-repeat":"repeat","background-position":"center center","background-size":"auto","background-attachment":"scroll","background-type":"","background-media":"","overlay-type":"","overlay-color":"","overlay-opacity":"","overlay-gradient":""},"tablet":{"background-color":"var(--ast-global-color-4)","background-image":"","background-repeat":"repeat","background-position":"center center","background-size":"auto","background-attachment":"scroll","background-type":"","background-media":"","overlay-type":"","overlay-color":"","overlay-opacity":"","overlay-gradient":""},"mobile":{"background-color":"var(--ast-global-color-4)","background-image":"","background-repeat":"repeat","background-position":"center center","background-size":"auto","background-attachment":"scroll","background-type":"","background-media":"","overlay-type":"","overlay-color":"","overlay-opacity":"","overlay-gradient":""}}},"product_brand":[],"product_cat":[15],"product_tag":[5511,1647,5512,1796,1451,3614],"class_list":{"0":"post-18993","1":"product","2":"type-product","3":"status-publish","4":"has-post-thumbnail","6":"product_cat-uncategorized","7":"product_tag-aiste-ptakauske","8":"product_tag-draugyste","9":"product_tag-jaunimo-kalba","10":"product_tag-meile","11":"product_tag-nuotykiai","12":"product_tag-paaugliai","13":"desktop-align-left","14":"tablet-align-left","15":"mobile-align-left","17":"first","18":"outofstock","19":"shipping-taxable","20":"purchasable","21":"product-type-simple"},"acf":[],"yoast_head":"<!-- This site is optimized with the Yoast SEO plugin v27.0 - https:\/\/yoast.com\/product\/yoast-seo-wordpress\/ -->\n<title>Nerealios atostogos<\/title>\n<meta name=\"description\" content=\"Aist\u0117s Ptakausk\u0117s romanas \u201eNerealios atostogos\u201c, para\u0161ytas vaizdinga ir tikrovi\u0161ka jaunimo kalba, skirtas vidutinio ir vyresniojo am\u017eiaus paaugliams.\" \/>\n<meta name=\"robots\" content=\"index, follow, max-snippet:-1, max-image-preview:large, max-video-preview:-1\" \/>\n<link rel=\"canonical\" href=\"https:\/\/skaitytaknyga.lt\/en\/produktas\/nerealios-atostogos\/\" \/>\n<meta property=\"og:locale\" content=\"en_GB\" \/>\n<meta property=\"og:locale:alternate\" content=\"lt_LT\" \/>\n<meta property=\"og:type\" content=\"article\" \/>\n<meta property=\"og:title\" content=\"Nerealios atostogos\" \/>\n<meta property=\"og:description\" content=\"Aist\u0117s Ptakausk\u0117s romanas \u201eNerealios atostogos\u201c, para\u0161ytas vaizdinga ir tikrovi\u0161ka jaunimo kalba, skirtas vidutinio ir vyresniojo am\u017eiaus paaugliams.\" \/>\n<meta property=\"og:url\" content=\"https:\/\/skaitytaknyga.lt\/en\/produktas\/nerealios-atostogos\/\" \/>\n<meta property=\"og:site_name\" content=\"Skaitytaknyga\" \/>\n<meta property=\"article:publisher\" content=\"https:\/\/www.facebook.com\/skaitytaknyga\/\" \/>\n<meta property=\"article:modified_time\" content=\"2025-09-28T09:33:30+00:00\" \/>\n<meta property=\"og:image\" content=\"https:\/\/skaitytaknyga.lt\/wp-content\/uploads\/2025\/06\/Nerealios-atostogos.webp\" \/>\n\t<meta property=\"og:image:width\" content=\"318\" \/>\n\t<meta property=\"og:image:height\" content=\"471\" \/>\n\t<meta property=\"og:image:type\" content=\"image\/webp\" \/>\n<meta name=\"twitter:card\" content=\"summary_large_image\" \/>\n<meta name=\"twitter:label1\" content=\"Estimated reading time\" \/>\n\t<meta name=\"twitter:data1\" content=\"1 minute\" \/>\n<script type=\"application\/ld+json\" class=\"yoast-schema-graph\">{\"@context\":\"https:\/\/schema.org\",\"@graph\":[{\"@type\":\"WebPage\",\"@id\":\"https:\/\/skaitytaknyga.lt\/produktas\/nerealios-atostogos\/\",\"url\":\"https:\/\/skaitytaknyga.lt\/produktas\/nerealios-atostogos\/\",\"name\":\"Nerealios atostogos\",\"isPartOf\":{\"@id\":\"https:\/\/skaitytaknyga.lt\/#website\"},\"primaryImageOfPage\":{\"@id\":\"https:\/\/skaitytaknyga.lt\/produktas\/nerealios-atostogos\/#primaryimage\"},\"image\":{\"@id\":\"https:\/\/skaitytaknyga.lt\/produktas\/nerealios-atostogos\/#primaryimage\"},\"thumbnailUrl\":\"https:\/\/skaitytaknyga.lt\/wp-content\/uploads\/2025\/06\/Nerealios-atostogos.webp\",\"datePublished\":\"2025-06-15T17:52:05+00:00\",\"dateModified\":\"2025-09-28T09:33:30+00:00\",\"description\":\"Aist\u0117s Ptakausk\u0117s romanas \u201eNerealios atostogos\u201c, para\u0161ytas vaizdinga ir tikrovi\u0161ka jaunimo kalba, skirtas vidutinio ir vyresniojo am\u017eiaus paaugliams.\",\"breadcrumb\":{\"@id\":\"https:\/\/skaitytaknyga.lt\/produktas\/nerealios-atostogos\/#breadcrumb\"},\"inLanguage\":\"en-GB\",\"potentialAction\":[{\"@type\":\"ReadAction\",\"target\":[\"https:\/\/skaitytaknyga.lt\/produktas\/nerealios-atostogos\/\"]}]},{\"@type\":\"ImageObject\",\"inLanguage\":\"en-GB\",\"@id\":\"https:\/\/skaitytaknyga.lt\/produktas\/nerealios-atostogos\/#primaryimage\",\"url\":\"https:\/\/skaitytaknyga.lt\/wp-content\/uploads\/2025\/06\/Nerealios-atostogos.webp\",\"contentUrl\":\"https:\/\/skaitytaknyga.lt\/wp-content\/uploads\/2025\/06\/Nerealios-atostogos.webp\",\"width\":318,\"height\":471},{\"@type\":\"BreadcrumbList\",\"@id\":\"https:\/\/skaitytaknyga.lt\/produktas\/nerealios-atostogos\/#breadcrumb\",\"itemListElement\":[{\"@type\":\"ListItem\",\"position\":1,\"name\":\"Home\",\"item\":\"https:\/\/skaitytaknyga.lt\/\"},{\"@type\":\"ListItem\",\"position\":2,\"name\":\"Parduotuv\u0117\",\"item\":\"https:\/\/skaitytaknyga.lt\/knygu-parduotuve\/\"},{\"@type\":\"ListItem\",\"position\":3,\"name\":\"Nerealios atostogos\"}]},{\"@type\":\"WebSite\",\"@id\":\"https:\/\/skaitytaknyga.lt\/#website\",\"url\":\"https:\/\/skaitytaknyga.lt\/\",\"name\":\"skaitytaknyga.lt\",\"description\":\"Skaitytaknyga.lt \u2013 tai ma\u017eas \u0161eimos verslas, kuris prasid\u0117jo nuo meil\u0117s knygoms ir siekio i\u0161gelb\u0117ti knygas nuo likimo prie konteinerio. Kas vienam nereikalingas daiktas \u2013 kitam lobis, o mes esame tarpininkai, kurie padeda abiems tapti laimingesniems ???? \u017dinome kaip nelengva i\u0161gyventi ma\u017eiems verslams, tad nuo \u0161iol, \u010dia rasite ir kit\u0173, ma\u017e\u0173 \u0161eim\u0173 versl\u0173, rank\u0173 darbo, dovan\u0173 sau ir artimiesiems.\",\"publisher\":{\"@id\":\"https:\/\/skaitytaknyga.lt\/#organization\"},\"potentialAction\":[{\"@type\":\"SearchAction\",\"target\":{\"@type\":\"EntryPoint\",\"urlTemplate\":\"https:\/\/skaitytaknyga.lt\/?s={search_term_string}\"},\"query-input\":{\"@type\":\"PropertyValueSpecification\",\"valueRequired\":true,\"valueName\":\"search_term_string\"}}],\"inLanguage\":\"en-GB\"},{\"@type\":\"Organization\",\"@id\":\"https:\/\/skaitytaknyga.lt\/#organization\",\"name\":\"skaitytaknyga.lt\",\"url\":\"https:\/\/skaitytaknyga.lt\/\",\"logo\":{\"@type\":\"ImageObject\",\"inLanguage\":\"en-GB\",\"@id\":\"https:\/\/skaitytaknyga.lt\/#\/schema\/logo\/image\/\",\"url\":\"https:\/\/skaitytaknyga.lt\/wp-content\/uploads\/2024\/05\/cropped-cropped-cropped-02_00843_jt3bggkj1j3HLc7SyY6rEUpg.jpeg\",\"contentUrl\":\"https:\/\/skaitytaknyga.lt\/wp-content\/uploads\/2024\/05\/cropped-cropped-cropped-02_00843_jt3bggkj1j3HLc7SyY6rEUpg.jpeg\",\"width\":1600,\"height\":1600,\"caption\":\"skaitytaknyga.lt\"},\"image\":{\"@id\":\"https:\/\/skaitytaknyga.lt\/#\/schema\/logo\/image\/\"},\"sameAs\":[\"https:\/\/www.facebook.com\/skaitytaknyga\/\"]}]}<\/script>\n<!-- \/ Yoast SEO plugin. -->","yoast_head_json":{"title":"Nerealios atostogos","description":"Aist\u0117s Ptakausk\u0117s romanas \u201eNerealios atostogos\u201c, para\u0161ytas vaizdinga ir tikrovi\u0161ka jaunimo kalba, skirtas vidutinio ir vyresniojo am\u017eiaus paaugliams.","robots":{"index":"index","follow":"follow","max-snippet":"max-snippet:-1","max-image-preview":"max-image-preview:large","max-video-preview":"max-video-preview:-1"},"canonical":"https:\/\/skaitytaknyga.lt\/en\/produktas\/nerealios-atostogos\/","og_locale":"en_GB","og_type":"article","og_title":"[:lt]Nerealios atostogos[:] - Skaitytaknyga","og_description":"Aist\u0117s Ptakausk\u0117s romanas \u201eNerealios atostogos\u201c, para\u0161ytas vaizdinga ir tikrovi\u0161ka jaunimo kalba, skirtas vidutinio ir vyresniojo am\u017eiaus paaugliams.","og_url":"https:\/\/skaitytaknyga.lt\/en\/produktas\/nerealios-atostogos\/","og_site_name":"Skaitytaknyga","article_publisher":"https:\/\/www.facebook.com\/skaitytaknyga\/","article_modified_time":"2025-09-28T09:33:30+00:00","og_image":[{"width":318,"height":471,"url":"https:\/\/skaitytaknyga.lt\/wp-content\/uploads\/2025\/06\/Nerealios-atostogos.webp","type":"image\/webp"}],"twitter_card":"summary_large_image","twitter_misc":{"Estimated reading time":"1 minute"},"schema":{"@context":"https:\/\/schema.org","@graph":[{"@type":"WebPage","@id":"https:\/\/skaitytaknyga.lt\/produktas\/nerealios-atostogos\/","url":"https:\/\/skaitytaknyga.lt\/produktas\/nerealios-atostogos\/","name":"Nerealios atostogos","isPartOf":{"@id":"https:\/\/skaitytaknyga.lt\/#website"},"primaryImageOfPage":{"@id":"https:\/\/skaitytaknyga.lt\/produktas\/nerealios-atostogos\/#primaryimage"},"image":{"@id":"https:\/\/skaitytaknyga.lt\/produktas\/nerealios-atostogos\/#primaryimage"},"thumbnailUrl":"https:\/\/skaitytaknyga.lt\/wp-content\/uploads\/2025\/06\/Nerealios-atostogos.webp","datePublished":"2025-06-15T17:52:05+00:00","dateModified":"2025-09-28T09:33:30+00:00","description":"Aist\u0117s Ptakausk\u0117s romanas \u201eNerealios atostogos\u201c, para\u0161ytas vaizdinga ir tikrovi\u0161ka jaunimo kalba, skirtas vidutinio ir vyresniojo am\u017eiaus paaugliams.","breadcrumb":{"@id":"https:\/\/skaitytaknyga.lt\/produktas\/nerealios-atostogos\/#breadcrumb"},"inLanguage":"en-GB","potentialAction":[{"@type":"ReadAction","target":["https:\/\/skaitytaknyga.lt\/produktas\/nerealios-atostogos\/"]}]},{"@type":"ImageObject","inLanguage":"en-GB","@id":"https:\/\/skaitytaknyga.lt\/produktas\/nerealios-atostogos\/#primaryimage","url":"https:\/\/skaitytaknyga.lt\/wp-content\/uploads\/2025\/06\/Nerealios-atostogos.webp","contentUrl":"https:\/\/skaitytaknyga.lt\/wp-content\/uploads\/2025\/06\/Nerealios-atostogos.webp","width":318,"height":471},{"@type":"BreadcrumbList","@id":"https:\/\/skaitytaknyga.lt\/produktas\/nerealios-atostogos\/#breadcrumb","itemListElement":[{"@type":"ListItem","position":1,"name":"Home","item":"https:\/\/skaitytaknyga.lt\/"},{"@type":"ListItem","position":2,"name":"Parduotuv\u0117","item":"https:\/\/skaitytaknyga.lt\/knygu-parduotuve\/"},{"@type":"ListItem","position":3,"name":"Nerealios atostogos"}]},{"@type":"WebSite","@id":"https:\/\/skaitytaknyga.lt\/#website","url":"https:\/\/skaitytaknyga.lt\/","name":"skaitytaknyga.lt","description":"Skaitytaknyga.lt \u2013 tai ma\u017eas \u0161eimos verslas, kuris prasid\u0117jo nuo meil\u0117s knygoms ir siekio i\u0161gelb\u0117ti knygas nuo likimo prie konteinerio. Kas vienam nereikalingas daiktas \u2013 kitam lobis, o mes esame tarpininkai, kurie padeda abiems tapti laimingesniems ???? \u017dinome kaip nelengva i\u0161gyventi ma\u017eiems verslams, tad nuo \u0161iol, \u010dia rasite ir kit\u0173, ma\u017e\u0173 \u0161eim\u0173 versl\u0173, rank\u0173 darbo, dovan\u0173 sau ir artimiesiems.","publisher":{"@id":"https:\/\/skaitytaknyga.lt\/#organization"},"potentialAction":[{"@type":"SearchAction","target":{"@type":"EntryPoint","urlTemplate":"https:\/\/skaitytaknyga.lt\/?s={search_term_string}"},"query-input":{"@type":"PropertyValueSpecification","valueRequired":true,"valueName":"search_term_string"}}],"inLanguage":"en-GB"},{"@type":"Organization","@id":"https:\/\/skaitytaknyga.lt\/#organization","name":"skaitytaknyga.lt","url":"https:\/\/skaitytaknyga.lt\/","logo":{"@type":"ImageObject","inLanguage":"en-GB","@id":"https:\/\/skaitytaknyga.lt\/#\/schema\/logo\/image\/","url":"https:\/\/skaitytaknyga.lt\/wp-content\/uploads\/2024\/05\/cropped-cropped-cropped-02_00843_jt3bggkj1j3HLc7SyY6rEUpg.jpeg","contentUrl":"https:\/\/skaitytaknyga.lt\/wp-content\/uploads\/2024\/05\/cropped-cropped-cropped-02_00843_jt3bggkj1j3HLc7SyY6rEUpg.jpeg","width":1600,"height":1600,"caption":"skaitytaknyga.lt"},"image":{"@id":"https:\/\/skaitytaknyga.lt\/#\/schema\/logo\/image\/"},"sameAs":["https:\/\/www.facebook.com\/skaitytaknyga\/"]}]}},"_links":{"self":[{"href":"https:\/\/skaitytaknyga.lt\/en\/wp-json\/wp\/v2\/product\/18993","targetHints":{"allow":["GET"]}}],"collection":[{"href":"https:\/\/skaitytaknyga.lt\/en\/wp-json\/wp\/v2\/product"}],"about":[{"href":"https:\/\/skaitytaknyga.lt\/en\/wp-json\/wp\/v2\/types\/product"}],"replies":[{"embeddable":true,"href":"https:\/\/skaitytaknyga.lt\/en\/wp-json\/wp\/v2\/comments?post=18993"}],"wp:featuredmedia":[{"embeddable":true,"href":"https:\/\/skaitytaknyga.lt\/en\/wp-json\/wp\/v2\/media\/18998"}],"wp:attachment":[{"href":"https:\/\/skaitytaknyga.lt\/en\/wp-json\/wp\/v2\/media?parent=18993"}],"wp:term":[{"taxonomy":"product_brand","embeddable":true,"href":"https:\/\/skaitytaknyga.lt\/en\/wp-json\/wp\/v2\/product_brand?post=18993"},{"taxonomy":"product_cat","embeddable":true,"href":"https:\/\/skaitytaknyga.lt\/en\/wp-json\/wp\/v2\/product_cat?post=18993"},{"taxonomy":"product_tag","embeddable":true,"href":"https:\/\/skaitytaknyga.lt\/en\/wp-json\/wp\/v2\/product_tag?post=18993"}],"curies":[{"name":"wp","href":"https:\/\/api.w.org\/{rel}","templated":true}]}}