{"id":18992,"date":"2025-06-15T20:52:04","date_gmt":"2025-06-15T17:52:04","guid":{"rendered":"https:\/\/skaitytaknyga.lt\/?post_type=product&#038;p=18992"},"modified":"2025-06-26T15:06:04","modified_gmt":"2025-06-26T12:06:04","slug":"nesaugus-zaidimas","status":"publish","type":"product","link":"https:\/\/skaitytaknyga.lt\/en\/produktas\/nesaugus-zaidimas\/","title":{"rendered":"(Ne)saugus \u017eaidimas"},"content":{"rendered":"<p>Ne)saugus \u017eaidimas \u2013 antrasis i\u0161 trij\u0173 roman\u0173 apie pa\u0161\u0117lusias drauges Ain\u0119, Ugn\u0119, Giedr\u0105 ir Ras\u0105. Gelb\u0117dama romanti\u0161kuose planuose bevilti\u0161kai susipainiojusi\u0105 Ugn\u0119, nei\u0161skiriamoji ketveriuk\u0117 susiruo\u0161ia \u012f s\u0105moksli\u0161k\u0105 vie\u0161nag\u0119 paslaptingoje u\u017emies\u010dio sodyboje.<br \/>\nNeju\u010dia s\u0105mokslinink\u0117ms \u0161i sodyba virsta savoti\u0161ka paraleline tikrove, o visa konspiracin\u0117 i\u0161vyka \u2013 i\u0161bandym\u0173 kupinu, nenusp\u0117jamu \u017eaidimu.<br \/>\nKiekvienas \u0161io \u017eaidimo lygis ver\u010dia \u017eengi vis giliau \u012f slap\u010diausias \u0161irdies kertes. \u0160i kelion\u0117 ne visada lengva, da\u017enai skaudi, o kartais netgi pavojinga. U\u017e tai \u012fveikusi\u0173j\u0173 visas kli\u016btis laukia ne\u012fkainuojamas atlygis. Juk d\u0117l meil\u0117s verta visk\u0105 i\u0161k\u0119sti!<br \/>\nRomanui b\u016bdinga meistri\u0161kai sukonstruota siu\u017eeto intriga, nenusp\u0117jami charakteriai ir originalus humoras. Tekstas para\u0161ytas \u0161iuolaiki\u0161ka, savita ir gyva jaunimo kalba, vidinius veik\u0117j\u0173 monologus ir dialogus i\u0161radingai derinant su internetini\u0173 pokalbi\u0173 i\u0161traukomis, mobiliojo telefono \u017einu\u010di\u0173 tekstais.<br \/>\nVisos naujienos apie autor\u0119 ir jos k\u016bryb\u0105 \u2013 asmeniniame tinklalapyje www.blogas.lt\/d5<br \/>\nMergai\u010di\u0173 lygos serijoje jau i\u0161leistos Editos Mila\u0161evi\u010di\u016bt\u0117s \u012esimyl\u0117j\u0117li\u0173 stovykla (nominuota 2008 met\u0173 geriausios knygos rinkimuose), jos t\u0119sinys S\u016br\u016bs \u012fsp\u016bd\u017eiai, Aist\u0117s Ptakausk\u0117s Nerealios atostogos ir Akvilinos Cic\u0117nait\u0117s Viskas apie mano \u0161eim\u0105.<\/p>\n","protected":false},"excerpt":{"rendered":"<p>Ne)saugus \u017eaidimas \u2013 antrasis i\u0161 trij\u0173 roman\u0173 apie pa\u0161\u0117lusias drauges Ain\u0119, Ugn\u0119, Giedr\u0105 ir Ras\u0105. Gelb\u0117dama romanti\u0161kuose planuose bevilti\u0161kai susipainiojusi\u0105 Ugn\u0119, nei\u0161skiriamoji ketveriuk\u0117 susiruo\u0161ia \u012f s\u0105moksli\u0161k\u0105 vie\u0161nag\u0119 paslaptingoje u\u017emies\u010dio sodyboje. Neju\u010dia s\u0105mokslinink\u0117ms \u0161i sodyba virsta savoti\u0161ka paraleline tikrove, o visa konspiracin\u0117 i\u0161vyka \u2013 i\u0161bandym\u0173 kupinu, nenusp\u0117jamu \u017eaidimu. Kiekvienas \u0161io \u017eaidimo lygis ver\u010dia \u017eengi vis giliau \u012f slap\u010diausias \u0161irdies kertes. \u0160i kelion\u0117 ne visada lengva, da\u017enai skaudi, o kartais netgi pavojinga. U\u017e tai \u012fveikusi\u0173j\u0173 visas kli\u016btis laukia ne\u012fkainuojamas atlygis. Juk d\u0117l meil\u0117s verta visk\u0105 i\u0161k\u0119sti! Romanui b\u016bdinga meistri\u0161kai sukonstruota siu\u017eeto intriga, nenusp\u0117jami charakteriai ir originalus humoras. Tekstas para\u0161ytas \u0161iuolaiki\u0161ka, savita ir gyva jaunimo kalba, vidinius veik\u0117j\u0173 monologus ir dialogus i\u0161radingai derinant su internetini\u0173 pokalbi\u0173 i\u0161traukomis, mobiliojo telefono \u017einu\u010di\u0173 tekstais. Visos naujienos apie autor\u0119 ir jos k\u016bryb\u0105 \u2013 asmeniniame tinklalapyje www.blogas.lt\/d5 Mergai\u010di\u0173 lygos serijoje jau i\u0161leistos Editos Mila\u0161evi\u010di\u016bt\u0117s \u012esimyl\u0117j\u0117li\u0173 stovykla (nominuota 2008 met\u0173 geriausios knygos rinkimuose), jos t\u0119sinys S\u016br\u016bs \u012fsp\u016bd\u017eiai, Aist\u0117s Ptakausk\u0117s Nerealios atostogos ir Akvilinos Cic\u0117nait\u0117s Viskas apie mano \u0161eim\u0105.<\/p>\n","protected":false},"featured_media":18997,"comment_status":"open","ping_status":"closed","template":"","meta":{"_acf_changed":false,"site-sidebar-layout":"default","site-content-layout":"","ast-site-content-layout":"default","site-content-style":"default","site-sidebar-style":"default","ast-global-header-display":"","ast-banner-title-visibility":"","ast-main-header-display":"","ast-hfb-above-header-display":"","ast-hfb-below-header-display":"","ast-hfb-mobile-header-display":"","site-post-title":"","ast-breadcrumbs-content":"","ast-featured-img":"","footer-sml-layout":"","ast-disable-related-posts":"","theme-transparent-header-meta":"","adv-header-id-meta":"","stick-header-meta":"","header-above-stick-meta":"","header-main-stick-meta":"","header-below-stick-meta":"","astra-migrate-meta-layouts":"default","ast-page-background-enabled":"default","ast-page-background-meta":{"desktop":{"background-color":"","background-image":"","background-repeat":"repeat","background-position":"center center","background-size":"auto","background-attachment":"scroll","background-type":"","background-media":"","overlay-type":"","overlay-color":"","overlay-opacity":"","overlay-gradient":""},"tablet":{"background-color":"","background-image":"","background-repeat":"repeat","background-position":"center center","background-size":"auto","background-attachment":"scroll","background-type":"","background-media":"","overlay-type":"","overlay-color":"","overlay-opacity":"","overlay-gradient":""},"mobile":{"background-color":"","background-image":"","background-repeat":"repeat","background-position":"center center","background-size":"auto","background-attachment":"scroll","background-type":"","background-media":"","overlay-type":"","overlay-color":"","overlay-opacity":"","overlay-gradient":""}},"ast-content-background-meta":{"desktop":{"background-color":"var(--ast-global-color-4)","background-image":"","background-repeat":"repeat","background-position":"center center","background-size":"auto","background-attachment":"scroll","background-type":"","background-media":"","overlay-type":"","overlay-color":"","overlay-opacity":"","overlay-gradient":""},"tablet":{"background-color":"var(--ast-global-color-4)","background-image":"","background-repeat":"repeat","background-position":"center center","background-size":"auto","background-attachment":"scroll","background-type":"","background-media":"","overlay-type":"","overlay-color":"","overlay-opacity":"","overlay-gradient":""},"mobile":{"background-color":"var(--ast-global-color-4)","background-image":"","background-repeat":"repeat","background-position":"center center","background-size":"auto","background-attachment":"scroll","background-type":"","background-media":"","overlay-type":"","overlay-color":"","overlay-opacity":"","overlay-gradient":""}}},"product_brand":[],"product_cat":[15],"product_tag":[5511,1647,5512,1796,1451,3614],"class_list":{"0":"post-18992","1":"product","2":"type-product","3":"status-publish","4":"has-post-thumbnail","6":"product_cat-uncategorized","7":"product_tag-aiste-ptakauske","8":"product_tag-draugyste","9":"product_tag-jaunimo-kalba","10":"product_tag-meile","11":"product_tag-nuotykiai","12":"product_tag-paaugliai","13":"desktop-align-left","14":"tablet-align-left","15":"mobile-align-left","17":"first","18":"instock","19":"shipping-taxable","20":"purchasable","21":"product-type-simple"},"acf":[],"yoast_head":"<!-- This site is optimized with the Yoast SEO plugin v27.0 - https:\/\/yoast.com\/product\/yoast-seo-wordpress\/ -->\n<title>(Ne)saugus \u017eaidimas<\/title>\n<meta name=\"description\" content=\"Ne)saugus \u017eaidimas \u2013 antrasis i\u0161 trij\u0173 roman\u0173 apie pa\u0161\u0117lusias drauges Ain\u0119, Ugn\u0119, Giedr\u0105 ir Ras\u0105. Gelb\u0117dama romanti\u0161kuose planuose bevilti\u0161kai\" \/>\n<meta name=\"robots\" content=\"index, follow, max-snippet:-1, max-image-preview:large, max-video-preview:-1\" \/>\n<link rel=\"canonical\" href=\"https:\/\/skaitytaknyga.lt\/en\/produktas\/nesaugus-zaidimas\/\" \/>\n<meta property=\"og:locale\" content=\"en_GB\" \/>\n<meta property=\"og:locale:alternate\" content=\"lt_LT\" \/>\n<meta property=\"og:type\" content=\"article\" \/>\n<meta property=\"og:title\" content=\"(Ne)saugus \u017eaidimas\" \/>\n<meta property=\"og:description\" content=\"Ne)saugus \u017eaidimas \u2013 antrasis i\u0161 trij\u0173 roman\u0173 apie pa\u0161\u0117lusias drauges Ain\u0119, Ugn\u0119, Giedr\u0105 ir Ras\u0105. Gelb\u0117dama romanti\u0161kuose planuose bevilti\u0161kai\" \/>\n<meta property=\"og:url\" content=\"https:\/\/skaitytaknyga.lt\/en\/produktas\/nesaugus-zaidimas\/\" \/>\n<meta property=\"og:site_name\" content=\"Skaitytaknyga\" \/>\n<meta property=\"article:publisher\" content=\"https:\/\/www.facebook.com\/skaitytaknyga\/\" \/>\n<meta property=\"article:modified_time\" content=\"2025-06-26T12:06:04+00:00\" \/>\n<meta property=\"og:image\" content=\"https:\/\/skaitytaknyga.lt\/wp-content\/uploads\/2025\/06\/Nesaugus-zaidimas.webp\" \/>\n\t<meta property=\"og:image:width\" content=\"348\" \/>\n\t<meta property=\"og:image:height\" content=\"524\" \/>\n\t<meta property=\"og:image:type\" content=\"image\/webp\" \/>\n<meta name=\"twitter:card\" content=\"summary_large_image\" \/>\n<meta name=\"twitter:label1\" content=\"Estimated reading time\" \/>\n\t<meta name=\"twitter:data1\" content=\"1 minute\" \/>\n<script type=\"application\/ld+json\" class=\"yoast-schema-graph\">{\"@context\":\"https:\/\/schema.org\",\"@graph\":[{\"@type\":\"WebPage\",\"@id\":\"https:\/\/skaitytaknyga.lt\/produktas\/nesaugus-zaidimas\/\",\"url\":\"https:\/\/skaitytaknyga.lt\/produktas\/nesaugus-zaidimas\/\",\"name\":\"(Ne)saugus \u017eaidimas\",\"isPartOf\":{\"@id\":\"https:\/\/skaitytaknyga.lt\/#website\"},\"primaryImageOfPage\":{\"@id\":\"https:\/\/skaitytaknyga.lt\/produktas\/nesaugus-zaidimas\/#primaryimage\"},\"image\":{\"@id\":\"https:\/\/skaitytaknyga.lt\/produktas\/nesaugus-zaidimas\/#primaryimage\"},\"thumbnailUrl\":\"https:\/\/skaitytaknyga.lt\/wp-content\/uploads\/2025\/06\/Nesaugus-zaidimas.webp\",\"datePublished\":\"2025-06-15T17:52:04+00:00\",\"dateModified\":\"2025-06-26T12:06:04+00:00\",\"description\":\"Ne)saugus \u017eaidimas \u2013 antrasis i\u0161 trij\u0173 roman\u0173 apie pa\u0161\u0117lusias drauges Ain\u0119, Ugn\u0119, Giedr\u0105 ir Ras\u0105. Gelb\u0117dama romanti\u0161kuose planuose bevilti\u0161kai\",\"breadcrumb\":{\"@id\":\"https:\/\/skaitytaknyga.lt\/produktas\/nesaugus-zaidimas\/#breadcrumb\"},\"inLanguage\":\"en-GB\",\"potentialAction\":[{\"@type\":\"ReadAction\",\"target\":[\"https:\/\/skaitytaknyga.lt\/produktas\/nesaugus-zaidimas\/\"]}]},{\"@type\":\"ImageObject\",\"inLanguage\":\"en-GB\",\"@id\":\"https:\/\/skaitytaknyga.lt\/produktas\/nesaugus-zaidimas\/#primaryimage\",\"url\":\"https:\/\/skaitytaknyga.lt\/wp-content\/uploads\/2025\/06\/Nesaugus-zaidimas.webp\",\"contentUrl\":\"https:\/\/skaitytaknyga.lt\/wp-content\/uploads\/2025\/06\/Nesaugus-zaidimas.webp\",\"width\":348,\"height\":524},{\"@type\":\"BreadcrumbList\",\"@id\":\"https:\/\/skaitytaknyga.lt\/produktas\/nesaugus-zaidimas\/#breadcrumb\",\"itemListElement\":[{\"@type\":\"ListItem\",\"position\":1,\"name\":\"Home\",\"item\":\"https:\/\/skaitytaknyga.lt\/\"},{\"@type\":\"ListItem\",\"position\":2,\"name\":\"Parduotuv\u0117\",\"item\":\"https:\/\/skaitytaknyga.lt\/knygu-parduotuve\/\"},{\"@type\":\"ListItem\",\"position\":3,\"name\":\"(Ne)saugus \u017eaidimas\"}]},{\"@type\":\"WebSite\",\"@id\":\"https:\/\/skaitytaknyga.lt\/#website\",\"url\":\"https:\/\/skaitytaknyga.lt\/\",\"name\":\"skaitytaknyga.lt\",\"description\":\"Skaitytaknyga.lt \u2013 tai ma\u017eas \u0161eimos verslas, kuris prasid\u0117jo nuo meil\u0117s knygoms ir siekio i\u0161gelb\u0117ti knygas nuo likimo prie konteinerio. Kas vienam nereikalingas daiktas \u2013 kitam lobis, o mes esame tarpininkai, kurie padeda abiems tapti laimingesniems ???? \u017dinome kaip nelengva i\u0161gyventi ma\u017eiems verslams, tad nuo \u0161iol, \u010dia rasite ir kit\u0173, ma\u017e\u0173 \u0161eim\u0173 versl\u0173, rank\u0173 darbo, dovan\u0173 sau ir artimiesiems.\",\"publisher\":{\"@id\":\"https:\/\/skaitytaknyga.lt\/#organization\"},\"potentialAction\":[{\"@type\":\"SearchAction\",\"target\":{\"@type\":\"EntryPoint\",\"urlTemplate\":\"https:\/\/skaitytaknyga.lt\/?s={search_term_string}\"},\"query-input\":{\"@type\":\"PropertyValueSpecification\",\"valueRequired\":true,\"valueName\":\"search_term_string\"}}],\"inLanguage\":\"en-GB\"},{\"@type\":\"Organization\",\"@id\":\"https:\/\/skaitytaknyga.lt\/#organization\",\"name\":\"skaitytaknyga.lt\",\"url\":\"https:\/\/skaitytaknyga.lt\/\",\"logo\":{\"@type\":\"ImageObject\",\"inLanguage\":\"en-GB\",\"@id\":\"https:\/\/skaitytaknyga.lt\/#\/schema\/logo\/image\/\",\"url\":\"https:\/\/skaitytaknyga.lt\/wp-content\/uploads\/2024\/05\/cropped-cropped-cropped-02_00843_jt3bggkj1j3HLc7SyY6rEUpg.jpeg\",\"contentUrl\":\"https:\/\/skaitytaknyga.lt\/wp-content\/uploads\/2024\/05\/cropped-cropped-cropped-02_00843_jt3bggkj1j3HLc7SyY6rEUpg.jpeg\",\"width\":1600,\"height\":1600,\"caption\":\"skaitytaknyga.lt\"},\"image\":{\"@id\":\"https:\/\/skaitytaknyga.lt\/#\/schema\/logo\/image\/\"},\"sameAs\":[\"https:\/\/www.facebook.com\/skaitytaknyga\/\"]}]}<\/script>\n<!-- \/ Yoast SEO plugin. -->","yoast_head_json":{"title":"(Ne)saugus \u017eaidimas","description":"Ne)saugus \u017eaidimas \u2013 antrasis i\u0161 trij\u0173 roman\u0173 apie pa\u0161\u0117lusias drauges Ain\u0119, Ugn\u0119, Giedr\u0105 ir Ras\u0105. Gelb\u0117dama romanti\u0161kuose planuose bevilti\u0161kai","robots":{"index":"index","follow":"follow","max-snippet":"max-snippet:-1","max-image-preview":"max-image-preview:large","max-video-preview":"max-video-preview:-1"},"canonical":"https:\/\/skaitytaknyga.lt\/en\/produktas\/nesaugus-zaidimas\/","og_locale":"en_GB","og_type":"article","og_title":"[:lt](Ne)saugus \u017eaidimas[:] - Skaitytaknyga","og_description":"Ne)saugus \u017eaidimas \u2013 antrasis i\u0161 trij\u0173 roman\u0173 apie pa\u0161\u0117lusias drauges Ain\u0119, Ugn\u0119, Giedr\u0105 ir Ras\u0105. Gelb\u0117dama romanti\u0161kuose planuose bevilti\u0161kai","og_url":"https:\/\/skaitytaknyga.lt\/en\/produktas\/nesaugus-zaidimas\/","og_site_name":"Skaitytaknyga","article_publisher":"https:\/\/www.facebook.com\/skaitytaknyga\/","article_modified_time":"2025-06-26T12:06:04+00:00","og_image":[{"width":348,"height":524,"url":"https:\/\/skaitytaknyga.lt\/wp-content\/uploads\/2025\/06\/Nesaugus-zaidimas.webp","type":"image\/webp"}],"twitter_card":"summary_large_image","twitter_misc":{"Estimated reading time":"1 minute"},"schema":{"@context":"https:\/\/schema.org","@graph":[{"@type":"WebPage","@id":"https:\/\/skaitytaknyga.lt\/produktas\/nesaugus-zaidimas\/","url":"https:\/\/skaitytaknyga.lt\/produktas\/nesaugus-zaidimas\/","name":"(Ne)saugus \u017eaidimas","isPartOf":{"@id":"https:\/\/skaitytaknyga.lt\/#website"},"primaryImageOfPage":{"@id":"https:\/\/skaitytaknyga.lt\/produktas\/nesaugus-zaidimas\/#primaryimage"},"image":{"@id":"https:\/\/skaitytaknyga.lt\/produktas\/nesaugus-zaidimas\/#primaryimage"},"thumbnailUrl":"https:\/\/skaitytaknyga.lt\/wp-content\/uploads\/2025\/06\/Nesaugus-zaidimas.webp","datePublished":"2025-06-15T17:52:04+00:00","dateModified":"2025-06-26T12:06:04+00:00","description":"Ne)saugus \u017eaidimas \u2013 antrasis i\u0161 trij\u0173 roman\u0173 apie pa\u0161\u0117lusias drauges Ain\u0119, Ugn\u0119, Giedr\u0105 ir Ras\u0105. Gelb\u0117dama romanti\u0161kuose planuose bevilti\u0161kai","breadcrumb":{"@id":"https:\/\/skaitytaknyga.lt\/produktas\/nesaugus-zaidimas\/#breadcrumb"},"inLanguage":"en-GB","potentialAction":[{"@type":"ReadAction","target":["https:\/\/skaitytaknyga.lt\/produktas\/nesaugus-zaidimas\/"]}]},{"@type":"ImageObject","inLanguage":"en-GB","@id":"https:\/\/skaitytaknyga.lt\/produktas\/nesaugus-zaidimas\/#primaryimage","url":"https:\/\/skaitytaknyga.lt\/wp-content\/uploads\/2025\/06\/Nesaugus-zaidimas.webp","contentUrl":"https:\/\/skaitytaknyga.lt\/wp-content\/uploads\/2025\/06\/Nesaugus-zaidimas.webp","width":348,"height":524},{"@type":"BreadcrumbList","@id":"https:\/\/skaitytaknyga.lt\/produktas\/nesaugus-zaidimas\/#breadcrumb","itemListElement":[{"@type":"ListItem","position":1,"name":"Home","item":"https:\/\/skaitytaknyga.lt\/"},{"@type":"ListItem","position":2,"name":"Parduotuv\u0117","item":"https:\/\/skaitytaknyga.lt\/knygu-parduotuve\/"},{"@type":"ListItem","position":3,"name":"(Ne)saugus \u017eaidimas"}]},{"@type":"WebSite","@id":"https:\/\/skaitytaknyga.lt\/#website","url":"https:\/\/skaitytaknyga.lt\/","name":"skaitytaknyga.lt","description":"Skaitytaknyga.lt \u2013 tai ma\u017eas \u0161eimos verslas, kuris prasid\u0117jo nuo meil\u0117s knygoms ir siekio i\u0161gelb\u0117ti knygas nuo likimo prie konteinerio. Kas vienam nereikalingas daiktas \u2013 kitam lobis, o mes esame tarpininkai, kurie padeda abiems tapti laimingesniems ???? \u017dinome kaip nelengva i\u0161gyventi ma\u017eiems verslams, tad nuo \u0161iol, \u010dia rasite ir kit\u0173, ma\u017e\u0173 \u0161eim\u0173 versl\u0173, rank\u0173 darbo, dovan\u0173 sau ir artimiesiems.","publisher":{"@id":"https:\/\/skaitytaknyga.lt\/#organization"},"potentialAction":[{"@type":"SearchAction","target":{"@type":"EntryPoint","urlTemplate":"https:\/\/skaitytaknyga.lt\/?s={search_term_string}"},"query-input":{"@type":"PropertyValueSpecification","valueRequired":true,"valueName":"search_term_string"}}],"inLanguage":"en-GB"},{"@type":"Organization","@id":"https:\/\/skaitytaknyga.lt\/#organization","name":"skaitytaknyga.lt","url":"https:\/\/skaitytaknyga.lt\/","logo":{"@type":"ImageObject","inLanguage":"en-GB","@id":"https:\/\/skaitytaknyga.lt\/#\/schema\/logo\/image\/","url":"https:\/\/skaitytaknyga.lt\/wp-content\/uploads\/2024\/05\/cropped-cropped-cropped-02_00843_jt3bggkj1j3HLc7SyY6rEUpg.jpeg","contentUrl":"https:\/\/skaitytaknyga.lt\/wp-content\/uploads\/2024\/05\/cropped-cropped-cropped-02_00843_jt3bggkj1j3HLc7SyY6rEUpg.jpeg","width":1600,"height":1600,"caption":"skaitytaknyga.lt"},"image":{"@id":"https:\/\/skaitytaknyga.lt\/#\/schema\/logo\/image\/"},"sameAs":["https:\/\/www.facebook.com\/skaitytaknyga\/"]}]}},"_links":{"self":[{"href":"https:\/\/skaitytaknyga.lt\/en\/wp-json\/wp\/v2\/product\/18992","targetHints":{"allow":["GET"]}}],"collection":[{"href":"https:\/\/skaitytaknyga.lt\/en\/wp-json\/wp\/v2\/product"}],"about":[{"href":"https:\/\/skaitytaknyga.lt\/en\/wp-json\/wp\/v2\/types\/product"}],"replies":[{"embeddable":true,"href":"https:\/\/skaitytaknyga.lt\/en\/wp-json\/wp\/v2\/comments?post=18992"}],"wp:featuredmedia":[{"embeddable":true,"href":"https:\/\/skaitytaknyga.lt\/en\/wp-json\/wp\/v2\/media\/18997"}],"wp:attachment":[{"href":"https:\/\/skaitytaknyga.lt\/en\/wp-json\/wp\/v2\/media?parent=18992"}],"wp:term":[{"taxonomy":"product_brand","embeddable":true,"href":"https:\/\/skaitytaknyga.lt\/en\/wp-json\/wp\/v2\/product_brand?post=18992"},{"taxonomy":"product_cat","embeddable":true,"href":"https:\/\/skaitytaknyga.lt\/en\/wp-json\/wp\/v2\/product_cat?post=18992"},{"taxonomy":"product_tag","embeddable":true,"href":"https:\/\/skaitytaknyga.lt\/en\/wp-json\/wp\/v2\/product_tag?post=18992"}],"curies":[{"name":"wp","href":"https:\/\/api.w.org\/{rel}","templated":true}]}}