{"id":18986,"date":"2025-06-15T20:29:41","date_gmt":"2025-06-15T17:29:41","guid":{"rendered":"https:\/\/skaitytaknyga.lt\/?post_type=product&#038;p=18986"},"modified":"2025-06-26T15:06:04","modified_gmt":"2025-06-26T12:06:04","slug":"senoji-lietuvos-literatura-40-knyga","status":"publish","type":"product","link":"https:\/\/skaitytaknyga.lt\/en\/produktas\/senoji-lietuvos-literatura-40-knyga\/","title":{"rendered":"Senoji Lietuvos literat\u016bra, 40 knyga"},"content":{"rendered":"<p>&#8220;Senoji Lietuvos literat\u016bra&#8221; &#8211; mokslo periodinis leidinys, leid\u017eiamas nuo 1992 m. LLTI dirban\u010di\u0173 senosios ra\u0161tijos tyr\u0117j\u0173 bei j\u0173 koleg\u0173 kituose Lietuvos bei u\u017esienio pana\u0161aus profilio tyrim\u0173 ir mokslo centruose. Leidinyje skelbiami senosios ra\u0161tijos metodologinio, \u017eanrinio ir istorinio pob\u016bd\u017eio tyrimai, \u0161altini\u0173 publikacijos bei komentuoti j\u0173 vertimai \u012f lietuvi\u0173 kalb\u0105, mokslin\u0117s literat\u016bros recenzijos bei anotacijos, reik\u0161ming\u0173 savo srities artefakt\u0173 bei \u012fvyki\u0173 apra\u0161ai, kronikos ir kt. Leidinio redakcin\u0117s kolegijos nariai ir jo autoriai pirmiausia siekia publikuoti senosios Lietuvos ra\u0161tijos tyrimus, visuomen\u0119 supa\u017eindinan\u010dius su svarbesniais autoriais, \u017eanrais ir k\u016briniais; jiems taip pat r\u016bpi informuoti visuomen\u0119 apie mokslinio gyvenimo paskutini\u0173 met\u0173 reik\u0161mingesnius faktus, asmenis ir \u012fvykius. Taigi mokslinink\u0173 d\u0117mesys telkiamas ties XIII?XIX am\u017eiais, kreipiamas \u012f daugia\u017eanr\u012f ir \u012fvairiakalb\u012f senosios Lietuvos ra\u0161tijos paveld\u0105, pirmiausia \u012f Lietuvos Did\u017eiosios bei Pr\u016bsijos Kunigaik\u0161tij\u0173 ir Abiej\u0173 Taut\u0173 Respublikos literat\u016bras.<\/p>\n","protected":false},"excerpt":{"rendered":"<p>&#8220;Senoji Lietuvos literat\u016bra&#8221; &#8211; mokslo periodinis leidinys, leid\u017eiamas nuo 1992 m. LLTI dirban\u010di\u0173 senosios ra\u0161tijos tyr\u0117j\u0173 bei j\u0173 koleg\u0173 kituose Lietuvos bei u\u017esienio pana\u0161aus profilio tyrim\u0173 ir mokslo centruose. Leidinyje skelbiami senosios ra\u0161tijos metodologinio, \u017eanrinio ir istorinio pob\u016bd\u017eio tyrimai, \u0161altini\u0173 publikacijos bei komentuoti j\u0173 vertimai \u012f lietuvi\u0173 kalb\u0105, mokslin\u0117s literat\u016bros recenzijos bei anotacijos, reik\u0161ming\u0173 savo srities artefakt\u0173 bei \u012fvyki\u0173 apra\u0161ai, kronikos ir kt. Leidinio redakcin\u0117s kolegijos nariai ir jo autoriai pirmiausia siekia publikuoti senosios Lietuvos ra\u0161tijos tyrimus, visuomen\u0119 supa\u017eindinan\u010dius su svarbesniais autoriais, \u017eanrais ir k\u016briniais; jiems taip pat r\u016bpi informuoti visuomen\u0119 apie mokslinio gyvenimo paskutini\u0173 met\u0173 reik\u0161mingesnius faktus, asmenis ir \u012fvykius. Taigi mokslinink\u0173 d\u0117mesys telkiamas ties XIII?XIX am\u017eiais, kreipiamas \u012f daugia\u017eanr\u012f ir \u012fvairiakalb\u012f senosios Lietuvos ra\u0161tijos paveld\u0105, pirmiausia \u012f Lietuvos Did\u017eiosios bei Pr\u016bsijos Kunigaik\u0161tij\u0173 ir Abiej\u0173 Taut\u0173 Respublikos literat\u016bras.<\/p>\n","protected":false},"featured_media":18991,"comment_status":"open","ping_status":"closed","template":"","meta":{"_acf_changed":false,"site-sidebar-layout":"default","site-content-layout":"","ast-site-content-layout":"default","site-content-style":"default","site-sidebar-style":"default","ast-global-header-display":"","ast-banner-title-visibility":"","ast-main-header-display":"","ast-hfb-above-header-display":"","ast-hfb-below-header-display":"","ast-hfb-mobile-header-display":"","site-post-title":"","ast-breadcrumbs-content":"","ast-featured-img":"","footer-sml-layout":"","ast-disable-related-posts":"","theme-transparent-header-meta":"","adv-header-id-meta":"","stick-header-meta":"","header-above-stick-meta":"","header-main-stick-meta":"","header-below-stick-meta":"","astra-migrate-meta-layouts":"default","ast-page-background-enabled":"default","ast-page-background-meta":{"desktop":{"background-color":"","background-image":"","background-repeat":"repeat","background-position":"center center","background-size":"auto","background-attachment":"scroll","background-type":"","background-media":"","overlay-type":"","overlay-color":"","overlay-opacity":"","overlay-gradient":""},"tablet":{"background-color":"","background-image":"","background-repeat":"repeat","background-position":"center center","background-size":"auto","background-attachment":"scroll","background-type":"","background-media":"","overlay-type":"","overlay-color":"","overlay-opacity":"","overlay-gradient":""},"mobile":{"background-color":"","background-image":"","background-repeat":"repeat","background-position":"center center","background-size":"auto","background-attachment":"scroll","background-type":"","background-media":"","overlay-type":"","overlay-color":"","overlay-opacity":"","overlay-gradient":""}},"ast-content-background-meta":{"desktop":{"background-color":"var(--ast-global-color-4)","background-image":"","background-repeat":"repeat","background-position":"center center","background-size":"auto","background-attachment":"scroll","background-type":"","background-media":"","overlay-type":"","overlay-color":"","overlay-opacity":"","overlay-gradient":""},"tablet":{"background-color":"var(--ast-global-color-4)","background-image":"","background-repeat":"repeat","background-position":"center center","background-size":"auto","background-attachment":"scroll","background-type":"","background-media":"","overlay-type":"","overlay-color":"","overlay-opacity":"","overlay-gradient":""},"mobile":{"background-color":"var(--ast-global-color-4)","background-image":"","background-repeat":"repeat","background-position":"center center","background-size":"auto","background-attachment":"scroll","background-type":"","background-media":"","overlay-type":"","overlay-color":"","overlay-opacity":"","overlay-gradient":""}}},"product_brand":[],"product_cat":[2836],"product_tag":[2228,1492,1524,5509,5510],"class_list":{"0":"post-18986","1":"product","2":"type-product","3":"status-publish","4":"has-post-thumbnail","6":"product_cat-kalba-kalbotyra-zodynai-2","7":"product_tag-lietuvos-istorija","8":"product_tag-literatura","9":"product_tag-mokslas","10":"product_tag-senoji-lietuvos-literatura","11":"product_tag-senoji-rastija","12":"desktop-align-left","13":"tablet-align-left","14":"mobile-align-left","16":"first","17":"instock","18":"shipping-taxable","19":"purchasable","20":"product-type-simple"},"acf":[],"yoast_head":"<!-- This site is optimized with the Yoast SEO plugin v27.0 - https:\/\/yoast.com\/product\/yoast-seo-wordpress\/ -->\n<title>Senoji Lietuvos literat\u016bra, 40 knyga<\/title>\n<meta name=\"description\" content=\"&quot;Senoji Lietuvos literat\u016bra&quot; - mokslo periodinis leidinys, leid\u017eiamas nuo 1992 m. LLTI dirban\u010di\u0173 senosios ra\u0161tijos tyr\u0117j\u0173 bei j\u0173 koleg\u0173 kituose Lietuvos\" \/>\n<meta name=\"robots\" content=\"index, follow, max-snippet:-1, max-image-preview:large, max-video-preview:-1\" \/>\n<link rel=\"canonical\" href=\"https:\/\/skaitytaknyga.lt\/en\/produktas\/senoji-lietuvos-literatura-40-knyga\/\" \/>\n<meta property=\"og:locale\" content=\"en_GB\" \/>\n<meta property=\"og:locale:alternate\" content=\"lt_LT\" \/>\n<meta property=\"og:type\" content=\"article\" \/>\n<meta property=\"og:title\" content=\"Senoji Lietuvos literat\u016bra, 40 knyga\" \/>\n<meta property=\"og:description\" content=\"&quot;Senoji Lietuvos literat\u016bra&quot; - mokslo periodinis leidinys, leid\u017eiamas nuo 1992 m. LLTI dirban\u010di\u0173 senosios ra\u0161tijos tyr\u0117j\u0173 bei j\u0173 koleg\u0173 kituose Lietuvos\" \/>\n<meta property=\"og:url\" content=\"https:\/\/skaitytaknyga.lt\/en\/produktas\/senoji-lietuvos-literatura-40-knyga\/\" \/>\n<meta property=\"og:site_name\" content=\"Skaitytaknyga\" \/>\n<meta property=\"article:publisher\" content=\"https:\/\/www.facebook.com\/skaitytaknyga\/\" \/>\n<meta property=\"article:modified_time\" content=\"2025-06-26T12:06:04+00:00\" \/>\n<meta property=\"og:image\" content=\"https:\/\/skaitytaknyga.lt\/wp-content\/uploads\/2025\/06\/Senoji-Lietuvos-literatura-40-knyga.jpg\" \/>\n\t<meta property=\"og:image:width\" content=\"600\" \/>\n\t<meta property=\"og:image:height\" content=\"881\" \/>\n\t<meta property=\"og:image:type\" content=\"image\/jpeg\" \/>\n<meta name=\"twitter:card\" content=\"summary_large_image\" \/>\n<meta name=\"twitter:label1\" content=\"Estimated reading time\" \/>\n\t<meta name=\"twitter:data1\" content=\"1 minute\" \/>\n<script type=\"application\/ld+json\" class=\"yoast-schema-graph\">{\"@context\":\"https:\/\/schema.org\",\"@graph\":[{\"@type\":\"WebPage\",\"@id\":\"https:\/\/skaitytaknyga.lt\/produktas\/senoji-lietuvos-literatura-40-knyga\/\",\"url\":\"https:\/\/skaitytaknyga.lt\/produktas\/senoji-lietuvos-literatura-40-knyga\/\",\"name\":\"Senoji Lietuvos literat\u016bra, 40 knyga\",\"isPartOf\":{\"@id\":\"https:\/\/skaitytaknyga.lt\/#website\"},\"primaryImageOfPage\":{\"@id\":\"https:\/\/skaitytaknyga.lt\/produktas\/senoji-lietuvos-literatura-40-knyga\/#primaryimage\"},\"image\":{\"@id\":\"https:\/\/skaitytaknyga.lt\/produktas\/senoji-lietuvos-literatura-40-knyga\/#primaryimage\"},\"thumbnailUrl\":\"https:\/\/skaitytaknyga.lt\/wp-content\/uploads\/2025\/06\/Senoji-Lietuvos-literatura-40-knyga.jpg\",\"datePublished\":\"2025-06-15T17:29:41+00:00\",\"dateModified\":\"2025-06-26T12:06:04+00:00\",\"description\":\"\\\"Senoji Lietuvos literat\u016bra\\\" - mokslo periodinis leidinys, leid\u017eiamas nuo 1992 m. LLTI dirban\u010di\u0173 senosios ra\u0161tijos tyr\u0117j\u0173 bei j\u0173 koleg\u0173 kituose Lietuvos\",\"breadcrumb\":{\"@id\":\"https:\/\/skaitytaknyga.lt\/produktas\/senoji-lietuvos-literatura-40-knyga\/#breadcrumb\"},\"inLanguage\":\"en-GB\",\"potentialAction\":[{\"@type\":\"ReadAction\",\"target\":[\"https:\/\/skaitytaknyga.lt\/produktas\/senoji-lietuvos-literatura-40-knyga\/\"]}]},{\"@type\":\"ImageObject\",\"inLanguage\":\"en-GB\",\"@id\":\"https:\/\/skaitytaknyga.lt\/produktas\/senoji-lietuvos-literatura-40-knyga\/#primaryimage\",\"url\":\"https:\/\/skaitytaknyga.lt\/wp-content\/uploads\/2025\/06\/Senoji-Lietuvos-literatura-40-knyga.jpg\",\"contentUrl\":\"https:\/\/skaitytaknyga.lt\/wp-content\/uploads\/2025\/06\/Senoji-Lietuvos-literatura-40-knyga.jpg\",\"width\":600,\"height\":881,\"caption\":\"Senoji Lietuvos literat\u016bra, 40 knyga\"},{\"@type\":\"BreadcrumbList\",\"@id\":\"https:\/\/skaitytaknyga.lt\/produktas\/senoji-lietuvos-literatura-40-knyga\/#breadcrumb\",\"itemListElement\":[{\"@type\":\"ListItem\",\"position\":1,\"name\":\"Home\",\"item\":\"https:\/\/skaitytaknyga.lt\/\"},{\"@type\":\"ListItem\",\"position\":2,\"name\":\"Parduotuv\u0117\",\"item\":\"https:\/\/skaitytaknyga.lt\/knygu-parduotuve\/\"},{\"@type\":\"ListItem\",\"position\":3,\"name\":\"Senoji Lietuvos literat\u016bra, 40 knyga\"}]},{\"@type\":\"WebSite\",\"@id\":\"https:\/\/skaitytaknyga.lt\/#website\",\"url\":\"https:\/\/skaitytaknyga.lt\/\",\"name\":\"skaitytaknyga.lt\",\"description\":\"Skaitytaknyga.lt \u2013 tai ma\u017eas \u0161eimos verslas, kuris prasid\u0117jo nuo meil\u0117s knygoms ir siekio i\u0161gelb\u0117ti knygas nuo likimo prie konteinerio. Kas vienam nereikalingas daiktas \u2013 kitam lobis, o mes esame tarpininkai, kurie padeda abiems tapti laimingesniems ???? \u017dinome kaip nelengva i\u0161gyventi ma\u017eiems verslams, tad nuo \u0161iol, \u010dia rasite ir kit\u0173, ma\u017e\u0173 \u0161eim\u0173 versl\u0173, rank\u0173 darbo, dovan\u0173 sau ir artimiesiems.\",\"publisher\":{\"@id\":\"https:\/\/skaitytaknyga.lt\/#organization\"},\"potentialAction\":[{\"@type\":\"SearchAction\",\"target\":{\"@type\":\"EntryPoint\",\"urlTemplate\":\"https:\/\/skaitytaknyga.lt\/?s={search_term_string}\"},\"query-input\":{\"@type\":\"PropertyValueSpecification\",\"valueRequired\":true,\"valueName\":\"search_term_string\"}}],\"inLanguage\":\"en-GB\"},{\"@type\":\"Organization\",\"@id\":\"https:\/\/skaitytaknyga.lt\/#organization\",\"name\":\"skaitytaknyga.lt\",\"url\":\"https:\/\/skaitytaknyga.lt\/\",\"logo\":{\"@type\":\"ImageObject\",\"inLanguage\":\"en-GB\",\"@id\":\"https:\/\/skaitytaknyga.lt\/#\/schema\/logo\/image\/\",\"url\":\"https:\/\/skaitytaknyga.lt\/wp-content\/uploads\/2024\/05\/cropped-cropped-cropped-02_00843_jt3bggkj1j3HLc7SyY6rEUpg.jpeg\",\"contentUrl\":\"https:\/\/skaitytaknyga.lt\/wp-content\/uploads\/2024\/05\/cropped-cropped-cropped-02_00843_jt3bggkj1j3HLc7SyY6rEUpg.jpeg\",\"width\":1600,\"height\":1600,\"caption\":\"skaitytaknyga.lt\"},\"image\":{\"@id\":\"https:\/\/skaitytaknyga.lt\/#\/schema\/logo\/image\/\"},\"sameAs\":[\"https:\/\/www.facebook.com\/skaitytaknyga\/\"]}]}<\/script>\n<!-- \/ Yoast SEO plugin. -->","yoast_head_json":{"title":"Senoji Lietuvos literat\u016bra, 40 knyga","description":"\"Senoji Lietuvos literat\u016bra\" - mokslo periodinis leidinys, leid\u017eiamas nuo 1992 m. LLTI dirban\u010di\u0173 senosios ra\u0161tijos tyr\u0117j\u0173 bei j\u0173 koleg\u0173 kituose Lietuvos","robots":{"index":"index","follow":"follow","max-snippet":"max-snippet:-1","max-image-preview":"max-image-preview:large","max-video-preview":"max-video-preview:-1"},"canonical":"https:\/\/skaitytaknyga.lt\/en\/produktas\/senoji-lietuvos-literatura-40-knyga\/","og_locale":"en_GB","og_type":"article","og_title":"[:lt]Senoji Lietuvos literat\u016bra, 40 knyga[:] - Skaitytaknyga","og_description":"\"Senoji Lietuvos literat\u016bra\" - mokslo periodinis leidinys, leid\u017eiamas nuo 1992 m. LLTI dirban\u010di\u0173 senosios ra\u0161tijos tyr\u0117j\u0173 bei j\u0173 koleg\u0173 kituose Lietuvos","og_url":"https:\/\/skaitytaknyga.lt\/en\/produktas\/senoji-lietuvos-literatura-40-knyga\/","og_site_name":"Skaitytaknyga","article_publisher":"https:\/\/www.facebook.com\/skaitytaknyga\/","article_modified_time":"2025-06-26T12:06:04+00:00","og_image":[{"width":600,"height":881,"url":"https:\/\/skaitytaknyga.lt\/wp-content\/uploads\/2025\/06\/Senoji-Lietuvos-literatura-40-knyga.jpg","type":"image\/jpeg"}],"twitter_card":"summary_large_image","twitter_misc":{"Estimated reading time":"1 minute"},"schema":{"@context":"https:\/\/schema.org","@graph":[{"@type":"WebPage","@id":"https:\/\/skaitytaknyga.lt\/produktas\/senoji-lietuvos-literatura-40-knyga\/","url":"https:\/\/skaitytaknyga.lt\/produktas\/senoji-lietuvos-literatura-40-knyga\/","name":"Senoji Lietuvos literat\u016bra, 40 knyga","isPartOf":{"@id":"https:\/\/skaitytaknyga.lt\/#website"},"primaryImageOfPage":{"@id":"https:\/\/skaitytaknyga.lt\/produktas\/senoji-lietuvos-literatura-40-knyga\/#primaryimage"},"image":{"@id":"https:\/\/skaitytaknyga.lt\/produktas\/senoji-lietuvos-literatura-40-knyga\/#primaryimage"},"thumbnailUrl":"https:\/\/skaitytaknyga.lt\/wp-content\/uploads\/2025\/06\/Senoji-Lietuvos-literatura-40-knyga.jpg","datePublished":"2025-06-15T17:29:41+00:00","dateModified":"2025-06-26T12:06:04+00:00","description":"\"Senoji Lietuvos literat\u016bra\" - mokslo periodinis leidinys, leid\u017eiamas nuo 1992 m. LLTI dirban\u010di\u0173 senosios ra\u0161tijos tyr\u0117j\u0173 bei j\u0173 koleg\u0173 kituose Lietuvos","breadcrumb":{"@id":"https:\/\/skaitytaknyga.lt\/produktas\/senoji-lietuvos-literatura-40-knyga\/#breadcrumb"},"inLanguage":"en-GB","potentialAction":[{"@type":"ReadAction","target":["https:\/\/skaitytaknyga.lt\/produktas\/senoji-lietuvos-literatura-40-knyga\/"]}]},{"@type":"ImageObject","inLanguage":"en-GB","@id":"https:\/\/skaitytaknyga.lt\/produktas\/senoji-lietuvos-literatura-40-knyga\/#primaryimage","url":"https:\/\/skaitytaknyga.lt\/wp-content\/uploads\/2025\/06\/Senoji-Lietuvos-literatura-40-knyga.jpg","contentUrl":"https:\/\/skaitytaknyga.lt\/wp-content\/uploads\/2025\/06\/Senoji-Lietuvos-literatura-40-knyga.jpg","width":600,"height":881,"caption":"Senoji Lietuvos literat\u016bra, 40 knyga"},{"@type":"BreadcrumbList","@id":"https:\/\/skaitytaknyga.lt\/produktas\/senoji-lietuvos-literatura-40-knyga\/#breadcrumb","itemListElement":[{"@type":"ListItem","position":1,"name":"Home","item":"https:\/\/skaitytaknyga.lt\/"},{"@type":"ListItem","position":2,"name":"Parduotuv\u0117","item":"https:\/\/skaitytaknyga.lt\/knygu-parduotuve\/"},{"@type":"ListItem","position":3,"name":"Senoji Lietuvos literat\u016bra, 40 knyga"}]},{"@type":"WebSite","@id":"https:\/\/skaitytaknyga.lt\/#website","url":"https:\/\/skaitytaknyga.lt\/","name":"skaitytaknyga.lt","description":"Skaitytaknyga.lt \u2013 tai ma\u017eas \u0161eimos verslas, kuris prasid\u0117jo nuo meil\u0117s knygoms ir siekio i\u0161gelb\u0117ti knygas nuo likimo prie konteinerio. Kas vienam nereikalingas daiktas \u2013 kitam lobis, o mes esame tarpininkai, kurie padeda abiems tapti laimingesniems ???? \u017dinome kaip nelengva i\u0161gyventi ma\u017eiems verslams, tad nuo \u0161iol, \u010dia rasite ir kit\u0173, ma\u017e\u0173 \u0161eim\u0173 versl\u0173, rank\u0173 darbo, dovan\u0173 sau ir artimiesiems.","publisher":{"@id":"https:\/\/skaitytaknyga.lt\/#organization"},"potentialAction":[{"@type":"SearchAction","target":{"@type":"EntryPoint","urlTemplate":"https:\/\/skaitytaknyga.lt\/?s={search_term_string}"},"query-input":{"@type":"PropertyValueSpecification","valueRequired":true,"valueName":"search_term_string"}}],"inLanguage":"en-GB"},{"@type":"Organization","@id":"https:\/\/skaitytaknyga.lt\/#organization","name":"skaitytaknyga.lt","url":"https:\/\/skaitytaknyga.lt\/","logo":{"@type":"ImageObject","inLanguage":"en-GB","@id":"https:\/\/skaitytaknyga.lt\/#\/schema\/logo\/image\/","url":"https:\/\/skaitytaknyga.lt\/wp-content\/uploads\/2024\/05\/cropped-cropped-cropped-02_00843_jt3bggkj1j3HLc7SyY6rEUpg.jpeg","contentUrl":"https:\/\/skaitytaknyga.lt\/wp-content\/uploads\/2024\/05\/cropped-cropped-cropped-02_00843_jt3bggkj1j3HLc7SyY6rEUpg.jpeg","width":1600,"height":1600,"caption":"skaitytaknyga.lt"},"image":{"@id":"https:\/\/skaitytaknyga.lt\/#\/schema\/logo\/image\/"},"sameAs":["https:\/\/www.facebook.com\/skaitytaknyga\/"]}]}},"_links":{"self":[{"href":"https:\/\/skaitytaknyga.lt\/en\/wp-json\/wp\/v2\/product\/18986","targetHints":{"allow":["GET"]}}],"collection":[{"href":"https:\/\/skaitytaknyga.lt\/en\/wp-json\/wp\/v2\/product"}],"about":[{"href":"https:\/\/skaitytaknyga.lt\/en\/wp-json\/wp\/v2\/types\/product"}],"replies":[{"embeddable":true,"href":"https:\/\/skaitytaknyga.lt\/en\/wp-json\/wp\/v2\/comments?post=18986"}],"wp:featuredmedia":[{"embeddable":true,"href":"https:\/\/skaitytaknyga.lt\/en\/wp-json\/wp\/v2\/media\/18991"}],"wp:attachment":[{"href":"https:\/\/skaitytaknyga.lt\/en\/wp-json\/wp\/v2\/media?parent=18986"}],"wp:term":[{"taxonomy":"product_brand","embeddable":true,"href":"https:\/\/skaitytaknyga.lt\/en\/wp-json\/wp\/v2\/product_brand?post=18986"},{"taxonomy":"product_cat","embeddable":true,"href":"https:\/\/skaitytaknyga.lt\/en\/wp-json\/wp\/v2\/product_cat?post=18986"},{"taxonomy":"product_tag","embeddable":true,"href":"https:\/\/skaitytaknyga.lt\/en\/wp-json\/wp\/v2\/product_tag?post=18986"}],"curies":[{"name":"wp","href":"https:\/\/api.w.org\/{rel}","templated":true}]}}