{"id":18984,"date":"2025-06-15T20:29:41","date_gmt":"2025-06-15T17:29:41","guid":{"rendered":"https:\/\/skaitytaknyga.lt\/?post_type=product&#038;p=18984"},"modified":"2025-06-26T15:06:04","modified_gmt":"2025-06-26T12:06:04","slug":"isimylejeliu-stovykla","status":"publish","type":"product","link":"https:\/\/skaitytaknyga.lt\/en\/produktas\/isimylejeliu-stovykla\/","title":{"rendered":"\u012esimyl\u0117j\u0117li\u0173 stovykla"},"content":{"rendered":"<p>\u201e\u012esimyl\u0117j\u0117li\u0173 stovykla\u201c &#8211;  pirmoji Editos Mila\u0161evi\u010di\u016bt\u0117s knyga. Tai \u0161maik\u0161tus k\u016brinys, skirtas vidutinio ir vyresniojo am\u017eiaus paaugliams: nuotyki\u0173 i\u0161tro\u0161kusiems, ie\u0161kantiems sav\u0119s, tikrinantiems ribas, bandantiems draugyst\u0117s ir pirmosios meil\u0117s ry\u0161ius.<\/p>\n<p>Knygoje apra\u0161yti pa\u0161\u0117lusios Ugn\u0117s nuotykiai \u201enelegalioje\u201c stovykloje \u0161alia \u010cepkeli\u0173 raisto. Tik dvi pirmosios vasaros atostog\u0173 savait\u0117s, o \u012fsp\u016bd\u017ei\u0173, jausm\u0173 tiek daug, kad tiek i\u0161gyvenus, rodos, nor\u0117t\u0173si atsip\u016bsti. Ta\u010diau paaugliai niekada nepailsta nuo atostog\u0173&#8230;<\/p>\n","protected":false},"excerpt":{"rendered":"<p>\u201e\u012esimyl\u0117j\u0117li\u0173 stovykla\u201c &#8211; pirmoji Editos Mila\u0161evi\u010di\u016bt\u0117s knyga. Tai \u0161maik\u0161tus k\u016brinys, skirtas vidutinio ir vyresniojo am\u017eiaus paaugliams: nuotyki\u0173 i\u0161tro\u0161kusiems, ie\u0161kantiems sav\u0119s, tikrinantiems ribas, bandantiems draugyst\u0117s ir pirmosios meil\u0117s ry\u0161ius. Knygoje apra\u0161yti pa\u0161\u0117lusios Ugn\u0117s nuotykiai \u201enelegalioje\u201c stovykloje \u0161alia \u010cepkeli\u0173 raisto. Tik dvi pirmosios vasaros atostog\u0173 savait\u0117s, o \u012fsp\u016bd\u017ei\u0173, jausm\u0173 tiek daug, kad tiek i\u0161gyvenus, rodos, nor\u0117t\u0173si atsip\u016bsti. Ta\u010diau paaugliai niekada nepailsta nuo atostog\u0173&#8230;<\/p>\n","protected":false},"featured_media":18989,"comment_status":"open","ping_status":"closed","template":"","meta":{"_acf_changed":false,"site-sidebar-layout":"default","site-content-layout":"","ast-site-content-layout":"default","site-content-style":"default","site-sidebar-style":"default","ast-global-header-display":"","ast-banner-title-visibility":"","ast-main-header-display":"","ast-hfb-above-header-display":"","ast-hfb-below-header-display":"","ast-hfb-mobile-header-display":"","site-post-title":"","ast-breadcrumbs-content":"","ast-featured-img":"","footer-sml-layout":"","ast-disable-related-posts":"","theme-transparent-header-meta":"","adv-header-id-meta":"","stick-header-meta":"","header-above-stick-meta":"","header-main-stick-meta":"","header-below-stick-meta":"","astra-migrate-meta-layouts":"default","ast-page-background-enabled":"default","ast-page-background-meta":{"desktop":{"background-color":"","background-image":"","background-repeat":"repeat","background-position":"center center","background-size":"auto","background-attachment":"scroll","background-type":"","background-media":"","overlay-type":"","overlay-color":"","overlay-opacity":"","overlay-gradient":""},"tablet":{"background-color":"","background-image":"","background-repeat":"repeat","background-position":"center center","background-size":"auto","background-attachment":"scroll","background-type":"","background-media":"","overlay-type":"","overlay-color":"","overlay-opacity":"","overlay-gradient":""},"mobile":{"background-color":"","background-image":"","background-repeat":"repeat","background-position":"center center","background-size":"auto","background-attachment":"scroll","background-type":"","background-media":"","overlay-type":"","overlay-color":"","overlay-opacity":"","overlay-gradient":""}},"ast-content-background-meta":{"desktop":{"background-color":"var(--ast-global-color-4)","background-image":"","background-repeat":"repeat","background-position":"center center","background-size":"auto","background-attachment":"scroll","background-type":"","background-media":"","overlay-type":"","overlay-color":"","overlay-opacity":"","overlay-gradient":""},"tablet":{"background-color":"var(--ast-global-color-4)","background-image":"","background-repeat":"repeat","background-position":"center center","background-size":"auto","background-attachment":"scroll","background-type":"","background-media":"","overlay-type":"","overlay-color":"","overlay-opacity":"","overlay-gradient":""},"mobile":{"background-color":"var(--ast-global-color-4)","background-image":"","background-repeat":"repeat","background-position":"center center","background-size":"auto","background-attachment":"scroll","background-type":"","background-media":"","overlay-type":"","overlay-color":"","overlay-opacity":"","overlay-gradient":""}}},"product_brand":[],"product_cat":[15],"product_tag":[1647,5507,1796,1451,3614],"class_list":{"0":"post-18984","1":"product","2":"type-product","3":"status-publish","4":"has-post-thumbnail","6":"product_cat-uncategorized","7":"product_tag-draugyste","8":"product_tag-edita-milaseviciute","9":"product_tag-meile","10":"product_tag-nuotykiai","11":"product_tag-paaugliai","12":"desktop-align-left","13":"tablet-align-left","14":"mobile-align-left","16":"first","17":"instock","18":"shipping-taxable","19":"purchasable","20":"product-type-simple"},"acf":[],"yoast_head":"<!-- This site is optimized with the Yoast SEO plugin v27.4 - https:\/\/yoast.com\/product\/yoast-seo-wordpress\/ -->\n<title>\u012esimyl\u0117j\u0117li\u0173 stovykla<\/title>\n<meta name=\"description\" content=\"\u201e\u012esimyl\u0117j\u0117li\u0173 stovykla\u201c - pirmoji Editos Mila\u0161evi\u010di\u016bt\u0117s knyga. Tai \u0161maik\u0161tus k\u016brinys, skirtas vidutinio ir vyresniojo am\u017eiaus paaugliams: nuotyki\u0173\" \/>\n<meta name=\"robots\" content=\"index, follow, max-snippet:-1, max-image-preview:large, max-video-preview:-1\" \/>\n<link rel=\"canonical\" href=\"https:\/\/skaitytaknyga.lt\/en\/produktas\/isimylejeliu-stovykla\/\" \/>\n<meta property=\"og:locale\" content=\"en_GB\" \/>\n<meta property=\"og:locale:alternate\" content=\"lt_LT\" \/>\n<meta property=\"og:type\" content=\"article\" \/>\n<meta property=\"og:title\" content=\"\u012esimyl\u0117j\u0117li\u0173 stovykla\" \/>\n<meta property=\"og:description\" content=\"\u201e\u012esimyl\u0117j\u0117li\u0173 stovykla\u201c - pirmoji Editos Mila\u0161evi\u010di\u016bt\u0117s knyga. Tai \u0161maik\u0161tus k\u016brinys, skirtas vidutinio ir vyresniojo am\u017eiaus paaugliams: nuotyki\u0173\" \/>\n<meta property=\"og:url\" content=\"https:\/\/skaitytaknyga.lt\/en\/produktas\/isimylejeliu-stovykla\/\" \/>\n<meta property=\"og:site_name\" content=\"Skaitytaknyga\" \/>\n<meta property=\"article:publisher\" content=\"https:\/\/www.facebook.com\/skaitytaknyga\/\" \/>\n<meta property=\"article:modified_time\" content=\"2025-06-26T12:06:04+00:00\" \/>\n<meta property=\"og:image\" content=\"https:\/\/skaitytaknyga.lt\/wp-content\/uploads\/2025\/06\/Isimylejeliu-stovykla.webp\" \/>\n\t<meta property=\"og:image:width\" content=\"545\" \/>\n\t<meta property=\"og:image:height\" content=\"801\" \/>\n\t<meta property=\"og:image:type\" content=\"image\/webp\" \/>\n<meta name=\"twitter:card\" content=\"summary_large_image\" \/>\n<script type=\"application\/ld+json\" class=\"yoast-schema-graph\">{\"@context\":\"https:\\\/\\\/schema.org\",\"@graph\":[{\"@type\":\"WebPage\",\"@id\":\"https:\\\/\\\/skaitytaknyga.lt\\\/produktas\\\/isimylejeliu-stovykla\\\/\",\"url\":\"https:\\\/\\\/skaitytaknyga.lt\\\/produktas\\\/isimylejeliu-stovykla\\\/\",\"name\":\"\u012esimyl\u0117j\u0117li\u0173 stovykla\",\"isPartOf\":{\"@id\":\"https:\\\/\\\/skaitytaknyga.lt\\\/#website\"},\"primaryImageOfPage\":{\"@id\":\"https:\\\/\\\/skaitytaknyga.lt\\\/produktas\\\/isimylejeliu-stovykla\\\/#primaryimage\"},\"image\":{\"@id\":\"https:\\\/\\\/skaitytaknyga.lt\\\/produktas\\\/isimylejeliu-stovykla\\\/#primaryimage\"},\"thumbnailUrl\":\"https:\\\/\\\/skaitytaknyga.lt\\\/wp-content\\\/uploads\\\/2025\\\/06\\\/Isimylejeliu-stovykla.webp\",\"datePublished\":\"2025-06-15T17:29:41+00:00\",\"dateModified\":\"2025-06-26T12:06:04+00:00\",\"description\":\"\u201e\u012esimyl\u0117j\u0117li\u0173 stovykla\u201c - pirmoji Editos Mila\u0161evi\u010di\u016bt\u0117s knyga. Tai \u0161maik\u0161tus k\u016brinys, skirtas vidutinio ir vyresniojo am\u017eiaus paaugliams: nuotyki\u0173\",\"breadcrumb\":{\"@id\":\"https:\\\/\\\/skaitytaknyga.lt\\\/produktas\\\/isimylejeliu-stovykla\\\/#breadcrumb\"},\"inLanguage\":\"en-GB\",\"potentialAction\":[{\"@type\":\"ReadAction\",\"target\":[\"https:\\\/\\\/skaitytaknyga.lt\\\/produktas\\\/isimylejeliu-stovykla\\\/\"]}]},{\"@type\":\"ImageObject\",\"inLanguage\":\"en-GB\",\"@id\":\"https:\\\/\\\/skaitytaknyga.lt\\\/produktas\\\/isimylejeliu-stovykla\\\/#primaryimage\",\"url\":\"https:\\\/\\\/skaitytaknyga.lt\\\/wp-content\\\/uploads\\\/2025\\\/06\\\/Isimylejeliu-stovykla.webp\",\"contentUrl\":\"https:\\\/\\\/skaitytaknyga.lt\\\/wp-content\\\/uploads\\\/2025\\\/06\\\/Isimylejeliu-stovykla.webp\",\"width\":545,\"height\":801,\"caption\":\"\u012esimyl\u0117j\u0117li\u0173 stovykla\"},{\"@type\":\"BreadcrumbList\",\"@id\":\"https:\\\/\\\/skaitytaknyga.lt\\\/produktas\\\/isimylejeliu-stovykla\\\/#breadcrumb\",\"itemListElement\":[{\"@type\":\"ListItem\",\"position\":1,\"name\":\"Home\",\"item\":\"https:\\\/\\\/skaitytaknyga.lt\\\/\"},{\"@type\":\"ListItem\",\"position\":2,\"name\":\"Parduotuv\u0117\",\"item\":\"https:\\\/\\\/skaitytaknyga.lt\\\/knygu-parduotuve\\\/\"},{\"@type\":\"ListItem\",\"position\":3,\"name\":\"\u012esimyl\u0117j\u0117li\u0173 stovykla\"}]},{\"@type\":\"WebSite\",\"@id\":\"https:\\\/\\\/skaitytaknyga.lt\\\/#website\",\"url\":\"https:\\\/\\\/skaitytaknyga.lt\\\/\",\"name\":\"skaitytaknyga.lt\",\"description\":\"Skaitytaknyga.lt \u2013 tai ma\u017eas \u0161eimos verslas, kuris prasid\u0117jo nuo meil\u0117s knygoms ir siekio i\u0161gelb\u0117ti knygas nuo likimo prie konteinerio. Kas vienam nereikalingas daiktas \u2013 kitam lobis, o mes esame tarpininkai, kurie padeda abiems tapti laimingesniems ???? \u017dinome kaip nelengva i\u0161gyventi ma\u017eiems verslams, tad nuo \u0161iol, \u010dia rasite ir kit\u0173, ma\u017e\u0173 \u0161eim\u0173 versl\u0173, rank\u0173 darbo, dovan\u0173 sau ir artimiesiems.\",\"publisher\":{\"@id\":\"https:\\\/\\\/skaitytaknyga.lt\\\/#organization\"},\"potentialAction\":[{\"@type\":\"SearchAction\",\"target\":{\"@type\":\"EntryPoint\",\"urlTemplate\":\"https:\\\/\\\/skaitytaknyga.lt\\\/?s={search_term_string}\"},\"query-input\":{\"@type\":\"PropertyValueSpecification\",\"valueRequired\":true,\"valueName\":\"search_term_string\"}}],\"inLanguage\":\"en-GB\"},{\"@type\":\"Organization\",\"@id\":\"https:\\\/\\\/skaitytaknyga.lt\\\/#organization\",\"name\":\"skaitytaknyga.lt\",\"url\":\"https:\\\/\\\/skaitytaknyga.lt\\\/\",\"logo\":{\"@type\":\"ImageObject\",\"inLanguage\":\"en-GB\",\"@id\":\"https:\\\/\\\/skaitytaknyga.lt\\\/#\\\/schema\\\/logo\\\/image\\\/\",\"url\":\"https:\\\/\\\/skaitytaknyga.lt\\\/wp-content\\\/uploads\\\/2024\\\/05\\\/cropped-cropped-cropped-02_00843_jt3bggkj1j3HLc7SyY6rEUpg.jpeg\",\"contentUrl\":\"https:\\\/\\\/skaitytaknyga.lt\\\/wp-content\\\/uploads\\\/2024\\\/05\\\/cropped-cropped-cropped-02_00843_jt3bggkj1j3HLc7SyY6rEUpg.jpeg\",\"width\":1600,\"height\":1600,\"caption\":\"skaitytaknyga.lt\"},\"image\":{\"@id\":\"https:\\\/\\\/skaitytaknyga.lt\\\/#\\\/schema\\\/logo\\\/image\\\/\"},\"sameAs\":[\"https:\\\/\\\/www.facebook.com\\\/skaitytaknyga\\\/\"]}]}<\/script>\n<!-- \/ Yoast SEO plugin. -->","yoast_head_json":{"title":"\u012esimyl\u0117j\u0117li\u0173 stovykla","description":"\u201e\u012esimyl\u0117j\u0117li\u0173 stovykla\u201c - pirmoji Editos Mila\u0161evi\u010di\u016bt\u0117s knyga. Tai \u0161maik\u0161tus k\u016brinys, skirtas vidutinio ir vyresniojo am\u017eiaus paaugliams: nuotyki\u0173","robots":{"index":"index","follow":"follow","max-snippet":"max-snippet:-1","max-image-preview":"max-image-preview:large","max-video-preview":"max-video-preview:-1"},"canonical":"https:\/\/skaitytaknyga.lt\/en\/produktas\/isimylejeliu-stovykla\/","og_locale":"en_GB","og_type":"article","og_title":"[:lt]\u012esimyl\u0117j\u0117li\u0173 stovykla[:] - Skaitytaknyga","og_description":"\u201e\u012esimyl\u0117j\u0117li\u0173 stovykla\u201c - pirmoji Editos Mila\u0161evi\u010di\u016bt\u0117s knyga. Tai \u0161maik\u0161tus k\u016brinys, skirtas vidutinio ir vyresniojo am\u017eiaus paaugliams: nuotyki\u0173","og_url":"https:\/\/skaitytaknyga.lt\/en\/produktas\/isimylejeliu-stovykla\/","og_site_name":"Skaitytaknyga","article_publisher":"https:\/\/www.facebook.com\/skaitytaknyga\/","article_modified_time":"2025-06-26T12:06:04+00:00","og_image":[{"width":545,"height":801,"url":"https:\/\/skaitytaknyga.lt\/wp-content\/uploads\/2025\/06\/Isimylejeliu-stovykla.webp","type":"image\/webp"}],"twitter_card":"summary_large_image","schema":{"@context":"https:\/\/schema.org","@graph":[{"@type":"WebPage","@id":"https:\/\/skaitytaknyga.lt\/produktas\/isimylejeliu-stovykla\/","url":"https:\/\/skaitytaknyga.lt\/produktas\/isimylejeliu-stovykla\/","name":"\u012esimyl\u0117j\u0117li\u0173 stovykla","isPartOf":{"@id":"https:\/\/skaitytaknyga.lt\/#website"},"primaryImageOfPage":{"@id":"https:\/\/skaitytaknyga.lt\/produktas\/isimylejeliu-stovykla\/#primaryimage"},"image":{"@id":"https:\/\/skaitytaknyga.lt\/produktas\/isimylejeliu-stovykla\/#primaryimage"},"thumbnailUrl":"https:\/\/skaitytaknyga.lt\/wp-content\/uploads\/2025\/06\/Isimylejeliu-stovykla.webp","datePublished":"2025-06-15T17:29:41+00:00","dateModified":"2025-06-26T12:06:04+00:00","description":"\u201e\u012esimyl\u0117j\u0117li\u0173 stovykla\u201c - pirmoji Editos Mila\u0161evi\u010di\u016bt\u0117s knyga. Tai \u0161maik\u0161tus k\u016brinys, skirtas vidutinio ir vyresniojo am\u017eiaus paaugliams: nuotyki\u0173","breadcrumb":{"@id":"https:\/\/skaitytaknyga.lt\/produktas\/isimylejeliu-stovykla\/#breadcrumb"},"inLanguage":"en-GB","potentialAction":[{"@type":"ReadAction","target":["https:\/\/skaitytaknyga.lt\/produktas\/isimylejeliu-stovykla\/"]}]},{"@type":"ImageObject","inLanguage":"en-GB","@id":"https:\/\/skaitytaknyga.lt\/produktas\/isimylejeliu-stovykla\/#primaryimage","url":"https:\/\/skaitytaknyga.lt\/wp-content\/uploads\/2025\/06\/Isimylejeliu-stovykla.webp","contentUrl":"https:\/\/skaitytaknyga.lt\/wp-content\/uploads\/2025\/06\/Isimylejeliu-stovykla.webp","width":545,"height":801,"caption":"\u012esimyl\u0117j\u0117li\u0173 stovykla"},{"@type":"BreadcrumbList","@id":"https:\/\/skaitytaknyga.lt\/produktas\/isimylejeliu-stovykla\/#breadcrumb","itemListElement":[{"@type":"ListItem","position":1,"name":"Home","item":"https:\/\/skaitytaknyga.lt\/"},{"@type":"ListItem","position":2,"name":"Parduotuv\u0117","item":"https:\/\/skaitytaknyga.lt\/knygu-parduotuve\/"},{"@type":"ListItem","position":3,"name":"\u012esimyl\u0117j\u0117li\u0173 stovykla"}]},{"@type":"WebSite","@id":"https:\/\/skaitytaknyga.lt\/#website","url":"https:\/\/skaitytaknyga.lt\/","name":"skaitytaknyga.lt","description":"Skaitytaknyga.lt \u2013 tai ma\u017eas \u0161eimos verslas, kuris prasid\u0117jo nuo meil\u0117s knygoms ir siekio i\u0161gelb\u0117ti knygas nuo likimo prie konteinerio. Kas vienam nereikalingas daiktas \u2013 kitam lobis, o mes esame tarpininkai, kurie padeda abiems tapti laimingesniems ???? \u017dinome kaip nelengva i\u0161gyventi ma\u017eiems verslams, tad nuo \u0161iol, \u010dia rasite ir kit\u0173, ma\u017e\u0173 \u0161eim\u0173 versl\u0173, rank\u0173 darbo, dovan\u0173 sau ir artimiesiems.","publisher":{"@id":"https:\/\/skaitytaknyga.lt\/#organization"},"potentialAction":[{"@type":"SearchAction","target":{"@type":"EntryPoint","urlTemplate":"https:\/\/skaitytaknyga.lt\/?s={search_term_string}"},"query-input":{"@type":"PropertyValueSpecification","valueRequired":true,"valueName":"search_term_string"}}],"inLanguage":"en-GB"},{"@type":"Organization","@id":"https:\/\/skaitytaknyga.lt\/#organization","name":"skaitytaknyga.lt","url":"https:\/\/skaitytaknyga.lt\/","logo":{"@type":"ImageObject","inLanguage":"en-GB","@id":"https:\/\/skaitytaknyga.lt\/#\/schema\/logo\/image\/","url":"https:\/\/skaitytaknyga.lt\/wp-content\/uploads\/2024\/05\/cropped-cropped-cropped-02_00843_jt3bggkj1j3HLc7SyY6rEUpg.jpeg","contentUrl":"https:\/\/skaitytaknyga.lt\/wp-content\/uploads\/2024\/05\/cropped-cropped-cropped-02_00843_jt3bggkj1j3HLc7SyY6rEUpg.jpeg","width":1600,"height":1600,"caption":"skaitytaknyga.lt"},"image":{"@id":"https:\/\/skaitytaknyga.lt\/#\/schema\/logo\/image\/"},"sameAs":["https:\/\/www.facebook.com\/skaitytaknyga\/"]}]}},"_links":{"self":[{"href":"https:\/\/skaitytaknyga.lt\/en\/wp-json\/wp\/v2\/product\/18984","targetHints":{"allow":["GET"]}}],"collection":[{"href":"https:\/\/skaitytaknyga.lt\/en\/wp-json\/wp\/v2\/product"}],"about":[{"href":"https:\/\/skaitytaknyga.lt\/en\/wp-json\/wp\/v2\/types\/product"}],"replies":[{"embeddable":true,"href":"https:\/\/skaitytaknyga.lt\/en\/wp-json\/wp\/v2\/comments?post=18984"}],"wp:featuredmedia":[{"embeddable":true,"href":"https:\/\/skaitytaknyga.lt\/en\/wp-json\/wp\/v2\/media\/18989"}],"wp:attachment":[{"href":"https:\/\/skaitytaknyga.lt\/en\/wp-json\/wp\/v2\/media?parent=18984"}],"wp:term":[{"taxonomy":"product_brand","embeddable":true,"href":"https:\/\/skaitytaknyga.lt\/en\/wp-json\/wp\/v2\/product_brand?post=18984"},{"taxonomy":"product_cat","embeddable":true,"href":"https:\/\/skaitytaknyga.lt\/en\/wp-json\/wp\/v2\/product_cat?post=18984"},{"taxonomy":"product_tag","embeddable":true,"href":"https:\/\/skaitytaknyga.lt\/en\/wp-json\/wp\/v2\/product_tag?post=18984"}],"curies":[{"name":"wp","href":"https:\/\/api.w.org\/{rel}","templated":true}]}}