{"id":18982,"date":"2025-06-15T20:29:40","date_gmt":"2025-06-15T17:29:40","guid":{"rendered":"https:\/\/skaitytaknyga.lt\/?post_type=product&#038;p=18982"},"modified":"2025-06-26T15:06:04","modified_gmt":"2025-06-26T12:06:04","slug":"spintologija-nera-ko-rengtis","status":"publish","type":"product","link":"https:\/\/skaitytaknyga.lt\/en\/produktas\/spintologija-nera-ko-rengtis\/","title":{"rendered":"Spintologija. N\u0117ra ko rengtis?!"},"content":{"rendered":"<p>\u201eK\u0105 daryti, kai neturi, ko apsirengti?<\/p>\n<p>Kaip i\u0161sivalyti spint\u0105, kad i\u0161 jos i\u0161traukus bet kur\u012f drabu\u017e\u012f, \u017einotum, su kuo j\u012f d\u0117v\u0117ti?<\/p>\n<p>Kaip nei\u0161leid\u017eiant milijono pinig\u0173 atrodyti puikiai?<\/p>\n<p>Kaip atsisveikinti su daiktais, kuri\u0173 ned\u0117v\u0117jai N met\u0173?<\/p>\n<p>Kaip pirkti, kad visada tur\u0117tum, k\u0105 rengtis?\u201c \u2013 \u017einau atsakymus \u012f \u0161iuos ir dar begal\u0119 kit\u0173 klausim\u0173 ir \u0161ioje knygoje jais dalinuosi.<\/p>\n<p>Agn\u0117 Gilyt\u0117<\/p>\n","protected":false},"excerpt":{"rendered":"<p>\u201eK\u0105 daryti, kai neturi, ko apsirengti? Kaip i\u0161sivalyti spint\u0105, kad i\u0161 jos i\u0161traukus bet kur\u012f drabu\u017e\u012f, \u017einotum, su kuo j\u012f d\u0117v\u0117ti? Kaip nei\u0161leid\u017eiant milijono pinig\u0173 atrodyti puikiai? Kaip atsisveikinti su daiktais, kuri\u0173 ned\u0117v\u0117jai N met\u0173? Kaip pirkti, kad visada tur\u0117tum, k\u0105 rengtis?\u201c \u2013 \u017einau atsakymus \u012f \u0161iuos ir dar begal\u0119 kit\u0173 klausim\u0173 ir \u0161ioje knygoje jais dalinuosi. Agn\u0117 Gilyt\u0117<\/p>\n","protected":false},"featured_media":18987,"comment_status":"open","ping_status":"closed","template":"","meta":{"_acf_changed":false,"site-sidebar-layout":"default","site-content-layout":"","ast-site-content-layout":"default","site-content-style":"default","site-sidebar-style":"default","ast-global-header-display":"","ast-banner-title-visibility":"","ast-main-header-display":"","ast-hfb-above-header-display":"","ast-hfb-below-header-display":"","ast-hfb-mobile-header-display":"","site-post-title":"","ast-breadcrumbs-content":"","ast-featured-img":"","footer-sml-layout":"","ast-disable-related-posts":"","theme-transparent-header-meta":"","adv-header-id-meta":"","stick-header-meta":"","header-above-stick-meta":"","header-main-stick-meta":"","header-below-stick-meta":"","astra-migrate-meta-layouts":"default","ast-page-background-enabled":"default","ast-page-background-meta":{"desktop":{"background-color":"","background-image":"","background-repeat":"repeat","background-position":"center center","background-size":"auto","background-attachment":"scroll","background-type":"","background-media":"","overlay-type":"","overlay-color":"","overlay-opacity":"","overlay-gradient":""},"tablet":{"background-color":"","background-image":"","background-repeat":"repeat","background-position":"center center","background-size":"auto","background-attachment":"scroll","background-type":"","background-media":"","overlay-type":"","overlay-color":"","overlay-opacity":"","overlay-gradient":""},"mobile":{"background-color":"","background-image":"","background-repeat":"repeat","background-position":"center center","background-size":"auto","background-attachment":"scroll","background-type":"","background-media":"","overlay-type":"","overlay-color":"","overlay-opacity":"","overlay-gradient":""}},"ast-content-background-meta":{"desktop":{"background-color":"var(--ast-global-color-4)","background-image":"","background-repeat":"repeat","background-position":"center center","background-size":"auto","background-attachment":"scroll","background-type":"","background-media":"","overlay-type":"","overlay-color":"","overlay-opacity":"","overlay-gradient":""},"tablet":{"background-color":"var(--ast-global-color-4)","background-image":"","background-repeat":"repeat","background-position":"center center","background-size":"auto","background-attachment":"scroll","background-type":"","background-media":"","overlay-type":"","overlay-color":"","overlay-opacity":"","overlay-gradient":""},"mobile":{"background-color":"var(--ast-global-color-4)","background-image":"","background-repeat":"repeat","background-position":"center center","background-size":"auto","background-attachment":"scroll","background-type":"","background-media":"","overlay-type":"","overlay-color":"","overlay-opacity":"","overlay-gradient":""}}},"product_brand":[],"product_cat":[15],"product_tag":[5504,2673,3432,5505,5396],"class_list":{"0":"post-18982","1":"product","2":"type-product","3":"status-publish","4":"has-post-thumbnail","6":"product_cat-uncategorized","7":"product_tag-agne-gilyte","8":"product_tag-kasdienybe","9":"product_tag-patarimai","10":"product_tag-spinta","11":"product_tag-stilius","12":"desktop-align-left","13":"tablet-align-left","14":"mobile-align-left","16":"first","17":"instock","18":"shipping-taxable","19":"purchasable","20":"product-type-simple"},"acf":[],"yoast_head":"<!-- This site is optimized with the Yoast SEO plugin v27.0 - https:\/\/yoast.com\/product\/yoast-seo-wordpress\/ -->\n<title>Spintologija. N\u0117ra ko rengtis?!<\/title>\n<meta name=\"description\" content=\"\u201eK\u0105 daryti, kai neturi, ko apsirengti? Kaip i\u0161sivalyti spint\u0105, kad i\u0161 jos i\u0161traukus bet kur\u012f drabu\u017e\u012f, \u017einotum, su kuo j\u012f d\u0117v\u0117ti? Kaip nei\u0161leid\u017eiant\" \/>\n<meta name=\"robots\" content=\"index, follow, max-snippet:-1, max-image-preview:large, max-video-preview:-1\" \/>\n<link rel=\"canonical\" href=\"https:\/\/skaitytaknyga.lt\/en\/produktas\/spintologija-nera-ko-rengtis\/\" \/>\n<meta property=\"og:locale\" content=\"en_GB\" \/>\n<meta property=\"og:locale:alternate\" content=\"lt_LT\" \/>\n<meta property=\"og:type\" content=\"article\" \/>\n<meta property=\"og:title\" content=\"Spintologija. N\u0117ra ko rengtis?!\" \/>\n<meta property=\"og:description\" content=\"\u201eK\u0105 daryti, kai neturi, ko apsirengti? Kaip i\u0161sivalyti spint\u0105, kad i\u0161 jos i\u0161traukus bet kur\u012f drabu\u017e\u012f, \u017einotum, su kuo j\u012f d\u0117v\u0117ti? Kaip nei\u0161leid\u017eiant\" \/>\n<meta property=\"og:url\" content=\"https:\/\/skaitytaknyga.lt\/en\/produktas\/spintologija-nera-ko-rengtis\/\" \/>\n<meta property=\"og:site_name\" content=\"Skaitytaknyga\" \/>\n<meta property=\"article:publisher\" content=\"https:\/\/www.facebook.com\/skaitytaknyga\/\" \/>\n<meta property=\"article:modified_time\" content=\"2025-06-26T12:06:04+00:00\" \/>\n<meta property=\"og:image\" content=\"https:\/\/skaitytaknyga.lt\/wp-content\/uploads\/2025\/06\/Spintologija.-Nera-ko-rengtis.webp\" \/>\n\t<meta property=\"og:image:width\" content=\"403\" \/>\n\t<meta property=\"og:image:height\" content=\"600\" \/>\n\t<meta property=\"og:image:type\" content=\"image\/webp\" \/>\n<meta name=\"twitter:card\" content=\"summary_large_image\" \/>\n<script type=\"application\/ld+json\" class=\"yoast-schema-graph\">{\"@context\":\"https:\/\/schema.org\",\"@graph\":[{\"@type\":\"WebPage\",\"@id\":\"https:\/\/skaitytaknyga.lt\/produktas\/spintologija-nera-ko-rengtis\/\",\"url\":\"https:\/\/skaitytaknyga.lt\/produktas\/spintologija-nera-ko-rengtis\/\",\"name\":\"Spintologija. N\u0117ra ko rengtis?!\",\"isPartOf\":{\"@id\":\"https:\/\/skaitytaknyga.lt\/#website\"},\"primaryImageOfPage\":{\"@id\":\"https:\/\/skaitytaknyga.lt\/produktas\/spintologija-nera-ko-rengtis\/#primaryimage\"},\"image\":{\"@id\":\"https:\/\/skaitytaknyga.lt\/produktas\/spintologija-nera-ko-rengtis\/#primaryimage\"},\"thumbnailUrl\":\"https:\/\/skaitytaknyga.lt\/wp-content\/uploads\/2025\/06\/Spintologija.-Nera-ko-rengtis.webp\",\"datePublished\":\"2025-06-15T17:29:40+00:00\",\"dateModified\":\"2025-06-26T12:06:04+00:00\",\"description\":\"\u201eK\u0105 daryti, kai neturi, ko apsirengti? Kaip i\u0161sivalyti spint\u0105, kad i\u0161 jos i\u0161traukus bet kur\u012f drabu\u017e\u012f, \u017einotum, su kuo j\u012f d\u0117v\u0117ti? Kaip nei\u0161leid\u017eiant\",\"breadcrumb\":{\"@id\":\"https:\/\/skaitytaknyga.lt\/produktas\/spintologija-nera-ko-rengtis\/#breadcrumb\"},\"inLanguage\":\"en-GB\",\"potentialAction\":[{\"@type\":\"ReadAction\",\"target\":[\"https:\/\/skaitytaknyga.lt\/produktas\/spintologija-nera-ko-rengtis\/\"]}]},{\"@type\":\"ImageObject\",\"inLanguage\":\"en-GB\",\"@id\":\"https:\/\/skaitytaknyga.lt\/produktas\/spintologija-nera-ko-rengtis\/#primaryimage\",\"url\":\"https:\/\/skaitytaknyga.lt\/wp-content\/uploads\/2025\/06\/Spintologija.-Nera-ko-rengtis.webp\",\"contentUrl\":\"https:\/\/skaitytaknyga.lt\/wp-content\/uploads\/2025\/06\/Spintologija.-Nera-ko-rengtis.webp\",\"width\":403,\"height\":600,\"caption\":\"Spintologija. N\u0117ra ko rengtis?!\"},{\"@type\":\"BreadcrumbList\",\"@id\":\"https:\/\/skaitytaknyga.lt\/produktas\/spintologija-nera-ko-rengtis\/#breadcrumb\",\"itemListElement\":[{\"@type\":\"ListItem\",\"position\":1,\"name\":\"Home\",\"item\":\"https:\/\/skaitytaknyga.lt\/\"},{\"@type\":\"ListItem\",\"position\":2,\"name\":\"Parduotuv\u0117\",\"item\":\"https:\/\/skaitytaknyga.lt\/knygu-parduotuve\/\"},{\"@type\":\"ListItem\",\"position\":3,\"name\":\"Spintologija. N\u0117ra ko rengtis?!\"}]},{\"@type\":\"WebSite\",\"@id\":\"https:\/\/skaitytaknyga.lt\/#website\",\"url\":\"https:\/\/skaitytaknyga.lt\/\",\"name\":\"skaitytaknyga.lt\",\"description\":\"Skaitytaknyga.lt \u2013 tai ma\u017eas \u0161eimos verslas, kuris prasid\u0117jo nuo meil\u0117s knygoms ir siekio i\u0161gelb\u0117ti knygas nuo likimo prie konteinerio. Kas vienam nereikalingas daiktas \u2013 kitam lobis, o mes esame tarpininkai, kurie padeda abiems tapti laimingesniems ???? \u017dinome kaip nelengva i\u0161gyventi ma\u017eiems verslams, tad nuo \u0161iol, \u010dia rasite ir kit\u0173, ma\u017e\u0173 \u0161eim\u0173 versl\u0173, rank\u0173 darbo, dovan\u0173 sau ir artimiesiems.\",\"publisher\":{\"@id\":\"https:\/\/skaitytaknyga.lt\/#organization\"},\"potentialAction\":[{\"@type\":\"SearchAction\",\"target\":{\"@type\":\"EntryPoint\",\"urlTemplate\":\"https:\/\/skaitytaknyga.lt\/?s={search_term_string}\"},\"query-input\":{\"@type\":\"PropertyValueSpecification\",\"valueRequired\":true,\"valueName\":\"search_term_string\"}}],\"inLanguage\":\"en-GB\"},{\"@type\":\"Organization\",\"@id\":\"https:\/\/skaitytaknyga.lt\/#organization\",\"name\":\"skaitytaknyga.lt\",\"url\":\"https:\/\/skaitytaknyga.lt\/\",\"logo\":{\"@type\":\"ImageObject\",\"inLanguage\":\"en-GB\",\"@id\":\"https:\/\/skaitytaknyga.lt\/#\/schema\/logo\/image\/\",\"url\":\"https:\/\/skaitytaknyga.lt\/wp-content\/uploads\/2024\/05\/cropped-cropped-cropped-02_00843_jt3bggkj1j3HLc7SyY6rEUpg.jpeg\",\"contentUrl\":\"https:\/\/skaitytaknyga.lt\/wp-content\/uploads\/2024\/05\/cropped-cropped-cropped-02_00843_jt3bggkj1j3HLc7SyY6rEUpg.jpeg\",\"width\":1600,\"height\":1600,\"caption\":\"skaitytaknyga.lt\"},\"image\":{\"@id\":\"https:\/\/skaitytaknyga.lt\/#\/schema\/logo\/image\/\"},\"sameAs\":[\"https:\/\/www.facebook.com\/skaitytaknyga\/\"]}]}<\/script>\n<!-- \/ Yoast SEO plugin. -->","yoast_head_json":{"title":"Spintologija. N\u0117ra ko rengtis?!","description":"\u201eK\u0105 daryti, kai neturi, ko apsirengti? Kaip i\u0161sivalyti spint\u0105, kad i\u0161 jos i\u0161traukus bet kur\u012f drabu\u017e\u012f, \u017einotum, su kuo j\u012f d\u0117v\u0117ti? Kaip nei\u0161leid\u017eiant","robots":{"index":"index","follow":"follow","max-snippet":"max-snippet:-1","max-image-preview":"max-image-preview:large","max-video-preview":"max-video-preview:-1"},"canonical":"https:\/\/skaitytaknyga.lt\/en\/produktas\/spintologija-nera-ko-rengtis\/","og_locale":"en_GB","og_type":"article","og_title":"[:lt]Spintologija. N\u0117ra ko rengtis?![:] - Skaitytaknyga","og_description":"\u201eK\u0105 daryti, kai neturi, ko apsirengti? Kaip i\u0161sivalyti spint\u0105, kad i\u0161 jos i\u0161traukus bet kur\u012f drabu\u017e\u012f, \u017einotum, su kuo j\u012f d\u0117v\u0117ti? Kaip nei\u0161leid\u017eiant","og_url":"https:\/\/skaitytaknyga.lt\/en\/produktas\/spintologija-nera-ko-rengtis\/","og_site_name":"Skaitytaknyga","article_publisher":"https:\/\/www.facebook.com\/skaitytaknyga\/","article_modified_time":"2025-06-26T12:06:04+00:00","og_image":[{"width":403,"height":600,"url":"https:\/\/skaitytaknyga.lt\/wp-content\/uploads\/2025\/06\/Spintologija.-Nera-ko-rengtis.webp","type":"image\/webp"}],"twitter_card":"summary_large_image","schema":{"@context":"https:\/\/schema.org","@graph":[{"@type":"WebPage","@id":"https:\/\/skaitytaknyga.lt\/produktas\/spintologija-nera-ko-rengtis\/","url":"https:\/\/skaitytaknyga.lt\/produktas\/spintologija-nera-ko-rengtis\/","name":"Spintologija. N\u0117ra ko rengtis?!","isPartOf":{"@id":"https:\/\/skaitytaknyga.lt\/#website"},"primaryImageOfPage":{"@id":"https:\/\/skaitytaknyga.lt\/produktas\/spintologija-nera-ko-rengtis\/#primaryimage"},"image":{"@id":"https:\/\/skaitytaknyga.lt\/produktas\/spintologija-nera-ko-rengtis\/#primaryimage"},"thumbnailUrl":"https:\/\/skaitytaknyga.lt\/wp-content\/uploads\/2025\/06\/Spintologija.-Nera-ko-rengtis.webp","datePublished":"2025-06-15T17:29:40+00:00","dateModified":"2025-06-26T12:06:04+00:00","description":"\u201eK\u0105 daryti, kai neturi, ko apsirengti? Kaip i\u0161sivalyti spint\u0105, kad i\u0161 jos i\u0161traukus bet kur\u012f drabu\u017e\u012f, \u017einotum, su kuo j\u012f d\u0117v\u0117ti? Kaip nei\u0161leid\u017eiant","breadcrumb":{"@id":"https:\/\/skaitytaknyga.lt\/produktas\/spintologija-nera-ko-rengtis\/#breadcrumb"},"inLanguage":"en-GB","potentialAction":[{"@type":"ReadAction","target":["https:\/\/skaitytaknyga.lt\/produktas\/spintologija-nera-ko-rengtis\/"]}]},{"@type":"ImageObject","inLanguage":"en-GB","@id":"https:\/\/skaitytaknyga.lt\/produktas\/spintologija-nera-ko-rengtis\/#primaryimage","url":"https:\/\/skaitytaknyga.lt\/wp-content\/uploads\/2025\/06\/Spintologija.-Nera-ko-rengtis.webp","contentUrl":"https:\/\/skaitytaknyga.lt\/wp-content\/uploads\/2025\/06\/Spintologija.-Nera-ko-rengtis.webp","width":403,"height":600,"caption":"Spintologija. N\u0117ra ko rengtis?!"},{"@type":"BreadcrumbList","@id":"https:\/\/skaitytaknyga.lt\/produktas\/spintologija-nera-ko-rengtis\/#breadcrumb","itemListElement":[{"@type":"ListItem","position":1,"name":"Home","item":"https:\/\/skaitytaknyga.lt\/"},{"@type":"ListItem","position":2,"name":"Parduotuv\u0117","item":"https:\/\/skaitytaknyga.lt\/knygu-parduotuve\/"},{"@type":"ListItem","position":3,"name":"Spintologija. N\u0117ra ko rengtis?!"}]},{"@type":"WebSite","@id":"https:\/\/skaitytaknyga.lt\/#website","url":"https:\/\/skaitytaknyga.lt\/","name":"skaitytaknyga.lt","description":"Skaitytaknyga.lt \u2013 tai ma\u017eas \u0161eimos verslas, kuris prasid\u0117jo nuo meil\u0117s knygoms ir siekio i\u0161gelb\u0117ti knygas nuo likimo prie konteinerio. Kas vienam nereikalingas daiktas \u2013 kitam lobis, o mes esame tarpininkai, kurie padeda abiems tapti laimingesniems ???? \u017dinome kaip nelengva i\u0161gyventi ma\u017eiems verslams, tad nuo \u0161iol, \u010dia rasite ir kit\u0173, ma\u017e\u0173 \u0161eim\u0173 versl\u0173, rank\u0173 darbo, dovan\u0173 sau ir artimiesiems.","publisher":{"@id":"https:\/\/skaitytaknyga.lt\/#organization"},"potentialAction":[{"@type":"SearchAction","target":{"@type":"EntryPoint","urlTemplate":"https:\/\/skaitytaknyga.lt\/?s={search_term_string}"},"query-input":{"@type":"PropertyValueSpecification","valueRequired":true,"valueName":"search_term_string"}}],"inLanguage":"en-GB"},{"@type":"Organization","@id":"https:\/\/skaitytaknyga.lt\/#organization","name":"skaitytaknyga.lt","url":"https:\/\/skaitytaknyga.lt\/","logo":{"@type":"ImageObject","inLanguage":"en-GB","@id":"https:\/\/skaitytaknyga.lt\/#\/schema\/logo\/image\/","url":"https:\/\/skaitytaknyga.lt\/wp-content\/uploads\/2024\/05\/cropped-cropped-cropped-02_00843_jt3bggkj1j3HLc7SyY6rEUpg.jpeg","contentUrl":"https:\/\/skaitytaknyga.lt\/wp-content\/uploads\/2024\/05\/cropped-cropped-cropped-02_00843_jt3bggkj1j3HLc7SyY6rEUpg.jpeg","width":1600,"height":1600,"caption":"skaitytaknyga.lt"},"image":{"@id":"https:\/\/skaitytaknyga.lt\/#\/schema\/logo\/image\/"},"sameAs":["https:\/\/www.facebook.com\/skaitytaknyga\/"]}]}},"_links":{"self":[{"href":"https:\/\/skaitytaknyga.lt\/en\/wp-json\/wp\/v2\/product\/18982","targetHints":{"allow":["GET"]}}],"collection":[{"href":"https:\/\/skaitytaknyga.lt\/en\/wp-json\/wp\/v2\/product"}],"about":[{"href":"https:\/\/skaitytaknyga.lt\/en\/wp-json\/wp\/v2\/types\/product"}],"replies":[{"embeddable":true,"href":"https:\/\/skaitytaknyga.lt\/en\/wp-json\/wp\/v2\/comments?post=18982"}],"wp:featuredmedia":[{"embeddable":true,"href":"https:\/\/skaitytaknyga.lt\/en\/wp-json\/wp\/v2\/media\/18987"}],"wp:attachment":[{"href":"https:\/\/skaitytaknyga.lt\/en\/wp-json\/wp\/v2\/media?parent=18982"}],"wp:term":[{"taxonomy":"product_brand","embeddable":true,"href":"https:\/\/skaitytaknyga.lt\/en\/wp-json\/wp\/v2\/product_brand?post=18982"},{"taxonomy":"product_cat","embeddable":true,"href":"https:\/\/skaitytaknyga.lt\/en\/wp-json\/wp\/v2\/product_cat?post=18982"},{"taxonomy":"product_tag","embeddable":true,"href":"https:\/\/skaitytaknyga.lt\/en\/wp-json\/wp\/v2\/product_tag?post=18982"}],"curies":[{"name":"wp","href":"https:\/\/api.w.org\/{rel}","templated":true}]}}