{"id":18979,"date":"2025-06-15T20:26:38","date_gmt":"2025-06-15T17:26:38","guid":{"rendered":"https:\/\/skaitytaknyga.lt\/?post_type=product&#038;p=18979"},"modified":"2025-07-07T09:26:23","modified_gmt":"2025-07-07T06:26:23","slug":"tavo-vietoje","status":"publish","type":"product","link":"https:\/\/skaitytaknyga.lt\/en\/produktas\/tavo-vietoje\/","title":{"rendered":"Tavo vietoje"},"content":{"rendered":"<p>LINA PER JAUNA, KAD JAUST\u0172SI I\u0160SIS\u0116MUSI. AILIN\u0116 PER SENA, KAD IMT\u0172SI VISKO I\u0160 PRAD\u017dI\u0172. GALB\u016aT AT\u0116JO METAS JOMS SUSIKEISTI VIETOMIS?<\/p>\n<p>Darbe gavusi nurodym\u0105 por\u0105 m\u0117nesi\u0173 pails\u0117ti, Lina m\u0117gina atgauti i\u0161eikvotas j\u0117gas savo senel\u0117s Ailin\u0117s namuose. \u0160i, k\u0105 tik palikta vyro ir netrukus sulauksianti a\u0161tuoniasde\u0161imties, visai neprie\u0161taraut\u0173, jei tik gal\u0117t\u0173 susirasti nauj\u0105 mylim\u0105j\u012f. Vis d\u0117lto nedideliame Jork\u0161yro grafyst\u0117s kaimelyje tinkam\u0173 d\u017eentelmen\u0173 stinga&#8230; Tad Lina pasi\u016blo i\u0161eit\u012f: dviem m\u0117nesiams susikeisti vietomis. Ailin\u0117 pagyvens Londone, o Lina pri\u017ei\u016br\u0117s tvark\u0105 jos namuose kaime.<\/p>\n<p>Ta\u010diau susid\u016brusi su minia nesukalbam\u0173 pensinink\u0173, \u2013 ma\u017ea to, dar ir su iki irzulio tobulu ir provokuojamai dailiu vietos mokyklos mokytoju, \u2013 Lina supranta, kad tiesiog susikeisti gyvenimais ne taip paprasta. O Ailin\u0117 Londone tampa tikra sensacija ne tik tarp savo nauj\u0173j\u0173 kaimyn\u0173, bet ir internetini\u0173 pa\u017ein\u010di\u0173 pasaulyje. Vis d\u0117lto, ar n\u0117ra taip, kad tobuliausias jos partneris gyvena kur kas ar\u010diau tikr\u0173j\u0173 nam\u0173, nei ji gal\u0117jo pamanyti i\u0161 pat prad\u017ei\u0173?<\/p>\n","protected":false},"excerpt":{"rendered":"<p>LINA PER JAUNA, KAD JAUST\u0172SI I\u0160SIS\u0116MUSI. AILIN\u0116 PER SENA, KAD IMT\u0172SI VISKO I\u0160 PRAD\u017dI\u0172. GALB\u016aT AT\u0116JO METAS JOMS SUSIKEISTI VIETOMIS? Darbe gavusi nurodym\u0105 por\u0105 m\u0117nesi\u0173 pails\u0117ti, Lina m\u0117gina atgauti i\u0161eikvotas j\u0117gas savo senel\u0117s Ailin\u0117s namuose. \u0160i, k\u0105 tik palikta vyro ir netrukus sulauksianti a\u0161tuoniasde\u0161imties, visai neprie\u0161taraut\u0173, jei tik gal\u0117t\u0173 susirasti nauj\u0105 mylim\u0105j\u012f. Vis d\u0117lto nedideliame Jork\u0161yro grafyst\u0117s kaimelyje tinkam\u0173 d\u017eentelmen\u0173 stinga&#8230; Tad Lina pasi\u016blo i\u0161eit\u012f: dviem m\u0117nesiams susikeisti vietomis. Ailin\u0117 pagyvens Londone, o Lina pri\u017ei\u016br\u0117s tvark\u0105 jos namuose kaime. Ta\u010diau susid\u016brusi su minia nesukalbam\u0173 pensinink\u0173, \u2013 ma\u017ea to, dar ir su iki irzulio tobulu ir provokuojamai dailiu vietos mokyklos mokytoju, \u2013 Lina supranta, kad tiesiog susikeisti gyvenimais ne taip paprasta. O Ailin\u0117 Londone tampa tikra sensacija ne tik tarp savo nauj\u0173j\u0173 kaimyn\u0173, bet ir internetini\u0173 pa\u017ein\u010di\u0173 pasaulyje. Vis d\u0117lto, ar n\u0117ra taip, kad tobuliausias jos partneris gyvena kur kas ar\u010diau tikr\u0173j\u0173 nam\u0173, nei ji gal\u0117jo pamanyti i\u0161 pat prad\u017ei\u0173?<\/p>\n","protected":false},"featured_media":18981,"comment_status":"open","ping_status":"closed","template":"","meta":{"_acf_changed":false,"site-sidebar-layout":"default","site-content-layout":"","ast-site-content-layout":"default","site-content-style":"default","site-sidebar-style":"default","ast-global-header-display":"","ast-banner-title-visibility":"","ast-main-header-display":"","ast-hfb-above-header-display":"","ast-hfb-below-header-display":"","ast-hfb-mobile-header-display":"","site-post-title":"","ast-breadcrumbs-content":"","ast-featured-img":"","footer-sml-layout":"","ast-disable-related-posts":"","theme-transparent-header-meta":"","adv-header-id-meta":"","stick-header-meta":"","header-above-stick-meta":"","header-main-stick-meta":"","header-below-stick-meta":"","astra-migrate-meta-layouts":"default","ast-page-background-enabled":"default","ast-page-background-meta":{"desktop":{"background-color":"","background-image":"","background-repeat":"repeat","background-position":"center center","background-size":"auto","background-attachment":"scroll","background-type":"","background-media":"","overlay-type":"","overlay-color":"","overlay-opacity":"","overlay-gradient":""},"tablet":{"background-color":"","background-image":"","background-repeat":"repeat","background-position":"center center","background-size":"auto","background-attachment":"scroll","background-type":"","background-media":"","overlay-type":"","overlay-color":"","overlay-opacity":"","overlay-gradient":""},"mobile":{"background-color":"","background-image":"","background-repeat":"repeat","background-position":"center center","background-size":"auto","background-attachment":"scroll","background-type":"","background-media":"","overlay-type":"","overlay-color":"","overlay-opacity":"","overlay-gradient":""}},"ast-content-background-meta":{"desktop":{"background-color":"var(--ast-global-color-4)","background-image":"","background-repeat":"repeat","background-position":"center center","background-size":"auto","background-attachment":"scroll","background-type":"","background-media":"","overlay-type":"","overlay-color":"","overlay-opacity":"","overlay-gradient":""},"tablet":{"background-color":"var(--ast-global-color-4)","background-image":"","background-repeat":"repeat","background-position":"center center","background-size":"auto","background-attachment":"scroll","background-type":"","background-media":"","overlay-type":"","overlay-color":"","overlay-opacity":"","overlay-gradient":""},"mobile":{"background-color":"var(--ast-global-color-4)","background-image":"","background-repeat":"repeat","background-position":"center center","background-size":"auto","background-attachment":"scroll","background-type":"","background-media":"","overlay-type":"","overlay-color":"","overlay-opacity":"","overlay-gradient":""}}},"product_brand":[],"product_cat":[31],"product_tag":[5503,2971,1980,1796,3666],"class_list":{"0":"post-18979","1":"product","2":"type-product","3":"status-publish","4":"has-post-thumbnail","6":"product_cat-grozine-literatura","7":"product_tag-beth-oleary","8":"product_tag-gyvenimas","9":"product_tag-humoras","10":"product_tag-meile","11":"product_tag-pokyciai","12":"desktop-align-left","13":"tablet-align-left","14":"mobile-align-left","16":"first","17":"instock","18":"shipping-taxable","19":"purchasable","20":"product-type-simple"},"acf":[],"yoast_head":"<!-- This site is optimized with the Yoast SEO plugin v27.0 - https:\/\/yoast.com\/product\/yoast-seo-wordpress\/ -->\n<title>Tavo vietoje<\/title>\n<meta name=\"description\" content=\"LINA PER JAUNA, KAD JAUST\u0172SI I\u0160SIS\u0116MUSI. AILIN\u0116 PER SENA, KAD IMT\u0172SI VISKO I\u0160 PRAD\u017dI\u0172. GALB\u016aT AT\u0116JO METAS JOMS SUSIKEISTI VIETOMIS? Darbe gavusi nurodym\u0105\" \/>\n<meta name=\"robots\" content=\"index, follow, max-snippet:-1, max-image-preview:large, max-video-preview:-1\" \/>\n<link rel=\"canonical\" href=\"https:\/\/skaitytaknyga.lt\/en\/produktas\/tavo-vietoje\/\" \/>\n<meta property=\"og:locale\" content=\"en_GB\" \/>\n<meta property=\"og:locale:alternate\" content=\"lt_LT\" \/>\n<meta property=\"og:type\" content=\"article\" \/>\n<meta property=\"og:title\" content=\"Tavo vietoje\" \/>\n<meta property=\"og:description\" content=\"LINA PER JAUNA, KAD JAUST\u0172SI I\u0160SIS\u0116MUSI. AILIN\u0116 PER SENA, KAD IMT\u0172SI VISKO I\u0160 PRAD\u017dI\u0172. GALB\u016aT AT\u0116JO METAS JOMS SUSIKEISTI VIETOMIS? Darbe gavusi nurodym\u0105\" \/>\n<meta property=\"og:url\" content=\"https:\/\/skaitytaknyga.lt\/en\/produktas\/tavo-vietoje\/\" \/>\n<meta property=\"og:site_name\" content=\"Skaitytaknyga\" \/>\n<meta property=\"article:publisher\" content=\"https:\/\/www.facebook.com\/skaitytaknyga\/\" \/>\n<meta property=\"article:modified_time\" content=\"2025-07-07T06:26:23+00:00\" \/>\n<meta property=\"og:image\" content=\"https:\/\/skaitytaknyga.lt\/wp-content\/uploads\/2025\/06\/TAVO-VIETOJE.webp\" \/>\n\t<meta property=\"og:image:width\" content=\"531\" \/>\n\t<meta property=\"og:image:height\" content=\"801\" \/>\n\t<meta property=\"og:image:type\" content=\"image\/webp\" \/>\n<meta name=\"twitter:card\" content=\"summary_large_image\" \/>\n<meta name=\"twitter:label1\" content=\"Estimated reading time\" \/>\n\t<meta name=\"twitter:data1\" content=\"1 minute\" \/>\n<script type=\"application\/ld+json\" class=\"yoast-schema-graph\">{\"@context\":\"https:\/\/schema.org\",\"@graph\":[{\"@type\":\"WebPage\",\"@id\":\"https:\/\/skaitytaknyga.lt\/produktas\/tavo-vietoje\/\",\"url\":\"https:\/\/skaitytaknyga.lt\/produktas\/tavo-vietoje\/\",\"name\":\"Tavo vietoje\",\"isPartOf\":{\"@id\":\"https:\/\/skaitytaknyga.lt\/#website\"},\"primaryImageOfPage\":{\"@id\":\"https:\/\/skaitytaknyga.lt\/produktas\/tavo-vietoje\/#primaryimage\"},\"image\":{\"@id\":\"https:\/\/skaitytaknyga.lt\/produktas\/tavo-vietoje\/#primaryimage\"},\"thumbnailUrl\":\"https:\/\/skaitytaknyga.lt\/wp-content\/uploads\/2025\/06\/TAVO-VIETOJE.webp\",\"datePublished\":\"2025-06-15T17:26:38+00:00\",\"dateModified\":\"2025-07-07T06:26:23+00:00\",\"description\":\"LINA PER JAUNA, KAD JAUST\u0172SI I\u0160SIS\u0116MUSI. AILIN\u0116 PER SENA, KAD IMT\u0172SI VISKO I\u0160 PRAD\u017dI\u0172. GALB\u016aT AT\u0116JO METAS JOMS SUSIKEISTI VIETOMIS? Darbe gavusi nurodym\u0105\",\"breadcrumb\":{\"@id\":\"https:\/\/skaitytaknyga.lt\/produktas\/tavo-vietoje\/#breadcrumb\"},\"inLanguage\":\"en-GB\",\"potentialAction\":[{\"@type\":\"ReadAction\",\"target\":[\"https:\/\/skaitytaknyga.lt\/produktas\/tavo-vietoje\/\"]}]},{\"@type\":\"ImageObject\",\"inLanguage\":\"en-GB\",\"@id\":\"https:\/\/skaitytaknyga.lt\/produktas\/tavo-vietoje\/#primaryimage\",\"url\":\"https:\/\/skaitytaknyga.lt\/wp-content\/uploads\/2025\/06\/TAVO-VIETOJE.webp\",\"contentUrl\":\"https:\/\/skaitytaknyga.lt\/wp-content\/uploads\/2025\/06\/TAVO-VIETOJE.webp\",\"width\":531,\"height\":801,\"caption\":\"TAVO VIETOJE\"},{\"@type\":\"BreadcrumbList\",\"@id\":\"https:\/\/skaitytaknyga.lt\/produktas\/tavo-vietoje\/#breadcrumb\",\"itemListElement\":[{\"@type\":\"ListItem\",\"position\":1,\"name\":\"Home\",\"item\":\"https:\/\/skaitytaknyga.lt\/\"},{\"@type\":\"ListItem\",\"position\":2,\"name\":\"Parduotuv\u0117\",\"item\":\"https:\/\/skaitytaknyga.lt\/knygu-parduotuve\/\"},{\"@type\":\"ListItem\",\"position\":3,\"name\":\"Tavo vietoje\"}]},{\"@type\":\"WebSite\",\"@id\":\"https:\/\/skaitytaknyga.lt\/#website\",\"url\":\"https:\/\/skaitytaknyga.lt\/\",\"name\":\"skaitytaknyga.lt\",\"description\":\"Skaitytaknyga.lt \u2013 tai ma\u017eas \u0161eimos verslas, kuris prasid\u0117jo nuo meil\u0117s knygoms ir siekio i\u0161gelb\u0117ti knygas nuo likimo prie konteinerio. Kas vienam nereikalingas daiktas \u2013 kitam lobis, o mes esame tarpininkai, kurie padeda abiems tapti laimingesniems ???? \u017dinome kaip nelengva i\u0161gyventi ma\u017eiems verslams, tad nuo \u0161iol, \u010dia rasite ir kit\u0173, ma\u017e\u0173 \u0161eim\u0173 versl\u0173, rank\u0173 darbo, dovan\u0173 sau ir artimiesiems.\",\"publisher\":{\"@id\":\"https:\/\/skaitytaknyga.lt\/#organization\"},\"potentialAction\":[{\"@type\":\"SearchAction\",\"target\":{\"@type\":\"EntryPoint\",\"urlTemplate\":\"https:\/\/skaitytaknyga.lt\/?s={search_term_string}\"},\"query-input\":{\"@type\":\"PropertyValueSpecification\",\"valueRequired\":true,\"valueName\":\"search_term_string\"}}],\"inLanguage\":\"en-GB\"},{\"@type\":\"Organization\",\"@id\":\"https:\/\/skaitytaknyga.lt\/#organization\",\"name\":\"skaitytaknyga.lt\",\"url\":\"https:\/\/skaitytaknyga.lt\/\",\"logo\":{\"@type\":\"ImageObject\",\"inLanguage\":\"en-GB\",\"@id\":\"https:\/\/skaitytaknyga.lt\/#\/schema\/logo\/image\/\",\"url\":\"https:\/\/skaitytaknyga.lt\/wp-content\/uploads\/2024\/05\/cropped-cropped-cropped-02_00843_jt3bggkj1j3HLc7SyY6rEUpg.jpeg\",\"contentUrl\":\"https:\/\/skaitytaknyga.lt\/wp-content\/uploads\/2024\/05\/cropped-cropped-cropped-02_00843_jt3bggkj1j3HLc7SyY6rEUpg.jpeg\",\"width\":1600,\"height\":1600,\"caption\":\"skaitytaknyga.lt\"},\"image\":{\"@id\":\"https:\/\/skaitytaknyga.lt\/#\/schema\/logo\/image\/\"},\"sameAs\":[\"https:\/\/www.facebook.com\/skaitytaknyga\/\"]}]}<\/script>\n<!-- \/ Yoast SEO plugin. -->","yoast_head_json":{"title":"Tavo vietoje","description":"LINA PER JAUNA, KAD JAUST\u0172SI I\u0160SIS\u0116MUSI. AILIN\u0116 PER SENA, KAD IMT\u0172SI VISKO I\u0160 PRAD\u017dI\u0172. GALB\u016aT AT\u0116JO METAS JOMS SUSIKEISTI VIETOMIS? Darbe gavusi nurodym\u0105","robots":{"index":"index","follow":"follow","max-snippet":"max-snippet:-1","max-image-preview":"max-image-preview:large","max-video-preview":"max-video-preview:-1"},"canonical":"https:\/\/skaitytaknyga.lt\/en\/produktas\/tavo-vietoje\/","og_locale":"en_GB","og_type":"article","og_title":"[:lt]Tavo vietoje[:] - Skaitytaknyga","og_description":"LINA PER JAUNA, KAD JAUST\u0172SI I\u0160SIS\u0116MUSI. AILIN\u0116 PER SENA, KAD IMT\u0172SI VISKO I\u0160 PRAD\u017dI\u0172. GALB\u016aT AT\u0116JO METAS JOMS SUSIKEISTI VIETOMIS? Darbe gavusi nurodym\u0105","og_url":"https:\/\/skaitytaknyga.lt\/en\/produktas\/tavo-vietoje\/","og_site_name":"Skaitytaknyga","article_publisher":"https:\/\/www.facebook.com\/skaitytaknyga\/","article_modified_time":"2025-07-07T06:26:23+00:00","og_image":[{"width":531,"height":801,"url":"https:\/\/skaitytaknyga.lt\/wp-content\/uploads\/2025\/06\/TAVO-VIETOJE.webp","type":"image\/webp"}],"twitter_card":"summary_large_image","twitter_misc":{"Estimated reading time":"1 minute"},"schema":{"@context":"https:\/\/schema.org","@graph":[{"@type":"WebPage","@id":"https:\/\/skaitytaknyga.lt\/produktas\/tavo-vietoje\/","url":"https:\/\/skaitytaknyga.lt\/produktas\/tavo-vietoje\/","name":"Tavo vietoje","isPartOf":{"@id":"https:\/\/skaitytaknyga.lt\/#website"},"primaryImageOfPage":{"@id":"https:\/\/skaitytaknyga.lt\/produktas\/tavo-vietoje\/#primaryimage"},"image":{"@id":"https:\/\/skaitytaknyga.lt\/produktas\/tavo-vietoje\/#primaryimage"},"thumbnailUrl":"https:\/\/skaitytaknyga.lt\/wp-content\/uploads\/2025\/06\/TAVO-VIETOJE.webp","datePublished":"2025-06-15T17:26:38+00:00","dateModified":"2025-07-07T06:26:23+00:00","description":"LINA PER JAUNA, KAD JAUST\u0172SI I\u0160SIS\u0116MUSI. AILIN\u0116 PER SENA, KAD IMT\u0172SI VISKO I\u0160 PRAD\u017dI\u0172. GALB\u016aT AT\u0116JO METAS JOMS SUSIKEISTI VIETOMIS? Darbe gavusi nurodym\u0105","breadcrumb":{"@id":"https:\/\/skaitytaknyga.lt\/produktas\/tavo-vietoje\/#breadcrumb"},"inLanguage":"en-GB","potentialAction":[{"@type":"ReadAction","target":["https:\/\/skaitytaknyga.lt\/produktas\/tavo-vietoje\/"]}]},{"@type":"ImageObject","inLanguage":"en-GB","@id":"https:\/\/skaitytaknyga.lt\/produktas\/tavo-vietoje\/#primaryimage","url":"https:\/\/skaitytaknyga.lt\/wp-content\/uploads\/2025\/06\/TAVO-VIETOJE.webp","contentUrl":"https:\/\/skaitytaknyga.lt\/wp-content\/uploads\/2025\/06\/TAVO-VIETOJE.webp","width":531,"height":801,"caption":"TAVO VIETOJE"},{"@type":"BreadcrumbList","@id":"https:\/\/skaitytaknyga.lt\/produktas\/tavo-vietoje\/#breadcrumb","itemListElement":[{"@type":"ListItem","position":1,"name":"Home","item":"https:\/\/skaitytaknyga.lt\/"},{"@type":"ListItem","position":2,"name":"Parduotuv\u0117","item":"https:\/\/skaitytaknyga.lt\/knygu-parduotuve\/"},{"@type":"ListItem","position":3,"name":"Tavo vietoje"}]},{"@type":"WebSite","@id":"https:\/\/skaitytaknyga.lt\/#website","url":"https:\/\/skaitytaknyga.lt\/","name":"skaitytaknyga.lt","description":"Skaitytaknyga.lt \u2013 tai ma\u017eas \u0161eimos verslas, kuris prasid\u0117jo nuo meil\u0117s knygoms ir siekio i\u0161gelb\u0117ti knygas nuo likimo prie konteinerio. Kas vienam nereikalingas daiktas \u2013 kitam lobis, o mes esame tarpininkai, kurie padeda abiems tapti laimingesniems ???? \u017dinome kaip nelengva i\u0161gyventi ma\u017eiems verslams, tad nuo \u0161iol, \u010dia rasite ir kit\u0173, ma\u017e\u0173 \u0161eim\u0173 versl\u0173, rank\u0173 darbo, dovan\u0173 sau ir artimiesiems.","publisher":{"@id":"https:\/\/skaitytaknyga.lt\/#organization"},"potentialAction":[{"@type":"SearchAction","target":{"@type":"EntryPoint","urlTemplate":"https:\/\/skaitytaknyga.lt\/?s={search_term_string}"},"query-input":{"@type":"PropertyValueSpecification","valueRequired":true,"valueName":"search_term_string"}}],"inLanguage":"en-GB"},{"@type":"Organization","@id":"https:\/\/skaitytaknyga.lt\/#organization","name":"skaitytaknyga.lt","url":"https:\/\/skaitytaknyga.lt\/","logo":{"@type":"ImageObject","inLanguage":"en-GB","@id":"https:\/\/skaitytaknyga.lt\/#\/schema\/logo\/image\/","url":"https:\/\/skaitytaknyga.lt\/wp-content\/uploads\/2024\/05\/cropped-cropped-cropped-02_00843_jt3bggkj1j3HLc7SyY6rEUpg.jpeg","contentUrl":"https:\/\/skaitytaknyga.lt\/wp-content\/uploads\/2024\/05\/cropped-cropped-cropped-02_00843_jt3bggkj1j3HLc7SyY6rEUpg.jpeg","width":1600,"height":1600,"caption":"skaitytaknyga.lt"},"image":{"@id":"https:\/\/skaitytaknyga.lt\/#\/schema\/logo\/image\/"},"sameAs":["https:\/\/www.facebook.com\/skaitytaknyga\/"]}]}},"_links":{"self":[{"href":"https:\/\/skaitytaknyga.lt\/en\/wp-json\/wp\/v2\/product\/18979","targetHints":{"allow":["GET"]}}],"collection":[{"href":"https:\/\/skaitytaknyga.lt\/en\/wp-json\/wp\/v2\/product"}],"about":[{"href":"https:\/\/skaitytaknyga.lt\/en\/wp-json\/wp\/v2\/types\/product"}],"replies":[{"embeddable":true,"href":"https:\/\/skaitytaknyga.lt\/en\/wp-json\/wp\/v2\/comments?post=18979"}],"wp:featuredmedia":[{"embeddable":true,"href":"https:\/\/skaitytaknyga.lt\/en\/wp-json\/wp\/v2\/media\/18981"}],"wp:attachment":[{"href":"https:\/\/skaitytaknyga.lt\/en\/wp-json\/wp\/v2\/media?parent=18979"}],"wp:term":[{"taxonomy":"product_brand","embeddable":true,"href":"https:\/\/skaitytaknyga.lt\/en\/wp-json\/wp\/v2\/product_brand?post=18979"},{"taxonomy":"product_cat","embeddable":true,"href":"https:\/\/skaitytaknyga.lt\/en\/wp-json\/wp\/v2\/product_cat?post=18979"},{"taxonomy":"product_tag","embeddable":true,"href":"https:\/\/skaitytaknyga.lt\/en\/wp-json\/wp\/v2\/product_tag?post=18979"}],"curies":[{"name":"wp","href":"https:\/\/api.w.org\/{rel}","templated":true}]}}