{"id":18973,"date":"2025-06-15T20:14:16","date_gmt":"2025-06-15T17:14:16","guid":{"rendered":"https:\/\/skaitytaknyga.lt\/?post_type=product&#038;p=18973"},"modified":"2026-03-02T08:19:08","modified_gmt":"2026-03-02T06:19:08","slug":"uzkreciama-kodel-daiktai-ar-idejos-tampa-populiarus","status":"publish","type":"product","link":"https:\/\/skaitytaknyga.lt\/en\/produktas\/uzkreciama-kodel-daiktai-ar-idejos-tampa-populiarus\/","title":{"rendered":"U\u017ekre\u010diama: kod\u0117l daiktai ar id\u0117jos tampa populiar\u016bs"},"content":{"rendered":"<p>Manote, kad paslaptis slypi reklamoje? Bet ar tikrai? I\u0161 ties\u0173, \u017emon\u0117s da\u017eniausiai nepaiso reklam\u0173 \u2013 jie klausosi, k\u0105 kalba kiti. Ta\u010diau kod\u0117l apie vienus produktus ir id\u0117jas kalbama daugiau nei apie kitus? Kod\u0117l kai kurios istorijos ir gandai ima sklisti lyg virusas?<\/p>\n<p>Rinkodaros profesorius Jonah Bergeris (JAV, Pensilvanija) i\u0161tis\u0105 de\u0161imtmet\u012f tyrin\u0117jo, kaip \u017einios apie produkt\u0105 sklinda i\u0161 l\u016bp\u0173 \u012f l\u016bpas, koki\u0105 \u012ftak\u0105 daro socialin\u0117 aplinka, kai renkam\u0117s automobil\u012f, drabu\u017eius ar vard\u0105 naujagimiui.<\/p>\n<p>Knygoje autorius pristato \u0161e\u0161is pamatinius principus \u2013 \u017dingsnius, \u2013 kurie lemia, kad \u012fvairios id\u0117jos ir daiktai taps u\u017ekre\u010diami. Kad ir kas b\u016btum\u0117te: didel\u0117s bendrov\u0117s vadybininkas ar ma\u017eut\u0117s \u012fmon\u0117s savininkas, politikas, kandidatuojantis \u012f parlament\u0105, ar sveikatos prie\u017ei\u016bros darbuotojas, \u0161i knyga pamokys, kaip id\u0117jas ir produktus i\u0161garsinti.<\/p>\n","protected":false},"excerpt":{"rendered":"<p>Manote, kad paslaptis slypi reklamoje? Bet ar tikrai? I\u0161 ties\u0173, \u017emon\u0117s da\u017eniausiai nepaiso reklam\u0173 \u2013 jie klausosi, k\u0105 kalba kiti. Ta\u010diau kod\u0117l apie vienus produktus ir id\u0117jas kalbama daugiau nei apie kitus? Kod\u0117l kai kurios istorijos ir gandai ima sklisti lyg virusas? Rinkodaros profesorius Jonah Bergeris (JAV, Pensilvanija) i\u0161tis\u0105 de\u0161imtmet\u012f tyrin\u0117jo, kaip \u017einios apie produkt\u0105 sklinda i\u0161 l\u016bp\u0173 \u012f l\u016bpas, koki\u0105 \u012ftak\u0105 daro socialin\u0117 aplinka, kai renkam\u0117s automobil\u012f, drabu\u017eius ar vard\u0105 naujagimiui. Knygoje autorius pristato \u0161e\u0161is pamatinius principus \u2013 \u017dingsnius, \u2013 kurie lemia, kad \u012fvairios id\u0117jos ir daiktai taps u\u017ekre\u010diami. Kad ir kas b\u016btum\u0117te: didel\u0117s bendrov\u0117s vadybininkas ar ma\u017eut\u0117s \u012fmon\u0117s savininkas, politikas, kandidatuojantis \u012f parlament\u0105, ar sveikatos prie\u017ei\u016bros darbuotojas, \u0161i knyga pamokys, kaip id\u0117jas ir produktus i\u0161garsinti.<\/p>\n","protected":false},"featured_media":18978,"comment_status":"open","ping_status":"closed","template":"","meta":{"_acf_changed":false,"site-sidebar-layout":"default","site-content-layout":"","ast-site-content-layout":"default","site-content-style":"default","site-sidebar-style":"default","ast-global-header-display":"","ast-banner-title-visibility":"","ast-main-header-display":"","ast-hfb-above-header-display":"","ast-hfb-below-header-display":"","ast-hfb-mobile-header-display":"","site-post-title":"","ast-breadcrumbs-content":"","ast-featured-img":"","footer-sml-layout":"","ast-disable-related-posts":"","theme-transparent-header-meta":"","adv-header-id-meta":"","stick-header-meta":"","header-above-stick-meta":"","header-main-stick-meta":"","header-below-stick-meta":"","astra-migrate-meta-layouts":"default","ast-page-background-enabled":"default","ast-page-background-meta":{"desktop":{"background-color":"","background-image":"","background-repeat":"repeat","background-position":"center center","background-size":"auto","background-attachment":"scroll","background-type":"","background-media":"","overlay-type":"","overlay-color":"","overlay-opacity":"","overlay-gradient":""},"tablet":{"background-color":"","background-image":"","background-repeat":"repeat","background-position":"center center","background-size":"auto","background-attachment":"scroll","background-type":"","background-media":"","overlay-type":"","overlay-color":"","overlay-opacity":"","overlay-gradient":""},"mobile":{"background-color":"","background-image":"","background-repeat":"repeat","background-position":"center center","background-size":"auto","background-attachment":"scroll","background-type":"","background-media":"","overlay-type":"","overlay-color":"","overlay-opacity":"","overlay-gradient":""}},"ast-content-background-meta":{"desktop":{"background-color":"var(--ast-global-color-4)","background-image":"","background-repeat":"repeat","background-position":"center center","background-size":"auto","background-attachment":"scroll","background-type":"","background-media":"","overlay-type":"","overlay-color":"","overlay-opacity":"","overlay-gradient":""},"tablet":{"background-color":"var(--ast-global-color-4)","background-image":"","background-repeat":"repeat","background-position":"center center","background-size":"auto","background-attachment":"scroll","background-type":"","background-media":"","overlay-type":"","overlay-color":"","overlay-opacity":"","overlay-gradient":""},"mobile":{"background-color":"var(--ast-global-color-4)","background-image":"","background-repeat":"repeat","background-position":"center center","background-size":"auto","background-attachment":"scroll","background-type":"","background-media":"","overlay-type":"","overlay-color":"","overlay-opacity":"","overlay-gradient":""}}},"product_brand":[],"product_cat":[31],"product_tag":[5501,1561,1392,1558,5502],"class_list":{"0":"post-18973","1":"product","2":"type-product","3":"status-publish","4":"has-post-thumbnail","6":"product_cat-grozine-literatura","7":"product_tag-jonah-berger","8":"product_tag-komunikacija","9":"product_tag-psichologija","10":"product_tag-rinkodara","11":"product_tag-virusines-idejos","12":"desktop-align-left","13":"tablet-align-left","14":"mobile-align-left","16":"first","17":"outofstock","18":"shipping-taxable","19":"purchasable","20":"product-type-simple"},"acf":[],"yoast_head":"<!-- This site is optimized with the Yoast SEO plugin v27.4 - https:\/\/yoast.com\/product\/yoast-seo-wordpress\/ -->\n<title>U\u017ekre\u010diama: kod\u0117l daiktai ar id\u0117jos tampa populiar\u016bs<\/title>\n<meta name=\"description\" content=\"Manote, kad paslaptis slypi reklamoje? Bet ar tikrai? I\u0161 ties\u0173, \u017emon\u0117s da\u017eniausiai nepaiso reklam\u0173 \u2013 jie klausosi, k\u0105 kalba kiti. Ta\u010diau kod\u0117l apie vienus\" \/>\n<meta name=\"robots\" content=\"index, follow, max-snippet:-1, max-image-preview:large, max-video-preview:-1\" \/>\n<link rel=\"canonical\" href=\"https:\/\/skaitytaknyga.lt\/en\/produktas\/uzkreciama-kodel-daiktai-ar-idejos-tampa-populiarus\/\" \/>\n<meta property=\"og:locale\" content=\"en_GB\" \/>\n<meta property=\"og:locale:alternate\" content=\"lt_LT\" \/>\n<meta property=\"og:type\" content=\"article\" \/>\n<meta property=\"og:title\" content=\"U\u017ekre\u010diama: kod\u0117l daiktai ar id\u0117jos tampa populiar\u016bs\" \/>\n<meta property=\"og:description\" content=\"Manote, kad paslaptis slypi reklamoje? Bet ar tikrai? I\u0161 ties\u0173, \u017emon\u0117s da\u017eniausiai nepaiso reklam\u0173 \u2013 jie klausosi, k\u0105 kalba kiti. Ta\u010diau kod\u0117l apie vienus\" \/>\n<meta property=\"og:url\" content=\"https:\/\/skaitytaknyga.lt\/en\/produktas\/uzkreciama-kodel-daiktai-ar-idejos-tampa-populiarus\/\" \/>\n<meta property=\"og:site_name\" content=\"Skaitytaknyga\" \/>\n<meta property=\"article:publisher\" content=\"https:\/\/www.facebook.com\/skaitytaknyga\/\" \/>\n<meta property=\"article:modified_time\" content=\"2026-03-02T06:19:08+00:00\" \/>\n<meta property=\"og:image\" content=\"https:\/\/skaitytaknyga.lt\/wp-content\/uploads\/2025\/06\/Uzkreciama-kodel-daiktai-ar-idejos-tampa-populiarus.webp\" \/>\n\t<meta property=\"og:image:width\" content=\"322\" \/>\n\t<meta property=\"og:image:height\" content=\"500\" \/>\n\t<meta property=\"og:image:type\" content=\"image\/webp\" \/>\n<meta name=\"twitter:card\" content=\"summary_large_image\" \/>\n<meta name=\"twitter:label1\" content=\"Estimated reading time\" \/>\n\t<meta name=\"twitter:data1\" content=\"1 minute\" \/>\n<script type=\"application\/ld+json\" class=\"yoast-schema-graph\">{\"@context\":\"https:\\\/\\\/schema.org\",\"@graph\":[{\"@type\":\"WebPage\",\"@id\":\"https:\\\/\\\/skaitytaknyga.lt\\\/produktas\\\/uzkreciama-kodel-daiktai-ar-idejos-tampa-populiarus\\\/\",\"url\":\"https:\\\/\\\/skaitytaknyga.lt\\\/produktas\\\/uzkreciama-kodel-daiktai-ar-idejos-tampa-populiarus\\\/\",\"name\":\"U\u017ekre\u010diama: kod\u0117l daiktai ar id\u0117jos tampa populiar\u016bs\",\"isPartOf\":{\"@id\":\"https:\\\/\\\/skaitytaknyga.lt\\\/#website\"},\"primaryImageOfPage\":{\"@id\":\"https:\\\/\\\/skaitytaknyga.lt\\\/produktas\\\/uzkreciama-kodel-daiktai-ar-idejos-tampa-populiarus\\\/#primaryimage\"},\"image\":{\"@id\":\"https:\\\/\\\/skaitytaknyga.lt\\\/produktas\\\/uzkreciama-kodel-daiktai-ar-idejos-tampa-populiarus\\\/#primaryimage\"},\"thumbnailUrl\":\"https:\\\/\\\/skaitytaknyga.lt\\\/wp-content\\\/uploads\\\/2025\\\/06\\\/Uzkreciama-kodel-daiktai-ar-idejos-tampa-populiarus.webp\",\"datePublished\":\"2025-06-15T17:14:16+00:00\",\"dateModified\":\"2026-03-02T06:19:08+00:00\",\"description\":\"Manote, kad paslaptis slypi reklamoje? Bet ar tikrai? I\u0161 ties\u0173, \u017emon\u0117s da\u017eniausiai nepaiso reklam\u0173 \u2013 jie klausosi, k\u0105 kalba kiti. Ta\u010diau kod\u0117l apie vienus\",\"breadcrumb\":{\"@id\":\"https:\\\/\\\/skaitytaknyga.lt\\\/produktas\\\/uzkreciama-kodel-daiktai-ar-idejos-tampa-populiarus\\\/#breadcrumb\"},\"inLanguage\":\"en-GB\",\"potentialAction\":[{\"@type\":\"ReadAction\",\"target\":[\"https:\\\/\\\/skaitytaknyga.lt\\\/produktas\\\/uzkreciama-kodel-daiktai-ar-idejos-tampa-populiarus\\\/\"]}]},{\"@type\":\"ImageObject\",\"inLanguage\":\"en-GB\",\"@id\":\"https:\\\/\\\/skaitytaknyga.lt\\\/produktas\\\/uzkreciama-kodel-daiktai-ar-idejos-tampa-populiarus\\\/#primaryimage\",\"url\":\"https:\\\/\\\/skaitytaknyga.lt\\\/wp-content\\\/uploads\\\/2025\\\/06\\\/Uzkreciama-kodel-daiktai-ar-idejos-tampa-populiarus.webp\",\"contentUrl\":\"https:\\\/\\\/skaitytaknyga.lt\\\/wp-content\\\/uploads\\\/2025\\\/06\\\/Uzkreciama-kodel-daiktai-ar-idejos-tampa-populiarus.webp\",\"width\":322,\"height\":500,\"caption\":\"U\u017ekre\u010diama: kod\u0117l daiktai ar id\u0117jos tampa populiar\u016bs\"},{\"@type\":\"BreadcrumbList\",\"@id\":\"https:\\\/\\\/skaitytaknyga.lt\\\/produktas\\\/uzkreciama-kodel-daiktai-ar-idejos-tampa-populiarus\\\/#breadcrumb\",\"itemListElement\":[{\"@type\":\"ListItem\",\"position\":1,\"name\":\"Home\",\"item\":\"https:\\\/\\\/skaitytaknyga.lt\\\/\"},{\"@type\":\"ListItem\",\"position\":2,\"name\":\"Parduotuv\u0117\",\"item\":\"https:\\\/\\\/skaitytaknyga.lt\\\/knygu-parduotuve\\\/\"},{\"@type\":\"ListItem\",\"position\":3,\"name\":\"U\u017ekre\u010diama: kod\u0117l daiktai ar id\u0117jos tampa populiar\u016bs\"}]},{\"@type\":\"WebSite\",\"@id\":\"https:\\\/\\\/skaitytaknyga.lt\\\/#website\",\"url\":\"https:\\\/\\\/skaitytaknyga.lt\\\/\",\"name\":\"skaitytaknyga.lt\",\"description\":\"Skaitytaknyga.lt \u2013 tai ma\u017eas \u0161eimos verslas, kuris prasid\u0117jo nuo meil\u0117s knygoms ir siekio i\u0161gelb\u0117ti knygas nuo likimo prie konteinerio. Kas vienam nereikalingas daiktas \u2013 kitam lobis, o mes esame tarpininkai, kurie padeda abiems tapti laimingesniems ???? \u017dinome kaip nelengva i\u0161gyventi ma\u017eiems verslams, tad nuo \u0161iol, \u010dia rasite ir kit\u0173, ma\u017e\u0173 \u0161eim\u0173 versl\u0173, rank\u0173 darbo, dovan\u0173 sau ir artimiesiems.\",\"publisher\":{\"@id\":\"https:\\\/\\\/skaitytaknyga.lt\\\/#organization\"},\"potentialAction\":[{\"@type\":\"SearchAction\",\"target\":{\"@type\":\"EntryPoint\",\"urlTemplate\":\"https:\\\/\\\/skaitytaknyga.lt\\\/?s={search_term_string}\"},\"query-input\":{\"@type\":\"PropertyValueSpecification\",\"valueRequired\":true,\"valueName\":\"search_term_string\"}}],\"inLanguage\":\"en-GB\"},{\"@type\":\"Organization\",\"@id\":\"https:\\\/\\\/skaitytaknyga.lt\\\/#organization\",\"name\":\"skaitytaknyga.lt\",\"url\":\"https:\\\/\\\/skaitytaknyga.lt\\\/\",\"logo\":{\"@type\":\"ImageObject\",\"inLanguage\":\"en-GB\",\"@id\":\"https:\\\/\\\/skaitytaknyga.lt\\\/#\\\/schema\\\/logo\\\/image\\\/\",\"url\":\"https:\\\/\\\/skaitytaknyga.lt\\\/wp-content\\\/uploads\\\/2024\\\/05\\\/cropped-cropped-cropped-02_00843_jt3bggkj1j3HLc7SyY6rEUpg.jpeg\",\"contentUrl\":\"https:\\\/\\\/skaitytaknyga.lt\\\/wp-content\\\/uploads\\\/2024\\\/05\\\/cropped-cropped-cropped-02_00843_jt3bggkj1j3HLc7SyY6rEUpg.jpeg\",\"width\":1600,\"height\":1600,\"caption\":\"skaitytaknyga.lt\"},\"image\":{\"@id\":\"https:\\\/\\\/skaitytaknyga.lt\\\/#\\\/schema\\\/logo\\\/image\\\/\"},\"sameAs\":[\"https:\\\/\\\/www.facebook.com\\\/skaitytaknyga\\\/\"]}]}<\/script>\n<!-- \/ Yoast SEO plugin. -->","yoast_head_json":{"title":"U\u017ekre\u010diama: kod\u0117l daiktai ar id\u0117jos tampa populiar\u016bs","description":"Manote, kad paslaptis slypi reklamoje? Bet ar tikrai? I\u0161 ties\u0173, \u017emon\u0117s da\u017eniausiai nepaiso reklam\u0173 \u2013 jie klausosi, k\u0105 kalba kiti. Ta\u010diau kod\u0117l apie vienus","robots":{"index":"index","follow":"follow","max-snippet":"max-snippet:-1","max-image-preview":"max-image-preview:large","max-video-preview":"max-video-preview:-1"},"canonical":"https:\/\/skaitytaknyga.lt\/en\/produktas\/uzkreciama-kodel-daiktai-ar-idejos-tampa-populiarus\/","og_locale":"en_GB","og_type":"article","og_title":"[:lt]U\u017ekre\u010diama: kod\u0117l daiktai ar id\u0117jos tampa populiar\u016bs[:] - Skaitytaknyga","og_description":"Manote, kad paslaptis slypi reklamoje? Bet ar tikrai? I\u0161 ties\u0173, \u017emon\u0117s da\u017eniausiai nepaiso reklam\u0173 \u2013 jie klausosi, k\u0105 kalba kiti. Ta\u010diau kod\u0117l apie vienus","og_url":"https:\/\/skaitytaknyga.lt\/en\/produktas\/uzkreciama-kodel-daiktai-ar-idejos-tampa-populiarus\/","og_site_name":"Skaitytaknyga","article_publisher":"https:\/\/www.facebook.com\/skaitytaknyga\/","article_modified_time":"2026-03-02T06:19:08+00:00","og_image":[{"width":322,"height":500,"url":"https:\/\/skaitytaknyga.lt\/wp-content\/uploads\/2025\/06\/Uzkreciama-kodel-daiktai-ar-idejos-tampa-populiarus.webp","type":"image\/webp"}],"twitter_card":"summary_large_image","twitter_misc":{"Estimated reading time":"1 minute"},"schema":{"@context":"https:\/\/schema.org","@graph":[{"@type":"WebPage","@id":"https:\/\/skaitytaknyga.lt\/produktas\/uzkreciama-kodel-daiktai-ar-idejos-tampa-populiarus\/","url":"https:\/\/skaitytaknyga.lt\/produktas\/uzkreciama-kodel-daiktai-ar-idejos-tampa-populiarus\/","name":"U\u017ekre\u010diama: kod\u0117l daiktai ar id\u0117jos tampa populiar\u016bs","isPartOf":{"@id":"https:\/\/skaitytaknyga.lt\/#website"},"primaryImageOfPage":{"@id":"https:\/\/skaitytaknyga.lt\/produktas\/uzkreciama-kodel-daiktai-ar-idejos-tampa-populiarus\/#primaryimage"},"image":{"@id":"https:\/\/skaitytaknyga.lt\/produktas\/uzkreciama-kodel-daiktai-ar-idejos-tampa-populiarus\/#primaryimage"},"thumbnailUrl":"https:\/\/skaitytaknyga.lt\/wp-content\/uploads\/2025\/06\/Uzkreciama-kodel-daiktai-ar-idejos-tampa-populiarus.webp","datePublished":"2025-06-15T17:14:16+00:00","dateModified":"2026-03-02T06:19:08+00:00","description":"Manote, kad paslaptis slypi reklamoje? Bet ar tikrai? I\u0161 ties\u0173, \u017emon\u0117s da\u017eniausiai nepaiso reklam\u0173 \u2013 jie klausosi, k\u0105 kalba kiti. Ta\u010diau kod\u0117l apie vienus","breadcrumb":{"@id":"https:\/\/skaitytaknyga.lt\/produktas\/uzkreciama-kodel-daiktai-ar-idejos-tampa-populiarus\/#breadcrumb"},"inLanguage":"en-GB","potentialAction":[{"@type":"ReadAction","target":["https:\/\/skaitytaknyga.lt\/produktas\/uzkreciama-kodel-daiktai-ar-idejos-tampa-populiarus\/"]}]},{"@type":"ImageObject","inLanguage":"en-GB","@id":"https:\/\/skaitytaknyga.lt\/produktas\/uzkreciama-kodel-daiktai-ar-idejos-tampa-populiarus\/#primaryimage","url":"https:\/\/skaitytaknyga.lt\/wp-content\/uploads\/2025\/06\/Uzkreciama-kodel-daiktai-ar-idejos-tampa-populiarus.webp","contentUrl":"https:\/\/skaitytaknyga.lt\/wp-content\/uploads\/2025\/06\/Uzkreciama-kodel-daiktai-ar-idejos-tampa-populiarus.webp","width":322,"height":500,"caption":"U\u017ekre\u010diama: kod\u0117l daiktai ar id\u0117jos tampa populiar\u016bs"},{"@type":"BreadcrumbList","@id":"https:\/\/skaitytaknyga.lt\/produktas\/uzkreciama-kodel-daiktai-ar-idejos-tampa-populiarus\/#breadcrumb","itemListElement":[{"@type":"ListItem","position":1,"name":"Home","item":"https:\/\/skaitytaknyga.lt\/"},{"@type":"ListItem","position":2,"name":"Parduotuv\u0117","item":"https:\/\/skaitytaknyga.lt\/knygu-parduotuve\/"},{"@type":"ListItem","position":3,"name":"U\u017ekre\u010diama: kod\u0117l daiktai ar id\u0117jos tampa populiar\u016bs"}]},{"@type":"WebSite","@id":"https:\/\/skaitytaknyga.lt\/#website","url":"https:\/\/skaitytaknyga.lt\/","name":"skaitytaknyga.lt","description":"Skaitytaknyga.lt \u2013 tai ma\u017eas \u0161eimos verslas, kuris prasid\u0117jo nuo meil\u0117s knygoms ir siekio i\u0161gelb\u0117ti knygas nuo likimo prie konteinerio. Kas vienam nereikalingas daiktas \u2013 kitam lobis, o mes esame tarpininkai, kurie padeda abiems tapti laimingesniems ???? \u017dinome kaip nelengva i\u0161gyventi ma\u017eiems verslams, tad nuo \u0161iol, \u010dia rasite ir kit\u0173, ma\u017e\u0173 \u0161eim\u0173 versl\u0173, rank\u0173 darbo, dovan\u0173 sau ir artimiesiems.","publisher":{"@id":"https:\/\/skaitytaknyga.lt\/#organization"},"potentialAction":[{"@type":"SearchAction","target":{"@type":"EntryPoint","urlTemplate":"https:\/\/skaitytaknyga.lt\/?s={search_term_string}"},"query-input":{"@type":"PropertyValueSpecification","valueRequired":true,"valueName":"search_term_string"}}],"inLanguage":"en-GB"},{"@type":"Organization","@id":"https:\/\/skaitytaknyga.lt\/#organization","name":"skaitytaknyga.lt","url":"https:\/\/skaitytaknyga.lt\/","logo":{"@type":"ImageObject","inLanguage":"en-GB","@id":"https:\/\/skaitytaknyga.lt\/#\/schema\/logo\/image\/","url":"https:\/\/skaitytaknyga.lt\/wp-content\/uploads\/2024\/05\/cropped-cropped-cropped-02_00843_jt3bggkj1j3HLc7SyY6rEUpg.jpeg","contentUrl":"https:\/\/skaitytaknyga.lt\/wp-content\/uploads\/2024\/05\/cropped-cropped-cropped-02_00843_jt3bggkj1j3HLc7SyY6rEUpg.jpeg","width":1600,"height":1600,"caption":"skaitytaknyga.lt"},"image":{"@id":"https:\/\/skaitytaknyga.lt\/#\/schema\/logo\/image\/"},"sameAs":["https:\/\/www.facebook.com\/skaitytaknyga\/"]}]}},"_links":{"self":[{"href":"https:\/\/skaitytaknyga.lt\/en\/wp-json\/wp\/v2\/product\/18973","targetHints":{"allow":["GET"]}}],"collection":[{"href":"https:\/\/skaitytaknyga.lt\/en\/wp-json\/wp\/v2\/product"}],"about":[{"href":"https:\/\/skaitytaknyga.lt\/en\/wp-json\/wp\/v2\/types\/product"}],"replies":[{"embeddable":true,"href":"https:\/\/skaitytaknyga.lt\/en\/wp-json\/wp\/v2\/comments?post=18973"}],"wp:featuredmedia":[{"embeddable":true,"href":"https:\/\/skaitytaknyga.lt\/en\/wp-json\/wp\/v2\/media\/18978"}],"wp:attachment":[{"href":"https:\/\/skaitytaknyga.lt\/en\/wp-json\/wp\/v2\/media?parent=18973"}],"wp:term":[{"taxonomy":"product_brand","embeddable":true,"href":"https:\/\/skaitytaknyga.lt\/en\/wp-json\/wp\/v2\/product_brand?post=18973"},{"taxonomy":"product_cat","embeddable":true,"href":"https:\/\/skaitytaknyga.lt\/en\/wp-json\/wp\/v2\/product_cat?post=18973"},{"taxonomy":"product_tag","embeddable":true,"href":"https:\/\/skaitytaknyga.lt\/en\/wp-json\/wp\/v2\/product_tag?post=18973"}],"curies":[{"name":"wp","href":"https:\/\/api.w.org\/{rel}","templated":true}]}}