{"id":18972,"date":"2025-06-15T20:14:16","date_gmt":"2025-06-15T17:14:16","guid":{"rendered":"https:\/\/skaitytaknyga.lt\/?post_type=product&#038;p=18972"},"modified":"2026-03-05T11:59:18","modified_gmt":"2026-03-05T09:59:18","slug":"kuratorius","status":"publish","type":"product","link":"https:\/\/skaitytaknyga.lt\/en\/produktas\/kuratorius\/","title":{"rendered":"Kuratorius"},"content":{"rendered":"<p>\u201eAkivaizdu, kad Mike&#8217;as Cravenas mok\u0117si i\u0161 geriausi\u0173j\u0173 (Marko Billinghamo, Michaelio Connelly, Jeffery Deaverio) \u2013 jis geba sukonstruoti jaudinant\u012f, ver\u017elaus veiksmo kupin\u0105 detektyv\u0105.\u201c \u2013 The Times<\/p>\n<p>Kal\u0117d\u0173 laikotarpiu Kambrijos grafyst\u0117je pasipila makabri\u0161kos \u201edovan\u0117l\u0117s\u201c. Negana to, randama m\u012fslinga \u017einut\u0117: #JGI6. Tirti neeilin\u0119 byl\u0105 metamos beprecedent\u0117s paj\u0117gos, ta\u010diau to nepakanka. Pagalbon kvie\u010diami pa\u010di\u0173 sunkiausi\u0173 nusikaltim\u0173 asai \u2013 atvirosios Til\u0117s Bred\u0161ou, r\u016bs\u010diojo Va\u0161ingtono Po ir reikliosios Stefan\u0117s Flin komanda.<\/p>\n<p>Net ir nusta\u010dius paslapting\u0173 \u017emog\u017eudys\u010di\u0173 aukas, klausim\u0173 nesuma\u017e\u0117ja \u2013 kyla virtin\u0117 nauj\u0173. Kod\u0117l \u017eudikas pasisteng\u0117, kad vienos aukos mirt\u0173 be skausmo, o kitas vert\u0117 i\u0161k\u0119sti tikr\u0105 agonij\u0105? Kas \u0161iuos nelaim\u0117lius siejo, i\u0161skyrus tai, kad prie\u0161 trejus metus visi atsid\u016br\u0117 toje pat vietoje? Galb\u016bt atsakymas paai\u0161k\u0117s tada, kai tyr\u0117jai i\u0161dr\u012fs nenusukti \u017evilgsnio, o pa\u017evelgti realybei tiesiai \u012f akis.<\/p>\n<p>\u0160is nusikaltimas nepana\u0161us \u012f jok\u012f kit\u0105 \u2013 stebina net ir visko ma\u010diusi\u0105 trijul\u0119. Po, Bred\u0161ou ir Flin stoja \u012f kov\u0105 su be\u0161ird\u017eiu manipuliatoriumi \u2013 paslaptinguoju Kuratoriumi. Deja, i\u0161ai\u0161kinus \u0161i\u0105 byl\u0105, niekas nebebus taip, kaip anks\u010diau \u2013 atsiskleis ir dar nematyta Po pus\u0117.<\/p>\n<p>Tre\u010dioji kritik\u0173 ir skaitytoj\u0173 pripa\u017einto trileri\u0173 autoriaus M. W. CRAVENO (g. 1968) Va\u0161ingtono Po serijos dalis. Leidykla \u201eSofoklis\u201c jau i\u0161leido \u012ftempto siu\u017eeto trilerius \u201eMarionet\u0117s\u201c (2022) ir \u201eJuodoji vasara\u201c (2023).<\/p>\n<p>\u201eJei dar neskait\u0117te M. W. Craveno \u2013 pats metas prad\u0117ti.\u201c \u2013 Abir Mukherjee, knygos \u201eKalkutos detektyvas\u201c autorius<\/p>\n","protected":false},"excerpt":{"rendered":"<p>\u201eAkivaizdu, kad Mike&#8217;as Cravenas mok\u0117si i\u0161 geriausi\u0173j\u0173 (Marko Billinghamo, Michaelio Connelly, Jeffery Deaverio) \u2013 jis geba sukonstruoti jaudinant\u012f, ver\u017elaus veiksmo kupin\u0105 detektyv\u0105.\u201c \u2013 The Times Kal\u0117d\u0173 laikotarpiu Kambrijos grafyst\u0117je pasipila makabri\u0161kos \u201edovan\u0117l\u0117s\u201c. Negana to, randama m\u012fslinga \u017einut\u0117: #JGI6. Tirti neeilin\u0119 byl\u0105 metamos beprecedent\u0117s paj\u0117gos, ta\u010diau to nepakanka. Pagalbon kvie\u010diami pa\u010di\u0173 sunkiausi\u0173 nusikaltim\u0173 asai \u2013 atvirosios Til\u0117s Bred\u0161ou, r\u016bs\u010diojo Va\u0161ingtono Po ir reikliosios Stefan\u0117s Flin komanda. Net ir nusta\u010dius paslapting\u0173 \u017emog\u017eudys\u010di\u0173 aukas, klausim\u0173 nesuma\u017e\u0117ja \u2013 kyla virtin\u0117 nauj\u0173. Kod\u0117l \u017eudikas pasisteng\u0117, kad vienos aukos mirt\u0173 be skausmo, o kitas vert\u0117 i\u0161k\u0119sti tikr\u0105 agonij\u0105? Kas \u0161iuos nelaim\u0117lius siejo, i\u0161skyrus tai, kad prie\u0161 trejus metus visi atsid\u016br\u0117 toje pat vietoje? Galb\u016bt atsakymas paai\u0161k\u0117s tada, kai tyr\u0117jai i\u0161dr\u012fs nenusukti \u017evilgsnio, o pa\u017evelgti realybei tiesiai \u012f akis. \u0160is nusikaltimas nepana\u0161us \u012f jok\u012f kit\u0105 \u2013 stebina net ir visko ma\u010diusi\u0105 trijul\u0119. Po, Bred\u0161ou ir Flin stoja \u012f kov\u0105 su be\u0161ird\u017eiu manipuliatoriumi \u2013 paslaptinguoju Kuratoriumi. Deja, i\u0161ai\u0161kinus \u0161i\u0105 byl\u0105, niekas nebebus taip, kaip anks\u010diau \u2013 atsiskleis ir dar nematyta Po pus\u0117. Tre\u010dioji kritik\u0173 ir skaitytoj\u0173 pripa\u017einto trileri\u0173 autoriaus M. W. CRAVENO (g. 1968) Va\u0161ingtono Po serijos dalis. Leidykla \u201eSofoklis\u201c jau i\u0161leido \u012ftempto siu\u017eeto trilerius \u201eMarionet\u0117s\u201c (2022) ir \u201eJuodoji vasara\u201c (2023). \u201eJei dar neskait\u0117te M. W. Craveno \u2013 pats metas prad\u0117ti.\u201c \u2013 Abir Mukherjee, knygos \u201eKalkutos detektyvas\u201c autorius<\/p>\n","protected":false},"featured_media":18977,"comment_status":"open","ping_status":"closed","template":"","meta":{"_acf_changed":false,"site-sidebar-layout":"default","site-content-layout":"","ast-site-content-layout":"default","site-content-style":"default","site-sidebar-style":"default","ast-global-header-display":"","ast-banner-title-visibility":"","ast-main-header-display":"","ast-hfb-above-header-display":"","ast-hfb-below-header-display":"","ast-hfb-mobile-header-display":"","site-post-title":"","ast-breadcrumbs-content":"","ast-featured-img":"","footer-sml-layout":"","ast-disable-related-posts":"","theme-transparent-header-meta":"","adv-header-id-meta":"","stick-header-meta":"","header-above-stick-meta":"","header-main-stick-meta":"","header-below-stick-meta":"","astra-migrate-meta-layouts":"default","ast-page-background-enabled":"default","ast-page-background-meta":{"desktop":{"background-color":"","background-image":"","background-repeat":"repeat","background-position":"center center","background-size":"auto","background-attachment":"scroll","background-type":"","background-media":"","overlay-type":"","overlay-color":"","overlay-opacity":"","overlay-gradient":""},"tablet":{"background-color":"","background-image":"","background-repeat":"repeat","background-position":"center center","background-size":"auto","background-attachment":"scroll","background-type":"","background-media":"","overlay-type":"","overlay-color":"","overlay-opacity":"","overlay-gradient":""},"mobile":{"background-color":"","background-image":"","background-repeat":"repeat","background-position":"center center","background-size":"auto","background-attachment":"scroll","background-type":"","background-media":"","overlay-type":"","overlay-color":"","overlay-opacity":"","overlay-gradient":""}},"ast-content-background-meta":{"desktop":{"background-color":"var(--ast-global-color-4)","background-image":"","background-repeat":"repeat","background-position":"center center","background-size":"auto","background-attachment":"scroll","background-type":"","background-media":"","overlay-type":"","overlay-color":"","overlay-opacity":"","overlay-gradient":""},"tablet":{"background-color":"var(--ast-global-color-4)","background-image":"","background-repeat":"repeat","background-position":"center center","background-size":"auto","background-attachment":"scroll","background-type":"","background-media":"","overlay-type":"","overlay-color":"","overlay-opacity":"","overlay-gradient":""},"mobile":{"background-color":"var(--ast-global-color-4)","background-image":"","background-repeat":"repeat","background-position":"center center","background-size":"auto","background-attachment":"scroll","background-type":"","background-media":"","overlay-type":"","overlay-color":"","overlay-opacity":"","overlay-gradient":""}}},"product_brand":[],"product_cat":[9581],"product_tag":[1476,1590,5500,1664,1587],"class_list":{"0":"post-18972","1":"product","2":"type-product","3":"status-publish","4":"has-post-thumbnail","6":"product_cat-kriminaliniai-romanai","7":"product_tag-detektyvas","8":"product_tag-itampa","9":"product_tag-m-w-craven","10":"product_tag-nusikaltimai","11":"product_tag-trileris","12":"desktop-align-left","13":"tablet-align-left","14":"mobile-align-left","16":"first","17":"instock","18":"shipping-taxable","19":"purchasable","20":"product-type-simple"},"acf":[],"yoast_head":"<!-- This site is optimized with the Yoast SEO plugin v27.0 - https:\/\/yoast.com\/product\/yoast-seo-wordpress\/ -->\n<title>Kuratorius<\/title>\n<meta name=\"description\" content=\"\u201eAkivaizdu, kad Mike&#039;as Cravenas mok\u0117si i\u0161 geriausi\u0173j\u0173 (Marko Billinghamo, Michaelio Connelly, Jeffery Deaverio) \u2013 jis geba sukonstruoti jaudinant\u012f,\" \/>\n<meta name=\"robots\" content=\"index, follow, max-snippet:-1, max-image-preview:large, max-video-preview:-1\" \/>\n<link rel=\"canonical\" href=\"https:\/\/skaitytaknyga.lt\/en\/produktas\/kuratorius\/\" \/>\n<meta property=\"og:locale\" content=\"en_GB\" \/>\n<meta property=\"og:locale:alternate\" content=\"lt_LT\" \/>\n<meta property=\"og:type\" content=\"article\" \/>\n<meta property=\"og:title\" content=\"Kuratorius\" \/>\n<meta property=\"og:description\" content=\"\u201eAkivaizdu, kad Mike&#039;as Cravenas mok\u0117si i\u0161 geriausi\u0173j\u0173 (Marko Billinghamo, Michaelio Connelly, Jeffery Deaverio) \u2013 jis geba sukonstruoti jaudinant\u012f,\" \/>\n<meta property=\"og:url\" content=\"https:\/\/skaitytaknyga.lt\/en\/produktas\/kuratorius\/\" \/>\n<meta property=\"og:site_name\" content=\"Skaitytaknyga\" \/>\n<meta property=\"article:publisher\" content=\"https:\/\/www.facebook.com\/skaitytaknyga\/\" \/>\n<meta property=\"article:modified_time\" content=\"2026-03-05T09:59:18+00:00\" \/>\n<meta property=\"og:image\" content=\"https:\/\/skaitytaknyga.lt\/wp-content\/uploads\/2025\/06\/Kuratorius.webp\" \/>\n\t<meta property=\"og:image:width\" content=\"534\" \/>\n\t<meta property=\"og:image:height\" content=\"801\" \/>\n\t<meta property=\"og:image:type\" content=\"image\/webp\" \/>\n<meta name=\"twitter:card\" content=\"summary_large_image\" \/>\n<meta name=\"twitter:label1\" content=\"Estimated reading time\" \/>\n\t<meta name=\"twitter:data1\" content=\"1 minute\" \/>\n<script type=\"application\/ld+json\" class=\"yoast-schema-graph\">{\"@context\":\"https:\/\/schema.org\",\"@graph\":[{\"@type\":\"WebPage\",\"@id\":\"https:\/\/skaitytaknyga.lt\/produktas\/kuratorius\/\",\"url\":\"https:\/\/skaitytaknyga.lt\/produktas\/kuratorius\/\",\"name\":\"Kuratorius\",\"isPartOf\":{\"@id\":\"https:\/\/skaitytaknyga.lt\/#website\"},\"primaryImageOfPage\":{\"@id\":\"https:\/\/skaitytaknyga.lt\/produktas\/kuratorius\/#primaryimage\"},\"image\":{\"@id\":\"https:\/\/skaitytaknyga.lt\/produktas\/kuratorius\/#primaryimage\"},\"thumbnailUrl\":\"https:\/\/skaitytaknyga.lt\/wp-content\/uploads\/2025\/06\/Kuratorius.webp\",\"datePublished\":\"2025-06-15T17:14:16+00:00\",\"dateModified\":\"2026-03-05T09:59:18+00:00\",\"description\":\"\u201eAkivaizdu, kad Mike'as Cravenas mok\u0117si i\u0161 geriausi\u0173j\u0173 (Marko Billinghamo, Michaelio Connelly, Jeffery Deaverio) \u2013 jis geba sukonstruoti jaudinant\u012f,\",\"breadcrumb\":{\"@id\":\"https:\/\/skaitytaknyga.lt\/produktas\/kuratorius\/#breadcrumb\"},\"inLanguage\":\"en-GB\",\"potentialAction\":[{\"@type\":\"ReadAction\",\"target\":[\"https:\/\/skaitytaknyga.lt\/produktas\/kuratorius\/\"]}]},{\"@type\":\"ImageObject\",\"inLanguage\":\"en-GB\",\"@id\":\"https:\/\/skaitytaknyga.lt\/produktas\/kuratorius\/#primaryimage\",\"url\":\"https:\/\/skaitytaknyga.lt\/wp-content\/uploads\/2025\/06\/Kuratorius.webp\",\"contentUrl\":\"https:\/\/skaitytaknyga.lt\/wp-content\/uploads\/2025\/06\/Kuratorius.webp\",\"width\":534,\"height\":801,\"caption\":\"Kuratorius\"},{\"@type\":\"BreadcrumbList\",\"@id\":\"https:\/\/skaitytaknyga.lt\/produktas\/kuratorius\/#breadcrumb\",\"itemListElement\":[{\"@type\":\"ListItem\",\"position\":1,\"name\":\"Home\",\"item\":\"https:\/\/skaitytaknyga.lt\/\"},{\"@type\":\"ListItem\",\"position\":2,\"name\":\"Parduotuv\u0117\",\"item\":\"https:\/\/skaitytaknyga.lt\/knygu-parduotuve\/\"},{\"@type\":\"ListItem\",\"position\":3,\"name\":\"Kuratorius\"}]},{\"@type\":\"WebSite\",\"@id\":\"https:\/\/skaitytaknyga.lt\/#website\",\"url\":\"https:\/\/skaitytaknyga.lt\/\",\"name\":\"skaitytaknyga.lt\",\"description\":\"Skaitytaknyga.lt \u2013 tai ma\u017eas \u0161eimos verslas, kuris prasid\u0117jo nuo meil\u0117s knygoms ir siekio i\u0161gelb\u0117ti knygas nuo likimo prie konteinerio. Kas vienam nereikalingas daiktas \u2013 kitam lobis, o mes esame tarpininkai, kurie padeda abiems tapti laimingesniems ???? \u017dinome kaip nelengva i\u0161gyventi ma\u017eiems verslams, tad nuo \u0161iol, \u010dia rasite ir kit\u0173, ma\u017e\u0173 \u0161eim\u0173 versl\u0173, rank\u0173 darbo, dovan\u0173 sau ir artimiesiems.\",\"publisher\":{\"@id\":\"https:\/\/skaitytaknyga.lt\/#organization\"},\"potentialAction\":[{\"@type\":\"SearchAction\",\"target\":{\"@type\":\"EntryPoint\",\"urlTemplate\":\"https:\/\/skaitytaknyga.lt\/?s={search_term_string}\"},\"query-input\":{\"@type\":\"PropertyValueSpecification\",\"valueRequired\":true,\"valueName\":\"search_term_string\"}}],\"inLanguage\":\"en-GB\"},{\"@type\":\"Organization\",\"@id\":\"https:\/\/skaitytaknyga.lt\/#organization\",\"name\":\"skaitytaknyga.lt\",\"url\":\"https:\/\/skaitytaknyga.lt\/\",\"logo\":{\"@type\":\"ImageObject\",\"inLanguage\":\"en-GB\",\"@id\":\"https:\/\/skaitytaknyga.lt\/#\/schema\/logo\/image\/\",\"url\":\"https:\/\/skaitytaknyga.lt\/wp-content\/uploads\/2024\/05\/cropped-cropped-cropped-02_00843_jt3bggkj1j3HLc7SyY6rEUpg.jpeg\",\"contentUrl\":\"https:\/\/skaitytaknyga.lt\/wp-content\/uploads\/2024\/05\/cropped-cropped-cropped-02_00843_jt3bggkj1j3HLc7SyY6rEUpg.jpeg\",\"width\":1600,\"height\":1600,\"caption\":\"skaitytaknyga.lt\"},\"image\":{\"@id\":\"https:\/\/skaitytaknyga.lt\/#\/schema\/logo\/image\/\"},\"sameAs\":[\"https:\/\/www.facebook.com\/skaitytaknyga\/\"]}]}<\/script>\n<!-- \/ Yoast SEO plugin. -->","yoast_head_json":{"title":"Kuratorius","description":"\u201eAkivaizdu, kad Mike'as Cravenas mok\u0117si i\u0161 geriausi\u0173j\u0173 (Marko Billinghamo, Michaelio Connelly, Jeffery Deaverio) \u2013 jis geba sukonstruoti jaudinant\u012f,","robots":{"index":"index","follow":"follow","max-snippet":"max-snippet:-1","max-image-preview":"max-image-preview:large","max-video-preview":"max-video-preview:-1"},"canonical":"https:\/\/skaitytaknyga.lt\/en\/produktas\/kuratorius\/","og_locale":"en_GB","og_type":"article","og_title":"[:lt]Kuratorius[:] - Skaitytaknyga","og_description":"\u201eAkivaizdu, kad Mike'as Cravenas mok\u0117si i\u0161 geriausi\u0173j\u0173 (Marko Billinghamo, Michaelio Connelly, Jeffery Deaverio) \u2013 jis geba sukonstruoti jaudinant\u012f,","og_url":"https:\/\/skaitytaknyga.lt\/en\/produktas\/kuratorius\/","og_site_name":"Skaitytaknyga","article_publisher":"https:\/\/www.facebook.com\/skaitytaknyga\/","article_modified_time":"2026-03-05T09:59:18+00:00","og_image":[{"width":534,"height":801,"url":"https:\/\/skaitytaknyga.lt\/wp-content\/uploads\/2025\/06\/Kuratorius.webp","type":"image\/webp"}],"twitter_card":"summary_large_image","twitter_misc":{"Estimated reading time":"1 minute"},"schema":{"@context":"https:\/\/schema.org","@graph":[{"@type":"WebPage","@id":"https:\/\/skaitytaknyga.lt\/produktas\/kuratorius\/","url":"https:\/\/skaitytaknyga.lt\/produktas\/kuratorius\/","name":"Kuratorius","isPartOf":{"@id":"https:\/\/skaitytaknyga.lt\/#website"},"primaryImageOfPage":{"@id":"https:\/\/skaitytaknyga.lt\/produktas\/kuratorius\/#primaryimage"},"image":{"@id":"https:\/\/skaitytaknyga.lt\/produktas\/kuratorius\/#primaryimage"},"thumbnailUrl":"https:\/\/skaitytaknyga.lt\/wp-content\/uploads\/2025\/06\/Kuratorius.webp","datePublished":"2025-06-15T17:14:16+00:00","dateModified":"2026-03-05T09:59:18+00:00","description":"\u201eAkivaizdu, kad Mike'as Cravenas mok\u0117si i\u0161 geriausi\u0173j\u0173 (Marko Billinghamo, Michaelio Connelly, Jeffery Deaverio) \u2013 jis geba sukonstruoti jaudinant\u012f,","breadcrumb":{"@id":"https:\/\/skaitytaknyga.lt\/produktas\/kuratorius\/#breadcrumb"},"inLanguage":"en-GB","potentialAction":[{"@type":"ReadAction","target":["https:\/\/skaitytaknyga.lt\/produktas\/kuratorius\/"]}]},{"@type":"ImageObject","inLanguage":"en-GB","@id":"https:\/\/skaitytaknyga.lt\/produktas\/kuratorius\/#primaryimage","url":"https:\/\/skaitytaknyga.lt\/wp-content\/uploads\/2025\/06\/Kuratorius.webp","contentUrl":"https:\/\/skaitytaknyga.lt\/wp-content\/uploads\/2025\/06\/Kuratorius.webp","width":534,"height":801,"caption":"Kuratorius"},{"@type":"BreadcrumbList","@id":"https:\/\/skaitytaknyga.lt\/produktas\/kuratorius\/#breadcrumb","itemListElement":[{"@type":"ListItem","position":1,"name":"Home","item":"https:\/\/skaitytaknyga.lt\/"},{"@type":"ListItem","position":2,"name":"Parduotuv\u0117","item":"https:\/\/skaitytaknyga.lt\/knygu-parduotuve\/"},{"@type":"ListItem","position":3,"name":"Kuratorius"}]},{"@type":"WebSite","@id":"https:\/\/skaitytaknyga.lt\/#website","url":"https:\/\/skaitytaknyga.lt\/","name":"skaitytaknyga.lt","description":"Skaitytaknyga.lt \u2013 tai ma\u017eas \u0161eimos verslas, kuris prasid\u0117jo nuo meil\u0117s knygoms ir siekio i\u0161gelb\u0117ti knygas nuo likimo prie konteinerio. Kas vienam nereikalingas daiktas \u2013 kitam lobis, o mes esame tarpininkai, kurie padeda abiems tapti laimingesniems ???? \u017dinome kaip nelengva i\u0161gyventi ma\u017eiems verslams, tad nuo \u0161iol, \u010dia rasite ir kit\u0173, ma\u017e\u0173 \u0161eim\u0173 versl\u0173, rank\u0173 darbo, dovan\u0173 sau ir artimiesiems.","publisher":{"@id":"https:\/\/skaitytaknyga.lt\/#organization"},"potentialAction":[{"@type":"SearchAction","target":{"@type":"EntryPoint","urlTemplate":"https:\/\/skaitytaknyga.lt\/?s={search_term_string}"},"query-input":{"@type":"PropertyValueSpecification","valueRequired":true,"valueName":"search_term_string"}}],"inLanguage":"en-GB"},{"@type":"Organization","@id":"https:\/\/skaitytaknyga.lt\/#organization","name":"skaitytaknyga.lt","url":"https:\/\/skaitytaknyga.lt\/","logo":{"@type":"ImageObject","inLanguage":"en-GB","@id":"https:\/\/skaitytaknyga.lt\/#\/schema\/logo\/image\/","url":"https:\/\/skaitytaknyga.lt\/wp-content\/uploads\/2024\/05\/cropped-cropped-cropped-02_00843_jt3bggkj1j3HLc7SyY6rEUpg.jpeg","contentUrl":"https:\/\/skaitytaknyga.lt\/wp-content\/uploads\/2024\/05\/cropped-cropped-cropped-02_00843_jt3bggkj1j3HLc7SyY6rEUpg.jpeg","width":1600,"height":1600,"caption":"skaitytaknyga.lt"},"image":{"@id":"https:\/\/skaitytaknyga.lt\/#\/schema\/logo\/image\/"},"sameAs":["https:\/\/www.facebook.com\/skaitytaknyga\/"]}]}},"_links":{"self":[{"href":"https:\/\/skaitytaknyga.lt\/en\/wp-json\/wp\/v2\/product\/18972","targetHints":{"allow":["GET"]}}],"collection":[{"href":"https:\/\/skaitytaknyga.lt\/en\/wp-json\/wp\/v2\/product"}],"about":[{"href":"https:\/\/skaitytaknyga.lt\/en\/wp-json\/wp\/v2\/types\/product"}],"replies":[{"embeddable":true,"href":"https:\/\/skaitytaknyga.lt\/en\/wp-json\/wp\/v2\/comments?post=18972"}],"wp:featuredmedia":[{"embeddable":true,"href":"https:\/\/skaitytaknyga.lt\/en\/wp-json\/wp\/v2\/media\/18977"}],"wp:attachment":[{"href":"https:\/\/skaitytaknyga.lt\/en\/wp-json\/wp\/v2\/media?parent=18972"}],"wp:term":[{"taxonomy":"product_brand","embeddable":true,"href":"https:\/\/skaitytaknyga.lt\/en\/wp-json\/wp\/v2\/product_brand?post=18972"},{"taxonomy":"product_cat","embeddable":true,"href":"https:\/\/skaitytaknyga.lt\/en\/wp-json\/wp\/v2\/product_cat?post=18972"},{"taxonomy":"product_tag","embeddable":true,"href":"https:\/\/skaitytaknyga.lt\/en\/wp-json\/wp\/v2\/product_tag?post=18972"}],"curies":[{"name":"wp","href":"https:\/\/api.w.org\/{rel}","templated":true}]}}