{"id":18970,"date":"2025-06-15T20:14:15","date_gmt":"2025-06-15T17:14:15","guid":{"rendered":"https:\/\/skaitytaknyga.lt\/?post_type=product&#038;p=18970"},"modified":"2025-07-07T09:26:25","modified_gmt":"2025-07-07T06:26:25","slug":"grazus-pasauli-kurgi-tu","status":"publish","type":"product","link":"https:\/\/skaitytaknyga.lt\/en\/produktas\/grazus-pasauli-kurgi-tu\/","title":{"rendered":"Gra\u017eus pasauli, kurgi tu"},"content":{"rendered":"<p>The Sunday Times ir pasaulinis bestseleris Nr. 1<br \/>\nAn Post Irish Book Awards met\u0173 romano kategorijos laim\u0117toja<\/p>\n<p>\u012e nedidel\u012f paj\u016brio miestel\u012f k\u0105 tik atsikraus\u010diusi ra\u0161ytoja Alisa \u010dia sutinka Feliks\u0105, dirbant\u012f sand\u0117lyje, o Dubline gyvenanti jos geriausia draug\u0117 Eilina po nutr\u016bkusi\u0173 santyki\u0173 v\u0117l ima flirtuoti su vaikyst\u0117s draugu Saimonu.<\/p>\n<p>Alisa, Feliksas, Eilina ir Saimonas dar jauni, bet gyvenimas lipa jiems ant kuln\u0173. Jie trok\u0161ta vienas kito, nuvilia vienas kit\u0105, b\u016bna drauge, i\u0161siskiria. Jie u\u017esiima seksu, nerimauja d\u0117l sekso, jaudinasi d\u0117l savo draugyst\u0117s ir pasaulio, kuriame gyvena. Ar jiems pavyks patik\u0117ti, kad pasaulis gra\u017eus?<\/p>\n<p>\u201eGeriausias Sally Rooney k\u016brinys. Jo puslapiuose slypi jaudinantis atvirumas, nuo\u0161irdumas ir tylus genialumas.\u201c \u2013 Financial Times<\/p>\n","protected":false},"excerpt":{"rendered":"<p>The Sunday Times ir pasaulinis bestseleris Nr. 1 An Post Irish Book Awards met\u0173 romano kategorijos laim\u0117toja \u012e nedidel\u012f paj\u016brio miestel\u012f k\u0105 tik atsikraus\u010diusi ra\u0161ytoja Alisa \u010dia sutinka Feliks\u0105, dirbant\u012f sand\u0117lyje, o Dubline gyvenanti jos geriausia draug\u0117 Eilina po nutr\u016bkusi\u0173 santyki\u0173 v\u0117l ima flirtuoti su vaikyst\u0117s draugu Saimonu. Alisa, Feliksas, Eilina ir Saimonas dar jauni, bet gyvenimas lipa jiems ant kuln\u0173. Jie trok\u0161ta vienas kito, nuvilia vienas kit\u0105, b\u016bna drauge, i\u0161siskiria. Jie u\u017esiima seksu, nerimauja d\u0117l sekso, jaudinasi d\u0117l savo draugyst\u0117s ir pasaulio, kuriame gyvena. Ar jiems pavyks patik\u0117ti, kad pasaulis gra\u017eus? \u201eGeriausias Sally Rooney k\u016brinys. Jo puslapiuose slypi jaudinantis atvirumas, nuo\u0161irdumas ir tylus genialumas.\u201c \u2013 Financial Times<\/p>\n","protected":false},"featured_media":18975,"comment_status":"open","ping_status":"closed","template":"","meta":{"_acf_changed":false,"site-sidebar-layout":"default","site-content-layout":"","ast-site-content-layout":"default","site-content-style":"default","site-sidebar-style":"default","ast-global-header-display":"","ast-banner-title-visibility":"","ast-main-header-display":"","ast-hfb-above-header-display":"","ast-hfb-below-header-display":"","ast-hfb-mobile-header-display":"","site-post-title":"","ast-breadcrumbs-content":"","ast-featured-img":"","footer-sml-layout":"","ast-disable-related-posts":"","theme-transparent-header-meta":"","adv-header-id-meta":"","stick-header-meta":"","header-above-stick-meta":"","header-main-stick-meta":"","header-below-stick-meta":"","astra-migrate-meta-layouts":"default","ast-page-background-enabled":"default","ast-page-background-meta":{"desktop":{"background-color":"","background-image":"","background-repeat":"repeat","background-position":"center center","background-size":"auto","background-attachment":"scroll","background-type":"","background-media":"","overlay-type":"","overlay-color":"","overlay-opacity":"","overlay-gradient":""},"tablet":{"background-color":"","background-image":"","background-repeat":"repeat","background-position":"center center","background-size":"auto","background-attachment":"scroll","background-type":"","background-media":"","overlay-type":"","overlay-color":"","overlay-opacity":"","overlay-gradient":""},"mobile":{"background-color":"","background-image":"","background-repeat":"repeat","background-position":"center center","background-size":"auto","background-attachment":"scroll","background-type":"","background-media":"","overlay-type":"","overlay-color":"","overlay-opacity":"","overlay-gradient":""}},"ast-content-background-meta":{"desktop":{"background-color":"var(--ast-global-color-4)","background-image":"","background-repeat":"repeat","background-position":"center center","background-size":"auto","background-attachment":"scroll","background-type":"","background-media":"","overlay-type":"","overlay-color":"","overlay-opacity":"","overlay-gradient":""},"tablet":{"background-color":"var(--ast-global-color-4)","background-image":"","background-repeat":"repeat","background-position":"center center","background-size":"auto","background-attachment":"scroll","background-type":"","background-media":"","overlay-type":"","overlay-color":"","overlay-opacity":"","overlay-gradient":""},"mobile":{"background-color":"var(--ast-global-color-4)","background-image":"","background-repeat":"repeat","background-position":"center center","background-size":"auto","background-attachment":"scroll","background-type":"","background-media":"","overlay-type":"","overlay-color":"","overlay-opacity":"","overlay-gradient":""}}},"product_brand":[],"product_cat":[31],"product_tag":[1647,2734,5497,1796,5496],"class_list":{"0":"post-18970","1":"product","2":"type-product","3":"status-publish","4":"has-post-thumbnail","6":"product_cat-grozine-literatura","7":"product_tag-draugyste","8":"product_tag-gyvenimo-issukiai","9":"product_tag-jaunuoliai","10":"product_tag-meile","11":"product_tag-sally-rooney","12":"desktop-align-left","13":"tablet-align-left","14":"mobile-align-left","16":"first","17":"instock","18":"shipping-taxable","19":"purchasable","20":"product-type-simple"},"acf":[],"yoast_head":"<!-- This site is optimized with the Yoast SEO plugin v27.0 - https:\/\/yoast.com\/product\/yoast-seo-wordpress\/ -->\n<title>Gra\u017eus pasauli, kurgi tu<\/title>\n<meta name=\"description\" content=\"The Sunday Times ir pasaulinis bestseleris Nr. 1 An Post Irish Book Awards met\u0173 romano kategorijos laim\u0117toja \u012e nedidel\u012f paj\u016brio miestel\u012f k\u0105 tik\" \/>\n<meta name=\"robots\" content=\"index, follow, max-snippet:-1, max-image-preview:large, max-video-preview:-1\" \/>\n<link rel=\"canonical\" href=\"https:\/\/skaitytaknyga.lt\/en\/produktas\/grazus-pasauli-kurgi-tu\/\" \/>\n<meta property=\"og:locale\" content=\"en_GB\" \/>\n<meta property=\"og:locale:alternate\" content=\"lt_LT\" \/>\n<meta property=\"og:type\" content=\"article\" \/>\n<meta property=\"og:title\" content=\"Gra\u017eus pasauli, kurgi tu\" \/>\n<meta property=\"og:description\" content=\"The Sunday Times ir pasaulinis bestseleris Nr. 1 An Post Irish Book Awards met\u0173 romano kategorijos laim\u0117toja \u012e nedidel\u012f paj\u016brio miestel\u012f k\u0105 tik\" \/>\n<meta property=\"og:url\" content=\"https:\/\/skaitytaknyga.lt\/en\/produktas\/grazus-pasauli-kurgi-tu\/\" \/>\n<meta property=\"og:site_name\" content=\"Skaitytaknyga\" \/>\n<meta property=\"article:publisher\" content=\"https:\/\/www.facebook.com\/skaitytaknyga\/\" \/>\n<meta property=\"article:modified_time\" content=\"2025-07-07T06:26:25+00:00\" \/>\n<meta property=\"og:image\" content=\"https:\/\/skaitytaknyga.lt\/wp-content\/uploads\/2025\/06\/Grazus-pasauli-kurgi-tu.webp\" \/>\n\t<meta property=\"og:image:width\" content=\"403\" \/>\n\t<meta property=\"og:image:height\" content=\"600\" \/>\n\t<meta property=\"og:image:type\" content=\"image\/webp\" \/>\n<meta name=\"twitter:card\" content=\"summary_large_image\" \/>\n<meta name=\"twitter:label1\" content=\"Estimated reading time\" \/>\n\t<meta name=\"twitter:data1\" content=\"1 minute\" \/>\n<script type=\"application\/ld+json\" class=\"yoast-schema-graph\">{\"@context\":\"https:\/\/schema.org\",\"@graph\":[{\"@type\":\"WebPage\",\"@id\":\"https:\/\/skaitytaknyga.lt\/produktas\/grazus-pasauli-kurgi-tu\/\",\"url\":\"https:\/\/skaitytaknyga.lt\/produktas\/grazus-pasauli-kurgi-tu\/\",\"name\":\"Gra\u017eus pasauli, kurgi tu\",\"isPartOf\":{\"@id\":\"https:\/\/skaitytaknyga.lt\/#website\"},\"primaryImageOfPage\":{\"@id\":\"https:\/\/skaitytaknyga.lt\/produktas\/grazus-pasauli-kurgi-tu\/#primaryimage\"},\"image\":{\"@id\":\"https:\/\/skaitytaknyga.lt\/produktas\/grazus-pasauli-kurgi-tu\/#primaryimage\"},\"thumbnailUrl\":\"https:\/\/skaitytaknyga.lt\/wp-content\/uploads\/2025\/06\/Grazus-pasauli-kurgi-tu.webp\",\"datePublished\":\"2025-06-15T17:14:15+00:00\",\"dateModified\":\"2025-07-07T06:26:25+00:00\",\"description\":\"The Sunday Times ir pasaulinis bestseleris Nr. 1 An Post Irish Book Awards met\u0173 romano kategorijos laim\u0117toja \u012e nedidel\u012f paj\u016brio miestel\u012f k\u0105 tik\",\"breadcrumb\":{\"@id\":\"https:\/\/skaitytaknyga.lt\/produktas\/grazus-pasauli-kurgi-tu\/#breadcrumb\"},\"inLanguage\":\"en-GB\",\"potentialAction\":[{\"@type\":\"ReadAction\",\"target\":[\"https:\/\/skaitytaknyga.lt\/produktas\/grazus-pasauli-kurgi-tu\/\"]}]},{\"@type\":\"ImageObject\",\"inLanguage\":\"en-GB\",\"@id\":\"https:\/\/skaitytaknyga.lt\/produktas\/grazus-pasauli-kurgi-tu\/#primaryimage\",\"url\":\"https:\/\/skaitytaknyga.lt\/wp-content\/uploads\/2025\/06\/Grazus-pasauli-kurgi-tu.webp\",\"contentUrl\":\"https:\/\/skaitytaknyga.lt\/wp-content\/uploads\/2025\/06\/Grazus-pasauli-kurgi-tu.webp\",\"width\":403,\"height\":600,\"caption\":\"Gra\u017eus pasauli, kurgi tu\"},{\"@type\":\"BreadcrumbList\",\"@id\":\"https:\/\/skaitytaknyga.lt\/produktas\/grazus-pasauli-kurgi-tu\/#breadcrumb\",\"itemListElement\":[{\"@type\":\"ListItem\",\"position\":1,\"name\":\"Home\",\"item\":\"https:\/\/skaitytaknyga.lt\/\"},{\"@type\":\"ListItem\",\"position\":2,\"name\":\"Parduotuv\u0117\",\"item\":\"https:\/\/skaitytaknyga.lt\/knygu-parduotuve\/\"},{\"@type\":\"ListItem\",\"position\":3,\"name\":\"Gra\u017eus pasauli, kurgi tu\"}]},{\"@type\":\"WebSite\",\"@id\":\"https:\/\/skaitytaknyga.lt\/#website\",\"url\":\"https:\/\/skaitytaknyga.lt\/\",\"name\":\"skaitytaknyga.lt\",\"description\":\"Skaitytaknyga.lt \u2013 tai ma\u017eas \u0161eimos verslas, kuris prasid\u0117jo nuo meil\u0117s knygoms ir siekio i\u0161gelb\u0117ti knygas nuo likimo prie konteinerio. Kas vienam nereikalingas daiktas \u2013 kitam lobis, o mes esame tarpininkai, kurie padeda abiems tapti laimingesniems ???? \u017dinome kaip nelengva i\u0161gyventi ma\u017eiems verslams, tad nuo \u0161iol, \u010dia rasite ir kit\u0173, ma\u017e\u0173 \u0161eim\u0173 versl\u0173, rank\u0173 darbo, dovan\u0173 sau ir artimiesiems.\",\"publisher\":{\"@id\":\"https:\/\/skaitytaknyga.lt\/#organization\"},\"potentialAction\":[{\"@type\":\"SearchAction\",\"target\":{\"@type\":\"EntryPoint\",\"urlTemplate\":\"https:\/\/skaitytaknyga.lt\/?s={search_term_string}\"},\"query-input\":{\"@type\":\"PropertyValueSpecification\",\"valueRequired\":true,\"valueName\":\"search_term_string\"}}],\"inLanguage\":\"en-GB\"},{\"@type\":\"Organization\",\"@id\":\"https:\/\/skaitytaknyga.lt\/#organization\",\"name\":\"skaitytaknyga.lt\",\"url\":\"https:\/\/skaitytaknyga.lt\/\",\"logo\":{\"@type\":\"ImageObject\",\"inLanguage\":\"en-GB\",\"@id\":\"https:\/\/skaitytaknyga.lt\/#\/schema\/logo\/image\/\",\"url\":\"https:\/\/skaitytaknyga.lt\/wp-content\/uploads\/2024\/05\/cropped-cropped-cropped-02_00843_jt3bggkj1j3HLc7SyY6rEUpg.jpeg\",\"contentUrl\":\"https:\/\/skaitytaknyga.lt\/wp-content\/uploads\/2024\/05\/cropped-cropped-cropped-02_00843_jt3bggkj1j3HLc7SyY6rEUpg.jpeg\",\"width\":1600,\"height\":1600,\"caption\":\"skaitytaknyga.lt\"},\"image\":{\"@id\":\"https:\/\/skaitytaknyga.lt\/#\/schema\/logo\/image\/\"},\"sameAs\":[\"https:\/\/www.facebook.com\/skaitytaknyga\/\"]}]}<\/script>\n<!-- \/ Yoast SEO plugin. -->","yoast_head_json":{"title":"Gra\u017eus pasauli, kurgi tu","description":"The Sunday Times ir pasaulinis bestseleris Nr. 1 An Post Irish Book Awards met\u0173 romano kategorijos laim\u0117toja \u012e nedidel\u012f paj\u016brio miestel\u012f k\u0105 tik","robots":{"index":"index","follow":"follow","max-snippet":"max-snippet:-1","max-image-preview":"max-image-preview:large","max-video-preview":"max-video-preview:-1"},"canonical":"https:\/\/skaitytaknyga.lt\/en\/produktas\/grazus-pasauli-kurgi-tu\/","og_locale":"en_GB","og_type":"article","og_title":"[:lt]Gra\u017eus pasauli, kurgi tu[:] - Skaitytaknyga","og_description":"The Sunday Times ir pasaulinis bestseleris Nr. 1 An Post Irish Book Awards met\u0173 romano kategorijos laim\u0117toja \u012e nedidel\u012f paj\u016brio miestel\u012f k\u0105 tik","og_url":"https:\/\/skaitytaknyga.lt\/en\/produktas\/grazus-pasauli-kurgi-tu\/","og_site_name":"Skaitytaknyga","article_publisher":"https:\/\/www.facebook.com\/skaitytaknyga\/","article_modified_time":"2025-07-07T06:26:25+00:00","og_image":[{"width":403,"height":600,"url":"https:\/\/skaitytaknyga.lt\/wp-content\/uploads\/2025\/06\/Grazus-pasauli-kurgi-tu.webp","type":"image\/webp"}],"twitter_card":"summary_large_image","twitter_misc":{"Estimated reading time":"1 minute"},"schema":{"@context":"https:\/\/schema.org","@graph":[{"@type":"WebPage","@id":"https:\/\/skaitytaknyga.lt\/produktas\/grazus-pasauli-kurgi-tu\/","url":"https:\/\/skaitytaknyga.lt\/produktas\/grazus-pasauli-kurgi-tu\/","name":"Gra\u017eus pasauli, kurgi tu","isPartOf":{"@id":"https:\/\/skaitytaknyga.lt\/#website"},"primaryImageOfPage":{"@id":"https:\/\/skaitytaknyga.lt\/produktas\/grazus-pasauli-kurgi-tu\/#primaryimage"},"image":{"@id":"https:\/\/skaitytaknyga.lt\/produktas\/grazus-pasauli-kurgi-tu\/#primaryimage"},"thumbnailUrl":"https:\/\/skaitytaknyga.lt\/wp-content\/uploads\/2025\/06\/Grazus-pasauli-kurgi-tu.webp","datePublished":"2025-06-15T17:14:15+00:00","dateModified":"2025-07-07T06:26:25+00:00","description":"The Sunday Times ir pasaulinis bestseleris Nr. 1 An Post Irish Book Awards met\u0173 romano kategorijos laim\u0117toja \u012e nedidel\u012f paj\u016brio miestel\u012f k\u0105 tik","breadcrumb":{"@id":"https:\/\/skaitytaknyga.lt\/produktas\/grazus-pasauli-kurgi-tu\/#breadcrumb"},"inLanguage":"en-GB","potentialAction":[{"@type":"ReadAction","target":["https:\/\/skaitytaknyga.lt\/produktas\/grazus-pasauli-kurgi-tu\/"]}]},{"@type":"ImageObject","inLanguage":"en-GB","@id":"https:\/\/skaitytaknyga.lt\/produktas\/grazus-pasauli-kurgi-tu\/#primaryimage","url":"https:\/\/skaitytaknyga.lt\/wp-content\/uploads\/2025\/06\/Grazus-pasauli-kurgi-tu.webp","contentUrl":"https:\/\/skaitytaknyga.lt\/wp-content\/uploads\/2025\/06\/Grazus-pasauli-kurgi-tu.webp","width":403,"height":600,"caption":"Gra\u017eus pasauli, kurgi tu"},{"@type":"BreadcrumbList","@id":"https:\/\/skaitytaknyga.lt\/produktas\/grazus-pasauli-kurgi-tu\/#breadcrumb","itemListElement":[{"@type":"ListItem","position":1,"name":"Home","item":"https:\/\/skaitytaknyga.lt\/"},{"@type":"ListItem","position":2,"name":"Parduotuv\u0117","item":"https:\/\/skaitytaknyga.lt\/knygu-parduotuve\/"},{"@type":"ListItem","position":3,"name":"Gra\u017eus pasauli, kurgi tu"}]},{"@type":"WebSite","@id":"https:\/\/skaitytaknyga.lt\/#website","url":"https:\/\/skaitytaknyga.lt\/","name":"skaitytaknyga.lt","description":"Skaitytaknyga.lt \u2013 tai ma\u017eas \u0161eimos verslas, kuris prasid\u0117jo nuo meil\u0117s knygoms ir siekio i\u0161gelb\u0117ti knygas nuo likimo prie konteinerio. Kas vienam nereikalingas daiktas \u2013 kitam lobis, o mes esame tarpininkai, kurie padeda abiems tapti laimingesniems ???? \u017dinome kaip nelengva i\u0161gyventi ma\u017eiems verslams, tad nuo \u0161iol, \u010dia rasite ir kit\u0173, ma\u017e\u0173 \u0161eim\u0173 versl\u0173, rank\u0173 darbo, dovan\u0173 sau ir artimiesiems.","publisher":{"@id":"https:\/\/skaitytaknyga.lt\/#organization"},"potentialAction":[{"@type":"SearchAction","target":{"@type":"EntryPoint","urlTemplate":"https:\/\/skaitytaknyga.lt\/?s={search_term_string}"},"query-input":{"@type":"PropertyValueSpecification","valueRequired":true,"valueName":"search_term_string"}}],"inLanguage":"en-GB"},{"@type":"Organization","@id":"https:\/\/skaitytaknyga.lt\/#organization","name":"skaitytaknyga.lt","url":"https:\/\/skaitytaknyga.lt\/","logo":{"@type":"ImageObject","inLanguage":"en-GB","@id":"https:\/\/skaitytaknyga.lt\/#\/schema\/logo\/image\/","url":"https:\/\/skaitytaknyga.lt\/wp-content\/uploads\/2024\/05\/cropped-cropped-cropped-02_00843_jt3bggkj1j3HLc7SyY6rEUpg.jpeg","contentUrl":"https:\/\/skaitytaknyga.lt\/wp-content\/uploads\/2024\/05\/cropped-cropped-cropped-02_00843_jt3bggkj1j3HLc7SyY6rEUpg.jpeg","width":1600,"height":1600,"caption":"skaitytaknyga.lt"},"image":{"@id":"https:\/\/skaitytaknyga.lt\/#\/schema\/logo\/image\/"},"sameAs":["https:\/\/www.facebook.com\/skaitytaknyga\/"]}]}},"_links":{"self":[{"href":"https:\/\/skaitytaknyga.lt\/en\/wp-json\/wp\/v2\/product\/18970","targetHints":{"allow":["GET"]}}],"collection":[{"href":"https:\/\/skaitytaknyga.lt\/en\/wp-json\/wp\/v2\/product"}],"about":[{"href":"https:\/\/skaitytaknyga.lt\/en\/wp-json\/wp\/v2\/types\/product"}],"replies":[{"embeddable":true,"href":"https:\/\/skaitytaknyga.lt\/en\/wp-json\/wp\/v2\/comments?post=18970"}],"wp:featuredmedia":[{"embeddable":true,"href":"https:\/\/skaitytaknyga.lt\/en\/wp-json\/wp\/v2\/media\/18975"}],"wp:attachment":[{"href":"https:\/\/skaitytaknyga.lt\/en\/wp-json\/wp\/v2\/media?parent=18970"}],"wp:term":[{"taxonomy":"product_brand","embeddable":true,"href":"https:\/\/skaitytaknyga.lt\/en\/wp-json\/wp\/v2\/product_brand?post=18970"},{"taxonomy":"product_cat","embeddable":true,"href":"https:\/\/skaitytaknyga.lt\/en\/wp-json\/wp\/v2\/product_cat?post=18970"},{"taxonomy":"product_tag","embeddable":true,"href":"https:\/\/skaitytaknyga.lt\/en\/wp-json\/wp\/v2\/product_tag?post=18970"}],"curies":[{"name":"wp","href":"https:\/\/api.w.org\/{rel}","templated":true}]}}