{"id":18960,"date":"2025-06-15T14:47:30","date_gmt":"2025-06-15T11:47:30","guid":{"rendered":"https:\/\/skaitytaknyga.lt\/?post_type=product&#038;p=18960"},"modified":"2025-06-26T15:05:54","modified_gmt":"2025-06-26T12:05:54","slug":"zmonijos-ismintis","status":"publish","type":"product","link":"https:\/\/skaitytaknyga.lt\/en\/produktas\/zmonijos-ismintis\/","title":{"rendered":"\u017dMONIJOS I\u0160MINTIS"},"content":{"rendered":"<p>Kaip sak\u0117 Isaacas Asimovas, li\u016bdniausia \u0161i\u0173 laik\u0173 realija, kad visuomen\u0117 kaupia \u017einias kur kas grei\u010diau nei i\u0161mint\u012f. Jau \u012frodyta, kad \u0161iandieninis pradinukas \u017eino daugiau, nei jo prosenelis su\u017einojo per vis\u0105 gyvenim\u0105. Vis d\u0117lto i\u0161min\u010di\u0173 neatsiranda daugiau nei Konfucijaus, Sokrato ar Voltero laikais. Laim\u0117, \u017emoni\u0173, kurie sugeba i\u0161 informacijos angli\u0173 i\u0161kapstyti i\u0161minties deimantus, buvo ir teb\u0117ra. J\u0173 mintys perduodamos i\u0161 kartos \u012f kart\u0105, nes \u012fkvepia, sustiprina, suteikia vilties atsid\u016brusiam gyvenimo kry\u017ekel\u0117je. \u0160is \u017emonijos i\u0161minties rinkinys yra tai, k\u0105 \u017emogaus protas paliko Visatoje geriausio, am\u017eino, aktualaus tiek mums dabar, tiek m\u016bs\u0173 provaikai\u010diams, tai, kas mus nuramina, padr\u0105sina ir paskatina labiau myl\u0117ti.<\/p>\n","protected":false},"excerpt":{"rendered":"<p>Kaip sak\u0117 Isaacas Asimovas, li\u016bdniausia \u0161i\u0173 laik\u0173 realija, kad visuomen\u0117 kaupia \u017einias kur kas grei\u010diau nei i\u0161mint\u012f. Jau \u012frodyta, kad \u0161iandieninis pradinukas \u017eino daugiau, nei jo prosenelis su\u017einojo per vis\u0105 gyvenim\u0105. Vis d\u0117lto i\u0161min\u010di\u0173 neatsiranda daugiau nei Konfucijaus, Sokrato ar Voltero laikais. Laim\u0117, \u017emoni\u0173, kurie sugeba i\u0161 informacijos angli\u0173 i\u0161kapstyti i\u0161minties deimantus, buvo ir teb\u0117ra. J\u0173 mintys perduodamos i\u0161 kartos \u012f kart\u0105, nes \u012fkvepia, sustiprina, suteikia vilties atsid\u016brusiam gyvenimo kry\u017ekel\u0117je. \u0160is \u017emonijos i\u0161minties rinkinys yra tai, k\u0105 \u017emogaus protas paliko Visatoje geriausio, am\u017eino, aktualaus tiek mums dabar, tiek m\u016bs\u0173 provaikai\u010diams, tai, kas mus nuramina, padr\u0105sina ir paskatina labiau myl\u0117ti.<\/p>\n","protected":false},"featured_media":18965,"comment_status":"open","ping_status":"closed","template":"","meta":{"_acf_changed":false,"site-sidebar-layout":"default","site-content-layout":"","ast-site-content-layout":"default","site-content-style":"default","site-sidebar-style":"default","ast-global-header-display":"","ast-banner-title-visibility":"","ast-main-header-display":"","ast-hfb-above-header-display":"","ast-hfb-below-header-display":"","ast-hfb-mobile-header-display":"","site-post-title":"","ast-breadcrumbs-content":"","ast-featured-img":"","footer-sml-layout":"","ast-disable-related-posts":"","theme-transparent-header-meta":"","adv-header-id-meta":"","stick-header-meta":"","header-above-stick-meta":"","header-main-stick-meta":"","header-below-stick-meta":"","astra-migrate-meta-layouts":"default","ast-page-background-enabled":"default","ast-page-background-meta":{"desktop":{"background-color":"","background-image":"","background-repeat":"repeat","background-position":"center center","background-size":"auto","background-attachment":"scroll","background-type":"","background-media":"","overlay-type":"","overlay-color":"","overlay-opacity":"","overlay-gradient":""},"tablet":{"background-color":"","background-image":"","background-repeat":"repeat","background-position":"center center","background-size":"auto","background-attachment":"scroll","background-type":"","background-media":"","overlay-type":"","overlay-color":"","overlay-opacity":"","overlay-gradient":""},"mobile":{"background-color":"","background-image":"","background-repeat":"repeat","background-position":"center center","background-size":"auto","background-attachment":"scroll","background-type":"","background-media":"","overlay-type":"","overlay-color":"","overlay-opacity":"","overlay-gradient":""}},"ast-content-background-meta":{"desktop":{"background-color":"var(--ast-global-color-4)","background-image":"","background-repeat":"repeat","background-position":"center center","background-size":"auto","background-attachment":"scroll","background-type":"","background-media":"","overlay-type":"","overlay-color":"","overlay-opacity":"","overlay-gradient":""},"tablet":{"background-color":"var(--ast-global-color-4)","background-image":"","background-repeat":"repeat","background-position":"center center","background-size":"auto","background-attachment":"scroll","background-type":"","background-media":"","overlay-type":"","overlay-color":"","overlay-opacity":"","overlay-gradient":""},"mobile":{"background-color":"var(--ast-global-color-4)","background-image":"","background-repeat":"repeat","background-position":"center center","background-size":"auto","background-attachment":"scroll","background-type":"","background-media":"","overlay-type":"","overlay-color":"","overlay-opacity":"","overlay-gradient":""}}},"product_brand":[],"product_cat":[15],"product_tag":[1467,2826,2224,1524,5492],"class_list":{"0":"post-18960","1":"product","2":"type-product","3":"status-publish","4":"has-post-thumbnail","6":"product_cat-uncategorized","7":"product_tag-filosofija","8":"product_tag-ismintis","9":"product_tag-istorija","10":"product_tag-mokslas","11":"product_tag-zmonijos-ismintis","12":"desktop-align-left","13":"tablet-align-left","14":"mobile-align-left","16":"first","17":"instock","18":"shipping-taxable","19":"purchasable","20":"product-type-simple"},"acf":[],"yoast_head":"<!-- This site is optimized with the Yoast SEO plugin v27.0 - https:\/\/yoast.com\/product\/yoast-seo-wordpress\/ -->\n<title>\u017dMONIJOS I\u0160MINTIS<\/title>\n<meta name=\"description\" content=\"Kaip sak\u0117 Isaacas Asimovas, li\u016bdniausia \u0161i\u0173 laik\u0173 realija, kad visuomen\u0117 kaupia \u017einias kur kas grei\u010diau nei i\u0161mint\u012f. Jau \u012frodyta, kad \u0161iandieninis\" \/>\n<meta name=\"robots\" content=\"index, follow, max-snippet:-1, max-image-preview:large, max-video-preview:-1\" \/>\n<link rel=\"canonical\" href=\"https:\/\/skaitytaknyga.lt\/en\/produktas\/zmonijos-ismintis\/\" \/>\n<meta property=\"og:locale\" content=\"en_GB\" \/>\n<meta property=\"og:locale:alternate\" content=\"lt_LT\" \/>\n<meta property=\"og:type\" content=\"article\" \/>\n<meta property=\"og:title\" content=\"\u017dMONIJOS I\u0160MINTIS\" \/>\n<meta property=\"og:description\" content=\"Kaip sak\u0117 Isaacas Asimovas, li\u016bdniausia \u0161i\u0173 laik\u0173 realija, kad visuomen\u0117 kaupia \u017einias kur kas grei\u010diau nei i\u0161mint\u012f. Jau \u012frodyta, kad \u0161iandieninis\" \/>\n<meta property=\"og:url\" content=\"https:\/\/skaitytaknyga.lt\/en\/produktas\/zmonijos-ismintis\/\" \/>\n<meta property=\"og:site_name\" content=\"Skaitytaknyga\" \/>\n<meta property=\"article:publisher\" content=\"https:\/\/www.facebook.com\/skaitytaknyga\/\" \/>\n<meta property=\"article:modified_time\" content=\"2025-06-26T12:05:54+00:00\" \/>\n<meta property=\"og:image\" content=\"https:\/\/skaitytaknyga.lt\/wp-content\/uploads\/2025\/06\/ZMONIJOS-ISMINTIS.webp\" \/>\n\t<meta property=\"og:image:width\" content=\"541\" \/>\n\t<meta property=\"og:image:height\" content=\"801\" \/>\n\t<meta property=\"og:image:type\" content=\"image\/webp\" \/>\n<meta name=\"twitter:card\" content=\"summary_large_image\" \/>\n<meta name=\"twitter:label1\" content=\"Estimated reading time\" \/>\n\t<meta name=\"twitter:data1\" content=\"1 minute\" \/>\n<script type=\"application\/ld+json\" class=\"yoast-schema-graph\">{\"@context\":\"https:\/\/schema.org\",\"@graph\":[{\"@type\":\"WebPage\",\"@id\":\"https:\/\/skaitytaknyga.lt\/produktas\/zmonijos-ismintis\/\",\"url\":\"https:\/\/skaitytaknyga.lt\/produktas\/zmonijos-ismintis\/\",\"name\":\"\u017dMONIJOS I\u0160MINTIS\",\"isPartOf\":{\"@id\":\"https:\/\/skaitytaknyga.lt\/#website\"},\"primaryImageOfPage\":{\"@id\":\"https:\/\/skaitytaknyga.lt\/produktas\/zmonijos-ismintis\/#primaryimage\"},\"image\":{\"@id\":\"https:\/\/skaitytaknyga.lt\/produktas\/zmonijos-ismintis\/#primaryimage\"},\"thumbnailUrl\":\"https:\/\/skaitytaknyga.lt\/wp-content\/uploads\/2025\/06\/ZMONIJOS-ISMINTIS.webp\",\"datePublished\":\"2025-06-15T11:47:30+00:00\",\"dateModified\":\"2025-06-26T12:05:54+00:00\",\"description\":\"Kaip sak\u0117 Isaacas Asimovas, li\u016bdniausia \u0161i\u0173 laik\u0173 realija, kad visuomen\u0117 kaupia \u017einias kur kas grei\u010diau nei i\u0161mint\u012f. Jau \u012frodyta, kad \u0161iandieninis\",\"breadcrumb\":{\"@id\":\"https:\/\/skaitytaknyga.lt\/produktas\/zmonijos-ismintis\/#breadcrumb\"},\"inLanguage\":\"en-GB\",\"potentialAction\":[{\"@type\":\"ReadAction\",\"target\":[\"https:\/\/skaitytaknyga.lt\/produktas\/zmonijos-ismintis\/\"]}]},{\"@type\":\"ImageObject\",\"inLanguage\":\"en-GB\",\"@id\":\"https:\/\/skaitytaknyga.lt\/produktas\/zmonijos-ismintis\/#primaryimage\",\"url\":\"https:\/\/skaitytaknyga.lt\/wp-content\/uploads\/2025\/06\/ZMONIJOS-ISMINTIS.webp\",\"contentUrl\":\"https:\/\/skaitytaknyga.lt\/wp-content\/uploads\/2025\/06\/ZMONIJOS-ISMINTIS.webp\",\"width\":541,\"height\":801,\"caption\":\"\u017dMONIJOS I\u0160MINTIS\"},{\"@type\":\"BreadcrumbList\",\"@id\":\"https:\/\/skaitytaknyga.lt\/produktas\/zmonijos-ismintis\/#breadcrumb\",\"itemListElement\":[{\"@type\":\"ListItem\",\"position\":1,\"name\":\"Home\",\"item\":\"https:\/\/skaitytaknyga.lt\/\"},{\"@type\":\"ListItem\",\"position\":2,\"name\":\"Parduotuv\u0117\",\"item\":\"https:\/\/skaitytaknyga.lt\/knygu-parduotuve\/\"},{\"@type\":\"ListItem\",\"position\":3,\"name\":\"\u017dMONIJOS I\u0160MINTIS\"}]},{\"@type\":\"WebSite\",\"@id\":\"https:\/\/skaitytaknyga.lt\/#website\",\"url\":\"https:\/\/skaitytaknyga.lt\/\",\"name\":\"skaitytaknyga.lt\",\"description\":\"Skaitytaknyga.lt \u2013 tai ma\u017eas \u0161eimos verslas, kuris prasid\u0117jo nuo meil\u0117s knygoms ir siekio i\u0161gelb\u0117ti knygas nuo likimo prie konteinerio. Kas vienam nereikalingas daiktas \u2013 kitam lobis, o mes esame tarpininkai, kurie padeda abiems tapti laimingesniems ???? \u017dinome kaip nelengva i\u0161gyventi ma\u017eiems verslams, tad nuo \u0161iol, \u010dia rasite ir kit\u0173, ma\u017e\u0173 \u0161eim\u0173 versl\u0173, rank\u0173 darbo, dovan\u0173 sau ir artimiesiems.\",\"publisher\":{\"@id\":\"https:\/\/skaitytaknyga.lt\/#organization\"},\"potentialAction\":[{\"@type\":\"SearchAction\",\"target\":{\"@type\":\"EntryPoint\",\"urlTemplate\":\"https:\/\/skaitytaknyga.lt\/?s={search_term_string}\"},\"query-input\":{\"@type\":\"PropertyValueSpecification\",\"valueRequired\":true,\"valueName\":\"search_term_string\"}}],\"inLanguage\":\"en-GB\"},{\"@type\":\"Organization\",\"@id\":\"https:\/\/skaitytaknyga.lt\/#organization\",\"name\":\"skaitytaknyga.lt\",\"url\":\"https:\/\/skaitytaknyga.lt\/\",\"logo\":{\"@type\":\"ImageObject\",\"inLanguage\":\"en-GB\",\"@id\":\"https:\/\/skaitytaknyga.lt\/#\/schema\/logo\/image\/\",\"url\":\"https:\/\/skaitytaknyga.lt\/wp-content\/uploads\/2024\/05\/cropped-cropped-cropped-02_00843_jt3bggkj1j3HLc7SyY6rEUpg.jpeg\",\"contentUrl\":\"https:\/\/skaitytaknyga.lt\/wp-content\/uploads\/2024\/05\/cropped-cropped-cropped-02_00843_jt3bggkj1j3HLc7SyY6rEUpg.jpeg\",\"width\":1600,\"height\":1600,\"caption\":\"skaitytaknyga.lt\"},\"image\":{\"@id\":\"https:\/\/skaitytaknyga.lt\/#\/schema\/logo\/image\/\"},\"sameAs\":[\"https:\/\/www.facebook.com\/skaitytaknyga\/\"]}]}<\/script>\n<!-- \/ Yoast SEO plugin. -->","yoast_head_json":{"title":"\u017dMONIJOS I\u0160MINTIS","description":"Kaip sak\u0117 Isaacas Asimovas, li\u016bdniausia \u0161i\u0173 laik\u0173 realija, kad visuomen\u0117 kaupia \u017einias kur kas grei\u010diau nei i\u0161mint\u012f. Jau \u012frodyta, kad \u0161iandieninis","robots":{"index":"index","follow":"follow","max-snippet":"max-snippet:-1","max-image-preview":"max-image-preview:large","max-video-preview":"max-video-preview:-1"},"canonical":"https:\/\/skaitytaknyga.lt\/en\/produktas\/zmonijos-ismintis\/","og_locale":"en_GB","og_type":"article","og_title":"[:lt]\u017dMONIJOS I\u0160MINTIS[:] - Skaitytaknyga","og_description":"Kaip sak\u0117 Isaacas Asimovas, li\u016bdniausia \u0161i\u0173 laik\u0173 realija, kad visuomen\u0117 kaupia \u017einias kur kas grei\u010diau nei i\u0161mint\u012f. Jau \u012frodyta, kad \u0161iandieninis","og_url":"https:\/\/skaitytaknyga.lt\/en\/produktas\/zmonijos-ismintis\/","og_site_name":"Skaitytaknyga","article_publisher":"https:\/\/www.facebook.com\/skaitytaknyga\/","article_modified_time":"2025-06-26T12:05:54+00:00","og_image":[{"width":541,"height":801,"url":"https:\/\/skaitytaknyga.lt\/wp-content\/uploads\/2025\/06\/ZMONIJOS-ISMINTIS.webp","type":"image\/webp"}],"twitter_card":"summary_large_image","twitter_misc":{"Estimated reading time":"1 minute"},"schema":{"@context":"https:\/\/schema.org","@graph":[{"@type":"WebPage","@id":"https:\/\/skaitytaknyga.lt\/produktas\/zmonijos-ismintis\/","url":"https:\/\/skaitytaknyga.lt\/produktas\/zmonijos-ismintis\/","name":"\u017dMONIJOS I\u0160MINTIS","isPartOf":{"@id":"https:\/\/skaitytaknyga.lt\/#website"},"primaryImageOfPage":{"@id":"https:\/\/skaitytaknyga.lt\/produktas\/zmonijos-ismintis\/#primaryimage"},"image":{"@id":"https:\/\/skaitytaknyga.lt\/produktas\/zmonijos-ismintis\/#primaryimage"},"thumbnailUrl":"https:\/\/skaitytaknyga.lt\/wp-content\/uploads\/2025\/06\/ZMONIJOS-ISMINTIS.webp","datePublished":"2025-06-15T11:47:30+00:00","dateModified":"2025-06-26T12:05:54+00:00","description":"Kaip sak\u0117 Isaacas Asimovas, li\u016bdniausia \u0161i\u0173 laik\u0173 realija, kad visuomen\u0117 kaupia \u017einias kur kas grei\u010diau nei i\u0161mint\u012f. Jau \u012frodyta, kad \u0161iandieninis","breadcrumb":{"@id":"https:\/\/skaitytaknyga.lt\/produktas\/zmonijos-ismintis\/#breadcrumb"},"inLanguage":"en-GB","potentialAction":[{"@type":"ReadAction","target":["https:\/\/skaitytaknyga.lt\/produktas\/zmonijos-ismintis\/"]}]},{"@type":"ImageObject","inLanguage":"en-GB","@id":"https:\/\/skaitytaknyga.lt\/produktas\/zmonijos-ismintis\/#primaryimage","url":"https:\/\/skaitytaknyga.lt\/wp-content\/uploads\/2025\/06\/ZMONIJOS-ISMINTIS.webp","contentUrl":"https:\/\/skaitytaknyga.lt\/wp-content\/uploads\/2025\/06\/ZMONIJOS-ISMINTIS.webp","width":541,"height":801,"caption":"\u017dMONIJOS I\u0160MINTIS"},{"@type":"BreadcrumbList","@id":"https:\/\/skaitytaknyga.lt\/produktas\/zmonijos-ismintis\/#breadcrumb","itemListElement":[{"@type":"ListItem","position":1,"name":"Home","item":"https:\/\/skaitytaknyga.lt\/"},{"@type":"ListItem","position":2,"name":"Parduotuv\u0117","item":"https:\/\/skaitytaknyga.lt\/knygu-parduotuve\/"},{"@type":"ListItem","position":3,"name":"\u017dMONIJOS I\u0160MINTIS"}]},{"@type":"WebSite","@id":"https:\/\/skaitytaknyga.lt\/#website","url":"https:\/\/skaitytaknyga.lt\/","name":"skaitytaknyga.lt","description":"Skaitytaknyga.lt \u2013 tai ma\u017eas \u0161eimos verslas, kuris prasid\u0117jo nuo meil\u0117s knygoms ir siekio i\u0161gelb\u0117ti knygas nuo likimo prie konteinerio. Kas vienam nereikalingas daiktas \u2013 kitam lobis, o mes esame tarpininkai, kurie padeda abiems tapti laimingesniems ???? \u017dinome kaip nelengva i\u0161gyventi ma\u017eiems verslams, tad nuo \u0161iol, \u010dia rasite ir kit\u0173, ma\u017e\u0173 \u0161eim\u0173 versl\u0173, rank\u0173 darbo, dovan\u0173 sau ir artimiesiems.","publisher":{"@id":"https:\/\/skaitytaknyga.lt\/#organization"},"potentialAction":[{"@type":"SearchAction","target":{"@type":"EntryPoint","urlTemplate":"https:\/\/skaitytaknyga.lt\/?s={search_term_string}"},"query-input":{"@type":"PropertyValueSpecification","valueRequired":true,"valueName":"search_term_string"}}],"inLanguage":"en-GB"},{"@type":"Organization","@id":"https:\/\/skaitytaknyga.lt\/#organization","name":"skaitytaknyga.lt","url":"https:\/\/skaitytaknyga.lt\/","logo":{"@type":"ImageObject","inLanguage":"en-GB","@id":"https:\/\/skaitytaknyga.lt\/#\/schema\/logo\/image\/","url":"https:\/\/skaitytaknyga.lt\/wp-content\/uploads\/2024\/05\/cropped-cropped-cropped-02_00843_jt3bggkj1j3HLc7SyY6rEUpg.jpeg","contentUrl":"https:\/\/skaitytaknyga.lt\/wp-content\/uploads\/2024\/05\/cropped-cropped-cropped-02_00843_jt3bggkj1j3HLc7SyY6rEUpg.jpeg","width":1600,"height":1600,"caption":"skaitytaknyga.lt"},"image":{"@id":"https:\/\/skaitytaknyga.lt\/#\/schema\/logo\/image\/"},"sameAs":["https:\/\/www.facebook.com\/skaitytaknyga\/"]}]}},"_links":{"self":[{"href":"https:\/\/skaitytaknyga.lt\/en\/wp-json\/wp\/v2\/product\/18960","targetHints":{"allow":["GET"]}}],"collection":[{"href":"https:\/\/skaitytaknyga.lt\/en\/wp-json\/wp\/v2\/product"}],"about":[{"href":"https:\/\/skaitytaknyga.lt\/en\/wp-json\/wp\/v2\/types\/product"}],"replies":[{"embeddable":true,"href":"https:\/\/skaitytaknyga.lt\/en\/wp-json\/wp\/v2\/comments?post=18960"}],"wp:featuredmedia":[{"embeddable":true,"href":"https:\/\/skaitytaknyga.lt\/en\/wp-json\/wp\/v2\/media\/18965"}],"wp:attachment":[{"href":"https:\/\/skaitytaknyga.lt\/en\/wp-json\/wp\/v2\/media?parent=18960"}],"wp:term":[{"taxonomy":"product_brand","embeddable":true,"href":"https:\/\/skaitytaknyga.lt\/en\/wp-json\/wp\/v2\/product_brand?post=18960"},{"taxonomy":"product_cat","embeddable":true,"href":"https:\/\/skaitytaknyga.lt\/en\/wp-json\/wp\/v2\/product_cat?post=18960"},{"taxonomy":"product_tag","embeddable":true,"href":"https:\/\/skaitytaknyga.lt\/en\/wp-json\/wp\/v2\/product_tag?post=18960"}],"curies":[{"name":"wp","href":"https:\/\/api.w.org\/{rel}","templated":true}]}}