{"id":18958,"date":"2025-06-15T14:47:29","date_gmt":"2025-06-15T11:47:29","guid":{"rendered":"https:\/\/skaitytaknyga.lt\/?post_type=product&#038;p=18958"},"modified":"2025-06-26T14:49:34","modified_gmt":"2025-06-26T11:49:34","slug":"kurmis-ir-mamyte","status":"publish","type":"product","link":"https:\/\/skaitytaknyga.lt\/en\/produktas\/kurmis-ir-mamyte\/","title":{"rendered":"Kurmis ir mamyt\u0117"},"content":{"rendered":"<p>Ei, kas \u010dia trepsi, kas \u010dia bilda? Tai ki\u0161ku\u010diai \u017eaid\u017eia gaudyni\u0173, o j\u0173 \u0161irdel\u0117s smarkiai plaka. Ne i\u0161 nuovargio, o i\u0161 didel\u0117s meil\u0117s \u2013 nuostabiausio dalyko pasaulyje.<\/p>\n<p>Tik ar viskas taip paprasta? Reik\u0117s ir truput\u012f a\u0161aras palieti, ir g\u0117li\u0173 priskinti, ir vestuvi\u0173 vai\u0161es suruo\u0161ti. Vestuvi\u0173? Taip! Juk ki\u0161kiai savo \u0161eimoje ims laukti ma\u017e\u0173 ki\u0161ku\u010di\u0173. Kurmiui teks  nelengva u\u017eduotis. Jis \u017earstys patarimus Ki\u0161kiui Pi\u0161kiui, sutuoks j\u012f su Ki\u0161ke Mi\u0161ke, pad\u0117s vaiku\u010diams ateit\u012f \u012f pasaul\u012f ir netgi taps j\u0173 aukle.<\/p>\n","protected":false},"excerpt":{"rendered":"<p>Ei, kas \u010dia trepsi, kas \u010dia bilda? Tai ki\u0161ku\u010diai \u017eaid\u017eia gaudyni\u0173, o j\u0173 \u0161irdel\u0117s smarkiai plaka. Ne i\u0161 nuovargio, o i\u0161 didel\u0117s meil\u0117s \u2013 nuostabiausio dalyko pasaulyje. Tik ar viskas taip paprasta? Reik\u0117s ir truput\u012f a\u0161aras palieti, ir g\u0117li\u0173 priskinti, ir vestuvi\u0173 vai\u0161es suruo\u0161ti. Vestuvi\u0173? Taip! Juk ki\u0161kiai savo \u0161eimoje ims laukti ma\u017e\u0173 ki\u0161ku\u010di\u0173. Kurmiui teks nelengva u\u017eduotis. Jis \u017earstys patarimus Ki\u0161kiui Pi\u0161kiui, sutuoks j\u012f su Ki\u0161ke Mi\u0161ke, pad\u0117s vaiku\u010diams ateit\u012f \u012f pasaul\u012f ir netgi taps j\u0173 aukle.<\/p>\n","protected":false},"featured_media":18963,"comment_status":"open","ping_status":"closed","template":"","meta":{"_acf_changed":false,"site-sidebar-layout":"default","site-content-layout":"","ast-site-content-layout":"default","site-content-style":"default","site-sidebar-style":"default","ast-global-header-display":"","ast-banner-title-visibility":"","ast-main-header-display":"","ast-hfb-above-header-display":"","ast-hfb-below-header-display":"","ast-hfb-mobile-header-display":"","site-post-title":"","ast-breadcrumbs-content":"","ast-featured-img":"","footer-sml-layout":"","ast-disable-related-posts":"","theme-transparent-header-meta":"","adv-header-id-meta":"","stick-header-meta":"","header-above-stick-meta":"","header-main-stick-meta":"","header-below-stick-meta":"","astra-migrate-meta-layouts":"default","ast-page-background-enabled":"default","ast-page-background-meta":{"desktop":{"background-color":"","background-image":"","background-repeat":"repeat","background-position":"center center","background-size":"auto","background-attachment":"scroll","background-type":"","background-media":"","overlay-type":"","overlay-color":"","overlay-opacity":"","overlay-gradient":""},"tablet":{"background-color":"","background-image":"","background-repeat":"repeat","background-position":"center center","background-size":"auto","background-attachment":"scroll","background-type":"","background-media":"","overlay-type":"","overlay-color":"","overlay-opacity":"","overlay-gradient":""},"mobile":{"background-color":"","background-image":"","background-repeat":"repeat","background-position":"center center","background-size":"auto","background-attachment":"scroll","background-type":"","background-media":"","overlay-type":"","overlay-color":"","overlay-opacity":"","overlay-gradient":""}},"ast-content-background-meta":{"desktop":{"background-color":"var(--ast-global-color-4)","background-image":"","background-repeat":"repeat","background-position":"center center","background-size":"auto","background-attachment":"scroll","background-type":"","background-media":"","overlay-type":"","overlay-color":"","overlay-opacity":"","overlay-gradient":""},"tablet":{"background-color":"var(--ast-global-color-4)","background-image":"","background-repeat":"repeat","background-position":"center center","background-size":"auto","background-attachment":"scroll","background-type":"","background-media":"","overlay-type":"","overlay-color":"","overlay-opacity":"","overlay-gradient":""},"mobile":{"background-color":"var(--ast-global-color-4)","background-image":"","background-repeat":"repeat","background-position":"center center","background-size":"auto","background-attachment":"scroll","background-type":"","background-media":"","overlay-type":"","overlay-color":"","overlay-opacity":"","overlay-gradient":""}}},"product_brand":[],"product_cat":[15],"product_tag":[5489,5490,5488,4990,5487,5479,5486,1796,3432,1646,3662,5478],"class_list":{"0":"post-18958","1":"product","2":"type-product","3":"status-publish","4":"has-post-thumbnail","6":"product_cat-uncategorized","7":"product_tag-asaros","8":"product_tag-aukle","9":"product_tag-gaudynes","10":"product_tag-geles","11":"product_tag-kiskuciai","12":"product_tag-kurmis","13":"product_tag-mamyte","14":"product_tag-meile","15":"product_tag-patarimai","16":"product_tag-seima","17":"product_tag-vestuves","18":"product_tag-zdenek-miler","19":"desktop-align-left","20":"tablet-align-left","21":"mobile-align-left","23":"first","24":"instock","25":"shipping-taxable","26":"purchasable","27":"product-type-simple"},"acf":[],"yoast_head":"<!-- This site is optimized with the Yoast SEO plugin v27.0 - https:\/\/yoast.com\/product\/yoast-seo-wordpress\/ -->\n<title>Kurmis ir mamyt\u0117<\/title>\n<meta name=\"description\" content=\"Ei, kas \u010dia trepsi, kas \u010dia bilda? Tai ki\u0161ku\u010diai \u017eaid\u017eia gaudyni\u0173, o j\u0173 \u0161irdel\u0117s smarkiai plaka. Ne i\u0161 nuovargio, o i\u0161 didel\u0117s meil\u0117s \u2013 nuostabiausio\" \/>\n<meta name=\"robots\" content=\"index, follow, max-snippet:-1, max-image-preview:large, max-video-preview:-1\" \/>\n<link rel=\"canonical\" href=\"https:\/\/skaitytaknyga.lt\/en\/produktas\/kurmis-ir-mamyte\/\" \/>\n<meta property=\"og:locale\" content=\"en_GB\" \/>\n<meta property=\"og:locale:alternate\" content=\"lt_LT\" \/>\n<meta property=\"og:type\" content=\"article\" \/>\n<meta property=\"og:title\" content=\"Kurmis ir mamyt\u0117\" \/>\n<meta property=\"og:description\" content=\"Ei, kas \u010dia trepsi, kas \u010dia bilda? Tai ki\u0161ku\u010diai \u017eaid\u017eia gaudyni\u0173, o j\u0173 \u0161irdel\u0117s smarkiai plaka. Ne i\u0161 nuovargio, o i\u0161 didel\u0117s meil\u0117s \u2013 nuostabiausio\" \/>\n<meta property=\"og:url\" content=\"https:\/\/skaitytaknyga.lt\/en\/produktas\/kurmis-ir-mamyte\/\" \/>\n<meta property=\"og:site_name\" content=\"Skaitytaknyga\" \/>\n<meta property=\"article:publisher\" content=\"https:\/\/www.facebook.com\/skaitytaknyga\/\" \/>\n<meta property=\"article:modified_time\" content=\"2025-06-26T11:49:34+00:00\" \/>\n<meta property=\"og:image\" content=\"https:\/\/skaitytaknyga.lt\/wp-content\/uploads\/2025\/06\/Kurmis-ir-mamyte.webp\" \/>\n\t<meta property=\"og:image:width\" content=\"606\" \/>\n\t<meta property=\"og:image:height\" content=\"801\" \/>\n\t<meta property=\"og:image:type\" content=\"image\/webp\" \/>\n<meta name=\"twitter:card\" content=\"summary_large_image\" \/>\n<script type=\"application\/ld+json\" class=\"yoast-schema-graph\">{\"@context\":\"https:\/\/schema.org\",\"@graph\":[{\"@type\":\"WebPage\",\"@id\":\"https:\/\/skaitytaknyga.lt\/produktas\/kurmis-ir-mamyte\/\",\"url\":\"https:\/\/skaitytaknyga.lt\/produktas\/kurmis-ir-mamyte\/\",\"name\":\"Kurmis ir mamyt\u0117\",\"isPartOf\":{\"@id\":\"https:\/\/skaitytaknyga.lt\/#website\"},\"primaryImageOfPage\":{\"@id\":\"https:\/\/skaitytaknyga.lt\/produktas\/kurmis-ir-mamyte\/#primaryimage\"},\"image\":{\"@id\":\"https:\/\/skaitytaknyga.lt\/produktas\/kurmis-ir-mamyte\/#primaryimage\"},\"thumbnailUrl\":\"https:\/\/skaitytaknyga.lt\/wp-content\/uploads\/2025\/06\/Kurmis-ir-mamyte.webp\",\"datePublished\":\"2025-06-15T11:47:29+00:00\",\"dateModified\":\"2025-06-26T11:49:34+00:00\",\"description\":\"Ei, kas \u010dia trepsi, kas \u010dia bilda? Tai ki\u0161ku\u010diai \u017eaid\u017eia gaudyni\u0173, o j\u0173 \u0161irdel\u0117s smarkiai plaka. Ne i\u0161 nuovargio, o i\u0161 didel\u0117s meil\u0117s \u2013 nuostabiausio\",\"breadcrumb\":{\"@id\":\"https:\/\/skaitytaknyga.lt\/produktas\/kurmis-ir-mamyte\/#breadcrumb\"},\"inLanguage\":\"en-GB\",\"potentialAction\":[{\"@type\":\"ReadAction\",\"target\":[\"https:\/\/skaitytaknyga.lt\/produktas\/kurmis-ir-mamyte\/\"]}]},{\"@type\":\"ImageObject\",\"inLanguage\":\"en-GB\",\"@id\":\"https:\/\/skaitytaknyga.lt\/produktas\/kurmis-ir-mamyte\/#primaryimage\",\"url\":\"https:\/\/skaitytaknyga.lt\/wp-content\/uploads\/2025\/06\/Kurmis-ir-mamyte.webp\",\"contentUrl\":\"https:\/\/skaitytaknyga.lt\/wp-content\/uploads\/2025\/06\/Kurmis-ir-mamyte.webp\",\"width\":606,\"height\":801,\"caption\":\"Kurmis ir mamyt\u0117\"},{\"@type\":\"BreadcrumbList\",\"@id\":\"https:\/\/skaitytaknyga.lt\/produktas\/kurmis-ir-mamyte\/#breadcrumb\",\"itemListElement\":[{\"@type\":\"ListItem\",\"position\":1,\"name\":\"Home\",\"item\":\"https:\/\/skaitytaknyga.lt\/\"},{\"@type\":\"ListItem\",\"position\":2,\"name\":\"Parduotuv\u0117\",\"item\":\"https:\/\/skaitytaknyga.lt\/knygu-parduotuve\/\"},{\"@type\":\"ListItem\",\"position\":3,\"name\":\"Kurmis ir mamyt\u0117\"}]},{\"@type\":\"WebSite\",\"@id\":\"https:\/\/skaitytaknyga.lt\/#website\",\"url\":\"https:\/\/skaitytaknyga.lt\/\",\"name\":\"skaitytaknyga.lt\",\"description\":\"Skaitytaknyga.lt \u2013 tai ma\u017eas \u0161eimos verslas, kuris prasid\u0117jo nuo meil\u0117s knygoms ir siekio i\u0161gelb\u0117ti knygas nuo likimo prie konteinerio. Kas vienam nereikalingas daiktas \u2013 kitam lobis, o mes esame tarpininkai, kurie padeda abiems tapti laimingesniems ???? \u017dinome kaip nelengva i\u0161gyventi ma\u017eiems verslams, tad nuo \u0161iol, \u010dia rasite ir kit\u0173, ma\u017e\u0173 \u0161eim\u0173 versl\u0173, rank\u0173 darbo, dovan\u0173 sau ir artimiesiems.\",\"publisher\":{\"@id\":\"https:\/\/skaitytaknyga.lt\/#organization\"},\"potentialAction\":[{\"@type\":\"SearchAction\",\"target\":{\"@type\":\"EntryPoint\",\"urlTemplate\":\"https:\/\/skaitytaknyga.lt\/?s={search_term_string}\"},\"query-input\":{\"@type\":\"PropertyValueSpecification\",\"valueRequired\":true,\"valueName\":\"search_term_string\"}}],\"inLanguage\":\"en-GB\"},{\"@type\":\"Organization\",\"@id\":\"https:\/\/skaitytaknyga.lt\/#organization\",\"name\":\"skaitytaknyga.lt\",\"url\":\"https:\/\/skaitytaknyga.lt\/\",\"logo\":{\"@type\":\"ImageObject\",\"inLanguage\":\"en-GB\",\"@id\":\"https:\/\/skaitytaknyga.lt\/#\/schema\/logo\/image\/\",\"url\":\"https:\/\/skaitytaknyga.lt\/wp-content\/uploads\/2024\/05\/cropped-cropped-cropped-02_00843_jt3bggkj1j3HLc7SyY6rEUpg.jpeg\",\"contentUrl\":\"https:\/\/skaitytaknyga.lt\/wp-content\/uploads\/2024\/05\/cropped-cropped-cropped-02_00843_jt3bggkj1j3HLc7SyY6rEUpg.jpeg\",\"width\":1600,\"height\":1600,\"caption\":\"skaitytaknyga.lt\"},\"image\":{\"@id\":\"https:\/\/skaitytaknyga.lt\/#\/schema\/logo\/image\/\"},\"sameAs\":[\"https:\/\/www.facebook.com\/skaitytaknyga\/\"]}]}<\/script>\n<!-- \/ Yoast SEO plugin. -->","yoast_head_json":{"title":"Kurmis ir mamyt\u0117","description":"Ei, kas \u010dia trepsi, kas \u010dia bilda? Tai ki\u0161ku\u010diai \u017eaid\u017eia gaudyni\u0173, o j\u0173 \u0161irdel\u0117s smarkiai plaka. Ne i\u0161 nuovargio, o i\u0161 didel\u0117s meil\u0117s \u2013 nuostabiausio","robots":{"index":"index","follow":"follow","max-snippet":"max-snippet:-1","max-image-preview":"max-image-preview:large","max-video-preview":"max-video-preview:-1"},"canonical":"https:\/\/skaitytaknyga.lt\/en\/produktas\/kurmis-ir-mamyte\/","og_locale":"en_GB","og_type":"article","og_title":"[:lt]Kurmis ir mamyt\u0117[:] - Skaitytaknyga","og_description":"Ei, kas \u010dia trepsi, kas \u010dia bilda? Tai ki\u0161ku\u010diai \u017eaid\u017eia gaudyni\u0173, o j\u0173 \u0161irdel\u0117s smarkiai plaka. Ne i\u0161 nuovargio, o i\u0161 didel\u0117s meil\u0117s \u2013 nuostabiausio","og_url":"https:\/\/skaitytaknyga.lt\/en\/produktas\/kurmis-ir-mamyte\/","og_site_name":"Skaitytaknyga","article_publisher":"https:\/\/www.facebook.com\/skaitytaknyga\/","article_modified_time":"2025-06-26T11:49:34+00:00","og_image":[{"width":606,"height":801,"url":"https:\/\/skaitytaknyga.lt\/wp-content\/uploads\/2025\/06\/Kurmis-ir-mamyte.webp","type":"image\/webp"}],"twitter_card":"summary_large_image","schema":{"@context":"https:\/\/schema.org","@graph":[{"@type":"WebPage","@id":"https:\/\/skaitytaknyga.lt\/produktas\/kurmis-ir-mamyte\/","url":"https:\/\/skaitytaknyga.lt\/produktas\/kurmis-ir-mamyte\/","name":"Kurmis ir mamyt\u0117","isPartOf":{"@id":"https:\/\/skaitytaknyga.lt\/#website"},"primaryImageOfPage":{"@id":"https:\/\/skaitytaknyga.lt\/produktas\/kurmis-ir-mamyte\/#primaryimage"},"image":{"@id":"https:\/\/skaitytaknyga.lt\/produktas\/kurmis-ir-mamyte\/#primaryimage"},"thumbnailUrl":"https:\/\/skaitytaknyga.lt\/wp-content\/uploads\/2025\/06\/Kurmis-ir-mamyte.webp","datePublished":"2025-06-15T11:47:29+00:00","dateModified":"2025-06-26T11:49:34+00:00","description":"Ei, kas \u010dia trepsi, kas \u010dia bilda? Tai ki\u0161ku\u010diai \u017eaid\u017eia gaudyni\u0173, o j\u0173 \u0161irdel\u0117s smarkiai plaka. Ne i\u0161 nuovargio, o i\u0161 didel\u0117s meil\u0117s \u2013 nuostabiausio","breadcrumb":{"@id":"https:\/\/skaitytaknyga.lt\/produktas\/kurmis-ir-mamyte\/#breadcrumb"},"inLanguage":"en-GB","potentialAction":[{"@type":"ReadAction","target":["https:\/\/skaitytaknyga.lt\/produktas\/kurmis-ir-mamyte\/"]}]},{"@type":"ImageObject","inLanguage":"en-GB","@id":"https:\/\/skaitytaknyga.lt\/produktas\/kurmis-ir-mamyte\/#primaryimage","url":"https:\/\/skaitytaknyga.lt\/wp-content\/uploads\/2025\/06\/Kurmis-ir-mamyte.webp","contentUrl":"https:\/\/skaitytaknyga.lt\/wp-content\/uploads\/2025\/06\/Kurmis-ir-mamyte.webp","width":606,"height":801,"caption":"Kurmis ir mamyt\u0117"},{"@type":"BreadcrumbList","@id":"https:\/\/skaitytaknyga.lt\/produktas\/kurmis-ir-mamyte\/#breadcrumb","itemListElement":[{"@type":"ListItem","position":1,"name":"Home","item":"https:\/\/skaitytaknyga.lt\/"},{"@type":"ListItem","position":2,"name":"Parduotuv\u0117","item":"https:\/\/skaitytaknyga.lt\/knygu-parduotuve\/"},{"@type":"ListItem","position":3,"name":"Kurmis ir mamyt\u0117"}]},{"@type":"WebSite","@id":"https:\/\/skaitytaknyga.lt\/#website","url":"https:\/\/skaitytaknyga.lt\/","name":"skaitytaknyga.lt","description":"Skaitytaknyga.lt \u2013 tai ma\u017eas \u0161eimos verslas, kuris prasid\u0117jo nuo meil\u0117s knygoms ir siekio i\u0161gelb\u0117ti knygas nuo likimo prie konteinerio. Kas vienam nereikalingas daiktas \u2013 kitam lobis, o mes esame tarpininkai, kurie padeda abiems tapti laimingesniems ???? \u017dinome kaip nelengva i\u0161gyventi ma\u017eiems verslams, tad nuo \u0161iol, \u010dia rasite ir kit\u0173, ma\u017e\u0173 \u0161eim\u0173 versl\u0173, rank\u0173 darbo, dovan\u0173 sau ir artimiesiems.","publisher":{"@id":"https:\/\/skaitytaknyga.lt\/#organization"},"potentialAction":[{"@type":"SearchAction","target":{"@type":"EntryPoint","urlTemplate":"https:\/\/skaitytaknyga.lt\/?s={search_term_string}"},"query-input":{"@type":"PropertyValueSpecification","valueRequired":true,"valueName":"search_term_string"}}],"inLanguage":"en-GB"},{"@type":"Organization","@id":"https:\/\/skaitytaknyga.lt\/#organization","name":"skaitytaknyga.lt","url":"https:\/\/skaitytaknyga.lt\/","logo":{"@type":"ImageObject","inLanguage":"en-GB","@id":"https:\/\/skaitytaknyga.lt\/#\/schema\/logo\/image\/","url":"https:\/\/skaitytaknyga.lt\/wp-content\/uploads\/2024\/05\/cropped-cropped-cropped-02_00843_jt3bggkj1j3HLc7SyY6rEUpg.jpeg","contentUrl":"https:\/\/skaitytaknyga.lt\/wp-content\/uploads\/2024\/05\/cropped-cropped-cropped-02_00843_jt3bggkj1j3HLc7SyY6rEUpg.jpeg","width":1600,"height":1600,"caption":"skaitytaknyga.lt"},"image":{"@id":"https:\/\/skaitytaknyga.lt\/#\/schema\/logo\/image\/"},"sameAs":["https:\/\/www.facebook.com\/skaitytaknyga\/"]}]}},"_links":{"self":[{"href":"https:\/\/skaitytaknyga.lt\/en\/wp-json\/wp\/v2\/product\/18958","targetHints":{"allow":["GET"]}}],"collection":[{"href":"https:\/\/skaitytaknyga.lt\/en\/wp-json\/wp\/v2\/product"}],"about":[{"href":"https:\/\/skaitytaknyga.lt\/en\/wp-json\/wp\/v2\/types\/product"}],"replies":[{"embeddable":true,"href":"https:\/\/skaitytaknyga.lt\/en\/wp-json\/wp\/v2\/comments?post=18958"}],"wp:featuredmedia":[{"embeddable":true,"href":"https:\/\/skaitytaknyga.lt\/en\/wp-json\/wp\/v2\/media\/18963"}],"wp:attachment":[{"href":"https:\/\/skaitytaknyga.lt\/en\/wp-json\/wp\/v2\/media?parent=18958"}],"wp:term":[{"taxonomy":"product_brand","embeddable":true,"href":"https:\/\/skaitytaknyga.lt\/en\/wp-json\/wp\/v2\/product_brand?post=18958"},{"taxonomy":"product_cat","embeddable":true,"href":"https:\/\/skaitytaknyga.lt\/en\/wp-json\/wp\/v2\/product_cat?post=18958"},{"taxonomy":"product_tag","embeddable":true,"href":"https:\/\/skaitytaknyga.lt\/en\/wp-json\/wp\/v2\/product_tag?post=18958"}],"curies":[{"name":"wp","href":"https:\/\/api.w.org\/{rel}","templated":true}]}}