{"id":18951,"date":"2025-06-15T14:35:25","date_gmt":"2025-06-15T11:35:25","guid":{"rendered":"https:\/\/skaitytaknyga.lt\/?post_type=product&#038;p=18951"},"modified":"2025-06-26T14:49:34","modified_gmt":"2025-06-26T11:49:34","slug":"atsiminimai-apie-marija-peckauskaite-satrijos-ragana","status":"publish","type":"product","link":"https:\/\/skaitytaknyga.lt\/en\/produktas\/atsiminimai-apie-marija-peckauskaite-satrijos-ragana\/","title":{"rendered":"Atsiminimai apie Marij\u0105 Pe\u010dkauskait\u0119-\u0160atrijos Ragan\u0105"},"content":{"rendered":"<p>Leidinyje pateikiami 1930-1996 metais surinkti atsiminimai apie ra\u0161ytoj\u0105, pedagog\u0119, labdar\u0119 MArij\u0105 Pe\u010dkauskai\u0119-\u0160atrijos Ragan\u0105 (1877-1930). Juose atsiskleid\u017eia ra\u0161ytojos asmenyb\u0117, k\u016brybin\u0117, pedagogin\u0117, socialin\u0117 veikla.<\/p>\n","protected":false},"excerpt":{"rendered":"<p>Leidinyje pateikiami 1930-1996 metais surinkti atsiminimai apie ra\u0161ytoj\u0105, pedagog\u0119, labdar\u0119 MArij\u0105 Pe\u010dkauskai\u0119-\u0160atrijos Ragan\u0105 (1877-1930). Juose atsiskleid\u017eia ra\u0161ytojos asmenyb\u0117, k\u016brybin\u0117, pedagogin\u0117, socialin\u0117 veikla.<\/p>\n","protected":false},"featured_media":18956,"comment_status":"open","ping_status":"closed","template":"","meta":{"_acf_changed":false,"site-sidebar-layout":"default","site-content-layout":"","ast-site-content-layout":"default","site-content-style":"default","site-sidebar-style":"default","ast-global-header-display":"","ast-banner-title-visibility":"","ast-main-header-display":"","ast-hfb-above-header-display":"","ast-hfb-below-header-display":"","ast-hfb-mobile-header-display":"","site-post-title":"","ast-breadcrumbs-content":"","ast-featured-img":"","footer-sml-layout":"","ast-disable-related-posts":"","theme-transparent-header-meta":"","adv-header-id-meta":"","stick-header-meta":"","header-above-stick-meta":"","header-main-stick-meta":"","header-below-stick-meta":"","astra-migrate-meta-layouts":"default","ast-page-background-enabled":"default","ast-page-background-meta":{"desktop":{"background-color":"","background-image":"","background-repeat":"repeat","background-position":"center center","background-size":"auto","background-attachment":"scroll","background-type":"","background-media":"","overlay-type":"","overlay-color":"","overlay-opacity":"","overlay-gradient":""},"tablet":{"background-color":"","background-image":"","background-repeat":"repeat","background-position":"center center","background-size":"auto","background-attachment":"scroll","background-type":"","background-media":"","overlay-type":"","overlay-color":"","overlay-opacity":"","overlay-gradient":""},"mobile":{"background-color":"","background-image":"","background-repeat":"repeat","background-position":"center center","background-size":"auto","background-attachment":"scroll","background-type":"","background-media":"","overlay-type":"","overlay-color":"","overlay-opacity":"","overlay-gradient":""}},"ast-content-background-meta":{"desktop":{"background-color":"var(--ast-global-color-4)","background-image":"","background-repeat":"repeat","background-position":"center center","background-size":"auto","background-attachment":"scroll","background-type":"","background-media":"","overlay-type":"","overlay-color":"","overlay-opacity":"","overlay-gradient":""},"tablet":{"background-color":"var(--ast-global-color-4)","background-image":"","background-repeat":"repeat","background-position":"center center","background-size":"auto","background-attachment":"scroll","background-type":"","background-media":"","overlay-type":"","overlay-color":"","overlay-opacity":"","overlay-gradient":""},"mobile":{"background-color":"var(--ast-global-color-4)","background-image":"","background-repeat":"repeat","background-position":"center center","background-size":"auto","background-attachment":"scroll","background-type":"","background-media":"","overlay-type":"","overlay-color":"","overlay-opacity":"","overlay-gradient":""}}},"product_brand":[],"product_cat":[15],"product_tag":[1349,3007,5476,5473,5475,5474,5477],"class_list":{"0":"post-18951","1":"product","2":"type-product","3":"status-publish","4":"has-post-thumbnail","6":"product_cat-uncategorized","7":"product_tag-atsiminimai","8":"product_tag-kuryba","9":"product_tag-labdare","10":"product_tag-marija-peckauskaite-satrijos-ragana","11":"product_tag-pedagoge","12":"product_tag-rasytoja","13":"product_tag-socialine-veikla","14":"desktop-align-left","15":"tablet-align-left","16":"mobile-align-left","18":"first","19":"instock","20":"shipping-taxable","21":"purchasable","22":"product-type-simple"},"acf":[],"yoast_head":"<!-- This site is optimized with the Yoast SEO plugin v27.4 - https:\/\/yoast.com\/product\/yoast-seo-wordpress\/ -->\n<title>Atsiminimai apie Marij\u0105 Pe\u010dkauskait\u0119-\u0160atrijos Ragan\u0105<\/title>\n<meta name=\"description\" content=\"Leidinyje pateikiami 1930-1996 metais surinkti atsiminimai apie ra\u0161ytoj\u0105, pedagog\u0119, labdar\u0119 MArij\u0105 Pe\u010dkauskai\u0119-\u0160atrijos Ragan\u0105 (1877-1930). Juose\" \/>\n<meta name=\"robots\" content=\"index, follow, max-snippet:-1, max-image-preview:large, max-video-preview:-1\" \/>\n<link rel=\"canonical\" href=\"https:\/\/skaitytaknyga.lt\/en\/produktas\/atsiminimai-apie-marija-peckauskaite-satrijos-ragana\/\" \/>\n<meta property=\"og:locale\" content=\"en_GB\" \/>\n<meta property=\"og:locale:alternate\" content=\"lt_LT\" \/>\n<meta property=\"og:type\" content=\"article\" \/>\n<meta property=\"og:title\" content=\"Atsiminimai apie Marij\u0105 Pe\u010dkauskait\u0119-\u0160atrijos Ragan\u0105\" \/>\n<meta property=\"og:description\" content=\"Leidinyje pateikiami 1930-1996 metais surinkti atsiminimai apie ra\u0161ytoj\u0105, pedagog\u0119, labdar\u0119 MArij\u0105 Pe\u010dkauskai\u0119-\u0160atrijos Ragan\u0105 (1877-1930). Juose\" \/>\n<meta property=\"og:url\" content=\"https:\/\/skaitytaknyga.lt\/en\/produktas\/atsiminimai-apie-marija-peckauskaite-satrijos-ragana\/\" \/>\n<meta property=\"og:site_name\" content=\"Skaitytaknyga\" \/>\n<meta property=\"article:publisher\" content=\"https:\/\/www.facebook.com\/skaitytaknyga\/\" \/>\n<meta property=\"article:modified_time\" content=\"2025-06-26T11:49:34+00:00\" \/>\n<meta property=\"og:image\" content=\"https:\/\/skaitytaknyga.lt\/wp-content\/uploads\/2025\/06\/Atsiminimai-apie-Marija-Peckauskaite-Satrijos-Ragana.webp\" \/>\n\t<meta property=\"og:image:width\" content=\"396\" \/>\n\t<meta property=\"og:image:height\" content=\"575\" \/>\n\t<meta property=\"og:image:type\" content=\"image\/webp\" \/>\n<meta name=\"twitter:card\" content=\"summary_large_image\" \/>\n<script type=\"application\/ld+json\" class=\"yoast-schema-graph\">{\"@context\":\"https:\\\/\\\/schema.org\",\"@graph\":[{\"@type\":\"WebPage\",\"@id\":\"https:\\\/\\\/skaitytaknyga.lt\\\/produktas\\\/atsiminimai-apie-marija-peckauskaite-satrijos-ragana\\\/\",\"url\":\"https:\\\/\\\/skaitytaknyga.lt\\\/produktas\\\/atsiminimai-apie-marija-peckauskaite-satrijos-ragana\\\/\",\"name\":\"Atsiminimai apie Marij\u0105 Pe\u010dkauskait\u0119-\u0160atrijos Ragan\u0105\",\"isPartOf\":{\"@id\":\"https:\\\/\\\/skaitytaknyga.lt\\\/#website\"},\"primaryImageOfPage\":{\"@id\":\"https:\\\/\\\/skaitytaknyga.lt\\\/produktas\\\/atsiminimai-apie-marija-peckauskaite-satrijos-ragana\\\/#primaryimage\"},\"image\":{\"@id\":\"https:\\\/\\\/skaitytaknyga.lt\\\/produktas\\\/atsiminimai-apie-marija-peckauskaite-satrijos-ragana\\\/#primaryimage\"},\"thumbnailUrl\":\"https:\\\/\\\/skaitytaknyga.lt\\\/wp-content\\\/uploads\\\/2025\\\/06\\\/Atsiminimai-apie-Marija-Peckauskaite-Satrijos-Ragana.webp\",\"datePublished\":\"2025-06-15T11:35:25+00:00\",\"dateModified\":\"2025-06-26T11:49:34+00:00\",\"description\":\"Leidinyje pateikiami 1930-1996 metais surinkti atsiminimai apie ra\u0161ytoj\u0105, pedagog\u0119, labdar\u0119 MArij\u0105 Pe\u010dkauskai\u0119-\u0160atrijos Ragan\u0105 (1877-1930). Juose\",\"breadcrumb\":{\"@id\":\"https:\\\/\\\/skaitytaknyga.lt\\\/produktas\\\/atsiminimai-apie-marija-peckauskaite-satrijos-ragana\\\/#breadcrumb\"},\"inLanguage\":\"en-GB\",\"potentialAction\":[{\"@type\":\"ReadAction\",\"target\":[\"https:\\\/\\\/skaitytaknyga.lt\\\/produktas\\\/atsiminimai-apie-marija-peckauskaite-satrijos-ragana\\\/\"]}]},{\"@type\":\"ImageObject\",\"inLanguage\":\"en-GB\",\"@id\":\"https:\\\/\\\/skaitytaknyga.lt\\\/produktas\\\/atsiminimai-apie-marija-peckauskaite-satrijos-ragana\\\/#primaryimage\",\"url\":\"https:\\\/\\\/skaitytaknyga.lt\\\/wp-content\\\/uploads\\\/2025\\\/06\\\/Atsiminimai-apie-Marija-Peckauskaite-Satrijos-Ragana.webp\",\"contentUrl\":\"https:\\\/\\\/skaitytaknyga.lt\\\/wp-content\\\/uploads\\\/2025\\\/06\\\/Atsiminimai-apie-Marija-Peckauskaite-Satrijos-Ragana.webp\",\"width\":396,\"height\":575,\"caption\":\"Atsiminimai apie Marij\u0105 Pe\u010dkauskait\u0119-\u0160atrijos Ragan\u0105\"},{\"@type\":\"BreadcrumbList\",\"@id\":\"https:\\\/\\\/skaitytaknyga.lt\\\/produktas\\\/atsiminimai-apie-marija-peckauskaite-satrijos-ragana\\\/#breadcrumb\",\"itemListElement\":[{\"@type\":\"ListItem\",\"position\":1,\"name\":\"Home\",\"item\":\"https:\\\/\\\/skaitytaknyga.lt\\\/\"},{\"@type\":\"ListItem\",\"position\":2,\"name\":\"Parduotuv\u0117\",\"item\":\"https:\\\/\\\/skaitytaknyga.lt\\\/knygu-parduotuve\\\/\"},{\"@type\":\"ListItem\",\"position\":3,\"name\":\"Atsiminimai apie Marij\u0105 Pe\u010dkauskait\u0119-\u0160atrijos Ragan\u0105\"}]},{\"@type\":\"WebSite\",\"@id\":\"https:\\\/\\\/skaitytaknyga.lt\\\/#website\",\"url\":\"https:\\\/\\\/skaitytaknyga.lt\\\/\",\"name\":\"skaitytaknyga.lt\",\"description\":\"Skaitytaknyga.lt \u2013 tai ma\u017eas \u0161eimos verslas, kuris prasid\u0117jo nuo meil\u0117s knygoms ir siekio i\u0161gelb\u0117ti knygas nuo likimo prie konteinerio. Kas vienam nereikalingas daiktas \u2013 kitam lobis, o mes esame tarpininkai, kurie padeda abiems tapti laimingesniems ???? \u017dinome kaip nelengva i\u0161gyventi ma\u017eiems verslams, tad nuo \u0161iol, \u010dia rasite ir kit\u0173, ma\u017e\u0173 \u0161eim\u0173 versl\u0173, rank\u0173 darbo, dovan\u0173 sau ir artimiesiems.\",\"publisher\":{\"@id\":\"https:\\\/\\\/skaitytaknyga.lt\\\/#organization\"},\"potentialAction\":[{\"@type\":\"SearchAction\",\"target\":{\"@type\":\"EntryPoint\",\"urlTemplate\":\"https:\\\/\\\/skaitytaknyga.lt\\\/?s={search_term_string}\"},\"query-input\":{\"@type\":\"PropertyValueSpecification\",\"valueRequired\":true,\"valueName\":\"search_term_string\"}}],\"inLanguage\":\"en-GB\"},{\"@type\":\"Organization\",\"@id\":\"https:\\\/\\\/skaitytaknyga.lt\\\/#organization\",\"name\":\"skaitytaknyga.lt\",\"url\":\"https:\\\/\\\/skaitytaknyga.lt\\\/\",\"logo\":{\"@type\":\"ImageObject\",\"inLanguage\":\"en-GB\",\"@id\":\"https:\\\/\\\/skaitytaknyga.lt\\\/#\\\/schema\\\/logo\\\/image\\\/\",\"url\":\"https:\\\/\\\/skaitytaknyga.lt\\\/wp-content\\\/uploads\\\/2024\\\/05\\\/cropped-cropped-cropped-02_00843_jt3bggkj1j3HLc7SyY6rEUpg.jpeg\",\"contentUrl\":\"https:\\\/\\\/skaitytaknyga.lt\\\/wp-content\\\/uploads\\\/2024\\\/05\\\/cropped-cropped-cropped-02_00843_jt3bggkj1j3HLc7SyY6rEUpg.jpeg\",\"width\":1600,\"height\":1600,\"caption\":\"skaitytaknyga.lt\"},\"image\":{\"@id\":\"https:\\\/\\\/skaitytaknyga.lt\\\/#\\\/schema\\\/logo\\\/image\\\/\"},\"sameAs\":[\"https:\\\/\\\/www.facebook.com\\\/skaitytaknyga\\\/\"]}]}<\/script>\n<!-- \/ Yoast SEO plugin. -->","yoast_head_json":{"title":"Atsiminimai apie Marij\u0105 Pe\u010dkauskait\u0119-\u0160atrijos Ragan\u0105","description":"Leidinyje pateikiami 1930-1996 metais surinkti atsiminimai apie ra\u0161ytoj\u0105, pedagog\u0119, labdar\u0119 MArij\u0105 Pe\u010dkauskai\u0119-\u0160atrijos Ragan\u0105 (1877-1930). Juose","robots":{"index":"index","follow":"follow","max-snippet":"max-snippet:-1","max-image-preview":"max-image-preview:large","max-video-preview":"max-video-preview:-1"},"canonical":"https:\/\/skaitytaknyga.lt\/en\/produktas\/atsiminimai-apie-marija-peckauskaite-satrijos-ragana\/","og_locale":"en_GB","og_type":"article","og_title":"[:lt]Atsiminimai apie Marij\u0105 Pe\u010dkauskait\u0119-\u0160atrijos Ragan\u0105[:] - Skaitytaknyga","og_description":"Leidinyje pateikiami 1930-1996 metais surinkti atsiminimai apie ra\u0161ytoj\u0105, pedagog\u0119, labdar\u0119 MArij\u0105 Pe\u010dkauskai\u0119-\u0160atrijos Ragan\u0105 (1877-1930). Juose","og_url":"https:\/\/skaitytaknyga.lt\/en\/produktas\/atsiminimai-apie-marija-peckauskaite-satrijos-ragana\/","og_site_name":"Skaitytaknyga","article_publisher":"https:\/\/www.facebook.com\/skaitytaknyga\/","article_modified_time":"2025-06-26T11:49:34+00:00","og_image":[{"width":396,"height":575,"url":"https:\/\/skaitytaknyga.lt\/wp-content\/uploads\/2025\/06\/Atsiminimai-apie-Marija-Peckauskaite-Satrijos-Ragana.webp","type":"image\/webp"}],"twitter_card":"summary_large_image","schema":{"@context":"https:\/\/schema.org","@graph":[{"@type":"WebPage","@id":"https:\/\/skaitytaknyga.lt\/produktas\/atsiminimai-apie-marija-peckauskaite-satrijos-ragana\/","url":"https:\/\/skaitytaknyga.lt\/produktas\/atsiminimai-apie-marija-peckauskaite-satrijos-ragana\/","name":"Atsiminimai apie Marij\u0105 Pe\u010dkauskait\u0119-\u0160atrijos Ragan\u0105","isPartOf":{"@id":"https:\/\/skaitytaknyga.lt\/#website"},"primaryImageOfPage":{"@id":"https:\/\/skaitytaknyga.lt\/produktas\/atsiminimai-apie-marija-peckauskaite-satrijos-ragana\/#primaryimage"},"image":{"@id":"https:\/\/skaitytaknyga.lt\/produktas\/atsiminimai-apie-marija-peckauskaite-satrijos-ragana\/#primaryimage"},"thumbnailUrl":"https:\/\/skaitytaknyga.lt\/wp-content\/uploads\/2025\/06\/Atsiminimai-apie-Marija-Peckauskaite-Satrijos-Ragana.webp","datePublished":"2025-06-15T11:35:25+00:00","dateModified":"2025-06-26T11:49:34+00:00","description":"Leidinyje pateikiami 1930-1996 metais surinkti atsiminimai apie ra\u0161ytoj\u0105, pedagog\u0119, labdar\u0119 MArij\u0105 Pe\u010dkauskai\u0119-\u0160atrijos Ragan\u0105 (1877-1930). Juose","breadcrumb":{"@id":"https:\/\/skaitytaknyga.lt\/produktas\/atsiminimai-apie-marija-peckauskaite-satrijos-ragana\/#breadcrumb"},"inLanguage":"en-GB","potentialAction":[{"@type":"ReadAction","target":["https:\/\/skaitytaknyga.lt\/produktas\/atsiminimai-apie-marija-peckauskaite-satrijos-ragana\/"]}]},{"@type":"ImageObject","inLanguage":"en-GB","@id":"https:\/\/skaitytaknyga.lt\/produktas\/atsiminimai-apie-marija-peckauskaite-satrijos-ragana\/#primaryimage","url":"https:\/\/skaitytaknyga.lt\/wp-content\/uploads\/2025\/06\/Atsiminimai-apie-Marija-Peckauskaite-Satrijos-Ragana.webp","contentUrl":"https:\/\/skaitytaknyga.lt\/wp-content\/uploads\/2025\/06\/Atsiminimai-apie-Marija-Peckauskaite-Satrijos-Ragana.webp","width":396,"height":575,"caption":"Atsiminimai apie Marij\u0105 Pe\u010dkauskait\u0119-\u0160atrijos Ragan\u0105"},{"@type":"BreadcrumbList","@id":"https:\/\/skaitytaknyga.lt\/produktas\/atsiminimai-apie-marija-peckauskaite-satrijos-ragana\/#breadcrumb","itemListElement":[{"@type":"ListItem","position":1,"name":"Home","item":"https:\/\/skaitytaknyga.lt\/"},{"@type":"ListItem","position":2,"name":"Parduotuv\u0117","item":"https:\/\/skaitytaknyga.lt\/knygu-parduotuve\/"},{"@type":"ListItem","position":3,"name":"Atsiminimai apie Marij\u0105 Pe\u010dkauskait\u0119-\u0160atrijos Ragan\u0105"}]},{"@type":"WebSite","@id":"https:\/\/skaitytaknyga.lt\/#website","url":"https:\/\/skaitytaknyga.lt\/","name":"skaitytaknyga.lt","description":"Skaitytaknyga.lt \u2013 tai ma\u017eas \u0161eimos verslas, kuris prasid\u0117jo nuo meil\u0117s knygoms ir siekio i\u0161gelb\u0117ti knygas nuo likimo prie konteinerio. Kas vienam nereikalingas daiktas \u2013 kitam lobis, o mes esame tarpininkai, kurie padeda abiems tapti laimingesniems ???? \u017dinome kaip nelengva i\u0161gyventi ma\u017eiems verslams, tad nuo \u0161iol, \u010dia rasite ir kit\u0173, ma\u017e\u0173 \u0161eim\u0173 versl\u0173, rank\u0173 darbo, dovan\u0173 sau ir artimiesiems.","publisher":{"@id":"https:\/\/skaitytaknyga.lt\/#organization"},"potentialAction":[{"@type":"SearchAction","target":{"@type":"EntryPoint","urlTemplate":"https:\/\/skaitytaknyga.lt\/?s={search_term_string}"},"query-input":{"@type":"PropertyValueSpecification","valueRequired":true,"valueName":"search_term_string"}}],"inLanguage":"en-GB"},{"@type":"Organization","@id":"https:\/\/skaitytaknyga.lt\/#organization","name":"skaitytaknyga.lt","url":"https:\/\/skaitytaknyga.lt\/","logo":{"@type":"ImageObject","inLanguage":"en-GB","@id":"https:\/\/skaitytaknyga.lt\/#\/schema\/logo\/image\/","url":"https:\/\/skaitytaknyga.lt\/wp-content\/uploads\/2024\/05\/cropped-cropped-cropped-02_00843_jt3bggkj1j3HLc7SyY6rEUpg.jpeg","contentUrl":"https:\/\/skaitytaknyga.lt\/wp-content\/uploads\/2024\/05\/cropped-cropped-cropped-02_00843_jt3bggkj1j3HLc7SyY6rEUpg.jpeg","width":1600,"height":1600,"caption":"skaitytaknyga.lt"},"image":{"@id":"https:\/\/skaitytaknyga.lt\/#\/schema\/logo\/image\/"},"sameAs":["https:\/\/www.facebook.com\/skaitytaknyga\/"]}]}},"_links":{"self":[{"href":"https:\/\/skaitytaknyga.lt\/en\/wp-json\/wp\/v2\/product\/18951","targetHints":{"allow":["GET"]}}],"collection":[{"href":"https:\/\/skaitytaknyga.lt\/en\/wp-json\/wp\/v2\/product"}],"about":[{"href":"https:\/\/skaitytaknyga.lt\/en\/wp-json\/wp\/v2\/types\/product"}],"replies":[{"embeddable":true,"href":"https:\/\/skaitytaknyga.lt\/en\/wp-json\/wp\/v2\/comments?post=18951"}],"wp:featuredmedia":[{"embeddable":true,"href":"https:\/\/skaitytaknyga.lt\/en\/wp-json\/wp\/v2\/media\/18956"}],"wp:attachment":[{"href":"https:\/\/skaitytaknyga.lt\/en\/wp-json\/wp\/v2\/media?parent=18951"}],"wp:term":[{"taxonomy":"product_brand","embeddable":true,"href":"https:\/\/skaitytaknyga.lt\/en\/wp-json\/wp\/v2\/product_brand?post=18951"},{"taxonomy":"product_cat","embeddable":true,"href":"https:\/\/skaitytaknyga.lt\/en\/wp-json\/wp\/v2\/product_cat?post=18951"},{"taxonomy":"product_tag","embeddable":true,"href":"https:\/\/skaitytaknyga.lt\/en\/wp-json\/wp\/v2\/product_tag?post=18951"}],"curies":[{"name":"wp","href":"https:\/\/api.w.org\/{rel}","templated":true}]}}