{"id":18939,"date":"2025-06-15T14:02:56","date_gmt":"2025-06-15T11:02:56","guid":{"rendered":"https:\/\/skaitytaknyga.lt\/?post_type=product&#038;p=18939"},"modified":"2025-06-26T14:49:27","modified_gmt":"2025-06-26T11:49:27","slug":"lietuviu-antroponimika-vilniaus-lietuviu-asmenvardziai-xvii-a-pradzioje","status":"publish","type":"product","link":"https:\/\/skaitytaknyga.lt\/en\/produktas\/lietuviu-antroponimika-vilniaus-lietuviu-asmenvardziai-xvii-a-pradzioje\/","title":{"rendered":"Lietuvi\u0173 antroponimika. Vilniaus lietuvi\u0173 asmenvard\u017eiai XVII a. prad\u017eioje"},"content":{"rendered":"<p>Autorius, remdamasis Vilniaus miesto XVII a. prad\u017eios santuok\u0173 ir krik\u0161to registracijos \u012fra\u0161ais, lygina dabartinius antroponimus su atitinkamais sen\u0173j\u0173 dokument\u0173 antroponimais, nu\u0161vie\u010dia lietuvi\u0173 pavard\u017ei\u0173 kilm\u0119, i\u0161skiria svarbiausius j\u0173 tipus, parodo lietuvi\u0173 antroponim\u0173 ry\u0161\u012f su slav\u0173 antroponimija.<\/p>\n<p>Skiriama lingvistams, etnografams, istorikams.<\/p>\n","protected":false},"excerpt":{"rendered":"<p>Autorius, remdamasis Vilniaus miesto XVII a. prad\u017eios santuok\u0173 ir krik\u0161to registracijos \u012fra\u0161ais, lygina dabartinius antroponimus su atitinkamais sen\u0173j\u0173 dokument\u0173 antroponimais, nu\u0161vie\u010dia lietuvi\u0173 pavard\u017ei\u0173 kilm\u0119, i\u0161skiria svarbiausius j\u0173 tipus, parodo lietuvi\u0173 antroponim\u0173 ry\u0161\u012f su slav\u0173 antroponimija. Skiriama lingvistams, etnografams, istorikams.<\/p>\n","protected":false},"featured_media":18944,"comment_status":"open","ping_status":"closed","template":"","meta":{"_acf_changed":false,"site-sidebar-layout":"default","site-content-layout":"","ast-site-content-layout":"default","site-content-style":"default","site-sidebar-style":"default","ast-global-header-display":"","ast-banner-title-visibility":"","ast-main-header-display":"","ast-hfb-above-header-display":"","ast-hfb-below-header-display":"","ast-hfb-mobile-header-display":"","site-post-title":"","ast-breadcrumbs-content":"","ast-featured-img":"","footer-sml-layout":"","ast-disable-related-posts":"","theme-transparent-header-meta":"","adv-header-id-meta":"","stick-header-meta":"","header-above-stick-meta":"","header-main-stick-meta":"","header-below-stick-meta":"","astra-migrate-meta-layouts":"default","ast-page-background-enabled":"default","ast-page-background-meta":{"desktop":{"background-color":"","background-image":"","background-repeat":"repeat","background-position":"center center","background-size":"auto","background-attachment":"scroll","background-type":"","background-media":"","overlay-type":"","overlay-color":"","overlay-opacity":"","overlay-gradient":""},"tablet":{"background-color":"","background-image":"","background-repeat":"repeat","background-position":"center center","background-size":"auto","background-attachment":"scroll","background-type":"","background-media":"","overlay-type":"","overlay-color":"","overlay-opacity":"","overlay-gradient":""},"mobile":{"background-color":"","background-image":"","background-repeat":"repeat","background-position":"center center","background-size":"auto","background-attachment":"scroll","background-type":"","background-media":"","overlay-type":"","overlay-color":"","overlay-opacity":"","overlay-gradient":""}},"ast-content-background-meta":{"desktop":{"background-color":"var(--ast-global-color-4)","background-image":"","background-repeat":"repeat","background-position":"center center","background-size":"auto","background-attachment":"scroll","background-type":"","background-media":"","overlay-type":"","overlay-color":"","overlay-opacity":"","overlay-gradient":""},"tablet":{"background-color":"var(--ast-global-color-4)","background-image":"","background-repeat":"repeat","background-position":"center center","background-size":"auto","background-attachment":"scroll","background-type":"","background-media":"","overlay-type":"","overlay-color":"","overlay-opacity":"","overlay-gradient":""},"mobile":{"background-color":"var(--ast-global-color-4)","background-image":"","background-repeat":"repeat","background-position":"center center","background-size":"auto","background-attachment":"scroll","background-type":"","background-media":"","overlay-type":"","overlay-color":"","overlay-opacity":"","overlay-gradient":""}}},"product_brand":[],"product_cat":[2836],"product_tag":[2980,2224,5444,1469,5445,5446,2601,5438,4480],"class_list":{"0":"post-18939","1":"product","2":"type-product","3":"status-publish","4":"has-post-thumbnail","6":"product_cat-kalba-kalbotyra-zodynai-2","7":"product_tag-etnografija","8":"product_tag-istorija","9":"product_tag-lietuviu-antroponimika","10":"product_tag-lingvistika","11":"product_tag-pavardziu-kilme","12":"product_tag-slavu-antroponimija","13":"product_tag-vilnius","14":"product_tag-xvii-a","15":"product_tag-zigmas-zinkevicius","16":"desktop-align-left","17":"tablet-align-left","18":"mobile-align-left","20":"first","21":"instock","22":"shipping-taxable","23":"purchasable","24":"product-type-simple"},"acf":[],"yoast_head":"<!-- This site is optimized with the Yoast SEO plugin v27.0 - https:\/\/yoast.com\/product\/yoast-seo-wordpress\/ -->\n<title>Lietuvi\u0173 antroponimika. Vilniaus lietuvi\u0173 asmenvard\u017eiai XVII a. prad\u017eioje<\/title>\n<meta name=\"description\" content=\"Autorius, remdamasis Vilniaus miesto XVII a. prad\u017eios santuok\u0173 ir krik\u0161to registracijos \u012fra\u0161ais, lygina dabartinius antroponimus su atitinkamais sen\u0173j\u0173\" \/>\n<meta name=\"robots\" content=\"index, follow, max-snippet:-1, max-image-preview:large, max-video-preview:-1\" \/>\n<link rel=\"canonical\" href=\"https:\/\/skaitytaknyga.lt\/en\/produktas\/lietuviu-antroponimika-vilniaus-lietuviu-asmenvardziai-xvii-a-pradzioje\/\" \/>\n<meta property=\"og:locale\" content=\"en_GB\" \/>\n<meta property=\"og:locale:alternate\" content=\"lt_LT\" \/>\n<meta property=\"og:type\" content=\"article\" \/>\n<meta property=\"og:title\" content=\"Lietuvi\u0173 antroponimika. Vilniaus lietuvi\u0173 asmenvard\u017eiai XVII a. prad\u017eioje\" \/>\n<meta property=\"og:description\" content=\"Autorius, remdamasis Vilniaus miesto XVII a. prad\u017eios santuok\u0173 ir krik\u0161to registracijos \u012fra\u0161ais, lygina dabartinius antroponimus su atitinkamais sen\u0173j\u0173\" \/>\n<meta property=\"og:url\" content=\"https:\/\/skaitytaknyga.lt\/en\/produktas\/lietuviu-antroponimika-vilniaus-lietuviu-asmenvardziai-xvii-a-pradzioje\/\" \/>\n<meta property=\"og:site_name\" content=\"Skaitytaknyga\" \/>\n<meta property=\"article:publisher\" content=\"https:\/\/www.facebook.com\/skaitytaknyga\/\" \/>\n<meta property=\"article:modified_time\" content=\"2025-06-26T11:49:27+00:00\" \/>\n<meta property=\"og:image\" content=\"https:\/\/skaitytaknyga.lt\/wp-content\/uploads\/2025\/06\/Lietuviu-antroponimika.-Vilniaus-lietuviu-asmenvardziai-XVII-a.-pradzioje.webp\" \/>\n\t<meta property=\"og:image:width\" content=\"339\" \/>\n\t<meta property=\"og:image:height\" content=\"525\" \/>\n\t<meta property=\"og:image:type\" content=\"image\/webp\" \/>\n<meta name=\"twitter:card\" content=\"summary_large_image\" \/>\n<script type=\"application\/ld+json\" class=\"yoast-schema-graph\">{\"@context\":\"https:\/\/schema.org\",\"@graph\":[{\"@type\":\"WebPage\",\"@id\":\"https:\/\/skaitytaknyga.lt\/produktas\/lietuviu-antroponimika-vilniaus-lietuviu-asmenvardziai-xvii-a-pradzioje\/\",\"url\":\"https:\/\/skaitytaknyga.lt\/produktas\/lietuviu-antroponimika-vilniaus-lietuviu-asmenvardziai-xvii-a-pradzioje\/\",\"name\":\"Lietuvi\u0173 antroponimika. Vilniaus lietuvi\u0173 asmenvard\u017eiai XVII a. prad\u017eioje\",\"isPartOf\":{\"@id\":\"https:\/\/skaitytaknyga.lt\/#website\"},\"primaryImageOfPage\":{\"@id\":\"https:\/\/skaitytaknyga.lt\/produktas\/lietuviu-antroponimika-vilniaus-lietuviu-asmenvardziai-xvii-a-pradzioje\/#primaryimage\"},\"image\":{\"@id\":\"https:\/\/skaitytaknyga.lt\/produktas\/lietuviu-antroponimika-vilniaus-lietuviu-asmenvardziai-xvii-a-pradzioje\/#primaryimage\"},\"thumbnailUrl\":\"https:\/\/skaitytaknyga.lt\/wp-content\/uploads\/2025\/06\/Lietuviu-antroponimika.-Vilniaus-lietuviu-asmenvardziai-XVII-a.-pradzioje.webp\",\"datePublished\":\"2025-06-15T11:02:56+00:00\",\"dateModified\":\"2025-06-26T11:49:27+00:00\",\"description\":\"Autorius, remdamasis Vilniaus miesto XVII a. prad\u017eios santuok\u0173 ir krik\u0161to registracijos \u012fra\u0161ais, lygina dabartinius antroponimus su atitinkamais sen\u0173j\u0173\",\"breadcrumb\":{\"@id\":\"https:\/\/skaitytaknyga.lt\/produktas\/lietuviu-antroponimika-vilniaus-lietuviu-asmenvardziai-xvii-a-pradzioje\/#breadcrumb\"},\"inLanguage\":\"en-GB\",\"potentialAction\":[{\"@type\":\"ReadAction\",\"target\":[\"https:\/\/skaitytaknyga.lt\/produktas\/lietuviu-antroponimika-vilniaus-lietuviu-asmenvardziai-xvii-a-pradzioje\/\"]}]},{\"@type\":\"ImageObject\",\"inLanguage\":\"en-GB\",\"@id\":\"https:\/\/skaitytaknyga.lt\/produktas\/lietuviu-antroponimika-vilniaus-lietuviu-asmenvardziai-xvii-a-pradzioje\/#primaryimage\",\"url\":\"https:\/\/skaitytaknyga.lt\/wp-content\/uploads\/2025\/06\/Lietuviu-antroponimika.-Vilniaus-lietuviu-asmenvardziai-XVII-a.-pradzioje.webp\",\"contentUrl\":\"https:\/\/skaitytaknyga.lt\/wp-content\/uploads\/2025\/06\/Lietuviu-antroponimika.-Vilniaus-lietuviu-asmenvardziai-XVII-a.-pradzioje.webp\",\"width\":339,\"height\":525,\"caption\":\"Lietuvi\u0173 antroponimika. Vilniaus lietuvi\u0173 asmenvard\u017eiai XVII a. prad\u017eioje\"},{\"@type\":\"BreadcrumbList\",\"@id\":\"https:\/\/skaitytaknyga.lt\/produktas\/lietuviu-antroponimika-vilniaus-lietuviu-asmenvardziai-xvii-a-pradzioje\/#breadcrumb\",\"itemListElement\":[{\"@type\":\"ListItem\",\"position\":1,\"name\":\"Home\",\"item\":\"https:\/\/skaitytaknyga.lt\/\"},{\"@type\":\"ListItem\",\"position\":2,\"name\":\"Parduotuv\u0117\",\"item\":\"https:\/\/skaitytaknyga.lt\/knygu-parduotuve\/\"},{\"@type\":\"ListItem\",\"position\":3,\"name\":\"Lietuvi\u0173 antroponimika. Vilniaus lietuvi\u0173 asmenvard\u017eiai XVII a. prad\u017eioje\"}]},{\"@type\":\"WebSite\",\"@id\":\"https:\/\/skaitytaknyga.lt\/#website\",\"url\":\"https:\/\/skaitytaknyga.lt\/\",\"name\":\"skaitytaknyga.lt\",\"description\":\"Skaitytaknyga.lt \u2013 tai ma\u017eas \u0161eimos verslas, kuris prasid\u0117jo nuo meil\u0117s knygoms ir siekio i\u0161gelb\u0117ti knygas nuo likimo prie konteinerio. Kas vienam nereikalingas daiktas \u2013 kitam lobis, o mes esame tarpininkai, kurie padeda abiems tapti laimingesniems ???? \u017dinome kaip nelengva i\u0161gyventi ma\u017eiems verslams, tad nuo \u0161iol, \u010dia rasite ir kit\u0173, ma\u017e\u0173 \u0161eim\u0173 versl\u0173, rank\u0173 darbo, dovan\u0173 sau ir artimiesiems.\",\"publisher\":{\"@id\":\"https:\/\/skaitytaknyga.lt\/#organization\"},\"potentialAction\":[{\"@type\":\"SearchAction\",\"target\":{\"@type\":\"EntryPoint\",\"urlTemplate\":\"https:\/\/skaitytaknyga.lt\/?s={search_term_string}\"},\"query-input\":{\"@type\":\"PropertyValueSpecification\",\"valueRequired\":true,\"valueName\":\"search_term_string\"}}],\"inLanguage\":\"en-GB\"},{\"@type\":\"Organization\",\"@id\":\"https:\/\/skaitytaknyga.lt\/#organization\",\"name\":\"skaitytaknyga.lt\",\"url\":\"https:\/\/skaitytaknyga.lt\/\",\"logo\":{\"@type\":\"ImageObject\",\"inLanguage\":\"en-GB\",\"@id\":\"https:\/\/skaitytaknyga.lt\/#\/schema\/logo\/image\/\",\"url\":\"https:\/\/skaitytaknyga.lt\/wp-content\/uploads\/2024\/05\/cropped-cropped-cropped-02_00843_jt3bggkj1j3HLc7SyY6rEUpg.jpeg\",\"contentUrl\":\"https:\/\/skaitytaknyga.lt\/wp-content\/uploads\/2024\/05\/cropped-cropped-cropped-02_00843_jt3bggkj1j3HLc7SyY6rEUpg.jpeg\",\"width\":1600,\"height\":1600,\"caption\":\"skaitytaknyga.lt\"},\"image\":{\"@id\":\"https:\/\/skaitytaknyga.lt\/#\/schema\/logo\/image\/\"},\"sameAs\":[\"https:\/\/www.facebook.com\/skaitytaknyga\/\"]}]}<\/script>\n<!-- \/ Yoast SEO plugin. -->","yoast_head_json":{"title":"Lietuvi\u0173 antroponimika. Vilniaus lietuvi\u0173 asmenvard\u017eiai XVII a. prad\u017eioje","description":"Autorius, remdamasis Vilniaus miesto XVII a. prad\u017eios santuok\u0173 ir krik\u0161to registracijos \u012fra\u0161ais, lygina dabartinius antroponimus su atitinkamais sen\u0173j\u0173","robots":{"index":"index","follow":"follow","max-snippet":"max-snippet:-1","max-image-preview":"max-image-preview:large","max-video-preview":"max-video-preview:-1"},"canonical":"https:\/\/skaitytaknyga.lt\/en\/produktas\/lietuviu-antroponimika-vilniaus-lietuviu-asmenvardziai-xvii-a-pradzioje\/","og_locale":"en_GB","og_type":"article","og_title":"[:lt]Lietuvi\u0173 antroponimika. Vilniaus lietuvi\u0173 asmenvard\u017eiai XVII a. prad\u017eioje[:] - Skaitytaknyga","og_description":"Autorius, remdamasis Vilniaus miesto XVII a. prad\u017eios santuok\u0173 ir krik\u0161to registracijos \u012fra\u0161ais, lygina dabartinius antroponimus su atitinkamais sen\u0173j\u0173","og_url":"https:\/\/skaitytaknyga.lt\/en\/produktas\/lietuviu-antroponimika-vilniaus-lietuviu-asmenvardziai-xvii-a-pradzioje\/","og_site_name":"Skaitytaknyga","article_publisher":"https:\/\/www.facebook.com\/skaitytaknyga\/","article_modified_time":"2025-06-26T11:49:27+00:00","og_image":[{"width":339,"height":525,"url":"https:\/\/skaitytaknyga.lt\/wp-content\/uploads\/2025\/06\/Lietuviu-antroponimika.-Vilniaus-lietuviu-asmenvardziai-XVII-a.-pradzioje.webp","type":"image\/webp"}],"twitter_card":"summary_large_image","schema":{"@context":"https:\/\/schema.org","@graph":[{"@type":"WebPage","@id":"https:\/\/skaitytaknyga.lt\/produktas\/lietuviu-antroponimika-vilniaus-lietuviu-asmenvardziai-xvii-a-pradzioje\/","url":"https:\/\/skaitytaknyga.lt\/produktas\/lietuviu-antroponimika-vilniaus-lietuviu-asmenvardziai-xvii-a-pradzioje\/","name":"Lietuvi\u0173 antroponimika. Vilniaus lietuvi\u0173 asmenvard\u017eiai XVII a. prad\u017eioje","isPartOf":{"@id":"https:\/\/skaitytaknyga.lt\/#website"},"primaryImageOfPage":{"@id":"https:\/\/skaitytaknyga.lt\/produktas\/lietuviu-antroponimika-vilniaus-lietuviu-asmenvardziai-xvii-a-pradzioje\/#primaryimage"},"image":{"@id":"https:\/\/skaitytaknyga.lt\/produktas\/lietuviu-antroponimika-vilniaus-lietuviu-asmenvardziai-xvii-a-pradzioje\/#primaryimage"},"thumbnailUrl":"https:\/\/skaitytaknyga.lt\/wp-content\/uploads\/2025\/06\/Lietuviu-antroponimika.-Vilniaus-lietuviu-asmenvardziai-XVII-a.-pradzioje.webp","datePublished":"2025-06-15T11:02:56+00:00","dateModified":"2025-06-26T11:49:27+00:00","description":"Autorius, remdamasis Vilniaus miesto XVII a. prad\u017eios santuok\u0173 ir krik\u0161to registracijos \u012fra\u0161ais, lygina dabartinius antroponimus su atitinkamais sen\u0173j\u0173","breadcrumb":{"@id":"https:\/\/skaitytaknyga.lt\/produktas\/lietuviu-antroponimika-vilniaus-lietuviu-asmenvardziai-xvii-a-pradzioje\/#breadcrumb"},"inLanguage":"en-GB","potentialAction":[{"@type":"ReadAction","target":["https:\/\/skaitytaknyga.lt\/produktas\/lietuviu-antroponimika-vilniaus-lietuviu-asmenvardziai-xvii-a-pradzioje\/"]}]},{"@type":"ImageObject","inLanguage":"en-GB","@id":"https:\/\/skaitytaknyga.lt\/produktas\/lietuviu-antroponimika-vilniaus-lietuviu-asmenvardziai-xvii-a-pradzioje\/#primaryimage","url":"https:\/\/skaitytaknyga.lt\/wp-content\/uploads\/2025\/06\/Lietuviu-antroponimika.-Vilniaus-lietuviu-asmenvardziai-XVII-a.-pradzioje.webp","contentUrl":"https:\/\/skaitytaknyga.lt\/wp-content\/uploads\/2025\/06\/Lietuviu-antroponimika.-Vilniaus-lietuviu-asmenvardziai-XVII-a.-pradzioje.webp","width":339,"height":525,"caption":"Lietuvi\u0173 antroponimika. Vilniaus lietuvi\u0173 asmenvard\u017eiai XVII a. prad\u017eioje"},{"@type":"BreadcrumbList","@id":"https:\/\/skaitytaknyga.lt\/produktas\/lietuviu-antroponimika-vilniaus-lietuviu-asmenvardziai-xvii-a-pradzioje\/#breadcrumb","itemListElement":[{"@type":"ListItem","position":1,"name":"Home","item":"https:\/\/skaitytaknyga.lt\/"},{"@type":"ListItem","position":2,"name":"Parduotuv\u0117","item":"https:\/\/skaitytaknyga.lt\/knygu-parduotuve\/"},{"@type":"ListItem","position":3,"name":"Lietuvi\u0173 antroponimika. Vilniaus lietuvi\u0173 asmenvard\u017eiai XVII a. prad\u017eioje"}]},{"@type":"WebSite","@id":"https:\/\/skaitytaknyga.lt\/#website","url":"https:\/\/skaitytaknyga.lt\/","name":"skaitytaknyga.lt","description":"Skaitytaknyga.lt \u2013 tai ma\u017eas \u0161eimos verslas, kuris prasid\u0117jo nuo meil\u0117s knygoms ir siekio i\u0161gelb\u0117ti knygas nuo likimo prie konteinerio. Kas vienam nereikalingas daiktas \u2013 kitam lobis, o mes esame tarpininkai, kurie padeda abiems tapti laimingesniems ???? \u017dinome kaip nelengva i\u0161gyventi ma\u017eiems verslams, tad nuo \u0161iol, \u010dia rasite ir kit\u0173, ma\u017e\u0173 \u0161eim\u0173 versl\u0173, rank\u0173 darbo, dovan\u0173 sau ir artimiesiems.","publisher":{"@id":"https:\/\/skaitytaknyga.lt\/#organization"},"potentialAction":[{"@type":"SearchAction","target":{"@type":"EntryPoint","urlTemplate":"https:\/\/skaitytaknyga.lt\/?s={search_term_string}"},"query-input":{"@type":"PropertyValueSpecification","valueRequired":true,"valueName":"search_term_string"}}],"inLanguage":"en-GB"},{"@type":"Organization","@id":"https:\/\/skaitytaknyga.lt\/#organization","name":"skaitytaknyga.lt","url":"https:\/\/skaitytaknyga.lt\/","logo":{"@type":"ImageObject","inLanguage":"en-GB","@id":"https:\/\/skaitytaknyga.lt\/#\/schema\/logo\/image\/","url":"https:\/\/skaitytaknyga.lt\/wp-content\/uploads\/2024\/05\/cropped-cropped-cropped-02_00843_jt3bggkj1j3HLc7SyY6rEUpg.jpeg","contentUrl":"https:\/\/skaitytaknyga.lt\/wp-content\/uploads\/2024\/05\/cropped-cropped-cropped-02_00843_jt3bggkj1j3HLc7SyY6rEUpg.jpeg","width":1600,"height":1600,"caption":"skaitytaknyga.lt"},"image":{"@id":"https:\/\/skaitytaknyga.lt\/#\/schema\/logo\/image\/"},"sameAs":["https:\/\/www.facebook.com\/skaitytaknyga\/"]}]}},"_links":{"self":[{"href":"https:\/\/skaitytaknyga.lt\/en\/wp-json\/wp\/v2\/product\/18939","targetHints":{"allow":["GET"]}}],"collection":[{"href":"https:\/\/skaitytaknyga.lt\/en\/wp-json\/wp\/v2\/product"}],"about":[{"href":"https:\/\/skaitytaknyga.lt\/en\/wp-json\/wp\/v2\/types\/product"}],"replies":[{"embeddable":true,"href":"https:\/\/skaitytaknyga.lt\/en\/wp-json\/wp\/v2\/comments?post=18939"}],"wp:featuredmedia":[{"embeddable":true,"href":"https:\/\/skaitytaknyga.lt\/en\/wp-json\/wp\/v2\/media\/18944"}],"wp:attachment":[{"href":"https:\/\/skaitytaknyga.lt\/en\/wp-json\/wp\/v2\/media?parent=18939"}],"wp:term":[{"taxonomy":"product_brand","embeddable":true,"href":"https:\/\/skaitytaknyga.lt\/en\/wp-json\/wp\/v2\/product_brand?post=18939"},{"taxonomy":"product_cat","embeddable":true,"href":"https:\/\/skaitytaknyga.lt\/en\/wp-json\/wp\/v2\/product_cat?post=18939"},{"taxonomy":"product_tag","embeddable":true,"href":"https:\/\/skaitytaknyga.lt\/en\/wp-json\/wp\/v2\/product_tag?post=18939"}],"curies":[{"name":"wp","href":"https:\/\/api.w.org\/{rel}","templated":true}]}}