{"id":18932,"date":"2025-06-15T13:25:08","date_gmt":"2025-06-15T10:25:08","guid":{"rendered":"https:\/\/skaitytaknyga.lt\/?post_type=product&#038;p=18932"},"modified":"2025-06-26T14:49:27","modified_gmt":"2025-06-26T11:49:27","slug":"motules-zasies-pasakos-senu-laiku-istorijos-ir-pasakos","status":"publish","type":"product","link":"https:\/\/skaitytaknyga.lt\/en\/produktas\/motules-zasies-pasakos-senu-laiku-istorijos-ir-pasakos\/","title":{"rendered":"Motul\u0117s \u017d\u0105sies pasakos: sen\u0173 laik\u0173 istorijos ir pasakos"},"content":{"rendered":"<p>\u201eCharles Perrault &#8211; tai \u0160arlis Pero. Pa\u017e\u012fstama, gird\u0117ta ir puikiai \u017einoma, tiesa? Jo pasak\u0173 siu\u017eetai nuo vaikyst\u0117s \u012fsismelk\u0117 atmintin&#8230; K\u0105 jau \u010dia atrasi?! Ir vis d\u0117lto \u0161ioje knygoje yra k\u0105 atrasti, ji gali nustebinti ir nud\u017eiuginti. Ne tik savo i\u0161vaizda. Joje &#8211; visos vienuolika Pero pasak\u0173.<\/p>\n<p>Eiliuotosios pirm\u0105kart i\u0161verstos \u012f lietuvi\u0173 kalb\u0105. \u017davius populiari\u0173 pasak\u0173 moralus da\u017enas i\u0161 J\u016bs\u0173 taip pat perskaitys pirm\u0105 kart\u0105. Gal\u0173 gale net ir tos \u017einomos istorijos skamba kitaip, o kai kurie vaizdai, situacijos, apra\u0161ymai i\u0161vis neatpa\u017e\u012fstami &#8211; daug sodresni, spalvingesni.<\/p>\n<p>Mat \u0161\u012fkart pasakos verstos i\u0161 autenti\u0161k\u0173 \u0161altini\u0173, o ne i\u0161 perpasakojim\u0173, ne i\u0161 supaprastint\u0173 leidim\u0173, ne i\u0161 tarpini\u0173 kalb\u0173. Puiki proga i\u0161girsti tikr\u0105sias \u0160arlio Pero intonacijas, i\u0161vysti j\u012f, XVII am\u017eiaus pranc\u016bz\u0173 aristokrat\u0105, s\u0117dint\u012f literat\u016briniame salone ir su dviprasmi\u0161ka \u0161ypsena, retkar\u010diais paironizuojant, perpasakojant\u012f liaudies pasakas\u201c. (K\u0119stutis Urba)<\/p>\n","protected":false},"excerpt":{"rendered":"<p>\u201eCharles Perrault &#8211; tai \u0160arlis Pero. Pa\u017e\u012fstama, gird\u0117ta ir puikiai \u017einoma, tiesa? Jo pasak\u0173 siu\u017eetai nuo vaikyst\u0117s \u012fsismelk\u0117 atmintin&#8230; K\u0105 jau \u010dia atrasi?! Ir vis d\u0117lto \u0161ioje knygoje yra k\u0105 atrasti, ji gali nustebinti ir nud\u017eiuginti. Ne tik savo i\u0161vaizda. Joje &#8211; visos vienuolika Pero pasak\u0173. Eiliuotosios pirm\u0105kart i\u0161verstos \u012f lietuvi\u0173 kalb\u0105. \u017davius populiari\u0173 pasak\u0173 moralus da\u017enas i\u0161 J\u016bs\u0173 taip pat perskaitys pirm\u0105 kart\u0105. Gal\u0173 gale net ir tos \u017einomos istorijos skamba kitaip, o kai kurie vaizdai, situacijos, apra\u0161ymai i\u0161vis neatpa\u017e\u012fstami &#8211; daug sodresni, spalvingesni. Mat \u0161\u012fkart pasakos verstos i\u0161 autenti\u0161k\u0173 \u0161altini\u0173, o ne i\u0161 perpasakojim\u0173, ne i\u0161 supaprastint\u0173 leidim\u0173, ne i\u0161 tarpini\u0173 kalb\u0173. Puiki proga i\u0161girsti tikr\u0105sias \u0160arlio Pero intonacijas, i\u0161vysti j\u012f, XVII am\u017eiaus pranc\u016bz\u0173 aristokrat\u0105, s\u0117dint\u012f literat\u016briniame salone ir su dviprasmi\u0161ka \u0161ypsena, retkar\u010diais paironizuojant, perpasakojant\u012f liaudies pasakas\u201c. (K\u0119stutis Urba)<\/p>\n","protected":false},"featured_media":18937,"comment_status":"open","ping_status":"closed","template":"","meta":{"_acf_changed":false,"site-sidebar-layout":"default","site-content-layout":"","ast-site-content-layout":"default","site-content-style":"default","site-sidebar-style":"default","ast-global-header-display":"","ast-banner-title-visibility":"","ast-main-header-display":"","ast-hfb-above-header-display":"","ast-hfb-below-header-display":"","ast-hfb-mobile-header-display":"","site-post-title":"","ast-breadcrumbs-content":"","ast-featured-img":"","footer-sml-layout":"","ast-disable-related-posts":"","theme-transparent-header-meta":"","adv-header-id-meta":"","stick-header-meta":"","header-above-stick-meta":"","header-main-stick-meta":"","header-below-stick-meta":"","astra-migrate-meta-layouts":"default","ast-page-background-enabled":"default","ast-page-background-meta":{"desktop":{"background-color":"","background-image":"","background-repeat":"repeat","background-position":"center center","background-size":"auto","background-attachment":"scroll","background-type":"","background-media":"","overlay-type":"","overlay-color":"","overlay-opacity":"","overlay-gradient":""},"tablet":{"background-color":"","background-image":"","background-repeat":"repeat","background-position":"center center","background-size":"auto","background-attachment":"scroll","background-type":"","background-media":"","overlay-type":"","overlay-color":"","overlay-opacity":"","overlay-gradient":""},"mobile":{"background-color":"","background-image":"","background-repeat":"repeat","background-position":"center center","background-size":"auto","background-attachment":"scroll","background-type":"","background-media":"","overlay-type":"","overlay-color":"","overlay-opacity":"","overlay-gradient":""}},"ast-content-background-meta":{"desktop":{"background-color":"var(--ast-global-color-4)","background-image":"","background-repeat":"repeat","background-position":"center center","background-size":"auto","background-attachment":"scroll","background-type":"","background-media":"","overlay-type":"","overlay-color":"","overlay-opacity":"","overlay-gradient":""},"tablet":{"background-color":"var(--ast-global-color-4)","background-image":"","background-repeat":"repeat","background-position":"center center","background-size":"auto","background-attachment":"scroll","background-type":"","background-media":"","overlay-type":"","overlay-color":"","overlay-opacity":"","overlay-gradient":""},"mobile":{"background-color":"var(--ast-global-color-4)","background-image":"","background-repeat":"repeat","background-position":"center center","background-size":"auto","background-attachment":"scroll","background-type":"","background-media":"","overlay-type":"","overlay-color":"","overlay-opacity":"","overlay-gradient":""}}},"product_brand":[],"product_cat":[15],"product_tag":[5435,5440,5437,5439,5436,2850,5438],"class_list":{"0":"post-18932","1":"product","2":"type-product","3":"status-publish","4":"has-post-thumbnail","6":"product_cat-uncategorized","7":"product_tag-charles-perrault","8":"product_tag-liaudies-pasakos","9":"product_tag-moralai","10":"product_tag-prancuzu-aristokratas","11":"product_tag-sarlis-pero","12":"product_tag-vertimas","13":"product_tag-xvii-a","14":"desktop-align-left","15":"tablet-align-left","16":"mobile-align-left","18":"first","19":"instock","20":"shipping-taxable","21":"purchasable","22":"product-type-simple"},"acf":[],"yoast_head":"<!-- This site is optimized with the Yoast SEO plugin v27.4 - https:\/\/yoast.com\/product\/yoast-seo-wordpress\/ -->\n<title>Motul\u0117s \u017d\u0105sies pasakos: sen\u0173 laik\u0173 istorijos ir pasakos<\/title>\n<meta name=\"description\" content=\"\u201eCharles Perrault - tai \u0160arlis Pero. Pa\u017e\u012fstama, gird\u0117ta ir puikiai \u017einoma, tiesa? Jo pasak\u0173 siu\u017eetai nuo vaikyst\u0117s \u012fsismelk\u0117 atmintin... K\u0105 jau \u010dia\" \/>\n<meta name=\"robots\" content=\"index, follow, max-snippet:-1, max-image-preview:large, max-video-preview:-1\" \/>\n<link rel=\"canonical\" href=\"https:\/\/skaitytaknyga.lt\/en\/produktas\/motules-zasies-pasakos-senu-laiku-istorijos-ir-pasakos\/\" \/>\n<meta property=\"og:locale\" content=\"en_GB\" \/>\n<meta property=\"og:locale:alternate\" content=\"lt_LT\" \/>\n<meta property=\"og:type\" content=\"article\" \/>\n<meta property=\"og:title\" content=\"Motul\u0117s \u017d\u0105sies pasakos: sen\u0173 laik\u0173 istorijos ir pasakos\" \/>\n<meta property=\"og:description\" content=\"\u201eCharles Perrault - tai \u0160arlis Pero. Pa\u017e\u012fstama, gird\u0117ta ir puikiai \u017einoma, tiesa? Jo pasak\u0173 siu\u017eetai nuo vaikyst\u0117s \u012fsismelk\u0117 atmintin... K\u0105 jau \u010dia\" \/>\n<meta property=\"og:url\" content=\"https:\/\/skaitytaknyga.lt\/en\/produktas\/motules-zasies-pasakos-senu-laiku-istorijos-ir-pasakos\/\" \/>\n<meta property=\"og:site_name\" content=\"Skaitytaknyga\" \/>\n<meta property=\"article:publisher\" content=\"https:\/\/www.facebook.com\/skaitytaknyga\/\" \/>\n<meta property=\"article:modified_time\" content=\"2025-06-26T11:49:27+00:00\" \/>\n<meta property=\"og:image\" content=\"https:\/\/skaitytaknyga.lt\/wp-content\/uploads\/2025\/06\/Motules-Zasies-pasakos-senu-laiku-istorijos-ir-pasakos.webp\" \/>\n\t<meta property=\"og:image:width\" content=\"557\" \/>\n\t<meta property=\"og:image:height\" content=\"801\" \/>\n\t<meta property=\"og:image:type\" content=\"image\/webp\" \/>\n<meta name=\"twitter:card\" content=\"summary_large_image\" \/>\n<meta name=\"twitter:label1\" content=\"Estimated reading time\" \/>\n\t<meta name=\"twitter:data1\" content=\"1 minute\" \/>\n<script type=\"application\/ld+json\" class=\"yoast-schema-graph\">{\"@context\":\"https:\\\/\\\/schema.org\",\"@graph\":[{\"@type\":\"WebPage\",\"@id\":\"https:\\\/\\\/skaitytaknyga.lt\\\/produktas\\\/motules-zasies-pasakos-senu-laiku-istorijos-ir-pasakos\\\/\",\"url\":\"https:\\\/\\\/skaitytaknyga.lt\\\/produktas\\\/motules-zasies-pasakos-senu-laiku-istorijos-ir-pasakos\\\/\",\"name\":\"Motul\u0117s \u017d\u0105sies pasakos: sen\u0173 laik\u0173 istorijos ir pasakos\",\"isPartOf\":{\"@id\":\"https:\\\/\\\/skaitytaknyga.lt\\\/#website\"},\"primaryImageOfPage\":{\"@id\":\"https:\\\/\\\/skaitytaknyga.lt\\\/produktas\\\/motules-zasies-pasakos-senu-laiku-istorijos-ir-pasakos\\\/#primaryimage\"},\"image\":{\"@id\":\"https:\\\/\\\/skaitytaknyga.lt\\\/produktas\\\/motules-zasies-pasakos-senu-laiku-istorijos-ir-pasakos\\\/#primaryimage\"},\"thumbnailUrl\":\"https:\\\/\\\/skaitytaknyga.lt\\\/wp-content\\\/uploads\\\/2025\\\/06\\\/Motules-Zasies-pasakos-senu-laiku-istorijos-ir-pasakos.webp\",\"datePublished\":\"2025-06-15T10:25:08+00:00\",\"dateModified\":\"2025-06-26T11:49:27+00:00\",\"description\":\"\u201eCharles Perrault - tai \u0160arlis Pero. Pa\u017e\u012fstama, gird\u0117ta ir puikiai \u017einoma, tiesa? Jo pasak\u0173 siu\u017eetai nuo vaikyst\u0117s \u012fsismelk\u0117 atmintin... K\u0105 jau \u010dia\",\"breadcrumb\":{\"@id\":\"https:\\\/\\\/skaitytaknyga.lt\\\/produktas\\\/motules-zasies-pasakos-senu-laiku-istorijos-ir-pasakos\\\/#breadcrumb\"},\"inLanguage\":\"en-GB\",\"potentialAction\":[{\"@type\":\"ReadAction\",\"target\":[\"https:\\\/\\\/skaitytaknyga.lt\\\/produktas\\\/motules-zasies-pasakos-senu-laiku-istorijos-ir-pasakos\\\/\"]}]},{\"@type\":\"ImageObject\",\"inLanguage\":\"en-GB\",\"@id\":\"https:\\\/\\\/skaitytaknyga.lt\\\/produktas\\\/motules-zasies-pasakos-senu-laiku-istorijos-ir-pasakos\\\/#primaryimage\",\"url\":\"https:\\\/\\\/skaitytaknyga.lt\\\/wp-content\\\/uploads\\\/2025\\\/06\\\/Motules-Zasies-pasakos-senu-laiku-istorijos-ir-pasakos.webp\",\"contentUrl\":\"https:\\\/\\\/skaitytaknyga.lt\\\/wp-content\\\/uploads\\\/2025\\\/06\\\/Motules-Zasies-pasakos-senu-laiku-istorijos-ir-pasakos.webp\",\"width\":557,\"height\":801,\"caption\":\"Motul\u0117s \u017d\u0105sies pasakos: sen\u0173 laik\u0173 istorijos ir pasakos\"},{\"@type\":\"BreadcrumbList\",\"@id\":\"https:\\\/\\\/skaitytaknyga.lt\\\/produktas\\\/motules-zasies-pasakos-senu-laiku-istorijos-ir-pasakos\\\/#breadcrumb\",\"itemListElement\":[{\"@type\":\"ListItem\",\"position\":1,\"name\":\"Home\",\"item\":\"https:\\\/\\\/skaitytaknyga.lt\\\/\"},{\"@type\":\"ListItem\",\"position\":2,\"name\":\"Parduotuv\u0117\",\"item\":\"https:\\\/\\\/skaitytaknyga.lt\\\/knygu-parduotuve\\\/\"},{\"@type\":\"ListItem\",\"position\":3,\"name\":\"Motul\u0117s \u017d\u0105sies pasakos: sen\u0173 laik\u0173 istorijos ir pasakos\"}]},{\"@type\":\"WebSite\",\"@id\":\"https:\\\/\\\/skaitytaknyga.lt\\\/#website\",\"url\":\"https:\\\/\\\/skaitytaknyga.lt\\\/\",\"name\":\"skaitytaknyga.lt\",\"description\":\"Skaitytaknyga.lt \u2013 tai ma\u017eas \u0161eimos verslas, kuris prasid\u0117jo nuo meil\u0117s knygoms ir siekio i\u0161gelb\u0117ti knygas nuo likimo prie konteinerio. Kas vienam nereikalingas daiktas \u2013 kitam lobis, o mes esame tarpininkai, kurie padeda abiems tapti laimingesniems ???? \u017dinome kaip nelengva i\u0161gyventi ma\u017eiems verslams, tad nuo \u0161iol, \u010dia rasite ir kit\u0173, ma\u017e\u0173 \u0161eim\u0173 versl\u0173, rank\u0173 darbo, dovan\u0173 sau ir artimiesiems.\",\"publisher\":{\"@id\":\"https:\\\/\\\/skaitytaknyga.lt\\\/#organization\"},\"potentialAction\":[{\"@type\":\"SearchAction\",\"target\":{\"@type\":\"EntryPoint\",\"urlTemplate\":\"https:\\\/\\\/skaitytaknyga.lt\\\/?s={search_term_string}\"},\"query-input\":{\"@type\":\"PropertyValueSpecification\",\"valueRequired\":true,\"valueName\":\"search_term_string\"}}],\"inLanguage\":\"en-GB\"},{\"@type\":\"Organization\",\"@id\":\"https:\\\/\\\/skaitytaknyga.lt\\\/#organization\",\"name\":\"skaitytaknyga.lt\",\"url\":\"https:\\\/\\\/skaitytaknyga.lt\\\/\",\"logo\":{\"@type\":\"ImageObject\",\"inLanguage\":\"en-GB\",\"@id\":\"https:\\\/\\\/skaitytaknyga.lt\\\/#\\\/schema\\\/logo\\\/image\\\/\",\"url\":\"https:\\\/\\\/skaitytaknyga.lt\\\/wp-content\\\/uploads\\\/2024\\\/05\\\/cropped-cropped-cropped-02_00843_jt3bggkj1j3HLc7SyY6rEUpg.jpeg\",\"contentUrl\":\"https:\\\/\\\/skaitytaknyga.lt\\\/wp-content\\\/uploads\\\/2024\\\/05\\\/cropped-cropped-cropped-02_00843_jt3bggkj1j3HLc7SyY6rEUpg.jpeg\",\"width\":1600,\"height\":1600,\"caption\":\"skaitytaknyga.lt\"},\"image\":{\"@id\":\"https:\\\/\\\/skaitytaknyga.lt\\\/#\\\/schema\\\/logo\\\/image\\\/\"},\"sameAs\":[\"https:\\\/\\\/www.facebook.com\\\/skaitytaknyga\\\/\"]}]}<\/script>\n<!-- \/ Yoast SEO plugin. -->","yoast_head_json":{"title":"Motul\u0117s \u017d\u0105sies pasakos: sen\u0173 laik\u0173 istorijos ir pasakos","description":"\u201eCharles Perrault - tai \u0160arlis Pero. Pa\u017e\u012fstama, gird\u0117ta ir puikiai \u017einoma, tiesa? Jo pasak\u0173 siu\u017eetai nuo vaikyst\u0117s \u012fsismelk\u0117 atmintin... K\u0105 jau \u010dia","robots":{"index":"index","follow":"follow","max-snippet":"max-snippet:-1","max-image-preview":"max-image-preview:large","max-video-preview":"max-video-preview:-1"},"canonical":"https:\/\/skaitytaknyga.lt\/en\/produktas\/motules-zasies-pasakos-senu-laiku-istorijos-ir-pasakos\/","og_locale":"en_GB","og_type":"article","og_title":"[:lt]Motul\u0117s \u017d\u0105sies pasakos: sen\u0173 laik\u0173 istorijos ir pasakos[:] - Skaitytaknyga","og_description":"\u201eCharles Perrault - tai \u0160arlis Pero. Pa\u017e\u012fstama, gird\u0117ta ir puikiai \u017einoma, tiesa? Jo pasak\u0173 siu\u017eetai nuo vaikyst\u0117s \u012fsismelk\u0117 atmintin... K\u0105 jau \u010dia","og_url":"https:\/\/skaitytaknyga.lt\/en\/produktas\/motules-zasies-pasakos-senu-laiku-istorijos-ir-pasakos\/","og_site_name":"Skaitytaknyga","article_publisher":"https:\/\/www.facebook.com\/skaitytaknyga\/","article_modified_time":"2025-06-26T11:49:27+00:00","og_image":[{"width":557,"height":801,"url":"https:\/\/skaitytaknyga.lt\/wp-content\/uploads\/2025\/06\/Motules-Zasies-pasakos-senu-laiku-istorijos-ir-pasakos.webp","type":"image\/webp"}],"twitter_card":"summary_large_image","twitter_misc":{"Estimated reading time":"1 minute"},"schema":{"@context":"https:\/\/schema.org","@graph":[{"@type":"WebPage","@id":"https:\/\/skaitytaknyga.lt\/produktas\/motules-zasies-pasakos-senu-laiku-istorijos-ir-pasakos\/","url":"https:\/\/skaitytaknyga.lt\/produktas\/motules-zasies-pasakos-senu-laiku-istorijos-ir-pasakos\/","name":"Motul\u0117s \u017d\u0105sies pasakos: sen\u0173 laik\u0173 istorijos ir pasakos","isPartOf":{"@id":"https:\/\/skaitytaknyga.lt\/#website"},"primaryImageOfPage":{"@id":"https:\/\/skaitytaknyga.lt\/produktas\/motules-zasies-pasakos-senu-laiku-istorijos-ir-pasakos\/#primaryimage"},"image":{"@id":"https:\/\/skaitytaknyga.lt\/produktas\/motules-zasies-pasakos-senu-laiku-istorijos-ir-pasakos\/#primaryimage"},"thumbnailUrl":"https:\/\/skaitytaknyga.lt\/wp-content\/uploads\/2025\/06\/Motules-Zasies-pasakos-senu-laiku-istorijos-ir-pasakos.webp","datePublished":"2025-06-15T10:25:08+00:00","dateModified":"2025-06-26T11:49:27+00:00","description":"\u201eCharles Perrault - tai \u0160arlis Pero. Pa\u017e\u012fstama, gird\u0117ta ir puikiai \u017einoma, tiesa? Jo pasak\u0173 siu\u017eetai nuo vaikyst\u0117s \u012fsismelk\u0117 atmintin... K\u0105 jau \u010dia","breadcrumb":{"@id":"https:\/\/skaitytaknyga.lt\/produktas\/motules-zasies-pasakos-senu-laiku-istorijos-ir-pasakos\/#breadcrumb"},"inLanguage":"en-GB","potentialAction":[{"@type":"ReadAction","target":["https:\/\/skaitytaknyga.lt\/produktas\/motules-zasies-pasakos-senu-laiku-istorijos-ir-pasakos\/"]}]},{"@type":"ImageObject","inLanguage":"en-GB","@id":"https:\/\/skaitytaknyga.lt\/produktas\/motules-zasies-pasakos-senu-laiku-istorijos-ir-pasakos\/#primaryimage","url":"https:\/\/skaitytaknyga.lt\/wp-content\/uploads\/2025\/06\/Motules-Zasies-pasakos-senu-laiku-istorijos-ir-pasakos.webp","contentUrl":"https:\/\/skaitytaknyga.lt\/wp-content\/uploads\/2025\/06\/Motules-Zasies-pasakos-senu-laiku-istorijos-ir-pasakos.webp","width":557,"height":801,"caption":"Motul\u0117s \u017d\u0105sies pasakos: sen\u0173 laik\u0173 istorijos ir pasakos"},{"@type":"BreadcrumbList","@id":"https:\/\/skaitytaknyga.lt\/produktas\/motules-zasies-pasakos-senu-laiku-istorijos-ir-pasakos\/#breadcrumb","itemListElement":[{"@type":"ListItem","position":1,"name":"Home","item":"https:\/\/skaitytaknyga.lt\/"},{"@type":"ListItem","position":2,"name":"Parduotuv\u0117","item":"https:\/\/skaitytaknyga.lt\/knygu-parduotuve\/"},{"@type":"ListItem","position":3,"name":"Motul\u0117s \u017d\u0105sies pasakos: sen\u0173 laik\u0173 istorijos ir pasakos"}]},{"@type":"WebSite","@id":"https:\/\/skaitytaknyga.lt\/#website","url":"https:\/\/skaitytaknyga.lt\/","name":"skaitytaknyga.lt","description":"Skaitytaknyga.lt \u2013 tai ma\u017eas \u0161eimos verslas, kuris prasid\u0117jo nuo meil\u0117s knygoms ir siekio i\u0161gelb\u0117ti knygas nuo likimo prie konteinerio. Kas vienam nereikalingas daiktas \u2013 kitam lobis, o mes esame tarpininkai, kurie padeda abiems tapti laimingesniems ???? \u017dinome kaip nelengva i\u0161gyventi ma\u017eiems verslams, tad nuo \u0161iol, \u010dia rasite ir kit\u0173, ma\u017e\u0173 \u0161eim\u0173 versl\u0173, rank\u0173 darbo, dovan\u0173 sau ir artimiesiems.","publisher":{"@id":"https:\/\/skaitytaknyga.lt\/#organization"},"potentialAction":[{"@type":"SearchAction","target":{"@type":"EntryPoint","urlTemplate":"https:\/\/skaitytaknyga.lt\/?s={search_term_string}"},"query-input":{"@type":"PropertyValueSpecification","valueRequired":true,"valueName":"search_term_string"}}],"inLanguage":"en-GB"},{"@type":"Organization","@id":"https:\/\/skaitytaknyga.lt\/#organization","name":"skaitytaknyga.lt","url":"https:\/\/skaitytaknyga.lt\/","logo":{"@type":"ImageObject","inLanguage":"en-GB","@id":"https:\/\/skaitytaknyga.lt\/#\/schema\/logo\/image\/","url":"https:\/\/skaitytaknyga.lt\/wp-content\/uploads\/2024\/05\/cropped-cropped-cropped-02_00843_jt3bggkj1j3HLc7SyY6rEUpg.jpeg","contentUrl":"https:\/\/skaitytaknyga.lt\/wp-content\/uploads\/2024\/05\/cropped-cropped-cropped-02_00843_jt3bggkj1j3HLc7SyY6rEUpg.jpeg","width":1600,"height":1600,"caption":"skaitytaknyga.lt"},"image":{"@id":"https:\/\/skaitytaknyga.lt\/#\/schema\/logo\/image\/"},"sameAs":["https:\/\/www.facebook.com\/skaitytaknyga\/"]}]}},"_links":{"self":[{"href":"https:\/\/skaitytaknyga.lt\/en\/wp-json\/wp\/v2\/product\/18932","targetHints":{"allow":["GET"]}}],"collection":[{"href":"https:\/\/skaitytaknyga.lt\/en\/wp-json\/wp\/v2\/product"}],"about":[{"href":"https:\/\/skaitytaknyga.lt\/en\/wp-json\/wp\/v2\/types\/product"}],"replies":[{"embeddable":true,"href":"https:\/\/skaitytaknyga.lt\/en\/wp-json\/wp\/v2\/comments?post=18932"}],"wp:featuredmedia":[{"embeddable":true,"href":"https:\/\/skaitytaknyga.lt\/en\/wp-json\/wp\/v2\/media\/18937"}],"wp:attachment":[{"href":"https:\/\/skaitytaknyga.lt\/en\/wp-json\/wp\/v2\/media?parent=18932"}],"wp:term":[{"taxonomy":"product_brand","embeddable":true,"href":"https:\/\/skaitytaknyga.lt\/en\/wp-json\/wp\/v2\/product_brand?post=18932"},{"taxonomy":"product_cat","embeddable":true,"href":"https:\/\/skaitytaknyga.lt\/en\/wp-json\/wp\/v2\/product_cat?post=18932"},{"taxonomy":"product_tag","embeddable":true,"href":"https:\/\/skaitytaknyga.lt\/en\/wp-json\/wp\/v2\/product_tag?post=18932"}],"curies":[{"name":"wp","href":"https:\/\/api.w.org\/{rel}","templated":true}]}}