{"id":18930,"date":"2025-06-15T13:25:08","date_gmt":"2025-06-15T10:25:08","guid":{"rendered":"https:\/\/skaitytaknyga.lt\/?post_type=product&#038;p=18930"},"modified":"2025-07-07T09:26:26","modified_gmt":"2025-07-07T06:26:26","slug":"zmogus-futliare","status":"publish","type":"product","link":"https:\/\/skaitytaknyga.lt\/en\/produktas\/zmogus-futliare\/","title":{"rendered":"\u017dmogus futliare"},"content":{"rendered":"<p>\u010cechovas, kaip gali pasirodyti, nera\u0161o apie reik\u0161mingus \u012fvykius, jo tema \u2013 kasdienyb\u0117s smulkmenos, pro kuri\u0173 gaus\u0105 nesimato esmini\u0173 dalyk\u0173. Jo herojai, nesvarbu, ar jie mokosi, dirba ar tinginiauja, myli ar barasi, serga ar net mir\u0161ta, nejau\u010dia gyvenimo poky\u010di\u0173. Jie gyvena tarsi braid\u017eiot\u0173 po savo nuobodul\u012f.<\/p>\n<p>\u010cechovo persona\u017eai nesuvokia besisukantys s\u0105stingio, monotonijos ratu. O jautriausieji negali atpa\u017einti giliai \u0161irdyje t\u016bnan\u010dio, niekad neapleid\u017eian\u010dio kitokio gyvenimo ilgesio prie\u017eas\u010di\u0173. Nelaimingi ir ken\u010diantys, jie ne tik nesistengia nieko pakeisti, jie net nesuvokia poky\u010di\u0173 b\u016btinyb\u0117s. Jie aps\u0117sti&#8230; gyvenimo rutinos.<\/p>\n<p>\u010cia ir gl\u016bdi \u010cechovo sukurt\u0173 persona\u017e\u0173 gyvenimo tragedija, kuri apsakymuose da\u017enai virsta paprasta komi\u0161ka istorija. Kaip vien\u0105 i\u0161 \u010cechovo k\u016brybos tem\u0173 apib\u016bdino literat\u016brologas Grigorijus Bialyj, \u201enenormalumas\u201c tampa gyvenimo norma, o atstumo tarp tragedijos ir komedijos, ir atvirk\u0161\u010diai, beveik nebelieka.<\/p>\n","protected":false},"excerpt":{"rendered":"<p>\u010cechovas, kaip gali pasirodyti, nera\u0161o apie reik\u0161mingus \u012fvykius, jo tema \u2013 kasdienyb\u0117s smulkmenos, pro kuri\u0173 gaus\u0105 nesimato esmini\u0173 dalyk\u0173. Jo herojai, nesvarbu, ar jie mokosi, dirba ar tinginiauja, myli ar barasi, serga ar net mir\u0161ta, nejau\u010dia gyvenimo poky\u010di\u0173. Jie gyvena tarsi braid\u017eiot\u0173 po savo nuobodul\u012f. \u010cechovo persona\u017eai nesuvokia besisukantys s\u0105stingio, monotonijos ratu. O jautriausieji negali atpa\u017einti giliai \u0161irdyje t\u016bnan\u010dio, niekad neapleid\u017eian\u010dio kitokio gyvenimo ilgesio prie\u017eas\u010di\u0173. Nelaimingi ir ken\u010diantys, jie ne tik nesistengia nieko pakeisti, jie net nesuvokia poky\u010di\u0173 b\u016btinyb\u0117s. Jie aps\u0117sti&#8230; gyvenimo rutinos. \u010cia ir gl\u016bdi \u010cechovo sukurt\u0173 persona\u017e\u0173 gyvenimo tragedija, kuri apsakymuose da\u017enai virsta paprasta komi\u0161ka istorija. Kaip vien\u0105 i\u0161 \u010cechovo k\u016brybos tem\u0173 apib\u016bdino literat\u016brologas Grigorijus Bialyj, \u201enenormalumas\u201c tampa gyvenimo norma, o atstumo tarp tragedijos ir komedijos, ir atvirk\u0161\u010diai, beveik nebelieka.<\/p>\n","protected":false},"featured_media":18935,"comment_status":"open","ping_status":"closed","template":"","meta":{"_acf_changed":false,"site-sidebar-layout":"default","site-content-layout":"","ast-site-content-layout":"default","site-content-style":"default","site-sidebar-style":"default","ast-global-header-display":"","ast-banner-title-visibility":"","ast-main-header-display":"","ast-hfb-above-header-display":"","ast-hfb-below-header-display":"","ast-hfb-mobile-header-display":"","site-post-title":"","ast-breadcrumbs-content":"","ast-featured-img":"","footer-sml-layout":"","ast-disable-related-posts":"","theme-transparent-header-meta":"","adv-header-id-meta":"","stick-header-meta":"","header-above-stick-meta":"","header-main-stick-meta":"","header-below-stick-meta":"","astra-migrate-meta-layouts":"default","ast-page-background-enabled":"default","ast-page-background-meta":{"desktop":{"background-color":"","background-image":"","background-repeat":"repeat","background-position":"center center","background-size":"auto","background-attachment":"scroll","background-type":"","background-media":"","overlay-type":"","overlay-color":"","overlay-opacity":"","overlay-gradient":""},"tablet":{"background-color":"","background-image":"","background-repeat":"repeat","background-position":"center center","background-size":"auto","background-attachment":"scroll","background-type":"","background-media":"","overlay-type":"","overlay-color":"","overlay-opacity":"","overlay-gradient":""},"mobile":{"background-color":"","background-image":"","background-repeat":"repeat","background-position":"center center","background-size":"auto","background-attachment":"scroll","background-type":"","background-media":"","overlay-type":"","overlay-color":"","overlay-opacity":"","overlay-gradient":""}},"ast-content-background-meta":{"desktop":{"background-color":"var(--ast-global-color-4)","background-image":"","background-repeat":"repeat","background-position":"center center","background-size":"auto","background-attachment":"scroll","background-type":"","background-media":"","overlay-type":"","overlay-color":"","overlay-opacity":"","overlay-gradient":""},"tablet":{"background-color":"var(--ast-global-color-4)","background-image":"","background-repeat":"repeat","background-position":"center center","background-size":"auto","background-attachment":"scroll","background-type":"","background-media":"","overlay-type":"","overlay-color":"","overlay-opacity":"","overlay-gradient":""},"mobile":{"background-color":"var(--ast-global-color-4)","background-image":"","background-repeat":"repeat","background-position":"center center","background-size":"auto","background-attachment":"scroll","background-type":"","background-media":"","overlay-type":"","overlay-color":"","overlay-opacity":"","overlay-gradient":""}}},"product_brand":[],"product_cat":[31],"product_tag":[5427,5429,2673,3619,5430,5428,3202],"class_list":{"0":"post-18930","1":"product","2":"type-product","3":"status-publish","4":"has-post-thumbnail","6":"product_cat-grozine-literatura","7":"product_tag-anton-cechov","8":"product_tag-gyvenimo-rutina","9":"product_tag-kasdienybe","10":"product_tag-komedija","11":"product_tag-personazai","12":"product_tag-smulkmenos","13":"product_tag-tragedija","14":"desktop-align-left","15":"tablet-align-left","16":"mobile-align-left","18":"first","19":"instock","20":"shipping-taxable","21":"purchasable","22":"product-type-simple"},"acf":[],"yoast_head":"<!-- This site is optimized with the Yoast SEO plugin v27.0 - https:\/\/yoast.com\/product\/yoast-seo-wordpress\/ -->\n<title>\u017dmogus futliare<\/title>\n<meta name=\"description\" content=\"\u010cechovas, kaip gali pasirodyti, nera\u0161o apie reik\u0161mingus \u012fvykius, jo tema \u2013 kasdienyb\u0117s smulkmenos, pro kuri\u0173 gaus\u0105 nesimato esmini\u0173 dalyk\u0173. Jo herojai,\" \/>\n<meta name=\"robots\" content=\"index, follow, max-snippet:-1, max-image-preview:large, max-video-preview:-1\" \/>\n<link rel=\"canonical\" href=\"https:\/\/skaitytaknyga.lt\/en\/produktas\/zmogus-futliare\/\" \/>\n<meta property=\"og:locale\" content=\"en_GB\" \/>\n<meta property=\"og:locale:alternate\" content=\"lt_LT\" \/>\n<meta property=\"og:type\" content=\"article\" \/>\n<meta property=\"og:title\" content=\"\u017dmogus futliare\" \/>\n<meta property=\"og:description\" content=\"\u010cechovas, kaip gali pasirodyti, nera\u0161o apie reik\u0161mingus \u012fvykius, jo tema \u2013 kasdienyb\u0117s smulkmenos, pro kuri\u0173 gaus\u0105 nesimato esmini\u0173 dalyk\u0173. Jo herojai,\" \/>\n<meta property=\"og:url\" content=\"https:\/\/skaitytaknyga.lt\/en\/produktas\/zmogus-futliare\/\" \/>\n<meta property=\"og:site_name\" content=\"Skaitytaknyga\" \/>\n<meta property=\"article:publisher\" content=\"https:\/\/www.facebook.com\/skaitytaknyga\/\" \/>\n<meta property=\"article:modified_time\" content=\"2025-07-07T06:26:26+00:00\" \/>\n<meta property=\"og:image\" content=\"https:\/\/skaitytaknyga.lt\/wp-content\/uploads\/2025\/06\/Zmogus-futliare.webp\" \/>\n\t<meta property=\"og:image:width\" content=\"422\" \/>\n\t<meta property=\"og:image:height\" content=\"623\" \/>\n\t<meta property=\"og:image:type\" content=\"image\/webp\" \/>\n<meta name=\"twitter:card\" content=\"summary_large_image\" \/>\n<meta name=\"twitter:label1\" content=\"Estimated reading time\" \/>\n\t<meta name=\"twitter:data1\" content=\"1 minute\" \/>\n<script type=\"application\/ld+json\" class=\"yoast-schema-graph\">{\"@context\":\"https:\/\/schema.org\",\"@graph\":[{\"@type\":\"WebPage\",\"@id\":\"https:\/\/skaitytaknyga.lt\/produktas\/zmogus-futliare\/\",\"url\":\"https:\/\/skaitytaknyga.lt\/produktas\/zmogus-futliare\/\",\"name\":\"\u017dmogus futliare\",\"isPartOf\":{\"@id\":\"https:\/\/skaitytaknyga.lt\/#website\"},\"primaryImageOfPage\":{\"@id\":\"https:\/\/skaitytaknyga.lt\/produktas\/zmogus-futliare\/#primaryimage\"},\"image\":{\"@id\":\"https:\/\/skaitytaknyga.lt\/produktas\/zmogus-futliare\/#primaryimage\"},\"thumbnailUrl\":\"https:\/\/skaitytaknyga.lt\/wp-content\/uploads\/2025\/06\/Zmogus-futliare.webp\",\"datePublished\":\"2025-06-15T10:25:08+00:00\",\"dateModified\":\"2025-07-07T06:26:26+00:00\",\"description\":\"\u010cechovas, kaip gali pasirodyti, nera\u0161o apie reik\u0161mingus \u012fvykius, jo tema \u2013 kasdienyb\u0117s smulkmenos, pro kuri\u0173 gaus\u0105 nesimato esmini\u0173 dalyk\u0173. Jo herojai,\",\"breadcrumb\":{\"@id\":\"https:\/\/skaitytaknyga.lt\/produktas\/zmogus-futliare\/#breadcrumb\"},\"inLanguage\":\"en-GB\",\"potentialAction\":[{\"@type\":\"ReadAction\",\"target\":[\"https:\/\/skaitytaknyga.lt\/produktas\/zmogus-futliare\/\"]}]},{\"@type\":\"ImageObject\",\"inLanguage\":\"en-GB\",\"@id\":\"https:\/\/skaitytaknyga.lt\/produktas\/zmogus-futliare\/#primaryimage\",\"url\":\"https:\/\/skaitytaknyga.lt\/wp-content\/uploads\/2025\/06\/Zmogus-futliare.webp\",\"contentUrl\":\"https:\/\/skaitytaknyga.lt\/wp-content\/uploads\/2025\/06\/Zmogus-futliare.webp\",\"width\":422,\"height\":623},{\"@type\":\"BreadcrumbList\",\"@id\":\"https:\/\/skaitytaknyga.lt\/produktas\/zmogus-futliare\/#breadcrumb\",\"itemListElement\":[{\"@type\":\"ListItem\",\"position\":1,\"name\":\"Home\",\"item\":\"https:\/\/skaitytaknyga.lt\/\"},{\"@type\":\"ListItem\",\"position\":2,\"name\":\"Parduotuv\u0117\",\"item\":\"https:\/\/skaitytaknyga.lt\/knygu-parduotuve\/\"},{\"@type\":\"ListItem\",\"position\":3,\"name\":\"\u017dmogus futliare\"}]},{\"@type\":\"WebSite\",\"@id\":\"https:\/\/skaitytaknyga.lt\/#website\",\"url\":\"https:\/\/skaitytaknyga.lt\/\",\"name\":\"skaitytaknyga.lt\",\"description\":\"Skaitytaknyga.lt \u2013 tai ma\u017eas \u0161eimos verslas, kuris prasid\u0117jo nuo meil\u0117s knygoms ir siekio i\u0161gelb\u0117ti knygas nuo likimo prie konteinerio. Kas vienam nereikalingas daiktas \u2013 kitam lobis, o mes esame tarpininkai, kurie padeda abiems tapti laimingesniems ???? \u017dinome kaip nelengva i\u0161gyventi ma\u017eiems verslams, tad nuo \u0161iol, \u010dia rasite ir kit\u0173, ma\u017e\u0173 \u0161eim\u0173 versl\u0173, rank\u0173 darbo, dovan\u0173 sau ir artimiesiems.\",\"publisher\":{\"@id\":\"https:\/\/skaitytaknyga.lt\/#organization\"},\"potentialAction\":[{\"@type\":\"SearchAction\",\"target\":{\"@type\":\"EntryPoint\",\"urlTemplate\":\"https:\/\/skaitytaknyga.lt\/?s={search_term_string}\"},\"query-input\":{\"@type\":\"PropertyValueSpecification\",\"valueRequired\":true,\"valueName\":\"search_term_string\"}}],\"inLanguage\":\"en-GB\"},{\"@type\":\"Organization\",\"@id\":\"https:\/\/skaitytaknyga.lt\/#organization\",\"name\":\"skaitytaknyga.lt\",\"url\":\"https:\/\/skaitytaknyga.lt\/\",\"logo\":{\"@type\":\"ImageObject\",\"inLanguage\":\"en-GB\",\"@id\":\"https:\/\/skaitytaknyga.lt\/#\/schema\/logo\/image\/\",\"url\":\"https:\/\/skaitytaknyga.lt\/wp-content\/uploads\/2024\/05\/cropped-cropped-cropped-02_00843_jt3bggkj1j3HLc7SyY6rEUpg.jpeg\",\"contentUrl\":\"https:\/\/skaitytaknyga.lt\/wp-content\/uploads\/2024\/05\/cropped-cropped-cropped-02_00843_jt3bggkj1j3HLc7SyY6rEUpg.jpeg\",\"width\":1600,\"height\":1600,\"caption\":\"skaitytaknyga.lt\"},\"image\":{\"@id\":\"https:\/\/skaitytaknyga.lt\/#\/schema\/logo\/image\/\"},\"sameAs\":[\"https:\/\/www.facebook.com\/skaitytaknyga\/\"]}]}<\/script>\n<!-- \/ Yoast SEO plugin. -->","yoast_head_json":{"title":"\u017dmogus futliare","description":"\u010cechovas, kaip gali pasirodyti, nera\u0161o apie reik\u0161mingus \u012fvykius, jo tema \u2013 kasdienyb\u0117s smulkmenos, pro kuri\u0173 gaus\u0105 nesimato esmini\u0173 dalyk\u0173. Jo herojai,","robots":{"index":"index","follow":"follow","max-snippet":"max-snippet:-1","max-image-preview":"max-image-preview:large","max-video-preview":"max-video-preview:-1"},"canonical":"https:\/\/skaitytaknyga.lt\/en\/produktas\/zmogus-futliare\/","og_locale":"en_GB","og_type":"article","og_title":"[:lt]\u017dmogus futliare[:] - Skaitytaknyga","og_description":"\u010cechovas, kaip gali pasirodyti, nera\u0161o apie reik\u0161mingus \u012fvykius, jo tema \u2013 kasdienyb\u0117s smulkmenos, pro kuri\u0173 gaus\u0105 nesimato esmini\u0173 dalyk\u0173. Jo herojai,","og_url":"https:\/\/skaitytaknyga.lt\/en\/produktas\/zmogus-futliare\/","og_site_name":"Skaitytaknyga","article_publisher":"https:\/\/www.facebook.com\/skaitytaknyga\/","article_modified_time":"2025-07-07T06:26:26+00:00","og_image":[{"width":422,"height":623,"url":"https:\/\/skaitytaknyga.lt\/wp-content\/uploads\/2025\/06\/Zmogus-futliare.webp","type":"image\/webp"}],"twitter_card":"summary_large_image","twitter_misc":{"Estimated reading time":"1 minute"},"schema":{"@context":"https:\/\/schema.org","@graph":[{"@type":"WebPage","@id":"https:\/\/skaitytaknyga.lt\/produktas\/zmogus-futliare\/","url":"https:\/\/skaitytaknyga.lt\/produktas\/zmogus-futliare\/","name":"\u017dmogus futliare","isPartOf":{"@id":"https:\/\/skaitytaknyga.lt\/#website"},"primaryImageOfPage":{"@id":"https:\/\/skaitytaknyga.lt\/produktas\/zmogus-futliare\/#primaryimage"},"image":{"@id":"https:\/\/skaitytaknyga.lt\/produktas\/zmogus-futliare\/#primaryimage"},"thumbnailUrl":"https:\/\/skaitytaknyga.lt\/wp-content\/uploads\/2025\/06\/Zmogus-futliare.webp","datePublished":"2025-06-15T10:25:08+00:00","dateModified":"2025-07-07T06:26:26+00:00","description":"\u010cechovas, kaip gali pasirodyti, nera\u0161o apie reik\u0161mingus \u012fvykius, jo tema \u2013 kasdienyb\u0117s smulkmenos, pro kuri\u0173 gaus\u0105 nesimato esmini\u0173 dalyk\u0173. Jo herojai,","breadcrumb":{"@id":"https:\/\/skaitytaknyga.lt\/produktas\/zmogus-futliare\/#breadcrumb"},"inLanguage":"en-GB","potentialAction":[{"@type":"ReadAction","target":["https:\/\/skaitytaknyga.lt\/produktas\/zmogus-futliare\/"]}]},{"@type":"ImageObject","inLanguage":"en-GB","@id":"https:\/\/skaitytaknyga.lt\/produktas\/zmogus-futliare\/#primaryimage","url":"https:\/\/skaitytaknyga.lt\/wp-content\/uploads\/2025\/06\/Zmogus-futliare.webp","contentUrl":"https:\/\/skaitytaknyga.lt\/wp-content\/uploads\/2025\/06\/Zmogus-futliare.webp","width":422,"height":623},{"@type":"BreadcrumbList","@id":"https:\/\/skaitytaknyga.lt\/produktas\/zmogus-futliare\/#breadcrumb","itemListElement":[{"@type":"ListItem","position":1,"name":"Home","item":"https:\/\/skaitytaknyga.lt\/"},{"@type":"ListItem","position":2,"name":"Parduotuv\u0117","item":"https:\/\/skaitytaknyga.lt\/knygu-parduotuve\/"},{"@type":"ListItem","position":3,"name":"\u017dmogus futliare"}]},{"@type":"WebSite","@id":"https:\/\/skaitytaknyga.lt\/#website","url":"https:\/\/skaitytaknyga.lt\/","name":"skaitytaknyga.lt","description":"Skaitytaknyga.lt \u2013 tai ma\u017eas \u0161eimos verslas, kuris prasid\u0117jo nuo meil\u0117s knygoms ir siekio i\u0161gelb\u0117ti knygas nuo likimo prie konteinerio. Kas vienam nereikalingas daiktas \u2013 kitam lobis, o mes esame tarpininkai, kurie padeda abiems tapti laimingesniems ???? \u017dinome kaip nelengva i\u0161gyventi ma\u017eiems verslams, tad nuo \u0161iol, \u010dia rasite ir kit\u0173, ma\u017e\u0173 \u0161eim\u0173 versl\u0173, rank\u0173 darbo, dovan\u0173 sau ir artimiesiems.","publisher":{"@id":"https:\/\/skaitytaknyga.lt\/#organization"},"potentialAction":[{"@type":"SearchAction","target":{"@type":"EntryPoint","urlTemplate":"https:\/\/skaitytaknyga.lt\/?s={search_term_string}"},"query-input":{"@type":"PropertyValueSpecification","valueRequired":true,"valueName":"search_term_string"}}],"inLanguage":"en-GB"},{"@type":"Organization","@id":"https:\/\/skaitytaknyga.lt\/#organization","name":"skaitytaknyga.lt","url":"https:\/\/skaitytaknyga.lt\/","logo":{"@type":"ImageObject","inLanguage":"en-GB","@id":"https:\/\/skaitytaknyga.lt\/#\/schema\/logo\/image\/","url":"https:\/\/skaitytaknyga.lt\/wp-content\/uploads\/2024\/05\/cropped-cropped-cropped-02_00843_jt3bggkj1j3HLc7SyY6rEUpg.jpeg","contentUrl":"https:\/\/skaitytaknyga.lt\/wp-content\/uploads\/2024\/05\/cropped-cropped-cropped-02_00843_jt3bggkj1j3HLc7SyY6rEUpg.jpeg","width":1600,"height":1600,"caption":"skaitytaknyga.lt"},"image":{"@id":"https:\/\/skaitytaknyga.lt\/#\/schema\/logo\/image\/"},"sameAs":["https:\/\/www.facebook.com\/skaitytaknyga\/"]}]}},"_links":{"self":[{"href":"https:\/\/skaitytaknyga.lt\/en\/wp-json\/wp\/v2\/product\/18930","targetHints":{"allow":["GET"]}}],"collection":[{"href":"https:\/\/skaitytaknyga.lt\/en\/wp-json\/wp\/v2\/product"}],"about":[{"href":"https:\/\/skaitytaknyga.lt\/en\/wp-json\/wp\/v2\/types\/product"}],"replies":[{"embeddable":true,"href":"https:\/\/skaitytaknyga.lt\/en\/wp-json\/wp\/v2\/comments?post=18930"}],"wp:featuredmedia":[{"embeddable":true,"href":"https:\/\/skaitytaknyga.lt\/en\/wp-json\/wp\/v2\/media\/18935"}],"wp:attachment":[{"href":"https:\/\/skaitytaknyga.lt\/en\/wp-json\/wp\/v2\/media?parent=18930"}],"wp:term":[{"taxonomy":"product_brand","embeddable":true,"href":"https:\/\/skaitytaknyga.lt\/en\/wp-json\/wp\/v2\/product_brand?post=18930"},{"taxonomy":"product_cat","embeddable":true,"href":"https:\/\/skaitytaknyga.lt\/en\/wp-json\/wp\/v2\/product_cat?post=18930"},{"taxonomy":"product_tag","embeddable":true,"href":"https:\/\/skaitytaknyga.lt\/en\/wp-json\/wp\/v2\/product_tag?post=18930"}],"curies":[{"name":"wp","href":"https:\/\/api.w.org\/{rel}","templated":true}]}}