{"id":18928,"date":"2025-06-15T13:25:07","date_gmt":"2025-06-15T10:25:07","guid":{"rendered":"https:\/\/skaitytaknyga.lt\/?post_type=product&#038;p=18928"},"modified":"2025-07-07T09:54:43","modified_gmt":"2025-07-07T06:54:43","slug":"naujoji-ausra-samones-nubudimas","status":"publish","type":"product","link":"https:\/\/skaitytaknyga.lt\/en\/produktas\/naujoji-ausra-samones-nubudimas\/","title":{"rendered":"Naujoji au\u0161ra: s\u0105mon\u0117s nubudimas"},"content":{"rendered":"<p>\u0160ia knyga siekiama pad\u0117ti \u017emogui gyventi savo gyvenim\u0105, kuris, \u017evelgiant i\u0161 am\u017einojo Dievo perspektyvos, yra laikinas. Pad\u0117ti \u017emogui suvokti save pat\u012f, \u017evelgti \u012f save ne kaip \u012f nieko vert\u0105 kalin\u012f, bet kaip \u012f turint\u012f privilegij\u0105 \u012f begalinius Dievo turtus.<\/p>\n<p>Taip \u017emogui suteikiama galimyb\u0117 pasijusti Dievo palaimintu k\u016br\u0117ju.<\/p>\n<p>Knyga skiriama tiems, kurie turi dr\u0105sos atpa\u017einti gyvenim\u0105 valdant\u012f netikr\u0105j\u012f \u201ea\u0161\u201c, arba ego, ir yra pasiry\u017e\u0119 i\u0161tr\u016bkti i\u0161 jo vald\u017eios. Tiems, kurie ie\u0161ko b\u016bd\u0173 ap\u0161viesti savo s\u0105mon\u0117s gelmes Tiesos Dvasia.<\/p>\n<p>Knygos puslapiuose autorius paai\u0161kina s\u0105mon\u0117s nubudim\u0105 ir pateikia tam tikr\u0173 taisykli\u0173, kuri\u0173 laikydamiesi gal\u0117sime lengviau i\u0161silaisvinti i\u0161 savo ego ir, visi\u0161kai pasitik\u0117dami Dievu, atsiduoti Jam \u012f rankas.<\/p>\n","protected":false},"excerpt":{"rendered":"<p>\u0160ia knyga siekiama pad\u0117ti \u017emogui gyventi savo gyvenim\u0105, kuris, \u017evelgiant i\u0161 am\u017einojo Dievo perspektyvos, yra laikinas. Pad\u0117ti \u017emogui suvokti save pat\u012f, \u017evelgti \u012f save ne kaip \u012f nieko vert\u0105 kalin\u012f, bet kaip \u012f turint\u012f privilegij\u0105 \u012f begalinius Dievo turtus. Taip \u017emogui suteikiama galimyb\u0117 pasijusti Dievo palaimintu k\u016br\u0117ju. Knyga skiriama tiems, kurie turi dr\u0105sos atpa\u017einti gyvenim\u0105 valdant\u012f netikr\u0105j\u012f \u201ea\u0161\u201c, arba ego, ir yra pasiry\u017e\u0119 i\u0161tr\u016bkti i\u0161 jo vald\u017eios. Tiems, kurie ie\u0161ko b\u016bd\u0173 ap\u0161viesti savo s\u0105mon\u0117s gelmes Tiesos Dvasia. Knygos puslapiuose autorius paai\u0161kina s\u0105mon\u0117s nubudim\u0105 ir pateikia tam tikr\u0173 taisykli\u0173, kuri\u0173 laikydamiesi gal\u0117sime lengviau i\u0161silaisvinti i\u0161 savo ego ir, visi\u0161kai pasitik\u0117dami Dievu, atsiduoti Jam \u012f rankas.<\/p>\n","protected":false},"featured_media":18933,"comment_status":"open","ping_status":"closed","template":"","meta":{"_acf_changed":false,"site-sidebar-layout":"default","site-content-layout":"","ast-site-content-layout":"default","site-content-style":"default","site-sidebar-style":"default","ast-global-header-display":"","ast-banner-title-visibility":"","ast-main-header-display":"","ast-hfb-above-header-display":"","ast-hfb-below-header-display":"","ast-hfb-mobile-header-display":"","site-post-title":"","ast-breadcrumbs-content":"","ast-featured-img":"","footer-sml-layout":"","ast-disable-related-posts":"","theme-transparent-header-meta":"","adv-header-id-meta":"","stick-header-meta":"","header-above-stick-meta":"","header-main-stick-meta":"","header-below-stick-meta":"","astra-migrate-meta-layouts":"default","ast-page-background-enabled":"default","ast-page-background-meta":{"desktop":{"background-color":"","background-image":"","background-repeat":"repeat","background-position":"center center","background-size":"auto","background-attachment":"scroll","background-type":"","background-media":"","overlay-type":"","overlay-color":"","overlay-opacity":"","overlay-gradient":""},"tablet":{"background-color":"","background-image":"","background-repeat":"repeat","background-position":"center center","background-size":"auto","background-attachment":"scroll","background-type":"","background-media":"","overlay-type":"","overlay-color":"","overlay-opacity":"","overlay-gradient":""},"mobile":{"background-color":"","background-image":"","background-repeat":"repeat","background-position":"center center","background-size":"auto","background-attachment":"scroll","background-type":"","background-media":"","overlay-type":"","overlay-color":"","overlay-opacity":"","overlay-gradient":""}},"ast-content-background-meta":{"desktop":{"background-color":"var(--ast-global-color-4)","background-image":"","background-repeat":"repeat","background-position":"center center","background-size":"auto","background-attachment":"scroll","background-type":"","background-media":"","overlay-type":"","overlay-color":"","overlay-opacity":"","overlay-gradient":""},"tablet":{"background-color":"var(--ast-global-color-4)","background-image":"","background-repeat":"repeat","background-position":"center center","background-size":"auto","background-attachment":"scroll","background-type":"","background-media":"","overlay-type":"","overlay-color":"","overlay-opacity":"","overlay-gradient":""},"mobile":{"background-color":"var(--ast-global-color-4)","background-image":"","background-repeat":"repeat","background-position":"center center","background-size":"auto","background-attachment":"scroll","background-type":"","background-media":"","overlay-type":"","overlay-color":"","overlay-opacity":"","overlay-gradient":""}}},"product_brand":[],"product_cat":[165],"product_tag":[5424,2270,5425,1942,5422,5423],"class_list":{"0":"post-18928","1":"product","2":"type-product","3":"status-publish","4":"has-post-thumbnail","6":"product_cat-religija-filosofija-ir-ezoterika","7":"product_tag-dievas","8":"product_tag-dvasinis-tobulejimas","9":"product_tag-ego","10":"product_tag-krikscionybe","11":"product_tag-marcelino-iragui-redin","12":"product_tag-samones-nubudimas","13":"desktop-align-left","14":"tablet-align-left","15":"mobile-align-left","17":"first","18":"instock","19":"shipping-taxable","20":"purchasable","21":"product-type-simple"},"acf":[],"yoast_head":"<!-- This site is optimized with the Yoast SEO plugin v27.0 - https:\/\/yoast.com\/product\/yoast-seo-wordpress\/ -->\n<title>Naujoji au\u0161ra: s\u0105mon\u0117s nubudimas<\/title>\n<meta name=\"description\" content=\"\u0160ia knyga siekiama pad\u0117ti \u017emogui gyventi savo gyvenim\u0105, kuris, \u017evelgiant i\u0161 am\u017einojo Dievo perspektyvos, yra laikinas. Pad\u0117ti \u017emogui suvokti save pat\u012f,\" \/>\n<meta name=\"robots\" content=\"index, follow, max-snippet:-1, max-image-preview:large, max-video-preview:-1\" \/>\n<link rel=\"canonical\" href=\"https:\/\/skaitytaknyga.lt\/en\/produktas\/naujoji-ausra-samones-nubudimas\/\" \/>\n<meta property=\"og:locale\" content=\"en_GB\" \/>\n<meta property=\"og:locale:alternate\" content=\"lt_LT\" \/>\n<meta property=\"og:type\" content=\"article\" \/>\n<meta property=\"og:title\" content=\"Naujoji au\u0161ra: s\u0105mon\u0117s nubudimas\" \/>\n<meta property=\"og:description\" content=\"\u0160ia knyga siekiama pad\u0117ti \u017emogui gyventi savo gyvenim\u0105, kuris, \u017evelgiant i\u0161 am\u017einojo Dievo perspektyvos, yra laikinas. Pad\u0117ti \u017emogui suvokti save pat\u012f,\" \/>\n<meta property=\"og:url\" content=\"https:\/\/skaitytaknyga.lt\/en\/produktas\/naujoji-ausra-samones-nubudimas\/\" \/>\n<meta property=\"og:site_name\" content=\"Skaitytaknyga\" \/>\n<meta property=\"article:publisher\" content=\"https:\/\/www.facebook.com\/skaitytaknyga\/\" \/>\n<meta property=\"article:modified_time\" content=\"2025-07-07T06:54:43+00:00\" \/>\n<meta property=\"og:image\" content=\"https:\/\/skaitytaknyga.lt\/wp-content\/uploads\/2025\/06\/Naujoji-ausra-samones-nubudimas.webp\" \/>\n\t<meta property=\"og:image:width\" content=\"508\" \/>\n\t<meta property=\"og:image:height\" content=\"801\" \/>\n\t<meta property=\"og:image:type\" content=\"image\/webp\" \/>\n<meta name=\"twitter:card\" content=\"summary_large_image\" \/>\n<meta name=\"twitter:label1\" content=\"Estimated reading time\" \/>\n\t<meta name=\"twitter:data1\" content=\"1 minute\" \/>\n<script type=\"application\/ld+json\" class=\"yoast-schema-graph\">{\"@context\":\"https:\/\/schema.org\",\"@graph\":[{\"@type\":\"WebPage\",\"@id\":\"https:\/\/skaitytaknyga.lt\/produktas\/naujoji-ausra-samones-nubudimas\/\",\"url\":\"https:\/\/skaitytaknyga.lt\/produktas\/naujoji-ausra-samones-nubudimas\/\",\"name\":\"Naujoji au\u0161ra: s\u0105mon\u0117s nubudimas\",\"isPartOf\":{\"@id\":\"https:\/\/skaitytaknyga.lt\/#website\"},\"primaryImageOfPage\":{\"@id\":\"https:\/\/skaitytaknyga.lt\/produktas\/naujoji-ausra-samones-nubudimas\/#primaryimage\"},\"image\":{\"@id\":\"https:\/\/skaitytaknyga.lt\/produktas\/naujoji-ausra-samones-nubudimas\/#primaryimage\"},\"thumbnailUrl\":\"https:\/\/skaitytaknyga.lt\/wp-content\/uploads\/2025\/06\/Naujoji-ausra-samones-nubudimas.webp\",\"datePublished\":\"2025-06-15T10:25:07+00:00\",\"dateModified\":\"2025-07-07T06:54:43+00:00\",\"description\":\"\u0160ia knyga siekiama pad\u0117ti \u017emogui gyventi savo gyvenim\u0105, kuris, \u017evelgiant i\u0161 am\u017einojo Dievo perspektyvos, yra laikinas. Pad\u0117ti \u017emogui suvokti save pat\u012f,\",\"breadcrumb\":{\"@id\":\"https:\/\/skaitytaknyga.lt\/produktas\/naujoji-ausra-samones-nubudimas\/#breadcrumb\"},\"inLanguage\":\"en-GB\",\"potentialAction\":[{\"@type\":\"ReadAction\",\"target\":[\"https:\/\/skaitytaknyga.lt\/produktas\/naujoji-ausra-samones-nubudimas\/\"]}]},{\"@type\":\"ImageObject\",\"inLanguage\":\"en-GB\",\"@id\":\"https:\/\/skaitytaknyga.lt\/produktas\/naujoji-ausra-samones-nubudimas\/#primaryimage\",\"url\":\"https:\/\/skaitytaknyga.lt\/wp-content\/uploads\/2025\/06\/Naujoji-ausra-samones-nubudimas.webp\",\"contentUrl\":\"https:\/\/skaitytaknyga.lt\/wp-content\/uploads\/2025\/06\/Naujoji-ausra-samones-nubudimas.webp\",\"width\":508,\"height\":801,\"caption\":\"Naujoji au\u0161ra: s\u0105mon\u0117s nubudimas\"},{\"@type\":\"BreadcrumbList\",\"@id\":\"https:\/\/skaitytaknyga.lt\/produktas\/naujoji-ausra-samones-nubudimas\/#breadcrumb\",\"itemListElement\":[{\"@type\":\"ListItem\",\"position\":1,\"name\":\"Home\",\"item\":\"https:\/\/skaitytaknyga.lt\/\"},{\"@type\":\"ListItem\",\"position\":2,\"name\":\"Parduotuv\u0117\",\"item\":\"https:\/\/skaitytaknyga.lt\/knygu-parduotuve\/\"},{\"@type\":\"ListItem\",\"position\":3,\"name\":\"Naujoji au\u0161ra: s\u0105mon\u0117s nubudimas\"}]},{\"@type\":\"WebSite\",\"@id\":\"https:\/\/skaitytaknyga.lt\/#website\",\"url\":\"https:\/\/skaitytaknyga.lt\/\",\"name\":\"skaitytaknyga.lt\",\"description\":\"Skaitytaknyga.lt \u2013 tai ma\u017eas \u0161eimos verslas, kuris prasid\u0117jo nuo meil\u0117s knygoms ir siekio i\u0161gelb\u0117ti knygas nuo likimo prie konteinerio. Kas vienam nereikalingas daiktas \u2013 kitam lobis, o mes esame tarpininkai, kurie padeda abiems tapti laimingesniems ???? \u017dinome kaip nelengva i\u0161gyventi ma\u017eiems verslams, tad nuo \u0161iol, \u010dia rasite ir kit\u0173, ma\u017e\u0173 \u0161eim\u0173 versl\u0173, rank\u0173 darbo, dovan\u0173 sau ir artimiesiems.\",\"publisher\":{\"@id\":\"https:\/\/skaitytaknyga.lt\/#organization\"},\"potentialAction\":[{\"@type\":\"SearchAction\",\"target\":{\"@type\":\"EntryPoint\",\"urlTemplate\":\"https:\/\/skaitytaknyga.lt\/?s={search_term_string}\"},\"query-input\":{\"@type\":\"PropertyValueSpecification\",\"valueRequired\":true,\"valueName\":\"search_term_string\"}}],\"inLanguage\":\"en-GB\"},{\"@type\":\"Organization\",\"@id\":\"https:\/\/skaitytaknyga.lt\/#organization\",\"name\":\"skaitytaknyga.lt\",\"url\":\"https:\/\/skaitytaknyga.lt\/\",\"logo\":{\"@type\":\"ImageObject\",\"inLanguage\":\"en-GB\",\"@id\":\"https:\/\/skaitytaknyga.lt\/#\/schema\/logo\/image\/\",\"url\":\"https:\/\/skaitytaknyga.lt\/wp-content\/uploads\/2024\/05\/cropped-cropped-cropped-02_00843_jt3bggkj1j3HLc7SyY6rEUpg.jpeg\",\"contentUrl\":\"https:\/\/skaitytaknyga.lt\/wp-content\/uploads\/2024\/05\/cropped-cropped-cropped-02_00843_jt3bggkj1j3HLc7SyY6rEUpg.jpeg\",\"width\":1600,\"height\":1600,\"caption\":\"skaitytaknyga.lt\"},\"image\":{\"@id\":\"https:\/\/skaitytaknyga.lt\/#\/schema\/logo\/image\/\"},\"sameAs\":[\"https:\/\/www.facebook.com\/skaitytaknyga\/\"]}]}<\/script>\n<!-- \/ Yoast SEO plugin. -->","yoast_head_json":{"title":"Naujoji au\u0161ra: s\u0105mon\u0117s nubudimas","description":"\u0160ia knyga siekiama pad\u0117ti \u017emogui gyventi savo gyvenim\u0105, kuris, \u017evelgiant i\u0161 am\u017einojo Dievo perspektyvos, yra laikinas. Pad\u0117ti \u017emogui suvokti save pat\u012f,","robots":{"index":"index","follow":"follow","max-snippet":"max-snippet:-1","max-image-preview":"max-image-preview:large","max-video-preview":"max-video-preview:-1"},"canonical":"https:\/\/skaitytaknyga.lt\/en\/produktas\/naujoji-ausra-samones-nubudimas\/","og_locale":"en_GB","og_type":"article","og_title":"[:lt]Naujoji au\u0161ra: s\u0105mon\u0117s nubudimas[:] - Skaitytaknyga","og_description":"\u0160ia knyga siekiama pad\u0117ti \u017emogui gyventi savo gyvenim\u0105, kuris, \u017evelgiant i\u0161 am\u017einojo Dievo perspektyvos, yra laikinas. Pad\u0117ti \u017emogui suvokti save pat\u012f,","og_url":"https:\/\/skaitytaknyga.lt\/en\/produktas\/naujoji-ausra-samones-nubudimas\/","og_site_name":"Skaitytaknyga","article_publisher":"https:\/\/www.facebook.com\/skaitytaknyga\/","article_modified_time":"2025-07-07T06:54:43+00:00","og_image":[{"width":508,"height":801,"url":"https:\/\/skaitytaknyga.lt\/wp-content\/uploads\/2025\/06\/Naujoji-ausra-samones-nubudimas.webp","type":"image\/webp"}],"twitter_card":"summary_large_image","twitter_misc":{"Estimated reading time":"1 minute"},"schema":{"@context":"https:\/\/schema.org","@graph":[{"@type":"WebPage","@id":"https:\/\/skaitytaknyga.lt\/produktas\/naujoji-ausra-samones-nubudimas\/","url":"https:\/\/skaitytaknyga.lt\/produktas\/naujoji-ausra-samones-nubudimas\/","name":"Naujoji au\u0161ra: s\u0105mon\u0117s nubudimas","isPartOf":{"@id":"https:\/\/skaitytaknyga.lt\/#website"},"primaryImageOfPage":{"@id":"https:\/\/skaitytaknyga.lt\/produktas\/naujoji-ausra-samones-nubudimas\/#primaryimage"},"image":{"@id":"https:\/\/skaitytaknyga.lt\/produktas\/naujoji-ausra-samones-nubudimas\/#primaryimage"},"thumbnailUrl":"https:\/\/skaitytaknyga.lt\/wp-content\/uploads\/2025\/06\/Naujoji-ausra-samones-nubudimas.webp","datePublished":"2025-06-15T10:25:07+00:00","dateModified":"2025-07-07T06:54:43+00:00","description":"\u0160ia knyga siekiama pad\u0117ti \u017emogui gyventi savo gyvenim\u0105, kuris, \u017evelgiant i\u0161 am\u017einojo Dievo perspektyvos, yra laikinas. Pad\u0117ti \u017emogui suvokti save pat\u012f,","breadcrumb":{"@id":"https:\/\/skaitytaknyga.lt\/produktas\/naujoji-ausra-samones-nubudimas\/#breadcrumb"},"inLanguage":"en-GB","potentialAction":[{"@type":"ReadAction","target":["https:\/\/skaitytaknyga.lt\/produktas\/naujoji-ausra-samones-nubudimas\/"]}]},{"@type":"ImageObject","inLanguage":"en-GB","@id":"https:\/\/skaitytaknyga.lt\/produktas\/naujoji-ausra-samones-nubudimas\/#primaryimage","url":"https:\/\/skaitytaknyga.lt\/wp-content\/uploads\/2025\/06\/Naujoji-ausra-samones-nubudimas.webp","contentUrl":"https:\/\/skaitytaknyga.lt\/wp-content\/uploads\/2025\/06\/Naujoji-ausra-samones-nubudimas.webp","width":508,"height":801,"caption":"Naujoji au\u0161ra: s\u0105mon\u0117s nubudimas"},{"@type":"BreadcrumbList","@id":"https:\/\/skaitytaknyga.lt\/produktas\/naujoji-ausra-samones-nubudimas\/#breadcrumb","itemListElement":[{"@type":"ListItem","position":1,"name":"Home","item":"https:\/\/skaitytaknyga.lt\/"},{"@type":"ListItem","position":2,"name":"Parduotuv\u0117","item":"https:\/\/skaitytaknyga.lt\/knygu-parduotuve\/"},{"@type":"ListItem","position":3,"name":"Naujoji au\u0161ra: s\u0105mon\u0117s nubudimas"}]},{"@type":"WebSite","@id":"https:\/\/skaitytaknyga.lt\/#website","url":"https:\/\/skaitytaknyga.lt\/","name":"skaitytaknyga.lt","description":"Skaitytaknyga.lt \u2013 tai ma\u017eas \u0161eimos verslas, kuris prasid\u0117jo nuo meil\u0117s knygoms ir siekio i\u0161gelb\u0117ti knygas nuo likimo prie konteinerio. Kas vienam nereikalingas daiktas \u2013 kitam lobis, o mes esame tarpininkai, kurie padeda abiems tapti laimingesniems ???? \u017dinome kaip nelengva i\u0161gyventi ma\u017eiems verslams, tad nuo \u0161iol, \u010dia rasite ir kit\u0173, ma\u017e\u0173 \u0161eim\u0173 versl\u0173, rank\u0173 darbo, dovan\u0173 sau ir artimiesiems.","publisher":{"@id":"https:\/\/skaitytaknyga.lt\/#organization"},"potentialAction":[{"@type":"SearchAction","target":{"@type":"EntryPoint","urlTemplate":"https:\/\/skaitytaknyga.lt\/?s={search_term_string}"},"query-input":{"@type":"PropertyValueSpecification","valueRequired":true,"valueName":"search_term_string"}}],"inLanguage":"en-GB"},{"@type":"Organization","@id":"https:\/\/skaitytaknyga.lt\/#organization","name":"skaitytaknyga.lt","url":"https:\/\/skaitytaknyga.lt\/","logo":{"@type":"ImageObject","inLanguage":"en-GB","@id":"https:\/\/skaitytaknyga.lt\/#\/schema\/logo\/image\/","url":"https:\/\/skaitytaknyga.lt\/wp-content\/uploads\/2024\/05\/cropped-cropped-cropped-02_00843_jt3bggkj1j3HLc7SyY6rEUpg.jpeg","contentUrl":"https:\/\/skaitytaknyga.lt\/wp-content\/uploads\/2024\/05\/cropped-cropped-cropped-02_00843_jt3bggkj1j3HLc7SyY6rEUpg.jpeg","width":1600,"height":1600,"caption":"skaitytaknyga.lt"},"image":{"@id":"https:\/\/skaitytaknyga.lt\/#\/schema\/logo\/image\/"},"sameAs":["https:\/\/www.facebook.com\/skaitytaknyga\/"]}]}},"_links":{"self":[{"href":"https:\/\/skaitytaknyga.lt\/en\/wp-json\/wp\/v2\/product\/18928","targetHints":{"allow":["GET"]}}],"collection":[{"href":"https:\/\/skaitytaknyga.lt\/en\/wp-json\/wp\/v2\/product"}],"about":[{"href":"https:\/\/skaitytaknyga.lt\/en\/wp-json\/wp\/v2\/types\/product"}],"replies":[{"embeddable":true,"href":"https:\/\/skaitytaknyga.lt\/en\/wp-json\/wp\/v2\/comments?post=18928"}],"wp:featuredmedia":[{"embeddable":true,"href":"https:\/\/skaitytaknyga.lt\/en\/wp-json\/wp\/v2\/media\/18933"}],"wp:attachment":[{"href":"https:\/\/skaitytaknyga.lt\/en\/wp-json\/wp\/v2\/media?parent=18928"}],"wp:term":[{"taxonomy":"product_brand","embeddable":true,"href":"https:\/\/skaitytaknyga.lt\/en\/wp-json\/wp\/v2\/product_brand?post=18928"},{"taxonomy":"product_cat","embeddable":true,"href":"https:\/\/skaitytaknyga.lt\/en\/wp-json\/wp\/v2\/product_cat?post=18928"},{"taxonomy":"product_tag","embeddable":true,"href":"https:\/\/skaitytaknyga.lt\/en\/wp-json\/wp\/v2\/product_tag?post=18928"}],"curies":[{"name":"wp","href":"https:\/\/api.w.org\/{rel}","templated":true}]}}