{"id":18919,"date":"2025-06-15T11:44:35","date_gmt":"2025-06-15T08:44:35","guid":{"rendered":"https:\/\/skaitytaknyga.lt\/?post_type=product&#038;p=18919"},"modified":"2026-03-18T20:03:25","modified_gmt":"2026-03-18T18:03:25","slug":"lietuvos-vargonu-menas-xix-a-pabaiga-xx-a-i-puse","status":"publish","type":"product","link":"https:\/\/skaitytaknyga.lt\/en\/produktas\/lietuvos-vargonu-menas-xix-a-pabaiga-xx-a-i-puse\/","title":{"rendered":"Lietuvos vargon\u0173 menas: XIX a. pabaiga &#8211; XX a. I pus\u0117"},"content":{"rendered":"<p>Monografijoje analizuojama Lietuvos vargon\u0173 meno raida labai svarbiu vargon\u0173 meno formavimosi laikotarpiu &#8211; XIX a. pabaigoje-XX a. pirmojoje pus\u0117je. Visos vargon\u0173 meno sritys (ba\u017enytinis vargonavimas, vargonininko repertuaras, profesinis rengimas, pedagogika, koncertinis atlikimas, interpretacijos tradicijos, k\u016bryba, vargondirbyst\u0117) tiriamos glaud\u017eioje s\u0105veikoje, muzikinio, visuomeninio bei politinio gyvenimo kontekste, paliesti ir socialiniai kult\u016briniai aspektai. Toks sisteminis tyrimo pob\u016bdis &#8211; vienas reik\u0161mingiausi\u0173 \u0161io darbo bruo\u017e\u0173. Autor\u0117 daugiausiai r\u0117m\u0117si pirminiais \u0161altiniais, da\u017enai &#8211; unikalia archyvine med\u017eiaga, joje atrado ir pateik\u0117 daug nauj\u0173 duomen\u0173. Knygoje aptariama vargon\u0173 meno situacija ne tik Lietuvoje, bet ir kaimynin\u0117se ar jai artimose \u0161alyse (Latvijoje, Estijoje, Lenkijoje, \u010cekijoje). \u010cia siekiama atskleisti, kaip vargon\u0173 mene s\u0105veikavo europin\u0117s ir vietin\u0117s muzikos tradicijos. Monografijoje pateikta \u012fvairi archyvin\u0117 med\u017eiaga tur\u0117t\u0173 sudominti skirting\u0173 meno sri\u010di\u0173 tyr\u0117jus. Ypa\u010d ji aktuali vargonininkams ir visiems besidomintiems vargon\u0173 menu.<\/p>\n","protected":false},"excerpt":{"rendered":"<p>Monografijoje analizuojama Lietuvos vargon\u0173 meno raida labai svarbiu vargon\u0173 meno formavimosi laikotarpiu &#8211; XIX a. pabaigoje-XX a. pirmojoje pus\u0117je. Visos vargon\u0173 meno sritys (ba\u017enytinis vargonavimas, vargonininko repertuaras, profesinis rengimas, pedagogika, koncertinis atlikimas, interpretacijos tradicijos, k\u016bryba, vargondirbyst\u0117) tiriamos glaud\u017eioje s\u0105veikoje, muzikinio, visuomeninio bei politinio gyvenimo kontekste, paliesti ir socialiniai kult\u016briniai aspektai. Toks sisteminis tyrimo pob\u016bdis &#8211; vienas reik\u0161mingiausi\u0173 \u0161io darbo bruo\u017e\u0173. Autor\u0117 daugiausiai r\u0117m\u0117si pirminiais \u0161altiniais, da\u017enai &#8211; unikalia archyvine med\u017eiaga, joje atrado ir pateik\u0117 daug nauj\u0173 duomen\u0173. Knygoje aptariama vargon\u0173 meno situacija ne tik Lietuvoje, bet ir kaimynin\u0117se ar jai artimose \u0161alyse (Latvijoje, Estijoje, Lenkijoje, \u010cekijoje). \u010cia siekiama atskleisti, kaip vargon\u0173 mene s\u0105veikavo europin\u0117s ir vietin\u0117s muzikos tradicijos. Monografijoje pateikta \u012fvairi archyvin\u0117 med\u017eiaga tur\u0117t\u0173 sudominti skirting\u0173 meno sri\u010di\u0173 tyr\u0117jus. Ypa\u010d ji aktuali vargonininkams ir visiems besidomintiems vargon\u0173 menu.<\/p>\n","protected":false},"featured_media":18924,"comment_status":"open","ping_status":"closed","template":"","meta":{"_acf_changed":false,"site-sidebar-layout":"default","site-content-layout":"","ast-site-content-layout":"default","site-content-style":"default","site-sidebar-style":"default","ast-global-header-display":"","ast-banner-title-visibility":"","ast-main-header-display":"","ast-hfb-above-header-display":"","ast-hfb-below-header-display":"","ast-hfb-mobile-header-display":"","site-post-title":"","ast-breadcrumbs-content":"","ast-featured-img":"","footer-sml-layout":"","ast-disable-related-posts":"","theme-transparent-header-meta":"","adv-header-id-meta":"","stick-header-meta":"","header-above-stick-meta":"","header-main-stick-meta":"","header-below-stick-meta":"","astra-migrate-meta-layouts":"default","ast-page-background-enabled":"default","ast-page-background-meta":{"desktop":{"background-color":"","background-image":"","background-repeat":"repeat","background-position":"center center","background-size":"auto","background-attachment":"scroll","background-type":"","background-media":"","overlay-type":"","overlay-color":"","overlay-opacity":"","overlay-gradient":""},"tablet":{"background-color":"","background-image":"","background-repeat":"repeat","background-position":"center center","background-size":"auto","background-attachment":"scroll","background-type":"","background-media":"","overlay-type":"","overlay-color":"","overlay-opacity":"","overlay-gradient":""},"mobile":{"background-color":"","background-image":"","background-repeat":"repeat","background-position":"center center","background-size":"auto","background-attachment":"scroll","background-type":"","background-media":"","overlay-type":"","overlay-color":"","overlay-opacity":"","overlay-gradient":""}},"ast-content-background-meta":{"desktop":{"background-color":"var(--ast-global-color-4)","background-image":"","background-repeat":"repeat","background-position":"center center","background-size":"auto","background-attachment":"scroll","background-type":"","background-media":"","overlay-type":"","overlay-color":"","overlay-opacity":"","overlay-gradient":""},"tablet":{"background-color":"var(--ast-global-color-4)","background-image":"","background-repeat":"repeat","background-position":"center center","background-size":"auto","background-attachment":"scroll","background-type":"","background-media":"","overlay-type":"","overlay-color":"","overlay-opacity":"","overlay-gradient":""},"mobile":{"background-color":"var(--ast-global-color-4)","background-image":"","background-repeat":"repeat","background-position":"center center","background-size":"auto","background-attachment":"scroll","background-type":"","background-media":"","overlay-type":"","overlay-color":"","overlay-opacity":"","overlay-gradient":""}}},"product_brand":[],"product_cat":[57],"product_tag":[5418,5416,2376,2625,2898,5417],"class_list":{"0":"post-18919","1":"product","2":"type-product","3":"status-publish","4":"has-post-thumbnail","6":"product_cat-menas-ir-albumai","7":"product_tag-baznytinis-paveldas","8":"product_tag-egle-seduikyte-koriene","9":"product_tag-kultura","10":"product_tag-lietuva","11":"product_tag-muzika","12":"product_tag-vargonu-menas","13":"desktop-align-left","14":"tablet-align-left","15":"mobile-align-left","17":"first","18":"instock","19":"shipping-taxable","20":"purchasable","21":"product-type-simple"},"acf":[],"yoast_head":"<!-- This site is optimized with the Yoast SEO plugin v27.0 - https:\/\/yoast.com\/product\/yoast-seo-wordpress\/ -->\n<title>Lietuvos vargon\u0173 menas: XIX a. pabaiga - XX a. I pus\u0117<\/title>\n<meta name=\"description\" content=\"Monografijoje analizuojama Lietuvos vargon\u0173 meno raida labai svarbiu vargon\u0173 meno formavimosi laikotarpiu - XIX a. pabaigoje-XX a. pirmojoje pus\u0117je. Visos\" \/>\n<meta name=\"robots\" content=\"index, follow, max-snippet:-1, max-image-preview:large, max-video-preview:-1\" \/>\n<link rel=\"canonical\" href=\"https:\/\/skaitytaknyga.lt\/en\/produktas\/lietuvos-vargonu-menas-xix-a-pabaiga-xx-a-i-puse\/\" \/>\n<meta property=\"og:locale\" content=\"en_GB\" \/>\n<meta property=\"og:locale:alternate\" content=\"lt_LT\" \/>\n<meta property=\"og:type\" content=\"article\" \/>\n<meta property=\"og:title\" content=\"Lietuvos vargon\u0173 menas: XIX a. pabaiga - XX a. I pus\u0117\" \/>\n<meta property=\"og:description\" content=\"Monografijoje analizuojama Lietuvos vargon\u0173 meno raida labai svarbiu vargon\u0173 meno formavimosi laikotarpiu - XIX a. pabaigoje-XX a. pirmojoje pus\u0117je. Visos\" \/>\n<meta property=\"og:url\" content=\"https:\/\/skaitytaknyga.lt\/en\/produktas\/lietuvos-vargonu-menas-xix-a-pabaiga-xx-a-i-puse\/\" \/>\n<meta property=\"og:site_name\" content=\"Skaitytaknyga\" \/>\n<meta property=\"article:publisher\" content=\"https:\/\/www.facebook.com\/skaitytaknyga\/\" \/>\n<meta property=\"article:modified_time\" content=\"2026-03-18T18:03:25+00:00\" \/>\n<meta property=\"og:image\" content=\"https:\/\/skaitytaknyga.lt\/wp-content\/uploads\/2025\/06\/Lietuvos-vargonu-menas-XIX-a.-pabaiga-XX-a.-I-puse.jpg\" \/>\n\t<meta property=\"og:image:width\" content=\"232\" \/>\n\t<meta property=\"og:image:height\" content=\"332\" \/>\n\t<meta property=\"og:image:type\" content=\"image\/jpeg\" \/>\n<meta name=\"twitter:card\" content=\"summary_large_image\" \/>\n<meta name=\"twitter:label1\" content=\"Estimated reading time\" \/>\n\t<meta name=\"twitter:data1\" content=\"1 minute\" \/>\n<script type=\"application\/ld+json\" class=\"yoast-schema-graph\">{\"@context\":\"https:\/\/schema.org\",\"@graph\":[{\"@type\":\"WebPage\",\"@id\":\"https:\/\/skaitytaknyga.lt\/produktas\/lietuvos-vargonu-menas-xix-a-pabaiga-xx-a-i-puse\/\",\"url\":\"https:\/\/skaitytaknyga.lt\/produktas\/lietuvos-vargonu-menas-xix-a-pabaiga-xx-a-i-puse\/\",\"name\":\"Lietuvos vargon\u0173 menas: XIX a. pabaiga - XX a. I pus\u0117\",\"isPartOf\":{\"@id\":\"https:\/\/skaitytaknyga.lt\/#website\"},\"primaryImageOfPage\":{\"@id\":\"https:\/\/skaitytaknyga.lt\/produktas\/lietuvos-vargonu-menas-xix-a-pabaiga-xx-a-i-puse\/#primaryimage\"},\"image\":{\"@id\":\"https:\/\/skaitytaknyga.lt\/produktas\/lietuvos-vargonu-menas-xix-a-pabaiga-xx-a-i-puse\/#primaryimage\"},\"thumbnailUrl\":\"https:\/\/skaitytaknyga.lt\/wp-content\/uploads\/2025\/06\/Lietuvos-vargonu-menas-XIX-a.-pabaiga-XX-a.-I-puse.jpg\",\"datePublished\":\"2025-06-15T08:44:35+00:00\",\"dateModified\":\"2026-03-18T18:03:25+00:00\",\"description\":\"Monografijoje analizuojama Lietuvos vargon\u0173 meno raida labai svarbiu vargon\u0173 meno formavimosi laikotarpiu - XIX a. pabaigoje-XX a. pirmojoje pus\u0117je. Visos\",\"breadcrumb\":{\"@id\":\"https:\/\/skaitytaknyga.lt\/produktas\/lietuvos-vargonu-menas-xix-a-pabaiga-xx-a-i-puse\/#breadcrumb\"},\"inLanguage\":\"en-GB\",\"potentialAction\":[{\"@type\":\"ReadAction\",\"target\":[\"https:\/\/skaitytaknyga.lt\/produktas\/lietuvos-vargonu-menas-xix-a-pabaiga-xx-a-i-puse\/\"]}]},{\"@type\":\"ImageObject\",\"inLanguage\":\"en-GB\",\"@id\":\"https:\/\/skaitytaknyga.lt\/produktas\/lietuvos-vargonu-menas-xix-a-pabaiga-xx-a-i-puse\/#primaryimage\",\"url\":\"https:\/\/skaitytaknyga.lt\/wp-content\/uploads\/2025\/06\/Lietuvos-vargonu-menas-XIX-a.-pabaiga-XX-a.-I-puse.jpg\",\"contentUrl\":\"https:\/\/skaitytaknyga.lt\/wp-content\/uploads\/2025\/06\/Lietuvos-vargonu-menas-XIX-a.-pabaiga-XX-a.-I-puse.jpg\",\"width\":232,\"height\":332,\"caption\":\"Lietuvos vargon\u0173 menas: XIX a. pabaiga - XX a. I pus\u0117\"},{\"@type\":\"BreadcrumbList\",\"@id\":\"https:\/\/skaitytaknyga.lt\/produktas\/lietuvos-vargonu-menas-xix-a-pabaiga-xx-a-i-puse\/#breadcrumb\",\"itemListElement\":[{\"@type\":\"ListItem\",\"position\":1,\"name\":\"Home\",\"item\":\"https:\/\/skaitytaknyga.lt\/\"},{\"@type\":\"ListItem\",\"position\":2,\"name\":\"Parduotuv\u0117\",\"item\":\"https:\/\/skaitytaknyga.lt\/knygu-parduotuve\/\"},{\"@type\":\"ListItem\",\"position\":3,\"name\":\"Lietuvos vargon\u0173 menas: XIX a. pabaiga &#8211; XX a. I pus\u0117\"}]},{\"@type\":\"WebSite\",\"@id\":\"https:\/\/skaitytaknyga.lt\/#website\",\"url\":\"https:\/\/skaitytaknyga.lt\/\",\"name\":\"skaitytaknyga.lt\",\"description\":\"Skaitytaknyga.lt \u2013 tai ma\u017eas \u0161eimos verslas, kuris prasid\u0117jo nuo meil\u0117s knygoms ir siekio i\u0161gelb\u0117ti knygas nuo likimo prie konteinerio. Kas vienam nereikalingas daiktas \u2013 kitam lobis, o mes esame tarpininkai, kurie padeda abiems tapti laimingesniems ???? \u017dinome kaip nelengva i\u0161gyventi ma\u017eiems verslams, tad nuo \u0161iol, \u010dia rasite ir kit\u0173, ma\u017e\u0173 \u0161eim\u0173 versl\u0173, rank\u0173 darbo, dovan\u0173 sau ir artimiesiems.\",\"publisher\":{\"@id\":\"https:\/\/skaitytaknyga.lt\/#organization\"},\"potentialAction\":[{\"@type\":\"SearchAction\",\"target\":{\"@type\":\"EntryPoint\",\"urlTemplate\":\"https:\/\/skaitytaknyga.lt\/?s={search_term_string}\"},\"query-input\":{\"@type\":\"PropertyValueSpecification\",\"valueRequired\":true,\"valueName\":\"search_term_string\"}}],\"inLanguage\":\"en-GB\"},{\"@type\":\"Organization\",\"@id\":\"https:\/\/skaitytaknyga.lt\/#organization\",\"name\":\"skaitytaknyga.lt\",\"url\":\"https:\/\/skaitytaknyga.lt\/\",\"logo\":{\"@type\":\"ImageObject\",\"inLanguage\":\"en-GB\",\"@id\":\"https:\/\/skaitytaknyga.lt\/#\/schema\/logo\/image\/\",\"url\":\"https:\/\/skaitytaknyga.lt\/wp-content\/uploads\/2024\/05\/cropped-cropped-cropped-02_00843_jt3bggkj1j3HLc7SyY6rEUpg.jpeg\",\"contentUrl\":\"https:\/\/skaitytaknyga.lt\/wp-content\/uploads\/2024\/05\/cropped-cropped-cropped-02_00843_jt3bggkj1j3HLc7SyY6rEUpg.jpeg\",\"width\":1600,\"height\":1600,\"caption\":\"skaitytaknyga.lt\"},\"image\":{\"@id\":\"https:\/\/skaitytaknyga.lt\/#\/schema\/logo\/image\/\"},\"sameAs\":[\"https:\/\/www.facebook.com\/skaitytaknyga\/\"]}]}<\/script>\n<!-- \/ Yoast SEO plugin. -->","yoast_head_json":{"title":"Lietuvos vargon\u0173 menas: XIX a. pabaiga - XX a. I pus\u0117","description":"Monografijoje analizuojama Lietuvos vargon\u0173 meno raida labai svarbiu vargon\u0173 meno formavimosi laikotarpiu - XIX a. pabaigoje-XX a. pirmojoje pus\u0117je. Visos","robots":{"index":"index","follow":"follow","max-snippet":"max-snippet:-1","max-image-preview":"max-image-preview:large","max-video-preview":"max-video-preview:-1"},"canonical":"https:\/\/skaitytaknyga.lt\/en\/produktas\/lietuvos-vargonu-menas-xix-a-pabaiga-xx-a-i-puse\/","og_locale":"en_GB","og_type":"article","og_title":"[:lt]Lietuvos vargon\u0173 menas: XIX a. pabaiga - XX a. I pus\u0117[:] - Skaitytaknyga","og_description":"Monografijoje analizuojama Lietuvos vargon\u0173 meno raida labai svarbiu vargon\u0173 meno formavimosi laikotarpiu - XIX a. pabaigoje-XX a. pirmojoje pus\u0117je. Visos","og_url":"https:\/\/skaitytaknyga.lt\/en\/produktas\/lietuvos-vargonu-menas-xix-a-pabaiga-xx-a-i-puse\/","og_site_name":"Skaitytaknyga","article_publisher":"https:\/\/www.facebook.com\/skaitytaknyga\/","article_modified_time":"2026-03-18T18:03:25+00:00","og_image":[{"width":232,"height":332,"url":"https:\/\/skaitytaknyga.lt\/wp-content\/uploads\/2025\/06\/Lietuvos-vargonu-menas-XIX-a.-pabaiga-XX-a.-I-puse.jpg","type":"image\/jpeg"}],"twitter_card":"summary_large_image","twitter_misc":{"Estimated reading time":"1 minute"},"schema":{"@context":"https:\/\/schema.org","@graph":[{"@type":"WebPage","@id":"https:\/\/skaitytaknyga.lt\/produktas\/lietuvos-vargonu-menas-xix-a-pabaiga-xx-a-i-puse\/","url":"https:\/\/skaitytaknyga.lt\/produktas\/lietuvos-vargonu-menas-xix-a-pabaiga-xx-a-i-puse\/","name":"Lietuvos vargon\u0173 menas: XIX a. pabaiga - XX a. I pus\u0117","isPartOf":{"@id":"https:\/\/skaitytaknyga.lt\/#website"},"primaryImageOfPage":{"@id":"https:\/\/skaitytaknyga.lt\/produktas\/lietuvos-vargonu-menas-xix-a-pabaiga-xx-a-i-puse\/#primaryimage"},"image":{"@id":"https:\/\/skaitytaknyga.lt\/produktas\/lietuvos-vargonu-menas-xix-a-pabaiga-xx-a-i-puse\/#primaryimage"},"thumbnailUrl":"https:\/\/skaitytaknyga.lt\/wp-content\/uploads\/2025\/06\/Lietuvos-vargonu-menas-XIX-a.-pabaiga-XX-a.-I-puse.jpg","datePublished":"2025-06-15T08:44:35+00:00","dateModified":"2026-03-18T18:03:25+00:00","description":"Monografijoje analizuojama Lietuvos vargon\u0173 meno raida labai svarbiu vargon\u0173 meno formavimosi laikotarpiu - XIX a. pabaigoje-XX a. pirmojoje pus\u0117je. Visos","breadcrumb":{"@id":"https:\/\/skaitytaknyga.lt\/produktas\/lietuvos-vargonu-menas-xix-a-pabaiga-xx-a-i-puse\/#breadcrumb"},"inLanguage":"en-GB","potentialAction":[{"@type":"ReadAction","target":["https:\/\/skaitytaknyga.lt\/produktas\/lietuvos-vargonu-menas-xix-a-pabaiga-xx-a-i-puse\/"]}]},{"@type":"ImageObject","inLanguage":"en-GB","@id":"https:\/\/skaitytaknyga.lt\/produktas\/lietuvos-vargonu-menas-xix-a-pabaiga-xx-a-i-puse\/#primaryimage","url":"https:\/\/skaitytaknyga.lt\/wp-content\/uploads\/2025\/06\/Lietuvos-vargonu-menas-XIX-a.-pabaiga-XX-a.-I-puse.jpg","contentUrl":"https:\/\/skaitytaknyga.lt\/wp-content\/uploads\/2025\/06\/Lietuvos-vargonu-menas-XIX-a.-pabaiga-XX-a.-I-puse.jpg","width":232,"height":332,"caption":"Lietuvos vargon\u0173 menas: XIX a. pabaiga - XX a. I pus\u0117"},{"@type":"BreadcrumbList","@id":"https:\/\/skaitytaknyga.lt\/produktas\/lietuvos-vargonu-menas-xix-a-pabaiga-xx-a-i-puse\/#breadcrumb","itemListElement":[{"@type":"ListItem","position":1,"name":"Home","item":"https:\/\/skaitytaknyga.lt\/"},{"@type":"ListItem","position":2,"name":"Parduotuv\u0117","item":"https:\/\/skaitytaknyga.lt\/knygu-parduotuve\/"},{"@type":"ListItem","position":3,"name":"Lietuvos vargon\u0173 menas: XIX a. pabaiga &#8211; XX a. I pus\u0117"}]},{"@type":"WebSite","@id":"https:\/\/skaitytaknyga.lt\/#website","url":"https:\/\/skaitytaknyga.lt\/","name":"skaitytaknyga.lt","description":"Skaitytaknyga.lt \u2013 tai ma\u017eas \u0161eimos verslas, kuris prasid\u0117jo nuo meil\u0117s knygoms ir siekio i\u0161gelb\u0117ti knygas nuo likimo prie konteinerio. Kas vienam nereikalingas daiktas \u2013 kitam lobis, o mes esame tarpininkai, kurie padeda abiems tapti laimingesniems ???? \u017dinome kaip nelengva i\u0161gyventi ma\u017eiems verslams, tad nuo \u0161iol, \u010dia rasite ir kit\u0173, ma\u017e\u0173 \u0161eim\u0173 versl\u0173, rank\u0173 darbo, dovan\u0173 sau ir artimiesiems.","publisher":{"@id":"https:\/\/skaitytaknyga.lt\/#organization"},"potentialAction":[{"@type":"SearchAction","target":{"@type":"EntryPoint","urlTemplate":"https:\/\/skaitytaknyga.lt\/?s={search_term_string}"},"query-input":{"@type":"PropertyValueSpecification","valueRequired":true,"valueName":"search_term_string"}}],"inLanguage":"en-GB"},{"@type":"Organization","@id":"https:\/\/skaitytaknyga.lt\/#organization","name":"skaitytaknyga.lt","url":"https:\/\/skaitytaknyga.lt\/","logo":{"@type":"ImageObject","inLanguage":"en-GB","@id":"https:\/\/skaitytaknyga.lt\/#\/schema\/logo\/image\/","url":"https:\/\/skaitytaknyga.lt\/wp-content\/uploads\/2024\/05\/cropped-cropped-cropped-02_00843_jt3bggkj1j3HLc7SyY6rEUpg.jpeg","contentUrl":"https:\/\/skaitytaknyga.lt\/wp-content\/uploads\/2024\/05\/cropped-cropped-cropped-02_00843_jt3bggkj1j3HLc7SyY6rEUpg.jpeg","width":1600,"height":1600,"caption":"skaitytaknyga.lt"},"image":{"@id":"https:\/\/skaitytaknyga.lt\/#\/schema\/logo\/image\/"},"sameAs":["https:\/\/www.facebook.com\/skaitytaknyga\/"]}]}},"_links":{"self":[{"href":"https:\/\/skaitytaknyga.lt\/en\/wp-json\/wp\/v2\/product\/18919","targetHints":{"allow":["GET"]}}],"collection":[{"href":"https:\/\/skaitytaknyga.lt\/en\/wp-json\/wp\/v2\/product"}],"about":[{"href":"https:\/\/skaitytaknyga.lt\/en\/wp-json\/wp\/v2\/types\/product"}],"replies":[{"embeddable":true,"href":"https:\/\/skaitytaknyga.lt\/en\/wp-json\/wp\/v2\/comments?post=18919"}],"wp:featuredmedia":[{"embeddable":true,"href":"https:\/\/skaitytaknyga.lt\/en\/wp-json\/wp\/v2\/media\/18924"}],"wp:attachment":[{"href":"https:\/\/skaitytaknyga.lt\/en\/wp-json\/wp\/v2\/media?parent=18919"}],"wp:term":[{"taxonomy":"product_brand","embeddable":true,"href":"https:\/\/skaitytaknyga.lt\/en\/wp-json\/wp\/v2\/product_brand?post=18919"},{"taxonomy":"product_cat","embeddable":true,"href":"https:\/\/skaitytaknyga.lt\/en\/wp-json\/wp\/v2\/product_cat?post=18919"},{"taxonomy":"product_tag","embeddable":true,"href":"https:\/\/skaitytaknyga.lt\/en\/wp-json\/wp\/v2\/product_tag?post=18919"}],"curies":[{"name":"wp","href":"https:\/\/api.w.org\/{rel}","templated":true}]}}