{"id":18918,"date":"2025-06-15T11:44:35","date_gmt":"2025-06-15T08:44:35","guid":{"rendered":"https:\/\/skaitytaknyga.lt\/?post_type=product&#038;p=18918"},"modified":"2025-10-11T21:29:47","modified_gmt":"2025-10-11T18:29:47","slug":"broliu-grimu-pasakos-kitaip","status":"publish","type":"product","link":"https:\/\/skaitytaknyga.lt\/en\/produktas\/broliu-grimu-pasakos-kitaip\/","title":{"rendered":"Broli\u0173 Grim\u0173 pasakos kitaip"},"content":{"rendered":"<p>Tai naujai ir i\u0161radingai \u201esukirptos\u201c gerai \u017einomos Broli\u0173 Grim\u0173 pasakos. Autorius nevar\u017eo savo lakios vaizduot\u0117s. Tradiciniams veik\u0117jams ir nuotykiams suteikdamas n\u016bdienos atspalv\u012f, nevengdamas linksm\u0173 paradoks\u0173, jis seka istorijas, kurias mielai skaito ne tik vaikai, bet ir suaugusieji. Ar \u012fsivaizduojate, kad Br\u0117meno muzikantai tampa pop\u017evaig\u017ed\u0117mis, gudri \u017e\u0105sis lapin\u0105 apgauna, o Siuv\u0117jo Nyk\u0161tuk\u0117lis eina pl\u0117\u0161ti banko?.. Tarsi \u201eprie\u0161 plauk\u0105 su\u0161ukuotos\u201c, \u0161maik\u0161\u010dios pasakos turi ir nauj\u0105, n\u016bdien\u012f moral\u0105.<\/p>\n<p>Linksmas, bet pamokamas istorijas puo\u0161ia spalvotos \u2013 tokios pat i\u0161radingos ir gudrios \u2013 autoriaus iliustracijos.<\/p>\n","protected":false},"excerpt":{"rendered":"<p>Tai naujai ir i\u0161radingai \u201esukirptos\u201c gerai \u017einomos Broli\u0173 Grim\u0173 pasakos. Autorius nevar\u017eo savo lakios vaizduot\u0117s. Tradiciniams veik\u0117jams ir nuotykiams suteikdamas n\u016bdienos atspalv\u012f, nevengdamas linksm\u0173 paradoks\u0173, jis seka istorijas, kurias mielai skaito ne tik vaikai, bet ir suaugusieji. Ar \u012fsivaizduojate, kad Br\u0117meno muzikantai tampa pop\u017evaig\u017ed\u0117mis, gudri \u017e\u0105sis lapin\u0105 apgauna, o Siuv\u0117jo Nyk\u0161tuk\u0117lis eina pl\u0117\u0161ti banko?.. Tarsi \u201eprie\u0161 plauk\u0105 su\u0161ukuotos\u201c, \u0161maik\u0161\u010dios pasakos turi ir nauj\u0105, n\u016bdien\u012f moral\u0105. Linksmas, bet pamokamas istorijas puo\u0161ia spalvotos \u2013 tokios pat i\u0161radingos ir gudrios \u2013 autoriaus iliustracijos.<\/p>\n","protected":false},"featured_media":18923,"comment_status":"open","ping_status":"closed","template":"","meta":{"_acf_changed":false,"site-sidebar-layout":"default","site-content-layout":"","ast-site-content-layout":"default","site-content-style":"default","site-sidebar-style":"default","ast-global-header-display":"","ast-banner-title-visibility":"","ast-main-header-display":"","ast-hfb-above-header-display":"","ast-hfb-below-header-display":"","ast-hfb-mobile-header-display":"","site-post-title":"","ast-breadcrumbs-content":"","ast-featured-img":"","footer-sml-layout":"","ast-disable-related-posts":"","theme-transparent-header-meta":"","adv-header-id-meta":"","stick-header-meta":"","header-above-stick-meta":"","header-main-stick-meta":"","header-below-stick-meta":"","astra-migrate-meta-layouts":"default","ast-page-background-enabled":"default","ast-page-background-meta":{"desktop":{"background-color":"","background-image":"","background-repeat":"repeat","background-position":"center center","background-size":"auto","background-attachment":"scroll","background-type":"","background-media":"","overlay-type":"","overlay-color":"","overlay-opacity":"","overlay-gradient":""},"tablet":{"background-color":"","background-image":"","background-repeat":"repeat","background-position":"center center","background-size":"auto","background-attachment":"scroll","background-type":"","background-media":"","overlay-type":"","overlay-color":"","overlay-opacity":"","overlay-gradient":""},"mobile":{"background-color":"","background-image":"","background-repeat":"repeat","background-position":"center center","background-size":"auto","background-attachment":"scroll","background-type":"","background-media":"","overlay-type":"","overlay-color":"","overlay-opacity":"","overlay-gradient":""}},"ast-content-background-meta":{"desktop":{"background-color":"var(--ast-global-color-4)","background-image":"","background-repeat":"repeat","background-position":"center center","background-size":"auto","background-attachment":"scroll","background-type":"","background-media":"","overlay-type":"","overlay-color":"","overlay-opacity":"","overlay-gradient":""},"tablet":{"background-color":"var(--ast-global-color-4)","background-image":"","background-repeat":"repeat","background-position":"center center","background-size":"auto","background-attachment":"scroll","background-type":"","background-media":"","overlay-type":"","overlay-color":"","overlay-opacity":"","overlay-gradient":""},"mobile":{"background-color":"var(--ast-global-color-4)","background-image":"","background-repeat":"repeat","background-position":"center center","background-size":"auto","background-attachment":"scroll","background-type":"","background-media":"","overlay-type":"","overlay-color":"","overlay-opacity":"","overlay-gradient":""}}},"product_brand":[],"product_cat":[15],"product_tag":[5414,1980,5413,5415,1645],"class_list":{"0":"post-18918","1":"product","2":"type-product","3":"status-publish","4":"has-post-thumbnail","6":"product_cat-uncategorized","7":"product_tag-broliu-grimu-adaptacijos","8":"product_tag-humoras","9":"product_tag-janosch","10":"product_tag-siuolaikine-pasaka","11":"product_tag-vaiku-literatura","12":"desktop-align-left","13":"tablet-align-left","14":"mobile-align-left","16":"first","17":"outofstock","18":"shipping-taxable","19":"purchasable","20":"product-type-simple"},"acf":[],"yoast_head":"<!-- This site is optimized with the Yoast SEO plugin v27.0 - https:\/\/yoast.com\/product\/yoast-seo-wordpress\/ -->\n<title>Broli\u0173 Grim\u0173 pasakos kitaip<\/title>\n<meta name=\"description\" content=\"Tai naujai ir i\u0161radingai \u201esukirptos\u201c gerai \u017einomos Broli\u0173 Grim\u0173 pasakos. Autorius nevar\u017eo savo lakios vaizduot\u0117s. Tradiciniams veik\u0117jams ir nuotykiams\" \/>\n<meta name=\"robots\" content=\"index, follow, max-snippet:-1, max-image-preview:large, max-video-preview:-1\" \/>\n<link rel=\"canonical\" href=\"https:\/\/skaitytaknyga.lt\/en\/produktas\/broliu-grimu-pasakos-kitaip\/\" \/>\n<meta property=\"og:locale\" content=\"en_GB\" \/>\n<meta property=\"og:locale:alternate\" content=\"lt_LT\" \/>\n<meta property=\"og:type\" content=\"article\" \/>\n<meta property=\"og:title\" content=\"Broli\u0173 Grim\u0173 pasakos kitaip\" \/>\n<meta property=\"og:description\" content=\"Tai naujai ir i\u0161radingai \u201esukirptos\u201c gerai \u017einomos Broli\u0173 Grim\u0173 pasakos. Autorius nevar\u017eo savo lakios vaizduot\u0117s. Tradiciniams veik\u0117jams ir nuotykiams\" \/>\n<meta property=\"og:url\" content=\"https:\/\/skaitytaknyga.lt\/en\/produktas\/broliu-grimu-pasakos-kitaip\/\" \/>\n<meta property=\"og:site_name\" content=\"Skaitytaknyga\" \/>\n<meta property=\"article:publisher\" content=\"https:\/\/www.facebook.com\/skaitytaknyga\/\" \/>\n<meta property=\"article:modified_time\" content=\"2025-10-11T18:29:47+00:00\" \/>\n<meta property=\"og:image\" content=\"https:\/\/skaitytaknyga.lt\/wp-content\/uploads\/2025\/06\/Broliu-Grimu-pasakos-kitaip.webp\" \/>\n\t<meta property=\"og:image:width\" content=\"350\" \/>\n\t<meta property=\"og:image:height\" content=\"463\" \/>\n\t<meta property=\"og:image:type\" content=\"image\/webp\" \/>\n<meta name=\"twitter:card\" content=\"summary_large_image\" \/>\n<script type=\"application\/ld+json\" class=\"yoast-schema-graph\">{\"@context\":\"https:\/\/schema.org\",\"@graph\":[{\"@type\":\"WebPage\",\"@id\":\"https:\/\/skaitytaknyga.lt\/produktas\/broliu-grimu-pasakos-kitaip\/\",\"url\":\"https:\/\/skaitytaknyga.lt\/produktas\/broliu-grimu-pasakos-kitaip\/\",\"name\":\"Broli\u0173 Grim\u0173 pasakos kitaip\",\"isPartOf\":{\"@id\":\"https:\/\/skaitytaknyga.lt\/#website\"},\"primaryImageOfPage\":{\"@id\":\"https:\/\/skaitytaknyga.lt\/produktas\/broliu-grimu-pasakos-kitaip\/#primaryimage\"},\"image\":{\"@id\":\"https:\/\/skaitytaknyga.lt\/produktas\/broliu-grimu-pasakos-kitaip\/#primaryimage\"},\"thumbnailUrl\":\"https:\/\/skaitytaknyga.lt\/wp-content\/uploads\/2025\/06\/Broliu-Grimu-pasakos-kitaip.webp\",\"datePublished\":\"2025-06-15T08:44:35+00:00\",\"dateModified\":\"2025-10-11T18:29:47+00:00\",\"description\":\"Tai naujai ir i\u0161radingai \u201esukirptos\u201c gerai \u017einomos Broli\u0173 Grim\u0173 pasakos. Autorius nevar\u017eo savo lakios vaizduot\u0117s. Tradiciniams veik\u0117jams ir nuotykiams\",\"breadcrumb\":{\"@id\":\"https:\/\/skaitytaknyga.lt\/produktas\/broliu-grimu-pasakos-kitaip\/#breadcrumb\"},\"inLanguage\":\"en-GB\",\"potentialAction\":[{\"@type\":\"ReadAction\",\"target\":[\"https:\/\/skaitytaknyga.lt\/produktas\/broliu-grimu-pasakos-kitaip\/\"]}]},{\"@type\":\"ImageObject\",\"inLanguage\":\"en-GB\",\"@id\":\"https:\/\/skaitytaknyga.lt\/produktas\/broliu-grimu-pasakos-kitaip\/#primaryimage\",\"url\":\"https:\/\/skaitytaknyga.lt\/wp-content\/uploads\/2025\/06\/Broliu-Grimu-pasakos-kitaip.webp\",\"contentUrl\":\"https:\/\/skaitytaknyga.lt\/wp-content\/uploads\/2025\/06\/Broliu-Grimu-pasakos-kitaip.webp\",\"width\":350,\"height\":463},{\"@type\":\"BreadcrumbList\",\"@id\":\"https:\/\/skaitytaknyga.lt\/produktas\/broliu-grimu-pasakos-kitaip\/#breadcrumb\",\"itemListElement\":[{\"@type\":\"ListItem\",\"position\":1,\"name\":\"Home\",\"item\":\"https:\/\/skaitytaknyga.lt\/\"},{\"@type\":\"ListItem\",\"position\":2,\"name\":\"Parduotuv\u0117\",\"item\":\"https:\/\/skaitytaknyga.lt\/knygu-parduotuve\/\"},{\"@type\":\"ListItem\",\"position\":3,\"name\":\"Broli\u0173 Grim\u0173 pasakos kitaip\"}]},{\"@type\":\"WebSite\",\"@id\":\"https:\/\/skaitytaknyga.lt\/#website\",\"url\":\"https:\/\/skaitytaknyga.lt\/\",\"name\":\"skaitytaknyga.lt\",\"description\":\"Skaitytaknyga.lt \u2013 tai ma\u017eas \u0161eimos verslas, kuris prasid\u0117jo nuo meil\u0117s knygoms ir siekio i\u0161gelb\u0117ti knygas nuo likimo prie konteinerio. Kas vienam nereikalingas daiktas \u2013 kitam lobis, o mes esame tarpininkai, kurie padeda abiems tapti laimingesniems ???? \u017dinome kaip nelengva i\u0161gyventi ma\u017eiems verslams, tad nuo \u0161iol, \u010dia rasite ir kit\u0173, ma\u017e\u0173 \u0161eim\u0173 versl\u0173, rank\u0173 darbo, dovan\u0173 sau ir artimiesiems.\",\"publisher\":{\"@id\":\"https:\/\/skaitytaknyga.lt\/#organization\"},\"potentialAction\":[{\"@type\":\"SearchAction\",\"target\":{\"@type\":\"EntryPoint\",\"urlTemplate\":\"https:\/\/skaitytaknyga.lt\/?s={search_term_string}\"},\"query-input\":{\"@type\":\"PropertyValueSpecification\",\"valueRequired\":true,\"valueName\":\"search_term_string\"}}],\"inLanguage\":\"en-GB\"},{\"@type\":\"Organization\",\"@id\":\"https:\/\/skaitytaknyga.lt\/#organization\",\"name\":\"skaitytaknyga.lt\",\"url\":\"https:\/\/skaitytaknyga.lt\/\",\"logo\":{\"@type\":\"ImageObject\",\"inLanguage\":\"en-GB\",\"@id\":\"https:\/\/skaitytaknyga.lt\/#\/schema\/logo\/image\/\",\"url\":\"https:\/\/skaitytaknyga.lt\/wp-content\/uploads\/2024\/05\/cropped-cropped-cropped-02_00843_jt3bggkj1j3HLc7SyY6rEUpg.jpeg\",\"contentUrl\":\"https:\/\/skaitytaknyga.lt\/wp-content\/uploads\/2024\/05\/cropped-cropped-cropped-02_00843_jt3bggkj1j3HLc7SyY6rEUpg.jpeg\",\"width\":1600,\"height\":1600,\"caption\":\"skaitytaknyga.lt\"},\"image\":{\"@id\":\"https:\/\/skaitytaknyga.lt\/#\/schema\/logo\/image\/\"},\"sameAs\":[\"https:\/\/www.facebook.com\/skaitytaknyga\/\"]}]}<\/script>\n<!-- \/ Yoast SEO plugin. -->","yoast_head_json":{"title":"Broli\u0173 Grim\u0173 pasakos kitaip","description":"Tai naujai ir i\u0161radingai \u201esukirptos\u201c gerai \u017einomos Broli\u0173 Grim\u0173 pasakos. Autorius nevar\u017eo savo lakios vaizduot\u0117s. Tradiciniams veik\u0117jams ir nuotykiams","robots":{"index":"index","follow":"follow","max-snippet":"max-snippet:-1","max-image-preview":"max-image-preview:large","max-video-preview":"max-video-preview:-1"},"canonical":"https:\/\/skaitytaknyga.lt\/en\/produktas\/broliu-grimu-pasakos-kitaip\/","og_locale":"en_GB","og_type":"article","og_title":"[:lt]Broli\u0173 Grim\u0173 pasakos kitaip[:] - Skaitytaknyga","og_description":"Tai naujai ir i\u0161radingai \u201esukirptos\u201c gerai \u017einomos Broli\u0173 Grim\u0173 pasakos. Autorius nevar\u017eo savo lakios vaizduot\u0117s. Tradiciniams veik\u0117jams ir nuotykiams","og_url":"https:\/\/skaitytaknyga.lt\/en\/produktas\/broliu-grimu-pasakos-kitaip\/","og_site_name":"Skaitytaknyga","article_publisher":"https:\/\/www.facebook.com\/skaitytaknyga\/","article_modified_time":"2025-10-11T18:29:47+00:00","og_image":[{"width":350,"height":463,"url":"https:\/\/skaitytaknyga.lt\/wp-content\/uploads\/2025\/06\/Broliu-Grimu-pasakos-kitaip.webp","type":"image\/webp"}],"twitter_card":"summary_large_image","schema":{"@context":"https:\/\/schema.org","@graph":[{"@type":"WebPage","@id":"https:\/\/skaitytaknyga.lt\/produktas\/broliu-grimu-pasakos-kitaip\/","url":"https:\/\/skaitytaknyga.lt\/produktas\/broliu-grimu-pasakos-kitaip\/","name":"Broli\u0173 Grim\u0173 pasakos kitaip","isPartOf":{"@id":"https:\/\/skaitytaknyga.lt\/#website"},"primaryImageOfPage":{"@id":"https:\/\/skaitytaknyga.lt\/produktas\/broliu-grimu-pasakos-kitaip\/#primaryimage"},"image":{"@id":"https:\/\/skaitytaknyga.lt\/produktas\/broliu-grimu-pasakos-kitaip\/#primaryimage"},"thumbnailUrl":"https:\/\/skaitytaknyga.lt\/wp-content\/uploads\/2025\/06\/Broliu-Grimu-pasakos-kitaip.webp","datePublished":"2025-06-15T08:44:35+00:00","dateModified":"2025-10-11T18:29:47+00:00","description":"Tai naujai ir i\u0161radingai \u201esukirptos\u201c gerai \u017einomos Broli\u0173 Grim\u0173 pasakos. Autorius nevar\u017eo savo lakios vaizduot\u0117s. Tradiciniams veik\u0117jams ir nuotykiams","breadcrumb":{"@id":"https:\/\/skaitytaknyga.lt\/produktas\/broliu-grimu-pasakos-kitaip\/#breadcrumb"},"inLanguage":"en-GB","potentialAction":[{"@type":"ReadAction","target":["https:\/\/skaitytaknyga.lt\/produktas\/broliu-grimu-pasakos-kitaip\/"]}]},{"@type":"ImageObject","inLanguage":"en-GB","@id":"https:\/\/skaitytaknyga.lt\/produktas\/broliu-grimu-pasakos-kitaip\/#primaryimage","url":"https:\/\/skaitytaknyga.lt\/wp-content\/uploads\/2025\/06\/Broliu-Grimu-pasakos-kitaip.webp","contentUrl":"https:\/\/skaitytaknyga.lt\/wp-content\/uploads\/2025\/06\/Broliu-Grimu-pasakos-kitaip.webp","width":350,"height":463},{"@type":"BreadcrumbList","@id":"https:\/\/skaitytaknyga.lt\/produktas\/broliu-grimu-pasakos-kitaip\/#breadcrumb","itemListElement":[{"@type":"ListItem","position":1,"name":"Home","item":"https:\/\/skaitytaknyga.lt\/"},{"@type":"ListItem","position":2,"name":"Parduotuv\u0117","item":"https:\/\/skaitytaknyga.lt\/knygu-parduotuve\/"},{"@type":"ListItem","position":3,"name":"Broli\u0173 Grim\u0173 pasakos kitaip"}]},{"@type":"WebSite","@id":"https:\/\/skaitytaknyga.lt\/#website","url":"https:\/\/skaitytaknyga.lt\/","name":"skaitytaknyga.lt","description":"Skaitytaknyga.lt \u2013 tai ma\u017eas \u0161eimos verslas, kuris prasid\u0117jo nuo meil\u0117s knygoms ir siekio i\u0161gelb\u0117ti knygas nuo likimo prie konteinerio. Kas vienam nereikalingas daiktas \u2013 kitam lobis, o mes esame tarpininkai, kurie padeda abiems tapti laimingesniems ???? \u017dinome kaip nelengva i\u0161gyventi ma\u017eiems verslams, tad nuo \u0161iol, \u010dia rasite ir kit\u0173, ma\u017e\u0173 \u0161eim\u0173 versl\u0173, rank\u0173 darbo, dovan\u0173 sau ir artimiesiems.","publisher":{"@id":"https:\/\/skaitytaknyga.lt\/#organization"},"potentialAction":[{"@type":"SearchAction","target":{"@type":"EntryPoint","urlTemplate":"https:\/\/skaitytaknyga.lt\/?s={search_term_string}"},"query-input":{"@type":"PropertyValueSpecification","valueRequired":true,"valueName":"search_term_string"}}],"inLanguage":"en-GB"},{"@type":"Organization","@id":"https:\/\/skaitytaknyga.lt\/#organization","name":"skaitytaknyga.lt","url":"https:\/\/skaitytaknyga.lt\/","logo":{"@type":"ImageObject","inLanguage":"en-GB","@id":"https:\/\/skaitytaknyga.lt\/#\/schema\/logo\/image\/","url":"https:\/\/skaitytaknyga.lt\/wp-content\/uploads\/2024\/05\/cropped-cropped-cropped-02_00843_jt3bggkj1j3HLc7SyY6rEUpg.jpeg","contentUrl":"https:\/\/skaitytaknyga.lt\/wp-content\/uploads\/2024\/05\/cropped-cropped-cropped-02_00843_jt3bggkj1j3HLc7SyY6rEUpg.jpeg","width":1600,"height":1600,"caption":"skaitytaknyga.lt"},"image":{"@id":"https:\/\/skaitytaknyga.lt\/#\/schema\/logo\/image\/"},"sameAs":["https:\/\/www.facebook.com\/skaitytaknyga\/"]}]}},"_links":{"self":[{"href":"https:\/\/skaitytaknyga.lt\/en\/wp-json\/wp\/v2\/product\/18918","targetHints":{"allow":["GET"]}}],"collection":[{"href":"https:\/\/skaitytaknyga.lt\/en\/wp-json\/wp\/v2\/product"}],"about":[{"href":"https:\/\/skaitytaknyga.lt\/en\/wp-json\/wp\/v2\/types\/product"}],"replies":[{"embeddable":true,"href":"https:\/\/skaitytaknyga.lt\/en\/wp-json\/wp\/v2\/comments?post=18918"}],"wp:featuredmedia":[{"embeddable":true,"href":"https:\/\/skaitytaknyga.lt\/en\/wp-json\/wp\/v2\/media\/18923"}],"wp:attachment":[{"href":"https:\/\/skaitytaknyga.lt\/en\/wp-json\/wp\/v2\/media?parent=18918"}],"wp:term":[{"taxonomy":"product_brand","embeddable":true,"href":"https:\/\/skaitytaknyga.lt\/en\/wp-json\/wp\/v2\/product_brand?post=18918"},{"taxonomy":"product_cat","embeddable":true,"href":"https:\/\/skaitytaknyga.lt\/en\/wp-json\/wp\/v2\/product_cat?post=18918"},{"taxonomy":"product_tag","embeddable":true,"href":"https:\/\/skaitytaknyga.lt\/en\/wp-json\/wp\/v2\/product_tag?post=18918"}],"curies":[{"name":"wp","href":"https:\/\/api.w.org\/{rel}","templated":true}]}}