{"id":18917,"date":"2025-06-15T11:44:35","date_gmt":"2025-06-15T08:44:35","guid":{"rendered":"https:\/\/skaitytaknyga.lt\/?post_type=product&#038;p=18917"},"modified":"2025-06-26T14:49:17","modified_gmt":"2025-06-26T11:49:17","slug":"alisa-stebuklu-salyje-ir-veidrodzio-karalysteje","status":"publish","type":"product","link":"https:\/\/skaitytaknyga.lt\/en\/produktas\/alisa-stebuklu-salyje-ir-veidrodzio-karalysteje\/","title":{"rendered":"Alisa stebukl\u0173 \u0161alyje ir veidrod\u017eio karalyst\u0117je"},"content":{"rendered":"<p>Tai dvi istorijos apie ma\u017e\u0105 mergait\u0119 Alis\u0105, kuri \u201e\u012fkritusi\u201c keistan pasaulin po \u017eeme, klaid\u017eioja po Stebukl\u0173 \u0161al\u012f, pereina Veidrod\u017eio karalyst\u0119, sutinka keist\u0173 ir juoking\u0173 b\u016btybi\u0173, patiria ne\u012ftik\u0117tin\u0173 nuotyki\u0173.<\/p>\n","protected":false},"excerpt":{"rendered":"<p>Tai dvi istorijos apie ma\u017e\u0105 mergait\u0119 Alis\u0105, kuri \u201e\u012fkritusi\u201c keistan pasaulin po \u017eeme, klaid\u017eioja po Stebukl\u0173 \u0161al\u012f, pereina Veidrod\u017eio karalyst\u0119, sutinka keist\u0173 ir juoking\u0173 b\u016btybi\u0173, patiria ne\u012ftik\u0117tin\u0173 nuotyki\u0173.<\/p>\n","protected":false},"featured_media":18922,"comment_status":"open","ping_status":"closed","template":"","meta":{"_acf_changed":false,"site-sidebar-layout":"default","site-content-layout":"","ast-site-content-layout":"default","site-content-style":"default","site-sidebar-style":"default","ast-global-header-display":"","ast-banner-title-visibility":"","ast-main-header-display":"","ast-hfb-above-header-display":"","ast-hfb-below-header-display":"","ast-hfb-mobile-header-display":"","site-post-title":"","ast-breadcrumbs-content":"","ast-featured-img":"","footer-sml-layout":"","ast-disable-related-posts":"","theme-transparent-header-meta":"","adv-header-id-meta":"","stick-header-meta":"","header-above-stick-meta":"","header-main-stick-meta":"","header-below-stick-meta":"","astra-migrate-meta-layouts":"default","ast-page-background-enabled":"default","ast-page-background-meta":{"desktop":{"background-color":"","background-image":"","background-repeat":"repeat","background-position":"center center","background-size":"auto","background-attachment":"scroll","background-type":"","background-media":"","overlay-type":"","overlay-color":"","overlay-opacity":"","overlay-gradient":""},"tablet":{"background-color":"","background-image":"","background-repeat":"repeat","background-position":"center center","background-size":"auto","background-attachment":"scroll","background-type":"","background-media":"","overlay-type":"","overlay-color":"","overlay-opacity":"","overlay-gradient":""},"mobile":{"background-color":"","background-image":"","background-repeat":"repeat","background-position":"center center","background-size":"auto","background-attachment":"scroll","background-type":"","background-media":"","overlay-type":"","overlay-color":"","overlay-opacity":"","overlay-gradient":""}},"ast-content-background-meta":{"desktop":{"background-color":"var(--ast-global-color-4)","background-image":"","background-repeat":"repeat","background-position":"center center","background-size":"auto","background-attachment":"scroll","background-type":"","background-media":"","overlay-type":"","overlay-color":"","overlay-opacity":"","overlay-gradient":""},"tablet":{"background-color":"var(--ast-global-color-4)","background-image":"","background-repeat":"repeat","background-position":"center center","background-size":"auto","background-attachment":"scroll","background-type":"","background-media":"","overlay-type":"","overlay-color":"","overlay-opacity":"","overlay-gradient":""},"mobile":{"background-color":"var(--ast-global-color-4)","background-image":"","background-repeat":"repeat","background-position":"center center","background-size":"auto","background-attachment":"scroll","background-type":"","background-media":"","overlay-type":"","overlay-color":"","overlay-opacity":"","overlay-gradient":""}}},"product_brand":[],"product_cat":[15],"product_tag":[5411,1504,1437,5410,5412,1645],"class_list":{"0":"post-18917","1":"product","2":"type-product","3":"status-publish","4":"has-post-thumbnail","6":"product_cat-uncategorized","7":"product_tag-alisa","8":"product_tag-fantastika","9":"product_tag-klasika","10":"product_tag-lewis-carroll","11":"product_tag-stebuklu-pasaulis","12":"product_tag-vaiku-literatura","13":"desktop-align-left","14":"tablet-align-left","15":"mobile-align-left","17":"first","18":"instock","19":"shipping-taxable","20":"purchasable","21":"product-type-simple"},"acf":[],"yoast_head":"<!-- This site is optimized with the Yoast SEO plugin v27.0 - https:\/\/yoast.com\/product\/yoast-seo-wordpress\/ -->\n<title>Alisa stebukl\u0173 \u0161alyje ir veidrod\u017eio karalyst\u0117je<\/title>\n<meta name=\"description\" content=\"Tai dvi istorijos apie ma\u017e\u0105 mergait\u0119 Alis\u0105, kuri \u201e\u012fkritusi\u201c keistan pasaulin po \u017eeme, klaid\u017eioja po Stebukl\u0173 \u0161al\u012f, pereina Veidrod\u017eio karalyst\u0119, sutinka\" \/>\n<meta name=\"robots\" content=\"index, follow, max-snippet:-1, max-image-preview:large, max-video-preview:-1\" \/>\n<link rel=\"canonical\" href=\"https:\/\/skaitytaknyga.lt\/en\/produktas\/alisa-stebuklu-salyje-ir-veidrodzio-karalysteje\/\" \/>\n<meta property=\"og:locale\" content=\"en_GB\" \/>\n<meta property=\"og:locale:alternate\" content=\"lt_LT\" \/>\n<meta property=\"og:type\" content=\"article\" \/>\n<meta property=\"og:title\" content=\"Alisa stebukl\u0173 \u0161alyje ir veidrod\u017eio karalyst\u0117je\" \/>\n<meta property=\"og:description\" content=\"Tai dvi istorijos apie ma\u017e\u0105 mergait\u0119 Alis\u0105, kuri \u201e\u012fkritusi\u201c keistan pasaulin po \u017eeme, klaid\u017eioja po Stebukl\u0173 \u0161al\u012f, pereina Veidrod\u017eio karalyst\u0119, sutinka\" \/>\n<meta property=\"og:url\" content=\"https:\/\/skaitytaknyga.lt\/en\/produktas\/alisa-stebuklu-salyje-ir-veidrodzio-karalysteje\/\" \/>\n<meta property=\"og:site_name\" content=\"Skaitytaknyga\" \/>\n<meta property=\"article:publisher\" content=\"https:\/\/www.facebook.com\/skaitytaknyga\/\" \/>\n<meta property=\"article:modified_time\" content=\"2025-06-26T11:49:17+00:00\" \/>\n<meta property=\"og:image\" content=\"https:\/\/skaitytaknyga.lt\/wp-content\/uploads\/2025\/06\/Alisa-stebuklu-salyje-ir-veidrodzio-karalysteje.webp\" \/>\n\t<meta property=\"og:image:width\" content=\"532\" \/>\n\t<meta property=\"og:image:height\" content=\"801\" \/>\n\t<meta property=\"og:image:type\" content=\"image\/webp\" \/>\n<meta name=\"twitter:card\" content=\"summary_large_image\" \/>\n<script type=\"application\/ld+json\" class=\"yoast-schema-graph\">{\"@context\":\"https:\/\/schema.org\",\"@graph\":[{\"@type\":\"WebPage\",\"@id\":\"https:\/\/skaitytaknyga.lt\/produktas\/alisa-stebuklu-salyje-ir-veidrodzio-karalysteje\/\",\"url\":\"https:\/\/skaitytaknyga.lt\/produktas\/alisa-stebuklu-salyje-ir-veidrodzio-karalysteje\/\",\"name\":\"Alisa stebukl\u0173 \u0161alyje ir veidrod\u017eio karalyst\u0117je\",\"isPartOf\":{\"@id\":\"https:\/\/skaitytaknyga.lt\/#website\"},\"primaryImageOfPage\":{\"@id\":\"https:\/\/skaitytaknyga.lt\/produktas\/alisa-stebuklu-salyje-ir-veidrodzio-karalysteje\/#primaryimage\"},\"image\":{\"@id\":\"https:\/\/skaitytaknyga.lt\/produktas\/alisa-stebuklu-salyje-ir-veidrodzio-karalysteje\/#primaryimage\"},\"thumbnailUrl\":\"https:\/\/skaitytaknyga.lt\/wp-content\/uploads\/2025\/06\/Alisa-stebuklu-salyje-ir-veidrodzio-karalysteje.webp\",\"datePublished\":\"2025-06-15T08:44:35+00:00\",\"dateModified\":\"2025-06-26T11:49:17+00:00\",\"description\":\"Tai dvi istorijos apie ma\u017e\u0105 mergait\u0119 Alis\u0105, kuri \u201e\u012fkritusi\u201c keistan pasaulin po \u017eeme, klaid\u017eioja po Stebukl\u0173 \u0161al\u012f, pereina Veidrod\u017eio karalyst\u0119, sutinka\",\"breadcrumb\":{\"@id\":\"https:\/\/skaitytaknyga.lt\/produktas\/alisa-stebuklu-salyje-ir-veidrodzio-karalysteje\/#breadcrumb\"},\"inLanguage\":\"en-GB\",\"potentialAction\":[{\"@type\":\"ReadAction\",\"target\":[\"https:\/\/skaitytaknyga.lt\/produktas\/alisa-stebuklu-salyje-ir-veidrodzio-karalysteje\/\"]}]},{\"@type\":\"ImageObject\",\"inLanguage\":\"en-GB\",\"@id\":\"https:\/\/skaitytaknyga.lt\/produktas\/alisa-stebuklu-salyje-ir-veidrodzio-karalysteje\/#primaryimage\",\"url\":\"https:\/\/skaitytaknyga.lt\/wp-content\/uploads\/2025\/06\/Alisa-stebuklu-salyje-ir-veidrodzio-karalysteje.webp\",\"contentUrl\":\"https:\/\/skaitytaknyga.lt\/wp-content\/uploads\/2025\/06\/Alisa-stebuklu-salyje-ir-veidrodzio-karalysteje.webp\",\"width\":532,\"height\":801,\"caption\":\"Alisa stebukl\u0173 \u0161alyje ir veidrod\u017eio karalyst\u0117je\"},{\"@type\":\"BreadcrumbList\",\"@id\":\"https:\/\/skaitytaknyga.lt\/produktas\/alisa-stebuklu-salyje-ir-veidrodzio-karalysteje\/#breadcrumb\",\"itemListElement\":[{\"@type\":\"ListItem\",\"position\":1,\"name\":\"Home\",\"item\":\"https:\/\/skaitytaknyga.lt\/\"},{\"@type\":\"ListItem\",\"position\":2,\"name\":\"Parduotuv\u0117\",\"item\":\"https:\/\/skaitytaknyga.lt\/knygu-parduotuve\/\"},{\"@type\":\"ListItem\",\"position\":3,\"name\":\"Alisa stebukl\u0173 \u0161alyje ir veidrod\u017eio karalyst\u0117je\"}]},{\"@type\":\"WebSite\",\"@id\":\"https:\/\/skaitytaknyga.lt\/#website\",\"url\":\"https:\/\/skaitytaknyga.lt\/\",\"name\":\"skaitytaknyga.lt\",\"description\":\"Skaitytaknyga.lt \u2013 tai ma\u017eas \u0161eimos verslas, kuris prasid\u0117jo nuo meil\u0117s knygoms ir siekio i\u0161gelb\u0117ti knygas nuo likimo prie konteinerio. Kas vienam nereikalingas daiktas \u2013 kitam lobis, o mes esame tarpininkai, kurie padeda abiems tapti laimingesniems ???? \u017dinome kaip nelengva i\u0161gyventi ma\u017eiems verslams, tad nuo \u0161iol, \u010dia rasite ir kit\u0173, ma\u017e\u0173 \u0161eim\u0173 versl\u0173, rank\u0173 darbo, dovan\u0173 sau ir artimiesiems.\",\"publisher\":{\"@id\":\"https:\/\/skaitytaknyga.lt\/#organization\"},\"potentialAction\":[{\"@type\":\"SearchAction\",\"target\":{\"@type\":\"EntryPoint\",\"urlTemplate\":\"https:\/\/skaitytaknyga.lt\/?s={search_term_string}\"},\"query-input\":{\"@type\":\"PropertyValueSpecification\",\"valueRequired\":true,\"valueName\":\"search_term_string\"}}],\"inLanguage\":\"en-GB\"},{\"@type\":\"Organization\",\"@id\":\"https:\/\/skaitytaknyga.lt\/#organization\",\"name\":\"skaitytaknyga.lt\",\"url\":\"https:\/\/skaitytaknyga.lt\/\",\"logo\":{\"@type\":\"ImageObject\",\"inLanguage\":\"en-GB\",\"@id\":\"https:\/\/skaitytaknyga.lt\/#\/schema\/logo\/image\/\",\"url\":\"https:\/\/skaitytaknyga.lt\/wp-content\/uploads\/2024\/05\/cropped-cropped-cropped-02_00843_jt3bggkj1j3HLc7SyY6rEUpg.jpeg\",\"contentUrl\":\"https:\/\/skaitytaknyga.lt\/wp-content\/uploads\/2024\/05\/cropped-cropped-cropped-02_00843_jt3bggkj1j3HLc7SyY6rEUpg.jpeg\",\"width\":1600,\"height\":1600,\"caption\":\"skaitytaknyga.lt\"},\"image\":{\"@id\":\"https:\/\/skaitytaknyga.lt\/#\/schema\/logo\/image\/\"},\"sameAs\":[\"https:\/\/www.facebook.com\/skaitytaknyga\/\"]}]}<\/script>\n<!-- \/ Yoast SEO plugin. -->","yoast_head_json":{"title":"Alisa stebukl\u0173 \u0161alyje ir veidrod\u017eio karalyst\u0117je","description":"Tai dvi istorijos apie ma\u017e\u0105 mergait\u0119 Alis\u0105, kuri \u201e\u012fkritusi\u201c keistan pasaulin po \u017eeme, klaid\u017eioja po Stebukl\u0173 \u0161al\u012f, pereina Veidrod\u017eio karalyst\u0119, sutinka","robots":{"index":"index","follow":"follow","max-snippet":"max-snippet:-1","max-image-preview":"max-image-preview:large","max-video-preview":"max-video-preview:-1"},"canonical":"https:\/\/skaitytaknyga.lt\/en\/produktas\/alisa-stebuklu-salyje-ir-veidrodzio-karalysteje\/","og_locale":"en_GB","og_type":"article","og_title":"[:lt]Alisa stebukl\u0173 \u0161alyje ir veidrod\u017eio karalyst\u0117je[:] - Skaitytaknyga","og_description":"Tai dvi istorijos apie ma\u017e\u0105 mergait\u0119 Alis\u0105, kuri \u201e\u012fkritusi\u201c keistan pasaulin po \u017eeme, klaid\u017eioja po Stebukl\u0173 \u0161al\u012f, pereina Veidrod\u017eio karalyst\u0119, sutinka","og_url":"https:\/\/skaitytaknyga.lt\/en\/produktas\/alisa-stebuklu-salyje-ir-veidrodzio-karalysteje\/","og_site_name":"Skaitytaknyga","article_publisher":"https:\/\/www.facebook.com\/skaitytaknyga\/","article_modified_time":"2025-06-26T11:49:17+00:00","og_image":[{"width":532,"height":801,"url":"https:\/\/skaitytaknyga.lt\/wp-content\/uploads\/2025\/06\/Alisa-stebuklu-salyje-ir-veidrodzio-karalysteje.webp","type":"image\/webp"}],"twitter_card":"summary_large_image","schema":{"@context":"https:\/\/schema.org","@graph":[{"@type":"WebPage","@id":"https:\/\/skaitytaknyga.lt\/produktas\/alisa-stebuklu-salyje-ir-veidrodzio-karalysteje\/","url":"https:\/\/skaitytaknyga.lt\/produktas\/alisa-stebuklu-salyje-ir-veidrodzio-karalysteje\/","name":"Alisa stebukl\u0173 \u0161alyje ir veidrod\u017eio karalyst\u0117je","isPartOf":{"@id":"https:\/\/skaitytaknyga.lt\/#website"},"primaryImageOfPage":{"@id":"https:\/\/skaitytaknyga.lt\/produktas\/alisa-stebuklu-salyje-ir-veidrodzio-karalysteje\/#primaryimage"},"image":{"@id":"https:\/\/skaitytaknyga.lt\/produktas\/alisa-stebuklu-salyje-ir-veidrodzio-karalysteje\/#primaryimage"},"thumbnailUrl":"https:\/\/skaitytaknyga.lt\/wp-content\/uploads\/2025\/06\/Alisa-stebuklu-salyje-ir-veidrodzio-karalysteje.webp","datePublished":"2025-06-15T08:44:35+00:00","dateModified":"2025-06-26T11:49:17+00:00","description":"Tai dvi istorijos apie ma\u017e\u0105 mergait\u0119 Alis\u0105, kuri \u201e\u012fkritusi\u201c keistan pasaulin po \u017eeme, klaid\u017eioja po Stebukl\u0173 \u0161al\u012f, pereina Veidrod\u017eio karalyst\u0119, sutinka","breadcrumb":{"@id":"https:\/\/skaitytaknyga.lt\/produktas\/alisa-stebuklu-salyje-ir-veidrodzio-karalysteje\/#breadcrumb"},"inLanguage":"en-GB","potentialAction":[{"@type":"ReadAction","target":["https:\/\/skaitytaknyga.lt\/produktas\/alisa-stebuklu-salyje-ir-veidrodzio-karalysteje\/"]}]},{"@type":"ImageObject","inLanguage":"en-GB","@id":"https:\/\/skaitytaknyga.lt\/produktas\/alisa-stebuklu-salyje-ir-veidrodzio-karalysteje\/#primaryimage","url":"https:\/\/skaitytaknyga.lt\/wp-content\/uploads\/2025\/06\/Alisa-stebuklu-salyje-ir-veidrodzio-karalysteje.webp","contentUrl":"https:\/\/skaitytaknyga.lt\/wp-content\/uploads\/2025\/06\/Alisa-stebuklu-salyje-ir-veidrodzio-karalysteje.webp","width":532,"height":801,"caption":"Alisa stebukl\u0173 \u0161alyje ir veidrod\u017eio karalyst\u0117je"},{"@type":"BreadcrumbList","@id":"https:\/\/skaitytaknyga.lt\/produktas\/alisa-stebuklu-salyje-ir-veidrodzio-karalysteje\/#breadcrumb","itemListElement":[{"@type":"ListItem","position":1,"name":"Home","item":"https:\/\/skaitytaknyga.lt\/"},{"@type":"ListItem","position":2,"name":"Parduotuv\u0117","item":"https:\/\/skaitytaknyga.lt\/knygu-parduotuve\/"},{"@type":"ListItem","position":3,"name":"Alisa stebukl\u0173 \u0161alyje ir veidrod\u017eio karalyst\u0117je"}]},{"@type":"WebSite","@id":"https:\/\/skaitytaknyga.lt\/#website","url":"https:\/\/skaitytaknyga.lt\/","name":"skaitytaknyga.lt","description":"Skaitytaknyga.lt \u2013 tai ma\u017eas \u0161eimos verslas, kuris prasid\u0117jo nuo meil\u0117s knygoms ir siekio i\u0161gelb\u0117ti knygas nuo likimo prie konteinerio. Kas vienam nereikalingas daiktas \u2013 kitam lobis, o mes esame tarpininkai, kurie padeda abiems tapti laimingesniems ???? \u017dinome kaip nelengva i\u0161gyventi ma\u017eiems verslams, tad nuo \u0161iol, \u010dia rasite ir kit\u0173, ma\u017e\u0173 \u0161eim\u0173 versl\u0173, rank\u0173 darbo, dovan\u0173 sau ir artimiesiems.","publisher":{"@id":"https:\/\/skaitytaknyga.lt\/#organization"},"potentialAction":[{"@type":"SearchAction","target":{"@type":"EntryPoint","urlTemplate":"https:\/\/skaitytaknyga.lt\/?s={search_term_string}"},"query-input":{"@type":"PropertyValueSpecification","valueRequired":true,"valueName":"search_term_string"}}],"inLanguage":"en-GB"},{"@type":"Organization","@id":"https:\/\/skaitytaknyga.lt\/#organization","name":"skaitytaknyga.lt","url":"https:\/\/skaitytaknyga.lt\/","logo":{"@type":"ImageObject","inLanguage":"en-GB","@id":"https:\/\/skaitytaknyga.lt\/#\/schema\/logo\/image\/","url":"https:\/\/skaitytaknyga.lt\/wp-content\/uploads\/2024\/05\/cropped-cropped-cropped-02_00843_jt3bggkj1j3HLc7SyY6rEUpg.jpeg","contentUrl":"https:\/\/skaitytaknyga.lt\/wp-content\/uploads\/2024\/05\/cropped-cropped-cropped-02_00843_jt3bggkj1j3HLc7SyY6rEUpg.jpeg","width":1600,"height":1600,"caption":"skaitytaknyga.lt"},"image":{"@id":"https:\/\/skaitytaknyga.lt\/#\/schema\/logo\/image\/"},"sameAs":["https:\/\/www.facebook.com\/skaitytaknyga\/"]}]}},"_links":{"self":[{"href":"https:\/\/skaitytaknyga.lt\/en\/wp-json\/wp\/v2\/product\/18917","targetHints":{"allow":["GET"]}}],"collection":[{"href":"https:\/\/skaitytaknyga.lt\/en\/wp-json\/wp\/v2\/product"}],"about":[{"href":"https:\/\/skaitytaknyga.lt\/en\/wp-json\/wp\/v2\/types\/product"}],"replies":[{"embeddable":true,"href":"https:\/\/skaitytaknyga.lt\/en\/wp-json\/wp\/v2\/comments?post=18917"}],"wp:featuredmedia":[{"embeddable":true,"href":"https:\/\/skaitytaknyga.lt\/en\/wp-json\/wp\/v2\/media\/18922"}],"wp:attachment":[{"href":"https:\/\/skaitytaknyga.lt\/en\/wp-json\/wp\/v2\/media?parent=18917"}],"wp:term":[{"taxonomy":"product_brand","embeddable":true,"href":"https:\/\/skaitytaknyga.lt\/en\/wp-json\/wp\/v2\/product_brand?post=18917"},{"taxonomy":"product_cat","embeddable":true,"href":"https:\/\/skaitytaknyga.lt\/en\/wp-json\/wp\/v2\/product_cat?post=18917"},{"taxonomy":"product_tag","embeddable":true,"href":"https:\/\/skaitytaknyga.lt\/en\/wp-json\/wp\/v2\/product_tag?post=18917"}],"curies":[{"name":"wp","href":"https:\/\/api.w.org\/{rel}","templated":true}]}}