{"id":18915,"date":"2025-06-15T11:42:42","date_gmt":"2025-06-15T08:42:42","guid":{"rendered":"https:\/\/skaitytaknyga.lt\/?post_type=product&#038;p=18915"},"modified":"2025-08-01T08:24:17","modified_gmt":"2025-08-01T05:24:17","slug":"darni-lyderyste","status":"publish","type":"product","link":"https:\/\/skaitytaknyga.lt\/en\/produktas\/darni-lyderyste\/","title":{"rendered":"Darni lyderyst\u0117"},"content":{"rendered":"<p>Visi esame tai mat\u0119: ambicingas lyderis, kuriam gerai sekasi, staiga nepaai\u0161kinamai \u017elunga ir i\u0161sisemia. Galb\u016bt net jums patiems yra tek\u0119 b\u016bti tokiu lyderiu. Kod\u0117l taip nutinka, nepaisant tokio \u017emogaus puosel\u0117jamos vizijos, gabum\u0173 ir emocinio intelekto?<\/p>\n<p>Tarptautin\u012f pripa\u017einim\u0105 pelniusio bestselerio \u201eLyderyst\u0117s pagrindas\u201c (\u201ePrimal Leadership\u201c; Jungtin\u0117je Karalyst\u0117je i\u0161leista pavadinimu \u201eThe New Leaders\u201c) bendraautoriai Richardas Boyatzis ir Annie McKee kartu su Danielu Golemanu teigia, kad \u0161i\u0173 dien\u0173 vadovai susiduria su precedent\u0173 neturin\u010diais i\u0161\u0161\u016bkiais, kurie \u012fsuka \u012f u\u017edar\u0105 streso ir aukojimosi rat\u0105, kuriame beveik arba ir visi\u0161kai n\u0117ra laiko atsigauti. Tod\u0117l galiausiai net ir patys darniausi lyderiai, kuri\u0173 geb\u0117jimas sumaniai valdyti savo ir kit\u0173 emocijas kadaise j\u0173 kompanijas i\u0161k\u0117l\u0117 \u012f auk\u0161tumas, vis labiau praranda \u0161\u012f harmoning\u0105 ry\u0161\u012f.<\/p>\n<p>Knygoje \u201eDarni lyderyst\u0117\u201c R. Boyatzis ir A. McKee ap\u017evelgia i\u0161tisus de\u0161imtme\u010dius vykdytus \u012fvairi\u0173 mokslo sri\u010di\u0173 tyrimus ir pateikia praktin\u012f vadov\u0105 lyderiams, kaip kurti ir palaikyti darn\u0105 savo santykiuose, komandoje ir organizacijoje. Kad \u012fveikt\u0173 nei\u0161vengiam\u0105 \u201evadovavimo stres\u0105\u201c, vadovams b\u016btina i\u0161sivaduoti i\u0161 destruktyvios rutinos ir atgauti fizines, protines ir emocines galias s\u0105moningai valdant savo \u201epasiaukojimo ir atsinaujinimo cikl\u0105\u201c.<\/p>\n<p>\u201eDarni lyderyst\u0117\u201c pateikia \u012ftikinam\u0173 pavyzd\u017ei\u0173 i\u0161 garsiausi\u0173 pasaulio organizacij\u0173, rodan\u010di\u0173, kaip trys pagrindiniai elementai \u2013 atida, viltis ir u\u017euojauta \u2013 yra b\u016btini, siekiant atsinaujinti ir i\u0161saugoti darn\u0105. Autoriai \u012frodo, kad \u0161ios i\u0161 pa\u017ei\u016bros \u201e\u0161velnios\u201c s\u0105vokos pasirod\u0117 besan\u010dios praktin\u0117s lyderyst\u0117s pamatu, padedan\u010diu pasiekti teigiam\u0173 fiziologini\u0173 ir psichologini\u0173 poky\u010di\u0173, kurie savo ruo\u017etu \u012fgalina vadovus \u012fveikti neigiamus chroni\u0161ko streso padarinius. Knyga pateikia ir nema\u017eai pratim\u0173 bei prakti\u0161kai i\u0161bandyt\u0105 \u201eS\u0105moningo pasikeitimo model\u012f\u201c, pad\u0117siant\u012f vadovams siekti darnos ir atsinaujinimo.<\/p>\n<p>Lyderiai negali likti veikl\u016bs, jei nesugeba palaikyti savo j\u0117g\u0173. \u201eDarni lyderyst\u0117\u201c \u012fkv\u0117pia ir si\u016blo priemones, kurios pad\u0117s skaitytojams tapti ir i\u0161likti s\u0117kmingais lyderiais darbe ir gyvenime.<\/p>\n","protected":false},"excerpt":{"rendered":"<p>Visi esame tai mat\u0119: ambicingas lyderis, kuriam gerai sekasi, staiga nepaai\u0161kinamai \u017elunga ir i\u0161sisemia. Galb\u016bt net jums patiems yra tek\u0119 b\u016bti tokiu lyderiu. Kod\u0117l taip nutinka, nepaisant tokio \u017emogaus puosel\u0117jamos vizijos, gabum\u0173 ir emocinio intelekto? Tarptautin\u012f pripa\u017einim\u0105 pelniusio bestselerio \u201eLyderyst\u0117s pagrindas\u201c (\u201ePrimal Leadership\u201c; Jungtin\u0117je Karalyst\u0117je i\u0161leista pavadinimu \u201eThe New Leaders\u201c) bendraautoriai Richardas Boyatzis ir Annie McKee kartu su Danielu Golemanu teigia, kad \u0161i\u0173 dien\u0173 vadovai susiduria su precedent\u0173 neturin\u010diais i\u0161\u0161\u016bkiais, kurie \u012fsuka \u012f u\u017edar\u0105 streso ir aukojimosi rat\u0105, kuriame beveik arba ir visi\u0161kai n\u0117ra laiko atsigauti. Tod\u0117l galiausiai net ir patys darniausi lyderiai, kuri\u0173 geb\u0117jimas sumaniai valdyti savo ir kit\u0173 emocijas kadaise j\u0173 kompanijas i\u0161k\u0117l\u0117 \u012f auk\u0161tumas, vis labiau praranda \u0161\u012f harmoning\u0105 ry\u0161\u012f. Knygoje \u201eDarni lyderyst\u0117\u201c R. Boyatzis ir A. McKee ap\u017evelgia i\u0161tisus de\u0161imtme\u010dius vykdytus \u012fvairi\u0173 mokslo sri\u010di\u0173 tyrimus ir pateikia praktin\u012f vadov\u0105 lyderiams, kaip kurti ir palaikyti darn\u0105 savo santykiuose, komandoje ir organizacijoje. Kad \u012fveikt\u0173 nei\u0161vengiam\u0105 \u201evadovavimo stres\u0105\u201c, vadovams b\u016btina i\u0161sivaduoti i\u0161 destruktyvios rutinos ir atgauti fizines, protines ir emocines galias s\u0105moningai valdant savo \u201epasiaukojimo ir atsinaujinimo cikl\u0105\u201c. \u201eDarni lyderyst\u0117\u201c pateikia \u012ftikinam\u0173 pavyzd\u017ei\u0173 i\u0161 garsiausi\u0173 pasaulio organizacij\u0173, rodan\u010di\u0173, kaip trys pagrindiniai elementai \u2013 atida, viltis ir u\u017euojauta \u2013 yra b\u016btini, siekiant atsinaujinti ir i\u0161saugoti darn\u0105. Autoriai \u012frodo, kad \u0161ios i\u0161 pa\u017ei\u016bros \u201e\u0161velnios\u201c s\u0105vokos pasirod\u0117 besan\u010dios praktin\u0117s lyderyst\u0117s pamatu, padedan\u010diu pasiekti teigiam\u0173 fiziologini\u0173 ir psichologini\u0173 poky\u010di\u0173, kurie savo ruo\u017etu \u012fgalina vadovus \u012fveikti neigiamus chroni\u0161ko streso padarinius. Knyga pateikia ir nema\u017eai pratim\u0173 bei prakti\u0161kai i\u0161bandyt\u0105 \u201eS\u0105moningo pasikeitimo model\u012f\u201c, pad\u0117siant\u012f vadovams siekti darnos ir atsinaujinimo. Lyderiai negali likti veikl\u016bs, jei nesugeba palaikyti savo j\u0117g\u0173. \u201eDarni lyderyst\u0117\u201c \u012fkv\u0117pia ir si\u016blo priemones, kurios pad\u0117s skaitytojams tapti ir i\u0161likti s\u0117kmingais lyderiais darbe ir gyvenime.<\/p>\n","protected":false},"featured_media":18916,"comment_status":"open","ping_status":"closed","template":"","meta":{"_acf_changed":false,"site-sidebar-layout":"default","site-content-layout":"","ast-site-content-layout":"default","site-content-style":"default","site-sidebar-style":"default","ast-global-header-display":"","ast-banner-title-visibility":"","ast-main-header-display":"","ast-hfb-above-header-display":"","ast-hfb-below-header-display":"","ast-hfb-mobile-header-display":"","site-post-title":"","ast-breadcrumbs-content":"","ast-featured-img":"","footer-sml-layout":"","ast-disable-related-posts":"","theme-transparent-header-meta":"","adv-header-id-meta":"","stick-header-meta":"","header-above-stick-meta":"","header-main-stick-meta":"","header-below-stick-meta":"","astra-migrate-meta-layouts":"default","ast-page-background-enabled":"default","ast-page-background-meta":{"desktop":{"background-color":"","background-image":"","background-repeat":"repeat","background-position":"center center","background-size":"auto","background-attachment":"scroll","background-type":"","background-media":"","overlay-type":"","overlay-color":"","overlay-opacity":"","overlay-gradient":""},"tablet":{"background-color":"","background-image":"","background-repeat":"repeat","background-position":"center center","background-size":"auto","background-attachment":"scroll","background-type":"","background-media":"","overlay-type":"","overlay-color":"","overlay-opacity":"","overlay-gradient":""},"mobile":{"background-color":"","background-image":"","background-repeat":"repeat","background-position":"center center","background-size":"auto","background-attachment":"scroll","background-type":"","background-media":"","overlay-type":"","overlay-color":"","overlay-opacity":"","overlay-gradient":""}},"ast-content-background-meta":{"desktop":{"background-color":"var(--ast-global-color-4)","background-image":"","background-repeat":"repeat","background-position":"center center","background-size":"auto","background-attachment":"scroll","background-type":"","background-media":"","overlay-type":"","overlay-color":"","overlay-opacity":"","overlay-gradient":""},"tablet":{"background-color":"var(--ast-global-color-4)","background-image":"","background-repeat":"repeat","background-position":"center center","background-size":"auto","background-attachment":"scroll","background-type":"","background-media":"","overlay-type":"","overlay-color":"","overlay-opacity":"","overlay-gradient":""},"mobile":{"background-color":"var(--ast-global-color-4)","background-image":"","background-repeat":"repeat","background-position":"center center","background-size":"auto","background-attachment":"scroll","background-type":"","background-media":"","overlay-type":"","overlay-color":"","overlay-opacity":"","overlay-gradient":""}}},"product_brand":[],"product_cat":[26],"product_tag":[5408,1397,1408,1392,5409,2961,2404],"class_list":{"0":"post-18915","1":"product","2":"type-product","3":"status-publish","4":"has-post-thumbnail","6":"product_cat-verslas-vadyba-ir-finansai","7":"product_tag-anne-mckee","8":"product_tag-emocinis-intelektas","9":"product_tag-lyderyste","10":"product_tag-psichologija","11":"product_tag-richard-boyatzis","12":"product_tag-stresas","13":"product_tag-vadovavimas","14":"desktop-align-left","15":"tablet-align-left","16":"mobile-align-left","18":"first","19":"instock","20":"shipping-taxable","21":"purchasable","22":"product-type-simple"},"acf":[],"yoast_head":"<!-- This site is optimized with the Yoast SEO plugin v27.0 - https:\/\/yoast.com\/product\/yoast-seo-wordpress\/ -->\n<title>Darni lyderyst\u0117<\/title>\n<meta name=\"description\" content=\"Visi esame tai mat\u0119: ambicingas lyderis, kuriam gerai sekasi, staiga nepaai\u0161kinamai \u017elunga ir i\u0161sisemia. Galb\u016bt net jums patiems yra tek\u0119 b\u016bti tokiu\" \/>\n<meta name=\"robots\" content=\"index, follow, max-snippet:-1, max-image-preview:large, max-video-preview:-1\" \/>\n<link rel=\"canonical\" href=\"https:\/\/skaitytaknyga.lt\/en\/produktas\/darni-lyderyste\/\" \/>\n<meta property=\"og:locale\" content=\"en_GB\" \/>\n<meta property=\"og:locale:alternate\" content=\"lt_LT\" \/>\n<meta property=\"og:type\" content=\"article\" \/>\n<meta property=\"og:title\" content=\"Darni lyderyst\u0117\" \/>\n<meta property=\"og:description\" content=\"Visi esame tai mat\u0119: ambicingas lyderis, kuriam gerai sekasi, staiga nepaai\u0161kinamai \u017elunga ir i\u0161sisemia. Galb\u016bt net jums patiems yra tek\u0119 b\u016bti tokiu\" \/>\n<meta property=\"og:url\" content=\"https:\/\/skaitytaknyga.lt\/en\/produktas\/darni-lyderyste\/\" \/>\n<meta property=\"og:site_name\" content=\"Skaitytaknyga\" \/>\n<meta property=\"article:publisher\" content=\"https:\/\/www.facebook.com\/skaitytaknyga\/\" \/>\n<meta property=\"article:modified_time\" content=\"2025-08-01T05:24:17+00:00\" \/>\n<meta property=\"og:image\" content=\"https:\/\/skaitytaknyga.lt\/wp-content\/uploads\/2025\/06\/Darni-lyderyste.webp\" \/>\n\t<meta property=\"og:image:width\" content=\"517\" \/>\n\t<meta property=\"og:image:height\" content=\"801\" \/>\n\t<meta property=\"og:image:type\" content=\"image\/webp\" \/>\n<meta name=\"twitter:card\" content=\"summary_large_image\" \/>\n<meta name=\"twitter:label1\" content=\"Estimated reading time\" \/>\n\t<meta name=\"twitter:data1\" content=\"2 minutes\" \/>\n<script type=\"application\/ld+json\" class=\"yoast-schema-graph\">{\"@context\":\"https:\/\/schema.org\",\"@graph\":[{\"@type\":\"WebPage\",\"@id\":\"https:\/\/skaitytaknyga.lt\/produktas\/darni-lyderyste\/\",\"url\":\"https:\/\/skaitytaknyga.lt\/produktas\/darni-lyderyste\/\",\"name\":\"Darni lyderyst\u0117\",\"isPartOf\":{\"@id\":\"https:\/\/skaitytaknyga.lt\/#website\"},\"primaryImageOfPage\":{\"@id\":\"https:\/\/skaitytaknyga.lt\/produktas\/darni-lyderyste\/#primaryimage\"},\"image\":{\"@id\":\"https:\/\/skaitytaknyga.lt\/produktas\/darni-lyderyste\/#primaryimage\"},\"thumbnailUrl\":\"https:\/\/skaitytaknyga.lt\/wp-content\/uploads\/2025\/06\/Darni-lyderyste.webp\",\"datePublished\":\"2025-06-15T08:42:42+00:00\",\"dateModified\":\"2025-08-01T05:24:17+00:00\",\"description\":\"Visi esame tai mat\u0119: ambicingas lyderis, kuriam gerai sekasi, staiga nepaai\u0161kinamai \u017elunga ir i\u0161sisemia. Galb\u016bt net jums patiems yra tek\u0119 b\u016bti tokiu\",\"breadcrumb\":{\"@id\":\"https:\/\/skaitytaknyga.lt\/produktas\/darni-lyderyste\/#breadcrumb\"},\"inLanguage\":\"en-GB\",\"potentialAction\":[{\"@type\":\"ReadAction\",\"target\":[\"https:\/\/skaitytaknyga.lt\/produktas\/darni-lyderyste\/\"]}]},{\"@type\":\"ImageObject\",\"inLanguage\":\"en-GB\",\"@id\":\"https:\/\/skaitytaknyga.lt\/produktas\/darni-lyderyste\/#primaryimage\",\"url\":\"https:\/\/skaitytaknyga.lt\/wp-content\/uploads\/2025\/06\/Darni-lyderyste.webp\",\"contentUrl\":\"https:\/\/skaitytaknyga.lt\/wp-content\/uploads\/2025\/06\/Darni-lyderyste.webp\",\"width\":517,\"height\":801,\"caption\":\"Darni lyderyst\u0117 Richard Boyatzis, Anne McKee\"},{\"@type\":\"BreadcrumbList\",\"@id\":\"https:\/\/skaitytaknyga.lt\/produktas\/darni-lyderyste\/#breadcrumb\",\"itemListElement\":[{\"@type\":\"ListItem\",\"position\":1,\"name\":\"Home\",\"item\":\"https:\/\/skaitytaknyga.lt\/\"},{\"@type\":\"ListItem\",\"position\":2,\"name\":\"Parduotuv\u0117\",\"item\":\"https:\/\/skaitytaknyga.lt\/knygu-parduotuve\/\"},{\"@type\":\"ListItem\",\"position\":3,\"name\":\"Darni lyderyst\u0117\"}]},{\"@type\":\"WebSite\",\"@id\":\"https:\/\/skaitytaknyga.lt\/#website\",\"url\":\"https:\/\/skaitytaknyga.lt\/\",\"name\":\"skaitytaknyga.lt\",\"description\":\"Skaitytaknyga.lt \u2013 tai ma\u017eas \u0161eimos verslas, kuris prasid\u0117jo nuo meil\u0117s knygoms ir siekio i\u0161gelb\u0117ti knygas nuo likimo prie konteinerio. Kas vienam nereikalingas daiktas \u2013 kitam lobis, o mes esame tarpininkai, kurie padeda abiems tapti laimingesniems ???? \u017dinome kaip nelengva i\u0161gyventi ma\u017eiems verslams, tad nuo \u0161iol, \u010dia rasite ir kit\u0173, ma\u017e\u0173 \u0161eim\u0173 versl\u0173, rank\u0173 darbo, dovan\u0173 sau ir artimiesiems.\",\"publisher\":{\"@id\":\"https:\/\/skaitytaknyga.lt\/#organization\"},\"potentialAction\":[{\"@type\":\"SearchAction\",\"target\":{\"@type\":\"EntryPoint\",\"urlTemplate\":\"https:\/\/skaitytaknyga.lt\/?s={search_term_string}\"},\"query-input\":{\"@type\":\"PropertyValueSpecification\",\"valueRequired\":true,\"valueName\":\"search_term_string\"}}],\"inLanguage\":\"en-GB\"},{\"@type\":\"Organization\",\"@id\":\"https:\/\/skaitytaknyga.lt\/#organization\",\"name\":\"skaitytaknyga.lt\",\"url\":\"https:\/\/skaitytaknyga.lt\/\",\"logo\":{\"@type\":\"ImageObject\",\"inLanguage\":\"en-GB\",\"@id\":\"https:\/\/skaitytaknyga.lt\/#\/schema\/logo\/image\/\",\"url\":\"https:\/\/skaitytaknyga.lt\/wp-content\/uploads\/2024\/05\/cropped-cropped-cropped-02_00843_jt3bggkj1j3HLc7SyY6rEUpg.jpeg\",\"contentUrl\":\"https:\/\/skaitytaknyga.lt\/wp-content\/uploads\/2024\/05\/cropped-cropped-cropped-02_00843_jt3bggkj1j3HLc7SyY6rEUpg.jpeg\",\"width\":1600,\"height\":1600,\"caption\":\"skaitytaknyga.lt\"},\"image\":{\"@id\":\"https:\/\/skaitytaknyga.lt\/#\/schema\/logo\/image\/\"},\"sameAs\":[\"https:\/\/www.facebook.com\/skaitytaknyga\/\"]}]}<\/script>\n<!-- \/ Yoast SEO plugin. -->","yoast_head_json":{"title":"Darni lyderyst\u0117","description":"Visi esame tai mat\u0119: ambicingas lyderis, kuriam gerai sekasi, staiga nepaai\u0161kinamai \u017elunga ir i\u0161sisemia. Galb\u016bt net jums patiems yra tek\u0119 b\u016bti tokiu","robots":{"index":"index","follow":"follow","max-snippet":"max-snippet:-1","max-image-preview":"max-image-preview:large","max-video-preview":"max-video-preview:-1"},"canonical":"https:\/\/skaitytaknyga.lt\/en\/produktas\/darni-lyderyste\/","og_locale":"en_GB","og_type":"article","og_title":"[:lt]Darni lyderyst\u0117[:] - Skaitytaknyga","og_description":"Visi esame tai mat\u0119: ambicingas lyderis, kuriam gerai sekasi, staiga nepaai\u0161kinamai \u017elunga ir i\u0161sisemia. Galb\u016bt net jums patiems yra tek\u0119 b\u016bti tokiu","og_url":"https:\/\/skaitytaknyga.lt\/en\/produktas\/darni-lyderyste\/","og_site_name":"Skaitytaknyga","article_publisher":"https:\/\/www.facebook.com\/skaitytaknyga\/","article_modified_time":"2025-08-01T05:24:17+00:00","og_image":[{"width":517,"height":801,"url":"https:\/\/skaitytaknyga.lt\/wp-content\/uploads\/2025\/06\/Darni-lyderyste.webp","type":"image\/webp"}],"twitter_card":"summary_large_image","twitter_misc":{"Estimated reading time":"2 minutes"},"schema":{"@context":"https:\/\/schema.org","@graph":[{"@type":"WebPage","@id":"https:\/\/skaitytaknyga.lt\/produktas\/darni-lyderyste\/","url":"https:\/\/skaitytaknyga.lt\/produktas\/darni-lyderyste\/","name":"Darni lyderyst\u0117","isPartOf":{"@id":"https:\/\/skaitytaknyga.lt\/#website"},"primaryImageOfPage":{"@id":"https:\/\/skaitytaknyga.lt\/produktas\/darni-lyderyste\/#primaryimage"},"image":{"@id":"https:\/\/skaitytaknyga.lt\/produktas\/darni-lyderyste\/#primaryimage"},"thumbnailUrl":"https:\/\/skaitytaknyga.lt\/wp-content\/uploads\/2025\/06\/Darni-lyderyste.webp","datePublished":"2025-06-15T08:42:42+00:00","dateModified":"2025-08-01T05:24:17+00:00","description":"Visi esame tai mat\u0119: ambicingas lyderis, kuriam gerai sekasi, staiga nepaai\u0161kinamai \u017elunga ir i\u0161sisemia. Galb\u016bt net jums patiems yra tek\u0119 b\u016bti tokiu","breadcrumb":{"@id":"https:\/\/skaitytaknyga.lt\/produktas\/darni-lyderyste\/#breadcrumb"},"inLanguage":"en-GB","potentialAction":[{"@type":"ReadAction","target":["https:\/\/skaitytaknyga.lt\/produktas\/darni-lyderyste\/"]}]},{"@type":"ImageObject","inLanguage":"en-GB","@id":"https:\/\/skaitytaknyga.lt\/produktas\/darni-lyderyste\/#primaryimage","url":"https:\/\/skaitytaknyga.lt\/wp-content\/uploads\/2025\/06\/Darni-lyderyste.webp","contentUrl":"https:\/\/skaitytaknyga.lt\/wp-content\/uploads\/2025\/06\/Darni-lyderyste.webp","width":517,"height":801,"caption":"Darni lyderyst\u0117 Richard Boyatzis, Anne McKee"},{"@type":"BreadcrumbList","@id":"https:\/\/skaitytaknyga.lt\/produktas\/darni-lyderyste\/#breadcrumb","itemListElement":[{"@type":"ListItem","position":1,"name":"Home","item":"https:\/\/skaitytaknyga.lt\/"},{"@type":"ListItem","position":2,"name":"Parduotuv\u0117","item":"https:\/\/skaitytaknyga.lt\/knygu-parduotuve\/"},{"@type":"ListItem","position":3,"name":"Darni lyderyst\u0117"}]},{"@type":"WebSite","@id":"https:\/\/skaitytaknyga.lt\/#website","url":"https:\/\/skaitytaknyga.lt\/","name":"skaitytaknyga.lt","description":"Skaitytaknyga.lt \u2013 tai ma\u017eas \u0161eimos verslas, kuris prasid\u0117jo nuo meil\u0117s knygoms ir siekio i\u0161gelb\u0117ti knygas nuo likimo prie konteinerio. Kas vienam nereikalingas daiktas \u2013 kitam lobis, o mes esame tarpininkai, kurie padeda abiems tapti laimingesniems ???? \u017dinome kaip nelengva i\u0161gyventi ma\u017eiems verslams, tad nuo \u0161iol, \u010dia rasite ir kit\u0173, ma\u017e\u0173 \u0161eim\u0173 versl\u0173, rank\u0173 darbo, dovan\u0173 sau ir artimiesiems.","publisher":{"@id":"https:\/\/skaitytaknyga.lt\/#organization"},"potentialAction":[{"@type":"SearchAction","target":{"@type":"EntryPoint","urlTemplate":"https:\/\/skaitytaknyga.lt\/?s={search_term_string}"},"query-input":{"@type":"PropertyValueSpecification","valueRequired":true,"valueName":"search_term_string"}}],"inLanguage":"en-GB"},{"@type":"Organization","@id":"https:\/\/skaitytaknyga.lt\/#organization","name":"skaitytaknyga.lt","url":"https:\/\/skaitytaknyga.lt\/","logo":{"@type":"ImageObject","inLanguage":"en-GB","@id":"https:\/\/skaitytaknyga.lt\/#\/schema\/logo\/image\/","url":"https:\/\/skaitytaknyga.lt\/wp-content\/uploads\/2024\/05\/cropped-cropped-cropped-02_00843_jt3bggkj1j3HLc7SyY6rEUpg.jpeg","contentUrl":"https:\/\/skaitytaknyga.lt\/wp-content\/uploads\/2024\/05\/cropped-cropped-cropped-02_00843_jt3bggkj1j3HLc7SyY6rEUpg.jpeg","width":1600,"height":1600,"caption":"skaitytaknyga.lt"},"image":{"@id":"https:\/\/skaitytaknyga.lt\/#\/schema\/logo\/image\/"},"sameAs":["https:\/\/www.facebook.com\/skaitytaknyga\/"]}]}},"_links":{"self":[{"href":"https:\/\/skaitytaknyga.lt\/en\/wp-json\/wp\/v2\/product\/18915","targetHints":{"allow":["GET"]}}],"collection":[{"href":"https:\/\/skaitytaknyga.lt\/en\/wp-json\/wp\/v2\/product"}],"about":[{"href":"https:\/\/skaitytaknyga.lt\/en\/wp-json\/wp\/v2\/types\/product"}],"replies":[{"embeddable":true,"href":"https:\/\/skaitytaknyga.lt\/en\/wp-json\/wp\/v2\/comments?post=18915"}],"wp:featuredmedia":[{"embeddable":true,"href":"https:\/\/skaitytaknyga.lt\/en\/wp-json\/wp\/v2\/media\/18916"}],"wp:attachment":[{"href":"https:\/\/skaitytaknyga.lt\/en\/wp-json\/wp\/v2\/media?parent=18915"}],"wp:term":[{"taxonomy":"product_brand","embeddable":true,"href":"https:\/\/skaitytaknyga.lt\/en\/wp-json\/wp\/v2\/product_brand?post=18915"},{"taxonomy":"product_cat","embeddable":true,"href":"https:\/\/skaitytaknyga.lt\/en\/wp-json\/wp\/v2\/product_cat?post=18915"},{"taxonomy":"product_tag","embeddable":true,"href":"https:\/\/skaitytaknyga.lt\/en\/wp-json\/wp\/v2\/product_tag?post=18915"}],"curies":[{"name":"wp","href":"https:\/\/api.w.org\/{rel}","templated":true}]}}