{"id":18913,"date":"2025-06-15T11:40:01","date_gmt":"2025-06-15T08:40:01","guid":{"rendered":"https:\/\/skaitytaknyga.lt\/?post_type=product&#038;p=18913"},"modified":"2025-06-26T14:49:17","modified_gmt":"2025-06-26T11:49:17","slug":"jack-london-smokas-belju-kopija","status":"publish","type":"product","link":"https:\/\/skaitytaknyga.lt\/en\/produktas\/jack-london-smokas-belju-kopija\/","title":{"rendered":"Smokas Belju"},"content":{"rendered":"<p>Garsaus amerikie\u010di\u0173 ra\u0161ytojo D\u017eeko Londono (1876-1916) romanas \u201eSmokas Belju\u201c &#8211; tai jau literat\u016bros klasika tapusi istorija apie Kristoferio Belju, v\u0117liau gavusio Smoko Belju vard\u0105, kelion\u0119 \u012f tolim\u0105j\u0105 Aliask\u0105.<\/p>\n<p>Smag\u016bs nuotykiai, kuri\u0173 tik\u0117josi jaunas keliautojas, at\u0161iaurioje, aukso kar\u0161tlig\u0117s apimtoje \u0160iaur\u0117je netrukus virsta nepakeliamai sunkiu k\u016bno ir proto i\u0161m\u0117ginimu. Kovodamas u\u017e i\u0161likim\u0105 Smokas Belju i\u0161 naujo atranda save, tikr\u0105sias gyvenimo vertybes, nuo\u0161ird\u017eios draugyst\u0117s ir pasiaukojan\u010dios meil\u0117s gali\u0105.<\/p>\n","protected":false},"excerpt":{"rendered":"<p>Garsaus amerikie\u010di\u0173 ra\u0161ytojo D\u017eeko Londono (1876-1916) romanas \u201eSmokas Belju\u201c &#8211; tai jau literat\u016bros klasika tapusi istorija apie Kristoferio Belju, v\u0117liau gavusio Smoko Belju vard\u0105, kelion\u0119 \u012f tolim\u0105j\u0105 Aliask\u0105.<\/p>\n<p>Smag\u016bs nuotykiai, kuri\u0173 tik\u0117josi jaunas keliautojas, at\u0161iaurioje, aukso kar\u0161tlig\u0117s apimtoje \u0160iaur\u0117je netrukus virsta nepakeliamai sunkiu k\u016bno ir proto i\u0161m\u0117ginimu. Kovodamas u\u017e i\u0161likim\u0105 Smokas Belju i\u0161 naujo atranda save, tikr\u0105sias gyvenimo vertybes, nuo\u0161ird\u017eios draugyst\u0117s ir pasiaukojan\u010dios meil\u0117s gali\u0105.<\/p>\n","protected":false},"featured_media":18914,"comment_status":"closed","ping_status":"closed","template":"","meta":{"_acf_changed":false,"site-sidebar-layout":"default","site-content-layout":"","ast-site-content-layout":"default","site-content-style":"default","site-sidebar-style":"default","ast-global-header-display":"","ast-banner-title-visibility":"","ast-main-header-display":"","ast-hfb-above-header-display":"","ast-hfb-below-header-display":"","ast-hfb-mobile-header-display":"","site-post-title":"","ast-breadcrumbs-content":"","ast-featured-img":"","footer-sml-layout":"","ast-disable-related-posts":"","theme-transparent-header-meta":"","adv-header-id-meta":"","stick-header-meta":"","header-above-stick-meta":"","header-main-stick-meta":"","header-below-stick-meta":"","astra-migrate-meta-layouts":"default","ast-page-background-enabled":"default","ast-page-background-meta":{"desktop":{"background-color":"","background-image":"","background-repeat":"repeat","background-position":"center center","background-size":"auto","background-attachment":"scroll","background-type":"","background-media":"","overlay-type":"","overlay-color":"","overlay-opacity":"","overlay-gradient":""},"tablet":{"background-color":"","background-image":"","background-repeat":"repeat","background-position":"center center","background-size":"auto","background-attachment":"scroll","background-type":"","background-media":"","overlay-type":"","overlay-color":"","overlay-opacity":"","overlay-gradient":""},"mobile":{"background-color":"","background-image":"","background-repeat":"repeat","background-position":"center center","background-size":"auto","background-attachment":"scroll","background-type":"","background-media":"","overlay-type":"","overlay-color":"","overlay-opacity":"","overlay-gradient":""}},"ast-content-background-meta":{"desktop":{"background-color":"var(--ast-global-color-4)","background-image":"","background-repeat":"repeat","background-position":"center center","background-size":"auto","background-attachment":"scroll","background-type":"","background-media":"","overlay-type":"","overlay-color":"","overlay-opacity":"","overlay-gradient":""},"tablet":{"background-color":"var(--ast-global-color-4)","background-image":"","background-repeat":"repeat","background-position":"center center","background-size":"auto","background-attachment":"scroll","background-type":"","background-media":"","overlay-type":"","overlay-color":"","overlay-opacity":"","overlay-gradient":""},"mobile":{"background-color":"var(--ast-global-color-4)","background-image":"","background-repeat":"repeat","background-position":"center center","background-size":"auto","background-attachment":"scroll","background-type":"","background-media":"","overlay-type":"","overlay-color":"","overlay-opacity":"","overlay-gradient":""}}},"product_brand":[],"product_cat":[31,28],"product_tag":[5406,5407,3537,4021,1437,1451],"class_list":{"0":"post-18913","1":"product","2":"type-product","3":"status-publish","4":"has-post-thumbnail","6":"product_cat-grozine-literatura","7":"product_cat-klasika","8":"product_tag-aliaska","9":"product_tag-aukso-karstlige","10":"product_tag-islikimas","11":"product_tag-jack-london","12":"product_tag-klasika","13":"product_tag-nuotykiai","14":"desktop-align-left","15":"tablet-align-left","16":"mobile-align-left","18":"first","19":"instock","20":"sale","21":"shipping-taxable","22":"purchasable","23":"product-type-simple"},"acf":[],"yoast_head":"<!-- This site is optimized with the Yoast SEO plugin v27.0 - https:\/\/yoast.com\/product\/yoast-seo-wordpress\/ -->\n<title>Smokas Belju<\/title>\n<meta name=\"description\" content=\"Garsaus amerikie\u010di\u0173 ra\u0161ytojo D\u017eeko Londono (1876-1916) romanas \u201eSmokas Belju\u201c - tai jau literat\u016bros klasika tapusi istorija apie Kristoferio Belju, v\u0117liau gavusio Smoko Belju vard\u0105, kelion\u0119 \u012f tolim\u0105j\u0105 Aliask\u0105.  Smag\u016bs nuotykiai, kuri\u0173 tik\u0117josi jaunas keliautojas, at\u0161iaurioje, aukso kar\u0161tlig\u0117s apimtoje \u0160iaur\u0117je netrukus virsta nepakeliamai sunkiu k\u016bno ir proto i\u0161m\u0117ginimu. Kovodamas u\u017e i\u0161likim\u0105 Smokas Belju i\u0161 naujo atranda save, tikr\u0105sias gyvenimo vertybes, nuo\u0161ird\u017eios draugyst\u0117s ir pasiaukojan\u010dios meil\u0117s gali\u0105.\" \/>\n<meta name=\"robots\" content=\"index, follow, max-snippet:-1, max-image-preview:large, max-video-preview:-1\" \/>\n<link rel=\"canonical\" href=\"https:\/\/skaitytaknyga.lt\/en\/produktas\/jack-london-smokas-belju-kopija\/\" \/>\n<meta property=\"og:locale\" content=\"en_GB\" \/>\n<meta property=\"og:locale:alternate\" content=\"lt_LT\" \/>\n<meta property=\"og:type\" content=\"article\" \/>\n<meta property=\"og:title\" content=\"Smokas Belju\" \/>\n<meta property=\"og:description\" content=\"Garsaus amerikie\u010di\u0173 ra\u0161ytojo D\u017eeko Londono (1876-1916) romanas \u201eSmokas Belju\u201c - tai jau literat\u016bros klasika tapusi istorija apie Kristoferio Belju, v\u0117liau gavusio Smoko Belju vard\u0105, kelion\u0119 \u012f tolim\u0105j\u0105 Aliask\u0105.  Smag\u016bs nuotykiai, kuri\u0173 tik\u0117josi jaunas keliautojas, at\u0161iaurioje, aukso kar\u0161tlig\u0117s apimtoje \u0160iaur\u0117je netrukus virsta nepakeliamai sunkiu k\u016bno ir proto i\u0161m\u0117ginimu. Kovodamas u\u017e i\u0161likim\u0105 Smokas Belju i\u0161 naujo atranda save, tikr\u0105sias gyvenimo vertybes, nuo\u0161ird\u017eios draugyst\u0117s ir pasiaukojan\u010dios meil\u0117s gali\u0105.\" \/>\n<meta property=\"og:url\" content=\"https:\/\/skaitytaknyga.lt\/en\/produktas\/jack-london-smokas-belju-kopija\/\" \/>\n<meta property=\"og:site_name\" content=\"Skaitytaknyga\" \/>\n<meta property=\"article:publisher\" content=\"https:\/\/www.facebook.com\/skaitytaknyga\/\" \/>\n<meta property=\"article:modified_time\" content=\"2025-06-26T11:49:17+00:00\" \/>\n<meta property=\"og:image\" content=\"https:\/\/skaitytaknyga.lt\/wp-content\/uploads\/2025\/06\/Smokas-Belju.webp\" \/>\n\t<meta property=\"og:image:width\" content=\"297\" \/>\n\t<meta property=\"og:image:height\" content=\"450\" \/>\n\t<meta property=\"og:image:type\" content=\"image\/webp\" \/>\n<meta name=\"twitter:card\" content=\"summary_large_image\" \/>\n<meta name=\"twitter:label1\" content=\"Estimated reading time\" \/>\n\t<meta name=\"twitter:data1\" content=\"1 minute\" \/>\n<script type=\"application\/ld+json\" class=\"yoast-schema-graph\">{\"@context\":\"https:\/\/schema.org\",\"@graph\":[{\"@type\":\"WebPage\",\"@id\":\"https:\/\/skaitytaknyga.lt\/produktas\/jack-london-smokas-belju-kopija\/\",\"url\":\"https:\/\/skaitytaknyga.lt\/produktas\/jack-london-smokas-belju-kopija\/\",\"name\":\"Smokas Belju\",\"isPartOf\":{\"@id\":\"https:\/\/skaitytaknyga.lt\/#website\"},\"primaryImageOfPage\":{\"@id\":\"https:\/\/skaitytaknyga.lt\/produktas\/jack-london-smokas-belju-kopija\/#primaryimage\"},\"image\":{\"@id\":\"https:\/\/skaitytaknyga.lt\/produktas\/jack-london-smokas-belju-kopija\/#primaryimage\"},\"thumbnailUrl\":\"https:\/\/skaitytaknyga.lt\/wp-content\/uploads\/2025\/06\/Smokas-Belju.webp\",\"datePublished\":\"2025-06-15T08:40:01+00:00\",\"dateModified\":\"2025-06-26T11:49:17+00:00\",\"description\":\"Garsaus amerikie\u010di\u0173 ra\u0161ytojo D\u017eeko Londono (1876-1916) romanas \u201eSmokas Belju\u201c - tai jau literat\u016bros klasika tapusi istorija apie Kristoferio Belju, v\u0117liau gavusio Smoko Belju vard\u0105, kelion\u0119 \u012f tolim\u0105j\u0105 Aliask\u0105. Smag\u016bs nuotykiai, kuri\u0173 tik\u0117josi jaunas keliautojas, at\u0161iaurioje, aukso kar\u0161tlig\u0117s apimtoje \u0160iaur\u0117je netrukus virsta nepakeliamai sunkiu k\u016bno ir proto i\u0161m\u0117ginimu. Kovodamas u\u017e i\u0161likim\u0105 Smokas Belju i\u0161 naujo atranda save, tikr\u0105sias gyvenimo vertybes, nuo\u0161ird\u017eios draugyst\u0117s ir pasiaukojan\u010dios meil\u0117s gali\u0105.\",\"breadcrumb\":{\"@id\":\"https:\/\/skaitytaknyga.lt\/produktas\/jack-london-smokas-belju-kopija\/#breadcrumb\"},\"inLanguage\":\"en-GB\",\"potentialAction\":[{\"@type\":\"ReadAction\",\"target\":[\"https:\/\/skaitytaknyga.lt\/produktas\/jack-london-smokas-belju-kopija\/\"]}]},{\"@type\":\"ImageObject\",\"inLanguage\":\"en-GB\",\"@id\":\"https:\/\/skaitytaknyga.lt\/produktas\/jack-london-smokas-belju-kopija\/#primaryimage\",\"url\":\"https:\/\/skaitytaknyga.lt\/wp-content\/uploads\/2025\/06\/Smokas-Belju.webp\",\"contentUrl\":\"https:\/\/skaitytaknyga.lt\/wp-content\/uploads\/2025\/06\/Smokas-Belju.webp\",\"width\":297,\"height\":450,\"caption\":\"Smokas Belju\"},{\"@type\":\"BreadcrumbList\",\"@id\":\"https:\/\/skaitytaknyga.lt\/produktas\/jack-london-smokas-belju-kopija\/#breadcrumb\",\"itemListElement\":[{\"@type\":\"ListItem\",\"position\":1,\"name\":\"Home\",\"item\":\"https:\/\/skaitytaknyga.lt\/\"},{\"@type\":\"ListItem\",\"position\":2,\"name\":\"Parduotuv\u0117\",\"item\":\"https:\/\/skaitytaknyga.lt\/knygu-parduotuve\/\"},{\"@type\":\"ListItem\",\"position\":3,\"name\":\"Smokas Belju\"}]},{\"@type\":\"WebSite\",\"@id\":\"https:\/\/skaitytaknyga.lt\/#website\",\"url\":\"https:\/\/skaitytaknyga.lt\/\",\"name\":\"skaitytaknyga.lt\",\"description\":\"Skaitytaknyga.lt \u2013 tai ma\u017eas \u0161eimos verslas, kuris prasid\u0117jo nuo meil\u0117s knygoms ir siekio i\u0161gelb\u0117ti knygas nuo likimo prie konteinerio. Kas vienam nereikalingas daiktas \u2013 kitam lobis, o mes esame tarpininkai, kurie padeda abiems tapti laimingesniems ???? \u017dinome kaip nelengva i\u0161gyventi ma\u017eiems verslams, tad nuo \u0161iol, \u010dia rasite ir kit\u0173, ma\u017e\u0173 \u0161eim\u0173 versl\u0173, rank\u0173 darbo, dovan\u0173 sau ir artimiesiems.\",\"publisher\":{\"@id\":\"https:\/\/skaitytaknyga.lt\/#organization\"},\"potentialAction\":[{\"@type\":\"SearchAction\",\"target\":{\"@type\":\"EntryPoint\",\"urlTemplate\":\"https:\/\/skaitytaknyga.lt\/?s={search_term_string}\"},\"query-input\":{\"@type\":\"PropertyValueSpecification\",\"valueRequired\":true,\"valueName\":\"search_term_string\"}}],\"inLanguage\":\"en-GB\"},{\"@type\":\"Organization\",\"@id\":\"https:\/\/skaitytaknyga.lt\/#organization\",\"name\":\"skaitytaknyga.lt\",\"url\":\"https:\/\/skaitytaknyga.lt\/\",\"logo\":{\"@type\":\"ImageObject\",\"inLanguage\":\"en-GB\",\"@id\":\"https:\/\/skaitytaknyga.lt\/#\/schema\/logo\/image\/\",\"url\":\"https:\/\/skaitytaknyga.lt\/wp-content\/uploads\/2024\/05\/cropped-cropped-cropped-02_00843_jt3bggkj1j3HLc7SyY6rEUpg.jpeg\",\"contentUrl\":\"https:\/\/skaitytaknyga.lt\/wp-content\/uploads\/2024\/05\/cropped-cropped-cropped-02_00843_jt3bggkj1j3HLc7SyY6rEUpg.jpeg\",\"width\":1600,\"height\":1600,\"caption\":\"skaitytaknyga.lt\"},\"image\":{\"@id\":\"https:\/\/skaitytaknyga.lt\/#\/schema\/logo\/image\/\"},\"sameAs\":[\"https:\/\/www.facebook.com\/skaitytaknyga\/\"]}]}<\/script>\n<!-- \/ Yoast SEO plugin. -->","yoast_head_json":{"title":"Smokas Belju","description":"Garsaus amerikie\u010di\u0173 ra\u0161ytojo D\u017eeko Londono (1876-1916) romanas \u201eSmokas Belju\u201c - tai jau literat\u016bros klasika tapusi istorija apie Kristoferio Belju, v\u0117liau gavusio Smoko Belju vard\u0105, kelion\u0119 \u012f tolim\u0105j\u0105 Aliask\u0105.  Smag\u016bs nuotykiai, kuri\u0173 tik\u0117josi jaunas keliautojas, at\u0161iaurioje, aukso kar\u0161tlig\u0117s apimtoje \u0160iaur\u0117je netrukus virsta nepakeliamai sunkiu k\u016bno ir proto i\u0161m\u0117ginimu. Kovodamas u\u017e i\u0161likim\u0105 Smokas Belju i\u0161 naujo atranda save, tikr\u0105sias gyvenimo vertybes, nuo\u0161ird\u017eios draugyst\u0117s ir pasiaukojan\u010dios meil\u0117s gali\u0105.","robots":{"index":"index","follow":"follow","max-snippet":"max-snippet:-1","max-image-preview":"max-image-preview:large","max-video-preview":"max-video-preview:-1"},"canonical":"https:\/\/skaitytaknyga.lt\/en\/produktas\/jack-london-smokas-belju-kopija\/","og_locale":"en_GB","og_type":"article","og_title":"[:lt]Smokas Belju[:] - Skaitytaknyga","og_description":"Garsaus amerikie\u010di\u0173 ra\u0161ytojo D\u017eeko Londono (1876-1916) romanas \u201eSmokas Belju\u201c - tai jau literat\u016bros klasika tapusi istorija apie Kristoferio Belju, v\u0117liau gavusio Smoko Belju vard\u0105, kelion\u0119 \u012f tolim\u0105j\u0105 Aliask\u0105.  Smag\u016bs nuotykiai, kuri\u0173 tik\u0117josi jaunas keliautojas, at\u0161iaurioje, aukso kar\u0161tlig\u0117s apimtoje \u0160iaur\u0117je netrukus virsta nepakeliamai sunkiu k\u016bno ir proto i\u0161m\u0117ginimu. Kovodamas u\u017e i\u0161likim\u0105 Smokas Belju i\u0161 naujo atranda save, tikr\u0105sias gyvenimo vertybes, nuo\u0161ird\u017eios draugyst\u0117s ir pasiaukojan\u010dios meil\u0117s gali\u0105.","og_url":"https:\/\/skaitytaknyga.lt\/en\/produktas\/jack-london-smokas-belju-kopija\/","og_site_name":"Skaitytaknyga","article_publisher":"https:\/\/www.facebook.com\/skaitytaknyga\/","article_modified_time":"2025-06-26T11:49:17+00:00","og_image":[{"width":297,"height":450,"url":"https:\/\/skaitytaknyga.lt\/wp-content\/uploads\/2025\/06\/Smokas-Belju.webp","type":"image\/webp"}],"twitter_card":"summary_large_image","twitter_misc":{"Estimated reading time":"1 minute"},"schema":{"@context":"https:\/\/schema.org","@graph":[{"@type":"WebPage","@id":"https:\/\/skaitytaknyga.lt\/produktas\/jack-london-smokas-belju-kopija\/","url":"https:\/\/skaitytaknyga.lt\/produktas\/jack-london-smokas-belju-kopija\/","name":"Smokas Belju","isPartOf":{"@id":"https:\/\/skaitytaknyga.lt\/#website"},"primaryImageOfPage":{"@id":"https:\/\/skaitytaknyga.lt\/produktas\/jack-london-smokas-belju-kopija\/#primaryimage"},"image":{"@id":"https:\/\/skaitytaknyga.lt\/produktas\/jack-london-smokas-belju-kopija\/#primaryimage"},"thumbnailUrl":"https:\/\/skaitytaknyga.lt\/wp-content\/uploads\/2025\/06\/Smokas-Belju.webp","datePublished":"2025-06-15T08:40:01+00:00","dateModified":"2025-06-26T11:49:17+00:00","description":"Garsaus amerikie\u010di\u0173 ra\u0161ytojo D\u017eeko Londono (1876-1916) romanas \u201eSmokas Belju\u201c - tai jau literat\u016bros klasika tapusi istorija apie Kristoferio Belju, v\u0117liau gavusio Smoko Belju vard\u0105, kelion\u0119 \u012f tolim\u0105j\u0105 Aliask\u0105. Smag\u016bs nuotykiai, kuri\u0173 tik\u0117josi jaunas keliautojas, at\u0161iaurioje, aukso kar\u0161tlig\u0117s apimtoje \u0160iaur\u0117je netrukus virsta nepakeliamai sunkiu k\u016bno ir proto i\u0161m\u0117ginimu. Kovodamas u\u017e i\u0161likim\u0105 Smokas Belju i\u0161 naujo atranda save, tikr\u0105sias gyvenimo vertybes, nuo\u0161ird\u017eios draugyst\u0117s ir pasiaukojan\u010dios meil\u0117s gali\u0105.","breadcrumb":{"@id":"https:\/\/skaitytaknyga.lt\/produktas\/jack-london-smokas-belju-kopija\/#breadcrumb"},"inLanguage":"en-GB","potentialAction":[{"@type":"ReadAction","target":["https:\/\/skaitytaknyga.lt\/produktas\/jack-london-smokas-belju-kopija\/"]}]},{"@type":"ImageObject","inLanguage":"en-GB","@id":"https:\/\/skaitytaknyga.lt\/produktas\/jack-london-smokas-belju-kopija\/#primaryimage","url":"https:\/\/skaitytaknyga.lt\/wp-content\/uploads\/2025\/06\/Smokas-Belju.webp","contentUrl":"https:\/\/skaitytaknyga.lt\/wp-content\/uploads\/2025\/06\/Smokas-Belju.webp","width":297,"height":450,"caption":"Smokas Belju"},{"@type":"BreadcrumbList","@id":"https:\/\/skaitytaknyga.lt\/produktas\/jack-london-smokas-belju-kopija\/#breadcrumb","itemListElement":[{"@type":"ListItem","position":1,"name":"Home","item":"https:\/\/skaitytaknyga.lt\/"},{"@type":"ListItem","position":2,"name":"Parduotuv\u0117","item":"https:\/\/skaitytaknyga.lt\/knygu-parduotuve\/"},{"@type":"ListItem","position":3,"name":"Smokas Belju"}]},{"@type":"WebSite","@id":"https:\/\/skaitytaknyga.lt\/#website","url":"https:\/\/skaitytaknyga.lt\/","name":"skaitytaknyga.lt","description":"Skaitytaknyga.lt \u2013 tai ma\u017eas \u0161eimos verslas, kuris prasid\u0117jo nuo meil\u0117s knygoms ir siekio i\u0161gelb\u0117ti knygas nuo likimo prie konteinerio. Kas vienam nereikalingas daiktas \u2013 kitam lobis, o mes esame tarpininkai, kurie padeda abiems tapti laimingesniems ???? \u017dinome kaip nelengva i\u0161gyventi ma\u017eiems verslams, tad nuo \u0161iol, \u010dia rasite ir kit\u0173, ma\u017e\u0173 \u0161eim\u0173 versl\u0173, rank\u0173 darbo, dovan\u0173 sau ir artimiesiems.","publisher":{"@id":"https:\/\/skaitytaknyga.lt\/#organization"},"potentialAction":[{"@type":"SearchAction","target":{"@type":"EntryPoint","urlTemplate":"https:\/\/skaitytaknyga.lt\/?s={search_term_string}"},"query-input":{"@type":"PropertyValueSpecification","valueRequired":true,"valueName":"search_term_string"}}],"inLanguage":"en-GB"},{"@type":"Organization","@id":"https:\/\/skaitytaknyga.lt\/#organization","name":"skaitytaknyga.lt","url":"https:\/\/skaitytaknyga.lt\/","logo":{"@type":"ImageObject","inLanguage":"en-GB","@id":"https:\/\/skaitytaknyga.lt\/#\/schema\/logo\/image\/","url":"https:\/\/skaitytaknyga.lt\/wp-content\/uploads\/2024\/05\/cropped-cropped-cropped-02_00843_jt3bggkj1j3HLc7SyY6rEUpg.jpeg","contentUrl":"https:\/\/skaitytaknyga.lt\/wp-content\/uploads\/2024\/05\/cropped-cropped-cropped-02_00843_jt3bggkj1j3HLc7SyY6rEUpg.jpeg","width":1600,"height":1600,"caption":"skaitytaknyga.lt"},"image":{"@id":"https:\/\/skaitytaknyga.lt\/#\/schema\/logo\/image\/"},"sameAs":["https:\/\/www.facebook.com\/skaitytaknyga\/"]}]}},"_links":{"self":[{"href":"https:\/\/skaitytaknyga.lt\/en\/wp-json\/wp\/v2\/product\/18913","targetHints":{"allow":["GET"]}}],"collection":[{"href":"https:\/\/skaitytaknyga.lt\/en\/wp-json\/wp\/v2\/product"}],"about":[{"href":"https:\/\/skaitytaknyga.lt\/en\/wp-json\/wp\/v2\/types\/product"}],"replies":[{"embeddable":true,"href":"https:\/\/skaitytaknyga.lt\/en\/wp-json\/wp\/v2\/comments?post=18913"}],"wp:featuredmedia":[{"embeddable":true,"href":"https:\/\/skaitytaknyga.lt\/en\/wp-json\/wp\/v2\/media\/18914"}],"wp:attachment":[{"href":"https:\/\/skaitytaknyga.lt\/en\/wp-json\/wp\/v2\/media?parent=18913"}],"wp:term":[{"taxonomy":"product_brand","embeddable":true,"href":"https:\/\/skaitytaknyga.lt\/en\/wp-json\/wp\/v2\/product_brand?post=18913"},{"taxonomy":"product_cat","embeddable":true,"href":"https:\/\/skaitytaknyga.lt\/en\/wp-json\/wp\/v2\/product_cat?post=18913"},{"taxonomy":"product_tag","embeddable":true,"href":"https:\/\/skaitytaknyga.lt\/en\/wp-json\/wp\/v2\/product_tag?post=18913"}],"curies":[{"name":"wp","href":"https:\/\/api.w.org\/{rel}","templated":true}]}}