{"id":18911,"date":"2025-06-15T11:13:16","date_gmt":"2025-06-15T08:13:16","guid":{"rendered":"https:\/\/skaitytaknyga.lt\/?post_type=product&#038;p=18911"},"modified":"2025-11-13T22:24:35","modified_gmt":"2025-11-13T20:24:35","slug":"portretas-lietuvos-didziojoje-kunigaikstysteje","status":"publish","type":"product","link":"https:\/\/skaitytaknyga.lt\/en\/produktas\/portretas-lietuvos-didziojoje-kunigaikstysteje\/","title":{"rendered":"Portretas Lietuvos Did\u017eiojoje Kunigaik\u0161tyst\u0117je"},"content":{"rendered":"<p>Nemokamai atve\u017eame Lietuvoje (i\u0161skyrus Nering\u0105).<\/p>\n<p>Beveik prie\u0161 tris de\u0161imtme\u010dius Lietuvoje sensacij\u0105 suk\u0117l\u0117 ir i\u0161kart biblio\u00adgrafine retenybe tapo anuomet tik siauram specialist\u0173 ratui \u017einomos dail\u0117tyrinink\u0117s Marijos Matu\u0161akait\u0117s monografija Portretas XVI\u2013XVIII a. Lietuvoje (1984). Po ilg\u0173 kruop\u0161taus darbo met\u0173 garsiausia lietuvi\u0173 dail\u0117s tyr\u0117ja, \u012fvertinta Lietuvos nacionaline kult\u016bros ir meno premija (2009), \u0161iandien v\u0117l gr\u012f\u017eta prie tos pa\u010dios temos.<\/p>\n<p>I\u0161 Lietuvos ir kaimynini\u0173 kra\u0161t\u0173 dail\u0117s lobynuose saugom\u0173, \u00addaugeliu atvej\u0173 jos naujai aptikt\u0173 ir pirm\u0105syk skelbiam\u0173 \u00adXV\u2013XVIII a. Lietuvos Did\u017eiosios Kunigaik\u0161tyst\u0117s paveiksl\u0173, fresk\u0173 ir rai\u017eini\u0173 prie\u0161 skaitytoj\u0173 akis kaip gyvi i\u0161kyla gars\u016bs arba primir\u0161ti m\u016bs\u0173 kra\u0161to praeities veik\u0117jai ir gird\u0117ti arba visi\u0161kai ne\u017einomi j\u0173 portret\u0173 k\u016br\u0117j\u0173 \u00advardai.<\/p>\n<p>Visi jie, vienaip ar kitaip dalyvav\u0119 t\u0117vyn\u0117s gyvenime, aukoj\u0119 jai savo talentus ir darbus, o neretai ir gyvyb\u0119, neatskiriamai susijo su m\u016bs\u0173 kult\u016bra ir neabe\u00adjotinai nusipeln\u0117, kad b\u016bt\u0173 \u017einomi kiekvienam \u0161iandien\u0117s Lietuvos \u017emogui. (I\u0161 autor\u0117s Pabaigos \u017eod\u017eio)<\/p>\n","protected":false},"excerpt":{"rendered":"<p>Nemokamai atve\u017eame Lietuvoje (i\u0161skyrus Nering\u0105). Beveik prie\u0161 tris de\u0161imtme\u010dius Lietuvoje sensacij\u0105 suk\u0117l\u0117 ir i\u0161kart biblio\u00adgrafine retenybe tapo anuomet tik siauram specialist\u0173 ratui \u017einomos dail\u0117tyrinink\u0117s Marijos Matu\u0161akait\u0117s monografija Portretas XVI\u2013XVIII a. Lietuvoje (1984). Po ilg\u0173 kruop\u0161taus darbo met\u0173 garsiausia lietuvi\u0173 dail\u0117s tyr\u0117ja, \u012fvertinta Lietuvos nacionaline kult\u016bros ir meno premija (2009), \u0161iandien v\u0117l gr\u012f\u017eta prie tos pa\u010dios temos. I\u0161 Lietuvos ir kaimynini\u0173 kra\u0161t\u0173 dail\u0117s lobynuose saugom\u0173, \u00addaugeliu atvej\u0173 jos naujai aptikt\u0173 ir pirm\u0105syk skelbiam\u0173 \u00adXV\u2013XVIII a. Lietuvos Did\u017eiosios Kunigaik\u0161tyst\u0117s paveiksl\u0173, fresk\u0173 ir rai\u017eini\u0173 prie\u0161 skaitytoj\u0173 akis kaip gyvi i\u0161kyla gars\u016bs arba primir\u0161ti m\u016bs\u0173 kra\u0161to praeities veik\u0117jai ir gird\u0117ti arba visi\u0161kai ne\u017einomi j\u0173 portret\u0173 k\u016br\u0117j\u0173 \u00advardai. Visi jie, vienaip ar kitaip dalyvav\u0119 t\u0117vyn\u0117s gyvenime, aukoj\u0119 jai savo talentus ir darbus, o neretai ir gyvyb\u0119, neatskiriamai susijo su m\u016bs\u0173 kult\u016bra ir neabe\u00adjotinai nusipeln\u0117, kad b\u016bt\u0173 \u017einomi kiekvienam \u0161iandien\u0117s Lietuvos \u017emogui. (I\u0161 autor\u0117s Pabaigos \u017eod\u017eio)<\/p>\n","protected":false},"featured_media":18912,"comment_status":"open","ping_status":"closed","template":"","meta":{"_acf_changed":false,"site-sidebar-layout":"default","site-content-layout":"","ast-site-content-layout":"default","site-content-style":"default","site-sidebar-style":"default","ast-global-header-display":"","ast-banner-title-visibility":"","ast-main-header-display":"","ast-hfb-above-header-display":"","ast-hfb-below-header-display":"","ast-hfb-mobile-header-display":"","site-post-title":"","ast-breadcrumbs-content":"","ast-featured-img":"","footer-sml-layout":"","ast-disable-related-posts":"","theme-transparent-header-meta":"","adv-header-id-meta":"","stick-header-meta":"","header-above-stick-meta":"","header-main-stick-meta":"","header-below-stick-meta":"","astra-migrate-meta-layouts":"default","ast-page-background-enabled":"default","ast-page-background-meta":{"desktop":{"background-color":"","background-image":"","background-repeat":"repeat","background-position":"center center","background-size":"auto","background-attachment":"scroll","background-type":"","background-media":"","overlay-type":"","overlay-color":"","overlay-opacity":"","overlay-gradient":""},"tablet":{"background-color":"","background-image":"","background-repeat":"repeat","background-position":"center center","background-size":"auto","background-attachment":"scroll","background-type":"","background-media":"","overlay-type":"","overlay-color":"","overlay-opacity":"","overlay-gradient":""},"mobile":{"background-color":"","background-image":"","background-repeat":"repeat","background-position":"center center","background-size":"auto","background-attachment":"scroll","background-type":"","background-media":"","overlay-type":"","overlay-color":"","overlay-opacity":"","overlay-gradient":""}},"ast-content-background-meta":{"desktop":{"background-color":"var(--ast-global-color-4)","background-image":"","background-repeat":"repeat","background-position":"center center","background-size":"auto","background-attachment":"scroll","background-type":"","background-media":"","overlay-type":"","overlay-color":"","overlay-opacity":"","overlay-gradient":""},"tablet":{"background-color":"var(--ast-global-color-4)","background-image":"","background-repeat":"repeat","background-position":"center center","background-size":"auto","background-attachment":"scroll","background-type":"","background-media":"","overlay-type":"","overlay-color":"","overlay-opacity":"","overlay-gradient":""},"mobile":{"background-color":"var(--ast-global-color-4)","background-image":"","background-repeat":"repeat","background-position":"center center","background-size":"auto","background-attachment":"scroll","background-type":"","background-media":"","overlay-type":"","overlay-color":"","overlay-opacity":"","overlay-gradient":""}}},"product_brand":[],"product_cat":[15],"product_tag":[3409,2817,2228,5401,4320,5405],"class_list":{"0":"post-18911","1":"product","2":"type-product","3":"status-publish","4":"has-post-thumbnail","6":"product_cat-uncategorized","7":"product_tag-daile","8":"product_tag-kulturos-paveldas","9":"product_tag-lietuvos-istorija","10":"product_tag-marija-matusakaite","11":"product_tag-portretai","12":"product_tag-xvi-xviii-a","13":"desktop-align-left","14":"tablet-align-left","15":"mobile-align-left","17":"first","18":"outofstock","19":"shipping-taxable","20":"purchasable","21":"product-type-simple"},"acf":[],"yoast_head":"<!-- This site is optimized with the Yoast SEO plugin v27.0 - https:\/\/yoast.com\/product\/yoast-seo-wordpress\/ -->\n<title>Portretas Lietuvos Did\u017eiojoje Kunigaik\u0161tyst\u0117je<\/title>\n<meta name=\"description\" content=\"Nemokamai atve\u017eame Lietuvoje (i\u0161skyrus Nering\u0105). Beveik prie\u0161 tris de\u0161imtme\u010dius Lietuvoje sensacij\u0105 suk\u0117l\u0117 ir i\u0161kart biblio\u00adgrafine retenybe tapo anuomet\" \/>\n<meta name=\"robots\" content=\"index, follow, max-snippet:-1, max-image-preview:large, max-video-preview:-1\" \/>\n<link rel=\"canonical\" href=\"https:\/\/skaitytaknyga.lt\/en\/produktas\/portretas-lietuvos-didziojoje-kunigaikstysteje\/\" \/>\n<meta property=\"og:locale\" content=\"en_GB\" \/>\n<meta property=\"og:locale:alternate\" content=\"lt_LT\" \/>\n<meta property=\"og:type\" content=\"article\" \/>\n<meta property=\"og:title\" content=\"Portretas Lietuvos Did\u017eiojoje Kunigaik\u0161tyst\u0117je\" \/>\n<meta property=\"og:description\" content=\"Nemokamai atve\u017eame Lietuvoje (i\u0161skyrus Nering\u0105). Beveik prie\u0161 tris de\u0161imtme\u010dius Lietuvoje sensacij\u0105 suk\u0117l\u0117 ir i\u0161kart biblio\u00adgrafine retenybe tapo anuomet\" \/>\n<meta property=\"og:url\" content=\"https:\/\/skaitytaknyga.lt\/en\/produktas\/portretas-lietuvos-didziojoje-kunigaikstysteje\/\" \/>\n<meta property=\"og:site_name\" content=\"Skaitytaknyga\" \/>\n<meta property=\"article:publisher\" content=\"https:\/\/www.facebook.com\/skaitytaknyga\/\" \/>\n<meta property=\"article:modified_time\" content=\"2025-11-13T20:24:35+00:00\" \/>\n<meta property=\"og:image\" content=\"https:\/\/skaitytaknyga.lt\/wp-content\/uploads\/2025\/06\/Portretas-Lietuvos-Didziojoje-Kunigaikstysteje.webp\" \/>\n\t<meta property=\"og:image:width\" content=\"550\" \/>\n\t<meta property=\"og:image:height\" content=\"801\" \/>\n\t<meta property=\"og:image:type\" content=\"image\/webp\" \/>\n<meta name=\"twitter:card\" content=\"summary_large_image\" \/>\n<meta name=\"twitter:label1\" content=\"Estimated reading time\" \/>\n\t<meta name=\"twitter:data1\" content=\"1 minute\" \/>\n<script type=\"application\/ld+json\" class=\"yoast-schema-graph\">{\"@context\":\"https:\/\/schema.org\",\"@graph\":[{\"@type\":\"WebPage\",\"@id\":\"https:\/\/skaitytaknyga.lt\/produktas\/portretas-lietuvos-didziojoje-kunigaikstysteje\/\",\"url\":\"https:\/\/skaitytaknyga.lt\/produktas\/portretas-lietuvos-didziojoje-kunigaikstysteje\/\",\"name\":\"Portretas Lietuvos Did\u017eiojoje Kunigaik\u0161tyst\u0117je\",\"isPartOf\":{\"@id\":\"https:\/\/skaitytaknyga.lt\/#website\"},\"primaryImageOfPage\":{\"@id\":\"https:\/\/skaitytaknyga.lt\/produktas\/portretas-lietuvos-didziojoje-kunigaikstysteje\/#primaryimage\"},\"image\":{\"@id\":\"https:\/\/skaitytaknyga.lt\/produktas\/portretas-lietuvos-didziojoje-kunigaikstysteje\/#primaryimage\"},\"thumbnailUrl\":\"https:\/\/skaitytaknyga.lt\/wp-content\/uploads\/2025\/06\/Portretas-Lietuvos-Didziojoje-Kunigaikstysteje.webp\",\"datePublished\":\"2025-06-15T08:13:16+00:00\",\"dateModified\":\"2025-11-13T20:24:35+00:00\",\"description\":\"Nemokamai atve\u017eame Lietuvoje (i\u0161skyrus Nering\u0105). Beveik prie\u0161 tris de\u0161imtme\u010dius Lietuvoje sensacij\u0105 suk\u0117l\u0117 ir i\u0161kart biblio\u00adgrafine retenybe tapo anuomet\",\"breadcrumb\":{\"@id\":\"https:\/\/skaitytaknyga.lt\/produktas\/portretas-lietuvos-didziojoje-kunigaikstysteje\/#breadcrumb\"},\"inLanguage\":\"en-GB\",\"potentialAction\":[{\"@type\":\"ReadAction\",\"target\":[\"https:\/\/skaitytaknyga.lt\/produktas\/portretas-lietuvos-didziojoje-kunigaikstysteje\/\"]}]},{\"@type\":\"ImageObject\",\"inLanguage\":\"en-GB\",\"@id\":\"https:\/\/skaitytaknyga.lt\/produktas\/portretas-lietuvos-didziojoje-kunigaikstysteje\/#primaryimage\",\"url\":\"https:\/\/skaitytaknyga.lt\/wp-content\/uploads\/2025\/06\/Portretas-Lietuvos-Didziojoje-Kunigaikstysteje.webp\",\"contentUrl\":\"https:\/\/skaitytaknyga.lt\/wp-content\/uploads\/2025\/06\/Portretas-Lietuvos-Didziojoje-Kunigaikstysteje.webp\",\"width\":550,\"height\":801,\"caption\":\"Portretas Lietuvos Did\u017eiojoje Kunigaik\u0161tyst\u0117je\"},{\"@type\":\"BreadcrumbList\",\"@id\":\"https:\/\/skaitytaknyga.lt\/produktas\/portretas-lietuvos-didziojoje-kunigaikstysteje\/#breadcrumb\",\"itemListElement\":[{\"@type\":\"ListItem\",\"position\":1,\"name\":\"Home\",\"item\":\"https:\/\/skaitytaknyga.lt\/\"},{\"@type\":\"ListItem\",\"position\":2,\"name\":\"Parduotuv\u0117\",\"item\":\"https:\/\/skaitytaknyga.lt\/knygu-parduotuve\/\"},{\"@type\":\"ListItem\",\"position\":3,\"name\":\"Portretas Lietuvos Did\u017eiojoje Kunigaik\u0161tyst\u0117je\"}]},{\"@type\":\"WebSite\",\"@id\":\"https:\/\/skaitytaknyga.lt\/#website\",\"url\":\"https:\/\/skaitytaknyga.lt\/\",\"name\":\"skaitytaknyga.lt\",\"description\":\"Skaitytaknyga.lt \u2013 tai ma\u017eas \u0161eimos verslas, kuris prasid\u0117jo nuo meil\u0117s knygoms ir siekio i\u0161gelb\u0117ti knygas nuo likimo prie konteinerio. Kas vienam nereikalingas daiktas \u2013 kitam lobis, o mes esame tarpininkai, kurie padeda abiems tapti laimingesniems ???? \u017dinome kaip nelengva i\u0161gyventi ma\u017eiems verslams, tad nuo \u0161iol, \u010dia rasite ir kit\u0173, ma\u017e\u0173 \u0161eim\u0173 versl\u0173, rank\u0173 darbo, dovan\u0173 sau ir artimiesiems.\",\"publisher\":{\"@id\":\"https:\/\/skaitytaknyga.lt\/#organization\"},\"potentialAction\":[{\"@type\":\"SearchAction\",\"target\":{\"@type\":\"EntryPoint\",\"urlTemplate\":\"https:\/\/skaitytaknyga.lt\/?s={search_term_string}\"},\"query-input\":{\"@type\":\"PropertyValueSpecification\",\"valueRequired\":true,\"valueName\":\"search_term_string\"}}],\"inLanguage\":\"en-GB\"},{\"@type\":\"Organization\",\"@id\":\"https:\/\/skaitytaknyga.lt\/#organization\",\"name\":\"skaitytaknyga.lt\",\"url\":\"https:\/\/skaitytaknyga.lt\/\",\"logo\":{\"@type\":\"ImageObject\",\"inLanguage\":\"en-GB\",\"@id\":\"https:\/\/skaitytaknyga.lt\/#\/schema\/logo\/image\/\",\"url\":\"https:\/\/skaitytaknyga.lt\/wp-content\/uploads\/2024\/05\/cropped-cropped-cropped-02_00843_jt3bggkj1j3HLc7SyY6rEUpg.jpeg\",\"contentUrl\":\"https:\/\/skaitytaknyga.lt\/wp-content\/uploads\/2024\/05\/cropped-cropped-cropped-02_00843_jt3bggkj1j3HLc7SyY6rEUpg.jpeg\",\"width\":1600,\"height\":1600,\"caption\":\"skaitytaknyga.lt\"},\"image\":{\"@id\":\"https:\/\/skaitytaknyga.lt\/#\/schema\/logo\/image\/\"},\"sameAs\":[\"https:\/\/www.facebook.com\/skaitytaknyga\/\"]}]}<\/script>\n<!-- \/ Yoast SEO plugin. -->","yoast_head_json":{"title":"Portretas Lietuvos Did\u017eiojoje Kunigaik\u0161tyst\u0117je","description":"Nemokamai atve\u017eame Lietuvoje (i\u0161skyrus Nering\u0105). Beveik prie\u0161 tris de\u0161imtme\u010dius Lietuvoje sensacij\u0105 suk\u0117l\u0117 ir i\u0161kart biblio\u00adgrafine retenybe tapo anuomet","robots":{"index":"index","follow":"follow","max-snippet":"max-snippet:-1","max-image-preview":"max-image-preview:large","max-video-preview":"max-video-preview:-1"},"canonical":"https:\/\/skaitytaknyga.lt\/en\/produktas\/portretas-lietuvos-didziojoje-kunigaikstysteje\/","og_locale":"en_GB","og_type":"article","og_title":"[:lt]Portretas Lietuvos Did\u017eiojoje Kunigaik\u0161tyst\u0117je[:] - Skaitytaknyga","og_description":"Nemokamai atve\u017eame Lietuvoje (i\u0161skyrus Nering\u0105). Beveik prie\u0161 tris de\u0161imtme\u010dius Lietuvoje sensacij\u0105 suk\u0117l\u0117 ir i\u0161kart biblio\u00adgrafine retenybe tapo anuomet","og_url":"https:\/\/skaitytaknyga.lt\/en\/produktas\/portretas-lietuvos-didziojoje-kunigaikstysteje\/","og_site_name":"Skaitytaknyga","article_publisher":"https:\/\/www.facebook.com\/skaitytaknyga\/","article_modified_time":"2025-11-13T20:24:35+00:00","og_image":[{"width":550,"height":801,"url":"https:\/\/skaitytaknyga.lt\/wp-content\/uploads\/2025\/06\/Portretas-Lietuvos-Didziojoje-Kunigaikstysteje.webp","type":"image\/webp"}],"twitter_card":"summary_large_image","twitter_misc":{"Estimated reading time":"1 minute"},"schema":{"@context":"https:\/\/schema.org","@graph":[{"@type":"WebPage","@id":"https:\/\/skaitytaknyga.lt\/produktas\/portretas-lietuvos-didziojoje-kunigaikstysteje\/","url":"https:\/\/skaitytaknyga.lt\/produktas\/portretas-lietuvos-didziojoje-kunigaikstysteje\/","name":"Portretas Lietuvos Did\u017eiojoje Kunigaik\u0161tyst\u0117je","isPartOf":{"@id":"https:\/\/skaitytaknyga.lt\/#website"},"primaryImageOfPage":{"@id":"https:\/\/skaitytaknyga.lt\/produktas\/portretas-lietuvos-didziojoje-kunigaikstysteje\/#primaryimage"},"image":{"@id":"https:\/\/skaitytaknyga.lt\/produktas\/portretas-lietuvos-didziojoje-kunigaikstysteje\/#primaryimage"},"thumbnailUrl":"https:\/\/skaitytaknyga.lt\/wp-content\/uploads\/2025\/06\/Portretas-Lietuvos-Didziojoje-Kunigaikstysteje.webp","datePublished":"2025-06-15T08:13:16+00:00","dateModified":"2025-11-13T20:24:35+00:00","description":"Nemokamai atve\u017eame Lietuvoje (i\u0161skyrus Nering\u0105). Beveik prie\u0161 tris de\u0161imtme\u010dius Lietuvoje sensacij\u0105 suk\u0117l\u0117 ir i\u0161kart biblio\u00adgrafine retenybe tapo anuomet","breadcrumb":{"@id":"https:\/\/skaitytaknyga.lt\/produktas\/portretas-lietuvos-didziojoje-kunigaikstysteje\/#breadcrumb"},"inLanguage":"en-GB","potentialAction":[{"@type":"ReadAction","target":["https:\/\/skaitytaknyga.lt\/produktas\/portretas-lietuvos-didziojoje-kunigaikstysteje\/"]}]},{"@type":"ImageObject","inLanguage":"en-GB","@id":"https:\/\/skaitytaknyga.lt\/produktas\/portretas-lietuvos-didziojoje-kunigaikstysteje\/#primaryimage","url":"https:\/\/skaitytaknyga.lt\/wp-content\/uploads\/2025\/06\/Portretas-Lietuvos-Didziojoje-Kunigaikstysteje.webp","contentUrl":"https:\/\/skaitytaknyga.lt\/wp-content\/uploads\/2025\/06\/Portretas-Lietuvos-Didziojoje-Kunigaikstysteje.webp","width":550,"height":801,"caption":"Portretas Lietuvos Did\u017eiojoje Kunigaik\u0161tyst\u0117je"},{"@type":"BreadcrumbList","@id":"https:\/\/skaitytaknyga.lt\/produktas\/portretas-lietuvos-didziojoje-kunigaikstysteje\/#breadcrumb","itemListElement":[{"@type":"ListItem","position":1,"name":"Home","item":"https:\/\/skaitytaknyga.lt\/"},{"@type":"ListItem","position":2,"name":"Parduotuv\u0117","item":"https:\/\/skaitytaknyga.lt\/knygu-parduotuve\/"},{"@type":"ListItem","position":3,"name":"Portretas Lietuvos Did\u017eiojoje Kunigaik\u0161tyst\u0117je"}]},{"@type":"WebSite","@id":"https:\/\/skaitytaknyga.lt\/#website","url":"https:\/\/skaitytaknyga.lt\/","name":"skaitytaknyga.lt","description":"Skaitytaknyga.lt \u2013 tai ma\u017eas \u0161eimos verslas, kuris prasid\u0117jo nuo meil\u0117s knygoms ir siekio i\u0161gelb\u0117ti knygas nuo likimo prie konteinerio. Kas vienam nereikalingas daiktas \u2013 kitam lobis, o mes esame tarpininkai, kurie padeda abiems tapti laimingesniems ???? \u017dinome kaip nelengva i\u0161gyventi ma\u017eiems verslams, tad nuo \u0161iol, \u010dia rasite ir kit\u0173, ma\u017e\u0173 \u0161eim\u0173 versl\u0173, rank\u0173 darbo, dovan\u0173 sau ir artimiesiems.","publisher":{"@id":"https:\/\/skaitytaknyga.lt\/#organization"},"potentialAction":[{"@type":"SearchAction","target":{"@type":"EntryPoint","urlTemplate":"https:\/\/skaitytaknyga.lt\/?s={search_term_string}"},"query-input":{"@type":"PropertyValueSpecification","valueRequired":true,"valueName":"search_term_string"}}],"inLanguage":"en-GB"},{"@type":"Organization","@id":"https:\/\/skaitytaknyga.lt\/#organization","name":"skaitytaknyga.lt","url":"https:\/\/skaitytaknyga.lt\/","logo":{"@type":"ImageObject","inLanguage":"en-GB","@id":"https:\/\/skaitytaknyga.lt\/#\/schema\/logo\/image\/","url":"https:\/\/skaitytaknyga.lt\/wp-content\/uploads\/2024\/05\/cropped-cropped-cropped-02_00843_jt3bggkj1j3HLc7SyY6rEUpg.jpeg","contentUrl":"https:\/\/skaitytaknyga.lt\/wp-content\/uploads\/2024\/05\/cropped-cropped-cropped-02_00843_jt3bggkj1j3HLc7SyY6rEUpg.jpeg","width":1600,"height":1600,"caption":"skaitytaknyga.lt"},"image":{"@id":"https:\/\/skaitytaknyga.lt\/#\/schema\/logo\/image\/"},"sameAs":["https:\/\/www.facebook.com\/skaitytaknyga\/"]}]}},"_links":{"self":[{"href":"https:\/\/skaitytaknyga.lt\/en\/wp-json\/wp\/v2\/product\/18911","targetHints":{"allow":["GET"]}}],"collection":[{"href":"https:\/\/skaitytaknyga.lt\/en\/wp-json\/wp\/v2\/product"}],"about":[{"href":"https:\/\/skaitytaknyga.lt\/en\/wp-json\/wp\/v2\/types\/product"}],"replies":[{"embeddable":true,"href":"https:\/\/skaitytaknyga.lt\/en\/wp-json\/wp\/v2\/comments?post=18911"}],"wp:featuredmedia":[{"embeddable":true,"href":"https:\/\/skaitytaknyga.lt\/en\/wp-json\/wp\/v2\/media\/18912"}],"wp:attachment":[{"href":"https:\/\/skaitytaknyga.lt\/en\/wp-json\/wp\/v2\/media?parent=18911"}],"wp:term":[{"taxonomy":"product_brand","embeddable":true,"href":"https:\/\/skaitytaknyga.lt\/en\/wp-json\/wp\/v2\/product_brand?post=18911"},{"taxonomy":"product_cat","embeddable":true,"href":"https:\/\/skaitytaknyga.lt\/en\/wp-json\/wp\/v2\/product_cat?post=18911"},{"taxonomy":"product_tag","embeddable":true,"href":"https:\/\/skaitytaknyga.lt\/en\/wp-json\/wp\/v2\/product_tag?post=18911"}],"curies":[{"name":"wp","href":"https:\/\/api.w.org\/{rel}","templated":true}]}}