{"id":18905,"date":"2025-06-15T11:06:30","date_gmt":"2025-06-15T08:06:30","guid":{"rendered":"https:\/\/skaitytaknyga.lt\/?post_type=product&#038;p=18905"},"modified":"2025-09-11T13:14:48","modified_gmt":"2025-09-11T10:14:48","slug":"erebas","status":"publish","type":"product","link":"https:\/\/skaitytaknyga.lt\/en\/produktas\/erebas\/","title":{"rendered":"Erebas"},"content":{"rendered":"<p>Nikas \u012fsigyja piratin\u0119 kompiuterinio \u017eaidimo \u201eErebas\u201c kopij\u0105. \u0160is \u017eaidimas mokykloje platinamas slapta, jo taisykl\u0117s itin grie\u017etos: \u017eaisti galima tik kart\u0105, \u017eaisdamas turi b\u016bti vienui vienas ir niekada niekam nieko nepasakoti apie \u201eEreb\u0105\u201c. Kas \u0161ias taisykles pa\u017eeid\u017eia arba ne\u012fvykdo u\u017eduoties, negailestingai baud\u017eiamas.<\/p>\n<p>To negana \u2013 norint pereiti i\u0161 vieno \u017eaidimo lygio \u012f kit\u0105, tenka atlikti u\u017eduotis ir realiame gyvenime. Virtualusis pasaulis ir tikrov\u0117 taip susipina, kad atskirti j\u0173 ribas darosi ne\u012fmanoma&#8230;<\/p>\n<p>Nikas, kaip ir daugelis kit\u0173 mokini\u0173, tampa priklausomas nuo \u017eaidimo. O tada gauna u\u017eduot\u012f, kuriai n\u0117ra pasireng\u0119s&#8230;<\/p>\n<p>Vaikinas nor\u0117t\u0173 pasitraukti i\u0161 \u017eaidimo, bet jo bi\u010diulis jau sp\u0117jo \u012fsitikinti \u2013 \u017eaid\u0117jai taip lengvai nepaleid\u017eiami. Telieka viena i\u0161eitis \u2013 \u012fveikti pat\u012f \u017eaidim\u0105. Tam reikia i\u0161siai\u0161kinti visas jo paslaptis. Tik kaip? Dar niekas i\u0161 \u012fsitraukusi\u0173j\u0173 \u012f \u017eaidim\u0105 n\u0117ra mat\u0119s j\u012f valdan\u010dio ir u\u017eduotis skirian\u010dio Erebo, siekian\u010dio jam vienam \u017einomo tikslo, nors visi be i\u0161imties jau\u010diasi nepaliaujamai stebimi visa regin\u010dio jo \u017evilgsnio&#8230;<\/p>\n","protected":false},"excerpt":{"rendered":"<p>Nikas \u012fsigyja piratin\u0119 kompiuterinio \u017eaidimo \u201eErebas\u201c kopij\u0105. \u0160is \u017eaidimas mokykloje platinamas slapta, jo taisykl\u0117s itin grie\u017etos: \u017eaisti galima tik kart\u0105, \u017eaisdamas turi b\u016bti vienui vienas ir niekada niekam nieko nepasakoti apie \u201eEreb\u0105\u201c. Kas \u0161ias taisykles pa\u017eeid\u017eia arba ne\u012fvykdo u\u017eduoties, negailestingai baud\u017eiamas. To negana \u2013 norint pereiti i\u0161 vieno \u017eaidimo lygio \u012f kit\u0105, tenka atlikti u\u017eduotis ir realiame gyvenime. Virtualusis pasaulis ir tikrov\u0117 taip susipina, kad atskirti j\u0173 ribas darosi ne\u012fmanoma&#8230; Nikas, kaip ir daugelis kit\u0173 mokini\u0173, tampa priklausomas nuo \u017eaidimo. O tada gauna u\u017eduot\u012f, kuriai n\u0117ra pasireng\u0119s&#8230; Vaikinas nor\u0117t\u0173 pasitraukti i\u0161 \u017eaidimo, bet jo bi\u010diulis jau sp\u0117jo \u012fsitikinti \u2013 \u017eaid\u0117jai taip lengvai nepaleid\u017eiami. Telieka viena i\u0161eitis \u2013 \u012fveikti pat\u012f \u017eaidim\u0105. Tam reikia i\u0161siai\u0161kinti visas jo paslaptis. Tik kaip? Dar niekas i\u0161 \u012fsitraukusi\u0173j\u0173 \u012f \u017eaidim\u0105 n\u0117ra mat\u0119s j\u012f valdan\u010dio ir u\u017eduotis skirian\u010dio Erebo, siekian\u010dio jam vienam \u017einomo tikslo, nors visi be i\u0161imties jau\u010diasi nepaliaujamai stebimi visa regin\u010dio jo \u017evilgsnio&#8230;<\/p>\n","protected":false},"featured_media":18909,"comment_status":"open","ping_status":"closed","template":"","meta":{"_acf_changed":false,"site-sidebar-layout":"default","site-content-layout":"","ast-site-content-layout":"default","site-content-style":"default","site-sidebar-style":"default","ast-global-header-display":"","ast-banner-title-visibility":"","ast-main-header-display":"","ast-hfb-above-header-display":"","ast-hfb-below-header-display":"","ast-hfb-mobile-header-display":"","site-post-title":"","ast-breadcrumbs-content":"","ast-featured-img":"","footer-sml-layout":"","ast-disable-related-posts":"","theme-transparent-header-meta":"","adv-header-id-meta":"","stick-header-meta":"","header-above-stick-meta":"","header-main-stick-meta":"","header-below-stick-meta":"","astra-migrate-meta-layouts":"default","ast-page-background-enabled":"default","ast-page-background-meta":{"desktop":{"background-color":"","background-image":"","background-repeat":"repeat","background-position":"center center","background-size":"auto","background-attachment":"scroll","background-type":"","background-media":"","overlay-type":"","overlay-color":"","overlay-opacity":"","overlay-gradient":""},"tablet":{"background-color":"","background-image":"","background-repeat":"repeat","background-position":"center center","background-size":"auto","background-attachment":"scroll","background-type":"","background-media":"","overlay-type":"","overlay-color":"","overlay-opacity":"","overlay-gradient":""},"mobile":{"background-color":"","background-image":"","background-repeat":"repeat","background-position":"center center","background-size":"auto","background-attachment":"scroll","background-type":"","background-media":"","overlay-type":"","overlay-color":"","overlay-opacity":"","overlay-gradient":""}},"ast-content-background-meta":{"desktop":{"background-color":"var(--ast-global-color-4)","background-image":"","background-repeat":"repeat","background-position":"center center","background-size":"auto","background-attachment":"scroll","background-type":"","background-media":"","overlay-type":"","overlay-color":"","overlay-opacity":"","overlay-gradient":""},"tablet":{"background-color":"var(--ast-global-color-4)","background-image":"","background-repeat":"repeat","background-position":"center center","background-size":"auto","background-attachment":"scroll","background-type":"","background-media":"","overlay-type":"","overlay-color":"","overlay-opacity":"","overlay-gradient":""},"mobile":{"background-color":"var(--ast-global-color-4)","background-image":"","background-repeat":"repeat","background-position":"center center","background-size":"auto","background-attachment":"scroll","background-type":"","background-media":"","overlay-type":"","overlay-color":"","overlay-opacity":"","overlay-gradient":""}}},"product_brand":[],"product_cat":[31],"product_tag":[5399,5400,3614,1668,1587,5398],"class_list":{"0":"post-18905","1":"product","2":"type-product","3":"status-publish","4":"has-post-thumbnail","6":"product_cat-grozine-literatura","7":"product_tag-erebas","8":"product_tag-kompiuterinis-zaidimas","9":"product_tag-paaugliai","10":"product_tag-priklausomybe","11":"product_tag-trileris","12":"product_tag-ursula-poznanski","13":"desktop-align-left","14":"tablet-align-left","15":"mobile-align-left","17":"first","18":"outofstock","19":"shipping-taxable","20":"purchasable","21":"product-type-simple"},"acf":[],"yoast_head":"<!-- This site is optimized with the Yoast SEO plugin v27.4 - https:\/\/yoast.com\/product\/yoast-seo-wordpress\/ -->\n<title>Erebas<\/title>\n<meta name=\"description\" content=\"Nikas \u012fsigyja piratin\u0119 kompiuterinio \u017eaidimo \u201eErebas\u201c kopij\u0105. \u0160is \u017eaidimas mokykloje platinamas slapta, jo taisykl\u0117s itin grie\u017etos: \u017eaisti galima tik\" \/>\n<meta name=\"robots\" content=\"index, follow, max-snippet:-1, max-image-preview:large, max-video-preview:-1\" \/>\n<link rel=\"canonical\" href=\"https:\/\/skaitytaknyga.lt\/en\/produktas\/erebas\/\" \/>\n<meta property=\"og:locale\" content=\"en_GB\" \/>\n<meta property=\"og:locale:alternate\" content=\"lt_LT\" \/>\n<meta property=\"og:type\" content=\"article\" \/>\n<meta property=\"og:title\" content=\"Erebas\" \/>\n<meta property=\"og:description\" content=\"Nikas \u012fsigyja piratin\u0119 kompiuterinio \u017eaidimo \u201eErebas\u201c kopij\u0105. \u0160is \u017eaidimas mokykloje platinamas slapta, jo taisykl\u0117s itin grie\u017etos: \u017eaisti galima tik\" \/>\n<meta property=\"og:url\" content=\"https:\/\/skaitytaknyga.lt\/en\/produktas\/erebas\/\" \/>\n<meta property=\"og:site_name\" content=\"Skaitytaknyga\" \/>\n<meta property=\"article:publisher\" content=\"https:\/\/www.facebook.com\/skaitytaknyga\/\" \/>\n<meta property=\"article:modified_time\" content=\"2025-09-11T10:14:48+00:00\" \/>\n<meta property=\"og:image\" content=\"https:\/\/skaitytaknyga.lt\/wp-content\/uploads\/2025\/06\/Erebas.webp\" \/>\n\t<meta property=\"og:image:width\" content=\"368\" \/>\n\t<meta property=\"og:image:height\" content=\"548\" \/>\n\t<meta property=\"og:image:type\" content=\"image\/webp\" \/>\n<meta name=\"twitter:card\" content=\"summary_large_image\" \/>\n<meta name=\"twitter:label1\" content=\"Estimated reading time\" \/>\n\t<meta name=\"twitter:data1\" content=\"1 minute\" \/>\n<script type=\"application\/ld+json\" class=\"yoast-schema-graph\">{\"@context\":\"https:\\\/\\\/schema.org\",\"@graph\":[{\"@type\":\"WebPage\",\"@id\":\"https:\\\/\\\/skaitytaknyga.lt\\\/produktas\\\/erebas\\\/\",\"url\":\"https:\\\/\\\/skaitytaknyga.lt\\\/produktas\\\/erebas\\\/\",\"name\":\"Erebas\",\"isPartOf\":{\"@id\":\"https:\\\/\\\/skaitytaknyga.lt\\\/#website\"},\"primaryImageOfPage\":{\"@id\":\"https:\\\/\\\/skaitytaknyga.lt\\\/produktas\\\/erebas\\\/#primaryimage\"},\"image\":{\"@id\":\"https:\\\/\\\/skaitytaknyga.lt\\\/produktas\\\/erebas\\\/#primaryimage\"},\"thumbnailUrl\":\"https:\\\/\\\/skaitytaknyga.lt\\\/wp-content\\\/uploads\\\/2025\\\/06\\\/Erebas.webp\",\"datePublished\":\"2025-06-15T08:06:30+00:00\",\"dateModified\":\"2025-09-11T10:14:48+00:00\",\"description\":\"Nikas \u012fsigyja piratin\u0119 kompiuterinio \u017eaidimo \u201eErebas\u201c kopij\u0105. \u0160is \u017eaidimas mokykloje platinamas slapta, jo taisykl\u0117s itin grie\u017etos: \u017eaisti galima tik\",\"breadcrumb\":{\"@id\":\"https:\\\/\\\/skaitytaknyga.lt\\\/produktas\\\/erebas\\\/#breadcrumb\"},\"inLanguage\":\"en-GB\",\"potentialAction\":[{\"@type\":\"ReadAction\",\"target\":[\"https:\\\/\\\/skaitytaknyga.lt\\\/produktas\\\/erebas\\\/\"]}]},{\"@type\":\"ImageObject\",\"inLanguage\":\"en-GB\",\"@id\":\"https:\\\/\\\/skaitytaknyga.lt\\\/produktas\\\/erebas\\\/#primaryimage\",\"url\":\"https:\\\/\\\/skaitytaknyga.lt\\\/wp-content\\\/uploads\\\/2025\\\/06\\\/Erebas.webp\",\"contentUrl\":\"https:\\\/\\\/skaitytaknyga.lt\\\/wp-content\\\/uploads\\\/2025\\\/06\\\/Erebas.webp\",\"width\":368,\"height\":548,\"caption\":\"Ursula Poznanski Erebas\"},{\"@type\":\"BreadcrumbList\",\"@id\":\"https:\\\/\\\/skaitytaknyga.lt\\\/produktas\\\/erebas\\\/#breadcrumb\",\"itemListElement\":[{\"@type\":\"ListItem\",\"position\":1,\"name\":\"Home\",\"item\":\"https:\\\/\\\/skaitytaknyga.lt\\\/\"},{\"@type\":\"ListItem\",\"position\":2,\"name\":\"Parduotuv\u0117\",\"item\":\"https:\\\/\\\/skaitytaknyga.lt\\\/knygu-parduotuve\\\/\"},{\"@type\":\"ListItem\",\"position\":3,\"name\":\"Erebas\"}]},{\"@type\":\"WebSite\",\"@id\":\"https:\\\/\\\/skaitytaknyga.lt\\\/#website\",\"url\":\"https:\\\/\\\/skaitytaknyga.lt\\\/\",\"name\":\"skaitytaknyga.lt\",\"description\":\"Skaitytaknyga.lt \u2013 tai ma\u017eas \u0161eimos verslas, kuris prasid\u0117jo nuo meil\u0117s knygoms ir siekio i\u0161gelb\u0117ti knygas nuo likimo prie konteinerio. Kas vienam nereikalingas daiktas \u2013 kitam lobis, o mes esame tarpininkai, kurie padeda abiems tapti laimingesniems ???? \u017dinome kaip nelengva i\u0161gyventi ma\u017eiems verslams, tad nuo \u0161iol, \u010dia rasite ir kit\u0173, ma\u017e\u0173 \u0161eim\u0173 versl\u0173, rank\u0173 darbo, dovan\u0173 sau ir artimiesiems.\",\"publisher\":{\"@id\":\"https:\\\/\\\/skaitytaknyga.lt\\\/#organization\"},\"potentialAction\":[{\"@type\":\"SearchAction\",\"target\":{\"@type\":\"EntryPoint\",\"urlTemplate\":\"https:\\\/\\\/skaitytaknyga.lt\\\/?s={search_term_string}\"},\"query-input\":{\"@type\":\"PropertyValueSpecification\",\"valueRequired\":true,\"valueName\":\"search_term_string\"}}],\"inLanguage\":\"en-GB\"},{\"@type\":\"Organization\",\"@id\":\"https:\\\/\\\/skaitytaknyga.lt\\\/#organization\",\"name\":\"skaitytaknyga.lt\",\"url\":\"https:\\\/\\\/skaitytaknyga.lt\\\/\",\"logo\":{\"@type\":\"ImageObject\",\"inLanguage\":\"en-GB\",\"@id\":\"https:\\\/\\\/skaitytaknyga.lt\\\/#\\\/schema\\\/logo\\\/image\\\/\",\"url\":\"https:\\\/\\\/skaitytaknyga.lt\\\/wp-content\\\/uploads\\\/2024\\\/05\\\/cropped-cropped-cropped-02_00843_jt3bggkj1j3HLc7SyY6rEUpg.jpeg\",\"contentUrl\":\"https:\\\/\\\/skaitytaknyga.lt\\\/wp-content\\\/uploads\\\/2024\\\/05\\\/cropped-cropped-cropped-02_00843_jt3bggkj1j3HLc7SyY6rEUpg.jpeg\",\"width\":1600,\"height\":1600,\"caption\":\"skaitytaknyga.lt\"},\"image\":{\"@id\":\"https:\\\/\\\/skaitytaknyga.lt\\\/#\\\/schema\\\/logo\\\/image\\\/\"},\"sameAs\":[\"https:\\\/\\\/www.facebook.com\\\/skaitytaknyga\\\/\"]}]}<\/script>\n<!-- \/ Yoast SEO plugin. -->","yoast_head_json":{"title":"Erebas","description":"Nikas \u012fsigyja piratin\u0119 kompiuterinio \u017eaidimo \u201eErebas\u201c kopij\u0105. \u0160is \u017eaidimas mokykloje platinamas slapta, jo taisykl\u0117s itin grie\u017etos: \u017eaisti galima tik","robots":{"index":"index","follow":"follow","max-snippet":"max-snippet:-1","max-image-preview":"max-image-preview:large","max-video-preview":"max-video-preview:-1"},"canonical":"https:\/\/skaitytaknyga.lt\/en\/produktas\/erebas\/","og_locale":"en_GB","og_type":"article","og_title":"[:lt]Erebas[:] - Skaitytaknyga","og_description":"Nikas \u012fsigyja piratin\u0119 kompiuterinio \u017eaidimo \u201eErebas\u201c kopij\u0105. \u0160is \u017eaidimas mokykloje platinamas slapta, jo taisykl\u0117s itin grie\u017etos: \u017eaisti galima tik","og_url":"https:\/\/skaitytaknyga.lt\/en\/produktas\/erebas\/","og_site_name":"Skaitytaknyga","article_publisher":"https:\/\/www.facebook.com\/skaitytaknyga\/","article_modified_time":"2025-09-11T10:14:48+00:00","og_image":[{"width":368,"height":548,"url":"https:\/\/skaitytaknyga.lt\/wp-content\/uploads\/2025\/06\/Erebas.webp","type":"image\/webp"}],"twitter_card":"summary_large_image","twitter_misc":{"Estimated reading time":"1 minute"},"schema":{"@context":"https:\/\/schema.org","@graph":[{"@type":"WebPage","@id":"https:\/\/skaitytaknyga.lt\/produktas\/erebas\/","url":"https:\/\/skaitytaknyga.lt\/produktas\/erebas\/","name":"Erebas","isPartOf":{"@id":"https:\/\/skaitytaknyga.lt\/#website"},"primaryImageOfPage":{"@id":"https:\/\/skaitytaknyga.lt\/produktas\/erebas\/#primaryimage"},"image":{"@id":"https:\/\/skaitytaknyga.lt\/produktas\/erebas\/#primaryimage"},"thumbnailUrl":"https:\/\/skaitytaknyga.lt\/wp-content\/uploads\/2025\/06\/Erebas.webp","datePublished":"2025-06-15T08:06:30+00:00","dateModified":"2025-09-11T10:14:48+00:00","description":"Nikas \u012fsigyja piratin\u0119 kompiuterinio \u017eaidimo \u201eErebas\u201c kopij\u0105. \u0160is \u017eaidimas mokykloje platinamas slapta, jo taisykl\u0117s itin grie\u017etos: \u017eaisti galima tik","breadcrumb":{"@id":"https:\/\/skaitytaknyga.lt\/produktas\/erebas\/#breadcrumb"},"inLanguage":"en-GB","potentialAction":[{"@type":"ReadAction","target":["https:\/\/skaitytaknyga.lt\/produktas\/erebas\/"]}]},{"@type":"ImageObject","inLanguage":"en-GB","@id":"https:\/\/skaitytaknyga.lt\/produktas\/erebas\/#primaryimage","url":"https:\/\/skaitytaknyga.lt\/wp-content\/uploads\/2025\/06\/Erebas.webp","contentUrl":"https:\/\/skaitytaknyga.lt\/wp-content\/uploads\/2025\/06\/Erebas.webp","width":368,"height":548,"caption":"Ursula Poznanski Erebas"},{"@type":"BreadcrumbList","@id":"https:\/\/skaitytaknyga.lt\/produktas\/erebas\/#breadcrumb","itemListElement":[{"@type":"ListItem","position":1,"name":"Home","item":"https:\/\/skaitytaknyga.lt\/"},{"@type":"ListItem","position":2,"name":"Parduotuv\u0117","item":"https:\/\/skaitytaknyga.lt\/knygu-parduotuve\/"},{"@type":"ListItem","position":3,"name":"Erebas"}]},{"@type":"WebSite","@id":"https:\/\/skaitytaknyga.lt\/#website","url":"https:\/\/skaitytaknyga.lt\/","name":"skaitytaknyga.lt","description":"Skaitytaknyga.lt \u2013 tai ma\u017eas \u0161eimos verslas, kuris prasid\u0117jo nuo meil\u0117s knygoms ir siekio i\u0161gelb\u0117ti knygas nuo likimo prie konteinerio. Kas vienam nereikalingas daiktas \u2013 kitam lobis, o mes esame tarpininkai, kurie padeda abiems tapti laimingesniems ???? \u017dinome kaip nelengva i\u0161gyventi ma\u017eiems verslams, tad nuo \u0161iol, \u010dia rasite ir kit\u0173, ma\u017e\u0173 \u0161eim\u0173 versl\u0173, rank\u0173 darbo, dovan\u0173 sau ir artimiesiems.","publisher":{"@id":"https:\/\/skaitytaknyga.lt\/#organization"},"potentialAction":[{"@type":"SearchAction","target":{"@type":"EntryPoint","urlTemplate":"https:\/\/skaitytaknyga.lt\/?s={search_term_string}"},"query-input":{"@type":"PropertyValueSpecification","valueRequired":true,"valueName":"search_term_string"}}],"inLanguage":"en-GB"},{"@type":"Organization","@id":"https:\/\/skaitytaknyga.lt\/#organization","name":"skaitytaknyga.lt","url":"https:\/\/skaitytaknyga.lt\/","logo":{"@type":"ImageObject","inLanguage":"en-GB","@id":"https:\/\/skaitytaknyga.lt\/#\/schema\/logo\/image\/","url":"https:\/\/skaitytaknyga.lt\/wp-content\/uploads\/2024\/05\/cropped-cropped-cropped-02_00843_jt3bggkj1j3HLc7SyY6rEUpg.jpeg","contentUrl":"https:\/\/skaitytaknyga.lt\/wp-content\/uploads\/2024\/05\/cropped-cropped-cropped-02_00843_jt3bggkj1j3HLc7SyY6rEUpg.jpeg","width":1600,"height":1600,"caption":"skaitytaknyga.lt"},"image":{"@id":"https:\/\/skaitytaknyga.lt\/#\/schema\/logo\/image\/"},"sameAs":["https:\/\/www.facebook.com\/skaitytaknyga\/"]}]}},"_links":{"self":[{"href":"https:\/\/skaitytaknyga.lt\/en\/wp-json\/wp\/v2\/product\/18905","targetHints":{"allow":["GET"]}}],"collection":[{"href":"https:\/\/skaitytaknyga.lt\/en\/wp-json\/wp\/v2\/product"}],"about":[{"href":"https:\/\/skaitytaknyga.lt\/en\/wp-json\/wp\/v2\/types\/product"}],"replies":[{"embeddable":true,"href":"https:\/\/skaitytaknyga.lt\/en\/wp-json\/wp\/v2\/comments?post=18905"}],"wp:featuredmedia":[{"embeddable":true,"href":"https:\/\/skaitytaknyga.lt\/en\/wp-json\/wp\/v2\/media\/18909"}],"wp:attachment":[{"href":"https:\/\/skaitytaknyga.lt\/en\/wp-json\/wp\/v2\/media?parent=18905"}],"wp:term":[{"taxonomy":"product_brand","embeddable":true,"href":"https:\/\/skaitytaknyga.lt\/en\/wp-json\/wp\/v2\/product_brand?post=18905"},{"taxonomy":"product_cat","embeddable":true,"href":"https:\/\/skaitytaknyga.lt\/en\/wp-json\/wp\/v2\/product_cat?post=18905"},{"taxonomy":"product_tag","embeddable":true,"href":"https:\/\/skaitytaknyga.lt\/en\/wp-json\/wp\/v2\/product_tag?post=18905"}],"curies":[{"name":"wp","href":"https:\/\/api.w.org\/{rel}","templated":true}]}}