{"id":18904,"date":"2025-06-15T11:06:29","date_gmt":"2025-06-15T08:06:29","guid":{"rendered":"https:\/\/skaitytaknyga.lt\/?post_type=product&#038;p=18904"},"modified":"2026-02-17T21:18:38","modified_gmt":"2026-02-17T19:18:38","slug":"tula","status":"publish","type":"product","link":"https:\/\/skaitytaknyga.lt\/en\/produktas\/tula\/","title":{"rendered":"T\u016bla"},"content":{"rendered":"<p>Jurgio Kun\u010dino (1947\u20132002) romanas \u201eT\u016bla\u201c priskiriamas prie ry\u0161kiausi\u0173 lietuvi\u0173 literat\u016bros k\u016brini\u0173, pasirod\u017eiusi\u0173 per du pastaruosius de\u0161imtme\u010dius. Fatali\u0161ka meil\u0117, Vilniaus gatveles u\u017egulusi sovietme\u010dio pilkuma, nerimo ir li\u016bdesio slegiamas inteligenti\u0161kas jaunuolis \u2013 i\u0161 toki\u0173 vaizd\u0173 susiklost\u0117 geriausias J. Kun\u010dino romanas.<\/p>\n<p>Tai jau penktojii romano laida: pirmas leidimas pasirod\u0117 1993 m. ir tais pa\u010diais metais peln\u0117 Ra\u0161ytoj\u0173 s\u0105jungos premij\u0105, antrasis buvo i\u0161leistas 2007 m.<\/p>\n<p>\u201eKas pastar\u0173j\u0173 dvide\u0161imties met\u0173 lietuvi\u0173 literat\u016broje buvo i\u0161 esm\u0117s novatori\u0161ka? Sav\u0105j\u012f originalaus pob\u016bd\u017eio k\u016brini\u0173 s\u0105ra\u0161\u0105 kolega Laimantas Jonu\u0161ys pradeda nuo Jurgio Kun\u010dino, min\u0117damas \u201eT\u016bl\u0105\u201c \u2013 kaip roman\u0105, pirm\u0105 kart\u0105 prabilus\u012f apie valkataujan\u010dio sovietme\u010dio inteligento patirt\u012f ir atv\u0117rus\u012f visai nauj\u0105 perspektyv\u0105.<\/p>\n<p>Skaitydami roman\u0105 \u201eT\u016bla\u201c (1993), mes v\u0117l einame per Vilni\u0173 kartu su pakau\u0161usiu li\u016bdnu jaunuoliu, atpa\u017eindami gatveles, kavines, da\u017enai sutinkamus \u017emones, kol per \u017eaism\u0117s scen\u0105 patenkame \u012f nerimo ir fatali\u0161ko jausmo skaistykl\u0105. \u201eT\u016bla\u201c yra dosnios ne\u012fmanomos meil\u0117s d\u016b\u017etanti banga, vienatv\u0117s, klajoni\u0173 ir nerimo romanas, jau smilkstan\u010dios santvarkos li\u016bdna fotografija. Jurgio Kun\u010dino pasakojimas \u2013 \u0161velniai nat\u016bralisti\u0161kas ir \u0161iurk\u0161\u010diai poeti\u0161kas, pasak J\u016brat\u0117s Sprindyt\u0117s. Romanas para\u0161ytas smagia ranka, vienu kartu liejan\u010dia dokumenti\u0161ko tikrumo, puo\u0161ybos, ironijos spalvas, gra\u017eiausi jo puslapiai \u017eavi svaigulio ritmu ir lyri\u0161ka intonacija, kuri lengvai \u012fteisina \u0161agali\u0161kas skryd\u017eio metaforas. Romanas i\u0161leistas lenk\u0173, rus\u0173, \u0161ved\u0173 kalbomis.\u201c \u2013 Valentinas Sventickas.<\/p>\n","protected":false},"excerpt":{"rendered":"<p>Jurgio Kun\u010dino (1947\u20132002) romanas \u201eT\u016bla\u201c priskiriamas prie ry\u0161kiausi\u0173 lietuvi\u0173 literat\u016bros k\u016brini\u0173, pasirod\u017eiusi\u0173 per du pastaruosius de\u0161imtme\u010dius. Fatali\u0161ka meil\u0117, Vilniaus gatveles u\u017egulusi sovietme\u010dio pilkuma, nerimo ir li\u016bdesio slegiamas inteligenti\u0161kas jaunuolis \u2013 i\u0161 toki\u0173 vaizd\u0173 susiklost\u0117 geriausias J. Kun\u010dino romanas. Tai jau penktojii romano laida: pirmas leidimas pasirod\u0117 1993 m. ir tais pa\u010diais metais peln\u0117 Ra\u0161ytoj\u0173 s\u0105jungos premij\u0105, antrasis buvo i\u0161leistas 2007 m. \u201eKas pastar\u0173j\u0173 dvide\u0161imties met\u0173 lietuvi\u0173 literat\u016broje buvo i\u0161 esm\u0117s novatori\u0161ka? Sav\u0105j\u012f originalaus pob\u016bd\u017eio k\u016brini\u0173 s\u0105ra\u0161\u0105 kolega Laimantas Jonu\u0161ys pradeda nuo Jurgio Kun\u010dino, min\u0117damas \u201eT\u016bl\u0105\u201c \u2013 kaip roman\u0105, pirm\u0105 kart\u0105 prabilus\u012f apie valkataujan\u010dio sovietme\u010dio inteligento patirt\u012f ir atv\u0117rus\u012f visai nauj\u0105 perspektyv\u0105. Skaitydami roman\u0105 \u201eT\u016bla\u201c (1993), mes v\u0117l einame per Vilni\u0173 kartu su pakau\u0161usiu li\u016bdnu jaunuoliu, atpa\u017eindami gatveles, kavines, da\u017enai sutinkamus \u017emones, kol per \u017eaism\u0117s scen\u0105 patenkame \u012f nerimo ir fatali\u0161ko jausmo skaistykl\u0105. \u201eT\u016bla\u201c yra dosnios ne\u012fmanomos meil\u0117s d\u016b\u017etanti banga, vienatv\u0117s, klajoni\u0173 ir nerimo romanas, jau smilkstan\u010dios santvarkos li\u016bdna fotografija. Jurgio Kun\u010dino pasakojimas \u2013 \u0161velniai nat\u016bralisti\u0161kas ir \u0161iurk\u0161\u010diai poeti\u0161kas, pasak J\u016brat\u0117s Sprindyt\u0117s. Romanas para\u0161ytas smagia ranka, vienu kartu liejan\u010dia dokumenti\u0161ko tikrumo, puo\u0161ybos, ironijos spalvas, gra\u017eiausi jo puslapiai \u017eavi svaigulio ritmu ir lyri\u0161ka intonacija, kuri lengvai \u012fteisina \u0161agali\u0161kas skryd\u017eio metaforas. Romanas i\u0161leistas lenk\u0173, rus\u0173, \u0161ved\u0173 kalbomis.\u201c \u2013 Valentinas Sventickas.<\/p>\n","protected":false},"featured_media":18908,"comment_status":"open","ping_status":"closed","template":"","meta":{"_acf_changed":false,"site-sidebar-layout":"default","site-content-layout":"","ast-site-content-layout":"default","site-content-style":"default","site-sidebar-style":"default","ast-global-header-display":"","ast-banner-title-visibility":"","ast-main-header-display":"","ast-hfb-above-header-display":"","ast-hfb-below-header-display":"","ast-hfb-mobile-header-display":"","site-post-title":"","ast-breadcrumbs-content":"","ast-featured-img":"","footer-sml-layout":"","ast-disable-related-posts":"","theme-transparent-header-meta":"","adv-header-id-meta":"","stick-header-meta":"","header-above-stick-meta":"","header-main-stick-meta":"","header-below-stick-meta":"","astra-migrate-meta-layouts":"default","ast-page-background-enabled":"default","ast-page-background-meta":{"desktop":{"background-color":"","background-image":"","background-repeat":"repeat","background-position":"center center","background-size":"auto","background-attachment":"scroll","background-type":"","background-media":"","overlay-type":"","overlay-color":"","overlay-opacity":"","overlay-gradient":""},"tablet":{"background-color":"","background-image":"","background-repeat":"repeat","background-position":"center center","background-size":"auto","background-attachment":"scroll","background-type":"","background-media":"","overlay-type":"","overlay-color":"","overlay-opacity":"","overlay-gradient":""},"mobile":{"background-color":"","background-image":"","background-repeat":"repeat","background-position":"center center","background-size":"auto","background-attachment":"scroll","background-type":"","background-media":"","overlay-type":"","overlay-color":"","overlay-opacity":"","overlay-gradient":""}},"ast-content-background-meta":{"desktop":{"background-color":"var(--ast-global-color-4)","background-image":"","background-repeat":"repeat","background-position":"center center","background-size":"auto","background-attachment":"scroll","background-type":"","background-media":"","overlay-type":"","overlay-color":"","overlay-opacity":"","overlay-gradient":""},"tablet":{"background-color":"var(--ast-global-color-4)","background-image":"","background-repeat":"repeat","background-position":"center center","background-size":"auto","background-attachment":"scroll","background-type":"","background-media":"","overlay-type":"","overlay-color":"","overlay-opacity":"","overlay-gradient":""},"mobile":{"background-color":"var(--ast-global-color-4)","background-image":"","background-repeat":"repeat","background-position":"center center","background-size":"auto","background-attachment":"scroll","background-type":"","background-media":"","overlay-type":"","overlay-color":"","overlay-opacity":"","overlay-gradient":""}}},"product_brand":[],"product_cat":[31],"product_tag":[2842,1744,1796,1749,5397,2601],"class_list":{"0":"post-18904","1":"product","2":"type-product","3":"status-publish","4":"has-post-thumbnail","6":"product_cat-grozine-literatura","7":"product_tag-jurgis-kuncinas","8":"product_tag-lietuviu-literatura","9":"product_tag-meile","10":"product_tag-sovietmetis","11":"product_tag-tula","12":"product_tag-vilnius","13":"desktop-align-left","14":"tablet-align-left","15":"mobile-align-left","17":"first","18":"outofstock","19":"shipping-taxable","20":"purchasable","21":"product-type-simple"},"acf":[],"yoast_head":"<!-- This site is optimized with the Yoast SEO plugin v27.0 - https:\/\/yoast.com\/product\/yoast-seo-wordpress\/ -->\n<title>T\u016bla<\/title>\n<meta name=\"description\" content=\"Jurgio Kun\u010dino (1947\u20132002) romanas \u201eT\u016bla\u201c priskiriamas prie ry\u0161kiausi\u0173 lietuvi\u0173 literat\u016bros k\u016brini\u0173, pasirod\u017eiusi\u0173 per du pastaruosius de\u0161imtme\u010dius.\" \/>\n<meta name=\"robots\" content=\"index, follow, max-snippet:-1, max-image-preview:large, max-video-preview:-1\" \/>\n<link rel=\"canonical\" href=\"https:\/\/skaitytaknyga.lt\/en\/produktas\/tula\/\" \/>\n<meta property=\"og:locale\" content=\"en_GB\" \/>\n<meta property=\"og:locale:alternate\" content=\"lt_LT\" \/>\n<meta property=\"og:type\" content=\"article\" \/>\n<meta property=\"og:title\" content=\"T\u016bla\" \/>\n<meta property=\"og:description\" content=\"Jurgio Kun\u010dino (1947\u20132002) romanas \u201eT\u016bla\u201c priskiriamas prie ry\u0161kiausi\u0173 lietuvi\u0173 literat\u016bros k\u016brini\u0173, pasirod\u017eiusi\u0173 per du pastaruosius de\u0161imtme\u010dius.\" \/>\n<meta property=\"og:url\" content=\"https:\/\/skaitytaknyga.lt\/en\/produktas\/tula\/\" \/>\n<meta property=\"og:site_name\" content=\"Skaitytaknyga\" \/>\n<meta property=\"article:publisher\" content=\"https:\/\/www.facebook.com\/skaitytaknyga\/\" \/>\n<meta property=\"article:modified_time\" content=\"2026-02-17T19:18:38+00:00\" \/>\n<meta property=\"og:image\" content=\"https:\/\/skaitytaknyga.lt\/wp-content\/uploads\/2025\/06\/tula.png\" \/>\n\t<meta property=\"og:image:width\" content=\"840\" \/>\n\t<meta property=\"og:image:height\" content=\"1277\" \/>\n\t<meta property=\"og:image:type\" content=\"image\/png\" \/>\n<meta name=\"twitter:card\" content=\"summary_large_image\" \/>\n<meta name=\"twitter:label1\" content=\"Estimated reading time\" \/>\n\t<meta name=\"twitter:data1\" content=\"1 minute\" \/>\n<script type=\"application\/ld+json\" class=\"yoast-schema-graph\">{\"@context\":\"https:\/\/schema.org\",\"@graph\":[{\"@type\":\"WebPage\",\"@id\":\"https:\/\/skaitytaknyga.lt\/produktas\/tula\/\",\"url\":\"https:\/\/skaitytaknyga.lt\/produktas\/tula\/\",\"name\":\"T\u016bla\",\"isPartOf\":{\"@id\":\"https:\/\/skaitytaknyga.lt\/#website\"},\"primaryImageOfPage\":{\"@id\":\"https:\/\/skaitytaknyga.lt\/produktas\/tula\/#primaryimage\"},\"image\":{\"@id\":\"https:\/\/skaitytaknyga.lt\/produktas\/tula\/#primaryimage\"},\"thumbnailUrl\":\"https:\/\/skaitytaknyga.lt\/wp-content\/uploads\/2025\/06\/tula.png\",\"datePublished\":\"2025-06-15T08:06:29+00:00\",\"dateModified\":\"2026-02-17T19:18:38+00:00\",\"description\":\"Jurgio Kun\u010dino (1947\u20132002) romanas \u201eT\u016bla\u201c priskiriamas prie ry\u0161kiausi\u0173 lietuvi\u0173 literat\u016bros k\u016brini\u0173, pasirod\u017eiusi\u0173 per du pastaruosius de\u0161imtme\u010dius.\",\"breadcrumb\":{\"@id\":\"https:\/\/skaitytaknyga.lt\/produktas\/tula\/#breadcrumb\"},\"inLanguage\":\"en-GB\",\"potentialAction\":[{\"@type\":\"ReadAction\",\"target\":[\"https:\/\/skaitytaknyga.lt\/produktas\/tula\/\"]}]},{\"@type\":\"ImageObject\",\"inLanguage\":\"en-GB\",\"@id\":\"https:\/\/skaitytaknyga.lt\/produktas\/tula\/#primaryimage\",\"url\":\"https:\/\/skaitytaknyga.lt\/wp-content\/uploads\/2025\/06\/tula.png\",\"contentUrl\":\"https:\/\/skaitytaknyga.lt\/wp-content\/uploads\/2025\/06\/tula.png\",\"width\":840,\"height\":1277,\"caption\":\"Jurgis Kun\u010dinas t\u016bla\"},{\"@type\":\"BreadcrumbList\",\"@id\":\"https:\/\/skaitytaknyga.lt\/produktas\/tula\/#breadcrumb\",\"itemListElement\":[{\"@type\":\"ListItem\",\"position\":1,\"name\":\"Home\",\"item\":\"https:\/\/skaitytaknyga.lt\/\"},{\"@type\":\"ListItem\",\"position\":2,\"name\":\"Parduotuv\u0117\",\"item\":\"https:\/\/skaitytaknyga.lt\/knygu-parduotuve\/\"},{\"@type\":\"ListItem\",\"position\":3,\"name\":\"T\u016bla\"}]},{\"@type\":\"WebSite\",\"@id\":\"https:\/\/skaitytaknyga.lt\/#website\",\"url\":\"https:\/\/skaitytaknyga.lt\/\",\"name\":\"skaitytaknyga.lt\",\"description\":\"Skaitytaknyga.lt \u2013 tai ma\u017eas \u0161eimos verslas, kuris prasid\u0117jo nuo meil\u0117s knygoms ir siekio i\u0161gelb\u0117ti knygas nuo likimo prie konteinerio. Kas vienam nereikalingas daiktas \u2013 kitam lobis, o mes esame tarpininkai, kurie padeda abiems tapti laimingesniems ???? \u017dinome kaip nelengva i\u0161gyventi ma\u017eiems verslams, tad nuo \u0161iol, \u010dia rasite ir kit\u0173, ma\u017e\u0173 \u0161eim\u0173 versl\u0173, rank\u0173 darbo, dovan\u0173 sau ir artimiesiems.\",\"publisher\":{\"@id\":\"https:\/\/skaitytaknyga.lt\/#organization\"},\"potentialAction\":[{\"@type\":\"SearchAction\",\"target\":{\"@type\":\"EntryPoint\",\"urlTemplate\":\"https:\/\/skaitytaknyga.lt\/?s={search_term_string}\"},\"query-input\":{\"@type\":\"PropertyValueSpecification\",\"valueRequired\":true,\"valueName\":\"search_term_string\"}}],\"inLanguage\":\"en-GB\"},{\"@type\":\"Organization\",\"@id\":\"https:\/\/skaitytaknyga.lt\/#organization\",\"name\":\"skaitytaknyga.lt\",\"url\":\"https:\/\/skaitytaknyga.lt\/\",\"logo\":{\"@type\":\"ImageObject\",\"inLanguage\":\"en-GB\",\"@id\":\"https:\/\/skaitytaknyga.lt\/#\/schema\/logo\/image\/\",\"url\":\"https:\/\/skaitytaknyga.lt\/wp-content\/uploads\/2024\/05\/cropped-cropped-cropped-02_00843_jt3bggkj1j3HLc7SyY6rEUpg.jpeg\",\"contentUrl\":\"https:\/\/skaitytaknyga.lt\/wp-content\/uploads\/2024\/05\/cropped-cropped-cropped-02_00843_jt3bggkj1j3HLc7SyY6rEUpg.jpeg\",\"width\":1600,\"height\":1600,\"caption\":\"skaitytaknyga.lt\"},\"image\":{\"@id\":\"https:\/\/skaitytaknyga.lt\/#\/schema\/logo\/image\/\"},\"sameAs\":[\"https:\/\/www.facebook.com\/skaitytaknyga\/\"]}]}<\/script>\n<!-- \/ Yoast SEO plugin. -->","yoast_head_json":{"title":"T\u016bla","description":"Jurgio Kun\u010dino (1947\u20132002) romanas \u201eT\u016bla\u201c priskiriamas prie ry\u0161kiausi\u0173 lietuvi\u0173 literat\u016bros k\u016brini\u0173, pasirod\u017eiusi\u0173 per du pastaruosius de\u0161imtme\u010dius.","robots":{"index":"index","follow":"follow","max-snippet":"max-snippet:-1","max-image-preview":"max-image-preview:large","max-video-preview":"max-video-preview:-1"},"canonical":"https:\/\/skaitytaknyga.lt\/en\/produktas\/tula\/","og_locale":"en_GB","og_type":"article","og_title":"[:lt]T\u016bla[:] - Skaitytaknyga","og_description":"Jurgio Kun\u010dino (1947\u20132002) romanas \u201eT\u016bla\u201c priskiriamas prie ry\u0161kiausi\u0173 lietuvi\u0173 literat\u016bros k\u016brini\u0173, pasirod\u017eiusi\u0173 per du pastaruosius de\u0161imtme\u010dius.","og_url":"https:\/\/skaitytaknyga.lt\/en\/produktas\/tula\/","og_site_name":"Skaitytaknyga","article_publisher":"https:\/\/www.facebook.com\/skaitytaknyga\/","article_modified_time":"2026-02-17T19:18:38+00:00","og_image":[{"width":840,"height":1277,"url":"https:\/\/skaitytaknyga.lt\/wp-content\/uploads\/2025\/06\/tula.png","type":"image\/png"}],"twitter_card":"summary_large_image","twitter_misc":{"Estimated reading time":"1 minute"},"schema":{"@context":"https:\/\/schema.org","@graph":[{"@type":"WebPage","@id":"https:\/\/skaitytaknyga.lt\/produktas\/tula\/","url":"https:\/\/skaitytaknyga.lt\/produktas\/tula\/","name":"T\u016bla","isPartOf":{"@id":"https:\/\/skaitytaknyga.lt\/#website"},"primaryImageOfPage":{"@id":"https:\/\/skaitytaknyga.lt\/produktas\/tula\/#primaryimage"},"image":{"@id":"https:\/\/skaitytaknyga.lt\/produktas\/tula\/#primaryimage"},"thumbnailUrl":"https:\/\/skaitytaknyga.lt\/wp-content\/uploads\/2025\/06\/tula.png","datePublished":"2025-06-15T08:06:29+00:00","dateModified":"2026-02-17T19:18:38+00:00","description":"Jurgio Kun\u010dino (1947\u20132002) romanas \u201eT\u016bla\u201c priskiriamas prie ry\u0161kiausi\u0173 lietuvi\u0173 literat\u016bros k\u016brini\u0173, pasirod\u017eiusi\u0173 per du pastaruosius de\u0161imtme\u010dius.","breadcrumb":{"@id":"https:\/\/skaitytaknyga.lt\/produktas\/tula\/#breadcrumb"},"inLanguage":"en-GB","potentialAction":[{"@type":"ReadAction","target":["https:\/\/skaitytaknyga.lt\/produktas\/tula\/"]}]},{"@type":"ImageObject","inLanguage":"en-GB","@id":"https:\/\/skaitytaknyga.lt\/produktas\/tula\/#primaryimage","url":"https:\/\/skaitytaknyga.lt\/wp-content\/uploads\/2025\/06\/tula.png","contentUrl":"https:\/\/skaitytaknyga.lt\/wp-content\/uploads\/2025\/06\/tula.png","width":840,"height":1277,"caption":"Jurgis Kun\u010dinas t\u016bla"},{"@type":"BreadcrumbList","@id":"https:\/\/skaitytaknyga.lt\/produktas\/tula\/#breadcrumb","itemListElement":[{"@type":"ListItem","position":1,"name":"Home","item":"https:\/\/skaitytaknyga.lt\/"},{"@type":"ListItem","position":2,"name":"Parduotuv\u0117","item":"https:\/\/skaitytaknyga.lt\/knygu-parduotuve\/"},{"@type":"ListItem","position":3,"name":"T\u016bla"}]},{"@type":"WebSite","@id":"https:\/\/skaitytaknyga.lt\/#website","url":"https:\/\/skaitytaknyga.lt\/","name":"skaitytaknyga.lt","description":"Skaitytaknyga.lt \u2013 tai ma\u017eas \u0161eimos verslas, kuris prasid\u0117jo nuo meil\u0117s knygoms ir siekio i\u0161gelb\u0117ti knygas nuo likimo prie konteinerio. Kas vienam nereikalingas daiktas \u2013 kitam lobis, o mes esame tarpininkai, kurie padeda abiems tapti laimingesniems ???? \u017dinome kaip nelengva i\u0161gyventi ma\u017eiems verslams, tad nuo \u0161iol, \u010dia rasite ir kit\u0173, ma\u017e\u0173 \u0161eim\u0173 versl\u0173, rank\u0173 darbo, dovan\u0173 sau ir artimiesiems.","publisher":{"@id":"https:\/\/skaitytaknyga.lt\/#organization"},"potentialAction":[{"@type":"SearchAction","target":{"@type":"EntryPoint","urlTemplate":"https:\/\/skaitytaknyga.lt\/?s={search_term_string}"},"query-input":{"@type":"PropertyValueSpecification","valueRequired":true,"valueName":"search_term_string"}}],"inLanguage":"en-GB"},{"@type":"Organization","@id":"https:\/\/skaitytaknyga.lt\/#organization","name":"skaitytaknyga.lt","url":"https:\/\/skaitytaknyga.lt\/","logo":{"@type":"ImageObject","inLanguage":"en-GB","@id":"https:\/\/skaitytaknyga.lt\/#\/schema\/logo\/image\/","url":"https:\/\/skaitytaknyga.lt\/wp-content\/uploads\/2024\/05\/cropped-cropped-cropped-02_00843_jt3bggkj1j3HLc7SyY6rEUpg.jpeg","contentUrl":"https:\/\/skaitytaknyga.lt\/wp-content\/uploads\/2024\/05\/cropped-cropped-cropped-02_00843_jt3bggkj1j3HLc7SyY6rEUpg.jpeg","width":1600,"height":1600,"caption":"skaitytaknyga.lt"},"image":{"@id":"https:\/\/skaitytaknyga.lt\/#\/schema\/logo\/image\/"},"sameAs":["https:\/\/www.facebook.com\/skaitytaknyga\/"]}]}},"_links":{"self":[{"href":"https:\/\/skaitytaknyga.lt\/en\/wp-json\/wp\/v2\/product\/18904","targetHints":{"allow":["GET"]}}],"collection":[{"href":"https:\/\/skaitytaknyga.lt\/en\/wp-json\/wp\/v2\/product"}],"about":[{"href":"https:\/\/skaitytaknyga.lt\/en\/wp-json\/wp\/v2\/types\/product"}],"replies":[{"embeddable":true,"href":"https:\/\/skaitytaknyga.lt\/en\/wp-json\/wp\/v2\/comments?post=18904"}],"wp:featuredmedia":[{"embeddable":true,"href":"https:\/\/skaitytaknyga.lt\/en\/wp-json\/wp\/v2\/media\/18908"}],"wp:attachment":[{"href":"https:\/\/skaitytaknyga.lt\/en\/wp-json\/wp\/v2\/media?parent=18904"}],"wp:term":[{"taxonomy":"product_brand","embeddable":true,"href":"https:\/\/skaitytaknyga.lt\/en\/wp-json\/wp\/v2\/product_brand?post=18904"},{"taxonomy":"product_cat","embeddable":true,"href":"https:\/\/skaitytaknyga.lt\/en\/wp-json\/wp\/v2\/product_cat?post=18904"},{"taxonomy":"product_tag","embeddable":true,"href":"https:\/\/skaitytaknyga.lt\/en\/wp-json\/wp\/v2\/product_tag?post=18904"}],"curies":[{"name":"wp","href":"https:\/\/api.w.org\/{rel}","templated":true}]}}