{"id":18896,"date":"2025-06-15T10:35:58","date_gmt":"2025-06-15T07:35:58","guid":{"rendered":"https:\/\/skaitytaknyga.lt\/?post_type=product&#038;p=18896"},"modified":"2025-07-07T09:26:28","modified_gmt":"2025-07-07T06:26:28","slug":"krabo-zingsniu","status":"publish","type":"product","link":"https:\/\/skaitytaknyga.lt\/en\/produktas\/krabo-zingsniu\/","title":{"rendered":"Krabo \u017eingsniu"},"content":{"rendered":"<p>Giunteris Grassas \u2013 \u0161iuolaikinis vokie\u010di\u0173 prozininkas, Nobelio premijos laureatas. Knygoje \u201eKrabo \u017eingsniu\u201c jis t\u0119sia Dancigo (Gdansko) tem\u0105, i\u0161garsinusi\u0105 j\u012f visame pasaulyje ir pelniusi\u0105 Nobelio laurus. Knygoje pasakojama apie tolesn\u012f \u201e\u0160uni\u0161k\u0173 met\u0173\u201c ir \u201eKat\u0117s ir pel\u0117s\u201c heroj\u0117s Tulos Pokryfk\u0117s gyvenim\u0105, glaud\u017eiai siejam\u0105 su Ryt\u0173 Pr\u016bsijos b\u0117gli\u0173 laivo \u201eVilhelmas Gustlofas\u201c nuskandinimu 1945 met\u0173 \u017eiem\u0105, bene did\u017eiausia vis\u0173 laik\u0173 j\u016bs\u0173 katastrofa, kai \u017euvo apie 9000 \u017emoni\u0173. Kartu ra\u0161ytojas pradeda nauj\u0105, Vokietijoje iki \u0161iol apeinam\u0105, Ryt\u0173 Pr\u016bsijos b\u0117gli\u0173 naikinimo tem\u0105, \u0161iurpius to meto \u012fvykius vaizduodamas atsargiai, art\u0117damas prie j\u0173 \u201ekrabo \u017eingsniu\u201c. Pats G. Grassas savo nauj\u0105j\u012f k\u016brin\u012f vadina dviem susipynusiomis novel\u0117mis, kuri\u0173 antroji apie dabart\u012f, jos virtual\u0173j\u012f pasaul\u012f, kartais virstant\u012f labai tikru ir kruvinu.<\/p>\n","protected":false},"excerpt":{"rendered":"<p>Giunteris Grassas \u2013 \u0161iuolaikinis vokie\u010di\u0173 prozininkas, Nobelio premijos laureatas. Knygoje \u201eKrabo \u017eingsniu\u201c jis t\u0119sia Dancigo (Gdansko) tem\u0105, i\u0161garsinusi\u0105 j\u012f visame pasaulyje ir pelniusi\u0105 Nobelio laurus. Knygoje pasakojama apie tolesn\u012f \u201e\u0160uni\u0161k\u0173 met\u0173\u201c ir \u201eKat\u0117s ir pel\u0117s\u201c heroj\u0117s Tulos Pokryfk\u0117s gyvenim\u0105, glaud\u017eiai siejam\u0105 su Ryt\u0173 Pr\u016bsijos b\u0117gli\u0173 laivo \u201eVilhelmas Gustlofas\u201c nuskandinimu 1945 met\u0173 \u017eiem\u0105, bene did\u017eiausia vis\u0173 laik\u0173 j\u016bs\u0173 katastrofa, kai \u017euvo apie 9000 \u017emoni\u0173. Kartu ra\u0161ytojas pradeda nauj\u0105, Vokietijoje iki \u0161iol apeinam\u0105, Ryt\u0173 Pr\u016bsijos b\u0117gli\u0173 naikinimo tem\u0105, \u0161iurpius to meto \u012fvykius vaizduodamas atsargiai, art\u0117damas prie j\u0173 \u201ekrabo \u017eingsniu\u201c. Pats G. Grassas savo nauj\u0105j\u012f k\u016brin\u012f vadina dviem susipynusiomis novel\u0117mis, kuri\u0173 antroji apie dabart\u012f, jos virtual\u0173j\u012f pasaul\u012f, kartais virstant\u012f labai tikru ir kruvinu.<\/p>\n","protected":false},"featured_media":18901,"comment_status":"open","ping_status":"closed","template":"","meta":{"_acf_changed":false,"site-sidebar-layout":"default","site-content-layout":"","ast-site-content-layout":"default","site-content-style":"default","site-sidebar-style":"default","ast-global-header-display":"","ast-banner-title-visibility":"","ast-main-header-display":"","ast-hfb-above-header-display":"","ast-hfb-below-header-display":"","ast-hfb-mobile-header-display":"","site-post-title":"","ast-breadcrumbs-content":"","ast-featured-img":"","footer-sml-layout":"","ast-disable-related-posts":"","theme-transparent-header-meta":"","adv-header-id-meta":"","stick-header-meta":"","header-above-stick-meta":"","header-main-stick-meta":"","header-below-stick-meta":"","astra-migrate-meta-layouts":"default","ast-page-background-enabled":"default","ast-page-background-meta":{"desktop":{"background-color":"","background-image":"","background-repeat":"repeat","background-position":"center center","background-size":"auto","background-attachment":"scroll","background-type":"","background-media":"","overlay-type":"","overlay-color":"","overlay-opacity":"","overlay-gradient":""},"tablet":{"background-color":"","background-image":"","background-repeat":"repeat","background-position":"center center","background-size":"auto","background-attachment":"scroll","background-type":"","background-media":"","overlay-type":"","overlay-color":"","overlay-opacity":"","overlay-gradient":""},"mobile":{"background-color":"","background-image":"","background-repeat":"repeat","background-position":"center center","background-size":"auto","background-attachment":"scroll","background-type":"","background-media":"","overlay-type":"","overlay-color":"","overlay-opacity":"","overlay-gradient":""}},"ast-content-background-meta":{"desktop":{"background-color":"var(--ast-global-color-4)","background-image":"","background-repeat":"repeat","background-position":"center center","background-size":"auto","background-attachment":"scroll","background-type":"","background-media":"","overlay-type":"","overlay-color":"","overlay-opacity":"","overlay-gradient":""},"tablet":{"background-color":"var(--ast-global-color-4)","background-image":"","background-repeat":"repeat","background-position":"center center","background-size":"auto","background-attachment":"scroll","background-type":"","background-media":"","overlay-type":"","overlay-color":"","overlay-opacity":"","overlay-gradient":""},"mobile":{"background-color":"var(--ast-global-color-4)","background-image":"","background-repeat":"repeat","background-position":"center center","background-size":"auto","background-attachment":"scroll","background-type":"","background-media":"","overlay-type":"","overlay-color":"","overlay-opacity":"","overlay-gradient":""}}},"product_brand":[],"product_cat":[31],"product_tag":[5382,4784,2224,5387,5385,2857,5383,5381,5384,5386],"class_list":{"0":"post-18896","1":"product","2":"type-product","3":"status-publish","4":"has-post-thumbnail","6":"product_cat-grozine-literatura","7":"product_tag-dancigas","8":"product_tag-gunter-gras","9":"product_tag-istorija","10":"product_tag-kruvinas","11":"product_tag-laivo-katastrofa","12":"product_tag-nobelio-premija","13":"product_tag-rytu-prusijos-begliai","14":"product_tag-siuolaikine-vokieciu-proza","15":"product_tag-vilhelmas-gustlofas","16":"product_tag-virtualus-pasaulis","17":"desktop-align-left","18":"tablet-align-left","19":"mobile-align-left","21":"first","22":"instock","23":"shipping-taxable","24":"purchasable","25":"product-type-simple"},"acf":[],"yoast_head":"<!-- This site is optimized with the Yoast SEO plugin v27.4 - https:\/\/yoast.com\/product\/yoast-seo-wordpress\/ -->\n<title>Krabo \u017eingsniu<\/title>\n<meta name=\"description\" content=\"Giunteris Grassas \u2013 \u0161iuolaikinis vokie\u010di\u0173 prozininkas, Nobelio premijos laureatas. Knygoje \u201eKrabo \u017eingsniu\u201c jis t\u0119sia Dancigo (Gdansko) tem\u0105, i\u0161garsinusi\u0105\" \/>\n<meta name=\"robots\" content=\"index, follow, max-snippet:-1, max-image-preview:large, max-video-preview:-1\" \/>\n<link rel=\"canonical\" href=\"https:\/\/skaitytaknyga.lt\/en\/produktas\/krabo-zingsniu\/\" \/>\n<meta property=\"og:locale\" content=\"en_GB\" \/>\n<meta property=\"og:locale:alternate\" content=\"lt_LT\" \/>\n<meta property=\"og:type\" content=\"article\" \/>\n<meta property=\"og:title\" content=\"Krabo \u017eingsniu\" \/>\n<meta property=\"og:description\" content=\"Giunteris Grassas \u2013 \u0161iuolaikinis vokie\u010di\u0173 prozininkas, Nobelio premijos laureatas. Knygoje \u201eKrabo \u017eingsniu\u201c jis t\u0119sia Dancigo (Gdansko) tem\u0105, i\u0161garsinusi\u0105\" \/>\n<meta property=\"og:url\" content=\"https:\/\/skaitytaknyga.lt\/en\/produktas\/krabo-zingsniu\/\" \/>\n<meta property=\"og:site_name\" content=\"Skaitytaknyga\" \/>\n<meta property=\"article:publisher\" content=\"https:\/\/www.facebook.com\/skaitytaknyga\/\" \/>\n<meta property=\"article:modified_time\" content=\"2025-07-07T06:26:28+00:00\" \/>\n<meta property=\"og:image\" content=\"https:\/\/skaitytaknyga.lt\/wp-content\/uploads\/2025\/06\/Krabo-zingsniu.webp\" \/>\n\t<meta property=\"og:image:width\" content=\"457\" \/>\n\t<meta property=\"og:image:height\" content=\"801\" \/>\n\t<meta property=\"og:image:type\" content=\"image\/webp\" \/>\n<meta name=\"twitter:card\" content=\"summary_large_image\" \/>\n<meta name=\"twitter:label1\" content=\"Estimated reading time\" \/>\n\t<meta name=\"twitter:data1\" content=\"1 minute\" \/>\n<script type=\"application\/ld+json\" class=\"yoast-schema-graph\">{\"@context\":\"https:\\\/\\\/schema.org\",\"@graph\":[{\"@type\":\"WebPage\",\"@id\":\"https:\\\/\\\/skaitytaknyga.lt\\\/produktas\\\/krabo-zingsniu\\\/\",\"url\":\"https:\\\/\\\/skaitytaknyga.lt\\\/produktas\\\/krabo-zingsniu\\\/\",\"name\":\"Krabo \u017eingsniu\",\"isPartOf\":{\"@id\":\"https:\\\/\\\/skaitytaknyga.lt\\\/#website\"},\"primaryImageOfPage\":{\"@id\":\"https:\\\/\\\/skaitytaknyga.lt\\\/produktas\\\/krabo-zingsniu\\\/#primaryimage\"},\"image\":{\"@id\":\"https:\\\/\\\/skaitytaknyga.lt\\\/produktas\\\/krabo-zingsniu\\\/#primaryimage\"},\"thumbnailUrl\":\"https:\\\/\\\/skaitytaknyga.lt\\\/wp-content\\\/uploads\\\/2025\\\/06\\\/Krabo-zingsniu.webp\",\"datePublished\":\"2025-06-15T07:35:58+00:00\",\"dateModified\":\"2025-07-07T06:26:28+00:00\",\"description\":\"Giunteris Grassas \u2013 \u0161iuolaikinis vokie\u010di\u0173 prozininkas, Nobelio premijos laureatas. Knygoje \u201eKrabo \u017eingsniu\u201c jis t\u0119sia Dancigo (Gdansko) tem\u0105, i\u0161garsinusi\u0105\",\"breadcrumb\":{\"@id\":\"https:\\\/\\\/skaitytaknyga.lt\\\/produktas\\\/krabo-zingsniu\\\/#breadcrumb\"},\"inLanguage\":\"en-GB\",\"potentialAction\":[{\"@type\":\"ReadAction\",\"target\":[\"https:\\\/\\\/skaitytaknyga.lt\\\/produktas\\\/krabo-zingsniu\\\/\"]}]},{\"@type\":\"ImageObject\",\"inLanguage\":\"en-GB\",\"@id\":\"https:\\\/\\\/skaitytaknyga.lt\\\/produktas\\\/krabo-zingsniu\\\/#primaryimage\",\"url\":\"https:\\\/\\\/skaitytaknyga.lt\\\/wp-content\\\/uploads\\\/2025\\\/06\\\/Krabo-zingsniu.webp\",\"contentUrl\":\"https:\\\/\\\/skaitytaknyga.lt\\\/wp-content\\\/uploads\\\/2025\\\/06\\\/Krabo-zingsniu.webp\",\"width\":457,\"height\":801,\"caption\":\"Krabo \u017eingsniu Gunter Grass\"},{\"@type\":\"BreadcrumbList\",\"@id\":\"https:\\\/\\\/skaitytaknyga.lt\\\/produktas\\\/krabo-zingsniu\\\/#breadcrumb\",\"itemListElement\":[{\"@type\":\"ListItem\",\"position\":1,\"name\":\"Home\",\"item\":\"https:\\\/\\\/skaitytaknyga.lt\\\/\"},{\"@type\":\"ListItem\",\"position\":2,\"name\":\"Parduotuv\u0117\",\"item\":\"https:\\\/\\\/skaitytaknyga.lt\\\/knygu-parduotuve\\\/\"},{\"@type\":\"ListItem\",\"position\":3,\"name\":\"Krabo \u017eingsniu\"}]},{\"@type\":\"WebSite\",\"@id\":\"https:\\\/\\\/skaitytaknyga.lt\\\/#website\",\"url\":\"https:\\\/\\\/skaitytaknyga.lt\\\/\",\"name\":\"skaitytaknyga.lt\",\"description\":\"Skaitytaknyga.lt \u2013 tai ma\u017eas \u0161eimos verslas, kuris prasid\u0117jo nuo meil\u0117s knygoms ir siekio i\u0161gelb\u0117ti knygas nuo likimo prie konteinerio. Kas vienam nereikalingas daiktas \u2013 kitam lobis, o mes esame tarpininkai, kurie padeda abiems tapti laimingesniems ???? \u017dinome kaip nelengva i\u0161gyventi ma\u017eiems verslams, tad nuo \u0161iol, \u010dia rasite ir kit\u0173, ma\u017e\u0173 \u0161eim\u0173 versl\u0173, rank\u0173 darbo, dovan\u0173 sau ir artimiesiems.\",\"publisher\":{\"@id\":\"https:\\\/\\\/skaitytaknyga.lt\\\/#organization\"},\"potentialAction\":[{\"@type\":\"SearchAction\",\"target\":{\"@type\":\"EntryPoint\",\"urlTemplate\":\"https:\\\/\\\/skaitytaknyga.lt\\\/?s={search_term_string}\"},\"query-input\":{\"@type\":\"PropertyValueSpecification\",\"valueRequired\":true,\"valueName\":\"search_term_string\"}}],\"inLanguage\":\"en-GB\"},{\"@type\":\"Organization\",\"@id\":\"https:\\\/\\\/skaitytaknyga.lt\\\/#organization\",\"name\":\"skaitytaknyga.lt\",\"url\":\"https:\\\/\\\/skaitytaknyga.lt\\\/\",\"logo\":{\"@type\":\"ImageObject\",\"inLanguage\":\"en-GB\",\"@id\":\"https:\\\/\\\/skaitytaknyga.lt\\\/#\\\/schema\\\/logo\\\/image\\\/\",\"url\":\"https:\\\/\\\/skaitytaknyga.lt\\\/wp-content\\\/uploads\\\/2024\\\/05\\\/cropped-cropped-cropped-02_00843_jt3bggkj1j3HLc7SyY6rEUpg.jpeg\",\"contentUrl\":\"https:\\\/\\\/skaitytaknyga.lt\\\/wp-content\\\/uploads\\\/2024\\\/05\\\/cropped-cropped-cropped-02_00843_jt3bggkj1j3HLc7SyY6rEUpg.jpeg\",\"width\":1600,\"height\":1600,\"caption\":\"skaitytaknyga.lt\"},\"image\":{\"@id\":\"https:\\\/\\\/skaitytaknyga.lt\\\/#\\\/schema\\\/logo\\\/image\\\/\"},\"sameAs\":[\"https:\\\/\\\/www.facebook.com\\\/skaitytaknyga\\\/\"]}]}<\/script>\n<!-- \/ Yoast SEO plugin. -->","yoast_head_json":{"title":"Krabo \u017eingsniu","description":"Giunteris Grassas \u2013 \u0161iuolaikinis vokie\u010di\u0173 prozininkas, Nobelio premijos laureatas. Knygoje \u201eKrabo \u017eingsniu\u201c jis t\u0119sia Dancigo (Gdansko) tem\u0105, i\u0161garsinusi\u0105","robots":{"index":"index","follow":"follow","max-snippet":"max-snippet:-1","max-image-preview":"max-image-preview:large","max-video-preview":"max-video-preview:-1"},"canonical":"https:\/\/skaitytaknyga.lt\/en\/produktas\/krabo-zingsniu\/","og_locale":"en_GB","og_type":"article","og_title":"[:lt]Krabo \u017eingsniu[:] - Skaitytaknyga","og_description":"Giunteris Grassas \u2013 \u0161iuolaikinis vokie\u010di\u0173 prozininkas, Nobelio premijos laureatas. Knygoje \u201eKrabo \u017eingsniu\u201c jis t\u0119sia Dancigo (Gdansko) tem\u0105, i\u0161garsinusi\u0105","og_url":"https:\/\/skaitytaknyga.lt\/en\/produktas\/krabo-zingsniu\/","og_site_name":"Skaitytaknyga","article_publisher":"https:\/\/www.facebook.com\/skaitytaknyga\/","article_modified_time":"2025-07-07T06:26:28+00:00","og_image":[{"width":457,"height":801,"url":"https:\/\/skaitytaknyga.lt\/wp-content\/uploads\/2025\/06\/Krabo-zingsniu.webp","type":"image\/webp"}],"twitter_card":"summary_large_image","twitter_misc":{"Estimated reading time":"1 minute"},"schema":{"@context":"https:\/\/schema.org","@graph":[{"@type":"WebPage","@id":"https:\/\/skaitytaknyga.lt\/produktas\/krabo-zingsniu\/","url":"https:\/\/skaitytaknyga.lt\/produktas\/krabo-zingsniu\/","name":"Krabo \u017eingsniu","isPartOf":{"@id":"https:\/\/skaitytaknyga.lt\/#website"},"primaryImageOfPage":{"@id":"https:\/\/skaitytaknyga.lt\/produktas\/krabo-zingsniu\/#primaryimage"},"image":{"@id":"https:\/\/skaitytaknyga.lt\/produktas\/krabo-zingsniu\/#primaryimage"},"thumbnailUrl":"https:\/\/skaitytaknyga.lt\/wp-content\/uploads\/2025\/06\/Krabo-zingsniu.webp","datePublished":"2025-06-15T07:35:58+00:00","dateModified":"2025-07-07T06:26:28+00:00","description":"Giunteris Grassas \u2013 \u0161iuolaikinis vokie\u010di\u0173 prozininkas, Nobelio premijos laureatas. Knygoje \u201eKrabo \u017eingsniu\u201c jis t\u0119sia Dancigo (Gdansko) tem\u0105, i\u0161garsinusi\u0105","breadcrumb":{"@id":"https:\/\/skaitytaknyga.lt\/produktas\/krabo-zingsniu\/#breadcrumb"},"inLanguage":"en-GB","potentialAction":[{"@type":"ReadAction","target":["https:\/\/skaitytaknyga.lt\/produktas\/krabo-zingsniu\/"]}]},{"@type":"ImageObject","inLanguage":"en-GB","@id":"https:\/\/skaitytaknyga.lt\/produktas\/krabo-zingsniu\/#primaryimage","url":"https:\/\/skaitytaknyga.lt\/wp-content\/uploads\/2025\/06\/Krabo-zingsniu.webp","contentUrl":"https:\/\/skaitytaknyga.lt\/wp-content\/uploads\/2025\/06\/Krabo-zingsniu.webp","width":457,"height":801,"caption":"Krabo \u017eingsniu Gunter Grass"},{"@type":"BreadcrumbList","@id":"https:\/\/skaitytaknyga.lt\/produktas\/krabo-zingsniu\/#breadcrumb","itemListElement":[{"@type":"ListItem","position":1,"name":"Home","item":"https:\/\/skaitytaknyga.lt\/"},{"@type":"ListItem","position":2,"name":"Parduotuv\u0117","item":"https:\/\/skaitytaknyga.lt\/knygu-parduotuve\/"},{"@type":"ListItem","position":3,"name":"Krabo \u017eingsniu"}]},{"@type":"WebSite","@id":"https:\/\/skaitytaknyga.lt\/#website","url":"https:\/\/skaitytaknyga.lt\/","name":"skaitytaknyga.lt","description":"Skaitytaknyga.lt \u2013 tai ma\u017eas \u0161eimos verslas, kuris prasid\u0117jo nuo meil\u0117s knygoms ir siekio i\u0161gelb\u0117ti knygas nuo likimo prie konteinerio. Kas vienam nereikalingas daiktas \u2013 kitam lobis, o mes esame tarpininkai, kurie padeda abiems tapti laimingesniems ???? \u017dinome kaip nelengva i\u0161gyventi ma\u017eiems verslams, tad nuo \u0161iol, \u010dia rasite ir kit\u0173, ma\u017e\u0173 \u0161eim\u0173 versl\u0173, rank\u0173 darbo, dovan\u0173 sau ir artimiesiems.","publisher":{"@id":"https:\/\/skaitytaknyga.lt\/#organization"},"potentialAction":[{"@type":"SearchAction","target":{"@type":"EntryPoint","urlTemplate":"https:\/\/skaitytaknyga.lt\/?s={search_term_string}"},"query-input":{"@type":"PropertyValueSpecification","valueRequired":true,"valueName":"search_term_string"}}],"inLanguage":"en-GB"},{"@type":"Organization","@id":"https:\/\/skaitytaknyga.lt\/#organization","name":"skaitytaknyga.lt","url":"https:\/\/skaitytaknyga.lt\/","logo":{"@type":"ImageObject","inLanguage":"en-GB","@id":"https:\/\/skaitytaknyga.lt\/#\/schema\/logo\/image\/","url":"https:\/\/skaitytaknyga.lt\/wp-content\/uploads\/2024\/05\/cropped-cropped-cropped-02_00843_jt3bggkj1j3HLc7SyY6rEUpg.jpeg","contentUrl":"https:\/\/skaitytaknyga.lt\/wp-content\/uploads\/2024\/05\/cropped-cropped-cropped-02_00843_jt3bggkj1j3HLc7SyY6rEUpg.jpeg","width":1600,"height":1600,"caption":"skaitytaknyga.lt"},"image":{"@id":"https:\/\/skaitytaknyga.lt\/#\/schema\/logo\/image\/"},"sameAs":["https:\/\/www.facebook.com\/skaitytaknyga\/"]}]}},"_links":{"self":[{"href":"https:\/\/skaitytaknyga.lt\/en\/wp-json\/wp\/v2\/product\/18896","targetHints":{"allow":["GET"]}}],"collection":[{"href":"https:\/\/skaitytaknyga.lt\/en\/wp-json\/wp\/v2\/product"}],"about":[{"href":"https:\/\/skaitytaknyga.lt\/en\/wp-json\/wp\/v2\/types\/product"}],"replies":[{"embeddable":true,"href":"https:\/\/skaitytaknyga.lt\/en\/wp-json\/wp\/v2\/comments?post=18896"}],"wp:featuredmedia":[{"embeddable":true,"href":"https:\/\/skaitytaknyga.lt\/en\/wp-json\/wp\/v2\/media\/18901"}],"wp:attachment":[{"href":"https:\/\/skaitytaknyga.lt\/en\/wp-json\/wp\/v2\/media?parent=18896"}],"wp:term":[{"taxonomy":"product_brand","embeddable":true,"href":"https:\/\/skaitytaknyga.lt\/en\/wp-json\/wp\/v2\/product_brand?post=18896"},{"taxonomy":"product_cat","embeddable":true,"href":"https:\/\/skaitytaknyga.lt\/en\/wp-json\/wp\/v2\/product_cat?post=18896"},{"taxonomy":"product_tag","embeddable":true,"href":"https:\/\/skaitytaknyga.lt\/en\/wp-json\/wp\/v2\/product_tag?post=18896"}],"curies":[{"name":"wp","href":"https:\/\/api.w.org\/{rel}","templated":true}]}}