{"id":18895,"date":"2025-06-15T10:35:58","date_gmt":"2025-06-15T07:35:58","guid":{"rendered":"https:\/\/skaitytaknyga.lt\/?post_type=product&#038;p=18895"},"modified":"2025-06-26T14:49:08","modified_gmt":"2025-06-26T11:49:08","slug":"stalino-autobiografija","status":"publish","type":"product","link":"https:\/\/skaitytaknyga.lt\/en\/produktas\/stalino-autobiografija\/","title":{"rendered":"Stalino autobiografija"},"content":{"rendered":"<p>\u201eStalino autobiografija&#8221; jau i\u0161versta \u012f vokie\u010di\u0173, ital\u0173, ispan\u0173 ir lenk\u0173 kalbas, \u017eavi puikiu istorijos ir Rusijos revoliucijos u\u017ekulisi\u0173, bol\u0161evik\u0173 vald\u017eios \u012fsitvirtinimo met\u0173, politini\u0173 proces\u0173, kai Stalinas atsikrat\u0117 revoliucijos vad\u0173, i\u0161manymu. Ta\u010diau pirmiausia tai sensacingas romanas, \u012fvyki\u0173 tempu ir besikaitaliojan\u010diomis scenomis primenantis amerikieti\u0161k\u0105 film\u0105, kai nuolat did\u0117janti \u012ftampa pasiekia kulminacij\u0105 \u2013 \u0161okiruojant\u012f final\u0105.<\/p>\n<p>RICHARD LOURIE (g. 1940 m.) &#8211; ra\u0161ytojas, vert\u0117jas, scenaristas, keli\u0173 universitet\u0173 d\u0117stytojas. Studijavo kalb\u0105, istorij\u0105 ir rus\u0173 bei lenk\u0173 literat\u016br\u0105 Berklio universitete, kur jam d\u0117st\u0117, o v\u0117liau tapo draugu Czeslawas Miloszas. Richardo Lourie biografija gal\u0117t\u0173 tapti \u012fdomaus, sensacingo filmo scenarijumi. Trejus metus b\u016bsimas ra\u0161ytojas dirbo mafijos \u0161efo Bostone vairuotoju &#8211; tai jam pad\u0117jo i\u0161studijuoti psichopatin\u012f nusikalt\u0117lio mentalitet\u0105. Kaip pats teigia, netur\u0117damas \u0161ios patirties neb\u016bt\u0173 gal\u0117j\u0119s para\u0161yti \u201eStalino autobiografijos&#8221;. Keliaudamas po Rusij\u0105 Richardas Lourie patyr\u0117 riziking\u0173 nuotyki\u0173 ir juos apra\u0161\u0117 savo knygose. Nema\u017eai jo k\u016brini\u0173 i\u0161versta \u012f daugel\u012f kalb\u0173, taip pat ekranizuota.<\/p>\n","protected":false},"excerpt":{"rendered":"<p>\u201eStalino autobiografija&#8221; jau i\u0161versta \u012f vokie\u010di\u0173, ital\u0173, ispan\u0173 ir lenk\u0173 kalbas, \u017eavi puikiu istorijos ir Rusijos revoliucijos u\u017ekulisi\u0173, bol\u0161evik\u0173 vald\u017eios \u012fsitvirtinimo met\u0173, politini\u0173 proces\u0173, kai Stalinas atsikrat\u0117 revoliucijos vad\u0173, i\u0161manymu. Ta\u010diau pirmiausia tai sensacingas romanas, \u012fvyki\u0173 tempu ir besikaitaliojan\u010diomis scenomis primenantis amerikieti\u0161k\u0105 film\u0105, kai nuolat did\u0117janti \u012ftampa pasiekia kulminacij\u0105 \u2013 \u0161okiruojant\u012f final\u0105. RICHARD LOURIE (g. 1940 m.) &#8211; ra\u0161ytojas, vert\u0117jas, scenaristas, keli\u0173 universitet\u0173 d\u0117stytojas. Studijavo kalb\u0105, istorij\u0105 ir rus\u0173 bei lenk\u0173 literat\u016br\u0105 Berklio universitete, kur jam d\u0117st\u0117, o v\u0117liau tapo draugu Czeslawas Miloszas. Richardo Lourie biografija gal\u0117t\u0173 tapti \u012fdomaus, sensacingo filmo scenarijumi. Trejus metus b\u016bsimas ra\u0161ytojas dirbo mafijos \u0161efo Bostone vairuotoju &#8211; tai jam pad\u0117jo i\u0161studijuoti psichopatin\u012f nusikalt\u0117lio mentalitet\u0105. Kaip pats teigia, netur\u0117damas \u0161ios patirties neb\u016bt\u0173 gal\u0117j\u0119s para\u0161yti \u201eStalino autobiografijos&#8221;. Keliaudamas po Rusij\u0105 Richardas Lourie patyr\u0117 riziking\u0173 nuotyki\u0173 ir juos apra\u0161\u0117 savo knygose. Nema\u017eai jo k\u016brini\u0173 i\u0161versta \u012f daugel\u012f kalb\u0173, taip pat ekranizuota.<\/p>\n","protected":false},"featured_media":18900,"comment_status":"open","ping_status":"closed","template":"","meta":{"_acf_changed":false,"site-sidebar-layout":"default","site-content-layout":"","ast-site-content-layout":"default","site-content-style":"default","site-sidebar-style":"default","ast-global-header-display":"","ast-banner-title-visibility":"","ast-main-header-display":"","ast-hfb-above-header-display":"","ast-hfb-below-header-display":"","ast-hfb-mobile-header-display":"","site-post-title":"","ast-breadcrumbs-content":"","ast-featured-img":"","footer-sml-layout":"","ast-disable-related-posts":"","theme-transparent-header-meta":"","adv-header-id-meta":"","stick-header-meta":"","header-above-stick-meta":"","header-main-stick-meta":"","header-below-stick-meta":"","astra-migrate-meta-layouts":"default","ast-page-background-enabled":"default","ast-page-background-meta":{"desktop":{"background-color":"","background-image":"","background-repeat":"repeat","background-position":"center center","background-size":"auto","background-attachment":"scroll","background-type":"","background-media":"","overlay-type":"","overlay-color":"","overlay-opacity":"","overlay-gradient":""},"tablet":{"background-color":"","background-image":"","background-repeat":"repeat","background-position":"center center","background-size":"auto","background-attachment":"scroll","background-type":"","background-media":"","overlay-type":"","overlay-color":"","overlay-opacity":"","overlay-gradient":""},"mobile":{"background-color":"","background-image":"","background-repeat":"repeat","background-position":"center center","background-size":"auto","background-attachment":"scroll","background-type":"","background-media":"","overlay-type":"","overlay-color":"","overlay-opacity":"","overlay-gradient":""}},"ast-content-background-meta":{"desktop":{"background-color":"var(--ast-global-color-4)","background-image":"","background-repeat":"repeat","background-position":"center center","background-size":"auto","background-attachment":"scroll","background-type":"","background-media":"","overlay-type":"","overlay-color":"","overlay-opacity":"","overlay-gradient":""},"tablet":{"background-color":"var(--ast-global-color-4)","background-image":"","background-repeat":"repeat","background-position":"center center","background-size":"auto","background-attachment":"scroll","background-type":"","background-media":"","overlay-type":"","overlay-color":"","overlay-opacity":"","overlay-gradient":""},"mobile":{"background-color":"var(--ast-global-color-4)","background-image":"","background-repeat":"repeat","background-position":"center center","background-size":"auto","background-attachment":"scroll","background-type":"","background-media":"","overlay-type":"","overlay-color":"","overlay-opacity":"","overlay-gradient":""}}},"product_brand":[],"product_cat":[15],"product_tag":[2692,5367,2224,1590,5380,1451,5379,3403,5376,1745,5378,5377],"class_list":{"0":"post-18895","1":"product","2":"type-product","3":"status-publish","4":"has-post-thumbnail","6":"product_cat-uncategorized","7":"product_tag-autobiografija","8":"product_tag-bolsevikai","9":"product_tag-istorija","10":"product_tag-itampa","11":"product_tag-mafijos-sefo-vairuotojas","12":"product_tag-nuotykiai","13":"product_tag-politiniai-procesai","14":"product_tag-psichopatija","15":"product_tag-richard-lourie","16":"product_tag-romanas","17":"product_tag-rusijos-revoliucija","18":"product_tag-stalinas","19":"desktop-align-left","20":"tablet-align-left","21":"mobile-align-left","23":"first","24":"instock","25":"shipping-taxable","26":"purchasable","27":"product-type-simple"},"acf":[],"yoast_head":"<!-- This site is optimized with the Yoast SEO plugin v27.0 - https:\/\/yoast.com\/product\/yoast-seo-wordpress\/ -->\n<title>Stalino autobiografija<\/title>\n<meta name=\"description\" content=\"\u201eStalino autobiografija&quot; jau i\u0161versta \u012f vokie\u010di\u0173, ital\u0173, ispan\u0173 ir lenk\u0173 kalbas, \u017eavi puikiu istorijos ir Rusijos revoliucijos u\u017ekulisi\u0173, bol\u0161evik\u0173\" \/>\n<meta name=\"robots\" content=\"index, follow, max-snippet:-1, max-image-preview:large, max-video-preview:-1\" \/>\n<link rel=\"canonical\" href=\"https:\/\/skaitytaknyga.lt\/en\/produktas\/stalino-autobiografija\/\" \/>\n<meta property=\"og:locale\" content=\"en_GB\" \/>\n<meta property=\"og:locale:alternate\" content=\"lt_LT\" \/>\n<meta property=\"og:type\" content=\"article\" \/>\n<meta property=\"og:title\" content=\"Stalino autobiografija\" \/>\n<meta property=\"og:description\" content=\"\u201eStalino autobiografija&quot; jau i\u0161versta \u012f vokie\u010di\u0173, ital\u0173, ispan\u0173 ir lenk\u0173 kalbas, \u017eavi puikiu istorijos ir Rusijos revoliucijos u\u017ekulisi\u0173, bol\u0161evik\u0173\" \/>\n<meta property=\"og:url\" content=\"https:\/\/skaitytaknyga.lt\/en\/produktas\/stalino-autobiografija\/\" \/>\n<meta property=\"og:site_name\" content=\"Skaitytaknyga\" \/>\n<meta property=\"article:publisher\" content=\"https:\/\/www.facebook.com\/skaitytaknyga\/\" \/>\n<meta property=\"article:modified_time\" content=\"2025-06-26T11:49:08+00:00\" \/>\n<meta property=\"og:image\" content=\"https:\/\/skaitytaknyga.lt\/wp-content\/uploads\/2025\/06\/Stalino-autobiografija.webp\" \/>\n\t<meta property=\"og:image:width\" content=\"510\" \/>\n\t<meta property=\"og:image:height\" content=\"801\" \/>\n\t<meta property=\"og:image:type\" content=\"image\/webp\" \/>\n<meta name=\"twitter:card\" content=\"summary_large_image\" \/>\n<meta name=\"twitter:label1\" content=\"Estimated reading time\" \/>\n\t<meta name=\"twitter:data1\" content=\"1 minute\" \/>\n<script type=\"application\/ld+json\" class=\"yoast-schema-graph\">{\"@context\":\"https:\/\/schema.org\",\"@graph\":[{\"@type\":\"WebPage\",\"@id\":\"https:\/\/skaitytaknyga.lt\/produktas\/stalino-autobiografija\/\",\"url\":\"https:\/\/skaitytaknyga.lt\/produktas\/stalino-autobiografija\/\",\"name\":\"Stalino autobiografija\",\"isPartOf\":{\"@id\":\"https:\/\/skaitytaknyga.lt\/#website\"},\"primaryImageOfPage\":{\"@id\":\"https:\/\/skaitytaknyga.lt\/produktas\/stalino-autobiografija\/#primaryimage\"},\"image\":{\"@id\":\"https:\/\/skaitytaknyga.lt\/produktas\/stalino-autobiografija\/#primaryimage\"},\"thumbnailUrl\":\"https:\/\/skaitytaknyga.lt\/wp-content\/uploads\/2025\/06\/Stalino-autobiografija.webp\",\"datePublished\":\"2025-06-15T07:35:58+00:00\",\"dateModified\":\"2025-06-26T11:49:08+00:00\",\"description\":\"\u201eStalino autobiografija\\\" jau i\u0161versta \u012f vokie\u010di\u0173, ital\u0173, ispan\u0173 ir lenk\u0173 kalbas, \u017eavi puikiu istorijos ir Rusijos revoliucijos u\u017ekulisi\u0173, bol\u0161evik\u0173\",\"breadcrumb\":{\"@id\":\"https:\/\/skaitytaknyga.lt\/produktas\/stalino-autobiografija\/#breadcrumb\"},\"inLanguage\":\"en-GB\",\"potentialAction\":[{\"@type\":\"ReadAction\",\"target\":[\"https:\/\/skaitytaknyga.lt\/produktas\/stalino-autobiografija\/\"]}]},{\"@type\":\"ImageObject\",\"inLanguage\":\"en-GB\",\"@id\":\"https:\/\/skaitytaknyga.lt\/produktas\/stalino-autobiografija\/#primaryimage\",\"url\":\"https:\/\/skaitytaknyga.lt\/wp-content\/uploads\/2025\/06\/Stalino-autobiografija.webp\",\"contentUrl\":\"https:\/\/skaitytaknyga.lt\/wp-content\/uploads\/2025\/06\/Stalino-autobiografija.webp\",\"width\":510,\"height\":801,\"caption\":\"Stalino autobiografija\"},{\"@type\":\"BreadcrumbList\",\"@id\":\"https:\/\/skaitytaknyga.lt\/produktas\/stalino-autobiografija\/#breadcrumb\",\"itemListElement\":[{\"@type\":\"ListItem\",\"position\":1,\"name\":\"Home\",\"item\":\"https:\/\/skaitytaknyga.lt\/\"},{\"@type\":\"ListItem\",\"position\":2,\"name\":\"Parduotuv\u0117\",\"item\":\"https:\/\/skaitytaknyga.lt\/knygu-parduotuve\/\"},{\"@type\":\"ListItem\",\"position\":3,\"name\":\"Stalino autobiografija\"}]},{\"@type\":\"WebSite\",\"@id\":\"https:\/\/skaitytaknyga.lt\/#website\",\"url\":\"https:\/\/skaitytaknyga.lt\/\",\"name\":\"skaitytaknyga.lt\",\"description\":\"Skaitytaknyga.lt \u2013 tai ma\u017eas \u0161eimos verslas, kuris prasid\u0117jo nuo meil\u0117s knygoms ir siekio i\u0161gelb\u0117ti knygas nuo likimo prie konteinerio. Kas vienam nereikalingas daiktas \u2013 kitam lobis, o mes esame tarpininkai, kurie padeda abiems tapti laimingesniems ???? \u017dinome kaip nelengva i\u0161gyventi ma\u017eiems verslams, tad nuo \u0161iol, \u010dia rasite ir kit\u0173, ma\u017e\u0173 \u0161eim\u0173 versl\u0173, rank\u0173 darbo, dovan\u0173 sau ir artimiesiems.\",\"publisher\":{\"@id\":\"https:\/\/skaitytaknyga.lt\/#organization\"},\"potentialAction\":[{\"@type\":\"SearchAction\",\"target\":{\"@type\":\"EntryPoint\",\"urlTemplate\":\"https:\/\/skaitytaknyga.lt\/?s={search_term_string}\"},\"query-input\":{\"@type\":\"PropertyValueSpecification\",\"valueRequired\":true,\"valueName\":\"search_term_string\"}}],\"inLanguage\":\"en-GB\"},{\"@type\":\"Organization\",\"@id\":\"https:\/\/skaitytaknyga.lt\/#organization\",\"name\":\"skaitytaknyga.lt\",\"url\":\"https:\/\/skaitytaknyga.lt\/\",\"logo\":{\"@type\":\"ImageObject\",\"inLanguage\":\"en-GB\",\"@id\":\"https:\/\/skaitytaknyga.lt\/#\/schema\/logo\/image\/\",\"url\":\"https:\/\/skaitytaknyga.lt\/wp-content\/uploads\/2024\/05\/cropped-cropped-cropped-02_00843_jt3bggkj1j3HLc7SyY6rEUpg.jpeg\",\"contentUrl\":\"https:\/\/skaitytaknyga.lt\/wp-content\/uploads\/2024\/05\/cropped-cropped-cropped-02_00843_jt3bggkj1j3HLc7SyY6rEUpg.jpeg\",\"width\":1600,\"height\":1600,\"caption\":\"skaitytaknyga.lt\"},\"image\":{\"@id\":\"https:\/\/skaitytaknyga.lt\/#\/schema\/logo\/image\/\"},\"sameAs\":[\"https:\/\/www.facebook.com\/skaitytaknyga\/\"]}]}<\/script>\n<!-- \/ Yoast SEO plugin. -->","yoast_head_json":{"title":"Stalino autobiografija","description":"\u201eStalino autobiografija\" jau i\u0161versta \u012f vokie\u010di\u0173, ital\u0173, ispan\u0173 ir lenk\u0173 kalbas, \u017eavi puikiu istorijos ir Rusijos revoliucijos u\u017ekulisi\u0173, bol\u0161evik\u0173","robots":{"index":"index","follow":"follow","max-snippet":"max-snippet:-1","max-image-preview":"max-image-preview:large","max-video-preview":"max-video-preview:-1"},"canonical":"https:\/\/skaitytaknyga.lt\/en\/produktas\/stalino-autobiografija\/","og_locale":"en_GB","og_type":"article","og_title":"[:lt]Stalino autobiografija[:] - Skaitytaknyga","og_description":"\u201eStalino autobiografija\" jau i\u0161versta \u012f vokie\u010di\u0173, ital\u0173, ispan\u0173 ir lenk\u0173 kalbas, \u017eavi puikiu istorijos ir Rusijos revoliucijos u\u017ekulisi\u0173, bol\u0161evik\u0173","og_url":"https:\/\/skaitytaknyga.lt\/en\/produktas\/stalino-autobiografija\/","og_site_name":"Skaitytaknyga","article_publisher":"https:\/\/www.facebook.com\/skaitytaknyga\/","article_modified_time":"2025-06-26T11:49:08+00:00","og_image":[{"width":510,"height":801,"url":"https:\/\/skaitytaknyga.lt\/wp-content\/uploads\/2025\/06\/Stalino-autobiografija.webp","type":"image\/webp"}],"twitter_card":"summary_large_image","twitter_misc":{"Estimated reading time":"1 minute"},"schema":{"@context":"https:\/\/schema.org","@graph":[{"@type":"WebPage","@id":"https:\/\/skaitytaknyga.lt\/produktas\/stalino-autobiografija\/","url":"https:\/\/skaitytaknyga.lt\/produktas\/stalino-autobiografija\/","name":"Stalino autobiografija","isPartOf":{"@id":"https:\/\/skaitytaknyga.lt\/#website"},"primaryImageOfPage":{"@id":"https:\/\/skaitytaknyga.lt\/produktas\/stalino-autobiografija\/#primaryimage"},"image":{"@id":"https:\/\/skaitytaknyga.lt\/produktas\/stalino-autobiografija\/#primaryimage"},"thumbnailUrl":"https:\/\/skaitytaknyga.lt\/wp-content\/uploads\/2025\/06\/Stalino-autobiografija.webp","datePublished":"2025-06-15T07:35:58+00:00","dateModified":"2025-06-26T11:49:08+00:00","description":"\u201eStalino autobiografija\" jau i\u0161versta \u012f vokie\u010di\u0173, ital\u0173, ispan\u0173 ir lenk\u0173 kalbas, \u017eavi puikiu istorijos ir Rusijos revoliucijos u\u017ekulisi\u0173, bol\u0161evik\u0173","breadcrumb":{"@id":"https:\/\/skaitytaknyga.lt\/produktas\/stalino-autobiografija\/#breadcrumb"},"inLanguage":"en-GB","potentialAction":[{"@type":"ReadAction","target":["https:\/\/skaitytaknyga.lt\/produktas\/stalino-autobiografija\/"]}]},{"@type":"ImageObject","inLanguage":"en-GB","@id":"https:\/\/skaitytaknyga.lt\/produktas\/stalino-autobiografija\/#primaryimage","url":"https:\/\/skaitytaknyga.lt\/wp-content\/uploads\/2025\/06\/Stalino-autobiografija.webp","contentUrl":"https:\/\/skaitytaknyga.lt\/wp-content\/uploads\/2025\/06\/Stalino-autobiografija.webp","width":510,"height":801,"caption":"Stalino autobiografija"},{"@type":"BreadcrumbList","@id":"https:\/\/skaitytaknyga.lt\/produktas\/stalino-autobiografija\/#breadcrumb","itemListElement":[{"@type":"ListItem","position":1,"name":"Home","item":"https:\/\/skaitytaknyga.lt\/"},{"@type":"ListItem","position":2,"name":"Parduotuv\u0117","item":"https:\/\/skaitytaknyga.lt\/knygu-parduotuve\/"},{"@type":"ListItem","position":3,"name":"Stalino autobiografija"}]},{"@type":"WebSite","@id":"https:\/\/skaitytaknyga.lt\/#website","url":"https:\/\/skaitytaknyga.lt\/","name":"skaitytaknyga.lt","description":"Skaitytaknyga.lt \u2013 tai ma\u017eas \u0161eimos verslas, kuris prasid\u0117jo nuo meil\u0117s knygoms ir siekio i\u0161gelb\u0117ti knygas nuo likimo prie konteinerio. Kas vienam nereikalingas daiktas \u2013 kitam lobis, o mes esame tarpininkai, kurie padeda abiems tapti laimingesniems ???? \u017dinome kaip nelengva i\u0161gyventi ma\u017eiems verslams, tad nuo \u0161iol, \u010dia rasite ir kit\u0173, ma\u017e\u0173 \u0161eim\u0173 versl\u0173, rank\u0173 darbo, dovan\u0173 sau ir artimiesiems.","publisher":{"@id":"https:\/\/skaitytaknyga.lt\/#organization"},"potentialAction":[{"@type":"SearchAction","target":{"@type":"EntryPoint","urlTemplate":"https:\/\/skaitytaknyga.lt\/?s={search_term_string}"},"query-input":{"@type":"PropertyValueSpecification","valueRequired":true,"valueName":"search_term_string"}}],"inLanguage":"en-GB"},{"@type":"Organization","@id":"https:\/\/skaitytaknyga.lt\/#organization","name":"skaitytaknyga.lt","url":"https:\/\/skaitytaknyga.lt\/","logo":{"@type":"ImageObject","inLanguage":"en-GB","@id":"https:\/\/skaitytaknyga.lt\/#\/schema\/logo\/image\/","url":"https:\/\/skaitytaknyga.lt\/wp-content\/uploads\/2024\/05\/cropped-cropped-cropped-02_00843_jt3bggkj1j3HLc7SyY6rEUpg.jpeg","contentUrl":"https:\/\/skaitytaknyga.lt\/wp-content\/uploads\/2024\/05\/cropped-cropped-cropped-02_00843_jt3bggkj1j3HLc7SyY6rEUpg.jpeg","width":1600,"height":1600,"caption":"skaitytaknyga.lt"},"image":{"@id":"https:\/\/skaitytaknyga.lt\/#\/schema\/logo\/image\/"},"sameAs":["https:\/\/www.facebook.com\/skaitytaknyga\/"]}]}},"_links":{"self":[{"href":"https:\/\/skaitytaknyga.lt\/en\/wp-json\/wp\/v2\/product\/18895","targetHints":{"allow":["GET"]}}],"collection":[{"href":"https:\/\/skaitytaknyga.lt\/en\/wp-json\/wp\/v2\/product"}],"about":[{"href":"https:\/\/skaitytaknyga.lt\/en\/wp-json\/wp\/v2\/types\/product"}],"replies":[{"embeddable":true,"href":"https:\/\/skaitytaknyga.lt\/en\/wp-json\/wp\/v2\/comments?post=18895"}],"wp:featuredmedia":[{"embeddable":true,"href":"https:\/\/skaitytaknyga.lt\/en\/wp-json\/wp\/v2\/media\/18900"}],"wp:attachment":[{"href":"https:\/\/skaitytaknyga.lt\/en\/wp-json\/wp\/v2\/media?parent=18895"}],"wp:term":[{"taxonomy":"product_brand","embeddable":true,"href":"https:\/\/skaitytaknyga.lt\/en\/wp-json\/wp\/v2\/product_brand?post=18895"},{"taxonomy":"product_cat","embeddable":true,"href":"https:\/\/skaitytaknyga.lt\/en\/wp-json\/wp\/v2\/product_cat?post=18895"},{"taxonomy":"product_tag","embeddable":true,"href":"https:\/\/skaitytaknyga.lt\/en\/wp-json\/wp\/v2\/product_tag?post=18895"}],"curies":[{"name":"wp","href":"https:\/\/api.w.org\/{rel}","templated":true}]}}