{"id":18894,"date":"2025-06-15T10:35:57","date_gmt":"2025-06-15T07:35:57","guid":{"rendered":"https:\/\/skaitytaknyga.lt\/?post_type=product&#038;p=18894"},"modified":"2025-07-07T09:26:30","modified_gmt":"2025-07-07T06:26:30","slug":"baltoji-gvardija","status":"publish","type":"product","link":"https:\/\/skaitytaknyga.lt\/en\/produktas\/baltoji-gvardija\/","title":{"rendered":"Baltoji gvardija"},"content":{"rendered":"<p>\u201eBaltoji gvardija\u201c &#8211; vienas i\u0161 \u017eymiausi\u0173 Michailo Bulgakovo k\u016brini\u0173. Romane vaizduojamos pilietin\u0117s kovos, vykusios Ukrainoje po bol\u0161evik\u0173 perversmo Rusijoje. \u201eBaltoji Gvardija\u201c para\u0161yta poetizuota kalba, b\u016bdingu Bulgakovui stiliumi. Tai tarsi sakm\u0117, apraudanti gri\u016bvant\u012f sen\u0105 ger\u0105j\u012f pasaul\u012f, \u0161eimos katastrof\u0105, \u017elungant\u012f ir i\u0161niekint\u0105 padorum\u0105 bei \u017emoni\u0161kum\u0105.<\/p>\n<p>Apysaka \u201e\u0160uns \u0161irdis\u201c &#8211; kupina satyros, grotesko, juodojo humoro alegorinis k\u016brinys. Jame ra\u0161ytojas sujung\u0117 sovietini\u0173 laik\u0173 prad\u017eios gyvenimo aktualijas su i\u0161moninga fantastika. Skaitytojus \u017eavi ir stebina \u012fstabiai atskleistas tuometis gyvenimas, itin stipriomis emocijomis tryk\u0161tantis dinami\u0161kas pasakojimas.<\/p>\n<p>Michailas Afanisijevi\u010dius Bulgakovas \u2013 rus\u0173 ra\u0161ytojas, scenaristas. Pagrindin\u0117 M. Bulgakovo k\u016brybos tematika \u2013 rus\u0173 inteligentijos vaizdavimas, ta\u010diau nevisad buvo pakankamai \u201epolitkorekti\u0161kas\u201c ir ne\u012ftiko tuometinei vald\u017eiai ir ideologijai, tod\u0117l ne vienas k\u016brinys buvo u\u017edraustas ir pasirod\u0117 tik po mirties. Para\u0161\u0117 k\u016brinius \u201eBaltoji gvardija\u201c, \u201eVelniava\u201c, o vienas \u017eymiausi\u0173 Michailo Bulgakovo k\u016brini\u0173 yra romanas \u201eMeistras ir Margarita\u201c.<\/p>\n","protected":false},"excerpt":{"rendered":"<p>\u201eBaltoji gvardija\u201c &#8211; vienas i\u0161 \u017eymiausi\u0173 Michailo Bulgakovo k\u016brini\u0173. Romane vaizduojamos pilietin\u0117s kovos, vykusios Ukrainoje po bol\u0161evik\u0173 perversmo Rusijoje. \u201eBaltoji Gvardija\u201c para\u0161yta poetizuota kalba, b\u016bdingu Bulgakovui stiliumi. Tai tarsi sakm\u0117, apraudanti gri\u016bvant\u012f sen\u0105 ger\u0105j\u012f pasaul\u012f, \u0161eimos katastrof\u0105, \u017elungant\u012f ir i\u0161niekint\u0105 padorum\u0105 bei \u017emoni\u0161kum\u0105. Apysaka \u201e\u0160uns \u0161irdis\u201c &#8211; kupina satyros, grotesko, juodojo humoro alegorinis k\u016brinys. Jame ra\u0161ytojas sujung\u0117 sovietini\u0173 laik\u0173 prad\u017eios gyvenimo aktualijas su i\u0161moninga fantastika. Skaitytojus \u017eavi ir stebina \u012fstabiai atskleistas tuometis gyvenimas, itin stipriomis emocijomis tryk\u0161tantis dinami\u0161kas pasakojimas. Michailas Afanisijevi\u010dius Bulgakovas \u2013 rus\u0173 ra\u0161ytojas, scenaristas. Pagrindin\u0117 M. Bulgakovo k\u016brybos tematika \u2013 rus\u0173 inteligentijos vaizdavimas, ta\u010diau nevisad buvo pakankamai \u201epolitkorekti\u0161kas\u201c ir ne\u012ftiko tuometinei vald\u017eiai ir ideologijai, tod\u0117l ne vienas k\u016brinys buvo u\u017edraustas ir pasirod\u0117 tik po mirties. Para\u0161\u0117 k\u016brinius \u201eBaltoji gvardija\u201c, \u201eVelniava\u201c, o vienas \u017eymiausi\u0173 Michailo Bulgakovo k\u016brini\u0173 yra romanas \u201eMeistras ir Margarita\u201c.<\/p>\n","protected":false},"featured_media":18899,"comment_status":"open","ping_status":"closed","template":"","meta":{"_acf_changed":false,"site-sidebar-layout":"default","site-content-layout":"","ast-site-content-layout":"default","site-content-style":"default","site-sidebar-style":"default","ast-global-header-display":"","ast-banner-title-visibility":"","ast-main-header-display":"","ast-hfb-above-header-display":"","ast-hfb-below-header-display":"","ast-hfb-mobile-header-display":"","site-post-title":"","ast-breadcrumbs-content":"","ast-featured-img":"","footer-sml-layout":"","ast-disable-related-posts":"","theme-transparent-header-meta":"","adv-header-id-meta":"","stick-header-meta":"","header-above-stick-meta":"","header-main-stick-meta":"","header-below-stick-meta":"","astra-migrate-meta-layouts":"default","ast-page-background-enabled":"default","ast-page-background-meta":{"desktop":{"background-color":"","background-image":"","background-repeat":"repeat","background-position":"center center","background-size":"auto","background-attachment":"scroll","background-type":"","background-media":"","overlay-type":"","overlay-color":"","overlay-opacity":"","overlay-gradient":""},"tablet":{"background-color":"","background-image":"","background-repeat":"repeat","background-position":"center center","background-size":"auto","background-attachment":"scroll","background-type":"","background-media":"","overlay-type":"","overlay-color":"","overlay-opacity":"","overlay-gradient":""},"mobile":{"background-color":"","background-image":"","background-repeat":"repeat","background-position":"center center","background-size":"auto","background-attachment":"scroll","background-type":"","background-media":"","overlay-type":"","overlay-color":"","overlay-opacity":"","overlay-gradient":""}},"ast-content-background-meta":{"desktop":{"background-color":"var(--ast-global-color-4)","background-image":"","background-repeat":"repeat","background-position":"center center","background-size":"auto","background-attachment":"scroll","background-type":"","background-media":"","overlay-type":"","overlay-color":"","overlay-opacity":"","overlay-gradient":""},"tablet":{"background-color":"var(--ast-global-color-4)","background-image":"","background-repeat":"repeat","background-position":"center center","background-size":"auto","background-attachment":"scroll","background-type":"","background-media":"","overlay-type":"","overlay-color":"","overlay-opacity":"","overlay-gradient":""},"mobile":{"background-color":"var(--ast-global-color-4)","background-image":"","background-repeat":"repeat","background-position":"center center","background-size":"auto","background-attachment":"scroll","background-type":"","background-media":"","overlay-type":"","overlay-color":"","overlay-opacity":"","overlay-gradient":""}}},"product_brand":[],"product_cat":[31],"product_tag":[5365,5367,1504,2866,1721,2567,5364,5370,5366,5368,5374,5373,2697,2189,5369,5372,2613,5375,5371],"class_list":{"0":"post-18894","1":"product","2":"type-product","3":"status-publish","4":"has-post-thumbnail","6":"product_cat-grozine-literatura","7":"product_tag-baltoji-gvardija","8":"product_tag-bolsevikai","9":"product_tag-fantastika","10":"product_tag-groteskas","11":"product_tag-juodasis-humoras","12":"product_tag-meistras-ir-margarita","13":"product_tag-michailas-bulgakovas","14":"product_tag-padorumas","15":"product_tag-pilietines-kovos","16":"product_tag-poetizuota-kalba","17":"product_tag-politkorektiskumas","18":"product_tag-rusu-inteligentija","19":"product_tag-sakme","20":"product_tag-satyra","21":"product_tag-seimos-katastrofa","22":"product_tag-suns-sirdis","23":"product_tag-ukraina","24":"product_tag-uzdraustas-kurinys","25":"product_tag-zmoniskumas","26":"desktop-align-left","27":"tablet-align-left","28":"mobile-align-left","30":"first","31":"instock","32":"shipping-taxable","33":"purchasable","34":"product-type-simple"},"acf":[],"yoast_head":"<!-- This site is optimized with the Yoast SEO plugin v27.4 - https:\/\/yoast.com\/product\/yoast-seo-wordpress\/ -->\n<title>Baltoji gvardija<\/title>\n<meta name=\"description\" content=\"\u201eBaltoji gvardija\u201c - vienas i\u0161 \u017eymiausi\u0173 Michailo Bulgakovo k\u016brini\u0173. Romane vaizduojamos pilietin\u0117s kovos, vykusios Ukrainoje po bol\u0161evik\u0173 perversmo\" \/>\n<meta name=\"robots\" content=\"index, follow, max-snippet:-1, max-image-preview:large, max-video-preview:-1\" \/>\n<link rel=\"canonical\" href=\"https:\/\/skaitytaknyga.lt\/en\/produktas\/baltoji-gvardija\/\" \/>\n<meta property=\"og:locale\" content=\"en_GB\" \/>\n<meta property=\"og:locale:alternate\" content=\"lt_LT\" \/>\n<meta property=\"og:type\" content=\"article\" \/>\n<meta property=\"og:title\" content=\"Baltoji gvardija\" \/>\n<meta property=\"og:description\" content=\"\u201eBaltoji gvardija\u201c - vienas i\u0161 \u017eymiausi\u0173 Michailo Bulgakovo k\u016brini\u0173. Romane vaizduojamos pilietin\u0117s kovos, vykusios Ukrainoje po bol\u0161evik\u0173 perversmo\" \/>\n<meta property=\"og:url\" content=\"https:\/\/skaitytaknyga.lt\/en\/produktas\/baltoji-gvardija\/\" \/>\n<meta property=\"og:site_name\" content=\"Skaitytaknyga\" \/>\n<meta property=\"article:publisher\" content=\"https:\/\/www.facebook.com\/skaitytaknyga\/\" \/>\n<meta property=\"article:modified_time\" content=\"2025-07-07T06:26:30+00:00\" \/>\n<meta property=\"og:image\" content=\"https:\/\/skaitytaknyga.lt\/wp-content\/uploads\/2025\/06\/Baltoji-gvardija.webp\" \/>\n\t<meta property=\"og:image:width\" content=\"484\" \/>\n\t<meta property=\"og:image:height\" content=\"801\" \/>\n\t<meta property=\"og:image:type\" content=\"image\/webp\" \/>\n<meta name=\"twitter:card\" content=\"summary_large_image\" \/>\n<meta name=\"twitter:label1\" content=\"Estimated reading time\" \/>\n\t<meta name=\"twitter:data1\" content=\"1 minute\" \/>\n<script type=\"application\/ld+json\" class=\"yoast-schema-graph\">{\"@context\":\"https:\\\/\\\/schema.org\",\"@graph\":[{\"@type\":\"WebPage\",\"@id\":\"https:\\\/\\\/skaitytaknyga.lt\\\/produktas\\\/baltoji-gvardija\\\/\",\"url\":\"https:\\\/\\\/skaitytaknyga.lt\\\/produktas\\\/baltoji-gvardija\\\/\",\"name\":\"Baltoji gvardija\",\"isPartOf\":{\"@id\":\"https:\\\/\\\/skaitytaknyga.lt\\\/#website\"},\"primaryImageOfPage\":{\"@id\":\"https:\\\/\\\/skaitytaknyga.lt\\\/produktas\\\/baltoji-gvardija\\\/#primaryimage\"},\"image\":{\"@id\":\"https:\\\/\\\/skaitytaknyga.lt\\\/produktas\\\/baltoji-gvardija\\\/#primaryimage\"},\"thumbnailUrl\":\"https:\\\/\\\/skaitytaknyga.lt\\\/wp-content\\\/uploads\\\/2025\\\/06\\\/Baltoji-gvardija.webp\",\"datePublished\":\"2025-06-15T07:35:57+00:00\",\"dateModified\":\"2025-07-07T06:26:30+00:00\",\"description\":\"\u201eBaltoji gvardija\u201c - vienas i\u0161 \u017eymiausi\u0173 Michailo Bulgakovo k\u016brini\u0173. Romane vaizduojamos pilietin\u0117s kovos, vykusios Ukrainoje po bol\u0161evik\u0173 perversmo\",\"breadcrumb\":{\"@id\":\"https:\\\/\\\/skaitytaknyga.lt\\\/produktas\\\/baltoji-gvardija\\\/#breadcrumb\"},\"inLanguage\":\"en-GB\",\"potentialAction\":[{\"@type\":\"ReadAction\",\"target\":[\"https:\\\/\\\/skaitytaknyga.lt\\\/produktas\\\/baltoji-gvardija\\\/\"]}]},{\"@type\":\"ImageObject\",\"inLanguage\":\"en-GB\",\"@id\":\"https:\\\/\\\/skaitytaknyga.lt\\\/produktas\\\/baltoji-gvardija\\\/#primaryimage\",\"url\":\"https:\\\/\\\/skaitytaknyga.lt\\\/wp-content\\\/uploads\\\/2025\\\/06\\\/Baltoji-gvardija.webp\",\"contentUrl\":\"https:\\\/\\\/skaitytaknyga.lt\\\/wp-content\\\/uploads\\\/2025\\\/06\\\/Baltoji-gvardija.webp\",\"width\":484,\"height\":801,\"caption\":\"Michail Bulgakov Baltoji gvardija\"},{\"@type\":\"BreadcrumbList\",\"@id\":\"https:\\\/\\\/skaitytaknyga.lt\\\/produktas\\\/baltoji-gvardija\\\/#breadcrumb\",\"itemListElement\":[{\"@type\":\"ListItem\",\"position\":1,\"name\":\"Home\",\"item\":\"https:\\\/\\\/skaitytaknyga.lt\\\/\"},{\"@type\":\"ListItem\",\"position\":2,\"name\":\"Parduotuv\u0117\",\"item\":\"https:\\\/\\\/skaitytaknyga.lt\\\/knygu-parduotuve\\\/\"},{\"@type\":\"ListItem\",\"position\":3,\"name\":\"Baltoji gvardija\"}]},{\"@type\":\"WebSite\",\"@id\":\"https:\\\/\\\/skaitytaknyga.lt\\\/#website\",\"url\":\"https:\\\/\\\/skaitytaknyga.lt\\\/\",\"name\":\"skaitytaknyga.lt\",\"description\":\"Skaitytaknyga.lt \u2013 tai ma\u017eas \u0161eimos verslas, kuris prasid\u0117jo nuo meil\u0117s knygoms ir siekio i\u0161gelb\u0117ti knygas nuo likimo prie konteinerio. Kas vienam nereikalingas daiktas \u2013 kitam lobis, o mes esame tarpininkai, kurie padeda abiems tapti laimingesniems ???? \u017dinome kaip nelengva i\u0161gyventi ma\u017eiems verslams, tad nuo \u0161iol, \u010dia rasite ir kit\u0173, ma\u017e\u0173 \u0161eim\u0173 versl\u0173, rank\u0173 darbo, dovan\u0173 sau ir artimiesiems.\",\"publisher\":{\"@id\":\"https:\\\/\\\/skaitytaknyga.lt\\\/#organization\"},\"potentialAction\":[{\"@type\":\"SearchAction\",\"target\":{\"@type\":\"EntryPoint\",\"urlTemplate\":\"https:\\\/\\\/skaitytaknyga.lt\\\/?s={search_term_string}\"},\"query-input\":{\"@type\":\"PropertyValueSpecification\",\"valueRequired\":true,\"valueName\":\"search_term_string\"}}],\"inLanguage\":\"en-GB\"},{\"@type\":\"Organization\",\"@id\":\"https:\\\/\\\/skaitytaknyga.lt\\\/#organization\",\"name\":\"skaitytaknyga.lt\",\"url\":\"https:\\\/\\\/skaitytaknyga.lt\\\/\",\"logo\":{\"@type\":\"ImageObject\",\"inLanguage\":\"en-GB\",\"@id\":\"https:\\\/\\\/skaitytaknyga.lt\\\/#\\\/schema\\\/logo\\\/image\\\/\",\"url\":\"https:\\\/\\\/skaitytaknyga.lt\\\/wp-content\\\/uploads\\\/2024\\\/05\\\/cropped-cropped-cropped-02_00843_jt3bggkj1j3HLc7SyY6rEUpg.jpeg\",\"contentUrl\":\"https:\\\/\\\/skaitytaknyga.lt\\\/wp-content\\\/uploads\\\/2024\\\/05\\\/cropped-cropped-cropped-02_00843_jt3bggkj1j3HLc7SyY6rEUpg.jpeg\",\"width\":1600,\"height\":1600,\"caption\":\"skaitytaknyga.lt\"},\"image\":{\"@id\":\"https:\\\/\\\/skaitytaknyga.lt\\\/#\\\/schema\\\/logo\\\/image\\\/\"},\"sameAs\":[\"https:\\\/\\\/www.facebook.com\\\/skaitytaknyga\\\/\"]}]}<\/script>\n<!-- \/ Yoast SEO plugin. -->","yoast_head_json":{"title":"Baltoji gvardija","description":"\u201eBaltoji gvardija\u201c - vienas i\u0161 \u017eymiausi\u0173 Michailo Bulgakovo k\u016brini\u0173. Romane vaizduojamos pilietin\u0117s kovos, vykusios Ukrainoje po bol\u0161evik\u0173 perversmo","robots":{"index":"index","follow":"follow","max-snippet":"max-snippet:-1","max-image-preview":"max-image-preview:large","max-video-preview":"max-video-preview:-1"},"canonical":"https:\/\/skaitytaknyga.lt\/en\/produktas\/baltoji-gvardija\/","og_locale":"en_GB","og_type":"article","og_title":"[:lt]Baltoji gvardija[:] - Skaitytaknyga","og_description":"\u201eBaltoji gvardija\u201c - vienas i\u0161 \u017eymiausi\u0173 Michailo Bulgakovo k\u016brini\u0173. Romane vaizduojamos pilietin\u0117s kovos, vykusios Ukrainoje po bol\u0161evik\u0173 perversmo","og_url":"https:\/\/skaitytaknyga.lt\/en\/produktas\/baltoji-gvardija\/","og_site_name":"Skaitytaknyga","article_publisher":"https:\/\/www.facebook.com\/skaitytaknyga\/","article_modified_time":"2025-07-07T06:26:30+00:00","og_image":[{"width":484,"height":801,"url":"https:\/\/skaitytaknyga.lt\/wp-content\/uploads\/2025\/06\/Baltoji-gvardija.webp","type":"image\/webp"}],"twitter_card":"summary_large_image","twitter_misc":{"Estimated reading time":"1 minute"},"schema":{"@context":"https:\/\/schema.org","@graph":[{"@type":"WebPage","@id":"https:\/\/skaitytaknyga.lt\/produktas\/baltoji-gvardija\/","url":"https:\/\/skaitytaknyga.lt\/produktas\/baltoji-gvardija\/","name":"Baltoji gvardija","isPartOf":{"@id":"https:\/\/skaitytaknyga.lt\/#website"},"primaryImageOfPage":{"@id":"https:\/\/skaitytaknyga.lt\/produktas\/baltoji-gvardija\/#primaryimage"},"image":{"@id":"https:\/\/skaitytaknyga.lt\/produktas\/baltoji-gvardija\/#primaryimage"},"thumbnailUrl":"https:\/\/skaitytaknyga.lt\/wp-content\/uploads\/2025\/06\/Baltoji-gvardija.webp","datePublished":"2025-06-15T07:35:57+00:00","dateModified":"2025-07-07T06:26:30+00:00","description":"\u201eBaltoji gvardija\u201c - vienas i\u0161 \u017eymiausi\u0173 Michailo Bulgakovo k\u016brini\u0173. Romane vaizduojamos pilietin\u0117s kovos, vykusios Ukrainoje po bol\u0161evik\u0173 perversmo","breadcrumb":{"@id":"https:\/\/skaitytaknyga.lt\/produktas\/baltoji-gvardija\/#breadcrumb"},"inLanguage":"en-GB","potentialAction":[{"@type":"ReadAction","target":["https:\/\/skaitytaknyga.lt\/produktas\/baltoji-gvardija\/"]}]},{"@type":"ImageObject","inLanguage":"en-GB","@id":"https:\/\/skaitytaknyga.lt\/produktas\/baltoji-gvardija\/#primaryimage","url":"https:\/\/skaitytaknyga.lt\/wp-content\/uploads\/2025\/06\/Baltoji-gvardija.webp","contentUrl":"https:\/\/skaitytaknyga.lt\/wp-content\/uploads\/2025\/06\/Baltoji-gvardija.webp","width":484,"height":801,"caption":"Michail Bulgakov Baltoji gvardija"},{"@type":"BreadcrumbList","@id":"https:\/\/skaitytaknyga.lt\/produktas\/baltoji-gvardija\/#breadcrumb","itemListElement":[{"@type":"ListItem","position":1,"name":"Home","item":"https:\/\/skaitytaknyga.lt\/"},{"@type":"ListItem","position":2,"name":"Parduotuv\u0117","item":"https:\/\/skaitytaknyga.lt\/knygu-parduotuve\/"},{"@type":"ListItem","position":3,"name":"Baltoji gvardija"}]},{"@type":"WebSite","@id":"https:\/\/skaitytaknyga.lt\/#website","url":"https:\/\/skaitytaknyga.lt\/","name":"skaitytaknyga.lt","description":"Skaitytaknyga.lt \u2013 tai ma\u017eas \u0161eimos verslas, kuris prasid\u0117jo nuo meil\u0117s knygoms ir siekio i\u0161gelb\u0117ti knygas nuo likimo prie konteinerio. Kas vienam nereikalingas daiktas \u2013 kitam lobis, o mes esame tarpininkai, kurie padeda abiems tapti laimingesniems ???? \u017dinome kaip nelengva i\u0161gyventi ma\u017eiems verslams, tad nuo \u0161iol, \u010dia rasite ir kit\u0173, ma\u017e\u0173 \u0161eim\u0173 versl\u0173, rank\u0173 darbo, dovan\u0173 sau ir artimiesiems.","publisher":{"@id":"https:\/\/skaitytaknyga.lt\/#organization"},"potentialAction":[{"@type":"SearchAction","target":{"@type":"EntryPoint","urlTemplate":"https:\/\/skaitytaknyga.lt\/?s={search_term_string}"},"query-input":{"@type":"PropertyValueSpecification","valueRequired":true,"valueName":"search_term_string"}}],"inLanguage":"en-GB"},{"@type":"Organization","@id":"https:\/\/skaitytaknyga.lt\/#organization","name":"skaitytaknyga.lt","url":"https:\/\/skaitytaknyga.lt\/","logo":{"@type":"ImageObject","inLanguage":"en-GB","@id":"https:\/\/skaitytaknyga.lt\/#\/schema\/logo\/image\/","url":"https:\/\/skaitytaknyga.lt\/wp-content\/uploads\/2024\/05\/cropped-cropped-cropped-02_00843_jt3bggkj1j3HLc7SyY6rEUpg.jpeg","contentUrl":"https:\/\/skaitytaknyga.lt\/wp-content\/uploads\/2024\/05\/cropped-cropped-cropped-02_00843_jt3bggkj1j3HLc7SyY6rEUpg.jpeg","width":1600,"height":1600,"caption":"skaitytaknyga.lt"},"image":{"@id":"https:\/\/skaitytaknyga.lt\/#\/schema\/logo\/image\/"},"sameAs":["https:\/\/www.facebook.com\/skaitytaknyga\/"]}]}},"_links":{"self":[{"href":"https:\/\/skaitytaknyga.lt\/en\/wp-json\/wp\/v2\/product\/18894","targetHints":{"allow":["GET"]}}],"collection":[{"href":"https:\/\/skaitytaknyga.lt\/en\/wp-json\/wp\/v2\/product"}],"about":[{"href":"https:\/\/skaitytaknyga.lt\/en\/wp-json\/wp\/v2\/types\/product"}],"replies":[{"embeddable":true,"href":"https:\/\/skaitytaknyga.lt\/en\/wp-json\/wp\/v2\/comments?post=18894"}],"wp:featuredmedia":[{"embeddable":true,"href":"https:\/\/skaitytaknyga.lt\/en\/wp-json\/wp\/v2\/media\/18899"}],"wp:attachment":[{"href":"https:\/\/skaitytaknyga.lt\/en\/wp-json\/wp\/v2\/media?parent=18894"}],"wp:term":[{"taxonomy":"product_brand","embeddable":true,"href":"https:\/\/skaitytaknyga.lt\/en\/wp-json\/wp\/v2\/product_brand?post=18894"},{"taxonomy":"product_cat","embeddable":true,"href":"https:\/\/skaitytaknyga.lt\/en\/wp-json\/wp\/v2\/product_cat?post=18894"},{"taxonomy":"product_tag","embeddable":true,"href":"https:\/\/skaitytaknyga.lt\/en\/wp-json\/wp\/v2\/product_tag?post=18894"}],"curies":[{"name":"wp","href":"https:\/\/api.w.org\/{rel}","templated":true}]}}