{"id":18882,"date":"2025-06-15T10:14:09","date_gmt":"2025-06-15T07:14:09","guid":{"rendered":"https:\/\/skaitytaknyga.lt\/?post_type=product&#038;p=18882"},"modified":"2025-07-07T09:26:31","modified_gmt":"2025-07-07T06:26:31","slug":"dunda-dulkinas-ir-kiti-satyrinis-romanas","status":"publish","type":"product","link":"https:\/\/skaitytaknyga.lt\/en\/produktas\/dunda-dulkinas-ir-kiti-satyrinis-romanas\/","title":{"rendered":"Dunda dulkinas ir kiti: satyrinis romanas"},"content":{"rendered":"<p>\u017dinomo ra\u0161ytojo ir publicisto satyrinis romanas. Tai \u012fdomus, spalvingas groteskas, atspindintis paradoksal\u0173 sovietme\u010dio gyvenim\u0105 su atgyjan\u010diomis mulia\u017ein\u0117mis partini\u0173 ideologini\u0173 darbuotoj\u0173 fig\u016bromis, nepagra\u017eintais kaimo vaizdais, su gyvo gyvenimo epizodais, meistri\u0161kai \u012fkomponuotais \u012f su\u0161ar\u017euot\u0105 literat\u016brin\u0119 erdv\u0119. Skaitytojas \u010dia ras ry\u0161ki\u0173 aliuzij\u0173 \u012f \u017einom\u0173 asmenybi\u0173 veikl\u0105, originali\u0173 liaudies posaki\u0173 ir daineli\u0173, taikliai \u012fvardijan\u010di\u0173 to meto gyvenimo absurd\u0105 ir moralin\u012f nuosmuk\u012f.<\/p>\n","protected":false},"excerpt":{"rendered":"<p>\u017dinomo ra\u0161ytojo ir publicisto satyrinis romanas. Tai \u012fdomus, spalvingas groteskas, atspindintis paradoksal\u0173 sovietme\u010dio gyvenim\u0105 su atgyjan\u010diomis mulia\u017ein\u0117mis partini\u0173 ideologini\u0173 darbuotoj\u0173 fig\u016bromis, nepagra\u017eintais kaimo vaizdais, su gyvo gyvenimo epizodais, meistri\u0161kai \u012fkomponuotais \u012f su\u0161ar\u017euot\u0105 literat\u016brin\u0119 erdv\u0119. Skaitytojas \u010dia ras ry\u0161ki\u0173 aliuzij\u0173 \u012f \u017einom\u0173 asmenybi\u0173 veikl\u0105, originali\u0173 liaudies posaki\u0173 ir daineli\u0173, taikliai \u012fvardijan\u010di\u0173 to meto gyvenimo absurd\u0105 ir moralin\u012f nuosmuk\u012f.<\/p>\n","protected":false},"featured_media":18889,"comment_status":"open","ping_status":"closed","template":"","meta":{"_acf_changed":false,"site-sidebar-layout":"default","site-content-layout":"","ast-site-content-layout":"default","site-content-style":"default","site-sidebar-style":"default","ast-global-header-display":"","ast-banner-title-visibility":"","ast-main-header-display":"","ast-hfb-above-header-display":"","ast-hfb-below-header-display":"","ast-hfb-mobile-header-display":"","site-post-title":"","ast-breadcrumbs-content":"","ast-featured-img":"","footer-sml-layout":"","ast-disable-related-posts":"","theme-transparent-header-meta":"","adv-header-id-meta":"","stick-header-meta":"","header-above-stick-meta":"","header-main-stick-meta":"","header-below-stick-meta":"","astra-migrate-meta-layouts":"default","ast-page-background-enabled":"default","ast-page-background-meta":{"desktop":{"background-color":"","background-image":"","background-repeat":"repeat","background-position":"center center","background-size":"auto","background-attachment":"scroll","background-type":"","background-media":"","overlay-type":"","overlay-color":"","overlay-opacity":"","overlay-gradient":""},"tablet":{"background-color":"","background-image":"","background-repeat":"repeat","background-position":"center center","background-size":"auto","background-attachment":"scroll","background-type":"","background-media":"","overlay-type":"","overlay-color":"","overlay-opacity":"","overlay-gradient":""},"mobile":{"background-color":"","background-image":"","background-repeat":"repeat","background-position":"center center","background-size":"auto","background-attachment":"scroll","background-type":"","background-media":"","overlay-type":"","overlay-color":"","overlay-opacity":"","overlay-gradient":""}},"ast-content-background-meta":{"desktop":{"background-color":"var(--ast-global-color-4)","background-image":"","background-repeat":"repeat","background-position":"center center","background-size":"auto","background-attachment":"scroll","background-type":"","background-media":"","overlay-type":"","overlay-color":"","overlay-opacity":"","overlay-gradient":""},"tablet":{"background-color":"var(--ast-global-color-4)","background-image":"","background-repeat":"repeat","background-position":"center center","background-size":"auto","background-attachment":"scroll","background-type":"","background-media":"","overlay-type":"","overlay-color":"","overlay-opacity":"","overlay-gradient":""},"mobile":{"background-color":"var(--ast-global-color-4)","background-image":"","background-repeat":"repeat","background-position":"center center","background-size":"auto","background-attachment":"scroll","background-type":"","background-media":"","overlay-type":"","overlay-color":"","overlay-opacity":"","overlay-gradient":""}}},"product_brand":[],"product_cat":[31],"product_tag":[5356,1744,2189,1749],"class_list":{"0":"post-18882","1":"product","2":"type-product","3":"status-publish","4":"has-post-thumbnail","6":"product_cat-grozine-literatura","7":"product_tag-adolfas-straksys","8":"product_tag-lietuviu-literatura","9":"product_tag-satyra","10":"product_tag-sovietmetis","11":"desktop-align-left","12":"tablet-align-left","13":"mobile-align-left","15":"first","16":"instock","17":"shipping-taxable","18":"purchasable","19":"product-type-simple"},"acf":[],"yoast_head":"<!-- This site is optimized with the Yoast SEO plugin v27.0 - https:\/\/yoast.com\/product\/yoast-seo-wordpress\/ -->\n<title>Dunda dulkinas ir kiti: satyrinis romanas<\/title>\n<meta name=\"description\" content=\"\u017dinomo ra\u0161ytojo ir publicisto satyrinis romanas. Tai \u012fdomus, spalvingas groteskas, atspindintis paradoksal\u0173 sovietme\u010dio gyvenim\u0105 su atgyjan\u010diomis\" \/>\n<meta name=\"robots\" content=\"index, follow, max-snippet:-1, max-image-preview:large, max-video-preview:-1\" \/>\n<link rel=\"canonical\" href=\"https:\/\/skaitytaknyga.lt\/en\/produktas\/dunda-dulkinas-ir-kiti-satyrinis-romanas\/\" \/>\n<meta property=\"og:locale\" content=\"en_GB\" \/>\n<meta property=\"og:locale:alternate\" content=\"lt_LT\" \/>\n<meta property=\"og:type\" content=\"article\" \/>\n<meta property=\"og:title\" content=\"Dunda dulkinas ir kiti: satyrinis romanas\" \/>\n<meta property=\"og:description\" content=\"\u017dinomo ra\u0161ytojo ir publicisto satyrinis romanas. Tai \u012fdomus, spalvingas groteskas, atspindintis paradoksal\u0173 sovietme\u010dio gyvenim\u0105 su atgyjan\u010diomis\" \/>\n<meta property=\"og:url\" content=\"https:\/\/skaitytaknyga.lt\/en\/produktas\/dunda-dulkinas-ir-kiti-satyrinis-romanas\/\" \/>\n<meta property=\"og:site_name\" content=\"Skaitytaknyga\" \/>\n<meta property=\"article:publisher\" content=\"https:\/\/www.facebook.com\/skaitytaknyga\/\" \/>\n<meta property=\"article:modified_time\" content=\"2025-07-07T06:26:31+00:00\" \/>\n<meta property=\"og:image\" content=\"https:\/\/skaitytaknyga.lt\/wp-content\/uploads\/2025\/06\/Dunda-dulkinas-ir-kiti-satyrinis-romanas.jpg\" \/>\n\t<meta property=\"og:image:width\" content=\"375\" \/>\n\t<meta property=\"og:image:height\" content=\"575\" \/>\n\t<meta property=\"og:image:type\" content=\"image\/jpeg\" \/>\n<meta name=\"twitter:card\" content=\"summary_large_image\" \/>\n<script type=\"application\/ld+json\" class=\"yoast-schema-graph\">{\"@context\":\"https:\/\/schema.org\",\"@graph\":[{\"@type\":\"WebPage\",\"@id\":\"https:\/\/skaitytaknyga.lt\/produktas\/dunda-dulkinas-ir-kiti-satyrinis-romanas\/\",\"url\":\"https:\/\/skaitytaknyga.lt\/produktas\/dunda-dulkinas-ir-kiti-satyrinis-romanas\/\",\"name\":\"Dunda dulkinas ir kiti: satyrinis romanas\",\"isPartOf\":{\"@id\":\"https:\/\/skaitytaknyga.lt\/#website\"},\"primaryImageOfPage\":{\"@id\":\"https:\/\/skaitytaknyga.lt\/produktas\/dunda-dulkinas-ir-kiti-satyrinis-romanas\/#primaryimage\"},\"image\":{\"@id\":\"https:\/\/skaitytaknyga.lt\/produktas\/dunda-dulkinas-ir-kiti-satyrinis-romanas\/#primaryimage\"},\"thumbnailUrl\":\"https:\/\/skaitytaknyga.lt\/wp-content\/uploads\/2025\/06\/Dunda-dulkinas-ir-kiti-satyrinis-romanas.jpg\",\"datePublished\":\"2025-06-15T07:14:09+00:00\",\"dateModified\":\"2025-07-07T06:26:31+00:00\",\"description\":\"\u017dinomo ra\u0161ytojo ir publicisto satyrinis romanas. Tai \u012fdomus, spalvingas groteskas, atspindintis paradoksal\u0173 sovietme\u010dio gyvenim\u0105 su atgyjan\u010diomis\",\"breadcrumb\":{\"@id\":\"https:\/\/skaitytaknyga.lt\/produktas\/dunda-dulkinas-ir-kiti-satyrinis-romanas\/#breadcrumb\"},\"inLanguage\":\"en-GB\",\"potentialAction\":[{\"@type\":\"ReadAction\",\"target\":[\"https:\/\/skaitytaknyga.lt\/produktas\/dunda-dulkinas-ir-kiti-satyrinis-romanas\/\"]}]},{\"@type\":\"ImageObject\",\"inLanguage\":\"en-GB\",\"@id\":\"https:\/\/skaitytaknyga.lt\/produktas\/dunda-dulkinas-ir-kiti-satyrinis-romanas\/#primaryimage\",\"url\":\"https:\/\/skaitytaknyga.lt\/wp-content\/uploads\/2025\/06\/Dunda-dulkinas-ir-kiti-satyrinis-romanas.jpg\",\"contentUrl\":\"https:\/\/skaitytaknyga.lt\/wp-content\/uploads\/2025\/06\/Dunda-dulkinas-ir-kiti-satyrinis-romanas.jpg\",\"width\":375,\"height\":575},{\"@type\":\"BreadcrumbList\",\"@id\":\"https:\/\/skaitytaknyga.lt\/produktas\/dunda-dulkinas-ir-kiti-satyrinis-romanas\/#breadcrumb\",\"itemListElement\":[{\"@type\":\"ListItem\",\"position\":1,\"name\":\"Home\",\"item\":\"https:\/\/skaitytaknyga.lt\/\"},{\"@type\":\"ListItem\",\"position\":2,\"name\":\"Parduotuv\u0117\",\"item\":\"https:\/\/skaitytaknyga.lt\/knygu-parduotuve\/\"},{\"@type\":\"ListItem\",\"position\":3,\"name\":\"Dunda dulkinas ir kiti: satyrinis romanas\"}]},{\"@type\":\"WebSite\",\"@id\":\"https:\/\/skaitytaknyga.lt\/#website\",\"url\":\"https:\/\/skaitytaknyga.lt\/\",\"name\":\"skaitytaknyga.lt\",\"description\":\"Skaitytaknyga.lt \u2013 tai ma\u017eas \u0161eimos verslas, kuris prasid\u0117jo nuo meil\u0117s knygoms ir siekio i\u0161gelb\u0117ti knygas nuo likimo prie konteinerio. Kas vienam nereikalingas daiktas \u2013 kitam lobis, o mes esame tarpininkai, kurie padeda abiems tapti laimingesniems ???? \u017dinome kaip nelengva i\u0161gyventi ma\u017eiems verslams, tad nuo \u0161iol, \u010dia rasite ir kit\u0173, ma\u017e\u0173 \u0161eim\u0173 versl\u0173, rank\u0173 darbo, dovan\u0173 sau ir artimiesiems.\",\"publisher\":{\"@id\":\"https:\/\/skaitytaknyga.lt\/#organization\"},\"potentialAction\":[{\"@type\":\"SearchAction\",\"target\":{\"@type\":\"EntryPoint\",\"urlTemplate\":\"https:\/\/skaitytaknyga.lt\/?s={search_term_string}\"},\"query-input\":{\"@type\":\"PropertyValueSpecification\",\"valueRequired\":true,\"valueName\":\"search_term_string\"}}],\"inLanguage\":\"en-GB\"},{\"@type\":\"Organization\",\"@id\":\"https:\/\/skaitytaknyga.lt\/#organization\",\"name\":\"skaitytaknyga.lt\",\"url\":\"https:\/\/skaitytaknyga.lt\/\",\"logo\":{\"@type\":\"ImageObject\",\"inLanguage\":\"en-GB\",\"@id\":\"https:\/\/skaitytaknyga.lt\/#\/schema\/logo\/image\/\",\"url\":\"https:\/\/skaitytaknyga.lt\/wp-content\/uploads\/2024\/05\/cropped-cropped-cropped-02_00843_jt3bggkj1j3HLc7SyY6rEUpg.jpeg\",\"contentUrl\":\"https:\/\/skaitytaknyga.lt\/wp-content\/uploads\/2024\/05\/cropped-cropped-cropped-02_00843_jt3bggkj1j3HLc7SyY6rEUpg.jpeg\",\"width\":1600,\"height\":1600,\"caption\":\"skaitytaknyga.lt\"},\"image\":{\"@id\":\"https:\/\/skaitytaknyga.lt\/#\/schema\/logo\/image\/\"},\"sameAs\":[\"https:\/\/www.facebook.com\/skaitytaknyga\/\"]}]}<\/script>\n<!-- \/ Yoast SEO plugin. -->","yoast_head_json":{"title":"Dunda dulkinas ir kiti: satyrinis romanas","description":"\u017dinomo ra\u0161ytojo ir publicisto satyrinis romanas. Tai \u012fdomus, spalvingas groteskas, atspindintis paradoksal\u0173 sovietme\u010dio gyvenim\u0105 su atgyjan\u010diomis","robots":{"index":"index","follow":"follow","max-snippet":"max-snippet:-1","max-image-preview":"max-image-preview:large","max-video-preview":"max-video-preview:-1"},"canonical":"https:\/\/skaitytaknyga.lt\/en\/produktas\/dunda-dulkinas-ir-kiti-satyrinis-romanas\/","og_locale":"en_GB","og_type":"article","og_title":"[:lt]Dunda dulkinas ir kiti: satyrinis romanas[:] - Skaitytaknyga","og_description":"\u017dinomo ra\u0161ytojo ir publicisto satyrinis romanas. Tai \u012fdomus, spalvingas groteskas, atspindintis paradoksal\u0173 sovietme\u010dio gyvenim\u0105 su atgyjan\u010diomis","og_url":"https:\/\/skaitytaknyga.lt\/en\/produktas\/dunda-dulkinas-ir-kiti-satyrinis-romanas\/","og_site_name":"Skaitytaknyga","article_publisher":"https:\/\/www.facebook.com\/skaitytaknyga\/","article_modified_time":"2025-07-07T06:26:31+00:00","og_image":[{"width":375,"height":575,"url":"https:\/\/skaitytaknyga.lt\/wp-content\/uploads\/2025\/06\/Dunda-dulkinas-ir-kiti-satyrinis-romanas.jpg","type":"image\/jpeg"}],"twitter_card":"summary_large_image","schema":{"@context":"https:\/\/schema.org","@graph":[{"@type":"WebPage","@id":"https:\/\/skaitytaknyga.lt\/produktas\/dunda-dulkinas-ir-kiti-satyrinis-romanas\/","url":"https:\/\/skaitytaknyga.lt\/produktas\/dunda-dulkinas-ir-kiti-satyrinis-romanas\/","name":"Dunda dulkinas ir kiti: satyrinis romanas","isPartOf":{"@id":"https:\/\/skaitytaknyga.lt\/#website"},"primaryImageOfPage":{"@id":"https:\/\/skaitytaknyga.lt\/produktas\/dunda-dulkinas-ir-kiti-satyrinis-romanas\/#primaryimage"},"image":{"@id":"https:\/\/skaitytaknyga.lt\/produktas\/dunda-dulkinas-ir-kiti-satyrinis-romanas\/#primaryimage"},"thumbnailUrl":"https:\/\/skaitytaknyga.lt\/wp-content\/uploads\/2025\/06\/Dunda-dulkinas-ir-kiti-satyrinis-romanas.jpg","datePublished":"2025-06-15T07:14:09+00:00","dateModified":"2025-07-07T06:26:31+00:00","description":"\u017dinomo ra\u0161ytojo ir publicisto satyrinis romanas. Tai \u012fdomus, spalvingas groteskas, atspindintis paradoksal\u0173 sovietme\u010dio gyvenim\u0105 su atgyjan\u010diomis","breadcrumb":{"@id":"https:\/\/skaitytaknyga.lt\/produktas\/dunda-dulkinas-ir-kiti-satyrinis-romanas\/#breadcrumb"},"inLanguage":"en-GB","potentialAction":[{"@type":"ReadAction","target":["https:\/\/skaitytaknyga.lt\/produktas\/dunda-dulkinas-ir-kiti-satyrinis-romanas\/"]}]},{"@type":"ImageObject","inLanguage":"en-GB","@id":"https:\/\/skaitytaknyga.lt\/produktas\/dunda-dulkinas-ir-kiti-satyrinis-romanas\/#primaryimage","url":"https:\/\/skaitytaknyga.lt\/wp-content\/uploads\/2025\/06\/Dunda-dulkinas-ir-kiti-satyrinis-romanas.jpg","contentUrl":"https:\/\/skaitytaknyga.lt\/wp-content\/uploads\/2025\/06\/Dunda-dulkinas-ir-kiti-satyrinis-romanas.jpg","width":375,"height":575},{"@type":"BreadcrumbList","@id":"https:\/\/skaitytaknyga.lt\/produktas\/dunda-dulkinas-ir-kiti-satyrinis-romanas\/#breadcrumb","itemListElement":[{"@type":"ListItem","position":1,"name":"Home","item":"https:\/\/skaitytaknyga.lt\/"},{"@type":"ListItem","position":2,"name":"Parduotuv\u0117","item":"https:\/\/skaitytaknyga.lt\/knygu-parduotuve\/"},{"@type":"ListItem","position":3,"name":"Dunda dulkinas ir kiti: satyrinis romanas"}]},{"@type":"WebSite","@id":"https:\/\/skaitytaknyga.lt\/#website","url":"https:\/\/skaitytaknyga.lt\/","name":"skaitytaknyga.lt","description":"Skaitytaknyga.lt \u2013 tai ma\u017eas \u0161eimos verslas, kuris prasid\u0117jo nuo meil\u0117s knygoms ir siekio i\u0161gelb\u0117ti knygas nuo likimo prie konteinerio. Kas vienam nereikalingas daiktas \u2013 kitam lobis, o mes esame tarpininkai, kurie padeda abiems tapti laimingesniems ???? \u017dinome kaip nelengva i\u0161gyventi ma\u017eiems verslams, tad nuo \u0161iol, \u010dia rasite ir kit\u0173, ma\u017e\u0173 \u0161eim\u0173 versl\u0173, rank\u0173 darbo, dovan\u0173 sau ir artimiesiems.","publisher":{"@id":"https:\/\/skaitytaknyga.lt\/#organization"},"potentialAction":[{"@type":"SearchAction","target":{"@type":"EntryPoint","urlTemplate":"https:\/\/skaitytaknyga.lt\/?s={search_term_string}"},"query-input":{"@type":"PropertyValueSpecification","valueRequired":true,"valueName":"search_term_string"}}],"inLanguage":"en-GB"},{"@type":"Organization","@id":"https:\/\/skaitytaknyga.lt\/#organization","name":"skaitytaknyga.lt","url":"https:\/\/skaitytaknyga.lt\/","logo":{"@type":"ImageObject","inLanguage":"en-GB","@id":"https:\/\/skaitytaknyga.lt\/#\/schema\/logo\/image\/","url":"https:\/\/skaitytaknyga.lt\/wp-content\/uploads\/2024\/05\/cropped-cropped-cropped-02_00843_jt3bggkj1j3HLc7SyY6rEUpg.jpeg","contentUrl":"https:\/\/skaitytaknyga.lt\/wp-content\/uploads\/2024\/05\/cropped-cropped-cropped-02_00843_jt3bggkj1j3HLc7SyY6rEUpg.jpeg","width":1600,"height":1600,"caption":"skaitytaknyga.lt"},"image":{"@id":"https:\/\/skaitytaknyga.lt\/#\/schema\/logo\/image\/"},"sameAs":["https:\/\/www.facebook.com\/skaitytaknyga\/"]}]}},"_links":{"self":[{"href":"https:\/\/skaitytaknyga.lt\/en\/wp-json\/wp\/v2\/product\/18882","targetHints":{"allow":["GET"]}}],"collection":[{"href":"https:\/\/skaitytaknyga.lt\/en\/wp-json\/wp\/v2\/product"}],"about":[{"href":"https:\/\/skaitytaknyga.lt\/en\/wp-json\/wp\/v2\/types\/product"}],"replies":[{"embeddable":true,"href":"https:\/\/skaitytaknyga.lt\/en\/wp-json\/wp\/v2\/comments?post=18882"}],"wp:featuredmedia":[{"embeddable":true,"href":"https:\/\/skaitytaknyga.lt\/en\/wp-json\/wp\/v2\/media\/18889"}],"wp:attachment":[{"href":"https:\/\/skaitytaknyga.lt\/en\/wp-json\/wp\/v2\/media?parent=18882"}],"wp:term":[{"taxonomy":"product_brand","embeddable":true,"href":"https:\/\/skaitytaknyga.lt\/en\/wp-json\/wp\/v2\/product_brand?post=18882"},{"taxonomy":"product_cat","embeddable":true,"href":"https:\/\/skaitytaknyga.lt\/en\/wp-json\/wp\/v2\/product_cat?post=18882"},{"taxonomy":"product_tag","embeddable":true,"href":"https:\/\/skaitytaknyga.lt\/en\/wp-json\/wp\/v2\/product_tag?post=18882"}],"curies":[{"name":"wp","href":"https:\/\/api.w.org\/{rel}","templated":true}]}}