{"id":18881,"date":"2025-06-15T10:14:09","date_gmt":"2025-06-15T07:14:09","guid":{"rendered":"https:\/\/skaitytaknyga.lt\/?post_type=product&#038;p=18881"},"modified":"2025-06-26T14:48:59","modified_gmt":"2025-06-26T11:48:59","slug":"geroms-mergaitems-dangus-blogoms-viskas","status":"publish","type":"product","link":"https:\/\/skaitytaknyga.lt\/en\/produktas\/geroms-mergaitems-dangus-blogoms-viskas\/","title":{"rendered":"Geroms mergait\u0117ms dangus, blogoms &#8211; viskas"},"content":{"rendered":"<p>Vokiet\u0117 Ute Ehrhardt (g. 1956) \u2013 psicholog\u0117, vadovauja ekonomini\u0173-psichologini\u0173 konsultacij\u0173 bendrovei ir ver\u010diasi psichoterapija Vysbadene. Jos pirmoji knyga \u201eGeroms mergait\u0117ms dangus&#8230;\u201c peln\u0117 nepaprast\u0105 pasisekim\u0105, jos leidimo teis\u0119 yra nusipirkusios 25 \u0161alys. Pirmasis \u0161ios knygos leidimas Lietuvoje taip pat susilauk\u0117 did\u017eiul\u0117s s\u0117km\u0117s, tai i\u0161 \u0161ios knygos at\u0117jo dabar taip da\u017enai vartojami apib\u016bdinimai \u201egera mergait\u0117\u201c, \u201ebloga mergait\u0117\u201c.<\/p>\n<p>Kod\u0117l nenaudinga b\u016bti geroms? Kaip i\u0161mokti elgtis blogai? Kod\u0117l dauguma moter\u0173 mieliau linkusios b\u016bti pavyzdingos, o ne d\u017eiaugtis gyvenimu? Kod\u0117l moterys mano sulauksian\u010dios bausm\u0117s u\u017e savo lengvab\u016bdi\u0161kum\u0105 ar net menkiausi\u0105 nukrypim\u0105 nuo \u012fprast\u0173 norm\u0173? Kod\u0117l moterys itin retai pasiry\u017eta sakyti ir daryti tai, ko i\u0161 ties\u0173 nori? Ute Ehrhardt padeda atsakyti \u012f \u0161iuos klausimus ir moko, kaip atsikratyti m\u0105stysenos stereotip\u0173, ai\u0161kina, kokiomis sustabar\u0117jusiomis normomis ir kokiais prietarais moterys pa\u010dios sau trukdo gyventi nepriklausom\u0105 gyvenim\u0105.<\/p>\n<p>\u201eNe dejuok, o veik\u201c, \u2013 pataria autor\u0117. \u201eKai moterys vaizduoja ma\u017eas ir silpnas, elgiasi pavyzdingai, be prie\u017easties \u0161ypsosi, \u2013 suteikia j\u0117g\u0173 tam, kuris jas diskriminuoja, nuvertina ir daro silpnas&#8230;\u201c<\/p>\n","protected":false},"excerpt":{"rendered":"<p>Vokiet\u0117 Ute Ehrhardt (g. 1956) \u2013 psicholog\u0117, vadovauja ekonomini\u0173-psichologini\u0173 konsultacij\u0173 bendrovei ir ver\u010diasi psichoterapija Vysbadene. Jos pirmoji knyga \u201eGeroms mergait\u0117ms dangus&#8230;\u201c peln\u0117 nepaprast\u0105 pasisekim\u0105, jos leidimo teis\u0119 yra nusipirkusios 25 \u0161alys. Pirmasis \u0161ios knygos leidimas Lietuvoje taip pat susilauk\u0117 did\u017eiul\u0117s s\u0117km\u0117s, tai i\u0161 \u0161ios knygos at\u0117jo dabar taip da\u017enai vartojami apib\u016bdinimai \u201egera mergait\u0117\u201c, \u201ebloga mergait\u0117\u201c. Kod\u0117l nenaudinga b\u016bti geroms? Kaip i\u0161mokti elgtis blogai? Kod\u0117l dauguma moter\u0173 mieliau linkusios b\u016bti pavyzdingos, o ne d\u017eiaugtis gyvenimu? Kod\u0117l moterys mano sulauksian\u010dios bausm\u0117s u\u017e savo lengvab\u016bdi\u0161kum\u0105 ar net menkiausi\u0105 nukrypim\u0105 nuo \u012fprast\u0173 norm\u0173? Kod\u0117l moterys itin retai pasiry\u017eta sakyti ir daryti tai, ko i\u0161 ties\u0173 nori? Ute Ehrhardt padeda atsakyti \u012f \u0161iuos klausimus ir moko, kaip atsikratyti m\u0105stysenos stereotip\u0173, ai\u0161kina, kokiomis sustabar\u0117jusiomis normomis ir kokiais prietarais moterys pa\u010dios sau trukdo gyventi nepriklausom\u0105 gyvenim\u0105. \u201eNe dejuok, o veik\u201c, \u2013 pataria autor\u0117. \u201eKai moterys vaizduoja ma\u017eas ir silpnas, elgiasi pavyzdingai, be prie\u017easties \u0161ypsosi, \u2013 suteikia j\u0117g\u0173 tam, kuris jas diskriminuoja, nuvertina ir daro silpnas&#8230;\u201c<\/p>\n","protected":false},"featured_media":18886,"comment_status":"open","ping_status":"closed","template":"","meta":{"_acf_changed":false,"site-sidebar-layout":"default","site-content-layout":"","ast-site-content-layout":"default","site-content-style":"default","site-sidebar-style":"default","ast-global-header-display":"","ast-banner-title-visibility":"","ast-main-header-display":"","ast-hfb-above-header-display":"","ast-hfb-below-header-display":"","ast-hfb-mobile-header-display":"","site-post-title":"","ast-breadcrumbs-content":"","ast-featured-img":"","footer-sml-layout":"","ast-disable-related-posts":"","theme-transparent-header-meta":"","adv-header-id-meta":"","stick-header-meta":"","header-above-stick-meta":"","header-main-stick-meta":"","header-below-stick-meta":"","astra-migrate-meta-layouts":"default","ast-page-background-enabled":"default","ast-page-background-meta":{"desktop":{"background-color":"","background-image":"","background-repeat":"repeat","background-position":"center center","background-size":"auto","background-attachment":"scroll","background-type":"","background-media":"","overlay-type":"","overlay-color":"","overlay-opacity":"","overlay-gradient":""},"tablet":{"background-color":"","background-image":"","background-repeat":"repeat","background-position":"center center","background-size":"auto","background-attachment":"scroll","background-type":"","background-media":"","overlay-type":"","overlay-color":"","overlay-opacity":"","overlay-gradient":""},"mobile":{"background-color":"","background-image":"","background-repeat":"repeat","background-position":"center center","background-size":"auto","background-attachment":"scroll","background-type":"","background-media":"","overlay-type":"","overlay-color":"","overlay-opacity":"","overlay-gradient":""}},"ast-content-background-meta":{"desktop":{"background-color":"var(--ast-global-color-4)","background-image":"","background-repeat":"repeat","background-position":"center center","background-size":"auto","background-attachment":"scroll","background-type":"","background-media":"","overlay-type":"","overlay-color":"","overlay-opacity":"","overlay-gradient":""},"tablet":{"background-color":"var(--ast-global-color-4)","background-image":"","background-repeat":"repeat","background-position":"center center","background-size":"auto","background-attachment":"scroll","background-type":"","background-media":"","overlay-type":"","overlay-color":"","overlay-opacity":"","overlay-gradient":""},"mobile":{"background-color":"var(--ast-global-color-4)","background-image":"","background-repeat":"repeat","background-position":"center center","background-size":"auto","background-attachment":"scroll","background-type":"","background-media":"","overlay-type":"","overlay-color":"","overlay-opacity":"","overlay-gradient":""}}},"product_brand":[],"product_cat":[15],"product_tag":[5355,2582,1392,1396,5354],"class_list":{"0":"post-18881","1":"product","2":"type-product","3":"status-publish","4":"has-post-thumbnail","6":"product_cat-uncategorized","7":"product_tag-elgesio-modeliai","8":"product_tag-moterys","9":"product_tag-psichologija","10":"product_tag-saviugda","11":"product_tag-ute-ehrhardt","12":"desktop-align-left","13":"tablet-align-left","14":"mobile-align-left","16":"first","17":"instock","18":"shipping-taxable","19":"purchasable","20":"product-type-simple"},"acf":[],"yoast_head":"<!-- This site is optimized with the Yoast SEO plugin v27.0 - https:\/\/yoast.com\/product\/yoast-seo-wordpress\/ -->\n<title>Geroms mergait\u0117ms dangus, blogoms - viskas<\/title>\n<meta name=\"description\" content=\"Vokiet\u0117 Ute Ehrhardt (g. 1956) \u2013 psicholog\u0117, vadovauja ekonomini\u0173-psichologini\u0173 konsultacij\u0173 bendrovei ir ver\u010diasi psichoterapija Vysbadene. Jos pirmoji\" \/>\n<meta name=\"robots\" content=\"index, follow, max-snippet:-1, max-image-preview:large, max-video-preview:-1\" \/>\n<link rel=\"canonical\" href=\"https:\/\/skaitytaknyga.lt\/en\/produktas\/geroms-mergaitems-dangus-blogoms-viskas\/\" \/>\n<meta property=\"og:locale\" content=\"en_GB\" \/>\n<meta property=\"og:locale:alternate\" content=\"lt_LT\" \/>\n<meta property=\"og:type\" content=\"article\" \/>\n<meta property=\"og:title\" content=\"Geroms mergait\u0117ms dangus, blogoms - viskas\" \/>\n<meta property=\"og:description\" content=\"Vokiet\u0117 Ute Ehrhardt (g. 1956) \u2013 psicholog\u0117, vadovauja ekonomini\u0173-psichologini\u0173 konsultacij\u0173 bendrovei ir ver\u010diasi psichoterapija Vysbadene. Jos pirmoji\" \/>\n<meta property=\"og:url\" content=\"https:\/\/skaitytaknyga.lt\/en\/produktas\/geroms-mergaitems-dangus-blogoms-viskas\/\" \/>\n<meta property=\"og:site_name\" content=\"Skaitytaknyga\" \/>\n<meta property=\"article:publisher\" content=\"https:\/\/www.facebook.com\/skaitytaknyga\/\" \/>\n<meta property=\"article:modified_time\" content=\"2025-06-26T11:48:59+00:00\" \/>\n<meta property=\"og:image\" content=\"https:\/\/skaitytaknyga.lt\/wp-content\/uploads\/2025\/06\/Geroms-mergaitems-dangus-blogoms-viskas.webp\" \/>\n\t<meta property=\"og:image:width\" content=\"543\" \/>\n\t<meta property=\"og:image:height\" content=\"801\" \/>\n\t<meta property=\"og:image:type\" content=\"image\/webp\" \/>\n<meta name=\"twitter:card\" content=\"summary_large_image\" \/>\n<meta name=\"twitter:label1\" content=\"Estimated reading time\" \/>\n\t<meta name=\"twitter:data1\" content=\"1 minute\" \/>\n<script type=\"application\/ld+json\" class=\"yoast-schema-graph\">{\"@context\":\"https:\/\/schema.org\",\"@graph\":[{\"@type\":\"WebPage\",\"@id\":\"https:\/\/skaitytaknyga.lt\/produktas\/geroms-mergaitems-dangus-blogoms-viskas\/\",\"url\":\"https:\/\/skaitytaknyga.lt\/produktas\/geroms-mergaitems-dangus-blogoms-viskas\/\",\"name\":\"Geroms mergait\u0117ms dangus, blogoms - viskas\",\"isPartOf\":{\"@id\":\"https:\/\/skaitytaknyga.lt\/#website\"},\"primaryImageOfPage\":{\"@id\":\"https:\/\/skaitytaknyga.lt\/produktas\/geroms-mergaitems-dangus-blogoms-viskas\/#primaryimage\"},\"image\":{\"@id\":\"https:\/\/skaitytaknyga.lt\/produktas\/geroms-mergaitems-dangus-blogoms-viskas\/#primaryimage\"},\"thumbnailUrl\":\"https:\/\/skaitytaknyga.lt\/wp-content\/uploads\/2025\/06\/Geroms-mergaitems-dangus-blogoms-viskas.webp\",\"datePublished\":\"2025-06-15T07:14:09+00:00\",\"dateModified\":\"2025-06-26T11:48:59+00:00\",\"description\":\"Vokiet\u0117 Ute Ehrhardt (g. 1956) \u2013 psicholog\u0117, vadovauja ekonomini\u0173-psichologini\u0173 konsultacij\u0173 bendrovei ir ver\u010diasi psichoterapija Vysbadene. Jos pirmoji\",\"breadcrumb\":{\"@id\":\"https:\/\/skaitytaknyga.lt\/produktas\/geroms-mergaitems-dangus-blogoms-viskas\/#breadcrumb\"},\"inLanguage\":\"en-GB\",\"potentialAction\":[{\"@type\":\"ReadAction\",\"target\":[\"https:\/\/skaitytaknyga.lt\/produktas\/geroms-mergaitems-dangus-blogoms-viskas\/\"]}]},{\"@type\":\"ImageObject\",\"inLanguage\":\"en-GB\",\"@id\":\"https:\/\/skaitytaknyga.lt\/produktas\/geroms-mergaitems-dangus-blogoms-viskas\/#primaryimage\",\"url\":\"https:\/\/skaitytaknyga.lt\/wp-content\/uploads\/2025\/06\/Geroms-mergaitems-dangus-blogoms-viskas.webp\",\"contentUrl\":\"https:\/\/skaitytaknyga.lt\/wp-content\/uploads\/2025\/06\/Geroms-mergaitems-dangus-blogoms-viskas.webp\",\"width\":543,\"height\":801,\"caption\":\"Geroms mergait\u0117ms dangus, blogoms - viskas\"},{\"@type\":\"BreadcrumbList\",\"@id\":\"https:\/\/skaitytaknyga.lt\/produktas\/geroms-mergaitems-dangus-blogoms-viskas\/#breadcrumb\",\"itemListElement\":[{\"@type\":\"ListItem\",\"position\":1,\"name\":\"Home\",\"item\":\"https:\/\/skaitytaknyga.lt\/\"},{\"@type\":\"ListItem\",\"position\":2,\"name\":\"Parduotuv\u0117\",\"item\":\"https:\/\/skaitytaknyga.lt\/knygu-parduotuve\/\"},{\"@type\":\"ListItem\",\"position\":3,\"name\":\"Geroms mergait\u0117ms dangus, blogoms &#8211; viskas\"}]},{\"@type\":\"WebSite\",\"@id\":\"https:\/\/skaitytaknyga.lt\/#website\",\"url\":\"https:\/\/skaitytaknyga.lt\/\",\"name\":\"skaitytaknyga.lt\",\"description\":\"Skaitytaknyga.lt \u2013 tai ma\u017eas \u0161eimos verslas, kuris prasid\u0117jo nuo meil\u0117s knygoms ir siekio i\u0161gelb\u0117ti knygas nuo likimo prie konteinerio. Kas vienam nereikalingas daiktas \u2013 kitam lobis, o mes esame tarpininkai, kurie padeda abiems tapti laimingesniems ???? \u017dinome kaip nelengva i\u0161gyventi ma\u017eiems verslams, tad nuo \u0161iol, \u010dia rasite ir kit\u0173, ma\u017e\u0173 \u0161eim\u0173 versl\u0173, rank\u0173 darbo, dovan\u0173 sau ir artimiesiems.\",\"publisher\":{\"@id\":\"https:\/\/skaitytaknyga.lt\/#organization\"},\"potentialAction\":[{\"@type\":\"SearchAction\",\"target\":{\"@type\":\"EntryPoint\",\"urlTemplate\":\"https:\/\/skaitytaknyga.lt\/?s={search_term_string}\"},\"query-input\":{\"@type\":\"PropertyValueSpecification\",\"valueRequired\":true,\"valueName\":\"search_term_string\"}}],\"inLanguage\":\"en-GB\"},{\"@type\":\"Organization\",\"@id\":\"https:\/\/skaitytaknyga.lt\/#organization\",\"name\":\"skaitytaknyga.lt\",\"url\":\"https:\/\/skaitytaknyga.lt\/\",\"logo\":{\"@type\":\"ImageObject\",\"inLanguage\":\"en-GB\",\"@id\":\"https:\/\/skaitytaknyga.lt\/#\/schema\/logo\/image\/\",\"url\":\"https:\/\/skaitytaknyga.lt\/wp-content\/uploads\/2024\/05\/cropped-cropped-cropped-02_00843_jt3bggkj1j3HLc7SyY6rEUpg.jpeg\",\"contentUrl\":\"https:\/\/skaitytaknyga.lt\/wp-content\/uploads\/2024\/05\/cropped-cropped-cropped-02_00843_jt3bggkj1j3HLc7SyY6rEUpg.jpeg\",\"width\":1600,\"height\":1600,\"caption\":\"skaitytaknyga.lt\"},\"image\":{\"@id\":\"https:\/\/skaitytaknyga.lt\/#\/schema\/logo\/image\/\"},\"sameAs\":[\"https:\/\/www.facebook.com\/skaitytaknyga\/\"]}]}<\/script>\n<!-- \/ Yoast SEO plugin. -->","yoast_head_json":{"title":"Geroms mergait\u0117ms dangus, blogoms - viskas","description":"Vokiet\u0117 Ute Ehrhardt (g. 1956) \u2013 psicholog\u0117, vadovauja ekonomini\u0173-psichologini\u0173 konsultacij\u0173 bendrovei ir ver\u010diasi psichoterapija Vysbadene. Jos pirmoji","robots":{"index":"index","follow":"follow","max-snippet":"max-snippet:-1","max-image-preview":"max-image-preview:large","max-video-preview":"max-video-preview:-1"},"canonical":"https:\/\/skaitytaknyga.lt\/en\/produktas\/geroms-mergaitems-dangus-blogoms-viskas\/","og_locale":"en_GB","og_type":"article","og_title":"[:lt]Geroms mergait\u0117ms dangus, blogoms - viskas[:] - Skaitytaknyga","og_description":"Vokiet\u0117 Ute Ehrhardt (g. 1956) \u2013 psicholog\u0117, vadovauja ekonomini\u0173-psichologini\u0173 konsultacij\u0173 bendrovei ir ver\u010diasi psichoterapija Vysbadene. Jos pirmoji","og_url":"https:\/\/skaitytaknyga.lt\/en\/produktas\/geroms-mergaitems-dangus-blogoms-viskas\/","og_site_name":"Skaitytaknyga","article_publisher":"https:\/\/www.facebook.com\/skaitytaknyga\/","article_modified_time":"2025-06-26T11:48:59+00:00","og_image":[{"width":543,"height":801,"url":"https:\/\/skaitytaknyga.lt\/wp-content\/uploads\/2025\/06\/Geroms-mergaitems-dangus-blogoms-viskas.webp","type":"image\/webp"}],"twitter_card":"summary_large_image","twitter_misc":{"Estimated reading time":"1 minute"},"schema":{"@context":"https:\/\/schema.org","@graph":[{"@type":"WebPage","@id":"https:\/\/skaitytaknyga.lt\/produktas\/geroms-mergaitems-dangus-blogoms-viskas\/","url":"https:\/\/skaitytaknyga.lt\/produktas\/geroms-mergaitems-dangus-blogoms-viskas\/","name":"Geroms mergait\u0117ms dangus, blogoms - viskas","isPartOf":{"@id":"https:\/\/skaitytaknyga.lt\/#website"},"primaryImageOfPage":{"@id":"https:\/\/skaitytaknyga.lt\/produktas\/geroms-mergaitems-dangus-blogoms-viskas\/#primaryimage"},"image":{"@id":"https:\/\/skaitytaknyga.lt\/produktas\/geroms-mergaitems-dangus-blogoms-viskas\/#primaryimage"},"thumbnailUrl":"https:\/\/skaitytaknyga.lt\/wp-content\/uploads\/2025\/06\/Geroms-mergaitems-dangus-blogoms-viskas.webp","datePublished":"2025-06-15T07:14:09+00:00","dateModified":"2025-06-26T11:48:59+00:00","description":"Vokiet\u0117 Ute Ehrhardt (g. 1956) \u2013 psicholog\u0117, vadovauja ekonomini\u0173-psichologini\u0173 konsultacij\u0173 bendrovei ir ver\u010diasi psichoterapija Vysbadene. Jos pirmoji","breadcrumb":{"@id":"https:\/\/skaitytaknyga.lt\/produktas\/geroms-mergaitems-dangus-blogoms-viskas\/#breadcrumb"},"inLanguage":"en-GB","potentialAction":[{"@type":"ReadAction","target":["https:\/\/skaitytaknyga.lt\/produktas\/geroms-mergaitems-dangus-blogoms-viskas\/"]}]},{"@type":"ImageObject","inLanguage":"en-GB","@id":"https:\/\/skaitytaknyga.lt\/produktas\/geroms-mergaitems-dangus-blogoms-viskas\/#primaryimage","url":"https:\/\/skaitytaknyga.lt\/wp-content\/uploads\/2025\/06\/Geroms-mergaitems-dangus-blogoms-viskas.webp","contentUrl":"https:\/\/skaitytaknyga.lt\/wp-content\/uploads\/2025\/06\/Geroms-mergaitems-dangus-blogoms-viskas.webp","width":543,"height":801,"caption":"Geroms mergait\u0117ms dangus, blogoms - viskas"},{"@type":"BreadcrumbList","@id":"https:\/\/skaitytaknyga.lt\/produktas\/geroms-mergaitems-dangus-blogoms-viskas\/#breadcrumb","itemListElement":[{"@type":"ListItem","position":1,"name":"Home","item":"https:\/\/skaitytaknyga.lt\/"},{"@type":"ListItem","position":2,"name":"Parduotuv\u0117","item":"https:\/\/skaitytaknyga.lt\/knygu-parduotuve\/"},{"@type":"ListItem","position":3,"name":"Geroms mergait\u0117ms dangus, blogoms &#8211; viskas"}]},{"@type":"WebSite","@id":"https:\/\/skaitytaknyga.lt\/#website","url":"https:\/\/skaitytaknyga.lt\/","name":"skaitytaknyga.lt","description":"Skaitytaknyga.lt \u2013 tai ma\u017eas \u0161eimos verslas, kuris prasid\u0117jo nuo meil\u0117s knygoms ir siekio i\u0161gelb\u0117ti knygas nuo likimo prie konteinerio. Kas vienam nereikalingas daiktas \u2013 kitam lobis, o mes esame tarpininkai, kurie padeda abiems tapti laimingesniems ???? \u017dinome kaip nelengva i\u0161gyventi ma\u017eiems verslams, tad nuo \u0161iol, \u010dia rasite ir kit\u0173, ma\u017e\u0173 \u0161eim\u0173 versl\u0173, rank\u0173 darbo, dovan\u0173 sau ir artimiesiems.","publisher":{"@id":"https:\/\/skaitytaknyga.lt\/#organization"},"potentialAction":[{"@type":"SearchAction","target":{"@type":"EntryPoint","urlTemplate":"https:\/\/skaitytaknyga.lt\/?s={search_term_string}"},"query-input":{"@type":"PropertyValueSpecification","valueRequired":true,"valueName":"search_term_string"}}],"inLanguage":"en-GB"},{"@type":"Organization","@id":"https:\/\/skaitytaknyga.lt\/#organization","name":"skaitytaknyga.lt","url":"https:\/\/skaitytaknyga.lt\/","logo":{"@type":"ImageObject","inLanguage":"en-GB","@id":"https:\/\/skaitytaknyga.lt\/#\/schema\/logo\/image\/","url":"https:\/\/skaitytaknyga.lt\/wp-content\/uploads\/2024\/05\/cropped-cropped-cropped-02_00843_jt3bggkj1j3HLc7SyY6rEUpg.jpeg","contentUrl":"https:\/\/skaitytaknyga.lt\/wp-content\/uploads\/2024\/05\/cropped-cropped-cropped-02_00843_jt3bggkj1j3HLc7SyY6rEUpg.jpeg","width":1600,"height":1600,"caption":"skaitytaknyga.lt"},"image":{"@id":"https:\/\/skaitytaknyga.lt\/#\/schema\/logo\/image\/"},"sameAs":["https:\/\/www.facebook.com\/skaitytaknyga\/"]}]}},"_links":{"self":[{"href":"https:\/\/skaitytaknyga.lt\/en\/wp-json\/wp\/v2\/product\/18881","targetHints":{"allow":["GET"]}}],"collection":[{"href":"https:\/\/skaitytaknyga.lt\/en\/wp-json\/wp\/v2\/product"}],"about":[{"href":"https:\/\/skaitytaknyga.lt\/en\/wp-json\/wp\/v2\/types\/product"}],"replies":[{"embeddable":true,"href":"https:\/\/skaitytaknyga.lt\/en\/wp-json\/wp\/v2\/comments?post=18881"}],"wp:featuredmedia":[{"embeddable":true,"href":"https:\/\/skaitytaknyga.lt\/en\/wp-json\/wp\/v2\/media\/18886"}],"wp:attachment":[{"href":"https:\/\/skaitytaknyga.lt\/en\/wp-json\/wp\/v2\/media?parent=18881"}],"wp:term":[{"taxonomy":"product_brand","embeddable":true,"href":"https:\/\/skaitytaknyga.lt\/en\/wp-json\/wp\/v2\/product_brand?post=18881"},{"taxonomy":"product_cat","embeddable":true,"href":"https:\/\/skaitytaknyga.lt\/en\/wp-json\/wp\/v2\/product_cat?post=18881"},{"taxonomy":"product_tag","embeddable":true,"href":"https:\/\/skaitytaknyga.lt\/en\/wp-json\/wp\/v2\/product_tag?post=18881"}],"curies":[{"name":"wp","href":"https:\/\/api.w.org\/{rel}","templated":true}]}}