{"id":18872,"date":"2025-06-15T10:02:38","date_gmt":"2025-06-15T07:02:38","guid":{"rendered":"https:\/\/skaitytaknyga.lt\/?post_type=product&#038;p=18872"},"modified":"2025-06-26T14:45:38","modified_gmt":"2025-06-26T11:45:38","slug":"kaip-susikurti-norima-tikrove","status":"publish","type":"product","link":"https:\/\/skaitytaknyga.lt\/en\/produktas\/kaip-susikurti-norima-tikrove\/","title":{"rendered":"Kaip susikurti norim\u0105 tikrov\u0119"},"content":{"rendered":"<p>Knygos \u201eKaip sukurti norim\u0105 tikrov\u0119\u201c autorius Viljamas Atkinsonas (Wiliam Walker Atkinson) vienas pirm\u0173j\u0173 Vakar\u0173 pasaulyje \u0117m\u0117 kalb\u0117ti, kad \u017emogus, pasitelk\u0119s minties traukos j\u0117g\u0105, gali pats kurti savo tikrov\u0119. Drauge su garsiais savo laiko ra\u0161ytojais, filosofais ir intelektualais jis organizavo \u201eNaujosios minties\u201c jud\u0117jim\u0105.<\/p>\n<p>Sujung\u0119 Ryt\u0173 filosofij\u0105 su krik\u0161\u010dionyb\u0117s doktrinomis, jie suk\u016br\u0117 savit\u0105 saviugdos sistem\u0105 ir i\u0161populiarino id\u0117j\u0105, kad tikrojo dvasingumo tikslas yra pad\u0117ti \u017emogui spr\u0119sti realias kasdienyb\u0117s problemas. B\u016btent \u201eNaujosios minties\u201c jud\u0117jimas pasi\u016bl\u0117 vizualizacijos, afirmacijos, min\u010di\u0173 energijos kaupimo bei kitas technikas, kurios pripa\u017e\u012fstamos bei reikalingos \u017emon\u0117ms ir m\u016bs\u0173 dienomis. Viljamas Atkinsonas yra daugiau kaip \u0161imto knyg\u0173 autorius.<\/p>\n<p>\u201eMes nuolat spinduliuojame \u012f aplink\u0105 silpnesnes ar stipresnes mintis ir paskui renkame savo mentalinio veiksmo vaisius. Tuos vaisius mums sukuria min\u010di\u0173 traukos j\u0117ga. M\u016bs\u0173 mintys pritraukia kit\u0173 \u017emoni\u0173 mintis ir pa\u010dius \u017emones, formuoja \u012fvairias situacijas, sukuria palankias ar nepalankias aplinkybes, padeda siekti s\u0117km\u0117s ar \u012fstumia \u012f nes\u0117km\u0119. Viskas priklauso nuo dominuojan\u010di\u0173 min\u010di\u0173.\u201c<\/p>\n<p>William W. Atkinson<\/p>\n","protected":false},"excerpt":{"rendered":"<p>Knygos \u201eKaip sukurti norim\u0105 tikrov\u0119\u201c autorius Viljamas Atkinsonas (Wiliam Walker Atkinson) vienas pirm\u0173j\u0173 Vakar\u0173 pasaulyje \u0117m\u0117 kalb\u0117ti, kad \u017emogus, pasitelk\u0119s minties traukos j\u0117g\u0105, gali pats kurti savo tikrov\u0119. Drauge su garsiais savo laiko ra\u0161ytojais, filosofais ir intelektualais jis organizavo \u201eNaujosios minties\u201c jud\u0117jim\u0105. Sujung\u0119 Ryt\u0173 filosofij\u0105 su krik\u0161\u010dionyb\u0117s doktrinomis, jie suk\u016br\u0117 savit\u0105 saviugdos sistem\u0105 ir i\u0161populiarino id\u0117j\u0105, kad tikrojo dvasingumo tikslas yra pad\u0117ti \u017emogui spr\u0119sti realias kasdienyb\u0117s problemas. B\u016btent \u201eNaujosios minties\u201c jud\u0117jimas pasi\u016bl\u0117 vizualizacijos, afirmacijos, min\u010di\u0173 energijos kaupimo bei kitas technikas, kurios pripa\u017e\u012fstamos bei reikalingos \u017emon\u0117ms ir m\u016bs\u0173 dienomis. Viljamas Atkinsonas yra daugiau kaip \u0161imto knyg\u0173 autorius. \u201eMes nuolat spinduliuojame \u012f aplink\u0105 silpnesnes ar stipresnes mintis ir paskui renkame savo mentalinio veiksmo vaisius. Tuos vaisius mums sukuria min\u010di\u0173 traukos j\u0117ga. M\u016bs\u0173 mintys pritraukia kit\u0173 \u017emoni\u0173 mintis ir pa\u010dius \u017emones, formuoja \u012fvairias situacijas, sukuria palankias ar nepalankias aplinkybes, padeda siekti s\u0117km\u0117s ar \u012fstumia \u012f nes\u0117km\u0119. Viskas priklauso nuo dominuojan\u010di\u0173 min\u010di\u0173.\u201c William W. Atkinson<\/p>\n","protected":false},"featured_media":18877,"comment_status":"open","ping_status":"closed","template":"","meta":{"_acf_changed":false,"site-sidebar-layout":"default","site-content-layout":"","ast-site-content-layout":"default","site-content-style":"default","site-sidebar-style":"default","ast-global-header-display":"","ast-banner-title-visibility":"","ast-main-header-display":"","ast-hfb-above-header-display":"","ast-hfb-below-header-display":"","ast-hfb-mobile-header-display":"","site-post-title":"","ast-breadcrumbs-content":"","ast-featured-img":"","footer-sml-layout":"","ast-disable-related-posts":"","theme-transparent-header-meta":"","adv-header-id-meta":"","stick-header-meta":"","header-above-stick-meta":"","header-main-stick-meta":"","header-below-stick-meta":"","astra-migrate-meta-layouts":"default","ast-page-background-enabled":"default","ast-page-background-meta":{"desktop":{"background-color":"","background-image":"","background-repeat":"repeat","background-position":"center center","background-size":"auto","background-attachment":"scroll","background-type":"","background-media":"","overlay-type":"","overlay-color":"","overlay-opacity":"","overlay-gradient":""},"tablet":{"background-color":"","background-image":"","background-repeat":"repeat","background-position":"center center","background-size":"auto","background-attachment":"scroll","background-type":"","background-media":"","overlay-type":"","overlay-color":"","overlay-opacity":"","overlay-gradient":""},"mobile":{"background-color":"","background-image":"","background-repeat":"repeat","background-position":"center center","background-size":"auto","background-attachment":"scroll","background-type":"","background-media":"","overlay-type":"","overlay-color":"","overlay-opacity":"","overlay-gradient":""}},"ast-content-background-meta":{"desktop":{"background-color":"var(--ast-global-color-4)","background-image":"","background-repeat":"repeat","background-position":"center center","background-size":"auto","background-attachment":"scroll","background-type":"","background-media":"","overlay-type":"","overlay-color":"","overlay-opacity":"","overlay-gradient":""},"tablet":{"background-color":"var(--ast-global-color-4)","background-image":"","background-repeat":"repeat","background-position":"center center","background-size":"auto","background-attachment":"scroll","background-type":"","background-media":"","overlay-type":"","overlay-color":"","overlay-opacity":"","overlay-gradient":""},"mobile":{"background-color":"var(--ast-global-color-4)","background-image":"","background-repeat":"repeat","background-position":"center center","background-size":"auto","background-attachment":"scroll","background-type":"","background-media":"","overlay-type":"","overlay-color":"","overlay-opacity":"","overlay-gradient":""}}},"product_brand":[],"product_cat":[15],"product_tag":[3509,5346,1396,5347,5348],"class_list":{"0":"post-18872","1":"product","2":"type-product","3":"status-publish","4":"has-post-thumbnail","6":"product_cat-uncategorized","7":"product_tag-dvasingumas","8":"product_tag-minciu-galia","9":"product_tag-saviugda","10":"product_tag-traukos-desnis","11":"product_tag-william-walker-atkinson","12":"desktop-align-left","13":"tablet-align-left","14":"mobile-align-left","16":"first","17":"instock","18":"shipping-taxable","19":"purchasable","20":"product-type-simple"},"acf":[],"yoast_head":"<!-- This site is optimized with the Yoast SEO plugin v27.0 - https:\/\/yoast.com\/product\/yoast-seo-wordpress\/ -->\n<title>Kaip susikurti norim\u0105 tikrov\u0119<\/title>\n<meta name=\"description\" content=\"Knygos \u201eKaip sukurti norim\u0105 tikrov\u0119\u201c autorius Viljamas Atkinsonas (Wiliam Walker Atkinson) vienas pirm\u0173j\u0173 Vakar\u0173 pasaulyje \u0117m\u0117 kalb\u0117ti, kad \u017emogus,\" \/>\n<meta name=\"robots\" content=\"index, follow, max-snippet:-1, max-image-preview:large, max-video-preview:-1\" \/>\n<link rel=\"canonical\" href=\"https:\/\/skaitytaknyga.lt\/en\/produktas\/kaip-susikurti-norima-tikrove\/\" \/>\n<meta property=\"og:locale\" content=\"en_GB\" \/>\n<meta property=\"og:locale:alternate\" content=\"lt_LT\" \/>\n<meta property=\"og:type\" content=\"article\" \/>\n<meta property=\"og:title\" content=\"Kaip susikurti norim\u0105 tikrov\u0119\" \/>\n<meta property=\"og:description\" content=\"Knygos \u201eKaip sukurti norim\u0105 tikrov\u0119\u201c autorius Viljamas Atkinsonas (Wiliam Walker Atkinson) vienas pirm\u0173j\u0173 Vakar\u0173 pasaulyje \u0117m\u0117 kalb\u0117ti, kad \u017emogus,\" \/>\n<meta property=\"og:url\" content=\"https:\/\/skaitytaknyga.lt\/en\/produktas\/kaip-susikurti-norima-tikrove\/\" \/>\n<meta property=\"og:site_name\" content=\"Skaitytaknyga\" \/>\n<meta property=\"article:publisher\" content=\"https:\/\/www.facebook.com\/skaitytaknyga\/\" \/>\n<meta property=\"article:modified_time\" content=\"2025-06-26T11:45:38+00:00\" \/>\n<meta property=\"og:image\" content=\"https:\/\/skaitytaknyga.lt\/wp-content\/uploads\/2025\/06\/Kaip-susikurti-norima-tikrove.jpg\" \/>\n\t<meta property=\"og:image:width\" content=\"311\" \/>\n\t<meta property=\"og:image:height\" content=\"450\" \/>\n\t<meta property=\"og:image:type\" content=\"image\/jpeg\" \/>\n<meta name=\"twitter:card\" content=\"summary_large_image\" \/>\n<meta name=\"twitter:label1\" content=\"Estimated reading time\" \/>\n\t<meta name=\"twitter:data1\" content=\"1 minute\" \/>\n<script type=\"application\/ld+json\" class=\"yoast-schema-graph\">{\"@context\":\"https:\/\/schema.org\",\"@graph\":[{\"@type\":\"WebPage\",\"@id\":\"https:\/\/skaitytaknyga.lt\/produktas\/kaip-susikurti-norima-tikrove\/\",\"url\":\"https:\/\/skaitytaknyga.lt\/produktas\/kaip-susikurti-norima-tikrove\/\",\"name\":\"Kaip susikurti norim\u0105 tikrov\u0119\",\"isPartOf\":{\"@id\":\"https:\/\/skaitytaknyga.lt\/#website\"},\"primaryImageOfPage\":{\"@id\":\"https:\/\/skaitytaknyga.lt\/produktas\/kaip-susikurti-norima-tikrove\/#primaryimage\"},\"image\":{\"@id\":\"https:\/\/skaitytaknyga.lt\/produktas\/kaip-susikurti-norima-tikrove\/#primaryimage\"},\"thumbnailUrl\":\"https:\/\/skaitytaknyga.lt\/wp-content\/uploads\/2025\/06\/Kaip-susikurti-norima-tikrove.jpg\",\"datePublished\":\"2025-06-15T07:02:38+00:00\",\"dateModified\":\"2025-06-26T11:45:38+00:00\",\"description\":\"Knygos \u201eKaip sukurti norim\u0105 tikrov\u0119\u201c autorius Viljamas Atkinsonas (Wiliam Walker Atkinson) vienas pirm\u0173j\u0173 Vakar\u0173 pasaulyje \u0117m\u0117 kalb\u0117ti, kad \u017emogus,\",\"breadcrumb\":{\"@id\":\"https:\/\/skaitytaknyga.lt\/produktas\/kaip-susikurti-norima-tikrove\/#breadcrumb\"},\"inLanguage\":\"en-GB\",\"potentialAction\":[{\"@type\":\"ReadAction\",\"target\":[\"https:\/\/skaitytaknyga.lt\/produktas\/kaip-susikurti-norima-tikrove\/\"]}]},{\"@type\":\"ImageObject\",\"inLanguage\":\"en-GB\",\"@id\":\"https:\/\/skaitytaknyga.lt\/produktas\/kaip-susikurti-norima-tikrove\/#primaryimage\",\"url\":\"https:\/\/skaitytaknyga.lt\/wp-content\/uploads\/2025\/06\/Kaip-susikurti-norima-tikrove.jpg\",\"contentUrl\":\"https:\/\/skaitytaknyga.lt\/wp-content\/uploads\/2025\/06\/Kaip-susikurti-norima-tikrove.jpg\",\"width\":311,\"height\":450,\"caption\":\"Kaip susikurti norim\u0105 tikrov\u0119\"},{\"@type\":\"BreadcrumbList\",\"@id\":\"https:\/\/skaitytaknyga.lt\/produktas\/kaip-susikurti-norima-tikrove\/#breadcrumb\",\"itemListElement\":[{\"@type\":\"ListItem\",\"position\":1,\"name\":\"Home\",\"item\":\"https:\/\/skaitytaknyga.lt\/\"},{\"@type\":\"ListItem\",\"position\":2,\"name\":\"Parduotuv\u0117\",\"item\":\"https:\/\/skaitytaknyga.lt\/knygu-parduotuve\/\"},{\"@type\":\"ListItem\",\"position\":3,\"name\":\"Kaip susikurti norim\u0105 tikrov\u0119\"}]},{\"@type\":\"WebSite\",\"@id\":\"https:\/\/skaitytaknyga.lt\/#website\",\"url\":\"https:\/\/skaitytaknyga.lt\/\",\"name\":\"skaitytaknyga.lt\",\"description\":\"Skaitytaknyga.lt \u2013 tai ma\u017eas \u0161eimos verslas, kuris prasid\u0117jo nuo meil\u0117s knygoms ir siekio i\u0161gelb\u0117ti knygas nuo likimo prie konteinerio. Kas vienam nereikalingas daiktas \u2013 kitam lobis, o mes esame tarpininkai, kurie padeda abiems tapti laimingesniems ???? \u017dinome kaip nelengva i\u0161gyventi ma\u017eiems verslams, tad nuo \u0161iol, \u010dia rasite ir kit\u0173, ma\u017e\u0173 \u0161eim\u0173 versl\u0173, rank\u0173 darbo, dovan\u0173 sau ir artimiesiems.\",\"publisher\":{\"@id\":\"https:\/\/skaitytaknyga.lt\/#organization\"},\"potentialAction\":[{\"@type\":\"SearchAction\",\"target\":{\"@type\":\"EntryPoint\",\"urlTemplate\":\"https:\/\/skaitytaknyga.lt\/?s={search_term_string}\"},\"query-input\":{\"@type\":\"PropertyValueSpecification\",\"valueRequired\":true,\"valueName\":\"search_term_string\"}}],\"inLanguage\":\"en-GB\"},{\"@type\":\"Organization\",\"@id\":\"https:\/\/skaitytaknyga.lt\/#organization\",\"name\":\"skaitytaknyga.lt\",\"url\":\"https:\/\/skaitytaknyga.lt\/\",\"logo\":{\"@type\":\"ImageObject\",\"inLanguage\":\"en-GB\",\"@id\":\"https:\/\/skaitytaknyga.lt\/#\/schema\/logo\/image\/\",\"url\":\"https:\/\/skaitytaknyga.lt\/wp-content\/uploads\/2024\/05\/cropped-cropped-cropped-02_00843_jt3bggkj1j3HLc7SyY6rEUpg.jpeg\",\"contentUrl\":\"https:\/\/skaitytaknyga.lt\/wp-content\/uploads\/2024\/05\/cropped-cropped-cropped-02_00843_jt3bggkj1j3HLc7SyY6rEUpg.jpeg\",\"width\":1600,\"height\":1600,\"caption\":\"skaitytaknyga.lt\"},\"image\":{\"@id\":\"https:\/\/skaitytaknyga.lt\/#\/schema\/logo\/image\/\"},\"sameAs\":[\"https:\/\/www.facebook.com\/skaitytaknyga\/\"]}]}<\/script>\n<!-- \/ Yoast SEO plugin. -->","yoast_head_json":{"title":"Kaip susikurti norim\u0105 tikrov\u0119","description":"Knygos \u201eKaip sukurti norim\u0105 tikrov\u0119\u201c autorius Viljamas Atkinsonas (Wiliam Walker Atkinson) vienas pirm\u0173j\u0173 Vakar\u0173 pasaulyje \u0117m\u0117 kalb\u0117ti, kad \u017emogus,","robots":{"index":"index","follow":"follow","max-snippet":"max-snippet:-1","max-image-preview":"max-image-preview:large","max-video-preview":"max-video-preview:-1"},"canonical":"https:\/\/skaitytaknyga.lt\/en\/produktas\/kaip-susikurti-norima-tikrove\/","og_locale":"en_GB","og_type":"article","og_title":"[:lt]Kaip susikurti norim\u0105 tikrov\u0119[:] - Skaitytaknyga","og_description":"Knygos \u201eKaip sukurti norim\u0105 tikrov\u0119\u201c autorius Viljamas Atkinsonas (Wiliam Walker Atkinson) vienas pirm\u0173j\u0173 Vakar\u0173 pasaulyje \u0117m\u0117 kalb\u0117ti, kad \u017emogus,","og_url":"https:\/\/skaitytaknyga.lt\/en\/produktas\/kaip-susikurti-norima-tikrove\/","og_site_name":"Skaitytaknyga","article_publisher":"https:\/\/www.facebook.com\/skaitytaknyga\/","article_modified_time":"2025-06-26T11:45:38+00:00","og_image":[{"width":311,"height":450,"url":"https:\/\/skaitytaknyga.lt\/wp-content\/uploads\/2025\/06\/Kaip-susikurti-norima-tikrove.jpg","type":"image\/jpeg"}],"twitter_card":"summary_large_image","twitter_misc":{"Estimated reading time":"1 minute"},"schema":{"@context":"https:\/\/schema.org","@graph":[{"@type":"WebPage","@id":"https:\/\/skaitytaknyga.lt\/produktas\/kaip-susikurti-norima-tikrove\/","url":"https:\/\/skaitytaknyga.lt\/produktas\/kaip-susikurti-norima-tikrove\/","name":"Kaip susikurti norim\u0105 tikrov\u0119","isPartOf":{"@id":"https:\/\/skaitytaknyga.lt\/#website"},"primaryImageOfPage":{"@id":"https:\/\/skaitytaknyga.lt\/produktas\/kaip-susikurti-norima-tikrove\/#primaryimage"},"image":{"@id":"https:\/\/skaitytaknyga.lt\/produktas\/kaip-susikurti-norima-tikrove\/#primaryimage"},"thumbnailUrl":"https:\/\/skaitytaknyga.lt\/wp-content\/uploads\/2025\/06\/Kaip-susikurti-norima-tikrove.jpg","datePublished":"2025-06-15T07:02:38+00:00","dateModified":"2025-06-26T11:45:38+00:00","description":"Knygos \u201eKaip sukurti norim\u0105 tikrov\u0119\u201c autorius Viljamas Atkinsonas (Wiliam Walker Atkinson) vienas pirm\u0173j\u0173 Vakar\u0173 pasaulyje \u0117m\u0117 kalb\u0117ti, kad \u017emogus,","breadcrumb":{"@id":"https:\/\/skaitytaknyga.lt\/produktas\/kaip-susikurti-norima-tikrove\/#breadcrumb"},"inLanguage":"en-GB","potentialAction":[{"@type":"ReadAction","target":["https:\/\/skaitytaknyga.lt\/produktas\/kaip-susikurti-norima-tikrove\/"]}]},{"@type":"ImageObject","inLanguage":"en-GB","@id":"https:\/\/skaitytaknyga.lt\/produktas\/kaip-susikurti-norima-tikrove\/#primaryimage","url":"https:\/\/skaitytaknyga.lt\/wp-content\/uploads\/2025\/06\/Kaip-susikurti-norima-tikrove.jpg","contentUrl":"https:\/\/skaitytaknyga.lt\/wp-content\/uploads\/2025\/06\/Kaip-susikurti-norima-tikrove.jpg","width":311,"height":450,"caption":"Kaip susikurti norim\u0105 tikrov\u0119"},{"@type":"BreadcrumbList","@id":"https:\/\/skaitytaknyga.lt\/produktas\/kaip-susikurti-norima-tikrove\/#breadcrumb","itemListElement":[{"@type":"ListItem","position":1,"name":"Home","item":"https:\/\/skaitytaknyga.lt\/"},{"@type":"ListItem","position":2,"name":"Parduotuv\u0117","item":"https:\/\/skaitytaknyga.lt\/knygu-parduotuve\/"},{"@type":"ListItem","position":3,"name":"Kaip susikurti norim\u0105 tikrov\u0119"}]},{"@type":"WebSite","@id":"https:\/\/skaitytaknyga.lt\/#website","url":"https:\/\/skaitytaknyga.lt\/","name":"skaitytaknyga.lt","description":"Skaitytaknyga.lt \u2013 tai ma\u017eas \u0161eimos verslas, kuris prasid\u0117jo nuo meil\u0117s knygoms ir siekio i\u0161gelb\u0117ti knygas nuo likimo prie konteinerio. Kas vienam nereikalingas daiktas \u2013 kitam lobis, o mes esame tarpininkai, kurie padeda abiems tapti laimingesniems ???? \u017dinome kaip nelengva i\u0161gyventi ma\u017eiems verslams, tad nuo \u0161iol, \u010dia rasite ir kit\u0173, ma\u017e\u0173 \u0161eim\u0173 versl\u0173, rank\u0173 darbo, dovan\u0173 sau ir artimiesiems.","publisher":{"@id":"https:\/\/skaitytaknyga.lt\/#organization"},"potentialAction":[{"@type":"SearchAction","target":{"@type":"EntryPoint","urlTemplate":"https:\/\/skaitytaknyga.lt\/?s={search_term_string}"},"query-input":{"@type":"PropertyValueSpecification","valueRequired":true,"valueName":"search_term_string"}}],"inLanguage":"en-GB"},{"@type":"Organization","@id":"https:\/\/skaitytaknyga.lt\/#organization","name":"skaitytaknyga.lt","url":"https:\/\/skaitytaknyga.lt\/","logo":{"@type":"ImageObject","inLanguage":"en-GB","@id":"https:\/\/skaitytaknyga.lt\/#\/schema\/logo\/image\/","url":"https:\/\/skaitytaknyga.lt\/wp-content\/uploads\/2024\/05\/cropped-cropped-cropped-02_00843_jt3bggkj1j3HLc7SyY6rEUpg.jpeg","contentUrl":"https:\/\/skaitytaknyga.lt\/wp-content\/uploads\/2024\/05\/cropped-cropped-cropped-02_00843_jt3bggkj1j3HLc7SyY6rEUpg.jpeg","width":1600,"height":1600,"caption":"skaitytaknyga.lt"},"image":{"@id":"https:\/\/skaitytaknyga.lt\/#\/schema\/logo\/image\/"},"sameAs":["https:\/\/www.facebook.com\/skaitytaknyga\/"]}]}},"_links":{"self":[{"href":"https:\/\/skaitytaknyga.lt\/en\/wp-json\/wp\/v2\/product\/18872","targetHints":{"allow":["GET"]}}],"collection":[{"href":"https:\/\/skaitytaknyga.lt\/en\/wp-json\/wp\/v2\/product"}],"about":[{"href":"https:\/\/skaitytaknyga.lt\/en\/wp-json\/wp\/v2\/types\/product"}],"replies":[{"embeddable":true,"href":"https:\/\/skaitytaknyga.lt\/en\/wp-json\/wp\/v2\/comments?post=18872"}],"wp:featuredmedia":[{"embeddable":true,"href":"https:\/\/skaitytaknyga.lt\/en\/wp-json\/wp\/v2\/media\/18877"}],"wp:attachment":[{"href":"https:\/\/skaitytaknyga.lt\/en\/wp-json\/wp\/v2\/media?parent=18872"}],"wp:term":[{"taxonomy":"product_brand","embeddable":true,"href":"https:\/\/skaitytaknyga.lt\/en\/wp-json\/wp\/v2\/product_brand?post=18872"},{"taxonomy":"product_cat","embeddable":true,"href":"https:\/\/skaitytaknyga.lt\/en\/wp-json\/wp\/v2\/product_cat?post=18872"},{"taxonomy":"product_tag","embeddable":true,"href":"https:\/\/skaitytaknyga.lt\/en\/wp-json\/wp\/v2\/product_tag?post=18872"}],"curies":[{"name":"wp","href":"https:\/\/api.w.org\/{rel}","templated":true}]}}