{"id":18865,"date":"2025-06-14T11:56:28","date_gmt":"2025-06-14T08:56:28","guid":{"rendered":"https:\/\/skaitytaknyga.lt\/?post_type=product&#038;p=18865"},"modified":"2025-06-14T11:58:01","modified_gmt":"2025-06-14T08:58:01","slug":"geri-darbai-gamtai-kopija","status":"publish","type":"product","link":"https:\/\/skaitytaknyga.lt\/en\/produktas\/geri-darbai-gamtai-kopija\/","title":{"rendered":"Gamtos met\u0173 ratas"},"content":{"rendered":"<p>Pasuk GAMTOS MET\u0172 RAT\u0104 \u2013 tav\u0119s laukia ne\u012ftik\u0117tina kelion\u0117!<\/p>\n<p>Gamtininkas ir ra\u0161ytojas Selemonas Paltanavi\u010dius kvie\u010dia atskleisti Lietuvos gamtos paslaptis, keliaujant met\u0173 laik\u0173 ratu. \u0160iame gausiai iliustruotame gamtos pa\u017einimo vadove autorius pasakoja apie kiekvieno m\u0117nesio ypatumus, siun\u010dia trumpas \u017einutes, u\u017eduoda klausimus ir \u012f juos atsako, kvie\u010dia atlikti nuotaikingus met\u0173 laik\u0173 darbelius ir&#8230; u\u017era\u0161o pokalbius su gamtoje sutiktais gyv\u016bnais! Dvylikos m\u0117nesi\u0173 nuotraukos perkels \u012f trumpus Selemono Paltanavi\u010diaus filmuotus vaizdo \u012fra\u0161us, kurie atgys skaitytoj\u0173 i\u0161maniuosiuose \u012frenginiuose program\u0117l\u0117je \u201eMet\u0173 ratas&#8221;. Ma\u017eieji klausytojai, skaitantys vaikai, suaugusieji \u2013 kiekvienas \u0161ioje knygoje atras savo m\u0117gstamiausi\u0105 pasakojim\u0105, \u017einut\u0119, nuotrauk\u0105 ar iliustracij\u0105.<\/p>\n<p>Kaip naudotis program\u0117le \u201eMet\u0173 ratas&#8221;.<br \/>\n1. \u012e savo i\u0161man\u0173j\u012f \u012frengin\u012f atsisi\u0173skite nemokam\u0105 program\u0117l\u0119 \u201eMet\u0173 ratas&#8221; i\u0161 \u201eGoogle play&#8221; arba \u201eApp store&#8221; internetini\u0173 parduotuvi\u0173.<br \/>\n2. Knygos puslapyje prie kiekvieno m\u0117nesio pavadinimo rasite rodykle pa\u017eym\u0117t\u0105 nuotrauk\u0105 su vaizdo \u012fra\u0161u.<br \/>\n3. Program\u0117l\u0117je pasirinkite atitinkam\u0105 met\u0173 laik\u0105 ir nukreipkite \u012frenginio kamer\u0105 vir\u0161 nuotraukos. Ekrane pamatysite nuotrauk\u0105 papildant\u012f trump\u0105 vaizdo \u012fra\u0161\u0105.<\/p>\n","protected":false},"excerpt":{"rendered":"<p>Pasuk GAMTOS MET\u0172 RAT\u0104 \u2013 tav\u0119s laukia ne\u012ftik\u0117tina kelion\u0117! Gamtininkas ir ra\u0161ytojas Selemonas Paltanavi\u010dius kvie\u010dia atskleisti Lietuvos gamtos paslaptis, keliaujant met\u0173 laik\u0173 ratu. \u0160iame gausiai iliustruotame gamtos pa\u017einimo vadove autorius pasakoja apie kiekvieno m\u0117nesio ypatumus, siun\u010dia trumpas \u017einutes, u\u017eduoda klausimus ir \u012f juos atsako, kvie\u010dia atlikti nuotaikingus met\u0173 laik\u0173 darbelius ir&#8230; u\u017era\u0161o pokalbius su gamtoje sutiktais gyv\u016bnais! Dvylikos m\u0117nesi\u0173 nuotraukos perkels \u012f trumpus Selemono Paltanavi\u010diaus filmuotus vaizdo \u012fra\u0161us, kurie atgys skaitytoj\u0173 i\u0161maniuosiuose \u012frenginiuose program\u0117l\u0117je \u201eMet\u0173 ratas&#8221;. Ma\u017eieji klausytojai, skaitantys vaikai, suaugusieji \u2013 kiekvienas \u0161ioje knygoje atras savo m\u0117gstamiausi\u0105 pasakojim\u0105, \u017einut\u0119, nuotrauk\u0105 ar iliustracij\u0105. Kaip naudotis program\u0117le \u201eMet\u0173 ratas&#8221;. 1. \u012e savo i\u0161man\u0173j\u012f \u012frengin\u012f atsisi\u0173skite nemokam\u0105 program\u0117l\u0119 \u201eMet\u0173 ratas&#8221; i\u0161 \u201eGoogle play&#8221; arba \u201eApp store&#8221; internetini\u0173 parduotuvi\u0173. 2. Knygos puslapyje prie kiekvieno m\u0117nesio pavadinimo rasite rodykle pa\u017eym\u0117t\u0105 nuotrauk\u0105 su vaizdo \u012fra\u0161u. 3. Program\u0117l\u0117je pasirinkite atitinkam\u0105 met\u0173 laik\u0105 ir nukreipkite \u012frenginio kamer\u0105 vir\u0161 nuotraukos. Ekrane pamatysite nuotrauk\u0105 papildant\u012f trump\u0105 vaizdo \u012fra\u0161\u0105.<\/p>\n","protected":false},"featured_media":18866,"comment_status":"open","ping_status":"closed","template":"","meta":{"_acf_changed":false,"site-sidebar-layout":"default","site-content-layout":"","ast-site-content-layout":"default","site-content-style":"default","site-sidebar-style":"default","ast-global-header-display":"","ast-banner-title-visibility":"","ast-main-header-display":"","ast-hfb-above-header-display":"","ast-hfb-below-header-display":"","ast-hfb-mobile-header-display":"","site-post-title":"","ast-breadcrumbs-content":"","ast-featured-img":"","footer-sml-layout":"","ast-disable-related-posts":"","theme-transparent-header-meta":"","adv-header-id-meta":"","stick-header-meta":"","header-above-stick-meta":"","header-main-stick-meta":"","header-below-stick-meta":"","astra-migrate-meta-layouts":"default","ast-page-background-enabled":"default","ast-page-background-meta":{"desktop":{"background-color":"","background-image":"","background-repeat":"repeat","background-position":"center center","background-size":"auto","background-attachment":"scroll","background-type":"","background-media":"","overlay-type":"","overlay-color":"","overlay-opacity":"","overlay-gradient":""},"tablet":{"background-color":"","background-image":"","background-repeat":"repeat","background-position":"center center","background-size":"auto","background-attachment":"scroll","background-type":"","background-media":"","overlay-type":"","overlay-color":"","overlay-opacity":"","overlay-gradient":""},"mobile":{"background-color":"","background-image":"","background-repeat":"repeat","background-position":"center center","background-size":"auto","background-attachment":"scroll","background-type":"","background-media":"","overlay-type":"","overlay-color":"","overlay-opacity":"","overlay-gradient":""}},"ast-content-background-meta":{"desktop":{"background-color":"var(--ast-global-color-4)","background-image":"","background-repeat":"repeat","background-position":"center center","background-size":"auto","background-attachment":"scroll","background-type":"","background-media":"","overlay-type":"","overlay-color":"","overlay-opacity":"","overlay-gradient":""},"tablet":{"background-color":"var(--ast-global-color-4)","background-image":"","background-repeat":"repeat","background-position":"center center","background-size":"auto","background-attachment":"scroll","background-type":"","background-media":"","overlay-type":"","overlay-color":"","overlay-opacity":"","overlay-gradient":""},"mobile":{"background-color":"var(--ast-global-color-4)","background-image":"","background-repeat":"repeat","background-position":"center center","background-size":"auto","background-attachment":"scroll","background-type":"","background-media":"","overlay-type":"","overlay-color":"","overlay-opacity":"","overlay-gradient":""}}},"product_brand":[],"product_cat":[15],"product_tag":[1802,4599,4600,4589,1785],"class_list":{"0":"post-18865","1":"product","2":"type-product","3":"status-publish","4":"has-post-thumbnail","6":"product_cat-uncategorized","7":"product_tag-gamta","8":"product_tag-gamtosauga","9":"product_tag-mokiniams","10":"product_tag-selemonas-paltanavicius","11":"product_tag-vaikams","12":"desktop-align-left","13":"tablet-align-left","14":"mobile-align-left","16":"first","17":"instock","18":"shipping-taxable","19":"purchasable","20":"product-type-simple"},"acf":[],"yoast_head":"<!-- This site is optimized with the Yoast SEO plugin v27.0 - https:\/\/yoast.com\/product\/yoast-seo-wordpress\/ -->\n<title>Gamtos met\u0173 ratas<\/title>\n<meta name=\"description\" content=\"Pasuk GAMTOS MET\u0172 RAT\u0104 \u2013 tav\u0119s laukia ne\u012ftik\u0117tina kelion\u0117! Gamtininkas ir ra\u0161ytojas Selemonas Paltanavi\u010dius kvie\u010dia atskleisti Lietuvos gamtos paslaptis,\" \/>\n<meta name=\"robots\" content=\"index, follow, max-snippet:-1, max-image-preview:large, max-video-preview:-1\" \/>\n<link rel=\"canonical\" href=\"https:\/\/skaitytaknyga.lt\/en\/produktas\/geri-darbai-gamtai-kopija\/\" \/>\n<meta property=\"og:locale\" content=\"en_GB\" \/>\n<meta property=\"og:locale:alternate\" content=\"lt_LT\" \/>\n<meta property=\"og:type\" content=\"article\" \/>\n<meta property=\"og:title\" content=\"Gamtos met\u0173 ratas\" \/>\n<meta property=\"og:description\" content=\"Pasuk GAMTOS MET\u0172 RAT\u0104 \u2013 tav\u0119s laukia ne\u012ftik\u0117tina kelion\u0117! Gamtininkas ir ra\u0161ytojas Selemonas Paltanavi\u010dius kvie\u010dia atskleisti Lietuvos gamtos paslaptis,\" \/>\n<meta property=\"og:url\" content=\"https:\/\/skaitytaknyga.lt\/en\/produktas\/geri-darbai-gamtai-kopija\/\" \/>\n<meta property=\"og:site_name\" content=\"Skaitytaknyga\" \/>\n<meta property=\"article:publisher\" content=\"https:\/\/www.facebook.com\/skaitytaknyga\/\" \/>\n<meta property=\"article:modified_time\" content=\"2025-06-14T08:58:01+00:00\" \/>\n<meta property=\"og:image\" content=\"https:\/\/skaitytaknyga.lt\/wp-content\/uploads\/2025\/06\/Gamtos-metu-ratas.jpg\" \/>\n\t<meta property=\"og:image:width\" content=\"500\" \/>\n\t<meta property=\"og:image:height\" content=\"568\" \/>\n\t<meta property=\"og:image:type\" content=\"image\/jpeg\" \/>\n<meta name=\"twitter:card\" content=\"summary_large_image\" \/>\n<meta name=\"twitter:label1\" content=\"Estimated reading time\" \/>\n\t<meta name=\"twitter:data1\" content=\"1 minute\" \/>\n<script type=\"application\/ld+json\" class=\"yoast-schema-graph\">{\"@context\":\"https:\/\/schema.org\",\"@graph\":[{\"@type\":\"WebPage\",\"@id\":\"https:\/\/skaitytaknyga.lt\/produktas\/geri-darbai-gamtai-kopija\/\",\"url\":\"https:\/\/skaitytaknyga.lt\/produktas\/geri-darbai-gamtai-kopija\/\",\"name\":\"Gamtos met\u0173 ratas\",\"isPartOf\":{\"@id\":\"https:\/\/skaitytaknyga.lt\/#website\"},\"primaryImageOfPage\":{\"@id\":\"https:\/\/skaitytaknyga.lt\/produktas\/geri-darbai-gamtai-kopija\/#primaryimage\"},\"image\":{\"@id\":\"https:\/\/skaitytaknyga.lt\/produktas\/geri-darbai-gamtai-kopija\/#primaryimage\"},\"thumbnailUrl\":\"https:\/\/skaitytaknyga.lt\/wp-content\/uploads\/2025\/06\/Gamtos-metu-ratas.jpg\",\"datePublished\":\"2025-06-14T08:56:28+00:00\",\"dateModified\":\"2025-06-14T08:58:01+00:00\",\"description\":\"Pasuk GAMTOS MET\u0172 RAT\u0104 \u2013 tav\u0119s laukia ne\u012ftik\u0117tina kelion\u0117! Gamtininkas ir ra\u0161ytojas Selemonas Paltanavi\u010dius kvie\u010dia atskleisti Lietuvos gamtos paslaptis,\",\"breadcrumb\":{\"@id\":\"https:\/\/skaitytaknyga.lt\/produktas\/geri-darbai-gamtai-kopija\/#breadcrumb\"},\"inLanguage\":\"en-GB\",\"potentialAction\":[{\"@type\":\"ReadAction\",\"target\":[\"https:\/\/skaitytaknyga.lt\/produktas\/geri-darbai-gamtai-kopija\/\"]}]},{\"@type\":\"ImageObject\",\"inLanguage\":\"en-GB\",\"@id\":\"https:\/\/skaitytaknyga.lt\/produktas\/geri-darbai-gamtai-kopija\/#primaryimage\",\"url\":\"https:\/\/skaitytaknyga.lt\/wp-content\/uploads\/2025\/06\/Gamtos-metu-ratas.jpg\",\"contentUrl\":\"https:\/\/skaitytaknyga.lt\/wp-content\/uploads\/2025\/06\/Gamtos-metu-ratas.jpg\",\"width\":500,\"height\":568,\"caption\":\"Gamtos met\u0173 ratas Selemonas Paltanavi\u010dius\"},{\"@type\":\"BreadcrumbList\",\"@id\":\"https:\/\/skaitytaknyga.lt\/produktas\/geri-darbai-gamtai-kopija\/#breadcrumb\",\"itemListElement\":[{\"@type\":\"ListItem\",\"position\":1,\"name\":\"Home\",\"item\":\"https:\/\/skaitytaknyga.lt\/\"},{\"@type\":\"ListItem\",\"position\":2,\"name\":\"Parduotuv\u0117\",\"item\":\"https:\/\/skaitytaknyga.lt\/knygu-parduotuve\/\"},{\"@type\":\"ListItem\",\"position\":3,\"name\":\"Gamtos met\u0173 ratas\"}]},{\"@type\":\"WebSite\",\"@id\":\"https:\/\/skaitytaknyga.lt\/#website\",\"url\":\"https:\/\/skaitytaknyga.lt\/\",\"name\":\"skaitytaknyga.lt\",\"description\":\"Skaitytaknyga.lt \u2013 tai ma\u017eas \u0161eimos verslas, kuris prasid\u0117jo nuo meil\u0117s knygoms ir siekio i\u0161gelb\u0117ti knygas nuo likimo prie konteinerio. Kas vienam nereikalingas daiktas \u2013 kitam lobis, o mes esame tarpininkai, kurie padeda abiems tapti laimingesniems ???? \u017dinome kaip nelengva i\u0161gyventi ma\u017eiems verslams, tad nuo \u0161iol, \u010dia rasite ir kit\u0173, ma\u017e\u0173 \u0161eim\u0173 versl\u0173, rank\u0173 darbo, dovan\u0173 sau ir artimiesiems.\",\"publisher\":{\"@id\":\"https:\/\/skaitytaknyga.lt\/#organization\"},\"potentialAction\":[{\"@type\":\"SearchAction\",\"target\":{\"@type\":\"EntryPoint\",\"urlTemplate\":\"https:\/\/skaitytaknyga.lt\/?s={search_term_string}\"},\"query-input\":{\"@type\":\"PropertyValueSpecification\",\"valueRequired\":true,\"valueName\":\"search_term_string\"}}],\"inLanguage\":\"en-GB\"},{\"@type\":\"Organization\",\"@id\":\"https:\/\/skaitytaknyga.lt\/#organization\",\"name\":\"skaitytaknyga.lt\",\"url\":\"https:\/\/skaitytaknyga.lt\/\",\"logo\":{\"@type\":\"ImageObject\",\"inLanguage\":\"en-GB\",\"@id\":\"https:\/\/skaitytaknyga.lt\/#\/schema\/logo\/image\/\",\"url\":\"https:\/\/skaitytaknyga.lt\/wp-content\/uploads\/2024\/05\/cropped-cropped-cropped-02_00843_jt3bggkj1j3HLc7SyY6rEUpg.jpeg\",\"contentUrl\":\"https:\/\/skaitytaknyga.lt\/wp-content\/uploads\/2024\/05\/cropped-cropped-cropped-02_00843_jt3bggkj1j3HLc7SyY6rEUpg.jpeg\",\"width\":1600,\"height\":1600,\"caption\":\"skaitytaknyga.lt\"},\"image\":{\"@id\":\"https:\/\/skaitytaknyga.lt\/#\/schema\/logo\/image\/\"},\"sameAs\":[\"https:\/\/www.facebook.com\/skaitytaknyga\/\"]}]}<\/script>\n<!-- \/ Yoast SEO plugin. -->","yoast_head_json":{"title":"Gamtos met\u0173 ratas","description":"Pasuk GAMTOS MET\u0172 RAT\u0104 \u2013 tav\u0119s laukia ne\u012ftik\u0117tina kelion\u0117! Gamtininkas ir ra\u0161ytojas Selemonas Paltanavi\u010dius kvie\u010dia atskleisti Lietuvos gamtos paslaptis,","robots":{"index":"index","follow":"follow","max-snippet":"max-snippet:-1","max-image-preview":"max-image-preview:large","max-video-preview":"max-video-preview:-1"},"canonical":"https:\/\/skaitytaknyga.lt\/en\/produktas\/geri-darbai-gamtai-kopija\/","og_locale":"en_GB","og_type":"article","og_title":"[:lt]Gamtos met\u0173 ratas[:] - Skaitytaknyga","og_description":"Pasuk GAMTOS MET\u0172 RAT\u0104 \u2013 tav\u0119s laukia ne\u012ftik\u0117tina kelion\u0117! Gamtininkas ir ra\u0161ytojas Selemonas Paltanavi\u010dius kvie\u010dia atskleisti Lietuvos gamtos paslaptis,","og_url":"https:\/\/skaitytaknyga.lt\/en\/produktas\/geri-darbai-gamtai-kopija\/","og_site_name":"Skaitytaknyga","article_publisher":"https:\/\/www.facebook.com\/skaitytaknyga\/","article_modified_time":"2025-06-14T08:58:01+00:00","og_image":[{"width":500,"height":568,"url":"https:\/\/skaitytaknyga.lt\/wp-content\/uploads\/2025\/06\/Gamtos-metu-ratas.jpg","type":"image\/jpeg"}],"twitter_card":"summary_large_image","twitter_misc":{"Estimated reading time":"1 minute"},"schema":{"@context":"https:\/\/schema.org","@graph":[{"@type":"WebPage","@id":"https:\/\/skaitytaknyga.lt\/produktas\/geri-darbai-gamtai-kopija\/","url":"https:\/\/skaitytaknyga.lt\/produktas\/geri-darbai-gamtai-kopija\/","name":"Gamtos met\u0173 ratas","isPartOf":{"@id":"https:\/\/skaitytaknyga.lt\/#website"},"primaryImageOfPage":{"@id":"https:\/\/skaitytaknyga.lt\/produktas\/geri-darbai-gamtai-kopija\/#primaryimage"},"image":{"@id":"https:\/\/skaitytaknyga.lt\/produktas\/geri-darbai-gamtai-kopija\/#primaryimage"},"thumbnailUrl":"https:\/\/skaitytaknyga.lt\/wp-content\/uploads\/2025\/06\/Gamtos-metu-ratas.jpg","datePublished":"2025-06-14T08:56:28+00:00","dateModified":"2025-06-14T08:58:01+00:00","description":"Pasuk GAMTOS MET\u0172 RAT\u0104 \u2013 tav\u0119s laukia ne\u012ftik\u0117tina kelion\u0117! Gamtininkas ir ra\u0161ytojas Selemonas Paltanavi\u010dius kvie\u010dia atskleisti Lietuvos gamtos paslaptis,","breadcrumb":{"@id":"https:\/\/skaitytaknyga.lt\/produktas\/geri-darbai-gamtai-kopija\/#breadcrumb"},"inLanguage":"en-GB","potentialAction":[{"@type":"ReadAction","target":["https:\/\/skaitytaknyga.lt\/produktas\/geri-darbai-gamtai-kopija\/"]}]},{"@type":"ImageObject","inLanguage":"en-GB","@id":"https:\/\/skaitytaknyga.lt\/produktas\/geri-darbai-gamtai-kopija\/#primaryimage","url":"https:\/\/skaitytaknyga.lt\/wp-content\/uploads\/2025\/06\/Gamtos-metu-ratas.jpg","contentUrl":"https:\/\/skaitytaknyga.lt\/wp-content\/uploads\/2025\/06\/Gamtos-metu-ratas.jpg","width":500,"height":568,"caption":"Gamtos met\u0173 ratas Selemonas Paltanavi\u010dius"},{"@type":"BreadcrumbList","@id":"https:\/\/skaitytaknyga.lt\/produktas\/geri-darbai-gamtai-kopija\/#breadcrumb","itemListElement":[{"@type":"ListItem","position":1,"name":"Home","item":"https:\/\/skaitytaknyga.lt\/"},{"@type":"ListItem","position":2,"name":"Parduotuv\u0117","item":"https:\/\/skaitytaknyga.lt\/knygu-parduotuve\/"},{"@type":"ListItem","position":3,"name":"Gamtos met\u0173 ratas"}]},{"@type":"WebSite","@id":"https:\/\/skaitytaknyga.lt\/#website","url":"https:\/\/skaitytaknyga.lt\/","name":"skaitytaknyga.lt","description":"Skaitytaknyga.lt \u2013 tai ma\u017eas \u0161eimos verslas, kuris prasid\u0117jo nuo meil\u0117s knygoms ir siekio i\u0161gelb\u0117ti knygas nuo likimo prie konteinerio. Kas vienam nereikalingas daiktas \u2013 kitam lobis, o mes esame tarpininkai, kurie padeda abiems tapti laimingesniems ???? \u017dinome kaip nelengva i\u0161gyventi ma\u017eiems verslams, tad nuo \u0161iol, \u010dia rasite ir kit\u0173, ma\u017e\u0173 \u0161eim\u0173 versl\u0173, rank\u0173 darbo, dovan\u0173 sau ir artimiesiems.","publisher":{"@id":"https:\/\/skaitytaknyga.lt\/#organization"},"potentialAction":[{"@type":"SearchAction","target":{"@type":"EntryPoint","urlTemplate":"https:\/\/skaitytaknyga.lt\/?s={search_term_string}"},"query-input":{"@type":"PropertyValueSpecification","valueRequired":true,"valueName":"search_term_string"}}],"inLanguage":"en-GB"},{"@type":"Organization","@id":"https:\/\/skaitytaknyga.lt\/#organization","name":"skaitytaknyga.lt","url":"https:\/\/skaitytaknyga.lt\/","logo":{"@type":"ImageObject","inLanguage":"en-GB","@id":"https:\/\/skaitytaknyga.lt\/#\/schema\/logo\/image\/","url":"https:\/\/skaitytaknyga.lt\/wp-content\/uploads\/2024\/05\/cropped-cropped-cropped-02_00843_jt3bggkj1j3HLc7SyY6rEUpg.jpeg","contentUrl":"https:\/\/skaitytaknyga.lt\/wp-content\/uploads\/2024\/05\/cropped-cropped-cropped-02_00843_jt3bggkj1j3HLc7SyY6rEUpg.jpeg","width":1600,"height":1600,"caption":"skaitytaknyga.lt"},"image":{"@id":"https:\/\/skaitytaknyga.lt\/#\/schema\/logo\/image\/"},"sameAs":["https:\/\/www.facebook.com\/skaitytaknyga\/"]}]}},"_links":{"self":[{"href":"https:\/\/skaitytaknyga.lt\/en\/wp-json\/wp\/v2\/product\/18865","targetHints":{"allow":["GET"]}}],"collection":[{"href":"https:\/\/skaitytaknyga.lt\/en\/wp-json\/wp\/v2\/product"}],"about":[{"href":"https:\/\/skaitytaknyga.lt\/en\/wp-json\/wp\/v2\/types\/product"}],"replies":[{"embeddable":true,"href":"https:\/\/skaitytaknyga.lt\/en\/wp-json\/wp\/v2\/comments?post=18865"}],"wp:featuredmedia":[{"embeddable":true,"href":"https:\/\/skaitytaknyga.lt\/en\/wp-json\/wp\/v2\/media\/18866"}],"wp:attachment":[{"href":"https:\/\/skaitytaknyga.lt\/en\/wp-json\/wp\/v2\/media?parent=18865"}],"wp:term":[{"taxonomy":"product_brand","embeddable":true,"href":"https:\/\/skaitytaknyga.lt\/en\/wp-json\/wp\/v2\/product_brand?post=18865"},{"taxonomy":"product_cat","embeddable":true,"href":"https:\/\/skaitytaknyga.lt\/en\/wp-json\/wp\/v2\/product_cat?post=18865"},{"taxonomy":"product_tag","embeddable":true,"href":"https:\/\/skaitytaknyga.lt\/en\/wp-json\/wp\/v2\/product_tag?post=18865"}],"curies":[{"name":"wp","href":"https:\/\/api.w.org\/{rel}","templated":true}]}}