{"id":18861,"date":"2025-06-14T11:53:49","date_gmt":"2025-06-14T08:53:49","guid":{"rendered":"https:\/\/skaitytaknyga.lt\/?post_type=product&#038;p=18861"},"modified":"2025-06-26T14:45:38","modified_gmt":"2025-06-26T11:45:38","slug":"pasakos","status":"publish","type":"product","link":"https:\/\/skaitytaknyga.lt\/en\/produktas\/pasakos\/","title":{"rendered":"Pasakos"},"content":{"rendered":"<p>Vaikams nuo 4 met\u0173.<\/p>\n<p>Triu\u0161elis Petriukas jau \u012flindo \u012f pono Makgregoro dar\u017e\u0105, kur jam u\u017edraud\u0117 rodytis mama; ant\u012f Janin\u0105 u\u017ekalbino gudrusis ponas Lapinas; o ma\u017eieji ka\u010diukai, mamos puo\u0161niai aprengti, \u0117m\u0117 d\u016bkti sode&#8230; Kuo visa tai baigsis? Paskub\u0117k atsiversti nuotyki\u0173 kupin\u0105 knyg\u0105 ir su\u017einosi!<\/p>\n<p>Beatrix Potter \u201ePasakos&#8221; \u2013 laiko i\u0161bandym\u0105 atlaikiusi vaik\u0173 literat\u016bros klasika. \u017daismingos, subtilaus humoro ir nuotyki\u0173 nestokojan\u010dios pasakos artimos ma\u017e\u0173j\u0173 pasauliui, tod\u0117l \u012ftraukia nuo pirm\u0173j\u0173 puslapi\u0173, o ry\u0161k\u016bs veik\u0117jai ir vertingos pamokos \u012fsimena ilgam.<\/p>\n<p>\u201ePasakos&#8221;:<\/p>\n<p>\u2022 Pasakose daug \u012fvyki\u0173, nuotyki\u0173, netik\u0117t\u0173 situacij\u0173, tod\u0117l jos prikausto vaik\u0173 d\u0117mes\u012f;<br \/>\n\u2022 Pasak\u0173 veik\u0117jai ry\u0161k\u016bs ir \u012fsimenantys;<br \/>\n\u2022 Yra \u017eaisming\u0173 eiliuot\u0173 intarp\u0173, m\u012fsli\u0173;<br \/>\n\u2022 Vaik\u0173 literat\u016bros klasika pripa\u017e\u012fstama knyga ugdo menin\u012f skon\u012f;<br \/>\n\u2022 Itin puo\u0161nus klasikini\u0173 pasak\u0173 leidimas.<\/p>\n<p>Beatrix Potter (1866\u20131943) \u2013 angl\u0173 ra\u0161ytoja ir iliustruotoja, jos knygos laikomos pasauline paveiksl\u0117li\u0173 knyg\u0173 klasika ir skaitomos vaik\u0173 jau daugiau nei 100 met\u0173! Jos pasak\u0173 pasaulis artimas ma\u017eiems vaikams, jame daug nuotyki\u0173, \u017eaidim\u0173, humoro, vienas kitas prasmingas pamokymas. \u017dymiausias k\u016brinys \u2013 \u201ePasaka apie triu\u0161el\u012f Petriuk\u0105&#8221;, pagal j\u0105 pastatytas Holivudo filmas, o su triu\u0161elio atvaizdu sukurta daugyb\u0117 \u012fvairi\u0173 suvenyr\u0173 ir daikt\u0173.<\/p>\n","protected":false},"excerpt":{"rendered":"<p>Vaikams nuo 4 met\u0173. Triu\u0161elis Petriukas jau \u012flindo \u012f pono Makgregoro dar\u017e\u0105, kur jam u\u017edraud\u0117 rodytis mama; ant\u012f Janin\u0105 u\u017ekalbino gudrusis ponas Lapinas; o ma\u017eieji ka\u010diukai, mamos puo\u0161niai aprengti, \u0117m\u0117 d\u016bkti sode&#8230; Kuo visa tai baigsis? Paskub\u0117k atsiversti nuotyki\u0173 kupin\u0105 knyg\u0105 ir su\u017einosi! Beatrix Potter \u201ePasakos&#8221; \u2013 laiko i\u0161bandym\u0105 atlaikiusi vaik\u0173 literat\u016bros klasika. \u017daismingos, subtilaus humoro ir nuotyki\u0173 nestokojan\u010dios pasakos artimos ma\u017e\u0173j\u0173 pasauliui, tod\u0117l \u012ftraukia nuo pirm\u0173j\u0173 puslapi\u0173, o ry\u0161k\u016bs veik\u0117jai ir vertingos pamokos \u012fsimena ilgam. \u201ePasakos&#8221;: \u2022 Pasakose daug \u012fvyki\u0173, nuotyki\u0173, netik\u0117t\u0173 situacij\u0173, tod\u0117l jos prikausto vaik\u0173 d\u0117mes\u012f; \u2022 Pasak\u0173 veik\u0117jai ry\u0161k\u016bs ir \u012fsimenantys; \u2022 Yra \u017eaisming\u0173 eiliuot\u0173 intarp\u0173, m\u012fsli\u0173; \u2022 Vaik\u0173 literat\u016bros klasika pripa\u017e\u012fstama knyga ugdo menin\u012f skon\u012f; \u2022 Itin puo\u0161nus klasikini\u0173 pasak\u0173 leidimas. Beatrix Potter (1866\u20131943) \u2013 angl\u0173 ra\u0161ytoja ir iliustruotoja, jos knygos laikomos pasauline paveiksl\u0117li\u0173 knyg\u0173 klasika ir skaitomos vaik\u0173 jau daugiau nei 100 met\u0173! Jos pasak\u0173 pasaulis artimas ma\u017eiems vaikams, jame daug nuotyki\u0173, \u017eaidim\u0173, humoro, vienas kitas prasmingas pamokymas. \u017dymiausias k\u016brinys \u2013 \u201ePasaka apie triu\u0161el\u012f Petriuk\u0105&#8221;, pagal j\u0105 pastatytas Holivudo filmas, o su triu\u0161elio atvaizdu sukurta daugyb\u0117 \u012fvairi\u0173 suvenyr\u0173 ir daikt\u0173.<\/p>\n","protected":false},"featured_media":18868,"comment_status":"open","ping_status":"closed","template":"","meta":{"_acf_changed":false,"site-sidebar-layout":"default","site-content-layout":"","ast-site-content-layout":"default","site-content-style":"default","site-sidebar-style":"default","ast-global-header-display":"","ast-banner-title-visibility":"","ast-main-header-display":"","ast-hfb-above-header-display":"","ast-hfb-below-header-display":"","ast-hfb-mobile-header-display":"","site-post-title":"","ast-breadcrumbs-content":"","ast-featured-img":"","footer-sml-layout":"","ast-disable-related-posts":"","theme-transparent-header-meta":"","adv-header-id-meta":"","stick-header-meta":"","header-above-stick-meta":"","header-main-stick-meta":"","header-below-stick-meta":"","astra-migrate-meta-layouts":"default","ast-page-background-enabled":"default","ast-page-background-meta":{"desktop":{"background-color":"","background-image":"","background-repeat":"repeat","background-position":"center center","background-size":"auto","background-attachment":"scroll","background-type":"","background-media":"","overlay-type":"","overlay-color":"","overlay-opacity":"","overlay-gradient":""},"tablet":{"background-color":"","background-image":"","background-repeat":"repeat","background-position":"center center","background-size":"auto","background-attachment":"scroll","background-type":"","background-media":"","overlay-type":"","overlay-color":"","overlay-opacity":"","overlay-gradient":""},"mobile":{"background-color":"","background-image":"","background-repeat":"repeat","background-position":"center center","background-size":"auto","background-attachment":"scroll","background-type":"","background-media":"","overlay-type":"","overlay-color":"","overlay-opacity":"","overlay-gradient":""}},"ast-content-background-meta":{"desktop":{"background-color":"var(--ast-global-color-4)","background-image":"","background-repeat":"repeat","background-position":"center center","background-size":"auto","background-attachment":"scroll","background-type":"","background-media":"","overlay-type":"","overlay-color":"","overlay-opacity":"","overlay-gradient":""},"tablet":{"background-color":"var(--ast-global-color-4)","background-image":"","background-repeat":"repeat","background-position":"center center","background-size":"auto","background-attachment":"scroll","background-type":"","background-media":"","overlay-type":"","overlay-color":"","overlay-opacity":"","overlay-gradient":""},"mobile":{"background-color":"var(--ast-global-color-4)","background-image":"","background-repeat":"repeat","background-position":"center center","background-size":"auto","background-attachment":"scroll","background-type":"","background-media":"","overlay-type":"","overlay-color":"","overlay-opacity":"","overlay-gradient":""}}},"product_brand":[],"product_cat":[15],"product_tag":[5342,2054,1437,1451,1785],"class_list":{"0":"post-18861","1":"product","2":"type-product","3":"status-publish","4":"has-post-thumbnail","6":"product_cat-uncategorized","7":"product_tag-beatrix-potter","8":"product_tag-gyvunai","9":"product_tag-klasika","10":"product_tag-nuotykiai","11":"product_tag-vaikams","12":"desktop-align-left","13":"tablet-align-left","14":"mobile-align-left","16":"first","17":"instock","18":"shipping-taxable","19":"purchasable","20":"product-type-simple"},"acf":[],"yoast_head":"<!-- This site is optimized with the Yoast SEO plugin v27.0 - https:\/\/yoast.com\/product\/yoast-seo-wordpress\/ -->\n<title>Pasakos<\/title>\n<meta name=\"description\" content=\"Vaikams nuo 4 met\u0173. Triu\u0161elis Petriukas jau \u012flindo \u012f pono Makgregoro dar\u017e\u0105, kur jam u\u017edraud\u0117 rodytis mama; ant\u012f Janin\u0105 u\u017ekalbino gudrusis ponas Lapinas; o\" \/>\n<meta name=\"robots\" content=\"index, follow, max-snippet:-1, max-image-preview:large, max-video-preview:-1\" \/>\n<link rel=\"canonical\" href=\"https:\/\/skaitytaknyga.lt\/en\/produktas\/pasakos\/\" \/>\n<meta property=\"og:locale\" content=\"en_GB\" \/>\n<meta property=\"og:locale:alternate\" content=\"lt_LT\" \/>\n<meta property=\"og:type\" content=\"article\" \/>\n<meta property=\"og:title\" content=\"Pasakos\" \/>\n<meta property=\"og:description\" content=\"Vaikams nuo 4 met\u0173. Triu\u0161elis Petriukas jau \u012flindo \u012f pono Makgregoro dar\u017e\u0105, kur jam u\u017edraud\u0117 rodytis mama; ant\u012f Janin\u0105 u\u017ekalbino gudrusis ponas Lapinas; o\" \/>\n<meta property=\"og:url\" content=\"https:\/\/skaitytaknyga.lt\/en\/produktas\/pasakos\/\" \/>\n<meta property=\"og:site_name\" content=\"Skaitytaknyga\" \/>\n<meta property=\"article:publisher\" content=\"https:\/\/www.facebook.com\/skaitytaknyga\/\" \/>\n<meta property=\"article:modified_time\" content=\"2025-06-26T11:45:38+00:00\" \/>\n<meta property=\"og:image\" content=\"https:\/\/skaitytaknyga.lt\/wp-content\/uploads\/2025\/06\/Pasakos.webp\" \/>\n\t<meta property=\"og:image:width\" content=\"461\" \/>\n\t<meta property=\"og:image:height\" content=\"600\" \/>\n\t<meta property=\"og:image:type\" content=\"image\/webp\" \/>\n<meta name=\"twitter:card\" content=\"summary_large_image\" \/>\n<meta name=\"twitter:label1\" content=\"Estimated reading time\" \/>\n\t<meta name=\"twitter:data1\" content=\"1 minute\" \/>\n<script type=\"application\/ld+json\" class=\"yoast-schema-graph\">{\"@context\":\"https:\/\/schema.org\",\"@graph\":[{\"@type\":\"WebPage\",\"@id\":\"https:\/\/skaitytaknyga.lt\/produktas\/pasakos\/\",\"url\":\"https:\/\/skaitytaknyga.lt\/produktas\/pasakos\/\",\"name\":\"Pasakos\",\"isPartOf\":{\"@id\":\"https:\/\/skaitytaknyga.lt\/#website\"},\"primaryImageOfPage\":{\"@id\":\"https:\/\/skaitytaknyga.lt\/produktas\/pasakos\/#primaryimage\"},\"image\":{\"@id\":\"https:\/\/skaitytaknyga.lt\/produktas\/pasakos\/#primaryimage\"},\"thumbnailUrl\":\"https:\/\/skaitytaknyga.lt\/wp-content\/uploads\/2025\/06\/Pasakos.webp\",\"datePublished\":\"2025-06-14T08:53:49+00:00\",\"dateModified\":\"2025-06-26T11:45:38+00:00\",\"description\":\"Vaikams nuo 4 met\u0173. Triu\u0161elis Petriukas jau \u012flindo \u012f pono Makgregoro dar\u017e\u0105, kur jam u\u017edraud\u0117 rodytis mama; ant\u012f Janin\u0105 u\u017ekalbino gudrusis ponas Lapinas; o\",\"breadcrumb\":{\"@id\":\"https:\/\/skaitytaknyga.lt\/produktas\/pasakos\/#breadcrumb\"},\"inLanguage\":\"en-GB\",\"potentialAction\":[{\"@type\":\"ReadAction\",\"target\":[\"https:\/\/skaitytaknyga.lt\/produktas\/pasakos\/\"]}]},{\"@type\":\"ImageObject\",\"inLanguage\":\"en-GB\",\"@id\":\"https:\/\/skaitytaknyga.lt\/produktas\/pasakos\/#primaryimage\",\"url\":\"https:\/\/skaitytaknyga.lt\/wp-content\/uploads\/2025\/06\/Pasakos.webp\",\"contentUrl\":\"https:\/\/skaitytaknyga.lt\/wp-content\/uploads\/2025\/06\/Pasakos.webp\",\"width\":461,\"height\":600},{\"@type\":\"BreadcrumbList\",\"@id\":\"https:\/\/skaitytaknyga.lt\/produktas\/pasakos\/#breadcrumb\",\"itemListElement\":[{\"@type\":\"ListItem\",\"position\":1,\"name\":\"Home\",\"item\":\"https:\/\/skaitytaknyga.lt\/\"},{\"@type\":\"ListItem\",\"position\":2,\"name\":\"Parduotuv\u0117\",\"item\":\"https:\/\/skaitytaknyga.lt\/knygu-parduotuve\/\"},{\"@type\":\"ListItem\",\"position\":3,\"name\":\"Pasakos\"}]},{\"@type\":\"WebSite\",\"@id\":\"https:\/\/skaitytaknyga.lt\/#website\",\"url\":\"https:\/\/skaitytaknyga.lt\/\",\"name\":\"skaitytaknyga.lt\",\"description\":\"Skaitytaknyga.lt \u2013 tai ma\u017eas \u0161eimos verslas, kuris prasid\u0117jo nuo meil\u0117s knygoms ir siekio i\u0161gelb\u0117ti knygas nuo likimo prie konteinerio. Kas vienam nereikalingas daiktas \u2013 kitam lobis, o mes esame tarpininkai, kurie padeda abiems tapti laimingesniems ???? \u017dinome kaip nelengva i\u0161gyventi ma\u017eiems verslams, tad nuo \u0161iol, \u010dia rasite ir kit\u0173, ma\u017e\u0173 \u0161eim\u0173 versl\u0173, rank\u0173 darbo, dovan\u0173 sau ir artimiesiems.\",\"publisher\":{\"@id\":\"https:\/\/skaitytaknyga.lt\/#organization\"},\"potentialAction\":[{\"@type\":\"SearchAction\",\"target\":{\"@type\":\"EntryPoint\",\"urlTemplate\":\"https:\/\/skaitytaknyga.lt\/?s={search_term_string}\"},\"query-input\":{\"@type\":\"PropertyValueSpecification\",\"valueRequired\":true,\"valueName\":\"search_term_string\"}}],\"inLanguage\":\"en-GB\"},{\"@type\":\"Organization\",\"@id\":\"https:\/\/skaitytaknyga.lt\/#organization\",\"name\":\"skaitytaknyga.lt\",\"url\":\"https:\/\/skaitytaknyga.lt\/\",\"logo\":{\"@type\":\"ImageObject\",\"inLanguage\":\"en-GB\",\"@id\":\"https:\/\/skaitytaknyga.lt\/#\/schema\/logo\/image\/\",\"url\":\"https:\/\/skaitytaknyga.lt\/wp-content\/uploads\/2024\/05\/cropped-cropped-cropped-02_00843_jt3bggkj1j3HLc7SyY6rEUpg.jpeg\",\"contentUrl\":\"https:\/\/skaitytaknyga.lt\/wp-content\/uploads\/2024\/05\/cropped-cropped-cropped-02_00843_jt3bggkj1j3HLc7SyY6rEUpg.jpeg\",\"width\":1600,\"height\":1600,\"caption\":\"skaitytaknyga.lt\"},\"image\":{\"@id\":\"https:\/\/skaitytaknyga.lt\/#\/schema\/logo\/image\/\"},\"sameAs\":[\"https:\/\/www.facebook.com\/skaitytaknyga\/\"]}]}<\/script>\n<!-- \/ Yoast SEO plugin. -->","yoast_head_json":{"title":"Pasakos","description":"Vaikams nuo 4 met\u0173. Triu\u0161elis Petriukas jau \u012flindo \u012f pono Makgregoro dar\u017e\u0105, kur jam u\u017edraud\u0117 rodytis mama; ant\u012f Janin\u0105 u\u017ekalbino gudrusis ponas Lapinas; o","robots":{"index":"index","follow":"follow","max-snippet":"max-snippet:-1","max-image-preview":"max-image-preview:large","max-video-preview":"max-video-preview:-1"},"canonical":"https:\/\/skaitytaknyga.lt\/en\/produktas\/pasakos\/","og_locale":"en_GB","og_type":"article","og_title":"[:lt]Pasakos[:] - Skaitytaknyga","og_description":"Vaikams nuo 4 met\u0173. Triu\u0161elis Petriukas jau \u012flindo \u012f pono Makgregoro dar\u017e\u0105, kur jam u\u017edraud\u0117 rodytis mama; ant\u012f Janin\u0105 u\u017ekalbino gudrusis ponas Lapinas; o","og_url":"https:\/\/skaitytaknyga.lt\/en\/produktas\/pasakos\/","og_site_name":"Skaitytaknyga","article_publisher":"https:\/\/www.facebook.com\/skaitytaknyga\/","article_modified_time":"2025-06-26T11:45:38+00:00","og_image":[{"width":461,"height":600,"url":"https:\/\/skaitytaknyga.lt\/wp-content\/uploads\/2025\/06\/Pasakos.webp","type":"image\/webp"}],"twitter_card":"summary_large_image","twitter_misc":{"Estimated reading time":"1 minute"},"schema":{"@context":"https:\/\/schema.org","@graph":[{"@type":"WebPage","@id":"https:\/\/skaitytaknyga.lt\/produktas\/pasakos\/","url":"https:\/\/skaitytaknyga.lt\/produktas\/pasakos\/","name":"Pasakos","isPartOf":{"@id":"https:\/\/skaitytaknyga.lt\/#website"},"primaryImageOfPage":{"@id":"https:\/\/skaitytaknyga.lt\/produktas\/pasakos\/#primaryimage"},"image":{"@id":"https:\/\/skaitytaknyga.lt\/produktas\/pasakos\/#primaryimage"},"thumbnailUrl":"https:\/\/skaitytaknyga.lt\/wp-content\/uploads\/2025\/06\/Pasakos.webp","datePublished":"2025-06-14T08:53:49+00:00","dateModified":"2025-06-26T11:45:38+00:00","description":"Vaikams nuo 4 met\u0173. Triu\u0161elis Petriukas jau \u012flindo \u012f pono Makgregoro dar\u017e\u0105, kur jam u\u017edraud\u0117 rodytis mama; ant\u012f Janin\u0105 u\u017ekalbino gudrusis ponas Lapinas; o","breadcrumb":{"@id":"https:\/\/skaitytaknyga.lt\/produktas\/pasakos\/#breadcrumb"},"inLanguage":"en-GB","potentialAction":[{"@type":"ReadAction","target":["https:\/\/skaitytaknyga.lt\/produktas\/pasakos\/"]}]},{"@type":"ImageObject","inLanguage":"en-GB","@id":"https:\/\/skaitytaknyga.lt\/produktas\/pasakos\/#primaryimage","url":"https:\/\/skaitytaknyga.lt\/wp-content\/uploads\/2025\/06\/Pasakos.webp","contentUrl":"https:\/\/skaitytaknyga.lt\/wp-content\/uploads\/2025\/06\/Pasakos.webp","width":461,"height":600},{"@type":"BreadcrumbList","@id":"https:\/\/skaitytaknyga.lt\/produktas\/pasakos\/#breadcrumb","itemListElement":[{"@type":"ListItem","position":1,"name":"Home","item":"https:\/\/skaitytaknyga.lt\/"},{"@type":"ListItem","position":2,"name":"Parduotuv\u0117","item":"https:\/\/skaitytaknyga.lt\/knygu-parduotuve\/"},{"@type":"ListItem","position":3,"name":"Pasakos"}]},{"@type":"WebSite","@id":"https:\/\/skaitytaknyga.lt\/#website","url":"https:\/\/skaitytaknyga.lt\/","name":"skaitytaknyga.lt","description":"Skaitytaknyga.lt \u2013 tai ma\u017eas \u0161eimos verslas, kuris prasid\u0117jo nuo meil\u0117s knygoms ir siekio i\u0161gelb\u0117ti knygas nuo likimo prie konteinerio. Kas vienam nereikalingas daiktas \u2013 kitam lobis, o mes esame tarpininkai, kurie padeda abiems tapti laimingesniems ???? \u017dinome kaip nelengva i\u0161gyventi ma\u017eiems verslams, tad nuo \u0161iol, \u010dia rasite ir kit\u0173, ma\u017e\u0173 \u0161eim\u0173 versl\u0173, rank\u0173 darbo, dovan\u0173 sau ir artimiesiems.","publisher":{"@id":"https:\/\/skaitytaknyga.lt\/#organization"},"potentialAction":[{"@type":"SearchAction","target":{"@type":"EntryPoint","urlTemplate":"https:\/\/skaitytaknyga.lt\/?s={search_term_string}"},"query-input":{"@type":"PropertyValueSpecification","valueRequired":true,"valueName":"search_term_string"}}],"inLanguage":"en-GB"},{"@type":"Organization","@id":"https:\/\/skaitytaknyga.lt\/#organization","name":"skaitytaknyga.lt","url":"https:\/\/skaitytaknyga.lt\/","logo":{"@type":"ImageObject","inLanguage":"en-GB","@id":"https:\/\/skaitytaknyga.lt\/#\/schema\/logo\/image\/","url":"https:\/\/skaitytaknyga.lt\/wp-content\/uploads\/2024\/05\/cropped-cropped-cropped-02_00843_jt3bggkj1j3HLc7SyY6rEUpg.jpeg","contentUrl":"https:\/\/skaitytaknyga.lt\/wp-content\/uploads\/2024\/05\/cropped-cropped-cropped-02_00843_jt3bggkj1j3HLc7SyY6rEUpg.jpeg","width":1600,"height":1600,"caption":"skaitytaknyga.lt"},"image":{"@id":"https:\/\/skaitytaknyga.lt\/#\/schema\/logo\/image\/"},"sameAs":["https:\/\/www.facebook.com\/skaitytaknyga\/"]}]}},"_links":{"self":[{"href":"https:\/\/skaitytaknyga.lt\/en\/wp-json\/wp\/v2\/product\/18861","targetHints":{"allow":["GET"]}}],"collection":[{"href":"https:\/\/skaitytaknyga.lt\/en\/wp-json\/wp\/v2\/product"}],"about":[{"href":"https:\/\/skaitytaknyga.lt\/en\/wp-json\/wp\/v2\/types\/product"}],"replies":[{"embeddable":true,"href":"https:\/\/skaitytaknyga.lt\/en\/wp-json\/wp\/v2\/comments?post=18861"}],"wp:featuredmedia":[{"embeddable":true,"href":"https:\/\/skaitytaknyga.lt\/en\/wp-json\/wp\/v2\/media\/18868"}],"wp:attachment":[{"href":"https:\/\/skaitytaknyga.lt\/en\/wp-json\/wp\/v2\/media?parent=18861"}],"wp:term":[{"taxonomy":"product_brand","embeddable":true,"href":"https:\/\/skaitytaknyga.lt\/en\/wp-json\/wp\/v2\/product_brand?post=18861"},{"taxonomy":"product_cat","embeddable":true,"href":"https:\/\/skaitytaknyga.lt\/en\/wp-json\/wp\/v2\/product_cat?post=18861"},{"taxonomy":"product_tag","embeddable":true,"href":"https:\/\/skaitytaknyga.lt\/en\/wp-json\/wp\/v2\/product_tag?post=18861"}],"curies":[{"name":"wp","href":"https:\/\/api.w.org\/{rel}","templated":true}]}}